{"id":994,"date":"2021-10-29T11:23:01","date_gmt":"2021-10-29T11:23:01","guid":{"rendered":"https:\/\/www.themetechmount.com\/wordpress\/wilddale\/demo2\/?page_id=994"},"modified":"2025-04-07T16:56:04","modified_gmt":"2025-04-07T14:56:04","slug":"colectie-animale","status":"publish","type":"page","link":"https:\/\/bucurestizoo.ro\/en\/colectie-animale\/","title":{"rendered":"Animal Collection"},"content":{"rendered":"<div data-elementor-type=\"wp-page\" data-elementor-id=\"994\" class=\"elementor elementor-994\" data-elementor-post-type=\"page\">\n\t\t\t\t<div class=\"elementor-element elementor-element-0143215 e-flex e-con-boxed e-con e-parent\" data-id=\"0143215\" data-element_type=\"container\" data-e-type=\"container\">\n\t\t\t\t\t<div class=\"e-con-inner\">\n\t\t\t\t<div class=\"elementor-element elementor-element-676e894 elementor-widget elementor-widget-heading\" data-id=\"676e894\" data-element_type=\"widget\" data-e-type=\"widget\" data-widget_type=\"heading.default\">\n\t\t\t\t<div class=\"elementor-widget-container\">\n\t\t\t\t\t<h3 class=\"elementor-heading-title elementor-size-default\">\nDiscover the Fascinating World of Animals\n<\/h3>\t\t\t\t<\/div>\n\t\t\t\t<\/div>\n\t\t\t\t<div class=\"elementor-element elementor-element-f781e9b elementor-widget__width-inherit elementor-widget elementor-widget-text-editor\" data-id=\"f781e9b\" data-element_type=\"widget\" data-e-type=\"widget\" data-widget_type=\"text-editor.default\">\n\t\t\t\t<div class=\"elementor-widget-container\">\n\t\t\t\t\t\t\t\t\t<div class=\"et_pb_row et_pb_row_8\"><div class=\"et_pb_column et_pb_column_4_4 et_pb_column_20 et_pb_css_mix_blend_mode_passthrough et-last-child\"><div class=\"et_pb_module et_pb_text et_pb_text_11 et_pb_bg_layout_light et_pb_text_align_left\"><div class=\"et_pb_text_inner\"><p>At Bucharest Zoo, you can embark on a unique journey through the wild regions of the world. Here, you'll encounter spectacular animals and learn about their natural habitats, behaviors, and roles within ecosystems.\nIt\u2019s more than just a visit \u2014 it\u2019s an educational experience and an opportunity to support the conservation of endangered species.<\/p><\/div><\/div><\/div><\/div>\t\t\t\t\t\t\t\t<\/div>\n\t\t\t\t<\/div>\n\t\t\t\t\t<\/div>\n\t\t\t\t<\/div>\n\t\t<div class=\"elementor-element elementor-element-3903897b e-con-full e-flex e-con e-parent\" data-id=\"3903897b\" data-element_type=\"container\" data-e-type=\"container\">\n\t\t\t\t<div class=\"elementor-element elementor-element-188b1c05 elementor-cta--skin-cover elementor-cta--valign-bottom elementor-widget__width-initial elementor-invisible elementor-widget elementor-widget-call-to-action\" data-id=\"188b1c05\" data-element_type=\"widget\" data-e-type=\"widget\" data-settings=\"{&quot;_animation&quot;:&quot;fadeInUp&quot;}\" data-widget_type=\"call-to-action.default\">\n\t\t\t\t<div class=\"elementor-widget-container\">\n\t\t\t\t\t\t\t<a class=\"elementor-cta\" href=\"\/en\/colectie-mamifere\/\">\n\t\t\t\t\t<div class=\"elementor-cta__bg-wrapper\">\n\t\t\t\t<div class=\"elementor-cta__bg elementor-bg\" style=\"background-image: url(https:\/\/bucurestizoo.ro\/wp-content\/uploads\/2024\/11\/mamifere.jpg);\" role=\"img\" aria-label=\"mathiasappel@hotmail.com\"><\/div>\n\t\t\t\t<div class=\"elementor-cta__bg-overlay\"><\/div>\n\t\t\t<\/div>\n\t\t\t\t\t\t\t<div class=\"elementor-cta__content\">\n\t\t\t\t\n\t\t\t\t\t\t\t\t\t<span class=\"elementor-cta__title elementor-cta__content-item elementor-content-item\">\n\t\t\t\t\t\tMammals\t\t\t\t\t<\/span>\n\t\t\t\t\n\t\t\t\t\n\t\t\t\t\t\t\t<\/div>\n\t\t\t\t\t\t<\/a>\n\t\t\t\t\t\t<\/div>\n\t\t\t\t<\/div>\n\t\t\t\t<div class=\"elementor-element elementor-element-67cbdf77 elementor-cta--skin-cover elementor-cta--valign-bottom elementor-widget__width-initial elementor-invisible elementor-widget elementor-widget-call-to-action\" data-id=\"67cbdf77\" data-element_type=\"widget\" data-e-type=\"widget\" data-settings=\"{&quot;_animation&quot;:&quot;fadeInUp&quot;,&quot;_animation_delay&quot;:&quot;100&quot;}\" data-widget_type=\"call-to-action.default\">\n\t\t\t\t<div class=\"elementor-widget-container\">\n\t\t\t\t\t\t\t<a class=\"elementor-cta\" href=\"\/en\/colectie-reptile\/\">\n\t\t\t\t\t<div class=\"elementor-cta__bg-wrapper\">\n\t\t\t\t<div class=\"elementor-cta__bg elementor-bg\" style=\"background-image: url(https:\/\/bucurestizoo.ro\/wp-content\/uploads\/2024\/11\/reptile.jpg);\" role=\"img\" aria-label=\"reptile\"><\/div>\n\t\t\t\t<div class=\"elementor-cta__bg-overlay\"><\/div>\n\t\t\t<\/div>\n\t\t\t\t\t\t\t<div class=\"elementor-cta__content\">\n\t\t\t\t\n\t\t\t\t\t\t\t\t\t<span class=\"elementor-cta__title elementor-cta__content-item elementor-content-item\">\n\t\t\t\t\t\tReptiles\t\t\t\t\t<\/span>\n\t\t\t\t\n\t\t\t\t\n\t\t\t\t\t\t\t<\/div>\n\t\t\t\t\t\t<\/a>\n\t\t\t\t\t\t<\/div>\n\t\t\t\t<\/div>\n\t\t\t\t<div class=\"elementor-element elementor-element-d1c40df elementor-cta--skin-cover elementor-cta--valign-bottom elementor-widget__width-initial elementor-invisible elementor-widget elementor-widget-call-to-action\" data-id=\"d1c40df\" data-element_type=\"widget\" data-e-type=\"widget\" data-settings=\"{&quot;_animation&quot;:&quot;fadeInUp&quot;,&quot;_animation_delay&quot;:&quot;200&quot;}\" data-widget_type=\"call-to-action.default\">\n\t\t\t\t<div class=\"elementor-widget-container\">\n\t\t\t\t\t\t\t<a class=\"elementor-cta\" href=\"\/en\/colectie-pesti\/\">\n\t\t\t\t\t<div class=\"elementor-cta__bg-wrapper\">\n\t\t\t\t<div class=\"elementor-cta__bg elementor-bg\" style=\"background-image: url(https:\/\/bucurestizoo.ro\/wp-content\/uploads\/2024\/11\/pesti.jpg);\" role=\"img\" aria-label=\"pesti\"><\/div>\n\t\t\t\t<div class=\"elementor-cta__bg-overlay\"><\/div>\n\t\t\t<\/div>\n\t\t\t\t\t\t\t<div class=\"elementor-cta__content\">\n\t\t\t\t\n\t\t\t\t\t\t\t\t\t<span class=\"elementor-cta__title elementor-cta__content-item elementor-content-item\">\n\t\t\t\t\t\tFish\t\t\t\t\t<\/span>\n\t\t\t\t\n\t\t\t\t\n\t\t\t\t\t\t\t<\/div>\n\t\t\t\t\t\t<\/a>\n\t\t\t\t\t\t<\/div>\n\t\t\t\t<\/div>\n\t\t\t\t<div class=\"elementor-element elementor-element-2138003a elementor-cta--skin-cover elementor-cta--valign-bottom elementor-widget__width-initial elementor-invisible elementor-widget elementor-widget-call-to-action\" data-id=\"2138003a\" data-element_type=\"widget\" data-e-type=\"widget\" data-settings=\"{&quot;_animation&quot;:&quot;fadeInUp&quot;,&quot;_animation_delay&quot;:&quot;300&quot;}\" data-widget_type=\"call-to-action.default\">\n\t\t\t\t<div class=\"elementor-widget-container\">\n\t\t\t\t\t\t\t<a class=\"elementor-cta\" href=\"\/en\/colectie-pasari\/\">\n\t\t\t\t\t<div class=\"elementor-cta__bg-wrapper\">\n\t\t\t\t<div class=\"elementor-cta__bg elementor-bg\" style=\"background-image: url(https:\/\/bucurestizoo.ro\/wp-content\/uploads\/2024\/11\/pasari.jpg);\" role=\"img\" aria-label=\"pasari\"><\/div>\n\t\t\t\t<div class=\"elementor-cta__bg-overlay\"><\/div>\n\t\t\t<\/div>\n\t\t\t\t\t\t\t<div class=\"elementor-cta__content\">\n\t\t\t\t\n\t\t\t\t\t\t\t\t\t<span class=\"elementor-cta__title elementor-cta__content-item elementor-content-item\">\n\t\t\t\t\t\tBirds\t\t\t\t\t<\/span>\n\t\t\t\t\n\t\t\t\t\n\t\t\t\t\t\t\t<\/div>\n\t\t\t\t\t\t<\/a>\n\t\t\t\t\t\t<\/div>\n\t\t\t\t<\/div>\n\t\t\t\t<div class=\"elementor-element elementor-element-2969155b elementor-cta--skin-cover elementor-cta--valign-bottom elementor-widget__width-initial elementor-invisible elementor-widget elementor-widget-call-to-action\" data-id=\"2969155b\" data-element_type=\"widget\" data-e-type=\"widget\" data-settings=\"{&quot;_animation&quot;:&quot;fadeInUp&quot;,&quot;_animation_delay&quot;:&quot;400&quot;}\" data-widget_type=\"call-to-action.default\">\n\t\t\t\t<div class=\"elementor-widget-container\">\n\t\t\t\t\t\t\t<a class=\"elementor-cta\" href=\"\/en\/colectie-amfibieni\/\">\n\t\t\t\t\t<div class=\"elementor-cta__bg-wrapper\">\n\t\t\t\t<div class=\"elementor-cta__bg elementor-bg\" style=\"background-image: url(https:\/\/bucurestizoo.ro\/wp-content\/uploads\/2024\/11\/amfibieni.jpg);\" role=\"img\" aria-label=\"amfibieni\"><\/div>\n\t\t\t\t<div class=\"elementor-cta__bg-overlay\"><\/div>\n\t\t\t<\/div>\n\t\t\t\t\t\t\t<div class=\"elementor-cta__content\">\n\t\t\t\t\n\t\t\t\t\t\t\t\t\t<span class=\"elementor-cta__title elementor-cta__content-item elementor-content-item\">\n\t\t\t\t\t\tAmphibians\t\t\t\t\t<\/span>\n\t\t\t\t\n\t\t\t\t\n\t\t\t\t\t\t\t<\/div>\n\t\t\t\t\t\t<\/a>\n\t\t\t\t\t\t<\/div>\n\t\t\t\t<\/div>\n\t\t\t\t<div class=\"elementor-element elementor-element-741d69de elementor-cta--skin-cover elementor-cta--valign-bottom elementor-widget__width-initial elementor-invisible elementor-widget elementor-widget-call-to-action\" data-id=\"741d69de\" data-element_type=\"widget\" data-e-type=\"widget\" data-settings=\"{&quot;_animation&quot;:&quot;fadeInUp&quot;,&quot;_animation_delay&quot;:&quot;500&quot;}\" data-widget_type=\"call-to-action.default\">\n\t\t\t\t<div class=\"elementor-widget-container\">\n\t\t\t\t\t\t\t<a class=\"elementor-cta\" href=\"\/en\/colectie-nevertebrate\/\">\n\t\t\t\t\t<div class=\"elementor-cta__bg-wrapper\">\n\t\t\t\t<div class=\"elementor-cta__bg elementor-bg\" style=\"background-image: url(https:\/\/bucurestizoo.ro\/wp-content\/uploads\/2024\/11\/nevertebrate.jpg);\" role=\"img\" aria-label=\"nevertebrate\"><\/div>\n\t\t\t\t<div class=\"elementor-cta__bg-overlay\"><\/div>\n\t\t\t<\/div>\n\t\t\t\t\t\t\t<div class=\"elementor-cta__content\">\n\t\t\t\t\n\t\t\t\t\t\t\t\t\t<span class=\"elementor-cta__title elementor-cta__content-item elementor-content-item\">\n\t\t\t\t\t\tInvertebrates\t\t\t\t\t<\/span>\n\t\t\t\t\n\t\t\t\t\n\t\t\t\t\t\t\t<\/div>\n\t\t\t\t\t\t<\/a>\n\t\t\t\t\t\t<\/div>\n\t\t\t\t<\/div>\n\t\t\t\t<\/div>\n\t\t\t\t<\/div>","protected":false},"excerpt":{"rendered":"<p>Descoper\u0103 lumea fascinant\u0103 a animalelor La Gr\u0103dina Zoologic\u0103 Bucure\u0219ti, po\u021bi experimenta o c\u0103l\u0103torie unic\u0103 prin regiunile s\u0103lbatice ale lumii. Aici vei \u00eent\u00e2lni animale spectaculoase \u0219i vei \u00eenv\u0103\u021ba despre habitatele lor naturale, comportamente \u0219i rolul lor \u00een ecosisteme. Este mai mult dec\u00e2t o vizit\u0103, este o experien\u021b\u0103 educativ\u0103 \u0219i un prilej de a sus\u021bine conservarea speciilor &hellip; <a href=\"https:\/\/bucurestizoo.ro\/en\/colectie-animale\/\" class=\"more-link\">Continue reading <span class=\"screen-reader-text\">Animal Collection<\/span><\/a><\/p>","protected":false},"author":1,"featured_media":0,"parent":0,"menu_order":0,"comment_status":"closed","ping_status":"closed","template":"","meta":{"_monsterinsights_skip_tracking":false,"_monsterinsights_sitenote_active":false,"_monsterinsights_sitenote_note":"","_monsterinsights_sitenote_category":0,"footnotes":""},"class_list":["post-994","page","type-page","status-publish","hentry"],"aioseo_notices":[],"_links":{"self":[{"href":"https:\/\/bucurestizoo.ro\/en\/wp-json\/wp\/v2\/pages\/994","targetHints":{"allow":["GET"]}}],"collection":[{"href":"https:\/\/bucurestizoo.ro\/en\/wp-json\/wp\/v2\/pages"}],"about":[{"href":"https:\/\/bucurestizoo.ro\/en\/wp-json\/wp\/v2\/types\/page"}],"author":[{"embeddable":true,"href":"https:\/\/bucurestizoo.ro\/en\/wp-json\/wp\/v2\/users\/1"}],"replies":[{"embeddable":true,"href":"https:\/\/bucurestizoo.ro\/en\/wp-json\/wp\/v2\/comments?post=994"}],"version-history":[{"count":133,"href":"https:\/\/bucurestizoo.ro\/en\/wp-json\/wp\/v2\/pages\/994\/revisions"}],"predecessor-version":[{"id":15297,"href":"https:\/\/bucurestizoo.ro\/en\/wp-json\/wp\/v2\/pages\/994\/revisions\/15297"}],"wp:attachment":[{"href":"https:\/\/bucurestizoo.ro\/en\/wp-json\/wp\/v2\/media?parent=994"}],"curies":[{"name":"wp","href":"https:\/\/api.w.org\/{rel}","templated":true}]}}