{"id":9730,"date":"2021-11-01T05:35:34","date_gmt":"2021-11-01T05:35:34","guid":{"rendered":"https:\/\/www.themetechmount.com\/wordpress\/wilddale\/demo2\/?page_id=9730"},"modified":"2021-11-01T05:35:34","modified_gmt":"2021-11-01T05:35:34","slug":"blog-grid","status":"publish","type":"page","link":"https:\/\/bucurestizoo.ro\/en\/blog-grid\/","title":{"rendered":"Blog Grid"},"content":{"rendered":"<div data-elementor-type=\"wp-page\" data-elementor-id=\"9730\" class=\"elementor elementor-9730\" data-elementor-post-type=\"page\">\n\t\t\t\t\t\t<section class=\"elementor-section elementor-top-section elementor-element elementor-element-11f5269 tm-column-break-ipad-no tm-col-stretched-none elementor-section-boxed elementor-section-height-default elementor-section-height-default\" data-id=\"11f5269\" data-element_type=\"section\" data-e-type=\"section\">\n\t\t\t\t\t\t<div class=\"elementor-container elementor-column-gap-default\">\n\t\t\t\t\t<div class=\"elementor-column elementor-col-100 elementor-top-column elementor-element elementor-element-17d3f90\" data-id=\"17d3f90\" data-element_type=\"column\" data-e-type=\"column\">\n\t\t\t<div class=\"elementor-widget-wrap elementor-element-populated\">\n\t\t\t\t\t\t<div class=\"elementor-element elementor-element-1ed6ee3 tm-align-left elementor-widget elementor-widget-tm_blog_element\" data-id=\"1ed6ee3\" data-element_type=\"widget\" data-e-type=\"widget\" data-widget_type=\"tm_blog_element.default\">\n\t\t\t\t<div class=\"elementor-widget-container\">\n\t\t\t\t\t<div class=\"themetechmount-boxes themetechmount-boxes-blog themetechmount-element-blogbox-style3 themetechmount-boxes-view-default themetechmount-boxes-col-three themetechmount-boxes-gap-30px\" data-tm-show=\"6\" data-tm-loop=\"1\" data-tm-autoplay=\"0\" data-tm-centermode=\"0\" data-tm-nav=\"\" data-tm-dots=\"\" data-tm-slidestoscroll=\"\" data-tm-autoplayspeed=\"4500\" data-tm-margin=\"30px\"><div class=\"themetechmount-boxes-inner\">\n\t\t\t<div class=\"themetechmount-box-heading-wrapper tm-boxwithout-heading\">\n\t\t\t\t<div class=\"tm-element-heading-content-wrapper left-align  tm-seperator-none  tm-heading-style-vertical\"><div class=\"tm-content-header\"><\/div><\/div>\t\t\t\t\t\t\t<\/div>\n\n\t\t\t<div class=\"themetechmount-boxes-row-wrapper row multi-columns-row\">\n\n\t\t\t<div class=\"tm-box-col-wrapper  100-zoo col-lg-4 col-sm-6 col-md-4 col-xs-12\"><article class=\"themetechmount-box themetechmount-box-blog themetechmount-blogbox-stylethree themetechmount-blogbox-format-\">\n\t<div class=\"post-item\">\n\t\t<div class=\"themetechmount-box-content\">\n\t\t\t\n\t\t\t<div class=\"tm-featured-outer-wrapper tm-post-featured-outer-wrapper\">\n\t\t\t\t<div class=\"tm-featured-wrapper tm-post-featured-wrapper tm-post-format-\"><a href=\"https:\/\/bucurestizoo.ro\/en\/mos-nicolae-la-zoo\/\"><img fetchpriority=\"high\" decoding=\"async\" width=\"510\" height=\"510\" src=\"https:\/\/bucurestizoo.ro\/wp-content\/uploads\/2025\/12\/Picture-1-510x510.png\" class=\"attachment-themetechmount-img-blog-top size-themetechmount-img-blog-top wp-post-image\" alt=\"\" srcset=\"https:\/\/bucurestizoo.ro\/wp-content\/uploads\/2025\/12\/Picture-1-510x510.png 510w, https:\/\/bucurestizoo.ro\/wp-content\/uploads\/2025\/12\/Picture-1-300x300.png 300w, https:\/\/bucurestizoo.ro\/wp-content\/uploads\/2025\/12\/Picture-1-150x150.png 150w, https:\/\/bucurestizoo.ro\/wp-content\/uploads\/2025\/12\/Picture-1-12x12.png 12w, https:\/\/bucurestizoo.ro\/wp-content\/uploads\/2025\/12\/Picture-1.png 668w\" sizes=\"(max-width: 510px) 100vw, 510px\" data-id=\"16279\" \/><\/a><\/div>\t\t\t\n\t\t\t\t\t<a class=\"tmmpost-link\" href=\"https:\/\/bucurestizoo.ro\/en\/mos-nicolae-la-zoo\/\" rel=\"bookmark\"><i class=\"tm-wilddale-icon-plus-1\"><\/i><\/a>\n\t\t\t\n\t\t\t<\/div>\t\n\t\t\t\n\t\t\t<div class=\"themetechmount-box-desc\">\n\t\t\t\t<div class=\"tm-blog-post-cat\">\n\t\t\t\t\t\t\t\t\t\t\t<span class=\"tm-meta-line cat-links\"><span class=\"screen-reader-text tm-hide\">Categories <\/span><a href=\"https:\/\/bucurestizoo.ro\/en\/category\/100-zoo\/\" rel=\"category tag\">100% of the zoo<\/a><\/span>\n\t\t\t\t\t\t\t\t\t<\/div>\n\t\t\t\t<div class=\"entry-header\">\n\t\t\t\t\t<div class=\"tm-entry-meta-wrapper\"><div class=\"entry-meta tm-entry-meta tm-entry-meta-blogbox\"><span class=\"tm-meta-line byline\"><i class=\"fa fa-user tm-hide\"><\/i><img alt='' src='https:\/\/secure.gravatar.com\/avatar\/88a6d47692c4188dc9912a3ffda0a4b52a87b4b3cdafb7fdaf726cd87cae086a?s=32&#038;d=mm&#038;r=g' srcset='https:\/\/secure.gravatar.com\/avatar\/88a6d47692c4188dc9912a3ffda0a4b52a87b4b3cdafb7fdaf726cd87cae086a?s=64&#038;d=mm&#038;r=g 2x' class='avatar avatar-32 photo' height='32' width='32' \/><span class=\"author vcard\"><span class=\"screen-reader-text cmt-hide\">Author <\/span><a class=\"url fn n\" href=\"https:\/\/bucurestizoo.ro\/en\/author\/adminzoo\/\">admin<\/a><\/span><\/span><span class=\"tm-meta-line posted-on\"><i class=\"tm-wilddale-icon-calendar-outlilne\"><\/i> <span class=\"screen-reader-text tm-hide\">Posted on <\/span><a href=\"https:\/\/bucurestizoo.ro\/en\/mos-nicolae-la-zoo\/\" rel=\"bookmark\"><span class=\"entry-date published\">08\/12\/2025<\/span><span class=\"updated tm-hide\">11\/12\/2025<\/span><\/a><\/span><\/div><\/div>\t\t\t\t\t<div class=\"themetechmount-box-title\"><h4><a href=\"https:\/\/bucurestizoo.ro\/en\/mos-nicolae-la-zoo\/\">MO\u0218 NICOLAE LA ZOO<\/a><\/h4><\/div>\t\t\t\t\t<div class=\"themetechmount-box-desc-text\">SCOPUL Scopul acestui eveniment a fost acela de a consolida ini\u021biativele edu...<\/div>\t\t\n\t\t\t\t\t<div class=\"themetechmount-blogbox-desc-footer themetechmount-blogbox-footer-readmore\">\n\t\t\t\t\t\t<div class=\"themetechmount-blogbox-footer-left themetechmount-wrap-cell\"><a href=\"https:\/\/bucurestizoo.ro\/en\/mos-nicolae-la-zoo\/\">Read More +<\/a><\/div>\t\t\t\t\t<\/div>\t\t\t\n\t\t\t\t<\/div>\n\t\t\t\t\n\n\t\t\t<\/div>\n        <\/div>\n\t<\/div>\n<\/article><\/div><div class=\"tm-box-col-wrapper  100-zoo col-lg-4 col-sm-6 col-md-4 col-xs-12\"><article class=\"themetechmount-box themetechmount-box-blog themetechmount-blogbox-stylethree themetechmount-blogbox-format-\">\n\t<div class=\"post-item\">\n\t\t<div class=\"themetechmount-box-content\">\n\t\t\t\n\t\t\t<div class=\"tm-featured-outer-wrapper tm-post-featured-outer-wrapper\">\n\t\t\t\t<div class=\"tm-featured-wrapper tm-post-featured-wrapper tm-post-format-\"><a href=\"https:\/\/bucurestizoo.ro\/en\/dovleac-de-leac-si-roadele-pamantului-18-10-2025\/\"><img decoding=\"async\" width=\"356\" height=\"510\" src=\"https:\/\/bucurestizoo.ro\/wp-content\/uploads\/2025\/10\/1-356x510.png\" class=\"attachment-themetechmount-img-blog-top size-themetechmount-img-blog-top wp-post-image\" alt=\"\" srcset=\"https:\/\/bucurestizoo.ro\/wp-content\/uploads\/2025\/10\/1-356x510.png 356w, https:\/\/bucurestizoo.ro\/wp-content\/uploads\/2025\/10\/1-209x300.png 209w, https:\/\/bucurestizoo.ro\/wp-content\/uploads\/2025\/10\/1-8x12.png 8w, https:\/\/bucurestizoo.ro\/wp-content\/uploads\/2025\/10\/1.png 510w\" sizes=\"(max-width: 356px) 100vw, 356px\" data-id=\"16176\" \/><\/a><\/div>\t\t\t\n\t\t\t\t\t<a class=\"tmmpost-link\" href=\"https:\/\/bucurestizoo.ro\/en\/dovleac-de-leac-si-roadele-pamantului-18-10-2025\/\" rel=\"bookmark\"><i class=\"tm-wilddale-icon-plus-1\"><\/i><\/a>\n\t\t\t\n\t\t\t<\/div>\t\n\t\t\t\n\t\t\t<div class=\"themetechmount-box-desc\">\n\t\t\t\t<div class=\"tm-blog-post-cat\">\n\t\t\t\t\t\t\t\t\t\t\t<span class=\"tm-meta-line cat-links\"><span class=\"screen-reader-text tm-hide\">Categories <\/span><a href=\"https:\/\/bucurestizoo.ro\/en\/category\/100-zoo\/\" rel=\"category tag\">100% of the zoo<\/a><\/span>\n\t\t\t\t\t\t\t\t\t<\/div>\n\t\t\t\t<div class=\"entry-header\">\n\t\t\t\t\t<div class=\"tm-entry-meta-wrapper\"><div class=\"entry-meta tm-entry-meta tm-entry-meta-blogbox\"><span class=\"tm-meta-line byline\"><i class=\"fa fa-user tm-hide\"><\/i><img alt='' src='https:\/\/secure.gravatar.com\/avatar\/88a6d47692c4188dc9912a3ffda0a4b52a87b4b3cdafb7fdaf726cd87cae086a?s=32&#038;d=mm&#038;r=g' srcset='https:\/\/secure.gravatar.com\/avatar\/88a6d47692c4188dc9912a3ffda0a4b52a87b4b3cdafb7fdaf726cd87cae086a?s=64&#038;d=mm&#038;r=g 2x' class='avatar avatar-32 photo' height='32' width='32' \/><span class=\"author vcard\"><span class=\"screen-reader-text cmt-hide\">Author <\/span><a class=\"url fn n\" href=\"https:\/\/bucurestizoo.ro\/en\/author\/adminzoo\/\">admin<\/a><\/span><\/span><span class=\"tm-meta-line posted-on\"><i class=\"tm-wilddale-icon-calendar-outlilne\"><\/i> <span class=\"screen-reader-text tm-hide\">Posted on <\/span><a href=\"https:\/\/bucurestizoo.ro\/en\/dovleac-de-leac-si-roadele-pamantului-18-10-2025\/\" rel=\"bookmark\"><span class=\"entry-date published\">18\/10\/2025<\/span><span class=\"updated tm-hide\">29\/10\/2025<\/span><\/a><\/span><\/div><\/div>\t\t\t\t\t<div class=\"themetechmount-box-title\"><h4><a href=\"https:\/\/bucurestizoo.ro\/en\/dovleac-de-leac-si-roadele-pamantului-18-10-2025\/\">DovLEAC de LEAC \u0219i Roadele P\u0103m\u00e2ntului 18.10.2025<\/a><\/h4><\/div>\t\t\t\t\t<div class=\"themetechmount-box-desc-text\">SCOPUL Cea de-a doua edi\u021bie din aceast\u0103 toamn\u0103 a evenimentului \u201eDovLeac...<\/div>\t\t\n\t\t\t\t\t<div class=\"themetechmount-blogbox-desc-footer themetechmount-blogbox-footer-readmore\">\n\t\t\t\t\t\t<div class=\"themetechmount-blogbox-footer-left themetechmount-wrap-cell\"><a href=\"https:\/\/bucurestizoo.ro\/en\/dovleac-de-leac-si-roadele-pamantului-18-10-2025\/\">Read More +<\/a><\/div>\t\t\t\t\t<\/div>\t\t\t\n\t\t\t\t<\/div>\n\t\t\t\t\n\n\t\t\t<\/div>\n        <\/div>\n\t<\/div>\n<\/article><\/div><div class=\"tm-box-col-wrapper  100-zoo col-lg-4 col-sm-6 col-md-4 col-xs-12\"><article class=\"themetechmount-box themetechmount-box-blog themetechmount-blogbox-stylethree themetechmount-blogbox-format-\">\n\t<div class=\"post-item\">\n\t\t<div class=\"themetechmount-box-content\">\n\t\t\t\n\t\t\t<div class=\"tm-featured-outer-wrapper tm-post-featured-outer-wrapper\">\n\t\t\t\t<div class=\"tm-featured-wrapper tm-post-featured-wrapper tm-post-format-\"><a href=\"https:\/\/bucurestizoo.ro\/en\/dovleac-de-leac-si-roadele-pamantului-2\/\"><img decoding=\"async\" width=\"510\" height=\"510\" src=\"https:\/\/bucurestizoo.ro\/wp-content\/uploads\/2025\/10\/Picture-1-510x510.png\" class=\"attachment-themetechmount-img-blog-top size-themetechmount-img-blog-top wp-post-image\" alt=\"\" srcset=\"https:\/\/bucurestizoo.ro\/wp-content\/uploads\/2025\/10\/Picture-1-510x510.png 510w, https:\/\/bucurestizoo.ro\/wp-content\/uploads\/2025\/10\/Picture-1-300x300.png 300w, https:\/\/bucurestizoo.ro\/wp-content\/uploads\/2025\/10\/Picture-1-150x150.png 150w, https:\/\/bucurestizoo.ro\/wp-content\/uploads\/2025\/10\/Picture-1-12x12.png 12w, https:\/\/bucurestizoo.ro\/wp-content\/uploads\/2025\/10\/Picture-1.png 589w\" sizes=\"(max-width: 510px) 100vw, 510px\" data-id=\"16158\" \/><\/a><\/div>\t\t\t\n\t\t\t\t\t<a class=\"tmmpost-link\" href=\"https:\/\/bucurestizoo.ro\/en\/dovleac-de-leac-si-roadele-pamantului-2\/\" rel=\"bookmark\"><i class=\"tm-wilddale-icon-plus-1\"><\/i><\/a>\n\t\t\t\n\t\t\t<\/div>\t\n\t\t\t\n\t\t\t<div class=\"themetechmount-box-desc\">\n\t\t\t\t<div class=\"tm-blog-post-cat\">\n\t\t\t\t\t\t\t\t\t\t\t<span class=\"tm-meta-line cat-links\"><span class=\"screen-reader-text tm-hide\">Categories <\/span><a href=\"https:\/\/bucurestizoo.ro\/en\/category\/100-zoo\/\" rel=\"category tag\">100% of the zoo<\/a><\/span>\n\t\t\t\t\t\t\t\t\t<\/div>\n\t\t\t\t<div class=\"entry-header\">\n\t\t\t\t\t<div class=\"tm-entry-meta-wrapper\"><div class=\"entry-meta tm-entry-meta tm-entry-meta-blogbox\"><span class=\"tm-meta-line byline\"><i class=\"fa fa-user tm-hide\"><\/i><img alt='' src='https:\/\/secure.gravatar.com\/avatar\/88a6d47692c4188dc9912a3ffda0a4b52a87b4b3cdafb7fdaf726cd87cae086a?s=32&#038;d=mm&#038;r=g' srcset='https:\/\/secure.gravatar.com\/avatar\/88a6d47692c4188dc9912a3ffda0a4b52a87b4b3cdafb7fdaf726cd87cae086a?s=64&#038;d=mm&#038;r=g 2x' class='avatar avatar-32 photo' height='32' width='32' \/><span class=\"author vcard\"><span class=\"screen-reader-text cmt-hide\">Author <\/span><a class=\"url fn n\" href=\"https:\/\/bucurestizoo.ro\/en\/author\/adminzoo\/\">admin<\/a><\/span><\/span><span class=\"tm-meta-line posted-on\"><i class=\"tm-wilddale-icon-calendar-outlilne\"><\/i> <span class=\"screen-reader-text tm-hide\">Posted on <\/span><a href=\"https:\/\/bucurestizoo.ro\/en\/dovleac-de-leac-si-roadele-pamantului-2\/\" rel=\"bookmark\"><span class=\"entry-date published\">11\/10\/2025<\/span><span class=\"updated tm-hide\">21\/10\/2025<\/span><\/a><\/span><\/div><\/div>\t\t\t\t\t<div class=\"themetechmount-box-title\"><h4><a href=\"https:\/\/bucurestizoo.ro\/en\/dovleac-de-leac-si-roadele-pamantului-2\/\">DovLEAC de LEAC \u0219i Roadele P\u0103m\u00e2ntului<\/a><\/h4><\/div>\t\t\t\t\t<div class=\"themetechmount-box-desc-text\">SCOPUL Evenimentul \u201eDovLeac de Leac \u0219i Roadele P\u0103m\u00e2ntului\u201d organizat d...<\/div>\t\t\n\t\t\t\t\t<div class=\"themetechmount-blogbox-desc-footer themetechmount-blogbox-footer-readmore\">\n\t\t\t\t\t\t<div class=\"themetechmount-blogbox-footer-left themetechmount-wrap-cell\"><a href=\"https:\/\/bucurestizoo.ro\/en\/dovleac-de-leac-si-roadele-pamantului-2\/\">Read More +<\/a><\/div>\t\t\t\t\t<\/div>\t\t\t\n\t\t\t\t<\/div>\n\t\t\t\t\n\n\t\t\t<\/div>\n        <\/div>\n\t<\/div>\n<\/article><\/div><div class=\"tm-box-col-wrapper  100-zoo col-lg-4 col-sm-6 col-md-4 col-xs-12\"><article class=\"themetechmount-box themetechmount-box-blog themetechmount-blogbox-stylethree themetechmount-blogbox-format-\">\n\t<div class=\"post-item\">\n\t\t<div class=\"themetechmount-box-content\">\n\t\t\t\n\t\t\t<div class=\"tm-featured-outer-wrapper tm-post-featured-outer-wrapper\">\n\t\t\t\t<div class=\"tm-featured-wrapper tm-post-featured-wrapper tm-post-format-\"><a href=\"https:\/\/bucurestizoo.ro\/en\/salt-catre-prima-zi-de-scoala-aventura-la-zoo\/\"><img loading=\"lazy\" decoding=\"async\" width=\"447\" height=\"366\" src=\"https:\/\/bucurestizoo.ro\/wp-content\/uploads\/2025\/09\/26.png\" class=\"attachment-themetechmount-img-blog-top size-themetechmount-img-blog-top wp-post-image\" alt=\"\" srcset=\"https:\/\/bucurestizoo.ro\/wp-content\/uploads\/2025\/09\/26.png 447w, https:\/\/bucurestizoo.ro\/wp-content\/uploads\/2025\/09\/26-300x246.png 300w, https:\/\/bucurestizoo.ro\/wp-content\/uploads\/2025\/09\/26-15x12.png 15w, https:\/\/bucurestizoo.ro\/wp-content\/uploads\/2025\/09\/26-366x300.png 366w\" sizes=\"(max-width: 447px) 100vw, 447px\" data-id=\"16028\" \/><\/a><\/div>\t\t\t\n\t\t\t\t\t<a class=\"tmmpost-link\" href=\"https:\/\/bucurestizoo.ro\/en\/salt-catre-prima-zi-de-scoala-aventura-la-zoo\/\" rel=\"bookmark\"><i class=\"tm-wilddale-icon-plus-1\"><\/i><\/a>\n\t\t\t\n\t\t\t<\/div>\t\n\t\t\t\n\t\t\t<div class=\"themetechmount-box-desc\">\n\t\t\t\t<div class=\"tm-blog-post-cat\">\n\t\t\t\t\t\t\t\t\t\t\t<span class=\"tm-meta-line cat-links\"><span class=\"screen-reader-text tm-hide\">Categories <\/span><a href=\"https:\/\/bucurestizoo.ro\/en\/category\/100-zoo\/\" rel=\"category tag\">100% of the zoo<\/a><\/span>\n\t\t\t\t\t\t\t\t\t<\/div>\n\t\t\t\t<div class=\"entry-header\">\n\t\t\t\t\t<div class=\"tm-entry-meta-wrapper\"><div class=\"entry-meta tm-entry-meta tm-entry-meta-blogbox\"><span class=\"tm-meta-line byline\"><i class=\"fa fa-user tm-hide\"><\/i><img alt='' src='https:\/\/secure.gravatar.com\/avatar\/88a6d47692c4188dc9912a3ffda0a4b52a87b4b3cdafb7fdaf726cd87cae086a?s=32&#038;d=mm&#038;r=g' srcset='https:\/\/secure.gravatar.com\/avatar\/88a6d47692c4188dc9912a3ffda0a4b52a87b4b3cdafb7fdaf726cd87cae086a?s=64&#038;d=mm&#038;r=g 2x' class='avatar avatar-32 photo' height='32' width='32' \/><span class=\"author vcard\"><span class=\"screen-reader-text cmt-hide\">Author <\/span><a class=\"url fn n\" href=\"https:\/\/bucurestizoo.ro\/en\/author\/adminzoo\/\">admin<\/a><\/span><\/span><span class=\"tm-meta-line posted-on\"><i class=\"tm-wilddale-icon-calendar-outlilne\"><\/i> <span class=\"screen-reader-text tm-hide\">Posted on <\/span><a href=\"https:\/\/bucurestizoo.ro\/en\/salt-catre-prima-zi-de-scoala-aventura-la-zoo\/\" rel=\"bookmark\"><span class=\"entry-date published\">11\/09\/2025<\/span><span class=\"updated tm-hide\">11\/09\/2025<\/span><\/a><\/span><\/div><\/div>\t\t\t\t\t<div class=\"themetechmount-box-title\"><h4><a href=\"https:\/\/bucurestizoo.ro\/en\/salt-catre-prima-zi-de-scoala-aventura-la-zoo\/\">SALT &#8230; c\u0103tre prima zi de \u0219coal\u0103 \u2013 Aventur\u0103 la Zoo<\/a><\/h4><\/div>\t\t\t\t\t<div class=\"themetechmount-box-desc-text\">06.09.2025 SCOPUL Tradi\u021bia evenimentelor pline de energie, creativita...<\/div>\t\t\n\t\t\t\t\t<div class=\"themetechmount-blogbox-desc-footer themetechmount-blogbox-footer-readmore\">\n\t\t\t\t\t\t<div class=\"themetechmount-blogbox-footer-left themetechmount-wrap-cell\"><a href=\"https:\/\/bucurestizoo.ro\/en\/salt-catre-prima-zi-de-scoala-aventura-la-zoo\/\">Read More +<\/a><\/div>\t\t\t\t\t<\/div>\t\t\t\n\t\t\t\t<\/div>\n\t\t\t\t\n\n\t\t\t<\/div>\n        <\/div>\n\t<\/div>\n<\/article><\/div><div class=\"tm-box-col-wrapper  100-zoo col-lg-4 col-sm-6 col-md-4 col-xs-12\"><article class=\"themetechmount-box themetechmount-box-blog themetechmount-blogbox-stylethree themetechmount-blogbox-format-\">\n\t<div class=\"post-item\">\n\t\t<div class=\"themetechmount-box-content\">\n\t\t\t\n\t\t\t<div class=\"tm-featured-outer-wrapper tm-post-featured-outer-wrapper\">\n\t\t\t\t<div class=\"tm-featured-wrapper tm-post-featured-wrapper tm-post-format-\"><a href=\"https:\/\/bucurestizoo.ro\/en\/ziua-leului-09-08-2025\/\"><img loading=\"lazy\" decoding=\"async\" width=\"650\" height=\"434\" src=\"https:\/\/bucurestizoo.ro\/wp-content\/uploads\/2025\/09\/Picture-39-650x434.png\" class=\"attachment-themetechmount-img-blog-top size-themetechmount-img-blog-top wp-post-image\" alt=\"\" srcset=\"https:\/\/bucurestizoo.ro\/wp-content\/uploads\/2025\/09\/Picture-39-650x434.png 650w, https:\/\/bucurestizoo.ro\/wp-content\/uploads\/2025\/09\/Picture-39-300x200.png 300w, https:\/\/bucurestizoo.ro\/wp-content\/uploads\/2025\/09\/Picture-39-768x513.png 768w, https:\/\/bucurestizoo.ro\/wp-content\/uploads\/2025\/09\/Picture-39-18x12.png 18w, https:\/\/bucurestizoo.ro\/wp-content\/uploads\/2025\/09\/Picture-39-449x300.png 449w, https:\/\/bucurestizoo.ro\/wp-content\/uploads\/2025\/09\/Picture-39.png 945w\" sizes=\"(max-width: 650px) 100vw, 650px\" data-id=\"15998\" \/><\/a><\/div>\t\t\t\n\t\t\t\t\t<a class=\"tmmpost-link\" href=\"https:\/\/bucurestizoo.ro\/en\/ziua-leului-09-08-2025\/\" rel=\"bookmark\"><i class=\"tm-wilddale-icon-plus-1\"><\/i><\/a>\n\t\t\t\n\t\t\t<\/div>\t\n\t\t\t\n\t\t\t<div class=\"themetechmount-box-desc\">\n\t\t\t\t<div class=\"tm-blog-post-cat\">\n\t\t\t\t\t\t\t\t\t\t\t<span class=\"tm-meta-line cat-links\"><span class=\"screen-reader-text tm-hide\">Categories <\/span><a href=\"https:\/\/bucurestizoo.ro\/en\/category\/100-zoo\/\" rel=\"category tag\">100% of the zoo<\/a><\/span>\n\t\t\t\t\t\t\t\t\t<\/div>\n\t\t\t\t<div class=\"entry-header\">\n\t\t\t\t\t<div class=\"tm-entry-meta-wrapper\"><div class=\"entry-meta tm-entry-meta tm-entry-meta-blogbox\"><span class=\"tm-meta-line byline\"><i class=\"fa fa-user tm-hide\"><\/i><img alt='' src='https:\/\/secure.gravatar.com\/avatar\/88a6d47692c4188dc9912a3ffda0a4b52a87b4b3cdafb7fdaf726cd87cae086a?s=32&#038;d=mm&#038;r=g' srcset='https:\/\/secure.gravatar.com\/avatar\/88a6d47692c4188dc9912a3ffda0a4b52a87b4b3cdafb7fdaf726cd87cae086a?s=64&#038;d=mm&#038;r=g 2x' class='avatar avatar-32 photo' height='32' width='32' \/><span class=\"author vcard\"><span class=\"screen-reader-text cmt-hide\">Author <\/span><a class=\"url fn n\" href=\"https:\/\/bucurestizoo.ro\/en\/author\/adminzoo\/\">admin<\/a><\/span><\/span><span class=\"tm-meta-line posted-on\"><i class=\"tm-wilddale-icon-calendar-outlilne\"><\/i> <span class=\"screen-reader-text tm-hide\">Posted on <\/span><a href=\"https:\/\/bucurestizoo.ro\/en\/ziua-leului-09-08-2025\/\" rel=\"bookmark\"><span class=\"entry-date published\">09\/09\/2025<\/span><span class=\"updated tm-hide\">09\/09\/2025<\/span><\/a><\/span><\/div><\/div>\t\t\t\t\t<div class=\"themetechmount-box-title\"><h4><a href=\"https:\/\/bucurestizoo.ro\/en\/ziua-leului-09-08-2025\/\">Ziua Leului \u2013 09.08.2025<\/a><\/h4><\/div>\t\t\t\t\t<div class=\"themetechmount-box-desc-text\">SCOPUL Organizarea \u201eZilei Leului\u201d la Gr\u0103dina Zoologic\u0103 din Bucure\u0219ti a...<\/div>\t\t\n\t\t\t\t\t<div class=\"themetechmount-blogbox-desc-footer themetechmount-blogbox-footer-readmore\">\n\t\t\t\t\t\t<div class=\"themetechmount-blogbox-footer-left themetechmount-wrap-cell\"><a href=\"https:\/\/bucurestizoo.ro\/en\/ziua-leului-09-08-2025\/\">Read More +<\/a><\/div>\t\t\t\t\t<\/div>\t\t\t\n\t\t\t\t<\/div>\n\t\t\t\t\n\n\t\t\t<\/div>\n        <\/div>\n\t<\/div>\n<\/article><\/div><div class=\"tm-box-col-wrapper  100-zoo col-lg-4 col-sm-6 col-md-4 col-xs-12\"><article class=\"themetechmount-box themetechmount-box-blog themetechmount-blogbox-stylethree themetechmount-blogbox-format-\">\n\t<div class=\"post-item\">\n\t\t<div class=\"themetechmount-box-content\">\n\t\t\t\n\t\t\t<div class=\"tm-featured-outer-wrapper tm-post-featured-outer-wrapper\">\n\t\t\t\t<div class=\"tm-featured-wrapper tm-post-featured-wrapper tm-post-format-\"><a href=\"https:\/\/bucurestizoo.ro\/en\/picnic-la-zoo-joaca-te-descopera-zambeste\/\"><img loading=\"lazy\" decoding=\"async\" width=\"510\" height=\"510\" src=\"https:\/\/bucurestizoo.ro\/wp-content\/uploads\/2025\/07\/2-510x510.png\" class=\"attachment-themetechmount-img-blog-top size-themetechmount-img-blog-top wp-post-image\" alt=\"\" srcset=\"https:\/\/bucurestizoo.ro\/wp-content\/uploads\/2025\/07\/2-510x510.png 510w, https:\/\/bucurestizoo.ro\/wp-content\/uploads\/2025\/07\/2-300x300.png 300w, https:\/\/bucurestizoo.ro\/wp-content\/uploads\/2025\/07\/2-150x150.png 150w, https:\/\/bucurestizoo.ro\/wp-content\/uploads\/2025\/07\/2-12x12.png 12w, https:\/\/bucurestizoo.ro\/wp-content\/uploads\/2025\/07\/2.png 529w\" sizes=\"(max-width: 510px) 100vw, 510px\" data-id=\"15908\" \/><\/a><\/div>\t\t\t\n\t\t\t\t\t<a class=\"tmmpost-link\" href=\"https:\/\/bucurestizoo.ro\/en\/picnic-la-zoo-joaca-te-descopera-zambeste\/\" rel=\"bookmark\"><i class=\"tm-wilddale-icon-plus-1\"><\/i><\/a>\n\t\t\t\n\t\t\t<\/div>\t\n\t\t\t\n\t\t\t<div class=\"themetechmount-box-desc\">\n\t\t\t\t<div class=\"tm-blog-post-cat\">\n\t\t\t\t\t\t\t\t\t\t\t<span class=\"tm-meta-line cat-links\"><span class=\"screen-reader-text tm-hide\">Categories <\/span><a href=\"https:\/\/bucurestizoo.ro\/en\/category\/100-zoo\/\" rel=\"category tag\">100% of the zoo<\/a><\/span>\n\t\t\t\t\t\t\t\t\t<\/div>\n\t\t\t\t<div class=\"entry-header\">\n\t\t\t\t\t<div class=\"tm-entry-meta-wrapper\"><div class=\"entry-meta tm-entry-meta tm-entry-meta-blogbox\"><span class=\"tm-meta-line byline\"><i class=\"fa fa-user tm-hide\"><\/i><img alt='' src='https:\/\/secure.gravatar.com\/avatar\/88a6d47692c4188dc9912a3ffda0a4b52a87b4b3cdafb7fdaf726cd87cae086a?s=32&#038;d=mm&#038;r=g' srcset='https:\/\/secure.gravatar.com\/avatar\/88a6d47692c4188dc9912a3ffda0a4b52a87b4b3cdafb7fdaf726cd87cae086a?s=64&#038;d=mm&#038;r=g 2x' class='avatar avatar-32 photo' height='32' width='32' \/><span class=\"author vcard\"><span class=\"screen-reader-text cmt-hide\">Author <\/span><a class=\"url fn n\" href=\"https:\/\/bucurestizoo.ro\/en\/author\/adminzoo\/\">admin<\/a><\/span><\/span><span class=\"tm-meta-line posted-on\"><i class=\"tm-wilddale-icon-calendar-outlilne\"><\/i> <span class=\"screen-reader-text tm-hide\">Posted on <\/span><a href=\"https:\/\/bucurestizoo.ro\/en\/picnic-la-zoo-joaca-te-descopera-zambeste\/\" rel=\"bookmark\"><span class=\"entry-date published\">28\/06\/2025<\/span><span class=\"updated tm-hide\">29\/09\/2025<\/span><\/a><\/span><\/div><\/div>\t\t\t\t\t<div class=\"themetechmount-box-title\"><h4><a href=\"https:\/\/bucurestizoo.ro\/en\/picnic-la-zoo-joaca-te-descopera-zambeste\/\">Picnic la Zoo &#8211; Joac\u0103-te, descoper\u0103, z\u00e2mbe\u0219te!<\/a><\/h4><\/div>\t\t\t\t\t<div class=\"themetechmount-box-desc-text\">SCOPUL Prin acest eveniment, Gr\u0103dina Zoologic\u0103 din Bucure\u0219ti \u0219i-a propus...<\/div>\t\t\n\t\t\t\t\t<div class=\"themetechmount-blogbox-desc-footer themetechmount-blogbox-footer-readmore\">\n\t\t\t\t\t\t<div class=\"themetechmount-blogbox-footer-left themetechmount-wrap-cell\"><a href=\"https:\/\/bucurestizoo.ro\/en\/picnic-la-zoo-joaca-te-descopera-zambeste\/\">Read More +<\/a><\/div>\t\t\t\t\t<\/div>\t\t\t\n\t\t\t\t<\/div>\n\t\t\t\t\n\n\t\t\t<\/div>\n        <\/div>\n\t<\/div>\n<\/article><\/div>\n\t\t\t<\/div>\n\n\t\t\t<\/div><!-- .themetechmount-boxes-inner -->   <\/div><!-- .themetechmount-boxes -->  \t\t\t\t<\/div>\n\t\t\t\t<\/div>\n\t\t\t\t\t<\/div>\n\t\t<\/div>\n\t\t\t\t\t<\/div>\n\t\t<\/section>\n\t\t\t\t<\/div>","protected":false},"excerpt":{"rendered":"<p>Categories Animal Zoo Author John Doe Posted on October 16, 2021October 26, 2021 0 Comments First Volunteers after Fires: BIR&#8217;s Experience These cases are perfectly simple and easy to distinguish. In a free hour, when o&#8230; Read More Categories Bird Zoo Author John Doe Posted on October 16, 2021October 26, 2021 0 Comments Everything Need &hellip; <a href=\"https:\/\/bucurestizoo.ro\/en\/picnic-la-zoo-joaca-te-descopera-zambeste\/\" class=\"more-link\">Continue reading <span class=\"screen-reader-text\">Picnic la Zoo &#8211; Joac\u0103-te, descoper\u0103, z\u00e2mbe\u0219te!<\/span><\/a><\/p>","protected":false},"author":1,"featured_media":0,"parent":0,"menu_order":0,"comment_status":"closed","ping_status":"closed","template":"","meta":{"_monsterinsights_skip_tracking":false,"_monsterinsights_sitenote_active":false,"_monsterinsights_sitenote_note":"","_monsterinsights_sitenote_category":0,"footnotes":""},"class_list":["post-9730","page","type-page","status-publish","hentry"],"aioseo_notices":[],"_links":{"self":[{"href":"https:\/\/bucurestizoo.ro\/en\/wp-json\/wp\/v2\/pages\/9730","targetHints":{"allow":["GET"]}}],"collection":[{"href":"https:\/\/bucurestizoo.ro\/en\/wp-json\/wp\/v2\/pages"}],"about":[{"href":"https:\/\/bucurestizoo.ro\/en\/wp-json\/wp\/v2\/types\/page"}],"author":[{"embeddable":true,"href":"https:\/\/bucurestizoo.ro\/en\/wp-json\/wp\/v2\/users\/1"}],"replies":[{"embeddable":true,"href":"https:\/\/bucurestizoo.ro\/en\/wp-json\/wp\/v2\/comments?post=9730"}],"version-history":[{"count":0,"href":"https:\/\/bucurestizoo.ro\/en\/wp-json\/wp\/v2\/pages\/9730\/revisions"}],"wp:attachment":[{"href":"https:\/\/bucurestizoo.ro\/en\/wp-json\/wp\/v2\/media?parent=9730"}],"curies":[{"name":"wp","href":"https:\/\/api.w.org\/{rel}","templated":true}]}}