{"id":15684,"date":"2025-04-26T19:39:03","date_gmt":"2025-04-26T17:39:03","guid":{"rendered":"https:\/\/bucurestizoo.ro\/?page_id=15684"},"modified":"2025-04-26T19:44:31","modified_gmt":"2025-04-26T17:44:31","slug":"leopard","status":"publish","type":"page","link":"https:\/\/bucurestizoo.ro\/en\/leopard\/","title":{"rendered":"Leopard"},"content":{"rendered":"<div data-elementor-type=\"wp-page\" data-elementor-id=\"15684\" class=\"elementor elementor-15684\" data-elementor-post-type=\"page\">\n\t\t\t\t<div class=\"elementor-element elementor-element-5ff5ee1c e-flex e-con-boxed e-con e-parent\" data-id=\"5ff5ee1c\" data-element_type=\"container\" data-e-type=\"container\" data-settings=\"{&quot;background_background&quot;:&quot;classic&quot;}\">\n\t\t\t\t\t<div class=\"e-con-inner\">\n\t\t<div class=\"elementor-element elementor-element-13e35892 e-con-full e-flex e-con e-child\" data-id=\"13e35892\" data-element_type=\"container\" data-e-type=\"container\">\n\t\t<div class=\"elementor-element elementor-element-5cd32269 e-con-full animated-slow e-flex elementor-invisible e-con e-child\" data-id=\"5cd32269\" data-element_type=\"container\" data-e-type=\"container\" data-settings=\"{&quot;animation&quot;:&quot;fadeInLeft&quot;}\">\n\t\t\t\t<div class=\"elementor-element elementor-element-47d9c17b elementor-widget elementor-widget-heading\" data-id=\"47d9c17b\" data-element_type=\"widget\" data-e-type=\"widget\" data-widget_type=\"heading.default\">\n\t\t\t\t<div class=\"elementor-widget-container\">\n\t\t\t\t\t<h1 class=\"elementor-heading-title elementor-size-default\">Leopard<\/h1>\t\t\t\t<\/div>\n\t\t\t\t<\/div>\n\t\t\t\t<div class=\"elementor-element elementor-element-870d5ee elementor-widget elementor-widget-text-editor\" data-id=\"870d5ee\" data-element_type=\"widget\" data-e-type=\"widget\" data-widget_type=\"text-editor.default\">\n\t\t\t\t<div class=\"elementor-widget-container\">\n\t\t\t\t\t\t\t\t\t<p><strong data-start=\"84\" data-end=\"111\">\u2022 Denumire \u0219tiin\u021bific\u0103:<\/strong> Panthera pardus<br data-start=\"127\" data-end=\"130\" \/><strong data-start=\"130\" data-end=\"142\">\u2022 Ordin:<\/strong> Carnivora<br data-start=\"152\" data-end=\"155\" \/><strong data-start=\"155\" data-end=\"169\" data-is-only-node=\"\">\u2022 Familie:<\/strong> Felidae<br data-start=\"177\" data-end=\"180\" \/><strong data-start=\"180\" data-end=\"190\">\u2022 Gen:<\/strong> Panthera<br data-start=\"199\" data-end=\"202\" \/><strong data-start=\"202\" data-end=\"215\">\u2022 Specie:<\/strong> Panthera pardus<br data-start=\"231\" data-end=\"234\" \/><strong data-start=\"234\" data-end=\"252\">\u2022 Distribu\u021bie:<\/strong> Africa, Asia<br data-start=\"265\" data-end=\"268\" \/><strong data-start=\"268\" data-end=\"285\">\u2022 Dimensiuni:<\/strong> 1-2 m lungime<br data-start=\"299\" data-end=\"302\" \/><strong data-start=\"302\" data-end=\"317\">\u2022 Greutate:<\/strong> 30-90 kg<br data-start=\"326\" data-end=\"329\" \/><strong data-start=\"329\" data-end=\"356\">\u2022 Perioada de gesta\u021bie:<\/strong> 90-105 zile<br data-start=\"368\" data-end=\"371\" \/><strong data-start=\"371\" data-end=\"390\">\u2022 Num\u0103r de pui:<\/strong> 1-4<br data-start=\"394\" data-end=\"397\" \/><strong data-start=\"397\" data-end=\"421\">\u2022 Speran\u021b\u0103 de via\u021b\u0103:<\/strong> 10-12 ani \u00een s\u0103lb\u0103ticie, \u00een captivitate mai mult<\/p>\t\t\t\t\t\t\t\t<\/div>\n\t\t\t\t<\/div>\n\t\t\t\t<\/div>\n\t\t\t\t<div class=\"elementor-element elementor-element-65709cb8 elementor-widget-tablet__width-inherit animated-slow elementor-invisible elementor-widget elementor-widget-image\" data-id=\"65709cb8\" data-element_type=\"widget\" data-e-type=\"widget\" data-settings=\"{&quot;_animation&quot;:&quot;fadeInRight&quot;}\" data-widget_type=\"image.default\">\n\t\t\t\t<div class=\"elementor-widget-container\">\n\t\t\t\t\t\t\t\t\t\t\t\t\t\t\t<img fetchpriority=\"high\" decoding=\"async\" width=\"847\" height=\"564\" src=\"https:\/\/bucurestizoo.ro\/wp-content\/uploads\/2025\/04\/leopard-dt_2-Large-1024x682.jpeg\" class=\"attachment-large size-large wp-image-15678\" alt=\"\" srcset=\"https:\/\/bucurestizoo.ro\/wp-content\/uploads\/2025\/04\/leopard-dt_2-Large-1024x682.jpeg 1024w, https:\/\/bucurestizoo.ro\/wp-content\/uploads\/2025\/04\/leopard-dt_2-Large-300x200.jpeg 300w, https:\/\/bucurestizoo.ro\/wp-content\/uploads\/2025\/04\/leopard-dt_2-Large-768x512.jpeg 768w, https:\/\/bucurestizoo.ro\/wp-content\/uploads\/2025\/04\/leopard-dt_2-Large-450x300.jpeg 450w, https:\/\/bucurestizoo.ro\/wp-content\/uploads\/2025\/04\/leopard-dt_2-Large-650x433.jpeg 650w, https:\/\/bucurestizoo.ro\/wp-content\/uploads\/2025\/04\/leopard-dt_2-Large.jpeg 1280w\" sizes=\"(max-width: 847px) 100vw, 847px\" data-id=\"15678\" \/>\t\t\t\t\t\t\t\t\t\t\t\t\t\t\t<\/div>\n\t\t\t\t<\/div>\n\t\t\t\t<\/div>\n\t\t\t\t\t<\/div>\n\t\t\t\t<\/div>\n\t\t<div class=\"elementor-element elementor-element-5dfe9f1f animated-slow e-flex e-con-boxed elementor-invisible e-con e-parent\" data-id=\"5dfe9f1f\" data-element_type=\"container\" data-e-type=\"container\" data-settings=\"{&quot;animation&quot;:&quot;fadeInLeft&quot;}\">\n\t\t\t\t\t<div class=\"e-con-inner\">\n\t\t\t\t<div class=\"elementor-element elementor-element-2ce14a5 elementor-widget elementor-widget-heading\" data-id=\"2ce14a5\" data-element_type=\"widget\" data-e-type=\"widget\" data-widget_type=\"heading.default\">\n\t\t\t\t<div class=\"elementor-widget-container\">\n\t\t\t\t\t<h1 class=\"elementor-heading-title elementor-size-default\">General:<\/h1>\t\t\t\t<\/div>\n\t\t\t\t<\/div>\n\t\t\t\t<div class=\"elementor-element elementor-element-12d8f8c5 elementor-widget elementor-widget-text-editor\" data-id=\"12d8f8c5\" data-element_type=\"widget\" data-e-type=\"widget\" data-widget_type=\"text-editor.default\">\n\t\t\t\t<div class=\"elementor-widget-container\">\n\t\t\t\t\t\t\t\t\t<p>Este un leopard cu muta\u021bie melanistic\u0103.\u00a0 Face parte din familia Felidae, este recunoscut pentru agilitatea sa \u0219i se poate adapta la diverse medii. Leopardul este cel mai versat prad\u0103tor din genul Panthera.\u00a0 Tr\u0103ie\u0219te \u00een Africa \u0219i Asia.<\/p><p>Petele sale sunt vizibile la lumin\u0103 puternic\u0103!<\/p>\t\t\t\t\t\t\t\t<\/div>\n\t\t\t\t<\/div>\n\t\t\t\t\t<\/div>\n\t\t\t\t<\/div>\n\t\t<div class=\"elementor-element elementor-element-4fb153ea e-flex e-con-boxed e-con e-parent\" data-id=\"4fb153ea\" data-element_type=\"container\" data-e-type=\"container\">\n\t\t\t\t\t<div class=\"e-con-inner\">\n\t\t\t\t<div class=\"elementor-element elementor-element-155391e0 elementor-widget elementor-widget-gallery\" data-id=\"155391e0\" data-element_type=\"widget\" data-e-type=\"widget\" data-settings=\"{&quot;columns&quot;:2,&quot;lazyload&quot;:&quot;yes&quot;,&quot;gallery_layout&quot;:&quot;grid&quot;,&quot;columns_tablet&quot;:2,&quot;columns_mobile&quot;:1,&quot;gap&quot;:{&quot;unit&quot;:&quot;px&quot;,&quot;size&quot;:10,&quot;sizes&quot;:[]},&quot;gap_tablet&quot;:{&quot;unit&quot;:&quot;px&quot;,&quot;size&quot;:10,&quot;sizes&quot;:[]},&quot;gap_mobile&quot;:{&quot;unit&quot;:&quot;px&quot;,&quot;size&quot;:10,&quot;sizes&quot;:[]},&quot;link_to&quot;:&quot;file&quot;,&quot;aspect_ratio&quot;:&quot;3:2&quot;,&quot;overlay_background&quot;:&quot;yes&quot;,&quot;content_hover_animation&quot;:&quot;fade-in&quot;}\" data-widget_type=\"gallery.default\">\n\t\t\t\t<div class=\"elementor-widget-container\">\n\t\t\t\t\t\t\t<div class=\"elementor-gallery__container\">\n\t\t\t\t\t\t\t<a class=\"e-gallery-item elementor-gallery-item elementor-animated-content\" href=\"https:\/\/bucurestizoo.ro\/wp-content\/uploads\/2025\/04\/leopard-dt_1-Large-e1745689097264.jpeg\" data-elementor-open-lightbox=\"yes\" data-elementor-lightbox-slideshow=\"155391e0\" data-elementor-lightbox-title=\"leopard dt_1 Large\" data-e-action-hash=\"#elementor-action%3Aaction%3Dlightbox%26settings%3DeyJpZCI6MTU2ODAsInVybCI6Imh0dHBzOlwvXC9idWN1cmVzdGl6b28ucm9cL3dwLWNvbnRlbnRcL3VwbG9hZHNcLzIwMjVcLzA0XC9sZW9wYXJkLWR0XzEtTGFyZ2UtZTE3NDU2ODkwOTcyNjQuanBlZyIsInNsaWRlc2hvdyI6IjE1NTM5MWUwIn0%3D\">\n\t\t\t\t\t<div class=\"e-gallery-image elementor-gallery-item__image\" data-thumbnail=\"https:\/\/bucurestizoo.ro\/wp-content\/uploads\/2025\/04\/leopard-dt_1-Large-e1745689097264-1024x635.jpeg\" data-width=\"847\" data-height=\"525\" aria-label=\"\" role=\"img\" ><\/div>\n\t\t\t\t\t\t\t\t\t\t\t<div class=\"elementor-gallery-item__overlay\"><\/div>\n\t\t\t\t\t\t\t\t\t\t\t\t\t\t<\/a>\n\t\t\t\t\t\t\t<a class=\"e-gallery-item elementor-gallery-item elementor-animated-content\" href=\"https:\/\/bucurestizoo.ro\/wp-content\/uploads\/2025\/04\/leopard-dt_3-Large.jpeg\" data-elementor-open-lightbox=\"yes\" data-elementor-lightbox-slideshow=\"155391e0\" data-elementor-lightbox-title=\"leopard dt_3 Large\" data-e-action-hash=\"#elementor-action%3Aaction%3Dlightbox%26settings%3DeyJpZCI6MTU2NzksInVybCI6Imh0dHBzOlwvXC9idWN1cmVzdGl6b28ucm9cL3dwLWNvbnRlbnRcL3VwbG9hZHNcLzIwMjVcLzA0XC9sZW9wYXJkLWR0XzMtTGFyZ2UuanBlZyIsInNsaWRlc2hvdyI6IjE1NTM5MWUwIn0%3D\">\n\t\t\t\t\t<div class=\"e-gallery-image elementor-gallery-item__image\" data-thumbnail=\"https:\/\/bucurestizoo.ro\/wp-content\/uploads\/2025\/04\/leopard-dt_3-Large-1024x682.jpeg\" data-width=\"847\" data-height=\"564\" aria-label=\"\" role=\"img\" ><\/div>\n\t\t\t\t\t\t\t\t\t\t\t<div class=\"elementor-gallery-item__overlay\"><\/div>\n\t\t\t\t\t\t\t\t\t\t\t\t\t\t<\/a>\n\t\t\t\t\t<\/div>\n\t\t\t\t\t<\/div>\n\t\t\t\t<\/div>\n\t\t\t\t\t<\/div>\n\t\t\t\t<\/div>\n\t\t<div class=\"elementor-element elementor-element-6fd82598 animated-slow e-flex e-con-boxed elementor-invisible e-con e-parent\" data-id=\"6fd82598\" data-element_type=\"container\" data-e-type=\"container\" data-settings=\"{&quot;animation&quot;:&quot;fadeInRight&quot;}\">\n\t\t\t\t\t<div class=\"e-con-inner\">\n\t\t\t\t<div class=\"elementor-element elementor-element-5ca14576 elementor-widget elementor-widget-heading\" data-id=\"5ca14576\" data-element_type=\"widget\" data-e-type=\"widget\" data-widget_type=\"heading.default\">\n\t\t\t\t<div class=\"elementor-widget-container\">\n\t\t\t\t\t<h1 class=\"elementor-heading-title elementor-size-default\">Habitat:<\/h1>\t\t\t\t<\/div>\n\t\t\t\t<\/div>\n\t\t\t\t<div class=\"elementor-element elementor-element-7451f873 elementor-widget elementor-widget-text-editor\" data-id=\"7451f873\" data-element_type=\"widget\" data-e-type=\"widget\" data-widget_type=\"text-editor.default\">\n\t\t\t\t<div class=\"elementor-widget-container\">\n\t\t\t\t\t\t\t\t\t<p>P\u0103duri tropicale, savane, de\u0219erturi \u0219i semide\u0219erturi, regiuni montane, p\u0103duri temperate \u0219i taiga reprezint\u0103 spa\u021biul de trai la aceste feline mari. Este capabil s\u0103 tr\u0103iasc\u0103 l\u00e2ng\u0103 a\u0219ez\u0103ri umane dar nu interac\u021bioneaz\u0103 cu acestea.\u00a0<\/p>\t\t\t\t\t\t\t\t<\/div>\n\t\t\t\t<\/div>\n\t\t\t\t\t<\/div>\n\t\t\t\t<\/div>\n\t\t<div class=\"elementor-element elementor-element-43144e6b e-grid e-con-boxed e-con e-parent\" data-id=\"43144e6b\" data-element_type=\"container\" data-e-type=\"container\">\n\t\t\t\t\t<div class=\"e-con-inner\">\n\t\t<div class=\"elementor-element elementor-element-11f46f9a e-con-full animated-slow e-flex elementor-invisible e-con e-child\" data-id=\"11f46f9a\" data-element_type=\"container\" data-e-type=\"container\" data-settings=\"{&quot;animation&quot;:&quot;fadeInLeft&quot;}\">\n\t\t\t\t<div class=\"elementor-element elementor-element-b6ea131 elementor-widget elementor-widget-heading\" data-id=\"b6ea131\" data-element_type=\"widget\" data-e-type=\"widget\" data-widget_type=\"heading.default\">\n\t\t\t\t<div class=\"elementor-widget-container\">\n\t\t\t\t\t<h1 class=\"elementor-heading-title elementor-size-default\">Hran\u0103:<\/h1>\t\t\t\t<\/div>\n\t\t\t\t<\/div>\n\t\t\t\t<div class=\"elementor-element elementor-element-77841803 elementor-widget elementor-widget-text-editor\" data-id=\"77841803\" data-element_type=\"widget\" data-e-type=\"widget\" data-widget_type=\"text-editor.default\">\n\t\t\t\t<div class=\"elementor-widget-container\">\n\t\t\t\t\t\t\t\t\t<p style=\"margin: 0cm; text-align: justify;\"><span style=\"white-space: pre-wrap;\"><span style=\"color: black;\">Mamifere mici, p\u0103s\u0103ri. M\u0103n\u00e2nc\u0103 mamifere de talie mica(antilope, mistre\u021bi, c\u0103prioare, maimu\u021be) c\u00e2t \u0219i roz\u0103toare, p\u0103s\u0103ri, reptile \u0219i insect. Ocazional, poate m\u00e2nca \u0219i pe\u0219te sau hoituri dac\u0103nu exist\u0103 alt\u0103 sursa de hran\u0103. Poate urca hrana \u00een copaci ca s\u0103 se fereasc\u0103 de pr\u0103d\u0103tori precum leul sau hiena. Femelele au grija de puiii lor, ascunz\u00e2ndu-i \u00een primele 2 luni de la na\u0219tere. <\/span><\/span><\/p>\t\t\t\t\t\t\t\t<\/div>\n\t\t\t\t<\/div>\n\t\t\t\t<\/div>\n\t\t<div class=\"elementor-element elementor-element-2f63ad4a e-con-full animated-slow e-flex elementor-invisible e-con e-child\" data-id=\"2f63ad4a\" data-element_type=\"container\" data-e-type=\"container\" data-settings=\"{&quot;animation&quot;:&quot;fadeInRight&quot;}\">\n\t\t\t\t<div class=\"elementor-element elementor-element-6a604a77 elementor-widget elementor-widget-heading\" data-id=\"6a604a77\" data-element_type=\"widget\" data-e-type=\"widget\" data-widget_type=\"heading.default\">\n\t\t\t\t<div class=\"elementor-widget-container\">\n\t\t\t\t\t<h1 class=\"elementor-heading-title elementor-size-default\">Conservare:<\/h1>\t\t\t\t<\/div>\n\t\t\t\t<\/div>\n\t\t\t\t<div class=\"elementor-element elementor-element-148d1159 elementor-widget elementor-widget-text-editor\" data-id=\"148d1159\" data-element_type=\"widget\" data-e-type=\"widget\" data-widget_type=\"text-editor.default\">\n\t\t\t\t<div class=\"elementor-widget-container\">\n\t\t\t\t\t\t\t\t\t<p>Toate specii de Panthera Pardus sint amenintate de mai multe pericole cum ar fi:<\/p><ul><li>Pierderea habitatului datorate defrisarilor necontrolate\u00a0<\/li><li>Sc\u0103derea hranei \u00a0<\/li><li>Conflictele cu oamenii .\u00a0<\/li><\/ul><p>Este o specie vulnerabila .<\/p>\t\t\t\t\t\t\t\t<\/div>\n\t\t\t\t<\/div>\n\t\t\t\t<\/div>\n\t\t\t\t\t<\/div>\n\t\t\t\t<\/div>\n\t\t\t\t<\/div>","protected":false},"excerpt":{"rendered":"<p>Leopard \u2022 Denumire \u0219tiin\u021bific\u0103: Panthera pardus\u2022 Ordin: Carnivora\u2022 Familie: Felidae\u2022 Gen: Panthera\u2022 Specie: Panthera pardus\u2022 Distribu\u021bie: Africa, Asia\u2022 Dimensiuni: 1-2 m lungime\u2022 Greutate: 30-90 kg\u2022 Perioada de gesta\u021bie: 90-105 zile\u2022 Num\u0103r de pui: 1-4\u2022 Speran\u021b\u0103 de via\u021b\u0103: 10-12 ani \u00een s\u0103lb\u0103ticie, \u00een captivitate mai mult General: Este un leopard cu muta\u021bie melanistic\u0103.\u00a0 Face parte din &hellip; <a href=\"https:\/\/bucurestizoo.ro\/en\/leopard\/\" class=\"more-link\">Continue reading <span class=\"screen-reader-text\">Leopard<\/span><\/a><\/p>","protected":false},"author":1,"featured_media":0,"parent":0,"menu_order":0,"comment_status":"closed","ping_status":"closed","template":"","meta":{"_monsterinsights_skip_tracking":false,"_monsterinsights_sitenote_active":false,"_monsterinsights_sitenote_note":"","_monsterinsights_sitenote_category":0,"footnotes":""},"class_list":["post-15684","page","type-page","status-publish","hentry"],"aioseo_notices":[],"_links":{"self":[{"href":"https:\/\/bucurestizoo.ro\/en\/wp-json\/wp\/v2\/pages\/15684","targetHints":{"allow":["GET"]}}],"collection":[{"href":"https:\/\/bucurestizoo.ro\/en\/wp-json\/wp\/v2\/pages"}],"about":[{"href":"https:\/\/bucurestizoo.ro\/en\/wp-json\/wp\/v2\/types\/page"}],"author":[{"embeddable":true,"href":"https:\/\/bucurestizoo.ro\/en\/wp-json\/wp\/v2\/users\/1"}],"replies":[{"embeddable":true,"href":"https:\/\/bucurestizoo.ro\/en\/wp-json\/wp\/v2\/comments?post=15684"}],"version-history":[{"count":4,"href":"https:\/\/bucurestizoo.ro\/en\/wp-json\/wp\/v2\/pages\/15684\/revisions"}],"predecessor-version":[{"id":15689,"href":"https:\/\/bucurestizoo.ro\/en\/wp-json\/wp\/v2\/pages\/15684\/revisions\/15689"}],"wp:attachment":[{"href":"https:\/\/bucurestizoo.ro\/en\/wp-json\/wp\/v2\/media?parent=15684"}],"curies":[{"name":"wp","href":"https:\/\/api.w.org\/{rel}","templated":true}]}}