{"id":15671,"date":"2025-04-26T19:27:54","date_gmt":"2025-04-26T17:27:54","guid":{"rendered":"https:\/\/bucurestizoo.ro\/?page_id=15671"},"modified":"2025-04-26T19:30:50","modified_gmt":"2025-04-26T17:30:50","slug":"veverita-americana","status":"publish","type":"page","link":"https:\/\/bucurestizoo.ro\/en\/veverita-americana\/","title":{"rendered":"Veveri\u021ba American\u0103"},"content":{"rendered":"<div data-elementor-type=\"wp-page\" data-elementor-id=\"15671\" class=\"elementor elementor-15671\" data-elementor-post-type=\"page\">\n\t\t\t\t<div class=\"elementor-element elementor-element-5782e2f1 e-flex e-con-boxed e-con e-parent\" data-id=\"5782e2f1\" data-element_type=\"container\" data-e-type=\"container\" data-settings=\"{&quot;background_background&quot;:&quot;classic&quot;}\">\n\t\t\t\t\t<div class=\"e-con-inner\">\n\t\t<div class=\"elementor-element elementor-element-38956e6a e-con-full e-flex e-con e-child\" data-id=\"38956e6a\" data-element_type=\"container\" data-e-type=\"container\">\n\t\t<div class=\"elementor-element elementor-element-20950799 e-con-full animated-slow e-flex elementor-invisible e-con e-child\" data-id=\"20950799\" data-element_type=\"container\" data-e-type=\"container\" data-settings=\"{&quot;animation&quot;:&quot;fadeInLeft&quot;}\">\n\t\t\t\t<div class=\"elementor-element elementor-element-15b90d0d elementor-widget elementor-widget-heading\" data-id=\"15b90d0d\" data-element_type=\"widget\" data-e-type=\"widget\" data-widget_type=\"heading.default\">\n\t\t\t\t<div class=\"elementor-widget-container\">\n\t\t\t\t\t<h1 class=\"elementor-heading-title elementor-size-default\">Veveri\u021ba American\u0103<\/h1>\t\t\t\t<\/div>\n\t\t\t\t<\/div>\n\t\t\t\t<div class=\"elementor-element elementor-element-68f28866 elementor-widget elementor-widget-text-editor\" data-id=\"68f28866\" data-element_type=\"widget\" data-e-type=\"widget\" data-widget_type=\"text-editor.default\">\n\t\t\t\t<div class=\"elementor-widget-container\">\n\t\t\t\t\t\t\t\t\t<p class=\"\" data-start=\"87\" data-end=\"522\"><strong data-start=\"87\" data-end=\"114\">\u2022 Denumire \u0219tiin\u021bific\u0103:<\/strong> Tamiasciurus hudsonicus<br data-start=\"138\" data-end=\"141\" \/><strong data-start=\"141\" data-end=\"153\">\u2022 Ordin:<\/strong> Rodentia<br data-start=\"162\" data-end=\"165\" \/><strong data-start=\"165\" data-end=\"179\" data-is-only-node=\"\">\u2022 Familie:<\/strong> Sciuridae<br data-start=\"189\" data-end=\"192\" \/><strong data-start=\"192\" data-end=\"202\">\u2022 Gen:<\/strong> Tamiasciurus<br data-start=\"215\" data-end=\"218\" \/><strong data-start=\"218\" data-end=\"231\">\u2022 Specie:<\/strong> Tamiasciurus hudsonicus<br data-start=\"255\" data-end=\"258\" \/><strong data-start=\"258\" data-end=\"276\">\u2022 Distribu\u021bie:<\/strong> America de Nord<br data-start=\"292\" data-end=\"295\" \/><strong data-start=\"295\" data-end=\"312\">\u2022 Dimensiuni:<\/strong> 28-35 cm lungime, coada 10-15 cm<br data-start=\"345\" data-end=\"348\" \/><strong data-start=\"348\" data-end=\"363\">\u2022 Greutate:<\/strong> 200-250 g<br data-start=\"373\" data-end=\"376\" \/><strong data-start=\"376\" data-end=\"403\">\u2022 Perioada de gesta\u021bie:<\/strong> 35-40 zile<br data-start=\"414\" data-end=\"417\" \/><strong data-start=\"417\" data-end=\"436\">\u2022 Num\u0103r de pui:<\/strong> 2-5<br data-start=\"440\" data-end=\"443\" \/><strong data-start=\"443\" data-end=\"467\">\u2022 Speran\u021b\u0103 de via\u021b\u0103:<\/strong> p\u00e2n\u0103 la 5 ani \u00een s\u0103lb\u0103ticie, \u00een captivitate mai mult<\/p>\t\t\t\t\t\t\t\t<\/div>\n\t\t\t\t<\/div>\n\t\t\t\t<\/div>\n\t\t\t\t<div class=\"elementor-element elementor-element-1ae21ef7 elementor-widget-tablet__width-inherit animated-slow elementor-invisible elementor-widget elementor-widget-image\" data-id=\"1ae21ef7\" data-element_type=\"widget\" data-e-type=\"widget\" data-settings=\"{&quot;_animation&quot;:&quot;fadeInRight&quot;}\" data-widget_type=\"image.default\">\n\t\t\t\t<div class=\"elementor-widget-container\">\n\t\t\t\t\t\t\t\t\t\t\t\t\t\t\t<img fetchpriority=\"high\" decoding=\"async\" width=\"847\" height=\"635\" src=\"https:\/\/bucurestizoo.ro\/wp-content\/uploads\/2025\/04\/veverita-rosie-americana-2-1024x768.jpg\" class=\"attachment-large size-large wp-image-15666\" alt=\"\" srcset=\"https:\/\/bucurestizoo.ro\/wp-content\/uploads\/2025\/04\/veverita-rosie-americana-2-1024x768.jpg 1024w, https:\/\/bucurestizoo.ro\/wp-content\/uploads\/2025\/04\/veverita-rosie-americana-2-300x225.jpg 300w, https:\/\/bucurestizoo.ro\/wp-content\/uploads\/2025\/04\/veverita-rosie-americana-2-768x576.jpg 768w, https:\/\/bucurestizoo.ro\/wp-content\/uploads\/2025\/04\/veverita-rosie-americana-2-400x300.jpg 400w, https:\/\/bucurestizoo.ro\/wp-content\/uploads\/2025\/04\/veverita-rosie-americana-2-650x488.jpg 650w, https:\/\/bucurestizoo.ro\/wp-content\/uploads\/2025\/04\/veverita-rosie-americana-2.jpg 1080w\" sizes=\"(max-width: 847px) 100vw, 847px\" data-id=\"15666\" \/>\t\t\t\t\t\t\t\t\t\t\t\t\t\t\t<\/div>\n\t\t\t\t<\/div>\n\t\t\t\t<\/div>\n\t\t\t\t\t<\/div>\n\t\t\t\t<\/div>\n\t\t<div class=\"elementor-element elementor-element-f00f7ad animated-slow e-flex e-con-boxed elementor-invisible e-con e-parent\" data-id=\"f00f7ad\" data-element_type=\"container\" data-e-type=\"container\" data-settings=\"{&quot;animation&quot;:&quot;fadeInLeft&quot;}\">\n\t\t\t\t\t<div class=\"e-con-inner\">\n\t\t\t\t<div class=\"elementor-element elementor-element-4b1ece05 elementor-widget elementor-widget-heading\" data-id=\"4b1ece05\" data-element_type=\"widget\" data-e-type=\"widget\" data-widget_type=\"heading.default\">\n\t\t\t\t<div class=\"elementor-widget-container\">\n\t\t\t\t\t<h1 class=\"elementor-heading-title elementor-size-default\">General:<\/h1>\t\t\t\t<\/div>\n\t\t\t\t<\/div>\n\t\t\t\t<div class=\"elementor-element elementor-element-689bf6c7 elementor-widget elementor-widget-text-editor\" data-id=\"689bf6c7\" data-element_type=\"widget\" data-e-type=\"widget\" data-widget_type=\"text-editor.default\">\n\t\t\t\t<div class=\"elementor-widget-container\">\n\t\t\t\t\t\t\t\t\t<p style=\"text-align: justify; margin: 0cm 0cm 8.0pt 0cm;\"><span style=\"color: black;\">Este o specie de veveri\u021b\u0103 mic\u0103, activ\u0103 \u00een principal ziua, recunoscut\u0103 pentru blana sa ro\u0219cat\u0103 \u0219i coada pufoas\u0103. Are un comportament teritorial puternic \u0219i un temperament agresiv fa\u021b\u0103 de alte veveri\u021be care \u00eei invadeaz\u0103 teritoriul.Este foarte agresiv\u0103 fa\u021b\u0103 de alte veveri\u021be \u0219i \u00ee\u0219i ap\u0103r\u0103 teritoriul zgomotos. Poate scoate sunete asem\u0103n\u0103toare cu \u021bipetele p\u0103s\u0103rilor pentru a speria pr\u0103d\u0103torii!<\/span><\/p>\t\t\t\t\t\t\t\t<\/div>\n\t\t\t\t<\/div>\n\t\t\t\t\t<\/div>\n\t\t\t\t<\/div>\n\t\t<div class=\"elementor-element elementor-element-177d2872 e-flex e-con-boxed e-con e-parent\" data-id=\"177d2872\" data-element_type=\"container\" data-e-type=\"container\">\n\t\t\t\t\t<div class=\"e-con-inner\">\n\t\t\t\t<div class=\"elementor-element elementor-element-4349656 elementor-widget elementor-widget-gallery\" data-id=\"4349656\" data-element_type=\"widget\" data-e-type=\"widget\" data-settings=\"{&quot;columns&quot;:2,&quot;lazyload&quot;:&quot;yes&quot;,&quot;gallery_layout&quot;:&quot;grid&quot;,&quot;columns_tablet&quot;:2,&quot;columns_mobile&quot;:1,&quot;gap&quot;:{&quot;unit&quot;:&quot;px&quot;,&quot;size&quot;:10,&quot;sizes&quot;:[]},&quot;gap_tablet&quot;:{&quot;unit&quot;:&quot;px&quot;,&quot;size&quot;:10,&quot;sizes&quot;:[]},&quot;gap_mobile&quot;:{&quot;unit&quot;:&quot;px&quot;,&quot;size&quot;:10,&quot;sizes&quot;:[]},&quot;link_to&quot;:&quot;file&quot;,&quot;aspect_ratio&quot;:&quot;3:2&quot;,&quot;overlay_background&quot;:&quot;yes&quot;,&quot;content_hover_animation&quot;:&quot;fade-in&quot;}\" data-widget_type=\"gallery.default\">\n\t\t\t\t<div class=\"elementor-widget-container\">\n\t\t\t\t\t\t\t<div class=\"elementor-gallery__container\">\n\t\t\t\t\t\t\t<a class=\"e-gallery-item elementor-gallery-item elementor-animated-content\" href=\"https:\/\/bucurestizoo.ro\/wp-content\/uploads\/2025\/04\/veverita-rosie-americana-1-e1745688422443.jpg\" data-elementor-open-lightbox=\"yes\" data-elementor-lightbox-slideshow=\"4349656\" data-elementor-lightbox-title=\"veverita-rosie-americana 1\" data-e-action-hash=\"#elementor-action%3Aaction%3Dlightbox%26settings%3DeyJpZCI6MTU2NjUsInVybCI6Imh0dHBzOlwvXC9idWN1cmVzdGl6b28ucm9cL3dwLWNvbnRlbnRcL3VwbG9hZHNcLzIwMjVcLzA0XC92ZXZlcml0YS1yb3NpZS1hbWVyaWNhbmEtMS1lMTc0NTY4ODQyMjQ0My5qcGciLCJzbGlkZXNob3ciOiI0MzQ5NjU2In0%3D\">\n\t\t\t\t\t<div class=\"e-gallery-image elementor-gallery-item__image\" data-thumbnail=\"https:\/\/bucurestizoo.ro\/wp-content\/uploads\/2025\/04\/veverita-rosie-americana-1-e1745688422443-1024x650.jpg\" data-width=\"847\" data-height=\"538\" aria-label=\"\" role=\"img\" ><\/div>\n\t\t\t\t\t\t\t\t\t\t\t<div class=\"elementor-gallery-item__overlay\"><\/div>\n\t\t\t\t\t\t\t\t\t\t\t\t\t\t<\/a>\n\t\t\t\t\t\t\t<a class=\"e-gallery-item elementor-gallery-item elementor-animated-content\" href=\"https:\/\/bucurestizoo.ro\/wp-content\/uploads\/2025\/04\/veverita-rosie-americana-3.jpg\" data-elementor-open-lightbox=\"yes\" data-elementor-lightbox-slideshow=\"4349656\" data-elementor-lightbox-title=\"veverita-rosie-americana 3\" data-e-action-hash=\"#elementor-action%3Aaction%3Dlightbox%26settings%3DeyJpZCI6MTU2NjcsInVybCI6Imh0dHBzOlwvXC9idWN1cmVzdGl6b28ucm9cL3dwLWNvbnRlbnRcL3VwbG9hZHNcLzIwMjVcLzA0XC92ZXZlcml0YS1yb3NpZS1hbWVyaWNhbmEtMy5qcGciLCJzbGlkZXNob3ciOiI0MzQ5NjU2In0%3D\">\n\t\t\t\t\t<div class=\"e-gallery-image elementor-gallery-item__image\" data-thumbnail=\"https:\/\/bucurestizoo.ro\/wp-content\/uploads\/2025\/04\/veverita-rosie-americana-3-1024x768.jpg\" data-width=\"847\" data-height=\"635\" aria-label=\"\" role=\"img\" ><\/div>\n\t\t\t\t\t\t\t\t\t\t\t<div class=\"elementor-gallery-item__overlay\"><\/div>\n\t\t\t\t\t\t\t\t\t\t\t\t\t\t<\/a>\n\t\t\t\t\t<\/div>\n\t\t\t\t\t<\/div>\n\t\t\t\t<\/div>\n\t\t\t\t\t<\/div>\n\t\t\t\t<\/div>\n\t\t<div class=\"elementor-element elementor-element-1a5791de animated-slow e-flex e-con-boxed elementor-invisible e-con e-parent\" data-id=\"1a5791de\" data-element_type=\"container\" data-e-type=\"container\" data-settings=\"{&quot;animation&quot;:&quot;fadeInRight&quot;}\">\n\t\t\t\t\t<div class=\"e-con-inner\">\n\t\t\t\t<div class=\"elementor-element elementor-element-6f166796 elementor-widget elementor-widget-heading\" data-id=\"6f166796\" data-element_type=\"widget\" data-e-type=\"widget\" data-widget_type=\"heading.default\">\n\t\t\t\t<div class=\"elementor-widget-container\">\n\t\t\t\t\t<h1 class=\"elementor-heading-title elementor-size-default\">Habitat:<\/h1>\t\t\t\t<\/div>\n\t\t\t\t<\/div>\n\t\t\t\t<div class=\"elementor-element elementor-element-6e1f94ea elementor-widget elementor-widget-text-editor\" data-id=\"6e1f94ea\" data-element_type=\"widget\" data-e-type=\"widget\" data-widget_type=\"text-editor.default\">\n\t\t\t\t<div class=\"elementor-widget-container\">\n\t\t\t\t\t\t\t\t\t<p style=\"text-align: justify; margin: 0cm 0cm 8.0pt 0cm;\"><span style=\"color: black;\">Se g\u0103se\u0219te \u00een p\u0103durile de conifere din America de Nord, de la Alaska p\u00e2n\u0103 \u00een estul SUA. Prefer\u0103 zonele cu pini \u0219i molizi, unde \u00ee\u0219i construie\u0219te cuiburile \u00een scorburile copacilor sau \u00een cr\u0103p\u0103turi de st\u00e2nci.<\/span><\/p>\t\t\t\t\t\t\t\t<\/div>\n\t\t\t\t<\/div>\n\t\t\t\t\t<\/div>\n\t\t\t\t<\/div>\n\t\t<div class=\"elementor-element elementor-element-6cea2a2f e-grid e-con-boxed e-con e-parent\" data-id=\"6cea2a2f\" data-element_type=\"container\" data-e-type=\"container\">\n\t\t\t\t\t<div class=\"e-con-inner\">\n\t\t<div class=\"elementor-element elementor-element-35cfb380 e-con-full animated-slow e-flex elementor-invisible e-con e-child\" data-id=\"35cfb380\" data-element_type=\"container\" data-e-type=\"container\" data-settings=\"{&quot;animation&quot;:&quot;fadeInLeft&quot;}\">\n\t\t\t\t<div class=\"elementor-element elementor-element-59001998 elementor-widget elementor-widget-heading\" data-id=\"59001998\" data-element_type=\"widget\" data-e-type=\"widget\" data-widget_type=\"heading.default\">\n\t\t\t\t<div class=\"elementor-widget-container\">\n\t\t\t\t\t<h1 class=\"elementor-heading-title elementor-size-default\">Hran\u0103:<\/h1>\t\t\t\t<\/div>\n\t\t\t\t<\/div>\n\t\t\t\t<div class=\"elementor-element elementor-element-291dfc71 elementor-widget elementor-widget-text-editor\" data-id=\"291dfc71\" data-element_type=\"widget\" data-e-type=\"widget\" data-widget_type=\"text-editor.default\">\n\t\t\t\t<div class=\"elementor-widget-container\">\n\t\t\t\t\t\t\t\t\t<p>Semin\u021be de conifere, nuci, fructe, ciuperci. Se hr\u0103ne\u0219te \u00een principal cu semin\u021be de conifere, nuci, fructe de p\u0103dure \u0219i ciuperci, dar poate consuma \u0219i insecte sau ou\u0103 de p\u0103s\u0103ri.<\/p>\t\t\t\t\t\t\t\t<\/div>\n\t\t\t\t<\/div>\n\t\t\t\t<\/div>\n\t\t<div class=\"elementor-element elementor-element-15c1fd7 e-con-full animated-slow e-flex elementor-invisible e-con e-child\" data-id=\"15c1fd7\" data-element_type=\"container\" data-e-type=\"container\" data-settings=\"{&quot;animation&quot;:&quot;fadeInRight&quot;}\">\n\t\t\t\t<div class=\"elementor-element elementor-element-492e5ca5 elementor-widget elementor-widget-heading\" data-id=\"492e5ca5\" data-element_type=\"widget\" data-e-type=\"widget\" data-widget_type=\"heading.default\">\n\t\t\t\t<div class=\"elementor-widget-container\">\n\t\t\t\t\t<h1 class=\"elementor-heading-title elementor-size-default\">Conservare:<\/h1>\t\t\t\t<\/div>\n\t\t\t\t<\/div>\n\t\t\t\t<div class=\"elementor-element elementor-element-6d44aebf elementor-widget elementor-widget-text-editor\" data-id=\"6d44aebf\" data-element_type=\"widget\" data-e-type=\"widget\" data-widget_type=\"text-editor.default\">\n\t\t\t\t<div class=\"elementor-widget-container\">\n\t\t\t\t\t\t\t\t\t<p>Nu este considerat\u0103 o specie vulnerabil\u0103, av\u00e2nd o popula\u021bie stabil\u0103.<\/p>\t\t\t\t\t\t\t\t<\/div>\n\t\t\t\t<\/div>\n\t\t\t\t<\/div>\n\t\t\t\t\t<\/div>\n\t\t\t\t<\/div>\n\t\t\t\t<\/div>","protected":false},"excerpt":{"rendered":"<p>Veveri\u021ba American\u0103 \u2022 Denumire \u0219tiin\u021bific\u0103: Tamiasciurus hudsonicus\u2022 Ordin: Rodentia\u2022 Familie: Sciuridae\u2022 Gen: Tamiasciurus\u2022 Specie: Tamiasciurus hudsonicus\u2022 Distribu\u021bie: America de Nord\u2022 Dimensiuni: 28-35 cm lungime, coada 10-15 cm\u2022 Greutate: 200-250 g\u2022 Perioada de gesta\u021bie: 35-40 zile\u2022 Num\u0103r de pui: 2-5\u2022 Speran\u021b\u0103 de via\u021b\u0103: p\u00e2n\u0103 la 5 ani \u00een s\u0103lb\u0103ticie, \u00een captivitate mai mult General: Este o &hellip; <a href=\"https:\/\/bucurestizoo.ro\/en\/veverita-americana\/\" class=\"more-link\">Continue reading <span class=\"screen-reader-text\">Veveri\u021ba American\u0103<\/span><\/a><\/p>","protected":false},"author":1,"featured_media":0,"parent":0,"menu_order":0,"comment_status":"closed","ping_status":"closed","template":"","meta":{"_monsterinsights_skip_tracking":false,"_monsterinsights_sitenote_active":false,"_monsterinsights_sitenote_note":"","_monsterinsights_sitenote_category":0,"footnotes":""},"class_list":["post-15671","page","type-page","status-publish","hentry"],"aioseo_notices":[],"_links":{"self":[{"href":"https:\/\/bucurestizoo.ro\/en\/wp-json\/wp\/v2\/pages\/15671","targetHints":{"allow":["GET"]}}],"collection":[{"href":"https:\/\/bucurestizoo.ro\/en\/wp-json\/wp\/v2\/pages"}],"about":[{"href":"https:\/\/bucurestizoo.ro\/en\/wp-json\/wp\/v2\/types\/page"}],"author":[{"embeddable":true,"href":"https:\/\/bucurestizoo.ro\/en\/wp-json\/wp\/v2\/users\/1"}],"replies":[{"embeddable":true,"href":"https:\/\/bucurestizoo.ro\/en\/wp-json\/wp\/v2\/comments?post=15671"}],"version-history":[{"count":4,"href":"https:\/\/bucurestizoo.ro\/en\/wp-json\/wp\/v2\/pages\/15671\/revisions"}],"predecessor-version":[{"id":15676,"href":"https:\/\/bucurestizoo.ro\/en\/wp-json\/wp\/v2\/pages\/15671\/revisions\/15676"}],"wp:attachment":[{"href":"https:\/\/bucurestizoo.ro\/en\/wp-json\/wp\/v2\/media?parent=15671"}],"curies":[{"name":"wp","href":"https:\/\/api.w.org\/{rel}","templated":true}]}}