{"id":15645,"date":"2025-04-26T19:07:11","date_gmt":"2025-04-26T17:07:11","guid":{"rendered":"https:\/\/bucurestizoo.ro\/?page_id=15645"},"modified":"2025-04-26T19:16:11","modified_gmt":"2025-04-26T17:16:11","slug":"acvila-de-stepa","status":"publish","type":"page","link":"https:\/\/bucurestizoo.ro\/en\/acvila-de-stepa\/","title":{"rendered":"Acvil\u0103 de step\u0103"},"content":{"rendered":"<div data-elementor-type=\"wp-page\" data-elementor-id=\"15645\" class=\"elementor elementor-15645\" data-elementor-post-type=\"page\">\n\t\t\t\t<div class=\"elementor-element elementor-element-743929cb e-flex e-con-boxed e-con e-parent\" data-id=\"743929cb\" data-element_type=\"container\" data-e-type=\"container\" data-settings=\"{&quot;background_background&quot;:&quot;classic&quot;}\">\n\t\t\t\t\t<div class=\"e-con-inner\">\n\t\t<div class=\"elementor-element elementor-element-2f04c076 e-con-full e-flex e-con e-child\" data-id=\"2f04c076\" data-element_type=\"container\" data-e-type=\"container\">\n\t\t<div class=\"elementor-element elementor-element-5a5c4f3f e-con-full animated-slow e-flex elementor-invisible e-con e-child\" data-id=\"5a5c4f3f\" data-element_type=\"container\" data-e-type=\"container\" data-settings=\"{&quot;animation&quot;:&quot;fadeInLeft&quot;}\">\n\t\t\t\t<div class=\"elementor-element elementor-element-6c9efae4 elementor-widget elementor-widget-heading\" data-id=\"6c9efae4\" data-element_type=\"widget\" data-e-type=\"widget\" data-widget_type=\"heading.default\">\n\t\t\t\t<div class=\"elementor-widget-container\">\n\t\t\t\t\t<h1 class=\"elementor-heading-title elementor-size-default\">Acvil\u0103 de Step\u0103<\/h1>\t\t\t\t<\/div>\n\t\t\t\t<\/div>\n\t\t\t\t<div class=\"elementor-element elementor-element-20b31f46 elementor-widget elementor-widget-text-editor\" data-id=\"20b31f46\" data-element_type=\"widget\" data-e-type=\"widget\" data-widget_type=\"text-editor.default\">\n\t\t\t\t<div class=\"elementor-widget-container\">\n\t\t\t\t\t\t\t\t\t<p><strong>Nume \u0219tiin\u021bific:<\/strong> <em>Aquila nipalensis<\/em><br \/><strong>Ordin:<\/strong> Accipitriformes<br \/><strong>Familie:<\/strong> Accipitridae<br \/><strong>Gen:<\/strong> <em>Aquila<\/em><br \/><strong>Specie:<\/strong> <em>Aquila nipalensis<\/em><strong> Distribu\u021bie:<\/strong> Europa de Est, Asia Central\u0103, p\u0103r\u021bi din Orientul Mijlociu \u0219i Africa<br \/><strong>Dimensiuni:<\/strong> 60\u201380 cm lungime, anvergura aripilor 1,65\u20132 m<br \/><strong>Greutate:<\/strong> 2,5\u20135 kg<br \/><strong>Perioada de incuba\u021bie:<\/strong> 40\u201345 zile<br \/><strong>Num\u0103r de pui:<\/strong> 1\u20133 pui<br \/><strong>Speran\u021ba de via\u021b\u0103:<\/strong> 15\u201323 ani.<\/p>\t\t\t\t\t\t\t\t<\/div>\n\t\t\t\t<\/div>\n\t\t\t\t<\/div>\n\t\t\t\t<div class=\"elementor-element elementor-element-f2ba56 elementor-widget-tablet__width-inherit animated-slow elementor-invisible elementor-widget elementor-widget-image\" data-id=\"f2ba56\" data-element_type=\"widget\" data-e-type=\"widget\" data-settings=\"{&quot;_animation&quot;:&quot;fadeInRight&quot;}\" data-widget_type=\"image.default\">\n\t\t\t\t<div class=\"elementor-widget-container\">\n\t\t\t\t\t\t\t\t\t\t\t\t\t\t\t<img fetchpriority=\"high\" decoding=\"async\" width=\"847\" height=\"564\" src=\"https:\/\/bucurestizoo.ro\/wp-content\/uploads\/2025\/04\/acvila-de-stepa-dt_1-Large-1024x682.jpeg\" class=\"attachment-large size-large wp-image-15638\" alt=\"\" srcset=\"https:\/\/bucurestizoo.ro\/wp-content\/uploads\/2025\/04\/acvila-de-stepa-dt_1-Large-1024x682.jpeg 1024w, https:\/\/bucurestizoo.ro\/wp-content\/uploads\/2025\/04\/acvila-de-stepa-dt_1-Large-300x200.jpeg 300w, https:\/\/bucurestizoo.ro\/wp-content\/uploads\/2025\/04\/acvila-de-stepa-dt_1-Large-768x512.jpeg 768w, https:\/\/bucurestizoo.ro\/wp-content\/uploads\/2025\/04\/acvila-de-stepa-dt_1-Large-450x300.jpeg 450w, https:\/\/bucurestizoo.ro\/wp-content\/uploads\/2025\/04\/acvila-de-stepa-dt_1-Large-650x433.jpeg 650w, https:\/\/bucurestizoo.ro\/wp-content\/uploads\/2025\/04\/acvila-de-stepa-dt_1-Large.jpeg 1280w\" sizes=\"(max-width: 847px) 100vw, 847px\" data-id=\"15638\" \/>\t\t\t\t\t\t\t\t\t\t\t\t\t\t\t<\/div>\n\t\t\t\t<\/div>\n\t\t\t\t<\/div>\n\t\t\t\t\t<\/div>\n\t\t\t\t<\/div>\n\t\t<div class=\"elementor-element elementor-element-4795ab24 animated-slow e-flex e-con-boxed elementor-invisible e-con e-parent\" data-id=\"4795ab24\" data-element_type=\"container\" data-e-type=\"container\" data-settings=\"{&quot;animation&quot;:&quot;fadeInLeft&quot;}\">\n\t\t\t\t\t<div class=\"e-con-inner\">\n\t\t\t\t<div class=\"elementor-element elementor-element-c35b801 elementor-widget elementor-widget-heading\" data-id=\"c35b801\" data-element_type=\"widget\" data-e-type=\"widget\" data-widget_type=\"heading.default\">\n\t\t\t\t<div class=\"elementor-widget-container\">\n\t\t\t\t\t<h1 class=\"elementor-heading-title elementor-size-default\">General:<\/h1>\t\t\t\t<\/div>\n\t\t\t\t<\/div>\n\t\t\t\t<div class=\"elementor-element elementor-element-67ff8ca5 elementor-widget elementor-widget-text-editor\" data-id=\"67ff8ca5\" data-element_type=\"widget\" data-e-type=\"widget\" data-widget_type=\"text-editor.default\">\n\t\t\t\t<div class=\"elementor-widget-container\">\n\t\t\t\t\t\t\t\t\t<p>Acvila de step\u0103 (<em data-start=\"156\" data-end=\"175\">Aquila nipalensis<\/em>) este o pas\u0103re de prad\u0103 impun\u0103toare, cu un penaj predominant brun-\u00eenchis, mai deschis pe partea ventral\u0103 \u0219i \u00een zona umerilor. Este recunoscut\u0103 pentru silueta sa robust\u0103 \u0219i zborul s\u0103u elegant, cu aripi lungi, late \u0219i puternice, adaptate pentru planare la mari altitudini. Este o specie migratoare pe distan\u021be lungi, care \u00ee\u0219i petrece vara \u00een regiunile deschise din Europa de Est \u0219i Asia Central\u0103 \u0219i migreaz\u0103 \u00een timpul iernii \u00een Africa subsaharian\u0103. De\u0219i este o pas\u0103re t\u0103cut\u0103 \u00een afara sezonului de reproducere, \u00een perioada cuib\u0103ritului poate emite strig\u0103te ascu\u021bite.<\/p>\t\t\t\t\t\t\t\t<\/div>\n\t\t\t\t<\/div>\n\t\t\t\t\t<\/div>\n\t\t\t\t<\/div>\n\t\t<div class=\"elementor-element elementor-element-39b309ba e-flex e-con-boxed e-con e-parent\" data-id=\"39b309ba\" data-element_type=\"container\" data-e-type=\"container\">\n\t\t\t\t\t<div class=\"e-con-inner\">\n\t\t\t\t<div class=\"elementor-element elementor-element-550b66a1 elementor-widget elementor-widget-gallery\" data-id=\"550b66a1\" data-element_type=\"widget\" data-e-type=\"widget\" data-settings=\"{&quot;columns&quot;:2,&quot;lazyload&quot;:&quot;yes&quot;,&quot;gallery_layout&quot;:&quot;grid&quot;,&quot;columns_tablet&quot;:2,&quot;columns_mobile&quot;:1,&quot;gap&quot;:{&quot;unit&quot;:&quot;px&quot;,&quot;size&quot;:10,&quot;sizes&quot;:[]},&quot;gap_tablet&quot;:{&quot;unit&quot;:&quot;px&quot;,&quot;size&quot;:10,&quot;sizes&quot;:[]},&quot;gap_mobile&quot;:{&quot;unit&quot;:&quot;px&quot;,&quot;size&quot;:10,&quot;sizes&quot;:[]},&quot;link_to&quot;:&quot;file&quot;,&quot;aspect_ratio&quot;:&quot;3:2&quot;,&quot;overlay_background&quot;:&quot;yes&quot;,&quot;content_hover_animation&quot;:&quot;fade-in&quot;}\" data-widget_type=\"gallery.default\">\n\t\t\t\t<div class=\"elementor-widget-container\">\n\t\t\t\t\t\t\t<div class=\"elementor-gallery__container\">\n\t\t\t\t\t\t\t<a class=\"e-gallery-item elementor-gallery-item elementor-animated-content\" href=\"https:\/\/bucurestizoo.ro\/wp-content\/uploads\/2025\/04\/acvila-de-stepa-dt_2-Large.jpeg\" data-elementor-open-lightbox=\"yes\" data-elementor-lightbox-slideshow=\"550b66a1\" data-elementor-lightbox-title=\"acvila de stepa dt_2 Large\" data-e-action-hash=\"#elementor-action%3Aaction%3Dlightbox%26settings%3DeyJpZCI6MTU2MzksInVybCI6Imh0dHBzOlwvXC9idWN1cmVzdGl6b28ucm9cL3dwLWNvbnRlbnRcL3VwbG9hZHNcLzIwMjVcLzA0XC9hY3ZpbGEtZGUtc3RlcGEtZHRfMi1MYXJnZS5qcGVnIiwic2xpZGVzaG93IjoiNTUwYjY2YTEifQ%3D%3D\">\n\t\t\t\t\t<div class=\"e-gallery-image elementor-gallery-item__image\" data-thumbnail=\"https:\/\/bucurestizoo.ro\/wp-content\/uploads\/2025\/04\/acvila-de-stepa-dt_2-Large-1024x682.jpeg\" data-width=\"847\" data-height=\"564\" aria-label=\"\" role=\"img\" ><\/div>\n\t\t\t\t\t\t\t\t\t\t\t<div class=\"elementor-gallery-item__overlay\"><\/div>\n\t\t\t\t\t\t\t\t\t\t\t\t\t\t<\/a>\n\t\t\t\t\t\t\t<a class=\"e-gallery-item elementor-gallery-item elementor-animated-content\" href=\"https:\/\/bucurestizoo.ro\/wp-content\/uploads\/2025\/04\/acvila-de-stepa-dt_3-Large.jpeg\" data-elementor-open-lightbox=\"yes\" data-elementor-lightbox-slideshow=\"550b66a1\" data-elementor-lightbox-title=\"acvila de stepa dt_3 Large\" data-e-action-hash=\"#elementor-action%3Aaction%3Dlightbox%26settings%3DeyJpZCI6MTU2NDAsInVybCI6Imh0dHBzOlwvXC9idWN1cmVzdGl6b28ucm9cL3dwLWNvbnRlbnRcL3VwbG9hZHNcLzIwMjVcLzA0XC9hY3ZpbGEtZGUtc3RlcGEtZHRfMy1MYXJnZS5qcGVnIiwic2xpZGVzaG93IjoiNTUwYjY2YTEifQ%3D%3D\">\n\t\t\t\t\t<div class=\"e-gallery-image elementor-gallery-item__image\" data-thumbnail=\"https:\/\/bucurestizoo.ro\/wp-content\/uploads\/2025\/04\/acvila-de-stepa-dt_3-Large-1024x682.jpeg\" data-width=\"847\" data-height=\"564\" aria-label=\"\" role=\"img\" ><\/div>\n\t\t\t\t\t\t\t\t\t\t\t<div class=\"elementor-gallery-item__overlay\"><\/div>\n\t\t\t\t\t\t\t\t\t\t\t\t\t\t<\/a>\n\t\t\t\t\t<\/div>\n\t\t\t\t\t<\/div>\n\t\t\t\t<\/div>\n\t\t\t\t\t<\/div>\n\t\t\t\t<\/div>\n\t\t<div class=\"elementor-element elementor-element-7d275732 animated-slow e-flex e-con-boxed elementor-invisible e-con e-parent\" data-id=\"7d275732\" data-element_type=\"container\" data-e-type=\"container\" data-settings=\"{&quot;animation&quot;:&quot;fadeInRight&quot;}\">\n\t\t\t\t\t<div class=\"e-con-inner\">\n\t\t\t\t<div class=\"elementor-element elementor-element-3262ece3 elementor-widget elementor-widget-heading\" data-id=\"3262ece3\" data-element_type=\"widget\" data-e-type=\"widget\" data-widget_type=\"heading.default\">\n\t\t\t\t<div class=\"elementor-widget-container\">\n\t\t\t\t\t<h1 class=\"elementor-heading-title elementor-size-default\">Habitat:<\/h1>\t\t\t\t<\/div>\n\t\t\t\t<\/div>\n\t\t\t\t<div class=\"elementor-element elementor-element-5bc3f526 elementor-widget elementor-widget-text-editor\" data-id=\"5bc3f526\" data-element_type=\"widget\" data-e-type=\"widget\" data-widget_type=\"text-editor.default\">\n\t\t\t\t<div class=\"elementor-widget-container\">\n\t\t\t\t\t\t\t\t\t<p>Acvila de step\u0103 prefer\u0103 c\u00e2mpiile \u00eentinse, stepele aride \u0219i savanele deschise, unde vizibilitatea este bun\u0103 \u0219i exist\u0103 suficient spa\u021biu pentru a v\u00e2na. Evit\u0103 zonele dens \u00eemp\u0103durite sau regiunile montane accidentate, prefer\u00e2nd habitatele joase, cu vegeta\u021bie joas\u0103 sau moderat\u0103. \u00cen timpul migra\u021biei \u0219i iernii, poate fi observat\u0103 \u0219i \u00een terenuri agricole, margini de de\u0219erturi \u0219i p\u0103\u0219uni \u00eentinse.<\/p>\t\t\t\t\t\t\t\t<\/div>\n\t\t\t\t<\/div>\n\t\t\t\t\t<\/div>\n\t\t\t\t<\/div>\n\t\t<div class=\"elementor-element elementor-element-55ab5cea e-grid e-con-boxed e-con e-parent\" data-id=\"55ab5cea\" data-element_type=\"container\" data-e-type=\"container\">\n\t\t\t\t\t<div class=\"e-con-inner\">\n\t\t<div class=\"elementor-element elementor-element-a6e10e5 e-con-full animated-slow e-flex elementor-invisible e-con e-child\" data-id=\"a6e10e5\" data-element_type=\"container\" data-e-type=\"container\" data-settings=\"{&quot;animation&quot;:&quot;fadeInLeft&quot;}\">\n\t\t\t\t<div class=\"elementor-element elementor-element-1d1cf34e elementor-widget elementor-widget-heading\" data-id=\"1d1cf34e\" data-element_type=\"widget\" data-e-type=\"widget\" data-widget_type=\"heading.default\">\n\t\t\t\t<div class=\"elementor-widget-container\">\n\t\t\t\t\t<h1 class=\"elementor-heading-title elementor-size-default\">Hran\u0103:<\/h1>\t\t\t\t<\/div>\n\t\t\t\t<\/div>\n\t\t\t\t<div class=\"elementor-element elementor-element-486af546 elementor-widget elementor-widget-text-editor\" data-id=\"486af546\" data-element_type=\"widget\" data-e-type=\"widget\" data-widget_type=\"text-editor.default\">\n\t\t\t\t<div class=\"elementor-widget-container\">\n\t\t\t\t\t\t\t\t\t<p>Aceast\u0103 specie este strict carnivor\u0103 \u0219i v\u00e2neaz\u0103 o varietate de pr\u0103zi de talie mic\u0103. Dieta sa cuprinde \u00een principal mamifere mici (roz\u0103toare, iepuri), p\u0103s\u0103ri de dimensiuni mici \u0219i mijlocii, reptile \u0219i ocazional insecte mari. Uneori, consum\u0103 \u0219i animale moarte (carrion), comportament oportunist care o ajut\u0103 s\u0103 supravie\u021buiasc\u0103 \u00een perioadele cu resurse limitate. Este un v\u00e2n\u0103tor r\u0103bd\u0103tor, zbur\u00e2nd la joas\u0103 altitudine pentru a detecta prada sau p\u00e2ndind de pe sol sau de pe st\u00e2nci.<\/p>\t\t\t\t\t\t\t\t<\/div>\n\t\t\t\t<\/div>\n\t\t\t\t<\/div>\n\t\t<div class=\"elementor-element elementor-element-12621d11 e-con-full animated-slow e-flex elementor-invisible e-con e-child\" data-id=\"12621d11\" data-element_type=\"container\" data-e-type=\"container\" data-settings=\"{&quot;animation&quot;:&quot;fadeInRight&quot;}\">\n\t\t\t\t<div class=\"elementor-element elementor-element-267330d0 elementor-widget elementor-widget-heading\" data-id=\"267330d0\" data-element_type=\"widget\" data-e-type=\"widget\" data-widget_type=\"heading.default\">\n\t\t\t\t<div class=\"elementor-widget-container\">\n\t\t\t\t\t<h1 class=\"elementor-heading-title elementor-size-default\">Conservare:<\/h1>\t\t\t\t<\/div>\n\t\t\t\t<\/div>\n\t\t\t\t<div class=\"elementor-element elementor-element-56e7ff44 elementor-widget elementor-widget-text-editor\" data-id=\"56e7ff44\" data-element_type=\"widget\" data-e-type=\"widget\" data-widget_type=\"text-editor.default\">\n\t\t\t\t<div class=\"elementor-widget-container\">\n\t\t\t\t\t\t\t\t\t<p>Acvila de step\u0103 este considerat\u0103 o specie \u00een declin, fiind listat\u0103 ca &#8222;Vulnerabil\u0103&#8221; pe Lista Ro\u0219ie IUCN. Principalele amenin\u021b\u0103ri sunt pierderea habitatului natural din cauza agriculturii intensive, urbaniz\u0103rii \u0219i defri\u0219\u0103rilor. De asemenea, este afectat\u0103 de coliziunile cu liniile electrice, otr\u0103viri accidentale \u0219i v\u00e2n\u0103toare ilegal\u0103. Protejarea habitatelor naturale, reducerea conflictelor cu oamenii \u0219i protejarea rutelor de migra\u021bie sunt esen\u021biale pentru conservarea acestei specii impresionante.<\/p><p>\u00a0<\/p>\t\t\t\t\t\t\t\t<\/div>\n\t\t\t\t<\/div>\n\t\t\t\t<\/div>\n\t\t\t\t\t<\/div>\n\t\t\t\t<\/div>\n\t\t\t\t<\/div>","protected":false},"excerpt":{"rendered":"<p>Acvil\u0103 de Step\u0103 Nume \u0219tiin\u021bific: Aquila nipalensisOrdin: AccipitriformesFamilie: AccipitridaeGen: AquilaSpecie: Aquila nipalensis Distribu\u021bie: Europa de Est, Asia Central\u0103, p\u0103r\u021bi din Orientul Mijlociu \u0219i AfricaDimensiuni: 60\u201380 cm lungime, anvergura aripilor 1,65\u20132 mGreutate: 2,5\u20135 kgPerioada de incuba\u021bie: 40\u201345 zileNum\u0103r de pui: 1\u20133 puiSperan\u021ba de via\u021b\u0103: 15\u201323 ani. General: Acvila de step\u0103 (Aquila nipalensis) este o pas\u0103re de &hellip; <a href=\"https:\/\/bucurestizoo.ro\/en\/acvila-de-stepa\/\" class=\"more-link\">Continue reading <span class=\"screen-reader-text\">Acvil\u0103 de step\u0103<\/span><\/a><\/p>","protected":false},"author":1,"featured_media":0,"parent":0,"menu_order":0,"comment_status":"closed","ping_status":"closed","template":"","meta":{"_monsterinsights_skip_tracking":false,"_monsterinsights_sitenote_active":false,"_monsterinsights_sitenote_note":"","_monsterinsights_sitenote_category":0,"footnotes":""},"class_list":["post-15645","page","type-page","status-publish","hentry"],"aioseo_notices":[],"_links":{"self":[{"href":"https:\/\/bucurestizoo.ro\/en\/wp-json\/wp\/v2\/pages\/15645","targetHints":{"allow":["GET"]}}],"collection":[{"href":"https:\/\/bucurestizoo.ro\/en\/wp-json\/wp\/v2\/pages"}],"about":[{"href":"https:\/\/bucurestizoo.ro\/en\/wp-json\/wp\/v2\/types\/page"}],"author":[{"embeddable":true,"href":"https:\/\/bucurestizoo.ro\/en\/wp-json\/wp\/v2\/users\/1"}],"replies":[{"embeddable":true,"href":"https:\/\/bucurestizoo.ro\/en\/wp-json\/wp\/v2\/comments?post=15645"}],"version-history":[{"count":4,"href":"https:\/\/bucurestizoo.ro\/en\/wp-json\/wp\/v2\/pages\/15645\/revisions"}],"predecessor-version":[{"id":15655,"href":"https:\/\/bucurestizoo.ro\/en\/wp-json\/wp\/v2\/pages\/15645\/revisions\/15655"}],"wp:attachment":[{"href":"https:\/\/bucurestizoo.ro\/en\/wp-json\/wp\/v2\/media?parent=15645"}],"curies":[{"name":"wp","href":"https:\/\/api.w.org\/{rel}","templated":true}]}}