{"id":15644,"date":"2025-04-26T19:07:16","date_gmt":"2025-04-26T17:07:16","guid":{"rendered":"https:\/\/bucurestizoo.ro\/?page_id=15644"},"modified":"2025-04-26T19:10:57","modified_gmt":"2025-04-26T17:10:57","slug":"acvila-codalb","status":"publish","type":"page","link":"https:\/\/bucurestizoo.ro\/en\/acvila-codalb\/","title":{"rendered":"Acvil\u0103 Codalb"},"content":{"rendered":"<div data-elementor-type=\"wp-page\" data-elementor-id=\"15644\" class=\"elementor elementor-15644\" data-elementor-post-type=\"page\">\n\t\t\t\t<div class=\"elementor-element elementor-element-3d87595b e-flex e-con-boxed e-con e-parent\" data-id=\"3d87595b\" data-element_type=\"container\" data-e-type=\"container\" data-settings=\"{&quot;background_background&quot;:&quot;classic&quot;}\">\n\t\t\t\t\t<div class=\"e-con-inner\">\n\t\t<div class=\"elementor-element elementor-element-128e1ee e-con-full e-flex e-con e-child\" data-id=\"128e1ee\" data-element_type=\"container\" data-e-type=\"container\">\n\t\t<div class=\"elementor-element elementor-element-6cbd150e e-con-full animated-slow e-flex elementor-invisible e-con e-child\" data-id=\"6cbd150e\" data-element_type=\"container\" data-e-type=\"container\" data-settings=\"{&quot;animation&quot;:&quot;fadeInLeft&quot;}\">\n\t\t\t\t<div class=\"elementor-element elementor-element-7389c065 elementor-widget elementor-widget-heading\" data-id=\"7389c065\" data-element_type=\"widget\" data-e-type=\"widget\" data-widget_type=\"heading.default\">\n\t\t\t\t<div class=\"elementor-widget-container\">\n\t\t\t\t\t<h1 class=\"elementor-heading-title elementor-size-default\">Acvil\u0103 Codalb<\/h1>\t\t\t\t<\/div>\n\t\t\t\t<\/div>\n\t\t\t\t<div class=\"elementor-element elementor-element-34d13caa elementor-widget elementor-widget-text-editor\" data-id=\"34d13caa\" data-element_type=\"widget\" data-e-type=\"widget\" data-widget_type=\"text-editor.default\">\n\t\t\t\t<div class=\"elementor-widget-container\">\n\t\t\t\t\t\t\t\t\t<p><strong>\u2022 Denumire \u0219tiin\u021bific\u0103:<\/strong> <em>Haliaeetus albicilla<\/em><br \/><strong>\u2022 Ordin:<\/strong> Accipitriformes<br \/><strong>\u2022 Familie:<\/strong> Accipitridae<br \/><strong>\u2022 Gen:<\/strong> <em>Haliaeetus<\/em><br \/><strong>\u2022 Specie:<\/strong> <em>Haliaeetus albicilla<\/em><br \/><strong>\u2022 Distribu\u021bie:<\/strong> Europa, Asia, coastele Pacificului<br \/><strong>\u2022 Dimensiuni:<\/strong> 70-94 cm lungime, anvergura aripilor 200-250 cm<br \/><strong>\u2022 Greutate:<\/strong> 3,1-6,9 kg<br \/><strong>\u2022 Perioada de incubare:<\/strong> 38-42 zile<br \/><strong>\u2022 Num\u0103r de pui:<\/strong> 1-3<br \/><strong>\u2022 Speran\u021b\u0103 de via\u021b\u0103:<\/strong> 21 ani \u00een s\u0103lb\u0103ticie, \u00een captivitate mai mult.<\/p>\t\t\t\t\t\t\t\t<\/div>\n\t\t\t\t<\/div>\n\t\t\t\t<\/div>\n\t\t\t\t<div class=\"elementor-element elementor-element-477b3f64 elementor-widget-tablet__width-inherit animated-slow elementor-invisible elementor-widget elementor-widget-image\" data-id=\"477b3f64\" data-element_type=\"widget\" data-e-type=\"widget\" data-settings=\"{&quot;_animation&quot;:&quot;fadeInRight&quot;}\" data-widget_type=\"image.default\">\n\t\t\t\t<div class=\"elementor-widget-container\">\n\t\t\t\t\t\t\t\t\t\t\t\t\t\t\t<img fetchpriority=\"high\" decoding=\"async\" width=\"847\" height=\"564\" src=\"https:\/\/bucurestizoo.ro\/wp-content\/uploads\/2025\/04\/acvila-codalb-dt_1-Large-1024x682.jpeg\" class=\"attachment-large size-large wp-image-15635\" alt=\"\" srcset=\"https:\/\/bucurestizoo.ro\/wp-content\/uploads\/2025\/04\/acvila-codalb-dt_1-Large-1024x682.jpeg 1024w, https:\/\/bucurestizoo.ro\/wp-content\/uploads\/2025\/04\/acvila-codalb-dt_1-Large-300x200.jpeg 300w, https:\/\/bucurestizoo.ro\/wp-content\/uploads\/2025\/04\/acvila-codalb-dt_1-Large-768x512.jpeg 768w, https:\/\/bucurestizoo.ro\/wp-content\/uploads\/2025\/04\/acvila-codalb-dt_1-Large-450x300.jpeg 450w, https:\/\/bucurestizoo.ro\/wp-content\/uploads\/2025\/04\/acvila-codalb-dt_1-Large-650x433.jpeg 650w, https:\/\/bucurestizoo.ro\/wp-content\/uploads\/2025\/04\/acvila-codalb-dt_1-Large.jpeg 1280w\" sizes=\"(max-width: 847px) 100vw, 847px\" data-id=\"15635\" \/>\t\t\t\t\t\t\t\t\t\t\t\t\t\t\t<\/div>\n\t\t\t\t<\/div>\n\t\t\t\t<\/div>\n\t\t\t\t\t<\/div>\n\t\t\t\t<\/div>\n\t\t<div class=\"elementor-element elementor-element-1f2f6dba animated-slow e-flex e-con-boxed elementor-invisible e-con e-parent\" data-id=\"1f2f6dba\" data-element_type=\"container\" data-e-type=\"container\" data-settings=\"{&quot;animation&quot;:&quot;fadeInLeft&quot;}\">\n\t\t\t\t\t<div class=\"e-con-inner\">\n\t\t\t\t<div class=\"elementor-element elementor-element-7fe671c6 elementor-widget elementor-widget-heading\" data-id=\"7fe671c6\" data-element_type=\"widget\" data-e-type=\"widget\" data-widget_type=\"heading.default\">\n\t\t\t\t<div class=\"elementor-widget-container\">\n\t\t\t\t\t<h1 class=\"elementor-heading-title elementor-size-default\">General:<\/h1>\t\t\t\t<\/div>\n\t\t\t\t<\/div>\n\t\t\t\t<div class=\"elementor-element elementor-element-77129cf2 elementor-widget elementor-widget-text-editor\" data-id=\"77129cf2\" data-element_type=\"widget\" data-e-type=\"widget\" data-widget_type=\"text-editor.default\">\n\t\t\t\t<div class=\"elementor-widget-container\">\n\t\t\t\t\t\t\t\t\t<p>Codalbul, cunoscut \u0219i sub denumirea de Vultur cu coada alb\u0103, este o pas\u0103re de prad\u0103 diurn\u0103, monogam\u0103 ce tinde s\u0103 \u00ee\u0219i p\u0103streze perechea toat\u0103 via\u021ba. V\u00e2neaz\u0103 printr-un zbor jos deasupra apei de unde \u00ee\u0219i prinde prada sau poate realiza cercuri largi la 200 \u2013 300 m \u00een\u0103l\u021bime, de unde se uit\u0103 dup\u0103 prad\u0103. La sf\u00e2r\u0219itul lunii aprilie \u0219i \u00eenceputul lunii mai, c\u00e2nd pe\u0219tii depun icrele, st\u0103 nemi\u0219cat \u00een ape mici \u0219i prinde cu s\u0103rituri rapide, pe\u0219tii care trec prin apropiere. Se poate scufunda, dar o face rar.<br \/>\u00cen natur\u0103 se estimeaz\u0103 c\u0103 exist\u0103 5000-7000 de perechi de codalbi: 175 perechi \u00een Groenlanda \u0219i aproape 3500 de perechi \u00een Europa (\u00een Islanda 35-40 perechi, Norvegia 1500, Rusia european\u0103 900-1100, Polonia 180-240, Germania 140 -150, Suedia 100-150).<br \/>\u00cen Rom\u00e2nia au fost identificate 20-25 perechi cuib\u0103ritoare de codalb, \u00eent\u00e2lnite \u00een regiunea Dun\u0103rii \u0219i \u00een Delta Dun\u0103rii, \u00een mai multe rezerva\u021bii naturale incluse \u00een parcul na\u021bional Delta Dun\u0103rii.<br \/>Specia este amenin\u021bat\u0103 de pierderea \u0219i degradarea zonelor umede, poluarea mediului, coliziunea cu generatoarele eoliene, precum \u0219i utilizarea f\u0103r\u0103 discern\u0103m\u00e2nt a pesticidelor. Metodele forestiere moderne reduc disponibilitatea habitatului de cuib\u0103rire adecvat. Pesticidele organoclorurate \u0219i poluarea cu metale grele au dus la reduceri \u00een reproducerea cu succes a speciei, \u00een special \u00een regiunea Baltic\u0103.<br \/>Este una dintre cele mai mari p\u0103s\u0103ri de prad\u0103 din Europa. Acvila codalb poate fura prada altor p\u0103s\u0103ri, folosindu-\u0219i dimensiunea impresionant\u0103 ca avantaj!<\/p>\t\t\t\t\t\t\t\t<\/div>\n\t\t\t\t<\/div>\n\t\t\t\t\t<\/div>\n\t\t\t\t<\/div>\n\t\t<div class=\"elementor-element elementor-element-779d33e8 e-flex e-con-boxed e-con e-parent\" data-id=\"779d33e8\" data-element_type=\"container\" data-e-type=\"container\">\n\t\t\t\t\t<div class=\"e-con-inner\">\n\t\t\t\t<div class=\"elementor-element elementor-element-437599ec elementor-widget elementor-widget-gallery\" data-id=\"437599ec\" data-element_type=\"widget\" data-e-type=\"widget\" data-settings=\"{&quot;columns&quot;:2,&quot;lazyload&quot;:&quot;yes&quot;,&quot;gallery_layout&quot;:&quot;grid&quot;,&quot;columns_tablet&quot;:2,&quot;columns_mobile&quot;:1,&quot;gap&quot;:{&quot;unit&quot;:&quot;px&quot;,&quot;size&quot;:10,&quot;sizes&quot;:[]},&quot;gap_tablet&quot;:{&quot;unit&quot;:&quot;px&quot;,&quot;size&quot;:10,&quot;sizes&quot;:[]},&quot;gap_mobile&quot;:{&quot;unit&quot;:&quot;px&quot;,&quot;size&quot;:10,&quot;sizes&quot;:[]},&quot;link_to&quot;:&quot;file&quot;,&quot;aspect_ratio&quot;:&quot;3:2&quot;,&quot;overlay_background&quot;:&quot;yes&quot;,&quot;content_hover_animation&quot;:&quot;fade-in&quot;}\" data-widget_type=\"gallery.default\">\n\t\t\t\t<div class=\"elementor-widget-container\">\n\t\t\t\t\t\t\t<div class=\"elementor-gallery__container\">\n\t\t\t\t\t\t\t<a class=\"e-gallery-item elementor-gallery-item elementor-animated-content\" href=\"https:\/\/bucurestizoo.ro\/wp-content\/uploads\/2025\/04\/acvila-codalb-dt_2-Large.jpeg\" data-elementor-open-lightbox=\"yes\" data-elementor-lightbox-slideshow=\"437599ec\" data-elementor-lightbox-title=\"acvila codalb dt_2 Large\" data-e-action-hash=\"#elementor-action%3Aaction%3Dlightbox%26settings%3DeyJpZCI6MTU2MzYsInVybCI6Imh0dHBzOlwvXC9idWN1cmVzdGl6b28ucm9cL3dwLWNvbnRlbnRcL3VwbG9hZHNcLzIwMjVcLzA0XC9hY3ZpbGEtY29kYWxiLWR0XzItTGFyZ2UuanBlZyIsInNsaWRlc2hvdyI6IjQzNzU5OWVjIn0%3D\">\n\t\t\t\t\t<div class=\"e-gallery-image elementor-gallery-item__image\" data-thumbnail=\"https:\/\/bucurestizoo.ro\/wp-content\/uploads\/2025\/04\/acvila-codalb-dt_2-Large-1024x707.jpeg\" data-width=\"847\" data-height=\"585\" aria-label=\"\" role=\"img\" ><\/div>\n\t\t\t\t\t\t\t\t\t\t\t<div class=\"elementor-gallery-item__overlay\"><\/div>\n\t\t\t\t\t\t\t\t\t\t\t\t\t\t<\/a>\n\t\t\t\t\t\t\t<a class=\"e-gallery-item elementor-gallery-item elementor-animated-content\" href=\"https:\/\/bucurestizoo.ro\/wp-content\/uploads\/2025\/04\/acvila-codalb-dt_3-Large.jpeg\" data-elementor-open-lightbox=\"yes\" data-elementor-lightbox-slideshow=\"437599ec\" data-elementor-lightbox-title=\"acvila codalb dt_3 Large\" data-e-action-hash=\"#elementor-action%3Aaction%3Dlightbox%26settings%3DeyJpZCI6MTU2MzcsInVybCI6Imh0dHBzOlwvXC9idWN1cmVzdGl6b28ucm9cL3dwLWNvbnRlbnRcL3VwbG9hZHNcLzIwMjVcLzA0XC9hY3ZpbGEtY29kYWxiLWR0XzMtTGFyZ2UuanBlZyIsInNsaWRlc2hvdyI6IjQzNzU5OWVjIn0%3D\">\n\t\t\t\t\t<div class=\"e-gallery-image elementor-gallery-item__image\" data-thumbnail=\"https:\/\/bucurestizoo.ro\/wp-content\/uploads\/2025\/04\/acvila-codalb-dt_3-Large-1024x682.jpeg\" data-width=\"847\" data-height=\"564\" aria-label=\"\" role=\"img\" ><\/div>\n\t\t\t\t\t\t\t\t\t\t\t<div class=\"elementor-gallery-item__overlay\"><\/div>\n\t\t\t\t\t\t\t\t\t\t\t\t\t\t<\/a>\n\t\t\t\t\t<\/div>\n\t\t\t\t\t<\/div>\n\t\t\t\t<\/div>\n\t\t\t\t\t<\/div>\n\t\t\t\t<\/div>\n\t\t<div class=\"elementor-element elementor-element-28a82ba5 animated-slow e-flex e-con-boxed elementor-invisible e-con e-parent\" data-id=\"28a82ba5\" data-element_type=\"container\" data-e-type=\"container\" data-settings=\"{&quot;animation&quot;:&quot;fadeInRight&quot;}\">\n\t\t\t\t\t<div class=\"e-con-inner\">\n\t\t\t\t<div class=\"elementor-element elementor-element-75905e72 elementor-widget elementor-widget-heading\" data-id=\"75905e72\" data-element_type=\"widget\" data-e-type=\"widget\" data-widget_type=\"heading.default\">\n\t\t\t\t<div class=\"elementor-widget-container\">\n\t\t\t\t\t<h1 class=\"elementor-heading-title elementor-size-default\">Habitat:<\/h1>\t\t\t\t<\/div>\n\t\t\t\t<\/div>\n\t\t\t\t<div class=\"elementor-element elementor-element-6651ac7f elementor-widget elementor-widget-text-editor\" data-id=\"6651ac7f\" data-element_type=\"widget\" data-e-type=\"widget\" data-widget_type=\"text-editor.default\">\n\t\t\t\t<div class=\"elementor-widget-container\">\n\t\t\t\t\t\t\t\t\t<p>Zone de coast\u0103, lacuri, r\u00e2uri. Specia necesit\u0103 suprafe\u021be mari \u0219i deschise de lac, coast\u0103 sau valea r\u00e2ului, \u00een zonele boreale temperate \u0219i de tundr\u0103, \u00een apropiere de st\u00e2nci sau locuri deschise cu copaci mari vechi pentru cuib\u0103rit.<br \/>Aceasta este, \u00een principal, o specie migratoare \u00een partea de nord \u0219i est a zonei sale de reproducere, de iernare \u00een Europa continental\u0103 \u0219i Asia de Sud, dar sedentare \u00een alt\u0103 parte. P\u0103s\u0103rile sunt de obicei observate individual sau \u00een grupuri de c\u00e2te doua sau tre exemplare.<\/p>\t\t\t\t\t\t\t\t<\/div>\n\t\t\t\t<\/div>\n\t\t\t\t\t<\/div>\n\t\t\t\t<\/div>\n\t\t<div class=\"elementor-element elementor-element-5598f649 e-grid e-con-boxed e-con e-parent\" data-id=\"5598f649\" data-element_type=\"container\" data-e-type=\"container\">\n\t\t\t\t\t<div class=\"e-con-inner\">\n\t\t<div class=\"elementor-element elementor-element-2e018e7 e-con-full animated-slow e-flex elementor-invisible e-con e-child\" data-id=\"2e018e7\" data-element_type=\"container\" data-e-type=\"container\" data-settings=\"{&quot;animation&quot;:&quot;fadeInLeft&quot;}\">\n\t\t\t\t<div class=\"elementor-element elementor-element-24b631e elementor-widget elementor-widget-heading\" data-id=\"24b631e\" data-element_type=\"widget\" data-e-type=\"widget\" data-widget_type=\"heading.default\">\n\t\t\t\t<div class=\"elementor-widget-container\">\n\t\t\t\t\t<h1 class=\"elementor-heading-title elementor-size-default\">Hran\u0103:<\/h1>\t\t\t\t<\/div>\n\t\t\t\t<\/div>\n\t\t\t\t<div class=\"elementor-element elementor-element-2ff7dd39 elementor-widget elementor-widget-text-editor\" data-id=\"2ff7dd39\" data-element_type=\"widget\" data-e-type=\"widget\" data-widget_type=\"text-editor.default\">\n\t\t\t\t<div class=\"elementor-widget-container\">\n\t\t\t\t\t\t\t\t\t<p>Hrana este format\u0103 din vertebrate (pe\u0219ti, mamifere \u0219i \u00een special p\u0103s\u0103ri), din medii marine, de ap\u0103 dulce \u0219i mediile terestre.<\/p>\t\t\t\t\t\t\t\t<\/div>\n\t\t\t\t<\/div>\n\t\t\t\t<\/div>\n\t\t<div class=\"elementor-element elementor-element-6504fc9a e-con-full animated-slow e-flex elementor-invisible e-con e-child\" data-id=\"6504fc9a\" data-element_type=\"container\" data-e-type=\"container\" data-settings=\"{&quot;animation&quot;:&quot;fadeInRight&quot;}\">\n\t\t\t\t<div class=\"elementor-element elementor-element-5471e168 elementor-widget elementor-widget-heading\" data-id=\"5471e168\" data-element_type=\"widget\" data-e-type=\"widget\" data-widget_type=\"heading.default\">\n\t\t\t\t<div class=\"elementor-widget-container\">\n\t\t\t\t\t<h1 class=\"elementor-heading-title elementor-size-default\">Conservare:<\/h1>\t\t\t\t<\/div>\n\t\t\t\t<\/div>\n\t\t\t\t<div class=\"elementor-element elementor-element-534d2ee2 elementor-widget elementor-widget-text-editor\" data-id=\"534d2ee2\" data-element_type=\"widget\" data-e-type=\"widget\" data-widget_type=\"text-editor.default\">\n\t\t\t\t<div class=\"elementor-widget-container\">\n\t\t\t\t\t\t\t\t\t<p>Aceast\u0103 specie are o gam\u0103 extrem de mare \u0219i nu se apropie de pragurile pentru categoria speciilor vulnerabile. A fost observat\u0103 o tendin\u021ba a popula\u021biei de a fi \u00een cre\u0219tere din aceste motive, specia fiind evaluat\u0103 \u00een acest moment cu risc redus de dispari\u021bie.<\/p>\t\t\t\t\t\t\t\t<\/div>\n\t\t\t\t<\/div>\n\t\t\t\t<\/div>\n\t\t\t\t\t<\/div>\n\t\t\t\t<\/div>\n\t\t\t\t<\/div>","protected":false},"excerpt":{"rendered":"<p>Acvil\u0103 Codalb \u2022 Denumire \u0219tiin\u021bific\u0103: Haliaeetus albicilla\u2022 Ordin: Accipitriformes\u2022 Familie: Accipitridae\u2022 Gen: Haliaeetus\u2022 Specie: Haliaeetus albicilla\u2022 Distribu\u021bie: Europa, Asia, coastele Pacificului\u2022 Dimensiuni: 70-94 cm lungime, anvergura aripilor 200-250 cm\u2022 Greutate: 3,1-6,9 kg\u2022 Perioada de incubare: 38-42 zile\u2022 Num\u0103r de pui: 1-3\u2022 Speran\u021b\u0103 de via\u021b\u0103: 21 ani \u00een s\u0103lb\u0103ticie, \u00een captivitate mai mult. General: Codalbul, cunoscut &hellip; <a href=\"https:\/\/bucurestizoo.ro\/en\/acvila-codalb\/\" class=\"more-link\">Continue reading <span class=\"screen-reader-text\">Acvil\u0103 Codalb<\/span><\/a><\/p>","protected":false},"author":1,"featured_media":0,"parent":0,"menu_order":0,"comment_status":"closed","ping_status":"closed","template":"","meta":{"_monsterinsights_skip_tracking":false,"_monsterinsights_sitenote_active":false,"_monsterinsights_sitenote_note":"","_monsterinsights_sitenote_category":0,"footnotes":""},"class_list":["post-15644","page","type-page","status-publish","hentry"],"aioseo_notices":[],"_links":{"self":[{"href":"https:\/\/bucurestizoo.ro\/en\/wp-json\/wp\/v2\/pages\/15644","targetHints":{"allow":["GET"]}}],"collection":[{"href":"https:\/\/bucurestizoo.ro\/en\/wp-json\/wp\/v2\/pages"}],"about":[{"href":"https:\/\/bucurestizoo.ro\/en\/wp-json\/wp\/v2\/types\/page"}],"author":[{"embeddable":true,"href":"https:\/\/bucurestizoo.ro\/en\/wp-json\/wp\/v2\/users\/1"}],"replies":[{"embeddable":true,"href":"https:\/\/bucurestizoo.ro\/en\/wp-json\/wp\/v2\/comments?post=15644"}],"version-history":[{"count":4,"href":"https:\/\/bucurestizoo.ro\/en\/wp-json\/wp\/v2\/pages\/15644\/revisions"}],"predecessor-version":[{"id":15652,"href":"https:\/\/bucurestizoo.ro\/en\/wp-json\/wp\/v2\/pages\/15644\/revisions\/15652"}],"wp:attachment":[{"href":"https:\/\/bucurestizoo.ro\/en\/wp-json\/wp\/v2\/media?parent=15644"}],"curies":[{"name":"wp","href":"https:\/\/api.w.org\/{rel}","templated":true}]}}