{"id":15028,"date":"2025-04-05T11:38:52","date_gmt":"2025-04-05T09:38:52","guid":{"rendered":"https:\/\/n1.bucurestizoo.ro\/?page_id=15028"},"modified":"2025-04-05T11:41:26","modified_gmt":"2025-04-05T09:41:26","slug":"sarpe-boa-2","status":"publish","type":"page","link":"https:\/\/bucurestizoo.ro\/en\/sarpe-boa-2\/","title":{"rendered":"\u0218arpe Boa"},"content":{"rendered":"<div data-elementor-type=\"wp-page\" data-elementor-id=\"15028\" class=\"elementor elementor-15028\" data-elementor-post-type=\"page\">\n\t\t\t\t<div class=\"elementor-element elementor-element-5c90df97 e-flex e-con-boxed e-con e-parent\" data-id=\"5c90df97\" data-element_type=\"container\" data-e-type=\"container\" data-settings=\"{&quot;background_background&quot;:&quot;classic&quot;}\">\n\t\t\t\t\t<div class=\"e-con-inner\">\n\t\t<div class=\"elementor-element elementor-element-54b6c102 e-con-full e-flex e-con e-child\" data-id=\"54b6c102\" data-element_type=\"container\" data-e-type=\"container\">\n\t\t<div class=\"elementor-element elementor-element-597c76ec e-con-full animated-slow e-flex elementor-invisible e-con e-child\" data-id=\"597c76ec\" data-element_type=\"container\" data-e-type=\"container\" data-settings=\"{&quot;animation&quot;:&quot;fadeInLeft&quot;}\">\n\t\t\t\t<div class=\"elementor-element elementor-element-40a7ad94 elementor-widget elementor-widget-heading\" data-id=\"40a7ad94\" data-element_type=\"widget\" data-e-type=\"widget\" data-widget_type=\"heading.default\">\n\t\t\t\t<div class=\"elementor-widget-container\">\n\t\t\t\t\t<h1 class=\"elementor-heading-title elementor-size-default\">\u0218arpe Boa<\/h1>\t\t\t\t<\/div>\n\t\t\t\t<\/div>\n\t\t\t\t<div class=\"elementor-element elementor-element-51917964 elementor-widget elementor-widget-text-editor\" data-id=\"51917964\" data-element_type=\"widget\" data-e-type=\"widget\" data-widget_type=\"text-editor.default\">\n\t\t\t\t<div class=\"elementor-widget-container\">\n\t\t\t\t\t\t\t\t\t<p class=\"\" data-start=\"0\" data-end=\"137\"><strong data-start=\"0\" data-end=\"26\">Denumirea \u0219tiin\u021bific\u0103:<\/strong> Boa constrictor<br data-start=\"42\" data-end=\"45\" \/><strong data-start=\"45\" data-end=\"57\">Ordinul:<\/strong> Squamata<br data-start=\"66\" data-end=\"69\" \/><strong data-start=\"69\" data-end=\"81\">Familia:<\/strong> Boidae<br data-start=\"88\" data-end=\"91\" data-is-only-node=\"\" \/><strong data-start=\"91\" data-end=\"101\">Genul:<\/strong> Boa<br data-start=\"105\" data-end=\"108\" \/><strong data-start=\"108\" data-end=\"119\">Specia:<\/strong> Boa constrictor<\/p><p class=\"\" data-start=\"139\" data-end=\"354\"><strong data-start=\"139\" data-end=\"163\">Distribu\u021bia pe glob:<\/strong> Este r\u0103sp\u00e2ndit \u00een regiunile tropicale \u0219i subtropicale din America Central\u0103 \u0219i de Sud \u2013 din Mexic p\u00e2n\u0103 \u00een nordul Argentinei. Locuie\u0219te \u00een p\u0103duri tropicale, savane, dar \u0219i \u00een zone semi-aride<\/p><p class=\"\" data-start=\"356\" data-end=\"489\"><strong data-start=\"356\" data-end=\"371\">Dimensiuni:<\/strong><br data-start=\"371\" data-end=\"374\" \/>\u2013 Lungime: 2\u20134 metri (uneori p\u00e2n\u0103 la 5 metri)<br data-start=\"419\" data-end=\"422\" \/>\u2013 Greutate: 10\u201327 kg (variaz\u0103 \u00een func\u021bie de subspecie \u0219i habitat)<\/p><p class=\"\" data-start=\"491\" data-end=\"608\"><strong data-start=\"491\" data-end=\"516\">Perioada de gesta\u021bie:<\/strong><br data-start=\"516\" data-end=\"519\" \/>\u2013 Durat\u0103: aproximativ 100\u2013120 de zile<br data-start=\"556\" data-end=\"559\" \/>\u2013 Num\u0103r de pui: 10\u201364 (vivipar \u2013 na\u0219te pui vii)<\/p><p class=\"\" data-start=\"610\" data-end=\"702\"><strong data-start=\"610\" data-end=\"632\">Speran\u021ba de via\u021b\u0103:<\/strong><br data-start=\"632\" data-end=\"635\" \/>\u2013 20\u201330 de ani \u00een s\u0103lb\u0103ticie<br data-start=\"663\" data-end=\"666\" \/>\u2013 P\u00e2n\u0103 la 40 de ani \u00een captivitate<\/p>\t\t\t\t\t\t\t\t<\/div>\n\t\t\t\t<\/div>\n\t\t\t\t<\/div>\n\t\t\t\t<div class=\"elementor-element elementor-element-56caf16e elementor-widget-tablet__width-inherit animated-slow elementor-invisible elementor-widget elementor-widget-image\" data-id=\"56caf16e\" data-element_type=\"widget\" data-e-type=\"widget\" data-settings=\"{&quot;_animation&quot;:&quot;fadeInRight&quot;}\" data-widget_type=\"image.default\">\n\t\t\t\t<div class=\"elementor-widget-container\">\n\t\t\t\t\t\t\t\t\t\t\t\t\t\t\t<img fetchpriority=\"high\" decoding=\"async\" width=\"847\" height=\"484\" src=\"https:\/\/bucurestizoo.ro\/wp-content\/uploads\/2025\/04\/sarpe-boa-dt_1-1024x585.jpg\" class=\"attachment-large size-large wp-image-15023\" alt=\"\" srcset=\"https:\/\/bucurestizoo.ro\/wp-content\/uploads\/2025\/04\/sarpe-boa-dt_1-1024x585.jpg 1024w, https:\/\/bucurestizoo.ro\/wp-content\/uploads\/2025\/04\/sarpe-boa-dt_1-300x171.jpg 300w, https:\/\/bucurestizoo.ro\/wp-content\/uploads\/2025\/04\/sarpe-boa-dt_1-768x439.jpg 768w, https:\/\/bucurestizoo.ro\/wp-content\/uploads\/2025\/04\/sarpe-boa-dt_1-1536x878.jpg 1536w, https:\/\/bucurestizoo.ro\/wp-content\/uploads\/2025\/04\/sarpe-boa-dt_1-2048x1170.jpg 2048w, https:\/\/bucurestizoo.ro\/wp-content\/uploads\/2025\/04\/sarpe-boa-dt_1-520x297.jpg 520w, https:\/\/bucurestizoo.ro\/wp-content\/uploads\/2025\/04\/sarpe-boa-dt_1-650x371.jpg 650w\" sizes=\"(max-width: 847px) 100vw, 847px\" data-id=\"15023\" \/>\t\t\t\t\t\t\t\t\t\t\t\t\t\t\t<\/div>\n\t\t\t\t<\/div>\n\t\t\t\t<\/div>\n\t\t\t\t\t<\/div>\n\t\t\t\t<\/div>\n\t\t<div class=\"elementor-element elementor-element-6946afc0 animated-slow e-flex e-con-boxed elementor-invisible e-con e-parent\" data-id=\"6946afc0\" data-element_type=\"container\" data-e-type=\"container\" data-settings=\"{&quot;animation&quot;:&quot;fadeInLeft&quot;}\">\n\t\t\t\t\t<div class=\"e-con-inner\">\n\t\t\t\t<div class=\"elementor-element elementor-element-47b984f0 elementor-widget elementor-widget-heading\" data-id=\"47b984f0\" data-element_type=\"widget\" data-e-type=\"widget\" data-widget_type=\"heading.default\">\n\t\t\t\t<div class=\"elementor-widget-container\">\n\t\t\t\t\t<h1 class=\"elementor-heading-title elementor-size-default\">General:<\/h1>\t\t\t\t<\/div>\n\t\t\t\t<\/div>\n\t\t\t\t<div class=\"elementor-element elementor-element-aee0b9e elementor-widget elementor-widget-text-editor\" data-id=\"aee0b9e\" data-element_type=\"widget\" data-e-type=\"widget\" data-widget_type=\"text-editor.default\">\n\t\t\t\t<div class=\"elementor-widget-container\">\n\t\t\t\t\t\t\t\t\t<p>\u0218arpele Boa este unul dintre cei mai cunoscu\u021bi \u0219erpi constrictori, fiind un pr\u0103d\u0103tor de v\u00e2rf \u00een habitatul s\u0103u. Este un \u0219arpe neveninos, care \u00ee\u0219i ucide prada prin constric\u021bie \u2013 adic\u0103 o \u00eenf\u0103\u0219oar\u0103 \u00een jurul corpului s\u0103u \u0219i o sugrum\u0103 p\u00e2n\u0103 c\u00e2nd aceasta nu mai poate respira.<\/p><p>\u00a0\u00a0\u00a0\u00a0\u00a0\u00a0\u00a0\u00a0\u00a0\u00a0\u00a0 Boa este un \u0219arpe nocturn \u0219i semi-arboricol, petrec\u00e2nd mult timp at\u00e2t pe sol, c\u00e2t \u0219i \u00een copaci. Are o vedere slab\u0103, dar compenseaz\u0103 acest lucru prin sensibilitatea sa la vibra\u021bii \u0219i prin receptori termici situa\u021bi \u00een jurul gurii, care \u00eel ajut\u0103 s\u0103 detecteze c\u0103ldura emis\u0103 de prada sa.<\/p>\t\t\t\t\t\t\t\t<\/div>\n\t\t\t\t<\/div>\n\t\t\t\t\t<\/div>\n\t\t\t\t<\/div>\n\t\t<div class=\"elementor-element elementor-element-42050d46 e-flex e-con-boxed e-con e-parent\" data-id=\"42050d46\" data-element_type=\"container\" data-e-type=\"container\">\n\t\t\t\t\t<div class=\"e-con-inner\">\n\t\t\t\t<div class=\"elementor-element elementor-element-5b993b5d elementor-widget elementor-widget-gallery\" data-id=\"5b993b5d\" data-element_type=\"widget\" data-e-type=\"widget\" data-settings=\"{&quot;columns&quot;:1,&quot;lazyload&quot;:&quot;yes&quot;,&quot;gallery_layout&quot;:&quot;grid&quot;,&quot;columns_tablet&quot;:2,&quot;columns_mobile&quot;:1,&quot;gap&quot;:{&quot;unit&quot;:&quot;px&quot;,&quot;size&quot;:10,&quot;sizes&quot;:[]},&quot;gap_tablet&quot;:{&quot;unit&quot;:&quot;px&quot;,&quot;size&quot;:10,&quot;sizes&quot;:[]},&quot;gap_mobile&quot;:{&quot;unit&quot;:&quot;px&quot;,&quot;size&quot;:10,&quot;sizes&quot;:[]},&quot;link_to&quot;:&quot;file&quot;,&quot;aspect_ratio&quot;:&quot;3:2&quot;,&quot;overlay_background&quot;:&quot;yes&quot;,&quot;content_hover_animation&quot;:&quot;fade-in&quot;}\" data-widget_type=\"gallery.default\">\n\t\t\t\t<div class=\"elementor-widget-container\">\n\t\t\t\t\t\t\t<div class=\"elementor-gallery__container\">\n\t\t\t\t\t\t\t<a class=\"e-gallery-item elementor-gallery-item elementor-animated-content\" href=\"https:\/\/bucurestizoo.ro\/wp-content\/uploads\/2025\/04\/sarpe-boa-dt_2.jpg\" data-elementor-open-lightbox=\"yes\" data-elementor-lightbox-slideshow=\"5b993b5d\" data-elementor-lightbox-title=\"sarpe boa dt_2\" data-e-action-hash=\"#elementor-action%3Aaction%3Dlightbox%26settings%3DeyJpZCI6MTUwMjQsInVybCI6Imh0dHBzOlwvXC9idWN1cmVzdGl6b28ucm9cL3dwLWNvbnRlbnRcL3VwbG9hZHNcLzIwMjVcLzA0XC9zYXJwZS1ib2EtZHRfMi5qcGciLCJzbGlkZXNob3ciOiI1Yjk5M2I1ZCJ9\">\n\t\t\t\t\t<div class=\"e-gallery-image elementor-gallery-item__image\" data-thumbnail=\"https:\/\/bucurestizoo.ro\/wp-content\/uploads\/2025\/04\/sarpe-boa-dt_2-1024x585.jpg\" data-width=\"847\" data-height=\"484\" aria-label=\"\" role=\"img\" ><\/div>\n\t\t\t\t\t\t\t\t\t\t\t<div class=\"elementor-gallery-item__overlay\"><\/div>\n\t\t\t\t\t\t\t\t\t\t\t\t\t\t<\/a>\n\t\t\t\t\t<\/div>\n\t\t\t\t\t<\/div>\n\t\t\t\t<\/div>\n\t\t\t\t\t<\/div>\n\t\t\t\t<\/div>\n\t\t<div class=\"elementor-element elementor-element-6d275b88 animated-slow e-flex e-con-boxed elementor-invisible e-con e-parent\" data-id=\"6d275b88\" data-element_type=\"container\" data-e-type=\"container\" data-settings=\"{&quot;animation&quot;:&quot;fadeInRight&quot;}\">\n\t\t\t\t\t<div class=\"e-con-inner\">\n\t\t\t\t<div class=\"elementor-element elementor-element-4f4a334d elementor-widget elementor-widget-heading\" data-id=\"4f4a334d\" data-element_type=\"widget\" data-e-type=\"widget\" data-widget_type=\"heading.default\">\n\t\t\t\t<div class=\"elementor-widget-container\">\n\t\t\t\t\t<h1 class=\"elementor-heading-title elementor-size-default\">Habitat:<\/h1>\t\t\t\t<\/div>\n\t\t\t\t<\/div>\n\t\t\t\t<div class=\"elementor-element elementor-element-1a1d4442 elementor-widget elementor-widget-text-editor\" data-id=\"1a1d4442\" data-element_type=\"widget\" data-e-type=\"widget\" data-widget_type=\"text-editor.default\">\n\t\t\t\t<div class=\"elementor-widget-container\">\n\t\t\t\t\t\t\t\t\t<p>Boa constrictor tr\u0103ie\u0219te \u00eentr-o varietate de habitate, de la p\u0103duri tropicale umede la savane \u0219i chiar zone semi-aride. Prefer\u0103 locuri unde poate g\u0103si suficient\u0103 vegeta\u021bie pentru a se camufla, dar este adaptabil \u0219i poate tr\u0103i \u0219i \u00een zonele apropiate de a\u0219ez\u0103rile umane.<\/p><p>\u00a0\u00a0\u00a0\u00a0\u00a0\u00a0\u00a0\u00a0\u00a0\u00a0\u00a0 Un factor important al habitatului s\u0103u este disponibilitatea hranei \u0219i a ad\u0103posturilor. De obicei, se ascunde \u00een vizuini abandonate, sub trunchiuri de copaci c\u0103zu\u021bi sau \u00een desi\u0219uri de vegeta\u021bie.<\/p>\t\t\t\t\t\t\t\t<\/div>\n\t\t\t\t<\/div>\n\t\t\t\t\t<\/div>\n\t\t\t\t<\/div>\n\t\t<div class=\"elementor-element elementor-element-4fedaf5e e-grid e-con-boxed e-con e-parent\" data-id=\"4fedaf5e\" data-element_type=\"container\" data-e-type=\"container\">\n\t\t\t\t\t<div class=\"e-con-inner\">\n\t\t<div class=\"elementor-element elementor-element-8dc9721 e-con-full animated-slow e-flex elementor-invisible e-con e-child\" data-id=\"8dc9721\" data-element_type=\"container\" data-e-type=\"container\" data-settings=\"{&quot;animation&quot;:&quot;fadeInLeft&quot;}\">\n\t\t\t\t<div class=\"elementor-element elementor-element-1977ee7d elementor-widget elementor-widget-heading\" data-id=\"1977ee7d\" data-element_type=\"widget\" data-e-type=\"widget\" data-widget_type=\"heading.default\">\n\t\t\t\t<div class=\"elementor-widget-container\">\n\t\t\t\t\t<h1 class=\"elementor-heading-title elementor-size-default\">Hran\u0103:<\/h1>\t\t\t\t<\/div>\n\t\t\t\t<\/div>\n\t\t\t\t<div class=\"elementor-element elementor-element-2e19f15f elementor-widget elementor-widget-text-editor\" data-id=\"2e19f15f\" data-element_type=\"widget\" data-e-type=\"widget\" data-widget_type=\"text-editor.default\">\n\t\t\t\t<div class=\"elementor-widget-container\">\n\t\t\t\t\t\t\t\t\t<p>Boa constrictor este un carnivor oportunist, hr\u0103nindu-se cu:<\/p><ul><li>Roz\u0103toare (\u0219oareci, \u0219obolani)<\/li><li>P\u0103s\u0103ri \u0219i ou\u0103<\/li><li>Mamifere mici (posumi, maimu\u021be tinere)<\/li><li>Iguane \u0219i alte reptile<\/li><\/ul><p>\u00cenghite prada \u00eentreag\u0103, iar digestia poate dura c\u00e2teva zile sau chiar s\u0103pt\u0103m\u00e2ni, \u00een func\u021bie de dimensiunea pr\u0103zii.<\/p>\t\t\t\t\t\t\t\t<\/div>\n\t\t\t\t<\/div>\n\t\t\t\t<\/div>\n\t\t<div class=\"elementor-element elementor-element-2d724b44 e-con-full animated-slow e-flex elementor-invisible e-con e-child\" data-id=\"2d724b44\" data-element_type=\"container\" data-e-type=\"container\" data-settings=\"{&quot;animation&quot;:&quot;fadeInRight&quot;}\">\n\t\t\t\t<div class=\"elementor-element elementor-element-2d535822 elementor-widget elementor-widget-heading\" data-id=\"2d535822\" data-element_type=\"widget\" data-e-type=\"widget\" data-widget_type=\"heading.default\">\n\t\t\t\t<div class=\"elementor-widget-container\">\n\t\t\t\t\t<h1 class=\"elementor-heading-title elementor-size-default\">Conservare:<\/h1>\t\t\t\t<\/div>\n\t\t\t\t<\/div>\n\t\t\t\t<div class=\"elementor-element elementor-element-1c79409b elementor-widget elementor-widget-text-editor\" data-id=\"1c79409b\" data-element_type=\"widget\" data-e-type=\"widget\" data-widget_type=\"text-editor.default\">\n\t\t\t\t<div class=\"elementor-widget-container\">\n\t\t\t\t\t\t\t\t\t<p>De\u0219i Boa constrictor nu este considerat o specie periclitat\u0103 la nivel global, \u00een unele zone popula\u021biile sale sunt \u00een declin din cauza distrugerii habitatului \u0219i a v\u00e2n\u0103torii pentru piele sau comer\u021bul cu animale exotice. \u00cen multe \u021b\u0103ri, capturarea \u0219i comercializarea sa sunt reglementate strict.<\/p>\t\t\t\t\t\t\t\t<\/div>\n\t\t\t\t<\/div>\n\t\t\t\t<\/div>\n\t\t\t\t\t<\/div>\n\t\t\t\t<\/div>\n\t\t\t\t<\/div>","protected":false},"excerpt":{"rendered":"<p>\u0218arpe Boa Denumirea \u0219tiin\u021bific\u0103: Boa constrictorOrdinul: SquamataFamilia: BoidaeGenul: BoaSpecia: Boa constrictor Distribu\u021bia pe glob: Este r\u0103sp\u00e2ndit \u00een regiunile tropicale \u0219i subtropicale din America Central\u0103 \u0219i de Sud \u2013 din Mexic p\u00e2n\u0103 \u00een nordul Argentinei. Locuie\u0219te \u00een p\u0103duri tropicale, savane, dar \u0219i \u00een zone semi-aride Dimensiuni:\u2013 Lungime: 2\u20134 metri (uneori p\u00e2n\u0103 la 5 metri)\u2013 Greutate: 10\u201327 &hellip; <a href=\"https:\/\/bucurestizoo.ro\/en\/sarpe-boa-2\/\" class=\"more-link\">Continue reading <span class=\"screen-reader-text\">\u0218arpe Boa<\/span><\/a><\/p>","protected":false},"author":1,"featured_media":0,"parent":0,"menu_order":0,"comment_status":"closed","ping_status":"closed","template":"","meta":{"_monsterinsights_skip_tracking":false,"_monsterinsights_sitenote_active":false,"_monsterinsights_sitenote_note":"","_monsterinsights_sitenote_category":0,"footnotes":""},"class_list":["post-15028","page","type-page","status-publish","hentry"],"aioseo_notices":[],"_links":{"self":[{"href":"https:\/\/bucurestizoo.ro\/en\/wp-json\/wp\/v2\/pages\/15028","targetHints":{"allow":["GET"]}}],"collection":[{"href":"https:\/\/bucurestizoo.ro\/en\/wp-json\/wp\/v2\/pages"}],"about":[{"href":"https:\/\/bucurestizoo.ro\/en\/wp-json\/wp\/v2\/types\/page"}],"author":[{"embeddable":true,"href":"https:\/\/bucurestizoo.ro\/en\/wp-json\/wp\/v2\/users\/1"}],"replies":[{"embeddable":true,"href":"https:\/\/bucurestizoo.ro\/en\/wp-json\/wp\/v2\/comments?post=15028"}],"version-history":[{"count":4,"href":"https:\/\/bucurestizoo.ro\/en\/wp-json\/wp\/v2\/pages\/15028\/revisions"}],"predecessor-version":[{"id":15033,"href":"https:\/\/bucurestizoo.ro\/en\/wp-json\/wp\/v2\/pages\/15028\/revisions\/15033"}],"wp:attachment":[{"href":"https:\/\/bucurestizoo.ro\/en\/wp-json\/wp\/v2\/media?parent=15028"}],"curies":[{"name":"wp","href":"https:\/\/api.w.org\/{rel}","templated":true}]}}