{"id":15013,"date":"2025-04-05T11:09:18","date_gmt":"2025-04-05T09:09:18","guid":{"rendered":"https:\/\/n1.bucurestizoo.ro\/?page_id=15013"},"modified":"2025-04-05T11:13:29","modified_gmt":"2025-04-05T09:13:29","slug":"sugar-glider","status":"publish","type":"page","link":"https:\/\/bucurestizoo.ro\/en\/sugar-glider\/","title":{"rendered":"Sugar Glider"},"content":{"rendered":"<div data-elementor-type=\"wp-page\" data-elementor-id=\"15013\" class=\"elementor elementor-15013\" data-elementor-post-type=\"page\">\n\t\t\t\t<div class=\"elementor-element elementor-element-786ec467 e-flex e-con-boxed e-con e-parent\" data-id=\"786ec467\" data-element_type=\"container\" data-e-type=\"container\" data-settings=\"{&quot;background_background&quot;:&quot;classic&quot;}\">\n\t\t\t\t\t<div class=\"e-con-inner\">\n\t\t<div class=\"elementor-element elementor-element-5c1cf7dc e-con-full e-flex e-con e-child\" data-id=\"5c1cf7dc\" data-element_type=\"container\" data-e-type=\"container\">\n\t\t<div class=\"elementor-element elementor-element-59ca79b3 e-con-full animated-slow e-flex elementor-invisible e-con e-child\" data-id=\"59ca79b3\" data-element_type=\"container\" data-e-type=\"container\" data-settings=\"{&quot;animation&quot;:&quot;fadeInLeft&quot;}\">\n\t\t\t\t<div class=\"elementor-element elementor-element-2275f730 elementor-widget elementor-widget-heading\" data-id=\"2275f730\" data-element_type=\"widget\" data-e-type=\"widget\" data-widget_type=\"heading.default\">\n\t\t\t\t<div class=\"elementor-widget-container\">\n\t\t\t\t\t<h1 class=\"elementor-heading-title elementor-size-default\">Sugar Glider<\/h1>\t\t\t\t<\/div>\n\t\t\t\t<\/div>\n\t\t\t\t<div class=\"elementor-element elementor-element-396936d elementor-widget elementor-widget-text-editor\" data-id=\"396936d\" data-element_type=\"widget\" data-e-type=\"widget\" data-widget_type=\"text-editor.default\">\n\t\t\t\t<div class=\"elementor-widget-container\">\n\t\t\t\t\t\t\t\t\t<p class=\"\" data-start=\"0\" data-end=\"157\"><strong data-start=\"0\" data-end=\"26\">Denumirea \u0219tiin\u021bific\u0103:<\/strong> Petaurus breviceps<br data-start=\"45\" data-end=\"48\" \/><strong data-start=\"48\" data-end=\"60\">Ordinul:<\/strong> Diprotodontia<br data-start=\"74\" data-end=\"77\" \/><strong data-start=\"77\" data-end=\"89\">Familia:<\/strong> Petauridae<br data-start=\"100\" data-end=\"103\" data-is-only-node=\"\" \/><strong data-start=\"103\" data-end=\"113\">Genul:<\/strong> Petaurus<br data-start=\"122\" data-end=\"125\" \/><strong data-start=\"125\" data-end=\"136\">Specia:<\/strong> Petaurus breviceps<\/p><p class=\"\" data-start=\"159\" data-end=\"352\"><strong data-start=\"159\" data-end=\"183\">Distribu\u021bia pe glob:<\/strong> Originar din Australia, Noua Guinee \u0219i insulele \u00eenvecinate. Tr\u0103ie\u0219te \u00een p\u0103duri tropicale \u0219i subtropicale, prefer\u00e2nd zonele cu vegeta\u021bie dens\u0103 \u0219i copaci pentru planare<\/p><p class=\"\" data-start=\"354\" data-end=\"456\"><strong data-start=\"354\" data-end=\"369\">Dimensiuni:<\/strong><br data-start=\"369\" data-end=\"372\" \/>\u2013 Lungimea corpului: 12\u201317 cm<br data-start=\"401\" data-end=\"404\" \/>\u2013 Lungimea cozii: 15\u201321 cm<br data-start=\"430\" data-end=\"433\" \/>\u2013 Greutatea: 90\u2013150 g<\/p><p class=\"\" data-start=\"458\" data-end=\"582\"><strong data-start=\"458\" data-end=\"483\">Perioada de gesta\u021bie:<\/strong><br data-start=\"483\" data-end=\"486\" \/>\u2013 Durat\u0103: 16\u201319 zile<br data-start=\"506\" data-end=\"509\" \/>\u2013 Puii r\u0103m\u00e2n \u00een marsupiu 70\u201374 de zile<br data-start=\"547\" data-end=\"550\" \/>\u2013 Num\u0103r de pui: 1\u20132 per f\u0103tare<\/p><p class=\"\" data-start=\"584\" data-end=\"668\"><strong data-start=\"584\" data-end=\"606\">Speran\u021ba de via\u021b\u0103:<\/strong><br data-start=\"606\" data-end=\"609\" \/>\u2013 3\u20139 ani \u00een s\u0103lb\u0103ticie<br data-start=\"632\" data-end=\"635\" \/>\u2013 P\u00e2n\u0103 la 15 ani \u00een captivitate<\/p>\t\t\t\t\t\t\t\t<\/div>\n\t\t\t\t<\/div>\n\t\t\t\t<\/div>\n\t\t\t\t<div class=\"elementor-element elementor-element-498e5a06 elementor-widget-tablet__width-inherit animated-slow elementor-invisible elementor-widget elementor-widget-image\" data-id=\"498e5a06\" data-element_type=\"widget\" data-e-type=\"widget\" data-settings=\"{&quot;_animation&quot;:&quot;fadeInRight&quot;}\" data-widget_type=\"image.default\">\n\t\t\t\t<div class=\"elementor-widget-container\">\n\t\t\t\t\t\t\t\t\t\t\t\t\t\t\t<img fetchpriority=\"high\" decoding=\"async\" width=\"847\" height=\"566\" src=\"https:\/\/bucurestizoo.ro\/wp-content\/uploads\/2025\/04\/sugar-glider-dt_1-1024x684.jpg\" class=\"attachment-large size-large wp-image-15017\" alt=\"\" srcset=\"https:\/\/bucurestizoo.ro\/wp-content\/uploads\/2025\/04\/sugar-glider-dt_1-1024x684.jpg 1024w, https:\/\/bucurestizoo.ro\/wp-content\/uploads\/2025\/04\/sugar-glider-dt_1-300x200.jpg 300w, https:\/\/bucurestizoo.ro\/wp-content\/uploads\/2025\/04\/sugar-glider-dt_1-768x513.jpg 768w, https:\/\/bucurestizoo.ro\/wp-content\/uploads\/2025\/04\/sugar-glider-dt_1-1536x1026.jpg 1536w, https:\/\/bucurestizoo.ro\/wp-content\/uploads\/2025\/04\/sugar-glider-dt_1-2048x1368.jpg 2048w, https:\/\/bucurestizoo.ro\/wp-content\/uploads\/2025\/04\/sugar-glider-dt_1-449x300.jpg 449w, https:\/\/bucurestizoo.ro\/wp-content\/uploads\/2025\/04\/sugar-glider-dt_1-650x434.jpg 650w\" sizes=\"(max-width: 847px) 100vw, 847px\" data-id=\"15017\" \/>\t\t\t\t\t\t\t\t\t\t\t\t\t\t\t<\/div>\n\t\t\t\t<\/div>\n\t\t\t\t<\/div>\n\t\t\t\t\t<\/div>\n\t\t\t\t<\/div>\n\t\t<div class=\"elementor-element elementor-element-54fb7cbe animated-slow e-flex e-con-boxed elementor-invisible e-con e-parent\" data-id=\"54fb7cbe\" data-element_type=\"container\" data-e-type=\"container\" data-settings=\"{&quot;animation&quot;:&quot;fadeInLeft&quot;}\">\n\t\t\t\t\t<div class=\"e-con-inner\">\n\t\t\t\t<div class=\"elementor-element elementor-element-6647ef3e elementor-widget elementor-widget-heading\" data-id=\"6647ef3e\" data-element_type=\"widget\" data-e-type=\"widget\" data-widget_type=\"heading.default\">\n\t\t\t\t<div class=\"elementor-widget-container\">\n\t\t\t\t\t<h1 class=\"elementor-heading-title elementor-size-default\">General:<\/h1>\t\t\t\t<\/div>\n\t\t\t\t<\/div>\n\t\t\t\t<div class=\"elementor-element elementor-element-7169feff elementor-widget elementor-widget-text-editor\" data-id=\"7169feff\" data-element_type=\"widget\" data-e-type=\"widget\" data-widget_type=\"text-editor.default\">\n\t\t\t\t<div class=\"elementor-widget-container\">\n\t\t\t\t\t\t\t\t\t<p>Sugar glider-ul este un mic mamifer marsupial nocturn, cunoscut pentru capacitatea sa de a plana \u00eentre copaci. Are o membran\u0103 special\u0103 numit\u0103 patagium, care se \u00eentinde de la \u00eencheietura m\u00e2inii p\u00e2n\u0103 la glezn\u0103, permi\u021b\u00e2ndu-i s\u0103 planeze p\u00e2n\u0103 la 50 de metri \u00een aer. Sunt animale sociale \u0219i tr\u0103iesc \u00een grupuri de 6\u201310 indivizi. Comunic\u0103 prin sunete, feromoni \u0219i limbaj corporal. Sunt foarte activi \u0219i au nevoie de mult\u0103 stimulare mental\u0103 pentru a preveni plictiseala.\u00a0 Numele \u201eSugar Glider\u201d vine din preferin\u021ba lor pentru alimente dulci \u0219i din abilitatea lor de a plana. \u00ce\u0219i marcheaz\u0103 teritoriul folosind glandele odorante de pe frunte \u0219i piept. Sunt capabili s\u0103 recunoasc\u0103 fe\u021bele oamenilor \u0219i pot forma leg\u0103turi puternice cu st\u0103p\u00e2nii lor \u00een captivitate.<\/p>\t\t\t\t\t\t\t\t<\/div>\n\t\t\t\t<\/div>\n\t\t\t\t\t<\/div>\n\t\t\t\t<\/div>\n\t\t<div class=\"elementor-element elementor-element-201996cc e-flex e-con-boxed e-con e-parent\" data-id=\"201996cc\" data-element_type=\"container\" data-e-type=\"container\">\n\t\t\t\t\t<div class=\"e-con-inner\">\n\t\t\t\t<div class=\"elementor-element elementor-element-d3a19f0 elementor-widget elementor-widget-gallery\" data-id=\"d3a19f0\" data-element_type=\"widget\" data-e-type=\"widget\" data-settings=\"{&quot;columns&quot;:2,&quot;lazyload&quot;:&quot;yes&quot;,&quot;gallery_layout&quot;:&quot;grid&quot;,&quot;columns_tablet&quot;:2,&quot;columns_mobile&quot;:1,&quot;gap&quot;:{&quot;unit&quot;:&quot;px&quot;,&quot;size&quot;:10,&quot;sizes&quot;:[]},&quot;gap_tablet&quot;:{&quot;unit&quot;:&quot;px&quot;,&quot;size&quot;:10,&quot;sizes&quot;:[]},&quot;gap_mobile&quot;:{&quot;unit&quot;:&quot;px&quot;,&quot;size&quot;:10,&quot;sizes&quot;:[]},&quot;link_to&quot;:&quot;file&quot;,&quot;aspect_ratio&quot;:&quot;3:2&quot;,&quot;overlay_background&quot;:&quot;yes&quot;,&quot;content_hover_animation&quot;:&quot;fade-in&quot;}\" data-widget_type=\"gallery.default\">\n\t\t\t\t<div class=\"elementor-widget-container\">\n\t\t\t\t\t\t\t<div class=\"elementor-gallery__container\">\n\t\t\t\t\t\t\t<a class=\"e-gallery-item elementor-gallery-item elementor-animated-content\" href=\"https:\/\/bucurestizoo.ro\/wp-content\/uploads\/2025\/04\/sugar-glider-dt_c.jpg\" data-elementor-open-lightbox=\"yes\" data-elementor-lightbox-slideshow=\"d3a19f0\" data-elementor-lightbox-title=\"sugar glider dt_c\" data-e-action-hash=\"#elementor-action%3Aaction%3Dlightbox%26settings%3DeyJpZCI6MTUwMTgsInVybCI6Imh0dHBzOlwvXC9idWN1cmVzdGl6b28ucm9cL3dwLWNvbnRlbnRcL3VwbG9hZHNcLzIwMjVcLzA0XC9zdWdhci1nbGlkZXItZHRfYy5qcGciLCJzbGlkZXNob3ciOiJkM2ExOWYwIn0%3D\">\n\t\t\t\t\t<div class=\"e-gallery-image elementor-gallery-item__image\" data-thumbnail=\"https:\/\/bucurestizoo.ro\/wp-content\/uploads\/2025\/04\/sugar-glider-dt_c-1024x683.jpg\" data-width=\"847\" data-height=\"565\" aria-label=\"\" role=\"img\" ><\/div>\n\t\t\t\t\t\t\t\t\t\t\t<div class=\"elementor-gallery-item__overlay\"><\/div>\n\t\t\t\t\t\t\t\t\t\t\t\t\t\t<\/a>\n\t\t\t\t\t<\/div>\n\t\t\t\t\t<\/div>\n\t\t\t\t<\/div>\n\t\t\t\t\t<\/div>\n\t\t\t\t<\/div>\n\t\t<div class=\"elementor-element elementor-element-66552b3 animated-slow e-flex e-con-boxed elementor-invisible e-con e-parent\" data-id=\"66552b3\" data-element_type=\"container\" data-e-type=\"container\" data-settings=\"{&quot;animation&quot;:&quot;fadeInRight&quot;}\">\n\t\t\t\t\t<div class=\"e-con-inner\">\n\t\t\t\t<div class=\"elementor-element elementor-element-1af7020c elementor-widget elementor-widget-heading\" data-id=\"1af7020c\" data-element_type=\"widget\" data-e-type=\"widget\" data-widget_type=\"heading.default\">\n\t\t\t\t<div class=\"elementor-widget-container\">\n\t\t\t\t\t<h1 class=\"elementor-heading-title elementor-size-default\">Habitat:<\/h1>\t\t\t\t<\/div>\n\t\t\t\t<\/div>\n\t\t\t\t<div class=\"elementor-element elementor-element-29790da3 elementor-widget elementor-widget-text-editor\" data-id=\"29790da3\" data-element_type=\"widget\" data-e-type=\"widget\" data-widget_type=\"text-editor.default\">\n\t\t\t\t<div class=\"elementor-widget-container\">\n\t\t\t\t\t\t\t\t\t<p>Sugar glider-ul tr\u0103ie\u0219te \u00een p\u0103durile tropicale \u0219i subtropicale, prefer\u00e2nd zonele cu arbori \u00eenal\u021bi. Folosesc scorburi de copaci pentru ad\u0103post \u0219i dorm \u00eempreun\u0103 pentru a se \u00eenc\u0103lzi. \u00cen zonele unde hrana este limitat\u0103, sunt capabili s\u0103 intre \u00eentr-o stare de torpor, reduc\u00e2ndu-\u0219i metabolismul pentru a economisi energie.<\/p>\t\t\t\t\t\t\t\t<\/div>\n\t\t\t\t<\/div>\n\t\t\t\t\t<\/div>\n\t\t\t\t<\/div>\n\t\t<div class=\"elementor-element elementor-element-6f69722a e-grid e-con-boxed e-con e-parent\" data-id=\"6f69722a\" data-element_type=\"container\" data-e-type=\"container\">\n\t\t\t\t\t<div class=\"e-con-inner\">\n\t\t<div class=\"elementor-element elementor-element-11b6b98d e-con-full animated-slow e-flex elementor-invisible e-con e-child\" data-id=\"11b6b98d\" data-element_type=\"container\" data-e-type=\"container\" data-settings=\"{&quot;animation&quot;:&quot;fadeInLeft&quot;}\">\n\t\t\t\t<div class=\"elementor-element elementor-element-3e296a6c elementor-widget elementor-widget-heading\" data-id=\"3e296a6c\" data-element_type=\"widget\" data-e-type=\"widget\" data-widget_type=\"heading.default\">\n\t\t\t\t<div class=\"elementor-widget-container\">\n\t\t\t\t\t<h1 class=\"elementor-heading-title elementor-size-default\">Hran\u0103:<\/h1>\t\t\t\t<\/div>\n\t\t\t\t<\/div>\n\t\t\t\t<div class=\"elementor-element elementor-element-217e3119 elementor-widget elementor-widget-text-editor\" data-id=\"217e3119\" data-element_type=\"widget\" data-e-type=\"widget\" data-widget_type=\"text-editor.default\">\n\t\t\t\t<div class=\"elementor-widget-container\">\n\t\t\t\t\t\t\t\t\t<p>Sunt omnivori, av\u00e2nd o diet\u0103 variat\u0103 ce cuprinde nectar \u0219i polen, fructe \u0219i sev\u0103 de copac, insecte \u0219i nevertebrate, ou\u0103 \u0219i mici vertebrate. \u00cen captivitate, este esen\u021bial s\u0103 primeasc\u0103 o diet\u0103 echilibrat\u0103, deoarece deficien\u021bele nutri\u021bionale pot duce la boli grave.<\/p>\t\t\t\t\t\t\t\t<\/div>\n\t\t\t\t<\/div>\n\t\t\t\t<\/div>\n\t\t<div class=\"elementor-element elementor-element-1bb3f32d e-con-full animated-slow e-flex elementor-invisible e-con e-child\" data-id=\"1bb3f32d\" data-element_type=\"container\" data-e-type=\"container\" data-settings=\"{&quot;animation&quot;:&quot;fadeInRight&quot;}\">\n\t\t\t\t<div class=\"elementor-element elementor-element-53a458ae elementor-widget elementor-widget-heading\" data-id=\"53a458ae\" data-element_type=\"widget\" data-e-type=\"widget\" data-widget_type=\"heading.default\">\n\t\t\t\t<div class=\"elementor-widget-container\">\n\t\t\t\t\t<h1 class=\"elementor-heading-title elementor-size-default\">Conservare:<\/h1>\t\t\t\t<\/div>\n\t\t\t\t<\/div>\n\t\t\t\t<div class=\"elementor-element elementor-element-50f8548a elementor-widget elementor-widget-text-editor\" data-id=\"50f8548a\" data-element_type=\"widget\" data-e-type=\"widget\" data-widget_type=\"text-editor.default\">\n\t\t\t\t<div class=\"elementor-widget-container\">\n\t\t\t\t\t\t\t\t\t<p>De\u0219i nu sunt considera\u021bi amenin\u021ba\u021bi, popula\u021biile locale pot fi afectate de defri\u0219\u0103ri \u0219i distrugerea habitatului. \u00cen unele zone, sunt captura\u021bi pentru comer\u021bul cu animale exotice, ceea ce poate duce la sc\u0103derea popula\u021biei s\u0103lbatice.<\/p>\t\t\t\t\t\t\t\t<\/div>\n\t\t\t\t<\/div>\n\t\t\t\t<\/div>\n\t\t\t\t\t<\/div>\n\t\t\t\t<\/div>\n\t\t\t\t<\/div>","protected":false},"excerpt":{"rendered":"<p>Sugar Glider Denumirea \u0219tiin\u021bific\u0103: Petaurus brevicepsOrdinul: DiprotodontiaFamilia: PetauridaeGenul: PetaurusSpecia: Petaurus breviceps Distribu\u021bia pe glob: Originar din Australia, Noua Guinee \u0219i insulele \u00eenvecinate. Tr\u0103ie\u0219te \u00een p\u0103duri tropicale \u0219i subtropicale, prefer\u00e2nd zonele cu vegeta\u021bie dens\u0103 \u0219i copaci pentru planare Dimensiuni:\u2013 Lungimea corpului: 12\u201317 cm\u2013 Lungimea cozii: 15\u201321 cm\u2013 Greutatea: 90\u2013150 g Perioada de gesta\u021bie:\u2013 Durat\u0103: 16\u201319 zile\u2013 &hellip; <a href=\"https:\/\/bucurestizoo.ro\/en\/sugar-glider\/\" class=\"more-link\">Continue reading <span class=\"screen-reader-text\">Sugar Glider<\/span><\/a><\/p>","protected":false},"author":1,"featured_media":0,"parent":0,"menu_order":0,"comment_status":"closed","ping_status":"closed","template":"","meta":{"_monsterinsights_skip_tracking":false,"_monsterinsights_sitenote_active":false,"_monsterinsights_sitenote_note":"","_monsterinsights_sitenote_category":0,"footnotes":""},"class_list":["post-15013","page","type-page","status-publish","hentry"],"aioseo_notices":[],"_links":{"self":[{"href":"https:\/\/bucurestizoo.ro\/en\/wp-json\/wp\/v2\/pages\/15013","targetHints":{"allow":["GET"]}}],"collection":[{"href":"https:\/\/bucurestizoo.ro\/en\/wp-json\/wp\/v2\/pages"}],"about":[{"href":"https:\/\/bucurestizoo.ro\/en\/wp-json\/wp\/v2\/types\/page"}],"author":[{"embeddable":true,"href":"https:\/\/bucurestizoo.ro\/en\/wp-json\/wp\/v2\/users\/1"}],"replies":[{"embeddable":true,"href":"https:\/\/bucurestizoo.ro\/en\/wp-json\/wp\/v2\/comments?post=15013"}],"version-history":[{"count":4,"href":"https:\/\/bucurestizoo.ro\/en\/wp-json\/wp\/v2\/pages\/15013\/revisions"}],"predecessor-version":[{"id":15021,"href":"https:\/\/bucurestizoo.ro\/en\/wp-json\/wp\/v2\/pages\/15013\/revisions\/15021"}],"wp:attachment":[{"href":"https:\/\/bucurestizoo.ro\/en\/wp-json\/wp\/v2\/media?parent=15013"}],"curies":[{"name":"wp","href":"https:\/\/api.w.org\/{rel}","templated":true}]}}