{"id":14997,"date":"2025-04-05T10:45:12","date_gmt":"2025-04-05T08:45:12","guid":{"rendered":"https:\/\/n1.bucurestizoo.ro\/?page_id=14997"},"modified":"2025-04-05T10:53:26","modified_gmt":"2025-04-05T08:53:26","slug":"scorpion-imperial","status":"publish","type":"page","link":"https:\/\/bucurestizoo.ro\/en\/scorpion-imperial\/","title":{"rendered":"Scorpion Imperial"},"content":{"rendered":"<div data-elementor-type=\"wp-page\" data-elementor-id=\"14997\" class=\"elementor elementor-14997\" data-elementor-post-type=\"page\">\n\t\t\t\t<div class=\"elementor-element elementor-element-104e1679 e-flex e-con-boxed e-con e-parent\" data-id=\"104e1679\" data-element_type=\"container\" data-e-type=\"container\" data-settings=\"{&quot;background_background&quot;:&quot;classic&quot;}\">\n\t\t\t\t\t<div class=\"e-con-inner\">\n\t\t<div class=\"elementor-element elementor-element-12bde3fb e-con-full e-flex e-con e-child\" data-id=\"12bde3fb\" data-element_type=\"container\" data-e-type=\"container\">\n\t\t<div class=\"elementor-element elementor-element-3c213d47 e-con-full animated-slow e-flex elementor-invisible e-con e-child\" data-id=\"3c213d47\" data-element_type=\"container\" data-e-type=\"container\" data-settings=\"{&quot;animation&quot;:&quot;fadeInLeft&quot;}\">\n\t\t\t\t<div class=\"elementor-element elementor-element-163a9ba4 elementor-widget elementor-widget-heading\" data-id=\"163a9ba4\" data-element_type=\"widget\" data-e-type=\"widget\" data-widget_type=\"heading.default\">\n\t\t\t\t<div class=\"elementor-widget-container\">\n\t\t\t\t\t<h1 class=\"elementor-heading-title elementor-size-default\">Scorpion Imperial<\/h1>\t\t\t\t<\/div>\n\t\t\t\t<\/div>\n\t\t\t\t<div class=\"elementor-element elementor-element-28a05cc9 elementor-widget elementor-widget-text-editor\" data-id=\"28a05cc9\" data-element_type=\"widget\" data-e-type=\"widget\" data-widget_type=\"text-editor.default\">\n\t\t\t\t<div class=\"elementor-widget-container\">\n\t\t\t\t\t\t\t\t\t<p class=\"\" data-start=\"0\" data-end=\"156\"><strong data-start=\"0\" data-end=\"26\">Denumirea \u0219tiin\u021bific\u0103:<\/strong> Pandinus imperator<br data-start=\"45\" data-end=\"48\" \/><strong data-start=\"48\" data-end=\"60\">Ordinul:<\/strong> Scorpiones<br data-start=\"71\" data-end=\"74\" \/><strong data-start=\"74\" data-end=\"86\">Familia:<\/strong> Scorpionidae<br data-start=\"99\" data-end=\"102\" data-is-only-node=\"\" \/><strong data-start=\"102\" data-end=\"112\">Genul:<\/strong> Pandinus<br data-start=\"121\" data-end=\"124\" \/><strong data-start=\"124\" data-end=\"135\">Specia:<\/strong> Pandinus imperator<\/p><p class=\"\" data-start=\"158\" data-end=\"283\"><strong data-start=\"158\" data-end=\"182\">Distribu\u021bia pe glob:<\/strong> Se g\u0103se\u0219te \u00een p\u0103durile tropicale din Africa de Vest, \u00een special \u00een Ghana, Togo \u0219i Coasta de Filde\u0219<\/p><p class=\"\" data-start=\"285\" data-end=\"362\"><strong data-start=\"285\" data-end=\"300\">Dimensiuni:<\/strong><br data-start=\"300\" data-end=\"303\" \/>\u2013 Lungimea corpului: 12\u201323 cm<br data-start=\"332\" data-end=\"335\" \/>\u2013 Greutatea: p\u00e2n\u0103 la 30 g<\/p><p class=\"\" data-start=\"364\" data-end=\"499\"><strong data-start=\"364\" data-end=\"389\">Perioada de gesta\u021bie:<\/strong><br data-start=\"389\" data-end=\"392\" \/>\u2013 Durat\u0103: 9\u201312 luni<br data-start=\"411\" data-end=\"414\" \/>\u2013 Num\u0103r de pui: 10\u201330, n\u0103scu\u021bi vii \u0219i purta\u021bi pe spatele mamei \u00een primele s\u0103pt\u0103m\u00e2ni<\/p><p class=\"\" data-start=\"501\" data-end=\"548\"><strong data-start=\"501\" data-end=\"523\">Speran\u021ba de via\u021b\u0103:<\/strong> 6\u20138 ani \u00een captivitate<\/p>\t\t\t\t\t\t\t\t<\/div>\n\t\t\t\t<\/div>\n\t\t\t\t<\/div>\n\t\t\t\t<div class=\"elementor-element elementor-element-7b8763f3 elementor-widget-tablet__width-inherit animated-slow elementor-invisible elementor-widget elementor-widget-image\" data-id=\"7b8763f3\" data-element_type=\"widget\" data-e-type=\"widget\" data-settings=\"{&quot;_animation&quot;:&quot;fadeInRight&quot;}\" data-widget_type=\"image.default\">\n\t\t\t\t<div class=\"elementor-widget-container\">\n\t\t\t\t\t\t\t\t\t\t\t\t\t\t\t<img fetchpriority=\"high\" decoding=\"async\" width=\"847\" height=\"529\" src=\"https:\/\/bucurestizoo.ro\/wp-content\/uploads\/2025\/04\/scorpion-1024x640.jpg\" class=\"attachment-large size-large wp-image-15001\" alt=\"\" srcset=\"https:\/\/bucurestizoo.ro\/wp-content\/uploads\/2025\/04\/scorpion-1024x640.jpg 1024w, https:\/\/bucurestizoo.ro\/wp-content\/uploads\/2025\/04\/scorpion-300x188.jpg 300w, https:\/\/bucurestizoo.ro\/wp-content\/uploads\/2025\/04\/scorpion-768x480.jpg 768w, https:\/\/bucurestizoo.ro\/wp-content\/uploads\/2025\/04\/scorpion-480x300.jpg 480w, https:\/\/bucurestizoo.ro\/wp-content\/uploads\/2025\/04\/scorpion-650x406.jpg 650w, https:\/\/bucurestizoo.ro\/wp-content\/uploads\/2025\/04\/scorpion.jpg 1080w\" sizes=\"(max-width: 847px) 100vw, 847px\" data-id=\"15001\" \/>\t\t\t\t\t\t\t\t\t\t\t\t\t\t\t<\/div>\n\t\t\t\t<\/div>\n\t\t\t\t<\/div>\n\t\t\t\t\t<\/div>\n\t\t\t\t<\/div>\n\t\t<div class=\"elementor-element elementor-element-3992efc7 animated-slow e-flex e-con-boxed elementor-invisible e-con e-parent\" data-id=\"3992efc7\" data-element_type=\"container\" data-e-type=\"container\" data-settings=\"{&quot;animation&quot;:&quot;fadeInLeft&quot;}\">\n\t\t\t\t\t<div class=\"e-con-inner\">\n\t\t\t\t<div class=\"elementor-element elementor-element-28d644bd elementor-widget elementor-widget-heading\" data-id=\"28d644bd\" data-element_type=\"widget\" data-e-type=\"widget\" data-widget_type=\"heading.default\">\n\t\t\t\t<div class=\"elementor-widget-container\">\n\t\t\t\t\t<h1 class=\"elementor-heading-title elementor-size-default\">General:<\/h1>\t\t\t\t<\/div>\n\t\t\t\t<\/div>\n\t\t\t\t<div class=\"elementor-element elementor-element-3bb7da40 elementor-widget elementor-widget-text-editor\" data-id=\"3bb7da40\" data-element_type=\"widget\" data-e-type=\"widget\" data-widget_type=\"text-editor.default\">\n\t\t\t\t<div class=\"elementor-widget-container\">\n\t\t\t\t\t\t\t\t\t<p>Scorpionul imperial este unul dintre cei mai mari scorpioni din lume \u0219i are o carapace neagr\u0103 lucioas\u0103. \u00cen ciuda aspectului s\u0103u \u00eenfrico\u0219\u0103tor, veninul s\u0103u este relativ slab, comparabil cu cel al unei albine.<br \/>Este un v\u00e2n\u0103tor nocturn care \u00ee\u0219i folose\u0219te cle\u0219tii puternici pentru a prinde prada. Dac\u0103 este amenin\u021bat, ridic\u0103 coada \u00eentr-o pozi\u021bie defensiv\u0103, dar prefer\u0103 s\u0103 fug\u0103 dec\u00e2t s\u0103 atace.<br \/>Scorpionii imperiali str\u0103lucesc sub lumina ultraviolet\u0103. Mama \u00ee\u0219i poart\u0103 puii pe spate p\u00e2n\u0103 c\u00e2nd ace\u0219tia \u00ee\u0219i dezvolt\u0103 exoscheletul. \u00cen cultura popular\u0103, sunt folosi\u021bi \u00een filme de groaz\u0103, de\u0219i sunt inofensivi.<\/p>\t\t\t\t\t\t\t\t<\/div>\n\t\t\t\t<\/div>\n\t\t\t\t\t<\/div>\n\t\t\t\t<\/div>\n\t\t<div class=\"elementor-element elementor-element-385d6847 e-flex e-con-boxed e-con e-parent\" data-id=\"385d6847\" data-element_type=\"container\" data-e-type=\"container\">\n\t\t\t\t\t<div class=\"e-con-inner\">\n\t\t\t\t<div class=\"elementor-element elementor-element-9f478dc elementor-widget elementor-widget-gallery\" data-id=\"9f478dc\" data-element_type=\"widget\" data-e-type=\"widget\" data-settings=\"{&quot;columns&quot;:1,&quot;lazyload&quot;:&quot;yes&quot;,&quot;gallery_layout&quot;:&quot;grid&quot;,&quot;columns_tablet&quot;:2,&quot;columns_mobile&quot;:1,&quot;gap&quot;:{&quot;unit&quot;:&quot;px&quot;,&quot;size&quot;:10,&quot;sizes&quot;:[]},&quot;gap_tablet&quot;:{&quot;unit&quot;:&quot;px&quot;,&quot;size&quot;:10,&quot;sizes&quot;:[]},&quot;gap_mobile&quot;:{&quot;unit&quot;:&quot;px&quot;,&quot;size&quot;:10,&quot;sizes&quot;:[]},&quot;link_to&quot;:&quot;file&quot;,&quot;aspect_ratio&quot;:&quot;3:2&quot;,&quot;overlay_background&quot;:&quot;yes&quot;,&quot;content_hover_animation&quot;:&quot;fade-in&quot;}\" data-widget_type=\"gallery.default\">\n\t\t\t\t<div class=\"elementor-widget-container\">\n\t\t\t\t\t\t\t<div class=\"elementor-gallery__container\">\n\t\t\t\t\t\t\t<a class=\"e-gallery-item elementor-gallery-item elementor-animated-content\" href=\"https:\/\/bucurestizoo.ro\/wp-content\/uploads\/2025\/04\/scorpion-dt.jpg\" data-elementor-open-lightbox=\"yes\" data-elementor-lightbox-slideshow=\"9f478dc\" data-elementor-lightbox-title=\"scorpion dt\" data-e-action-hash=\"#elementor-action%3Aaction%3Dlightbox%26settings%3DeyJpZCI6MTUwMDAsInVybCI6Imh0dHBzOlwvXC9idWN1cmVzdGl6b28ucm9cL3dwLWNvbnRlbnRcL3VwbG9hZHNcLzIwMjVcLzA0XC9zY29ycGlvbi1kdC5qcGciLCJzbGlkZXNob3ciOiI5ZjQ3OGRjIn0%3D\">\n\t\t\t\t\t<div class=\"e-gallery-image elementor-gallery-item__image\" data-thumbnail=\"https:\/\/bucurestizoo.ro\/wp-content\/uploads\/2025\/04\/scorpion-dt-1024x676.jpg\" data-width=\"847\" data-height=\"559\" aria-label=\"\" role=\"img\" ><\/div>\n\t\t\t\t\t\t\t\t\t\t\t<div class=\"elementor-gallery-item__overlay\"><\/div>\n\t\t\t\t\t\t\t\t\t\t\t\t\t\t<\/a>\n\t\t\t\t\t<\/div>\n\t\t\t\t\t<\/div>\n\t\t\t\t<\/div>\n\t\t\t\t\t<\/div>\n\t\t\t\t<\/div>\n\t\t<div class=\"elementor-element elementor-element-331d2dc7 animated-slow e-flex e-con-boxed elementor-invisible e-con e-parent\" data-id=\"331d2dc7\" data-element_type=\"container\" data-e-type=\"container\" data-settings=\"{&quot;animation&quot;:&quot;fadeInRight&quot;}\">\n\t\t\t\t\t<div class=\"e-con-inner\">\n\t\t\t\t<div class=\"elementor-element elementor-element-4c2e9793 elementor-widget elementor-widget-heading\" data-id=\"4c2e9793\" data-element_type=\"widget\" data-e-type=\"widget\" data-widget_type=\"heading.default\">\n\t\t\t\t<div class=\"elementor-widget-container\">\n\t\t\t\t\t<h1 class=\"elementor-heading-title elementor-size-default\">Habitat:<\/h1>\t\t\t\t<\/div>\n\t\t\t\t<\/div>\n\t\t\t\t<div class=\"elementor-element elementor-element-6cbe12c0 elementor-widget elementor-widget-text-editor\" data-id=\"6cbe12c0\" data-element_type=\"widget\" data-e-type=\"widget\" data-widget_type=\"text-editor.default\">\n\t\t\t\t<div class=\"elementor-widget-container\">\n\t\t\t\t\t\t\t\t\t<p>Tr\u0103ie\u0219te \u00een p\u0103durile tropicale, unde se ascunde sub bu\u0219teni \u0219i pietre. Prefer\u0103 solurile umede \u0219i se bazeaz\u0103 pe vizuini pentru protec\u021bie \u00eempotriva pr\u0103d\u0103torilor.<\/p>\t\t\t\t\t\t\t\t<\/div>\n\t\t\t\t<\/div>\n\t\t\t\t\t<\/div>\n\t\t\t\t<\/div>\n\t\t<div class=\"elementor-element elementor-element-631ba454 e-grid e-con-boxed e-con e-parent\" data-id=\"631ba454\" data-element_type=\"container\" data-e-type=\"container\">\n\t\t\t\t\t<div class=\"e-con-inner\">\n\t\t<div class=\"elementor-element elementor-element-30d8d010 e-con-full animated-slow e-flex elementor-invisible e-con e-child\" data-id=\"30d8d010\" data-element_type=\"container\" data-e-type=\"container\" data-settings=\"{&quot;animation&quot;:&quot;fadeInLeft&quot;}\">\n\t\t\t\t<div class=\"elementor-element elementor-element-533476d9 elementor-widget elementor-widget-heading\" data-id=\"533476d9\" data-element_type=\"widget\" data-e-type=\"widget\" data-widget_type=\"heading.default\">\n\t\t\t\t<div class=\"elementor-widget-container\">\n\t\t\t\t\t<h1 class=\"elementor-heading-title elementor-size-default\">Hran\u0103:<\/h1>\t\t\t\t<\/div>\n\t\t\t\t<\/div>\n\t\t\t\t<div class=\"elementor-element elementor-element-47f0245e elementor-widget elementor-widget-text-editor\" data-id=\"47f0245e\" data-element_type=\"widget\" data-e-type=\"widget\" data-widget_type=\"text-editor.default\">\n\t\t\t\t<div class=\"elementor-widget-container\">\n\t\t\t\t\t\t\t\t\t<p>\u2022 Insecte<br \/>\u2022 Mici vertebrate (\u0219op\u00e2rle, roz\u0103toare)<br \/>\u2022 Alte artropode<br \/>Scorpionii imperiali pot supravie\u021bui f\u0103r\u0103 hran\u0103 timp de s\u0103pt\u0103m\u00e2ni.<\/p>\t\t\t\t\t\t\t\t<\/div>\n\t\t\t\t<\/div>\n\t\t\t\t<\/div>\n\t\t<div class=\"elementor-element elementor-element-4c7dfda6 e-con-full animated-slow e-flex elementor-invisible e-con e-child\" data-id=\"4c7dfda6\" data-element_type=\"container\" data-e-type=\"container\" data-settings=\"{&quot;animation&quot;:&quot;fadeInRight&quot;}\">\n\t\t\t\t<div class=\"elementor-element elementor-element-15e6ca7d elementor-widget elementor-widget-heading\" data-id=\"15e6ca7d\" data-element_type=\"widget\" data-e-type=\"widget\" data-widget_type=\"heading.default\">\n\t\t\t\t<div class=\"elementor-widget-container\">\n\t\t\t\t\t<h1 class=\"elementor-heading-title elementor-size-default\">Conservare:<\/h1>\t\t\t\t<\/div>\n\t\t\t\t<\/div>\n\t\t\t\t<div class=\"elementor-element elementor-element-694c638f elementor-widget elementor-widget-text-editor\" data-id=\"694c638f\" data-element_type=\"widget\" data-e-type=\"widget\" data-widget_type=\"text-editor.default\">\n\t\t\t\t<div class=\"elementor-widget-container\">\n\t\t\t\t\t\t\t\t\t<p>Este o specie vulnerabil\u0103 din cauza captur\u0103rii excesive pentru comer\u021bul cu animale exotice.<\/p>\t\t\t\t\t\t\t\t<\/div>\n\t\t\t\t<\/div>\n\t\t\t\t<\/div>\n\t\t\t\t\t<\/div>\n\t\t\t\t<\/div>\n\t\t\t\t<\/div>","protected":false},"excerpt":{"rendered":"<p>Scorpion Imperial Denumirea \u0219tiin\u021bific\u0103: Pandinus imperatorOrdinul: ScorpionesFamilia: ScorpionidaeGenul: PandinusSpecia: Pandinus imperator Distribu\u021bia pe glob: Se g\u0103se\u0219te \u00een p\u0103durile tropicale din Africa de Vest, \u00een special \u00een Ghana, Togo \u0219i Coasta de Filde\u0219 Dimensiuni:\u2013 Lungimea corpului: 12\u201323 cm\u2013 Greutatea: p\u00e2n\u0103 la 30 g Perioada de gesta\u021bie:\u2013 Durat\u0103: 9\u201312 luni\u2013 Num\u0103r de pui: 10\u201330, n\u0103scu\u021bi vii \u0219i &hellip; <a href=\"https:\/\/bucurestizoo.ro\/en\/scorpion-imperial\/\" class=\"more-link\">Continue reading <span class=\"screen-reader-text\">Scorpion Imperial<\/span><\/a><\/p>","protected":false},"author":1,"featured_media":0,"parent":0,"menu_order":0,"comment_status":"closed","ping_status":"closed","template":"","meta":{"_monsterinsights_skip_tracking":false,"_monsterinsights_sitenote_active":false,"_monsterinsights_sitenote_note":"","_monsterinsights_sitenote_category":0,"footnotes":""},"class_list":["post-14997","page","type-page","status-publish","hentry"],"aioseo_notices":[],"_links":{"self":[{"href":"https:\/\/bucurestizoo.ro\/en\/wp-json\/wp\/v2\/pages\/14997","targetHints":{"allow":["GET"]}}],"collection":[{"href":"https:\/\/bucurestizoo.ro\/en\/wp-json\/wp\/v2\/pages"}],"about":[{"href":"https:\/\/bucurestizoo.ro\/en\/wp-json\/wp\/v2\/types\/page"}],"author":[{"embeddable":true,"href":"https:\/\/bucurestizoo.ro\/en\/wp-json\/wp\/v2\/users\/1"}],"replies":[{"embeddable":true,"href":"https:\/\/bucurestizoo.ro\/en\/wp-json\/wp\/v2\/comments?post=14997"}],"version-history":[{"count":4,"href":"https:\/\/bucurestizoo.ro\/en\/wp-json\/wp\/v2\/pages\/14997\/revisions"}],"predecessor-version":[{"id":15004,"href":"https:\/\/bucurestizoo.ro\/en\/wp-json\/wp\/v2\/pages\/14997\/revisions\/15004"}],"wp:attachment":[{"href":"https:\/\/bucurestizoo.ro\/en\/wp-json\/wp\/v2\/media?parent=14997"}],"curies":[{"name":"wp","href":"https:\/\/api.w.org\/{rel}","templated":true}]}}