{"id":14630,"date":"2025-03-31T22:38:02","date_gmt":"2025-03-31T20:38:02","guid":{"rendered":"https:\/\/n1.bucurestizoo.ro\/?page_id=14630"},"modified":"2025-03-31T22:40:02","modified_gmt":"2025-03-31T20:40:02","slug":"tarantula-cu-picioare-rosii","status":"publish","type":"page","link":"https:\/\/bucurestizoo.ro\/en\/tarantula-cu-picioare-rosii\/","title":{"rendered":"Tarantula cu picioare rosii"},"content":{"rendered":"<div data-elementor-type=\"wp-page\" data-elementor-id=\"14630\" class=\"elementor elementor-14630\" data-elementor-post-type=\"page\">\n\t\t\t\t<div class=\"elementor-element elementor-element-66b20b5c e-flex e-con-boxed e-con e-parent\" data-id=\"66b20b5c\" data-element_type=\"container\" data-e-type=\"container\" data-settings=\"{&quot;background_background&quot;:&quot;classic&quot;}\">\n\t\t\t\t\t<div class=\"e-con-inner\">\n\t\t<div class=\"elementor-element elementor-element-54279ea3 e-con-full e-flex e-con e-child\" data-id=\"54279ea3\" data-element_type=\"container\" data-e-type=\"container\">\n\t\t<div class=\"elementor-element elementor-element-55b921b7 e-con-full animated-slow e-flex elementor-invisible e-con e-child\" data-id=\"55b921b7\" data-element_type=\"container\" data-e-type=\"container\" data-settings=\"{&quot;animation&quot;:&quot;fadeInLeft&quot;}\">\n\t\t\t\t<div class=\"elementor-element elementor-element-5f8c58e3 elementor-widget elementor-widget-heading\" data-id=\"5f8c58e3\" data-element_type=\"widget\" data-e-type=\"widget\" data-widget_type=\"heading.default\">\n\t\t\t\t<div class=\"elementor-widget-container\">\n\t\t\t\t\t<h1 class=\"elementor-heading-title elementor-size-default\">Tarantula cu Picioare Rosii<\/h1>\t\t\t\t<\/div>\n\t\t\t\t<\/div>\n\t\t\t\t<div class=\"elementor-element elementor-element-5faf82da elementor-widget elementor-widget-text-editor\" data-id=\"5faf82da\" data-element_type=\"widget\" data-e-type=\"widget\" data-widget_type=\"text-editor.default\">\n\t\t\t\t<div class=\"elementor-widget-container\">\n\t\t\t\t\t\t\t\t\t<p class=\"\" data-start=\"0\" data-end=\"402\"><strong data-start=\"0\" data-end=\"26\">Denumirea \u0219tiin\u021bific\u0103:<\/strong> Brachypelma emilia<br data-start=\"45\" data-end=\"48\" \/><strong data-start=\"48\" data-end=\"60\" data-is-only-node=\"\">Ordinul:<\/strong> Araneae<br data-start=\"68\" data-end=\"71\" \/><strong data-start=\"71\" data-end=\"83\">Familia:<\/strong> Theraphosidae<br data-start=\"97\" data-end=\"100\" \/><strong data-start=\"100\" data-end=\"110\">Genul:<\/strong> Brachypelma<br data-start=\"122\" data-end=\"125\" \/><strong data-start=\"125\" data-end=\"136\">Specia:<\/strong> Brachypelma emilia<br data-start=\"155\" data-end=\"158\" \/><strong data-start=\"158\" data-end=\"182\">Distribu\u021bia pe glob:<\/strong> Originar\u0103 din Mexic, mai ales din regiunile centrale \u0219i sudice (Durango, Sinaloa, Jalisco). Este o tarantul\u0103 terestr\u0103 care prefer\u0103 p\u0103durile subtropicale \u0219i zonele semi-aride, dar se adapteaz\u0103 \u0219i \u00een habitate mai uscate<\/p><p class=\"\" data-start=\"404\" data-end=\"811\"><strong data-start=\"404\" data-end=\"419\">Dimensiuni:<\/strong> Lungimea corpului: 6\u20137 cm; Anvergura picioarelor: 14\u201318 cm (femelele fiind mai mari)<br data-start=\"504\" data-end=\"507\" \/><strong data-start=\"507\" data-end=\"521\" data-is-only-node=\"\">Greutatea:<\/strong> 30\u201350 g<br data-start=\"529\" data-end=\"532\" \/><strong data-start=\"532\" data-end=\"557\">Perioada de incubare:<\/strong> 6\u20138 s\u0103pt\u0103m\u00e2ni; ou\u0103le sunt depuse \u00eentr-un cocon de m\u0103tase<br data-start=\"614\" data-end=\"617\" \/><strong data-start=\"617\" data-end=\"634\">Num\u0103r de pui:<\/strong> 50\u2013200 ou\u0103 per pont\u0103; puii eclozeaz\u0103 ca mini-tarantule \u0219i trec prin mai multe stadii de dezvoltare<br data-start=\"733\" data-end=\"736\" \/><strong data-start=\"736\" data-end=\"758\">Speran\u021ba de via\u021b\u0103:<\/strong> Femele: 10\u201320 ani \u00een captivitate; Masculi: 3\u20135 ani<\/p>\t\t\t\t\t\t\t\t<\/div>\n\t\t\t\t<\/div>\n\t\t\t\t<\/div>\n\t\t\t\t<div class=\"elementor-element elementor-element-27429ea1 elementor-widget-tablet__width-inherit animated-slow elementor-invisible elementor-widget elementor-widget-image\" data-id=\"27429ea1\" data-element_type=\"widget\" data-e-type=\"widget\" data-settings=\"{&quot;_animation&quot;:&quot;fadeInRight&quot;}\" data-widget_type=\"image.default\">\n\t\t\t\t<div class=\"elementor-widget-container\">\n\t\t\t\t\t\t\t\t\t\t\t\t\t\t\t<img fetchpriority=\"high\" decoding=\"async\" width=\"847\" height=\"565\" src=\"https:\/\/bucurestizoo.ro\/wp-content\/uploads\/2025\/03\/Tarantula-cu-picioare-rosii-dt-1024x683.jpg\" class=\"attachment-large size-large wp-image-14626\" alt=\"\" srcset=\"https:\/\/bucurestizoo.ro\/wp-content\/uploads\/2025\/03\/Tarantula-cu-picioare-rosii-dt-1024x683.jpg 1024w, https:\/\/bucurestizoo.ro\/wp-content\/uploads\/2025\/03\/Tarantula-cu-picioare-rosii-dt-300x200.jpg 300w, https:\/\/bucurestizoo.ro\/wp-content\/uploads\/2025\/03\/Tarantula-cu-picioare-rosii-dt-768x512.jpg 768w, https:\/\/bucurestizoo.ro\/wp-content\/uploads\/2025\/03\/Tarantula-cu-picioare-rosii-dt-1536x1024.jpg 1536w, https:\/\/bucurestizoo.ro\/wp-content\/uploads\/2025\/03\/Tarantula-cu-picioare-rosii-dt-2048x1365.jpg 2048w, https:\/\/bucurestizoo.ro\/wp-content\/uploads\/2025\/03\/Tarantula-cu-picioare-rosii-dt-450x300.jpg 450w, https:\/\/bucurestizoo.ro\/wp-content\/uploads\/2025\/03\/Tarantula-cu-picioare-rosii-dt-650x433.jpg 650w\" sizes=\"(max-width: 847px) 100vw, 847px\" data-id=\"14626\" \/>\t\t\t\t\t\t\t\t\t\t\t\t\t\t\t<\/div>\n\t\t\t\t<\/div>\n\t\t\t\t<\/div>\n\t\t\t\t\t<\/div>\n\t\t\t\t<\/div>\n\t\t<div class=\"elementor-element elementor-element-74d84fbe animated-slow e-flex e-con-boxed elementor-invisible e-con e-parent\" data-id=\"74d84fbe\" data-element_type=\"container\" data-e-type=\"container\" data-settings=\"{&quot;animation&quot;:&quot;fadeInLeft&quot;}\">\n\t\t\t\t\t<div class=\"e-con-inner\">\n\t\t\t\t<div class=\"elementor-element elementor-element-4f5745cf elementor-widget elementor-widget-heading\" data-id=\"4f5745cf\" data-element_type=\"widget\" data-e-type=\"widget\" data-widget_type=\"heading.default\">\n\t\t\t\t<div class=\"elementor-widget-container\">\n\t\t\t\t\t<h1 class=\"elementor-heading-title elementor-size-default\">General:<\/h1>\t\t\t\t<\/div>\n\t\t\t\t<\/div>\n\t\t\t\t<div class=\"elementor-element elementor-element-634ea711 elementor-widget elementor-widget-text-editor\" data-id=\"634ea711\" data-element_type=\"widget\" data-e-type=\"widget\" data-widget_type=\"text-editor.default\">\n\t\t\t\t<div class=\"elementor-widget-container\">\n\t\t\t\t\t\t\t\t\t<p>Tarantula cu picioare ro\u0219ii este o specie de p\u0103ianjen din familia Theraphosidae, fiind una dintre cele mai populare tarantule de\u021binute ca animale de companie datorit\u0103 aspectului s\u0103u spectaculos \u0219i comportamentului relativ calm. Este cunoscut\u0103 pentru picioarele sale ro\u0219ii sau portocalii, care creeaz\u0103 un contrast puternic cu corpul s\u0103u de culoare neagr\u0103 sau maro \u00eenchis.<\/p><p>De\u0219i numele sugereaz\u0103 o specie periculoas\u0103, Brachypelma emilia nu este considerat\u0103 o specie agresiv\u0103 \u0219i, \u00een general, nu atac\u0103 dec\u00e2t atunci c\u00e2nd se simte amenin\u021bat\u0103. Ca multe alte tarantule, Brachypelma emilia prefer\u0103 s\u0103 fug\u0103 sau s\u0103 se ascund\u0103, mai degrab\u0103 dec\u00e2t s\u0103 atace. Aceast\u0103 specie este cunoscut\u0103 pentru comportamentul s\u0103u docil, ceea ce o face o alegere popular\u0103 printre colec\u021bionarii de p\u0103ianjeni. La fel ca multe tarantule, aceast\u0103 specie \u00ee\u0219i poate folosi firele de m\u0103tase pentru a-\u0219i construi ad\u0103posturi sau pentru a-\u0219i \u00eenveli ou\u0103le. Femelele pot r\u0103m\u00e2ne \u00eentr-un loc \u00eenchis timp de s\u0103pt\u0103m\u00e2ni \u00eentregi f\u0103r\u0103 s\u0103 fie deranjate, a\u0219tept\u00e2nd prada.<\/p><p>Brachypelma emilia este cunoscut\u0103 pentru \u201edansul\u201d s\u0103u fascinant c\u00e2nd se simte amenin\u021bat\u0103: \u00ee\u0219i ridic\u0103 picioarele din fa\u021b\u0103 \u00eentr-un fel de postura de ap\u0103rare, iar uneori \u00ee\u0219i poate arunca p\u0103rul iritant din abdomen (p\u0103rul urticant) pentru a se ap\u0103ra de pr\u0103d\u0103tori.<\/p><p>\u00a0De\u0219i sunt p\u0103ianjeni de mari dimensiuni, tarantulele cu picioare ro\u0219ii sunt surprinz\u0103tor de calme \u0219i se prefer\u0103 a fi admirate mai degrab\u0103 dec\u00e2t manipulate. Sunt foarte lente \u00een mi\u0219care \u0219i prefer\u0103 s\u0103 \u00ee\u0219i conserve energia.<\/p><p>\u00a0\u00cen captivitate, aceste tarantule pot tr\u0103i mul\u021bi ani \u0219i pot deveni \u201eprieteni\u201d loiali ai celor care le \u00eengrijesc, deoarece pot recunoa\u0219te rutina zilnic\u0103 a \u00eengrijitorului \u0219i pot deveni mai pu\u021bin timide \u00een timp.<\/p>\t\t\t\t\t\t\t\t<\/div>\n\t\t\t\t<\/div>\n\t\t\t\t\t<\/div>\n\t\t\t\t<\/div>\n\t\t<div class=\"elementor-element elementor-element-68573e58 animated-slow e-flex e-con-boxed elementor-invisible e-con e-parent\" data-id=\"68573e58\" data-element_type=\"container\" data-e-type=\"container\" data-settings=\"{&quot;animation&quot;:&quot;fadeInRight&quot;}\">\n\t\t\t\t\t<div class=\"e-con-inner\">\n\t\t\t\t<div class=\"elementor-element elementor-element-6ac00cc elementor-widget elementor-widget-heading\" data-id=\"6ac00cc\" data-element_type=\"widget\" data-e-type=\"widget\" data-widget_type=\"heading.default\">\n\t\t\t\t<div class=\"elementor-widget-container\">\n\t\t\t\t\t<h1 class=\"elementor-heading-title elementor-size-default\">Habitat:<\/h1>\t\t\t\t<\/div>\n\t\t\t\t<\/div>\n\t\t\t\t<div class=\"elementor-element elementor-element-1438c104 elementor-widget elementor-widget-text-editor\" data-id=\"1438c104\" data-element_type=\"widget\" data-e-type=\"widget\" data-widget_type=\"text-editor.default\">\n\t\t\t\t<div class=\"elementor-widget-container\">\n\t\t\t\t\t\t\t\t\t<p>Tarantula cu picioare ro\u0219ii prefer\u0103 s\u0103 tr\u0103iasc\u0103 \u00een zone semi-aride, cu sol u\u0219or nisipos \u0219i locuri pentru ad\u0103post, cum ar fi cr\u0103p\u0103turile din st\u00e2nci sau sub pietre \u0219i bu\u0219teni. De asemenea, \u00een habitatul natural, aceast\u0103 tarantul\u0103 \u00ee\u0219i face ad\u0103posturi \u00een sol, pe care le va \u021bese sau va crea o re\u021bea de m\u0103tase care o protejeaz\u0103 de pr\u0103d\u0103tori \u0219i de schimb\u0103rile de temperatur\u0103. \u00cen captivitate, tarantulele cu picioare ro\u0219ii trebuie s\u0103 aib\u0103 un habitat similar, cu o cutie de depozitare ad\u00e2nc\u0103 \u00een care pot s\u0103 sape \u0219i s\u0103-\u0219i fac\u0103 ad\u0103posturi.<\/p>\t\t\t\t\t\t\t\t<\/div>\n\t\t\t\t<\/div>\n\t\t\t\t\t<\/div>\n\t\t\t\t<\/div>\n\t\t<div class=\"elementor-element elementor-element-75beb010 e-grid e-con-boxed e-con e-parent\" data-id=\"75beb010\" data-element_type=\"container\" data-e-type=\"container\">\n\t\t\t\t\t<div class=\"e-con-inner\">\n\t\t<div class=\"elementor-element elementor-element-63d98cce e-con-full animated-slow e-flex elementor-invisible e-con e-child\" data-id=\"63d98cce\" data-element_type=\"container\" data-e-type=\"container\" data-settings=\"{&quot;animation&quot;:&quot;fadeInLeft&quot;}\">\n\t\t\t\t<div class=\"elementor-element elementor-element-74e29aaa elementor-widget elementor-widget-heading\" data-id=\"74e29aaa\" data-element_type=\"widget\" data-e-type=\"widget\" data-widget_type=\"heading.default\">\n\t\t\t\t<div class=\"elementor-widget-container\">\n\t\t\t\t\t<h1 class=\"elementor-heading-title elementor-size-default\">Hran\u0103:<\/h1>\t\t\t\t<\/div>\n\t\t\t\t<\/div>\n\t\t\t\t<div class=\"elementor-element elementor-element-4e17d519 elementor-widget elementor-widget-text-editor\" data-id=\"4e17d519\" data-element_type=\"widget\" data-e-type=\"widget\" data-widget_type=\"text-editor.default\">\n\t\t\t\t<div class=\"elementor-widget-container\">\n\t\t\t\t\t\t\t\t\t<p>Tarantula cu picioare ro\u0219ii este carnivor\u0103 \u0219i se hr\u0103ne\u0219te cu insecte mai mici (cum ar fi l\u0103custe, g\u00e2ndaci, greieri), \u0219oareci mici sau alte p\u0103ianjeni. V\u00e2neaz\u0103 prin ambuscad\u0103 \u0219i prinde prada cu ajutorul veninului s\u0103u, care nu este periculos pentru oameni, dar este eficient pentru prada sa. Tarantula folose\u0219te gheretele sale puternice pentru a prinde \u0219i a imobiliza prada, iar veninul s\u0103u ajut\u0103 la digestia mai rapid\u0103 a acesteia.<\/p>\t\t\t\t\t\t\t\t<\/div>\n\t\t\t\t<\/div>\n\t\t\t\t<\/div>\n\t\t<div class=\"elementor-element elementor-element-25ac1cbe e-con-full animated-slow e-flex elementor-invisible e-con e-child\" data-id=\"25ac1cbe\" data-element_type=\"container\" data-e-type=\"container\" data-settings=\"{&quot;animation&quot;:&quot;fadeInRight&quot;}\">\n\t\t\t\t<div class=\"elementor-element elementor-element-6fb3e67b elementor-widget elementor-widget-heading\" data-id=\"6fb3e67b\" data-element_type=\"widget\" data-e-type=\"widget\" data-widget_type=\"heading.default\">\n\t\t\t\t<div class=\"elementor-widget-container\">\n\t\t\t\t\t<h1 class=\"elementor-heading-title elementor-size-default\">Conservare:<\/h1>\t\t\t\t<\/div>\n\t\t\t\t<\/div>\n\t\t\t\t<div class=\"elementor-element elementor-element-522c1fd7 elementor-widget elementor-widget-text-editor\" data-id=\"522c1fd7\" data-element_type=\"widget\" data-e-type=\"widget\" data-widget_type=\"text-editor.default\">\n\t\t\t\t<div class=\"elementor-widget-container\">\n\t\t\t\t\t\t\t\t\t<p>Brachypelma emilia nu este o specie \u00een pericol de extinc\u021bie, dar ca multe alte specii de tarantule, aceasta poate fi afectat\u0103 de pierderea habitatului \u0219i de colectarea excesiv\u0103 de c\u0103tre colec\u021bionarii de animale exotice. \u00cen Mexic, este o specie protejat\u0103 \u00een s\u0103lb\u0103ticie, iar importul \u0219i comer\u021bul cu aceste tarantule sunt reglementate. \u00cen captivitate, Brachypelma emilia este o specie relativ u\u0219or de \u00eentre\u021binut \u0219i nu are cerin\u021be de conservare majore, cu condi\u021bia ca habitatul s\u0103 fie recreat corespunz\u0103tor.<\/p><p>\u00a0<\/p>\t\t\t\t\t\t\t\t<\/div>\n\t\t\t\t<\/div>\n\t\t\t\t<\/div>\n\t\t\t\t\t<\/div>\n\t\t\t\t<\/div>\n\t\t\t\t<\/div>","protected":false},"excerpt":{"rendered":"<p>Tarantula cu Picioare Rosii Denumirea \u0219tiin\u021bific\u0103: Brachypelma emiliaOrdinul: AraneaeFamilia: TheraphosidaeGenul: BrachypelmaSpecia: Brachypelma emiliaDistribu\u021bia pe glob: Originar\u0103 din Mexic, mai ales din regiunile centrale \u0219i sudice (Durango, Sinaloa, Jalisco). Este o tarantul\u0103 terestr\u0103 care prefer\u0103 p\u0103durile subtropicale \u0219i zonele semi-aride, dar se adapteaz\u0103 \u0219i \u00een habitate mai uscate Dimensiuni: Lungimea corpului: 6\u20137 cm; Anvergura picioarelor: 14\u201318 &hellip; <a href=\"https:\/\/bucurestizoo.ro\/en\/tarantula-cu-picioare-rosii\/\" class=\"more-link\">Continue reading <span class=\"screen-reader-text\">Tarantula cu picioare rosii<\/span><\/a><\/p>","protected":false},"author":1,"featured_media":0,"parent":0,"menu_order":0,"comment_status":"closed","ping_status":"closed","template":"","meta":{"_monsterinsights_skip_tracking":false,"_monsterinsights_sitenote_active":false,"_monsterinsights_sitenote_note":"","_monsterinsights_sitenote_category":0,"footnotes":""},"class_list":["post-14630","page","type-page","status-publish","hentry"],"aioseo_notices":[],"_links":{"self":[{"href":"https:\/\/bucurestizoo.ro\/en\/wp-json\/wp\/v2\/pages\/14630","targetHints":{"allow":["GET"]}}],"collection":[{"href":"https:\/\/bucurestizoo.ro\/en\/wp-json\/wp\/v2\/pages"}],"about":[{"href":"https:\/\/bucurestizoo.ro\/en\/wp-json\/wp\/v2\/types\/page"}],"author":[{"embeddable":true,"href":"https:\/\/bucurestizoo.ro\/en\/wp-json\/wp\/v2\/users\/1"}],"replies":[{"embeddable":true,"href":"https:\/\/bucurestizoo.ro\/en\/wp-json\/wp\/v2\/comments?post=14630"}],"version-history":[{"count":4,"href":"https:\/\/bucurestizoo.ro\/en\/wp-json\/wp\/v2\/pages\/14630\/revisions"}],"predecessor-version":[{"id":14635,"href":"https:\/\/bucurestizoo.ro\/en\/wp-json\/wp\/v2\/pages\/14630\/revisions\/14635"}],"wp:attachment":[{"href":"https:\/\/bucurestizoo.ro\/en\/wp-json\/wp\/v2\/media?parent=14630"}],"curies":[{"name":"wp","href":"https:\/\/api.w.org\/{rel}","templated":true}]}}