{"id":14619,"date":"2025-03-31T22:22:09","date_gmt":"2025-03-31T20:22:09","guid":{"rendered":"https:\/\/n1.bucurestizoo.ro\/?page_id=14619"},"modified":"2025-03-31T22:30:43","modified_gmt":"2025-03-31T20:30:43","slug":"vanturel","status":"publish","type":"page","link":"https:\/\/bucurestizoo.ro\/en\/vanturel\/","title":{"rendered":"V\u00e2nturel"},"content":{"rendered":"<div data-elementor-type=\"wp-page\" data-elementor-id=\"14619\" class=\"elementor elementor-14619\" data-elementor-post-type=\"page\">\n\t\t\t\t<div class=\"elementor-element elementor-element-2ade4e0 e-flex e-con-boxed e-con e-parent\" data-id=\"2ade4e0\" data-element_type=\"container\" data-e-type=\"container\" data-settings=\"{&quot;background_background&quot;:&quot;classic&quot;}\">\n\t\t\t\t\t<div class=\"e-con-inner\">\n\t\t<div class=\"elementor-element elementor-element-6b7302fb e-con-full e-flex e-con e-child\" data-id=\"6b7302fb\" data-element_type=\"container\" data-e-type=\"container\">\n\t\t<div class=\"elementor-element elementor-element-38e71f0 e-con-full animated-slow e-flex elementor-invisible e-con e-child\" data-id=\"38e71f0\" data-element_type=\"container\" data-e-type=\"container\" data-settings=\"{&quot;animation&quot;:&quot;fadeInLeft&quot;}\">\n\t\t\t\t<div class=\"elementor-element elementor-element-150e82a elementor-widget elementor-widget-heading\" data-id=\"150e82a\" data-element_type=\"widget\" data-e-type=\"widget\" data-widget_type=\"heading.default\">\n\t\t\t\t<div class=\"elementor-widget-container\">\n\t\t\t\t\t<h1 class=\"elementor-heading-title elementor-size-default\">V\u00e2nturel<\/h1>\t\t\t\t<\/div>\n\t\t\t\t<\/div>\n\t\t\t\t<div class=\"elementor-element elementor-element-f523ab1 elementor-widget elementor-widget-text-editor\" data-id=\"f523ab1\" data-element_type=\"widget\" data-e-type=\"widget\" data-widget_type=\"text-editor.default\">\n\t\t\t\t<div class=\"elementor-widget-container\">\n\t\t\t\t\t\t\t\t\t<p><strong data-start=\"0\" data-end=\"26\">Denumirea \u0219tiin\u021bific\u0103:<\/strong> Falco tinnunculus<br data-start=\"44\" data-end=\"47\" data-is-only-node=\"\" \/><strong data-start=\"47\" data-end=\"59\">Ordinul:<\/strong> Falconiformes<br data-start=\"73\" data-end=\"76\" \/><strong data-start=\"76\" data-end=\"88\">Familia:<\/strong> Falconidae<br data-start=\"99\" data-end=\"102\" \/><strong data-start=\"102\" data-end=\"112\">Genul:<\/strong> Falco<br data-start=\"118\" data-end=\"121\" \/><strong data-start=\"121\" data-end=\"132\">Specia:<\/strong> Falco tinnunculus<br data-start=\"150\" data-end=\"153\" \/><strong data-start=\"153\" data-end=\"177\">Distribu\u021bia pe glob:<\/strong> V\u00e2nturelul este r\u0103sp\u00e2ndit \u00een Europa, Asia \u0219i Africa de Nord. Se adapteaz\u0103 u\u0219or la diverse medii \u0219i poate fi rezident sau migrator, \u00een func\u021bie de clim\u0103 \u0219i resurse. \u00cen Europa, este prezent din nordul continentului p\u00e2n\u0103 \u00een sudul Peninsulei Iberice \u0219i Italia<br data-start=\"432\" data-end=\"435\" \/><strong data-start=\"435\" data-end=\"450\">Dimensiuni:<\/strong> Lungimea corpului: 30\u201335 cm; Anvergura aripilor: 60\u201380 cm<br data-start=\"508\" data-end=\"511\" \/><strong data-start=\"511\" data-end=\"525\">Greutatea:<\/strong> 150\u2013250 g, masculii fiind mai u\u0219ori dec\u00e2t femelele<br data-start=\"576\" data-end=\"579\" \/><strong data-start=\"579\" data-end=\"604\">Perioada de incubare:<\/strong> 27\u201330 zile<br data-start=\"615\" data-end=\"618\" \/><strong data-start=\"618\" data-end=\"635\">Num\u0103r de pui:<\/strong> De obicei 4\u20136 ou\u0103, dar pot fi \u0219i 3\u20137, \u00een func\u021bie de condi\u021biile de mediu \u0219i hran\u0103<br data-start=\"716\" data-end=\"719\" \/><strong data-start=\"719\" data-end=\"741\">Speran\u021ba de via\u021b\u0103:<\/strong> 3\u20135 ani \u00een s\u0103lb\u0103ticie; p\u00e2n\u0103 la 10\u201315 ani \u00een condi\u021bii favorabile<\/p>\t\t\t\t\t\t\t\t<\/div>\n\t\t\t\t<\/div>\n\t\t\t\t<\/div>\n\t\t\t\t<div class=\"elementor-element elementor-element-3164fd32 elementor-widget-tablet__width-inherit animated-slow elementor-invisible elementor-widget elementor-widget-image\" data-id=\"3164fd32\" data-element_type=\"widget\" data-e-type=\"widget\" data-settings=\"{&quot;_animation&quot;:&quot;fadeInRight&quot;}\" data-widget_type=\"image.default\">\n\t\t\t\t<div class=\"elementor-widget-container\">\n\t\t\t\t\t\t\t\t\t\t\t\t\t\t\t<img fetchpriority=\"high\" decoding=\"async\" width=\"847\" height=\"564\" src=\"https:\/\/bucurestizoo.ro\/wp-content\/uploads\/2025\/03\/Vanturel-dt_1-Large-1024x682.jpeg\" class=\"attachment-large size-large wp-image-14615\" alt=\"\" srcset=\"https:\/\/bucurestizoo.ro\/wp-content\/uploads\/2025\/03\/Vanturel-dt_1-Large-1024x682.jpeg 1024w, https:\/\/bucurestizoo.ro\/wp-content\/uploads\/2025\/03\/Vanturel-dt_1-Large-300x200.jpeg 300w, https:\/\/bucurestizoo.ro\/wp-content\/uploads\/2025\/03\/Vanturel-dt_1-Large-768x512.jpeg 768w, https:\/\/bucurestizoo.ro\/wp-content\/uploads\/2025\/03\/Vanturel-dt_1-Large-450x300.jpeg 450w, https:\/\/bucurestizoo.ro\/wp-content\/uploads\/2025\/03\/Vanturel-dt_1-Large-650x433.jpeg 650w, https:\/\/bucurestizoo.ro\/wp-content\/uploads\/2025\/03\/Vanturel-dt_1-Large.jpeg 1280w\" sizes=\"(max-width: 847px) 100vw, 847px\" data-id=\"14615\" \/>\t\t\t\t\t\t\t\t\t\t\t\t\t\t\t<\/div>\n\t\t\t\t<\/div>\n\t\t\t\t<\/div>\n\t\t\t\t\t<\/div>\n\t\t\t\t<\/div>\n\t\t<div class=\"elementor-element elementor-element-2db86382 animated-slow e-flex e-con-boxed elementor-invisible e-con e-parent\" data-id=\"2db86382\" data-element_type=\"container\" data-e-type=\"container\" data-settings=\"{&quot;animation&quot;:&quot;fadeInLeft&quot;}\">\n\t\t\t\t\t<div class=\"e-con-inner\">\n\t\t\t\t<div class=\"elementor-element elementor-element-1ce02e79 elementor-widget elementor-widget-heading\" data-id=\"1ce02e79\" data-element_type=\"widget\" data-e-type=\"widget\" data-widget_type=\"heading.default\">\n\t\t\t\t<div class=\"elementor-widget-container\">\n\t\t\t\t\t<h1 class=\"elementor-heading-title elementor-size-default\">General:<\/h1>\t\t\t\t<\/div>\n\t\t\t\t<\/div>\n\t\t\t\t<div class=\"elementor-element elementor-element-643cbf08 elementor-widget elementor-widget-text-editor\" data-id=\"643cbf08\" data-element_type=\"widget\" data-e-type=\"widget\" data-widget_type=\"text-editor.default\">\n\t\t\t\t<div class=\"elementor-widget-container\">\n\t\t\t\t\t\t\t\t\t<p>V\u00e2nturelul (Falco tinnunculus) este o pas\u0103re de prad\u0103 de dimensiuni mici, u\u0219or de recunoscut datorit\u0103 comportamentului s\u0103u caracteristic de zbor: este adesea v\u0103zut plan\u00e2nd pe loc sau \u201eb\u0103t\u00e2nd\u201d cu aripile \u00een aer pentru a se men\u021bine suspendat, ceea ce \u00eei confer\u0103 un aspect de \u201eb\u0103taie\u201d \u00een zbor. Acest comportament este un mod eficient de a c\u0103uta prada, cum ar fi roz\u0103toare, insecte sau mici p\u0103s\u0103ri. De obicei, v\u00e2nturelul v\u00e2neaz\u0103 din aer, dar poate \u0219i s\u0103 se loveasc\u0103 de sol pentru a captura prada care se ascunde \u00een vegeta\u021bie.<\/p><p>Este o pas\u0103re destul de mic\u0103 \u00een compara\u021bie cu alte p\u0103s\u0103ri de prad\u0103, dar are o agilitate extraordinar\u0103 \u0219i o viziune foarte bun\u0103, care \u00eei permite s\u0103 observe prada de la distan\u021b\u0103 mare. V\u00e2nturelul este adesea asociat cu mediile deschise, cum ar fi p\u0103durile, c\u00e2mpiile \u0219i zonele agricole, unde poate s\u0103 \u00ee\u0219i construiasc\u0103 cuibul \u0219i s\u0103 \u00ee\u0219i v\u00e2neze prada. Acesta are un zbor rapid \u0219i precis, care \u00eel face un v\u00e2n\u0103tor eficient.<\/p><p>Un comportament amuzant al v\u00e2nturelului este faptul c\u0103 acestuia \u00eei place s\u0103 stea pe st\u00e2lpi sau pe marginea cl\u0103dirilor \u00eenalte, de unde poate observa tot ce se \u00eent\u00e2mpl\u0103 \u00een jur. Se spune c\u0103 sunt \u201evulturii de la ora\u0219\u201d, deoarece adesea pot fi v\u0103zu\u021bi \u00een zone semi-urbane sau \u00een apropierea drumurilor, observ\u00e2nd cu un aer vigilent.<\/p><p>C\u00e2nd v\u00e2nturelul prinde o prad\u0103, \u00ee\u0219i poate transporta \u201eprada\u201d \u00een zborul s\u0103u, de obicei av\u00e2nd o abordare destul de calm\u0103 \u0219i agil\u0103. Aceasta face ca atacurile s\u0103 fie extrem de rapide \u0219i precise, ceea ce este cu adev\u0103rat fascinant de urm\u0103rit.<\/p>\t\t\t\t\t\t\t\t<\/div>\n\t\t\t\t<\/div>\n\t\t\t\t\t<\/div>\n\t\t\t\t<\/div>\n\t\t<div class=\"elementor-element elementor-element-12562f8a e-flex e-con-boxed e-con e-parent\" data-id=\"12562f8a\" data-element_type=\"container\" data-e-type=\"container\">\n\t\t\t\t\t<div class=\"e-con-inner\">\n\t\t\t\t<div class=\"elementor-element elementor-element-55a1992a elementor-widget elementor-widget-gallery\" data-id=\"55a1992a\" data-element_type=\"widget\" data-e-type=\"widget\" data-settings=\"{&quot;columns&quot;:2,&quot;lazyload&quot;:&quot;yes&quot;,&quot;gallery_layout&quot;:&quot;grid&quot;,&quot;columns_tablet&quot;:2,&quot;columns_mobile&quot;:1,&quot;gap&quot;:{&quot;unit&quot;:&quot;px&quot;,&quot;size&quot;:10,&quot;sizes&quot;:[]},&quot;gap_tablet&quot;:{&quot;unit&quot;:&quot;px&quot;,&quot;size&quot;:10,&quot;sizes&quot;:[]},&quot;gap_mobile&quot;:{&quot;unit&quot;:&quot;px&quot;,&quot;size&quot;:10,&quot;sizes&quot;:[]},&quot;link_to&quot;:&quot;file&quot;,&quot;aspect_ratio&quot;:&quot;3:2&quot;,&quot;overlay_background&quot;:&quot;yes&quot;,&quot;content_hover_animation&quot;:&quot;fade-in&quot;}\" data-widget_type=\"gallery.default\">\n\t\t\t\t<div class=\"elementor-widget-container\">\n\t\t\t\t\t\t\t<div class=\"elementor-gallery__container\">\n\t\t\t\t\t\t\t<a class=\"e-gallery-item elementor-gallery-item elementor-animated-content\" href=\"https:\/\/bucurestizoo.ro\/wp-content\/uploads\/2025\/03\/Vanturel-dt_2-Large.jpeg\" data-elementor-open-lightbox=\"yes\" data-elementor-lightbox-slideshow=\"55a1992a\" data-elementor-lightbox-title=\"Va\u0302nturel dt_2 Large\" data-e-action-hash=\"#elementor-action%3Aaction%3Dlightbox%26settings%3DeyJpZCI6MTQ2MTQsInVybCI6Imh0dHBzOlwvXC9idWN1cmVzdGl6b28ucm9cL3dwLWNvbnRlbnRcL3VwbG9hZHNcLzIwMjVcLzAzXC9WYW50dXJlbC1kdF8yLUxhcmdlLmpwZWciLCJzbGlkZXNob3ciOiI1NWExOTkyYSJ9\">\n\t\t\t\t\t<div class=\"e-gallery-image elementor-gallery-item__image\" data-thumbnail=\"https:\/\/bucurestizoo.ro\/wp-content\/uploads\/2025\/03\/Vanturel-dt_2-Large-1024x682.jpeg\" data-width=\"847\" data-height=\"564\" aria-label=\"\" role=\"img\" ><\/div>\n\t\t\t\t\t\t\t\t\t\t\t<div class=\"elementor-gallery-item__overlay\"><\/div>\n\t\t\t\t\t\t\t\t\t\t\t\t\t\t<\/a>\n\t\t\t\t\t<\/div>\n\t\t\t\t\t<\/div>\n\t\t\t\t<\/div>\n\t\t\t\t\t<\/div>\n\t\t\t\t<\/div>\n\t\t<div class=\"elementor-element elementor-element-3252933d animated-slow e-flex e-con-boxed elementor-invisible e-con e-parent\" data-id=\"3252933d\" data-element_type=\"container\" data-e-type=\"container\" data-settings=\"{&quot;animation&quot;:&quot;fadeInRight&quot;}\">\n\t\t\t\t\t<div class=\"e-con-inner\">\n\t\t\t\t<div class=\"elementor-element elementor-element-143a1aed elementor-widget elementor-widget-heading\" data-id=\"143a1aed\" data-element_type=\"widget\" data-e-type=\"widget\" data-widget_type=\"heading.default\">\n\t\t\t\t<div class=\"elementor-widget-container\">\n\t\t\t\t\t<h1 class=\"elementor-heading-title elementor-size-default\">Habitat:<\/h1>\t\t\t\t<\/div>\n\t\t\t\t<\/div>\n\t\t\t\t<div class=\"elementor-element elementor-element-5ff1ab3e elementor-widget elementor-widget-text-editor\" data-id=\"5ff1ab3e\" data-element_type=\"widget\" data-e-type=\"widget\" data-widget_type=\"text-editor.default\">\n\t\t\t\t<div class=\"elementor-widget-container\">\n\t\t\t\t\t\t\t\t\t<p>V\u00e2nturelul prefer\u0103 zonele deschise, cum ar fi c\u00e2mpiile, paji\u0219tile, p\u0103durile rare \u0219i zonele agricole, dar poate fi \u00eent\u00e2lnit \u0219i \u00een zone urbane sau \u00een apropierea drumurilor \u0219i ora\u0219elor mici. Aceast\u0103 pas\u0103re de prad\u0103 este destul de adaptabil\u0103 \u0219i poate tr\u0103i \u0219i \u00een zone semi-urbane, unde poate g\u0103si at\u00e2t ad\u0103post, c\u00e2t \u0219i hran\u0103. Este adesea \u00eent\u00e2lnit pe st\u00e2nci, cl\u0103diri sau st\u00e2lpi de electricitate, unde se poate odihni \u0219i \u00ee\u0219i poate observa terenul de v\u00e2n\u0103toare.<\/p><p>\u00cen timpul cuib\u0103ritului, v\u00e2nturelul \u00ee\u0219i construie\u0219te cuibul pe sol sau \u00een cr\u0103p\u0103turi de st\u00e2nc\u0103, iar unele perechi prefer\u0103 s\u0103 cuib\u0103reasc\u0103 \u00een ruinele cl\u0103dirilor sau \u00een structuri artificiale, cum ar fi silozurile sau hambarele. Acest tip de habitat ofer\u0103 protec\u021bie \u0219i un loc bun pentru v\u00e2n\u0103toare.<\/p>\t\t\t\t\t\t\t\t<\/div>\n\t\t\t\t<\/div>\n\t\t\t\t\t<\/div>\n\t\t\t\t<\/div>\n\t\t<div class=\"elementor-element elementor-element-3f3d0461 e-grid e-con-boxed e-con e-parent\" data-id=\"3f3d0461\" data-element_type=\"container\" data-e-type=\"container\">\n\t\t\t\t\t<div class=\"e-con-inner\">\n\t\t<div class=\"elementor-element elementor-element-b690b98 e-con-full animated-slow e-flex elementor-invisible e-con e-child\" data-id=\"b690b98\" data-element_type=\"container\" data-e-type=\"container\" data-settings=\"{&quot;animation&quot;:&quot;fadeInLeft&quot;}\">\n\t\t\t\t<div class=\"elementor-element elementor-element-40c87888 elementor-widget elementor-widget-heading\" data-id=\"40c87888\" data-element_type=\"widget\" data-e-type=\"widget\" data-widget_type=\"heading.default\">\n\t\t\t\t<div class=\"elementor-widget-container\">\n\t\t\t\t\t<h1 class=\"elementor-heading-title elementor-size-default\">Hran\u0103:<\/h1>\t\t\t\t<\/div>\n\t\t\t\t<\/div>\n\t\t\t\t<div class=\"elementor-element elementor-element-624fe8ce elementor-widget elementor-widget-text-editor\" data-id=\"624fe8ce\" data-element_type=\"widget\" data-e-type=\"widget\" data-widget_type=\"text-editor.default\">\n\t\t\t\t<div class=\"elementor-widget-container\">\n\t\t\t\t\t\t\t\t\t<p>V\u00e2nturelul se hr\u0103ne\u0219te, \u00een principal, cu roz\u0103toare mici (cum ar fi \u0219oarecii \u0219i aricii), dar \u0219i cu insecte, p\u0103s\u0103ri mici, reptile \u0219i chiar amfibieni. V\u00e2nturelul v\u00e2neaz\u0103 de obicei din zbor, efectu\u00e2nd zboruri rapide \u0219i acurate pentru a prinde prada \u00een timp ce aceasta se mi\u0219c\u0103 pe sol sau \u00een vegeta\u021bie. De asemenea, poate v\u00e2na prin \u201eplanare\u201d, unde r\u0103m\u00e2ne suspendat \u00een aer pentru o perioad\u0103 de timp lung\u0103, ceea ce \u00eei permite s\u0103 observe terenul sub el.<\/p><p>Pentru a prinde prada, v\u00e2nturelul se cufund\u0103 rapid, folosind ghearele sale pentru a o apuca. De asemenea, poate folosi vizibilitatea excelent\u0103 pentru a urm\u0103ri mi\u0219c\u0103rile pr\u0103zii \u0219i a o prinde chiar din aer.<\/p>\t\t\t\t\t\t\t\t<\/div>\n\t\t\t\t<\/div>\n\t\t\t\t<\/div>\n\t\t<div class=\"elementor-element elementor-element-215fe9a3 e-con-full animated-slow e-flex elementor-invisible e-con e-child\" data-id=\"215fe9a3\" data-element_type=\"container\" data-e-type=\"container\" data-settings=\"{&quot;animation&quot;:&quot;fadeInRight&quot;}\">\n\t\t\t\t<div class=\"elementor-element elementor-element-582ae4fe elementor-widget elementor-widget-heading\" data-id=\"582ae4fe\" data-element_type=\"widget\" data-e-type=\"widget\" data-widget_type=\"heading.default\">\n\t\t\t\t<div class=\"elementor-widget-container\">\n\t\t\t\t\t<h1 class=\"elementor-heading-title elementor-size-default\">Conservare:<\/h1>\t\t\t\t<\/div>\n\t\t\t\t<\/div>\n\t\t\t\t<div class=\"elementor-element elementor-element-8acc0fc elementor-widget elementor-widget-text-editor\" data-id=\"8acc0fc\" data-element_type=\"widget\" data-e-type=\"widget\" data-widget_type=\"text-editor.default\">\n\t\t\t\t<div class=\"elementor-widget-container\">\n\t\t\t\t\t\t\t\t\t<p>Falco tinnunculus nu este considerat o specie pe cale de dispari\u021bie, fiind o pas\u0103re de prad\u0103 destul de comun\u0103 \u00een multe regiuni ale lumii. Totu\u0219i, v\u00e2nturelul se confrunt\u0103 cu anumite amenin\u021b\u0103ri, cum ar fi pierderea habitatului, folosirea pesticidelor \u00een agricultur\u0103 \u0219i coliziunile cu vehiculele. De asemenea, schimb\u0103rile climatice pot afecta disponibilitatea pr\u0103zii \u0219i a habitatelor naturale. \u00cen multe \u021b\u0103ri din Europa, v\u00e2nturelul beneficiaz\u0103 de protec\u021bie legal\u0103, iar organiza\u021biile de conservare monitorizeaz\u0103 popula\u021biile de p\u0103s\u0103ri pentru a preveni o sc\u0103dere a num\u0103rului acestora.<\/p><p>\u00cen regiunile agricole, v\u00e2nturelul este adesea considerat un \u201eajutor\u201d natural pentru controlul popula\u021biilor de roz\u0103toare, deoarece ajut\u0103 la men\u021binerea echilibrului ecologic al zonei.<\/p>\t\t\t\t\t\t\t\t<\/div>\n\t\t\t\t<\/div>\n\t\t\t\t<\/div>\n\t\t\t\t\t<\/div>\n\t\t\t\t<\/div>\n\t\t\t\t<\/div>","protected":false},"excerpt":{"rendered":"<p>V\u00e2nturel Denumirea \u0219tiin\u021bific\u0103: Falco tinnunculusOrdinul: FalconiformesFamilia: FalconidaeGenul: FalcoSpecia: Falco tinnunculusDistribu\u021bia pe glob: V\u00e2nturelul este r\u0103sp\u00e2ndit \u00een Europa, Asia \u0219i Africa de Nord. Se adapteaz\u0103 u\u0219or la diverse medii \u0219i poate fi rezident sau migrator, \u00een func\u021bie de clim\u0103 \u0219i resurse. \u00cen Europa, este prezent din nordul continentului p\u00e2n\u0103 \u00een sudul Peninsulei Iberice \u0219i ItaliaDimensiuni: Lungimea &hellip; <a href=\"https:\/\/bucurestizoo.ro\/en\/vanturel\/\" class=\"more-link\">Continue reading <span class=\"screen-reader-text\">V\u00e2nturel<\/span><\/a><\/p>","protected":false},"author":1,"featured_media":0,"parent":0,"menu_order":0,"comment_status":"closed","ping_status":"closed","template":"","meta":{"_monsterinsights_skip_tracking":false,"_monsterinsights_sitenote_active":false,"_monsterinsights_sitenote_note":"","_monsterinsights_sitenote_category":0,"footnotes":""},"class_list":["post-14619","page","type-page","status-publish","hentry"],"aioseo_notices":[],"_links":{"self":[{"href":"https:\/\/bucurestizoo.ro\/en\/wp-json\/wp\/v2\/pages\/14619","targetHints":{"allow":["GET"]}}],"collection":[{"href":"https:\/\/bucurestizoo.ro\/en\/wp-json\/wp\/v2\/pages"}],"about":[{"href":"https:\/\/bucurestizoo.ro\/en\/wp-json\/wp\/v2\/types\/page"}],"author":[{"embeddable":true,"href":"https:\/\/bucurestizoo.ro\/en\/wp-json\/wp\/v2\/users\/1"}],"replies":[{"embeddable":true,"href":"https:\/\/bucurestizoo.ro\/en\/wp-json\/wp\/v2\/comments?post=14619"}],"version-history":[{"count":5,"href":"https:\/\/bucurestizoo.ro\/en\/wp-json\/wp\/v2\/pages\/14619\/revisions"}],"predecessor-version":[{"id":14625,"href":"https:\/\/bucurestizoo.ro\/en\/wp-json\/wp\/v2\/pages\/14619\/revisions\/14625"}],"wp:attachment":[{"href":"https:\/\/bucurestizoo.ro\/en\/wp-json\/wp\/v2\/media?parent=14619"}],"curies":[{"name":"wp","href":"https:\/\/api.w.org\/{rel}","templated":true}]}}