{"id":14603,"date":"2025-03-31T22:13:56","date_gmt":"2025-03-31T20:13:56","guid":{"rendered":"https:\/\/n1.bucurestizoo.ro\/?page_id=14603"},"modified":"2025-03-31T22:18:16","modified_gmt":"2025-03-31T20:18:16","slug":"uliu-sorecar","status":"publish","type":"page","link":"https:\/\/bucurestizoo.ro\/en\/uliu-sorecar\/","title":{"rendered":"Uliu Sorecar"},"content":{"rendered":"<div data-elementor-type=\"wp-page\" data-elementor-id=\"14603\" class=\"elementor elementor-14603\" data-elementor-post-type=\"page\">\n\t\t\t\t<div class=\"elementor-element elementor-element-17090b63 e-flex e-con-boxed e-con e-parent\" data-id=\"17090b63\" data-element_type=\"container\" data-e-type=\"container\" data-settings=\"{&quot;background_background&quot;:&quot;classic&quot;}\">\n\t\t\t\t\t<div class=\"e-con-inner\">\n\t\t<div class=\"elementor-element elementor-element-60f251fa e-con-full e-flex e-con e-child\" data-id=\"60f251fa\" data-element_type=\"container\" data-e-type=\"container\">\n\t\t<div class=\"elementor-element elementor-element-3d7ff729 e-con-full animated-slow e-flex elementor-invisible e-con e-child\" data-id=\"3d7ff729\" data-element_type=\"container\" data-e-type=\"container\" data-settings=\"{&quot;animation&quot;:&quot;fadeInLeft&quot;}\">\n\t\t\t\t<div class=\"elementor-element elementor-element-6538e6d2 elementor-widget elementor-widget-heading\" data-id=\"6538e6d2\" data-element_type=\"widget\" data-e-type=\"widget\" data-widget_type=\"heading.default\">\n\t\t\t\t<div class=\"elementor-widget-container\">\n\t\t\t\t\t<h1 class=\"elementor-heading-title elementor-size-default\">Uliu Sorecar<\/h1>\t\t\t\t<\/div>\n\t\t\t\t<\/div>\n\t\t\t\t<div class=\"elementor-element elementor-element-4daab7db elementor-widget elementor-widget-text-editor\" data-id=\"4daab7db\" data-element_type=\"widget\" data-e-type=\"widget\" data-widget_type=\"text-editor.default\">\n\t\t\t\t<div class=\"elementor-widget-container\">\n\t\t\t\t\t\t\t\t\t<p><strong data-start=\"0\" data-end=\"26\">Denumirea \u0219tiin\u021bific\u0103:<\/strong> Buteo buteo<br data-start=\"38\" data-end=\"41\" data-is-only-node=\"\" \/><strong data-start=\"41\" data-end=\"53\">Ordinul:<\/strong> Falconiformes<br data-start=\"67\" data-end=\"70\" \/><strong data-start=\"70\" data-end=\"82\">Familia:<\/strong> Accipitridae<br data-start=\"95\" data-end=\"98\" \/><strong data-start=\"98\" data-end=\"108\">Genul:<\/strong> Buteo<br data-start=\"114\" data-end=\"117\" \/><strong data-start=\"117\" data-end=\"128\">Specia:<\/strong> Buteo buteo<br data-start=\"140\" data-end=\"143\" \/><strong data-start=\"143\" data-end=\"167\">Distribu\u021bia pe glob:<\/strong> Uliul \u0219orecar este larg r\u0103sp\u00e2ndit \u00een Europa, Asia \u0219i nordul Africii. Este migrator par\u021bial \u2013 unele popula\u021bii migreaz\u0103 iarna \u00een sudul Europei \u0219i Africa, iar altele r\u0103m\u00e2n rezidente tot anul, \u00een special \u00een regiunile mai temperate<br data-start=\"394\" data-end=\"397\" \/><strong data-start=\"397\" data-end=\"412\">Dimensiuni:<\/strong> Lungimea corpului: 50\u201358 cm; Anvergura aripilor: 120\u2013150 cm<br data-start=\"472\" data-end=\"475\" \/><strong data-start=\"475\" data-end=\"489\">Greutatea:<\/strong> \u00centre 400 \u0219i 1.100 g, \u00een func\u021bie de sex \u0219i zon\u0103 geografic\u0103<br data-start=\"548\" data-end=\"551\" \/><strong data-start=\"551\" data-end=\"576\">Perioada de incubare:<\/strong> Aproximativ 30\u201335 zile<br data-start=\"599\" data-end=\"602\" \/><strong data-start=\"602\" data-end=\"619\">Num\u0103r de pui:<\/strong> De obicei 2\u20134 ou\u0103; puii sunt hr\u0103ni\u021bi de ambii p\u0103rin\u021bi p\u00e2n\u0103 la v\u00e2rsta de zbor<br data-start=\"696\" data-end=\"699\" \/><strong data-start=\"699\" data-end=\"721\">Speran\u021ba de via\u021b\u0103:<\/strong> 10\u201320 ani \u00een s\u0103lb\u0103ticie, de\u0219i multe exemplare nu supravie\u021buiesc primilor ani din cauza pericolelor naturale<\/p>\t\t\t\t\t\t\t\t<\/div>\n\t\t\t\t<\/div>\n\t\t\t\t<\/div>\n\t\t\t\t<div class=\"elementor-element elementor-element-25ac47a2 elementor-widget-tablet__width-inherit animated-slow elementor-invisible elementor-widget elementor-widget-image\" data-id=\"25ac47a2\" data-element_type=\"widget\" data-e-type=\"widget\" data-settings=\"{&quot;_animation&quot;:&quot;fadeInRight&quot;}\" data-widget_type=\"image.default\">\n\t\t\t\t<div class=\"elementor-widget-container\">\n\t\t\t\t\t\t\t\t\t\t\t\t\t\t\t<img fetchpriority=\"high\" decoding=\"async\" width=\"847\" height=\"582\" src=\"https:\/\/bucurestizoo.ro\/wp-content\/uploads\/2025\/03\/Uliu-Sorecar-dt-1024x704.jpg\" class=\"attachment-large size-large wp-image-14606\" alt=\"\" srcset=\"https:\/\/bucurestizoo.ro\/wp-content\/uploads\/2025\/03\/Uliu-Sorecar-dt-1024x704.jpg 1024w, https:\/\/bucurestizoo.ro\/wp-content\/uploads\/2025\/03\/Uliu-Sorecar-dt-300x206.jpg 300w, https:\/\/bucurestizoo.ro\/wp-content\/uploads\/2025\/03\/Uliu-Sorecar-dt-768x528.jpg 768w, https:\/\/bucurestizoo.ro\/wp-content\/uploads\/2025\/03\/Uliu-Sorecar-dt-1536x1056.jpg 1536w, https:\/\/bucurestizoo.ro\/wp-content\/uploads\/2025\/03\/Uliu-Sorecar-dt-2048x1408.jpg 2048w, https:\/\/bucurestizoo.ro\/wp-content\/uploads\/2025\/03\/Uliu-Sorecar-dt-437x300.jpg 437w, https:\/\/bucurestizoo.ro\/wp-content\/uploads\/2025\/03\/Uliu-Sorecar-dt-650x447.jpg 650w\" sizes=\"(max-width: 847px) 100vw, 847px\" data-id=\"14606\" \/>\t\t\t\t\t\t\t\t\t\t\t\t\t\t\t<\/div>\n\t\t\t\t<\/div>\n\t\t\t\t<\/div>\n\t\t\t\t\t<\/div>\n\t\t\t\t<\/div>\n\t\t<div class=\"elementor-element elementor-element-11837239 animated-slow e-flex e-con-boxed elementor-invisible e-con e-parent\" data-id=\"11837239\" data-element_type=\"container\" data-e-type=\"container\" data-settings=\"{&quot;animation&quot;:&quot;fadeInLeft&quot;}\">\n\t\t\t\t\t<div class=\"e-con-inner\">\n\t\t\t\t<div class=\"elementor-element elementor-element-45df27cd elementor-widget elementor-widget-heading\" data-id=\"45df27cd\" data-element_type=\"widget\" data-e-type=\"widget\" data-widget_type=\"heading.default\">\n\t\t\t\t<div class=\"elementor-widget-container\">\n\t\t\t\t\t<h1 class=\"elementor-heading-title elementor-size-default\">General:<\/h1>\t\t\t\t<\/div>\n\t\t\t\t<\/div>\n\t\t\t\t<div class=\"elementor-element elementor-element-3ddd5e17 elementor-widget elementor-widget-text-editor\" data-id=\"3ddd5e17\" data-element_type=\"widget\" data-e-type=\"widget\" data-widget_type=\"text-editor.default\">\n\t\t\t\t<div class=\"elementor-widget-container\">\n\t\t\t\t\t\t\t\t\t<p>Uliul sorecar este o pas\u0103re r\u0103pitoare de dimensiuni medii, cu un zbor caracteristic, foarte stabil \u0219i direct. Este o specie adaptabil\u0103, care poate v\u00e2na pe o mare varietate de terenuri, de la p\u0103duri \u0219i paji\u0219ti, la c\u00e2mpuri agricole \u0219i chiar zone montane. Este recunoscut pentru comportamentul s\u0103u calm \u0219i pentru adaptabilitatea sa \u00een fa\u021ba diferitelor condi\u021bii de mediu.<\/p><p>Uliul sorecar are un zbor caracteristic, cu aripile larg deschise \u0219i o coad\u0103 lung\u0103 \u0219i rotunjit\u0103. De multe ori, acesta poate fi v\u0103zut plutind \u00een aer, folosindu-se de curen\u021bii de aer ascenden\u021bi pentru a r\u0103m\u00e2ne suspendat, iar din c\u00e2nd \u00een c\u00e2nd, coboar\u0103 rapid pentru a prinde prada.<\/p><p>Este o pas\u0103re u\u0219or de observat \u00een timpul migra\u021biei sau \u00een timpul hr\u0103nirii, deoarece \u00ee\u0219i petrece mult timp plan\u00e2nd pe cer. \u00cen plus, se hr\u0103ne\u0219te cu prada de pe sol, inclusiv roz\u0103toare, p\u0103s\u0103ri mici \u0219i reptile. \u00cen general, uliul sorecar este o pas\u0103re solitar\u0103 \u0219i teritorial\u0103, cu o mare parte din via\u021ba sa concentrat\u0103 pe v\u00e2n\u0103toare \u0219i protejarea teritoriului s\u0103u.<\/p><p>\u00a0Uliul sorecar este uneori cunoscut pentru comportamentul s\u0103u \u201ebalansant\u201d \u00een aer. \u00cen timpul v\u00e2n\u0103torii, \u00ee\u0219i poate \u201eplanifica\u201d prada pentru o perioad\u0103 lung\u0103 de timp, r\u0103m\u00e2n\u00e2nd aproape nemi\u0219cat \u00een aer \u0219i mi\u0219c\u00e2ndu-se doar u\u0219or pe curen\u021bii de aer, ceea ce d\u0103 impresia c\u0103 \u201edans\u00e2nd\u201d pe cer.<\/p><p>Acesta poate fi, de asemenea, o pas\u0103re destul de curioas\u0103. \u00cen unele zone, uliul sorecar este observat urm\u0103rind ma\u0219inile sau oamenii, dintr-o distan\u021b\u0103 sigur\u0103, ceea ce face ca \u00eent\u00e2lnirile cu aceast\u0103 pas\u0103re s\u0103 fie destul de fascinante.<\/p>\t\t\t\t\t\t\t\t<\/div>\n\t\t\t\t<\/div>\n\t\t\t\t\t<\/div>\n\t\t\t\t<\/div>\n\t\t<div class=\"elementor-element elementor-element-3258c8c4 animated-slow e-flex e-con-boxed elementor-invisible e-con e-parent\" data-id=\"3258c8c4\" data-element_type=\"container\" data-e-type=\"container\" data-settings=\"{&quot;animation&quot;:&quot;fadeInRight&quot;}\">\n\t\t\t\t\t<div class=\"e-con-inner\">\n\t\t\t\t<div class=\"elementor-element elementor-element-25323058 elementor-widget elementor-widget-heading\" data-id=\"25323058\" data-element_type=\"widget\" data-e-type=\"widget\" data-widget_type=\"heading.default\">\n\t\t\t\t<div class=\"elementor-widget-container\">\n\t\t\t\t\t<h1 class=\"elementor-heading-title elementor-size-default\">Habitat:<\/h1>\t\t\t\t<\/div>\n\t\t\t\t<\/div>\n\t\t\t\t<div class=\"elementor-element elementor-element-72124d85 elementor-widget elementor-widget-text-editor\" data-id=\"72124d85\" data-element_type=\"widget\" data-e-type=\"widget\" data-widget_type=\"text-editor.default\">\n\t\t\t\t<div class=\"elementor-widget-container\">\n\t\t\t\t\t\t\t\t\t<p>Uliul sorecar prefer\u0103 zonele deschise, cum ar fi c\u00e2mpiile, p\u0103durile deschise, paji\u0219tile \u0219i zonele agricole. De asemenea, poate fi g\u0103sit \u00een p\u0103durile montane, unde se afl\u0103 adesea \u00een apropierea drumurilor sau a altor terenuri deschise care sunt ideale pentru v\u00e2n\u0103toare. \u00cen timpul migra\u021biei sau pe parcursul verii, acesta poate fi observat adesea pe v\u00e2rfurile mun\u021bilor sau pe marginile p\u0103durilor, c\u0103ut\u00e2nd prada.<\/p><p>Uliul sorecar prefer\u0103 habitatul \u00een care poate v\u00e2na din \u00een\u0103l\u021bimi \u0219i poate observa prada pe sol. De asemenea, acesta este o pas\u0103re teritorial\u0103, cu un teritoriu care poate varia \u00een dimensiune \u00een func\u021bie de disponibilitatea hranei. \u00cen timpul cuib\u0103ritului, \u00ee\u0219i construie\u0219te cuibul de obicei pe copaci mari sau \u00een arbori izola\u021bi, unde are o vizibilitate bun\u0103 a teritoriului s\u0103u.<\/p>\t\t\t\t\t\t\t\t<\/div>\n\t\t\t\t<\/div>\n\t\t\t\t\t<\/div>\n\t\t\t\t<\/div>\n\t\t<div class=\"elementor-element elementor-element-3215f8e e-grid e-con-boxed e-con e-parent\" data-id=\"3215f8e\" data-element_type=\"container\" data-e-type=\"container\">\n\t\t\t\t\t<div class=\"e-con-inner\">\n\t\t<div class=\"elementor-element elementor-element-63ec4696 e-con-full animated-slow e-flex elementor-invisible e-con e-child\" data-id=\"63ec4696\" data-element_type=\"container\" data-e-type=\"container\" data-settings=\"{&quot;animation&quot;:&quot;fadeInLeft&quot;}\">\n\t\t\t\t<div class=\"elementor-element elementor-element-4d487c25 elementor-widget elementor-widget-heading\" data-id=\"4d487c25\" data-element_type=\"widget\" data-e-type=\"widget\" data-widget_type=\"heading.default\">\n\t\t\t\t<div class=\"elementor-widget-container\">\n\t\t\t\t\t<h1 class=\"elementor-heading-title elementor-size-default\">Hran\u0103:<\/h1>\t\t\t\t<\/div>\n\t\t\t\t<\/div>\n\t\t\t\t<div class=\"elementor-element elementor-element-2d2453aa elementor-widget elementor-widget-text-editor\" data-id=\"2d2453aa\" data-element_type=\"widget\" data-e-type=\"widget\" data-widget_type=\"text-editor.default\">\n\t\t\t\t<div class=\"elementor-widget-container\">\n\t\t\t\t\t\t\t\t\t<p>Uliul sorecar se hr\u0103ne\u0219te \u00een principal cu roz\u0103toare mici (precum \u0219oareci, iepuri \u0219i alte mamifere mici), dar poate prinde \u0219i p\u0103s\u0103ri mai mici, reptile sau chiar insecte mari. De asemenea, acestuia \u00eei place s\u0103 v\u00e2neze pe sol, unde poate observa mi\u0219c\u0103rile pr\u0103zii \u0219i poate ataca cu rapiditate. \u00ce\u0219i folose\u0219te viziunea excelent\u0103 pentru a localiza prada \u0219i pentru a executa atacuri precise din zbor. C\u00e2nd v\u00e2neaz\u0103 pe sol, \u00ee\u0219i folose\u0219te aripile mari pentru a crea un efect de surpriz\u0103 asupra pr\u0103zii sale. De asemenea, uliul sorecar este cunoscut pentru faptul c\u0103 v\u00e2neaz\u0103 printr-un zbor caracteristic de planare, \u00een care r\u0103m\u00e2ne suspendat \u00een aer mult timp \u00eenainte de a cobor\u00ee pentru a prinde prada.<\/p>\t\t\t\t\t\t\t\t<\/div>\n\t\t\t\t<\/div>\n\t\t\t\t<\/div>\n\t\t<div class=\"elementor-element elementor-element-738b71ce e-con-full animated-slow e-flex elementor-invisible e-con e-child\" data-id=\"738b71ce\" data-element_type=\"container\" data-e-type=\"container\" data-settings=\"{&quot;animation&quot;:&quot;fadeInRight&quot;}\">\n\t\t\t\t<div class=\"elementor-element elementor-element-a607a7b elementor-widget elementor-widget-heading\" data-id=\"a607a7b\" data-element_type=\"widget\" data-e-type=\"widget\" data-widget_type=\"heading.default\">\n\t\t\t\t<div class=\"elementor-widget-container\">\n\t\t\t\t\t<h1 class=\"elementor-heading-title elementor-size-default\">Conservare:<\/h1>\t\t\t\t<\/div>\n\t\t\t\t<\/div>\n\t\t\t\t<div class=\"elementor-element elementor-element-2a62c0d5 elementor-widget elementor-widget-text-editor\" data-id=\"2a62c0d5\" data-element_type=\"widget\" data-e-type=\"widget\" data-widget_type=\"text-editor.default\">\n\t\t\t\t<div class=\"elementor-widget-container\">\n\t\t\t\t\t\t\t\t\t<p>Buteo buteo este o specie care, \u00een general, nu se afl\u0103 pe cale de dispari\u021bie \u0219i este considerat\u0103 o specie cu statut de conservare favorabil\u0103. \u00cen multe regiuni ale lumii, inclusiv Europa \u0219i Asia, popula\u021biile de uliul sorecar sunt stabile sau \u00een cre\u0219tere. Cu toate acestea, \u00een anumite zone urbane \u0219i agricole, p\u0103s\u0103rile pot suferi din cauza pierderii habitatului \u0219i a folosirii pesticidelor care reduc disponibilitatea pr\u0103zii naturale. \u00cen unele regiuni din Europa, uliul sorecar beneficiaz\u0103 de protec\u021bie legal\u0103, iar organiza\u021biile de conservare se concentreaz\u0103 pe monitorizarea \u0219i protejarea habitatelor naturale ale acestora.<\/p>\t\t\t\t\t\t\t\t<\/div>\n\t\t\t\t<\/div>\n\t\t\t\t<\/div>\n\t\t\t\t\t<\/div>\n\t\t\t\t<\/div>\n\t\t\t\t<\/div>","protected":false},"excerpt":{"rendered":"<p>Uliu Sorecar Denumirea \u0219tiin\u021bific\u0103: Buteo buteoOrdinul: FalconiformesFamilia: AccipitridaeGenul: ButeoSpecia: Buteo buteoDistribu\u021bia pe glob: Uliul \u0219orecar este larg r\u0103sp\u00e2ndit \u00een Europa, Asia \u0219i nordul Africii. Este migrator par\u021bial \u2013 unele popula\u021bii migreaz\u0103 iarna \u00een sudul Europei \u0219i Africa, iar altele r\u0103m\u00e2n rezidente tot anul, \u00een special \u00een regiunile mai temperateDimensiuni: Lungimea corpului: 50\u201358 cm; Anvergura aripilor: &hellip; <a href=\"https:\/\/bucurestizoo.ro\/en\/uliu-sorecar\/\" class=\"more-link\">Continue reading <span class=\"screen-reader-text\">Uliu Sorecar<\/span><\/a><\/p>","protected":false},"author":1,"featured_media":0,"parent":0,"menu_order":0,"comment_status":"closed","ping_status":"closed","template":"","meta":{"_monsterinsights_skip_tracking":false,"_monsterinsights_sitenote_active":false,"_monsterinsights_sitenote_note":"","_monsterinsights_sitenote_category":0,"footnotes":""},"class_list":["post-14603","page","type-page","status-publish","hentry"],"aioseo_notices":[],"_links":{"self":[{"href":"https:\/\/bucurestizoo.ro\/en\/wp-json\/wp\/v2\/pages\/14603","targetHints":{"allow":["GET"]}}],"collection":[{"href":"https:\/\/bucurestizoo.ro\/en\/wp-json\/wp\/v2\/pages"}],"about":[{"href":"https:\/\/bucurestizoo.ro\/en\/wp-json\/wp\/v2\/types\/page"}],"author":[{"embeddable":true,"href":"https:\/\/bucurestizoo.ro\/en\/wp-json\/wp\/v2\/users\/1"}],"replies":[{"embeddable":true,"href":"https:\/\/bucurestizoo.ro\/en\/wp-json\/wp\/v2\/comments?post=14603"}],"version-history":[{"count":4,"href":"https:\/\/bucurestizoo.ro\/en\/wp-json\/wp\/v2\/pages\/14603\/revisions"}],"predecessor-version":[{"id":14613,"href":"https:\/\/bucurestizoo.ro\/en\/wp-json\/wp\/v2\/pages\/14603\/revisions\/14613"}],"wp:attachment":[{"href":"https:\/\/bucurestizoo.ro\/en\/wp-json\/wp\/v2\/media?parent=14603"}],"curies":[{"name":"wp","href":"https:\/\/api.w.org\/{rel}","templated":true}]}}