{"id":14560,"date":"2025-03-31T21:28:38","date_gmt":"2025-03-31T19:28:38","guid":{"rendered":"https:\/\/n1.bucurestizoo.ro\/?page_id=14560"},"modified":"2025-03-31T21:32:45","modified_gmt":"2025-03-31T19:32:45","slug":"tarantula-cu-par-ondulat","status":"publish","type":"page","link":"https:\/\/bucurestizoo.ro\/en\/tarantula-cu-par-ondulat\/","title":{"rendered":"Tarantula cu P\u0103r Ondulat"},"content":{"rendered":"<div data-elementor-type=\"wp-page\" data-elementor-id=\"14560\" class=\"elementor elementor-14560\" data-elementor-post-type=\"page\">\n\t\t\t\t<div class=\"elementor-element elementor-element-1d8b9bf6 e-flex e-con-boxed e-con e-parent\" data-id=\"1d8b9bf6\" data-element_type=\"container\" data-e-type=\"container\" data-settings=\"{&quot;background_background&quot;:&quot;classic&quot;}\">\n\t\t\t\t\t<div class=\"e-con-inner\">\n\t\t<div class=\"elementor-element elementor-element-72244469 e-con-full e-flex e-con e-child\" data-id=\"72244469\" data-element_type=\"container\" data-e-type=\"container\">\n\t\t<div class=\"elementor-element elementor-element-128fccdb e-con-full animated-slow e-flex elementor-invisible e-con e-child\" data-id=\"128fccdb\" data-element_type=\"container\" data-e-type=\"container\" data-settings=\"{&quot;animation&quot;:&quot;fadeInLeft&quot;}\">\n\t\t\t\t<div class=\"elementor-element elementor-element-509f2eb0 elementor-widget elementor-widget-heading\" data-id=\"509f2eb0\" data-element_type=\"widget\" data-e-type=\"widget\" data-widget_type=\"heading.default\">\n\t\t\t\t<div class=\"elementor-widget-container\">\n\t\t\t\t\t<h1 class=\"elementor-heading-title elementor-size-default\">Tarantula cu P\u0103r Ondulat<\/h1>\t\t\t\t<\/div>\n\t\t\t\t<\/div>\n\t\t\t\t<div class=\"elementor-element elementor-element-411ec9fd elementor-widget elementor-widget-text-editor\" data-id=\"411ec9fd\" data-element_type=\"widget\" data-e-type=\"widget\" data-widget_type=\"text-editor.default\">\n\t\t\t\t<div class=\"elementor-widget-container\">\n\t\t\t\t\t\t\t\t\t<p><strong data-start=\"0\" data-end=\"26\">Denumirea \u0219tiin\u021bific\u0103:<\/strong> Brachypelma albopilosum<br data-start=\"50\" data-end=\"53\" data-is-only-node=\"\" \/><strong data-start=\"53\" data-end=\"65\">Ordinul:<\/strong> Araneae<br data-start=\"73\" data-end=\"76\" \/><strong data-start=\"76\" data-end=\"88\">Familia:<\/strong> Theraphosidae<br data-start=\"102\" data-end=\"105\" \/><strong data-start=\"105\" data-end=\"115\">Genul:<\/strong> Brachypelma<br data-start=\"127\" data-end=\"130\" \/><strong data-start=\"130\" data-end=\"141\">Specia:<\/strong> Brachypelma albopilosum<br data-start=\"165\" data-end=\"168\" \/><strong data-start=\"168\" data-end=\"192\">Distribu\u021bia pe glob:<\/strong> Tarantula cu p\u0103r ondulat este \u00eent\u00e2lnit\u0103 \u00een regiunile tropicale din America Central\u0103 \u0219i de Sud, \u00een special \u00een Honduras, Nicaragua \u0219i Costa Rica. Tr\u0103ie\u0219te \u00een p\u0103duri tropicale umede, soluri nisipoase, \u00een apropierea r\u00e2urilor \u0219i paji\u0219tilor<br data-start=\"427\" data-end=\"430\" \/><strong data-start=\"430\" data-end=\"445\">Dimensiuni:<\/strong> Lungimea corpului: aproximativ 7\u20138 cm; Diametrul picioarelor: 15\u201320 cm (\u00een func\u021bie de sex \u0219i v\u00e2rst\u0103)<br data-start=\"546\" data-end=\"549\" \/><strong data-start=\"549\" data-end=\"562\">Greutate:<\/strong> 30\u201350 g<br data-start=\"570\" data-end=\"573\" \/><strong data-start=\"573\" data-end=\"607\">Perioada de incubare\/gesta\u021bie:<\/strong> Femela depune un sac cu 50\u2013200 de ou\u0103; incuba\u021bia dureaz\u0103 2\u20133 luni<br data-start=\"673\" data-end=\"676\" \/><strong data-start=\"676\" data-end=\"693\">Num\u0103r de pui:<\/strong> 50\u2013200 pui per sac, care eclozeaz\u0103 ca tarantule mici complet formate<br data-start=\"762\" data-end=\"765\" \/><strong data-start=\"765\" data-end=\"787\">Speran\u021ba de via\u021b\u0103:<\/strong> Femelele tr\u0103iesc 20\u201325 ani, masculii doar 3\u20135 ani<\/p>\t\t\t\t\t\t\t\t<\/div>\n\t\t\t\t<\/div>\n\t\t\t\t<\/div>\n\t\t\t\t<div class=\"elementor-element elementor-element-4a9880b5 elementor-widget-tablet__width-inherit animated-slow elementor-invisible elementor-widget elementor-widget-image\" data-id=\"4a9880b5\" data-element_type=\"widget\" data-e-type=\"widget\" data-settings=\"{&quot;_animation&quot;:&quot;fadeInRight&quot;}\" data-widget_type=\"image.default\">\n\t\t\t\t<div class=\"elementor-widget-container\">\n\t\t\t\t\t\t\t\t\t\t\t\t\t\t\t<img fetchpriority=\"high\" decoding=\"async\" width=\"847\" height=\"564\" src=\"https:\/\/bucurestizoo.ro\/wp-content\/uploads\/2025\/03\/Tarantula-cu-par-ondulat-dt_2-Large-1024x682.jpeg\" class=\"attachment-large size-large wp-image-14555\" alt=\"\" srcset=\"https:\/\/bucurestizoo.ro\/wp-content\/uploads\/2025\/03\/Tarantula-cu-par-ondulat-dt_2-Large-1024x682.jpeg 1024w, https:\/\/bucurestizoo.ro\/wp-content\/uploads\/2025\/03\/Tarantula-cu-par-ondulat-dt_2-Large-300x200.jpeg 300w, https:\/\/bucurestizoo.ro\/wp-content\/uploads\/2025\/03\/Tarantula-cu-par-ondulat-dt_2-Large-768x512.jpeg 768w, https:\/\/bucurestizoo.ro\/wp-content\/uploads\/2025\/03\/Tarantula-cu-par-ondulat-dt_2-Large-450x300.jpeg 450w, https:\/\/bucurestizoo.ro\/wp-content\/uploads\/2025\/03\/Tarantula-cu-par-ondulat-dt_2-Large-650x433.jpeg 650w, https:\/\/bucurestizoo.ro\/wp-content\/uploads\/2025\/03\/Tarantula-cu-par-ondulat-dt_2-Large.jpeg 1280w\" sizes=\"(max-width: 847px) 100vw, 847px\" data-id=\"14555\" \/>\t\t\t\t\t\t\t\t\t\t\t\t\t\t\t<\/div>\n\t\t\t\t<\/div>\n\t\t\t\t<\/div>\n\t\t\t\t\t<\/div>\n\t\t\t\t<\/div>\n\t\t<div class=\"elementor-element elementor-element-3a50912b animated-slow e-flex e-con-boxed elementor-invisible e-con e-parent\" data-id=\"3a50912b\" data-element_type=\"container\" data-e-type=\"container\" data-settings=\"{&quot;animation&quot;:&quot;fadeInLeft&quot;}\">\n\t\t\t\t\t<div class=\"e-con-inner\">\n\t\t\t\t<div class=\"elementor-element elementor-element-2288b60a elementor-widget elementor-widget-heading\" data-id=\"2288b60a\" data-element_type=\"widget\" data-e-type=\"widget\" data-widget_type=\"heading.default\">\n\t\t\t\t<div class=\"elementor-widget-container\">\n\t\t\t\t\t<h1 class=\"elementor-heading-title elementor-size-default\">General:<\/h1>\t\t\t\t<\/div>\n\t\t\t\t<\/div>\n\t\t\t\t<div class=\"elementor-element elementor-element-49e322c9 elementor-widget elementor-widget-text-editor\" data-id=\"49e322c9\" data-element_type=\"widget\" data-e-type=\"widget\" data-widget_type=\"text-editor.default\">\n\t\t\t\t<div class=\"elementor-widget-container\">\n\t\t\t\t\t\t\t\t\t<p>Brachypelma albopilosum, cunoscut\u0103 \u0219i sub denumirea de \u201eTarantula cu p\u0103r ondulat\u201d, este o specie de tarantul\u0103 relativ bl\u00e2nd\u0103 \u0219i u\u0219or de \u00eentre\u021binut, fiind o alegere popular\u0103 printre iubitorii de arahnide, \u00een special pentru \u00eencep\u0103tori. Aceasta este o tarantul\u0103 de dimensiuni medii, cu picioare lungi \u0219i acoperite cu peri care au un aspect ondulat, ceea ce \u00eei d\u0103 numele de \u201eondulat\u201d. Specia este de obicei de culoare maro sau neagr\u0103, cu picioare acoperite cu peri ro\u0219ii sau portocalii, care sunt foarte eviden\u021bi \u0219i care adaug\u0103 un aspect deosebit acestei tarantule. Brachypelma albopilosum este destul de timid\u0103 \u0219i prefer\u0103 s\u0103 r\u0103m\u00e2n\u0103 ascuns\u0103 \u00een ad\u0103posturile sale de sub pietre sau \u00een g\u0103urile s\u0103pate \u00een p\u0103m\u00e2nt, ceea ce o face un animal solitar. De\u0219i este o tarantul\u0103 relativ pa\u0219nic\u0103, atunci c\u00e2nd se simte amenin\u021bat\u0103, poate arunca p\u0103ruri urticante din abdomen, care provoac\u0103 irita\u021bii pielii \u0219i mucoaselor, un mecanism de ap\u0103rare comun \u00een r\u00e2ndul tarantulelor din genul Brachypelma.<\/p><p>Brachypelma albopilosum are o tehnic\u0103 interesant\u0103 de ap\u0103rare: atunci c\u00e2nd se simte amenin\u021bat\u0103, \u00ee\u0219i poate arunca p\u0103rul urticant din abdomen pentru a se ap\u0103ra. Acest p\u0103r nu este doar pentru autoap\u0103rare, dar poate provoca irita\u021bii care sunt foarte nepl\u0103cute, dar nu sunt periculoase.<\/p><p>Tarantula cu p\u0103r \u00ee\u0219i petrece mare parte din timpul zilei ascuns\u0103 \u00een ad\u0103posturi, iar noaptea devine activ\u0103, v\u00e2n\u00e2nd \u0219i explor\u00e2nd.<\/p><p>\u00a0\u00cen captivitate, Brachypelma albopilosum este destul de u\u0219or de \u00eengrijit \u0219i poate tr\u0103i mul\u021bi ani, ceea ce o face o alegere popular\u0103 pentru colec\u021bionari.<\/p>\t\t\t\t\t\t\t\t<\/div>\n\t\t\t\t<\/div>\n\t\t\t\t\t<\/div>\n\t\t\t\t<\/div>\n\t\t<div class=\"elementor-element elementor-element-61c09c81 e-flex e-con-boxed e-con e-parent\" data-id=\"61c09c81\" data-element_type=\"container\" data-e-type=\"container\">\n\t\t\t\t\t<div class=\"e-con-inner\">\n\t\t\t\t<div class=\"elementor-element elementor-element-3a3c3fd2 elementor-widget elementor-widget-gallery\" data-id=\"3a3c3fd2\" data-element_type=\"widget\" data-e-type=\"widget\" data-settings=\"{&quot;columns&quot;:2,&quot;lazyload&quot;:&quot;yes&quot;,&quot;gallery_layout&quot;:&quot;grid&quot;,&quot;columns_tablet&quot;:2,&quot;columns_mobile&quot;:1,&quot;gap&quot;:{&quot;unit&quot;:&quot;px&quot;,&quot;size&quot;:10,&quot;sizes&quot;:[]},&quot;gap_tablet&quot;:{&quot;unit&quot;:&quot;px&quot;,&quot;size&quot;:10,&quot;sizes&quot;:[]},&quot;gap_mobile&quot;:{&quot;unit&quot;:&quot;px&quot;,&quot;size&quot;:10,&quot;sizes&quot;:[]},&quot;link_to&quot;:&quot;file&quot;,&quot;aspect_ratio&quot;:&quot;3:2&quot;,&quot;overlay_background&quot;:&quot;yes&quot;,&quot;content_hover_animation&quot;:&quot;fade-in&quot;}\" data-widget_type=\"gallery.default\">\n\t\t\t\t<div class=\"elementor-widget-container\">\n\t\t\t\t\t\t\t<div class=\"elementor-gallery__container\">\n\t\t\t\t\t\t\t<a class=\"e-gallery-item elementor-gallery-item elementor-animated-content\" href=\"https:\/\/bucurestizoo.ro\/wp-content\/uploads\/2025\/03\/Tarantula-cu-par-ondulat-dt_1-Large.jpeg\" data-elementor-open-lightbox=\"yes\" data-elementor-lightbox-slideshow=\"3a3c3fd2\" data-elementor-lightbox-title=\"Tarantula cu pa\u0306r ondulat dt_1 Large\" data-e-action-hash=\"#elementor-action%3Aaction%3Dlightbox%26settings%3DeyJpZCI6MTQ1NTYsInVybCI6Imh0dHBzOlwvXC9idWN1cmVzdGl6b28ucm9cL3dwLWNvbnRlbnRcL3VwbG9hZHNcLzIwMjVcLzAzXC9UYXJhbnR1bGEtY3UtcGFyLW9uZHVsYXQtZHRfMS1MYXJnZS5qcGVnIiwic2xpZGVzaG93IjoiM2EzYzNmZDIifQ%3D%3D\">\n\t\t\t\t\t<div class=\"e-gallery-image elementor-gallery-item__image\" data-thumbnail=\"https:\/\/bucurestizoo.ro\/wp-content\/uploads\/2025\/03\/Tarantula-cu-par-ondulat-dt_1-Large-1024x682.jpeg\" data-width=\"847\" data-height=\"564\" aria-label=\"\" role=\"img\" ><\/div>\n\t\t\t\t\t\t\t\t\t\t\t<div class=\"elementor-gallery-item__overlay\"><\/div>\n\t\t\t\t\t\t\t\t\t\t\t\t\t\t<\/a>\n\t\t\t\t\t<\/div>\n\t\t\t\t\t<\/div>\n\t\t\t\t<\/div>\n\t\t\t\t\t<\/div>\n\t\t\t\t<\/div>\n\t\t<div class=\"elementor-element elementor-element-2cf1d0a1 animated-slow e-flex e-con-boxed elementor-invisible e-con e-parent\" data-id=\"2cf1d0a1\" data-element_type=\"container\" data-e-type=\"container\" data-settings=\"{&quot;animation&quot;:&quot;fadeInRight&quot;}\">\n\t\t\t\t\t<div class=\"e-con-inner\">\n\t\t\t\t<div class=\"elementor-element elementor-element-5f1115e0 elementor-widget elementor-widget-heading\" data-id=\"5f1115e0\" data-element_type=\"widget\" data-e-type=\"widget\" data-widget_type=\"heading.default\">\n\t\t\t\t<div class=\"elementor-widget-container\">\n\t\t\t\t\t<h1 class=\"elementor-heading-title elementor-size-default\">Habitat:<\/h1>\t\t\t\t<\/div>\n\t\t\t\t<\/div>\n\t\t\t\t<div class=\"elementor-element elementor-element-6ef48cf2 elementor-widget elementor-widget-text-editor\" data-id=\"6ef48cf2\" data-element_type=\"widget\" data-e-type=\"widget\" data-widget_type=\"text-editor.default\">\n\t\t\t\t<div class=\"elementor-widget-container\">\n\t\t\t\t\t\t\t\t\t<p>Tarantula cu p\u0103r ondulat tr\u0103ie\u0219te \u00een p\u0103durile tropicale umede din America Central\u0103 \u0219i de Sud, prefer\u00e2nd zonele de vegeta\u021bie dens\u0103 unde poate s\u0103 \u00ee\u0219i construiasc\u0103 un ad\u0103post sub p\u0103m\u00e2nt sau \u00een cr\u0103p\u0103turi de st\u00e2nci. Acestea sunt animale terestre, dar se pot urca pe plante \u0219i arbori atunci c\u00e2nd sunt \u00een c\u0103utare de hran\u0103 sau refugiu.<\/p>\t\t\t\t\t\t\t\t<\/div>\n\t\t\t\t<\/div>\n\t\t\t\t\t<\/div>\n\t\t\t\t<\/div>\n\t\t<div class=\"elementor-element elementor-element-44f1734e e-grid e-con-boxed e-con e-parent\" data-id=\"44f1734e\" data-element_type=\"container\" data-e-type=\"container\">\n\t\t\t\t\t<div class=\"e-con-inner\">\n\t\t<div class=\"elementor-element elementor-element-61b34a16 e-con-full animated-slow e-flex elementor-invisible e-con e-child\" data-id=\"61b34a16\" data-element_type=\"container\" data-e-type=\"container\" data-settings=\"{&quot;animation&quot;:&quot;fadeInLeft&quot;}\">\n\t\t\t\t<div class=\"elementor-element elementor-element-6e2b6d6b elementor-widget elementor-widget-heading\" data-id=\"6e2b6d6b\" data-element_type=\"widget\" data-e-type=\"widget\" data-widget_type=\"heading.default\">\n\t\t\t\t<div class=\"elementor-widget-container\">\n\t\t\t\t\t<h1 class=\"elementor-heading-title elementor-size-default\">Hran\u0103:<\/h1>\t\t\t\t<\/div>\n\t\t\t\t<\/div>\n\t\t\t\t<div class=\"elementor-element elementor-element-4c04cb53 elementor-widget elementor-widget-text-editor\" data-id=\"4c04cb53\" data-element_type=\"widget\" data-e-type=\"widget\" data-widget_type=\"text-editor.default\">\n\t\t\t\t<div class=\"elementor-widget-container\">\n\t\t\t\t\t\t\t\t\t<p>Brachypelma albopilosum este carnivor\u0103 \u0219i se hr\u0103ne\u0219te cu o gam\u0103 larg\u0103 de insecte, cum ar fi greieri, l\u0103custe, g\u00e2ndaci \u0219i chiar mici vertebrate, cum ar fi \u0219oareci sau \u0219op\u00e2rle. Aceasta \u00ee\u0219i prinde prada prin capturare, folosindu-\u0219i picioarele lungi \u0219i abilitatea de a-\u0219i paraliza victimele prin mu\u0219c\u0103tura veninoas\u0103, care nu este periculoas\u0103 pentru oameni, dar poate provoca o durere u\u0219oar\u0103.<\/p>\t\t\t\t\t\t\t\t<\/div>\n\t\t\t\t<\/div>\n\t\t\t\t<\/div>\n\t\t<div class=\"elementor-element elementor-element-1c6c4aad e-con-full animated-slow e-flex elementor-invisible e-con e-child\" data-id=\"1c6c4aad\" data-element_type=\"container\" data-e-type=\"container\" data-settings=\"{&quot;animation&quot;:&quot;fadeInRight&quot;}\">\n\t\t\t\t<div class=\"elementor-element elementor-element-2095406d elementor-widget elementor-widget-heading\" data-id=\"2095406d\" data-element_type=\"widget\" data-e-type=\"widget\" data-widget_type=\"heading.default\">\n\t\t\t\t<div class=\"elementor-widget-container\">\n\t\t\t\t\t<h1 class=\"elementor-heading-title elementor-size-default\">Conservare:<\/h1>\t\t\t\t<\/div>\n\t\t\t\t<\/div>\n\t\t\t\t<div class=\"elementor-element elementor-element-7579acbc elementor-widget elementor-widget-text-editor\" data-id=\"7579acbc\" data-element_type=\"widget\" data-e-type=\"widget\" data-widget_type=\"text-editor.default\">\n\t\t\t\t<div class=\"elementor-widget-container\">\n\t\t\t\t\t\t\t\t\t<p>\u00cen prezent, Brachypelma albopilosum nu este considerat\u0103 o specie \u00een pericol, dar este important s\u0103 se monitorizeze habitatul acesteia, deoarece pierderea p\u0103durilor tropicale \u0219i comer\u021bul ilegal cu tarantule pot pune presiune asupra popula\u021biei. \u00cen multe \u021b\u0103ri, speciile de tarantule sunt protejate prin reglement\u0103ri care limiteaz\u0103 colectarea lor din s\u0103lb\u0103ticie. De asemenea, tarantula cu p\u0103r ondulat este foarte apreciat\u0103 de iubitorii de arahnide, fiind cultivat\u0103 \u00een captivitate, ceea ce contribuie la men\u021binerea unor popula\u021bii stabile \u00een mediul de captivitate. Protejarea habitatului natural \u0219i promovarea unei captivit\u0103\u021bi responsabile sunt esen\u021biale pentru a asigura supravie\u021buirea acestei specii \u00een s\u0103lb\u0103ticie.<\/p><p>\u00a0<\/p>\t\t\t\t\t\t\t\t<\/div>\n\t\t\t\t<\/div>\n\t\t\t\t<\/div>\n\t\t\t\t\t<\/div>\n\t\t\t\t<\/div>\n\t\t\t\t<\/div>","protected":false},"excerpt":{"rendered":"<p>Tarantula cu P\u0103r Ondulat Denumirea \u0219tiin\u021bific\u0103: Brachypelma albopilosumOrdinul: AraneaeFamilia: TheraphosidaeGenul: BrachypelmaSpecia: Brachypelma albopilosumDistribu\u021bia pe glob: Tarantula cu p\u0103r ondulat este \u00eent\u00e2lnit\u0103 \u00een regiunile tropicale din America Central\u0103 \u0219i de Sud, \u00een special \u00een Honduras, Nicaragua \u0219i Costa Rica. Tr\u0103ie\u0219te \u00een p\u0103duri tropicale umede, soluri nisipoase, \u00een apropierea r\u00e2urilor \u0219i paji\u0219tilorDimensiuni: Lungimea corpului: aproximativ 7\u20138 cm; &hellip; <a href=\"https:\/\/bucurestizoo.ro\/en\/tarantula-cu-par-ondulat\/\" class=\"more-link\">Continue reading <span class=\"screen-reader-text\">Tarantula cu P\u0103r Ondulat<\/span><\/a><\/p>","protected":false},"author":1,"featured_media":0,"parent":0,"menu_order":0,"comment_status":"closed","ping_status":"closed","template":"","meta":{"_monsterinsights_skip_tracking":false,"_monsterinsights_sitenote_active":false,"_monsterinsights_sitenote_note":"","_monsterinsights_sitenote_category":0,"footnotes":""},"class_list":["post-14560","page","type-page","status-publish","hentry"],"aioseo_notices":[],"_links":{"self":[{"href":"https:\/\/bucurestizoo.ro\/en\/wp-json\/wp\/v2\/pages\/14560","targetHints":{"allow":["GET"]}}],"collection":[{"href":"https:\/\/bucurestizoo.ro\/en\/wp-json\/wp\/v2\/pages"}],"about":[{"href":"https:\/\/bucurestizoo.ro\/en\/wp-json\/wp\/v2\/types\/page"}],"author":[{"embeddable":true,"href":"https:\/\/bucurestizoo.ro\/en\/wp-json\/wp\/v2\/users\/1"}],"replies":[{"embeddable":true,"href":"https:\/\/bucurestizoo.ro\/en\/wp-json\/wp\/v2\/comments?post=14560"}],"version-history":[{"count":4,"href":"https:\/\/bucurestizoo.ro\/en\/wp-json\/wp\/v2\/pages\/14560\/revisions"}],"predecessor-version":[{"id":14565,"href":"https:\/\/bucurestizoo.ro\/en\/wp-json\/wp\/v2\/pages\/14560\/revisions\/14565"}],"wp:attachment":[{"href":"https:\/\/bucurestizoo.ro\/en\/wp-json\/wp\/v2\/media?parent=14560"}],"curies":[{"name":"wp","href":"https:\/\/api.w.org\/{rel}","templated":true}]}}