{"id":14539,"date":"2025-03-31T21:09:41","date_gmt":"2025-03-31T19:09:41","guid":{"rendered":"https:\/\/n1.bucurestizoo.ro\/?page_id=14539"},"modified":"2025-03-31T21:23:44","modified_gmt":"2025-03-31T19:23:44","slug":"testoasa-banateana","status":"publish","type":"page","link":"https:\/\/bucurestizoo.ro\/en\/testoasa-banateana\/","title":{"rendered":"\u021aestoas\u0103 Banateana"},"content":{"rendered":"<div data-elementor-type=\"wp-page\" data-elementor-id=\"14539\" class=\"elementor elementor-14539\" data-elementor-post-type=\"page\">\n\t\t\t\t<div class=\"elementor-element elementor-element-380dfd20 e-flex e-con-boxed e-con e-parent\" data-id=\"380dfd20\" data-element_type=\"container\" data-e-type=\"container\" data-settings=\"{&quot;background_background&quot;:&quot;classic&quot;}\">\n\t\t\t\t\t<div class=\"e-con-inner\">\n\t\t<div class=\"elementor-element elementor-element-60c2a496 e-con-full e-flex e-con e-child\" data-id=\"60c2a496\" data-element_type=\"container\" data-e-type=\"container\">\n\t\t<div class=\"elementor-element elementor-element-382a1aa2 e-con-full animated-slow e-flex elementor-invisible e-con e-child\" data-id=\"382a1aa2\" data-element_type=\"container\" data-e-type=\"container\" data-settings=\"{&quot;animation&quot;:&quot;fadeInLeft&quot;}\">\n\t\t\t\t<div class=\"elementor-element elementor-element-2ce18c91 elementor-widget elementor-widget-heading\" data-id=\"2ce18c91\" data-element_type=\"widget\" data-e-type=\"widget\" data-widget_type=\"heading.default\">\n\t\t\t\t<div class=\"elementor-widget-container\">\n\t\t\t\t\t<h1 class=\"elementor-heading-title elementor-size-default\">\u021aestoas\u0103 Banateana<\/h1>\t\t\t\t<\/div>\n\t\t\t\t<\/div>\n\t\t\t\t<div class=\"elementor-element elementor-element-3e2613bc elementor-widget elementor-widget-text-editor\" data-id=\"3e2613bc\" data-element_type=\"widget\" data-e-type=\"widget\" data-widget_type=\"text-editor.default\">\n\t\t\t\t<div class=\"elementor-widget-container\">\n\t\t\t\t\t\t\t\t\t<p><strong data-start=\"0\" data-end=\"26\">Denumirea \u0219tiin\u021bific\u0103:<\/strong> Testudo hermanni<br data-start=\"43\" data-end=\"46\" data-is-only-node=\"\" \/><strong data-start=\"46\" data-end=\"58\">Ordinul:<\/strong> Testudines<br data-start=\"69\" data-end=\"72\" \/><strong data-start=\"72\" data-end=\"84\">Familia:<\/strong> Testudinidae<br data-start=\"97\" data-end=\"100\" \/><strong data-start=\"100\" data-end=\"110\">Genul:<\/strong> Testudo<br data-start=\"118\" data-end=\"121\" \/><strong data-start=\"121\" data-end=\"132\">Specia:<\/strong> Testudo hermanni<br data-start=\"149\" data-end=\"152\" \/><strong data-start=\"152\" data-end=\"176\">Distribu\u021bia pe glob:<\/strong> \u00cent\u00e2lnit\u0103 \u00een sudul Europei, \u00een special \u00een zona mediteranean\u0103: sudul Fran\u021bei, Italia, Grecia, Peninsula Balcanic\u0103 \u0219i o parte din Rom\u00e2nia (mai ales \u00een Banat \u0219i sudul \u021b\u0103rii). Este o specie terestr\u0103 care prefer\u0103 p\u0103durile de foioase \u0219i zonele ierboase, la altitudini joase<br data-start=\"444\" data-end=\"447\" \/><strong data-start=\"447\" data-end=\"462\">Dimensiuni:<\/strong> Lungimea carapacei: 20\u201330 cm (mai mic\u0103 la femele, mai mare la masculi)<br data-start=\"533\" data-end=\"536\" \/><strong data-start=\"536\" data-end=\"549\">Greutate:<\/strong> Femele: 1,5\u20132 kg; Masculi: 2\u20132,5 kg<br data-start=\"585\" data-end=\"588\" \/><strong data-start=\"588\" data-end=\"623\">Perioada de incuba\u021bie\/gesta\u021bie:<\/strong> Femelele depun ou\u0103 \u00een cuiburi s\u0103pate \u00een sol; incuba\u021bia dureaz\u0103 60\u201390 zile, \u00een func\u021bie de temperatur\u0103<br data-start=\"724\" data-end=\"727\" \/><strong data-start=\"727\" data-end=\"744\">Num\u0103r de pui:<\/strong> 2\u20138 ou\u0103 per clocit<br data-start=\"763\" data-end=\"766\" \/><strong data-start=\"766\" data-end=\"788\">Speran\u021ba de via\u021b\u0103:<\/strong> 50\u201370 ani \u00een s\u0103lb\u0103ticie; p\u00e2n\u0103 la 80 ani \u00een captivitate, cu \u00eengrijire corespunz\u0103toare<\/p>\t\t\t\t\t\t\t\t<\/div>\n\t\t\t\t<\/div>\n\t\t\t\t<\/div>\n\t\t\t\t<div class=\"elementor-element elementor-element-319e9be8 elementor-widget-tablet__width-inherit animated-slow elementor-invisible elementor-widget elementor-widget-image\" data-id=\"319e9be8\" data-element_type=\"widget\" data-e-type=\"widget\" data-settings=\"{&quot;_animation&quot;:&quot;fadeInRight&quot;}\" data-widget_type=\"image.default\">\n\t\t\t\t<div class=\"elementor-widget-container\">\n\t\t\t\t\t\t\t\t\t\t\t\t\t\t\t<img fetchpriority=\"high\" decoding=\"async\" width=\"847\" height=\"564\" src=\"https:\/\/bucurestizoo.ro\/wp-content\/uploads\/2025\/03\/testoasa-banateana-dt_1-Large-1024x682.jpeg\" class=\"attachment-large size-large wp-image-14538\" alt=\"\" srcset=\"https:\/\/bucurestizoo.ro\/wp-content\/uploads\/2025\/03\/testoasa-banateana-dt_1-Large-1024x682.jpeg 1024w, https:\/\/bucurestizoo.ro\/wp-content\/uploads\/2025\/03\/testoasa-banateana-dt_1-Large-300x200.jpeg 300w, https:\/\/bucurestizoo.ro\/wp-content\/uploads\/2025\/03\/testoasa-banateana-dt_1-Large-768x512.jpeg 768w, https:\/\/bucurestizoo.ro\/wp-content\/uploads\/2025\/03\/testoasa-banateana-dt_1-Large-450x300.jpeg 450w, https:\/\/bucurestizoo.ro\/wp-content\/uploads\/2025\/03\/testoasa-banateana-dt_1-Large-650x433.jpeg 650w, https:\/\/bucurestizoo.ro\/wp-content\/uploads\/2025\/03\/testoasa-banateana-dt_1-Large.jpeg 1280w\" sizes=\"(max-width: 847px) 100vw, 847px\" data-id=\"14538\" \/>\t\t\t\t\t\t\t\t\t\t\t\t\t\t\t<\/div>\n\t\t\t\t<\/div>\n\t\t\t\t<\/div>\n\t\t\t\t\t<\/div>\n\t\t\t\t<\/div>\n\t\t<div class=\"elementor-element elementor-element-5edcbd2f animated-slow e-flex e-con-boxed elementor-invisible e-con e-parent\" data-id=\"5edcbd2f\" data-element_type=\"container\" data-e-type=\"container\" data-settings=\"{&quot;animation&quot;:&quot;fadeInLeft&quot;}\">\n\t\t\t\t\t<div class=\"e-con-inner\">\n\t\t\t\t<div class=\"elementor-element elementor-element-2a576926 elementor-widget elementor-widget-heading\" data-id=\"2a576926\" data-element_type=\"widget\" data-e-type=\"widget\" data-widget_type=\"heading.default\">\n\t\t\t\t<div class=\"elementor-widget-container\">\n\t\t\t\t\t<h1 class=\"elementor-heading-title elementor-size-default\">General:<\/h1>\t\t\t\t<\/div>\n\t\t\t\t<\/div>\n\t\t\t\t<div class=\"elementor-element elementor-element-130d6b44 elementor-widget elementor-widget-text-editor\" data-id=\"130d6b44\" data-element_type=\"widget\" data-e-type=\"widget\" data-widget_type=\"text-editor.default\">\n\t\t\t\t<div class=\"elementor-widget-container\">\n\t\t\t\t\t\t\t\t\t<p>Testudo hermanni este o \u021bestoas\u0103 de dimensiuni mici, dar cu un caracter destul de rezistent. Carapacea sa este de obicei galben\u0103 sau maro, cu pete sau linii negre, iar culoarea \u0219i patternul variaz\u0103 de la o subspecie la alta. Este o specie terestr\u0103, dar are nevoie de ap\u0103 pentru hidratare \u0219i de o diet\u0103 variat\u0103 pentru a r\u0103m\u00e2ne s\u0103n\u0103toas\u0103.Aceast\u0103 \u021bestoas\u0103 este activ\u0103 \u00een timpul zilei \u0219i este un animal destul de lent, dar adaptat pentru via\u021ba pe sol. \u00cen s\u0103lb\u0103ticie, ea poate fi observat\u0103 pe terenuri uscate \u0219i calde, de obicei \u00een apropierea p\u0103durilor de foioase sau a paji\u0219tilor. \u021aestoasele lui Hermann pot recunoa\u0219te oamenii cu care sunt obi\u0219nuite \u0219i pot deveni chiar curioase, urm\u0103rindu-i atunci c\u00e2nd se apropie. De\u0219i sunt lente \u0219i se mi\u0219c\u0103 cu pa\u0219i mici, acestea pot fi foarte rezistente la diferite condi\u021bii climatice \u0219i pot tr\u0103i mai multe decenii.\u00a0 \u00cen perioadele mai reci, aceste \u021bestoase pot hiberna timp de 3-4 luni, iar \u00een acest timp \u00ee\u0219i reduc semnificativ ritmul metabolic, devenind aproape \u201c\u00eenghe\u021bate\u201d. <\/p>\t\t\t\t\t\t\t\t<\/div>\n\t\t\t\t<\/div>\n\t\t\t\t\t<\/div>\n\t\t\t\t<\/div>\n\t\t<div class=\"elementor-element elementor-element-1800a838 e-flex e-con-boxed e-con e-parent\" data-id=\"1800a838\" data-element_type=\"container\" data-e-type=\"container\">\n\t\t\t\t\t<div class=\"e-con-inner\">\n\t\t\t\t<div class=\"elementor-element elementor-element-51af9a8a elementor-widget elementor-widget-gallery\" data-id=\"51af9a8a\" data-element_type=\"widget\" data-e-type=\"widget\" data-settings=\"{&quot;columns&quot;:2,&quot;lazyload&quot;:&quot;yes&quot;,&quot;gallery_layout&quot;:&quot;grid&quot;,&quot;columns_tablet&quot;:2,&quot;columns_mobile&quot;:1,&quot;gap&quot;:{&quot;unit&quot;:&quot;px&quot;,&quot;size&quot;:10,&quot;sizes&quot;:[]},&quot;gap_tablet&quot;:{&quot;unit&quot;:&quot;px&quot;,&quot;size&quot;:10,&quot;sizes&quot;:[]},&quot;gap_mobile&quot;:{&quot;unit&quot;:&quot;px&quot;,&quot;size&quot;:10,&quot;sizes&quot;:[]},&quot;link_to&quot;:&quot;file&quot;,&quot;aspect_ratio&quot;:&quot;3:2&quot;,&quot;overlay_background&quot;:&quot;yes&quot;,&quot;content_hover_animation&quot;:&quot;fade-in&quot;}\" data-widget_type=\"gallery.default\">\n\t\t\t\t<div class=\"elementor-widget-container\">\n\t\t\t\t\t\t\t<div class=\"elementor-gallery__container\">\n\t\t\t\t\t\t\t<a class=\"e-gallery-item elementor-gallery-item elementor-animated-content\" href=\"https:\/\/bucurestizoo.ro\/wp-content\/uploads\/2025\/03\/testoasa-banateana-dt_2-Large.jpeg\" data-elementor-open-lightbox=\"yes\" data-elementor-lightbox-slideshow=\"51af9a8a\" data-elementor-lightbox-title=\"testoasa banateana dt_2 Large\" data-e-action-hash=\"#elementor-action%3Aaction%3Dlightbox%26settings%3DeyJpZCI6MTQ1MzcsInVybCI6Imh0dHBzOlwvXC9idWN1cmVzdGl6b28ucm9cL3dwLWNvbnRlbnRcL3VwbG9hZHNcLzIwMjVcLzAzXC90ZXN0b2FzYS1iYW5hdGVhbmEtZHRfMi1MYXJnZS5qcGVnIiwic2xpZGVzaG93IjoiNTFhZjlhOGEifQ%3D%3D\">\n\t\t\t\t\t<div class=\"e-gallery-image elementor-gallery-item__image\" data-thumbnail=\"https:\/\/bucurestizoo.ro\/wp-content\/uploads\/2025\/03\/testoasa-banateana-dt_2-Large-1024x682.jpeg\" data-width=\"847\" data-height=\"564\" aria-label=\"\" role=\"img\" ><\/div>\n\t\t\t\t\t\t\t\t\t\t\t<div class=\"elementor-gallery-item__overlay\"><\/div>\n\t\t\t\t\t\t\t\t\t\t\t\t\t\t<\/a>\n\t\t\t\t\t<\/div>\n\t\t\t\t\t<\/div>\n\t\t\t\t<\/div>\n\t\t\t\t\t<\/div>\n\t\t\t\t<\/div>\n\t\t<div class=\"elementor-element elementor-element-7cd7bece animated-slow e-flex e-con-boxed elementor-invisible e-con e-parent\" data-id=\"7cd7bece\" data-element_type=\"container\" data-e-type=\"container\" data-settings=\"{&quot;animation&quot;:&quot;fadeInRight&quot;}\">\n\t\t\t\t\t<div class=\"e-con-inner\">\n\t\t\t\t<div class=\"elementor-element elementor-element-2b5507bb elementor-widget elementor-widget-heading\" data-id=\"2b5507bb\" data-element_type=\"widget\" data-e-type=\"widget\" data-widget_type=\"heading.default\">\n\t\t\t\t<div class=\"elementor-widget-container\">\n\t\t\t\t\t<h1 class=\"elementor-heading-title elementor-size-default\">Habitat:<\/h1>\t\t\t\t<\/div>\n\t\t\t\t<\/div>\n\t\t\t\t<div class=\"elementor-element elementor-element-2002a1f6 elementor-widget elementor-widget-text-editor\" data-id=\"2002a1f6\" data-element_type=\"widget\" data-e-type=\"widget\" data-widget_type=\"text-editor.default\">\n\t\t\t\t<div class=\"elementor-widget-container\">\n\t\t\t\t\t\t\t\t\t<p>Testudo hermanni tr\u0103ie\u0219te \u00een p\u0103duri de foioase \u0219i ierburi, fiind adesea \u00eent\u00e2lnit\u0103 \u00een zonele mai calde \u0219i uscate, la altitudini mici. Aceasta se ascunde \u00een cr\u0103p\u0103turile din sol sau sub vegeta\u021bia dens\u0103 pentru a se proteja de pr\u0103d\u0103tori sau de temperaturile extreme. \u00cen perioada cald\u0103 a anului, ea prefer\u0103 locuri \u00eensorite, unde \u00ee\u0219i poate \u00eenc\u0103lzi corpul, iar iarna intr\u0103 \u00eentr-o stare de hibernare.<\/p>\t\t\t\t\t\t\t\t<\/div>\n\t\t\t\t<\/div>\n\t\t\t\t\t<\/div>\n\t\t\t\t<\/div>\n\t\t<div class=\"elementor-element elementor-element-36a33ae9 e-grid e-con-boxed e-con e-parent\" data-id=\"36a33ae9\" data-element_type=\"container\" data-e-type=\"container\">\n\t\t\t\t\t<div class=\"e-con-inner\">\n\t\t<div class=\"elementor-element elementor-element-77ab6ed5 e-con-full animated-slow e-flex elementor-invisible e-con e-child\" data-id=\"77ab6ed5\" data-element_type=\"container\" data-e-type=\"container\" data-settings=\"{&quot;animation&quot;:&quot;fadeInLeft&quot;}\">\n\t\t\t\t<div class=\"elementor-element elementor-element-6bfc8248 elementor-widget elementor-widget-heading\" data-id=\"6bfc8248\" data-element_type=\"widget\" data-e-type=\"widget\" data-widget_type=\"heading.default\">\n\t\t\t\t<div class=\"elementor-widget-container\">\n\t\t\t\t\t<h1 class=\"elementor-heading-title elementor-size-default\">Hran\u0103:<\/h1>\t\t\t\t<\/div>\n\t\t\t\t<\/div>\n\t\t\t\t<div class=\"elementor-element elementor-element-438c3310 elementor-widget elementor-widget-text-editor\" data-id=\"438c3310\" data-element_type=\"widget\" data-e-type=\"widget\" data-widget_type=\"text-editor.default\">\n\t\t\t\t<div class=\"elementor-widget-container\">\n\t\t\t\t\t\t\t\t\t<p>Aceasta este o specie erbivor\u0103 \u0219i se hr\u0103ne\u0219te cu iarb\u0103, frunze, flori \u0219i fructe. De asemenea, \u00ee\u0219i poate procura proteine prin consumul de insecte mici \u0219i larve, mai ales \u00een perioada de cre\u0219tere.<\/p>\t\t\t\t\t\t\t\t<\/div>\n\t\t\t\t<\/div>\n\t\t\t\t<\/div>\n\t\t<div class=\"elementor-element elementor-element-492e36e3 e-con-full animated-slow e-flex elementor-invisible e-con e-child\" data-id=\"492e36e3\" data-element_type=\"container\" data-e-type=\"container\" data-settings=\"{&quot;animation&quot;:&quot;fadeInRight&quot;}\">\n\t\t\t\t<div class=\"elementor-element elementor-element-5e8fb28e elementor-widget elementor-widget-heading\" data-id=\"5e8fb28e\" data-element_type=\"widget\" data-e-type=\"widget\" data-widget_type=\"heading.default\">\n\t\t\t\t<div class=\"elementor-widget-container\">\n\t\t\t\t\t<h1 class=\"elementor-heading-title elementor-size-default\">Conservare:<\/h1>\t\t\t\t<\/div>\n\t\t\t\t<\/div>\n\t\t\t\t<div class=\"elementor-element elementor-element-520eda2c elementor-widget elementor-widget-text-editor\" data-id=\"520eda2c\" data-element_type=\"widget\" data-e-type=\"widget\" data-widget_type=\"text-editor.default\">\n\t\t\t\t<div class=\"elementor-widget-container\">\n\t\t\t\t\t\t\t\t\t<p>Testudo hermanni este o specie protejat\u0103 \u00een multe \u021b\u0103ri datorit\u0103 sc\u0103derii semnificative a popula\u021biei sale. Habitatul s\u0103u natural este amenin\u021bat de distrugerea mediului natural, comer\u021bul ilegal cu animale s\u0103lbatice \u0219i pierderea terenurilor prin urbanizare. Specia este inclus\u0103 \u00een lista ro\u0219ie a Uniunii Interna\u021bionale pentru Conservarea Naturii (IUCN) ca fiind vulnerabil\u0103. \u00cen Rom\u00e2nia, \u021bestoasa lui Hermann este protejat\u0103 prin lege, iar orice form\u0103 de capturare sau v\u00e2nzare a acesteia este ilegal\u0103.<\/p>\t\t\t\t\t\t\t\t<\/div>\n\t\t\t\t<\/div>\n\t\t\t\t<\/div>\n\t\t\t\t\t<\/div>\n\t\t\t\t<\/div>\n\t\t\t\t<\/div>","protected":false},"excerpt":{"rendered":"<p>\u021aestoas\u0103 Banateana Denumirea \u0219tiin\u021bific\u0103: Testudo hermanniOrdinul: TestudinesFamilia: TestudinidaeGenul: TestudoSpecia: Testudo hermanniDistribu\u021bia pe glob: \u00cent\u00e2lnit\u0103 \u00een sudul Europei, \u00een special \u00een zona mediteranean\u0103: sudul Fran\u021bei, Italia, Grecia, Peninsula Balcanic\u0103 \u0219i o parte din Rom\u00e2nia (mai ales \u00een Banat \u0219i sudul \u021b\u0103rii). Este o specie terestr\u0103 care prefer\u0103 p\u0103durile de foioase \u0219i zonele ierboase, la altitudini joaseDimensiuni: &hellip; <a href=\"https:\/\/bucurestizoo.ro\/en\/testoasa-banateana\/\" class=\"more-link\">Continue reading <span class=\"screen-reader-text\">\u021aestoas\u0103 Banateana<\/span><\/a><\/p>","protected":false},"author":1,"featured_media":0,"parent":0,"menu_order":0,"comment_status":"closed","ping_status":"closed","template":"","meta":{"_monsterinsights_skip_tracking":false,"_monsterinsights_sitenote_active":false,"_monsterinsights_sitenote_note":"","_monsterinsights_sitenote_category":0,"footnotes":""},"class_list":["post-14539","page","type-page","status-publish","hentry"],"aioseo_notices":[],"_links":{"self":[{"href":"https:\/\/bucurestizoo.ro\/en\/wp-json\/wp\/v2\/pages\/14539","targetHints":{"allow":["GET"]}}],"collection":[{"href":"https:\/\/bucurestizoo.ro\/en\/wp-json\/wp\/v2\/pages"}],"about":[{"href":"https:\/\/bucurestizoo.ro\/en\/wp-json\/wp\/v2\/types\/page"}],"author":[{"embeddable":true,"href":"https:\/\/bucurestizoo.ro\/en\/wp-json\/wp\/v2\/users\/1"}],"replies":[{"embeddable":true,"href":"https:\/\/bucurestizoo.ro\/en\/wp-json\/wp\/v2\/comments?post=14539"}],"version-history":[{"count":4,"href":"https:\/\/bucurestizoo.ro\/en\/wp-json\/wp\/v2\/pages\/14539\/revisions"}],"predecessor-version":[{"id":14545,"href":"https:\/\/bucurestizoo.ro\/en\/wp-json\/wp\/v2\/pages\/14539\/revisions\/14545"}],"wp:attachment":[{"href":"https:\/\/bucurestizoo.ro\/en\/wp-json\/wp\/v2\/media?parent=14539"}],"curies":[{"name":"wp","href":"https:\/\/api.w.org\/{rel}","templated":true}]}}