{"id":14521,"date":"2025-03-31T20:45:09","date_gmt":"2025-03-31T18:45:09","guid":{"rendered":"https:\/\/n1.bucurestizoo.ro\/?page_id=14521"},"modified":"2025-03-31T20:48:29","modified_gmt":"2025-03-31T18:48:29","slug":"strut-african","status":"publish","type":"page","link":"https:\/\/bucurestizoo.ro\/en\/strut-african\/","title":{"rendered":"Stru\u021b African"},"content":{"rendered":"<div data-elementor-type=\"wp-page\" data-elementor-id=\"14521\" class=\"elementor elementor-14521\" data-elementor-post-type=\"page\">\n\t\t\t\t<div class=\"elementor-element elementor-element-522977c5 e-flex e-con-boxed e-con e-parent\" data-id=\"522977c5\" data-element_type=\"container\" data-e-type=\"container\" data-settings=\"{&quot;background_background&quot;:&quot;classic&quot;}\">\n\t\t\t\t\t<div class=\"e-con-inner\">\n\t\t<div class=\"elementor-element elementor-element-a71f720 e-con-full e-flex e-con e-child\" data-id=\"a71f720\" data-element_type=\"container\" data-e-type=\"container\">\n\t\t<div class=\"elementor-element elementor-element-d4f20f6 e-con-full animated-slow e-flex elementor-invisible e-con e-child\" data-id=\"d4f20f6\" data-element_type=\"container\" data-e-type=\"container\" data-settings=\"{&quot;animation&quot;:&quot;fadeInLeft&quot;}\">\n\t\t\t\t<div class=\"elementor-element elementor-element-490ed6e elementor-widget elementor-widget-heading\" data-id=\"490ed6e\" data-element_type=\"widget\" data-e-type=\"widget\" data-widget_type=\"heading.default\">\n\t\t\t\t<div class=\"elementor-widget-container\">\n\t\t\t\t\t<h1 class=\"elementor-heading-title elementor-size-default\">Stru\u021b African<\/h1>\t\t\t\t<\/div>\n\t\t\t\t<\/div>\n\t\t\t\t<div class=\"elementor-element elementor-element-3b09ff02 elementor-widget elementor-widget-text-editor\" data-id=\"3b09ff02\" data-element_type=\"widget\" data-e-type=\"widget\" data-widget_type=\"text-editor.default\">\n\t\t\t\t<div class=\"elementor-widget-container\">\n\t\t\t\t\t\t\t\t\t<p><strong data-start=\"0\" data-end=\"25\">Denumire \u0219tiin\u021bific\u0103:<\/strong> Struthio camelus<br data-start=\"42\" data-end=\"45\" data-is-only-node=\"\" \/><strong data-start=\"45\" data-end=\"55\">Ordin:<\/strong> Struthioniformes<br data-start=\"72\" data-end=\"75\" \/><strong data-start=\"75\" data-end=\"87\">Familie:<\/strong> Struthionidae<br data-start=\"101\" data-end=\"104\" \/><strong data-start=\"104\" data-end=\"112\">Gen:<\/strong> Struthio<br data-start=\"121\" data-end=\"124\" \/><strong data-start=\"124\" data-end=\"135\">Specie:<\/strong> Struthio camelus<br data-start=\"152\" data-end=\"155\" \/><strong data-start=\"155\" data-end=\"179\">Distribu\u021bia pe glob:<\/strong> Se g\u0103se\u0219te \u00een Africa, \u00een special \u00een savanele \u0219i zonele semi-aride din Africa de Nord, Est, Central\u0103 \u0219i de Sud. \u00cen trecut a tr\u0103it \u0219i \u00een Orientul Mijlociu, dar a disp\u0103rut din acea regiune. Este crescut \u00een captivitate pe toate continentele pentru carne, pene \u0219i ou\u0103<br data-start=\"442\" data-end=\"445\" \/><strong data-start=\"445\" data-end=\"460\">Dimensiuni:<\/strong> \u00cen\u0103l\u021bime: 2,1\u20132,8 m (masculii sunt mai mari); Anvergura aripilor: aprox. 2 m (nu poate zbura)<br data-start=\"554\" data-end=\"557\" \/><strong data-start=\"557\" data-end=\"570\">Greutate:<\/strong> 100\u2013150 kg, uneori p\u00e2n\u0103 la 160 kg<br data-start=\"604\" data-end=\"607\" \/><strong data-start=\"607\" data-end=\"633\">Perioada de incuba\u021bie:<\/strong> 35\u201345 zile<br data-start=\"644\" data-end=\"647\" \/><strong data-start=\"647\" data-end=\"664\">Num\u0103r de pui:<\/strong> O femel\u0103 depune 10\u201360 ou\u0103 pe sezon<br data-start=\"699\" data-end=\"702\" \/><strong data-start=\"702\" data-end=\"724\">Speran\u021b\u0103 de via\u021b\u0103:<\/strong> 30\u201340 ani \u00een s\u0103lb\u0103ticie; p\u00e2n\u0103 la 60 ani \u00een captivitate<\/p>\t\t\t\t\t\t\t\t<\/div>\n\t\t\t\t<\/div>\n\t\t\t\t<\/div>\n\t\t\t\t<div class=\"elementor-element elementor-element-7d36e6f8 elementor-widget-tablet__width-inherit animated-slow elementor-invisible elementor-widget elementor-widget-image\" data-id=\"7d36e6f8\" data-element_type=\"widget\" data-e-type=\"widget\" data-settings=\"{&quot;_animation&quot;:&quot;fadeInRight&quot;}\" data-widget_type=\"image.default\">\n\t\t\t\t<div class=\"elementor-widget-container\">\n\t\t\t\t\t\t\t\t\t\t\t\t\t\t\t<img fetchpriority=\"high\" decoding=\"async\" width=\"682\" height=\"1024\" src=\"https:\/\/bucurestizoo.ro\/wp-content\/uploads\/2025\/03\/Strut-African-dt_2-Large-682x1024.jpeg\" class=\"attachment-large size-large wp-image-14523\" alt=\"\" srcset=\"https:\/\/bucurestizoo.ro\/wp-content\/uploads\/2025\/03\/Strut-African-dt_2-Large-682x1024.jpeg 682w, https:\/\/bucurestizoo.ro\/wp-content\/uploads\/2025\/03\/Strut-African-dt_2-Large-200x300.jpeg 200w, https:\/\/bucurestizoo.ro\/wp-content\/uploads\/2025\/03\/Strut-African-dt_2-Large-768x1152.jpeg 768w, https:\/\/bucurestizoo.ro\/wp-content\/uploads\/2025\/03\/Strut-African-dt_2-Large-340x510.jpeg 340w, https:\/\/bucurestizoo.ro\/wp-content\/uploads\/2025\/03\/Strut-African-dt_2-Large.jpeg 853w\" sizes=\"(max-width: 682px) 100vw, 682px\" data-id=\"14523\" \/>\t\t\t\t\t\t\t\t\t\t\t\t\t\t\t<\/div>\n\t\t\t\t<\/div>\n\t\t\t\t<\/div>\n\t\t\t\t\t<\/div>\n\t\t\t\t<\/div>\n\t\t<div class=\"elementor-element elementor-element-12bea15b animated-slow e-flex e-con-boxed elementor-invisible e-con e-parent\" data-id=\"12bea15b\" data-element_type=\"container\" data-e-type=\"container\" data-settings=\"{&quot;animation&quot;:&quot;fadeInLeft&quot;}\">\n\t\t\t\t\t<div class=\"e-con-inner\">\n\t\t\t\t<div class=\"elementor-element elementor-element-204b719f elementor-widget elementor-widget-heading\" data-id=\"204b719f\" data-element_type=\"widget\" data-e-type=\"widget\" data-widget_type=\"heading.default\">\n\t\t\t\t<div class=\"elementor-widget-container\">\n\t\t\t\t\t<h1 class=\"elementor-heading-title elementor-size-default\">General:<\/h1>\t\t\t\t<\/div>\n\t\t\t\t<\/div>\n\t\t\t\t<div class=\"elementor-element elementor-element-709ee869 elementor-widget elementor-widget-text-editor\" data-id=\"709ee869\" data-element_type=\"widget\" data-e-type=\"widget\" data-widget_type=\"text-editor.default\">\n\t\t\t\t<div class=\"elementor-widget-container\">\n\t\t\t\t\t\t\t\t\t<ul><li>Este cea mai mare pas\u0103re din lume, dep\u0103\u0219ind to\u021bi ceilal\u021bi p\u0103s\u0103ri \u00een dimensiuni \u0219i greutate.<\/li><li>De\u0219i nu poate zbura, compenseaz\u0103 prin capacitatea de a alerga cu viteze de p\u00e2n\u0103 la 70 km\/h, fiind una dintre cele mai rapide p\u0103s\u0103ri terestre.<\/li><li>Are picioare extrem de puternice, cu dou\u0103 degete pe fiecare picior, adaptate pentru alergare \u0219i ap\u0103rare.<\/li><li>Lovitura de picior a unui stru\u021b poate fi fatal\u0103 pentru pr\u0103d\u0103tori, inclusiv pentru lei.<\/li><li>Ou\u0103le de stru\u021b sunt cele mai mari din lume, av\u00e2nd aproximativ 15 cm lungime \u0219i c\u00e2nt\u0103rind 1,4 &#8211; 2,3 kg.<\/li><li>Ochii stru\u021bului sunt foarte mari (5 cm diametru) \u0219i \u00eei ofer\u0103 un c\u00e2mp vizual larg, ajut\u00e2ndu-l s\u0103 detecteze pr\u0103d\u0103torii.<\/li><li>Spre deosebire de alte p\u0103s\u0103ri, stru\u021bul urineaz\u0103 separat de excremente, un aspect unic \u00een lumea p\u0103s\u0103rilor.<\/li><li>Este un animal foarte curios \u0219i inteligent, inspect\u00e2nd orice obiect necunoscut.<\/li><li>Mitul c\u0103 \u00ee\u0219i bag\u0103 capul \u00een nisip este fals! \u00cen realitate, stru\u021bul \u00ee\u0219i las\u0103 g\u00e2tul la p\u0103m\u00e2nt pentru a se camufla.<\/li><li>Un ou de stru\u021b echivaleaz\u0103 cu 24 de ou\u0103 de g\u0103in\u0103 \u0219i trebuie fiert timp de aproape 2 ore pentru a fi gata de consum.<\/li><li>Stru\u021bii danseaz\u0103 \u00een timpul \u00eemperecherii, iar masculii \u00ee\u0219i \u00eentind aripile \u0219i fac mi\u0219c\u0103ri spectaculoase.<\/li><li>Au un comportament de turm\u0103, fiind mai vigilen\u021bi \u00eempotriva pr\u0103d\u0103torilor c\u00e2nd sunt \u00een grup.<\/li><li>Pot tr\u0103i f\u0103r\u0103 ap\u0103 mai multe zile, deoarece \u00ee\u0219i ob\u021bin lichidele necesare din hrana consumat\u0103.<\/li><\/ul>\t\t\t\t\t\t\t\t<\/div>\n\t\t\t\t<\/div>\n\t\t\t\t\t<\/div>\n\t\t\t\t<\/div>\n\t\t<div class=\"elementor-element elementor-element-c5e0021 e-flex e-con-boxed e-con e-parent\" data-id=\"c5e0021\" data-element_type=\"container\" data-e-type=\"container\">\n\t\t\t\t\t<div class=\"e-con-inner\">\n\t\t\t\t<div class=\"elementor-element elementor-element-2a803a21 elementor-widget elementor-widget-gallery\" data-id=\"2a803a21\" data-element_type=\"widget\" data-e-type=\"widget\" data-settings=\"{&quot;columns&quot;:2,&quot;lazyload&quot;:&quot;yes&quot;,&quot;gallery_layout&quot;:&quot;grid&quot;,&quot;columns_tablet&quot;:2,&quot;columns_mobile&quot;:1,&quot;gap&quot;:{&quot;unit&quot;:&quot;px&quot;,&quot;size&quot;:10,&quot;sizes&quot;:[]},&quot;gap_tablet&quot;:{&quot;unit&quot;:&quot;px&quot;,&quot;size&quot;:10,&quot;sizes&quot;:[]},&quot;gap_mobile&quot;:{&quot;unit&quot;:&quot;px&quot;,&quot;size&quot;:10,&quot;sizes&quot;:[]},&quot;link_to&quot;:&quot;file&quot;,&quot;aspect_ratio&quot;:&quot;3:2&quot;,&quot;overlay_background&quot;:&quot;yes&quot;,&quot;content_hover_animation&quot;:&quot;fade-in&quot;}\" data-widget_type=\"gallery.default\">\n\t\t\t\t<div class=\"elementor-widget-container\">\n\t\t\t\t\t\t\t<div class=\"elementor-gallery__container\">\n\t\t\t\t\t\t\t<a class=\"e-gallery-item elementor-gallery-item elementor-animated-content\" href=\"https:\/\/bucurestizoo.ro\/wp-content\/uploads\/2025\/03\/Strut-African-dt_1-Large.jpeg\" data-elementor-open-lightbox=\"yes\" data-elementor-lightbox-slideshow=\"2a803a21\" data-elementor-lightbox-title=\"Strut\u0326 African dt_1 Large\" data-e-action-hash=\"#elementor-action%3Aaction%3Dlightbox%26settings%3DeyJpZCI6MTQ1MjUsInVybCI6Imh0dHBzOlwvXC9idWN1cmVzdGl6b28ucm9cL3dwLWNvbnRlbnRcL3VwbG9hZHNcLzIwMjVcLzAzXC9TdHJ1dC1BZnJpY2FuLWR0XzEtTGFyZ2UuanBlZyIsInNsaWRlc2hvdyI6IjJhODAzYTIxIn0%3D\">\n\t\t\t\t\t<div class=\"e-gallery-image elementor-gallery-item__image\" data-thumbnail=\"https:\/\/bucurestizoo.ro\/wp-content\/uploads\/2025\/03\/Strut-African-dt_1-Large-1024x682.jpeg\" data-width=\"847\" data-height=\"564\" aria-label=\"\" role=\"img\" ><\/div>\n\t\t\t\t\t\t\t\t\t\t\t<div class=\"elementor-gallery-item__overlay\"><\/div>\n\t\t\t\t\t\t\t\t\t\t\t\t\t\t<\/a>\n\t\t\t\t\t\t\t<a class=\"e-gallery-item elementor-gallery-item elementor-animated-content\" href=\"https:\/\/bucurestizoo.ro\/wp-content\/uploads\/2025\/03\/Strut-African-dt_3-Large.jpeg\" data-elementor-open-lightbox=\"yes\" data-elementor-lightbox-slideshow=\"2a803a21\" data-elementor-lightbox-title=\"Strut\u0326 African dt_3 Large\" data-e-action-hash=\"#elementor-action%3Aaction%3Dlightbox%26settings%3DeyJpZCI6MTQ1MjQsInVybCI6Imh0dHBzOlwvXC9idWN1cmVzdGl6b28ucm9cL3dwLWNvbnRlbnRcL3VwbG9hZHNcLzIwMjVcLzAzXC9TdHJ1dC1BZnJpY2FuLWR0XzMtTGFyZ2UuanBlZyIsInNsaWRlc2hvdyI6IjJhODAzYTIxIn0%3D\">\n\t\t\t\t\t<div class=\"e-gallery-image elementor-gallery-item__image\" data-thumbnail=\"https:\/\/bucurestizoo.ro\/wp-content\/uploads\/2025\/03\/Strut-African-dt_3-Large-1024x682.jpeg\" data-width=\"847\" data-height=\"564\" aria-label=\"\" role=\"img\" ><\/div>\n\t\t\t\t\t\t\t\t\t\t\t<div class=\"elementor-gallery-item__overlay\"><\/div>\n\t\t\t\t\t\t\t\t\t\t\t\t\t\t<\/a>\n\t\t\t\t\t<\/div>\n\t\t\t\t\t<\/div>\n\t\t\t\t<\/div>\n\t\t\t\t\t<\/div>\n\t\t\t\t<\/div>\n\t\t<div class=\"elementor-element elementor-element-6d5f2611 animated-slow e-flex e-con-boxed elementor-invisible e-con e-parent\" data-id=\"6d5f2611\" data-element_type=\"container\" data-e-type=\"container\" data-settings=\"{&quot;animation&quot;:&quot;fadeInRight&quot;}\">\n\t\t\t\t\t<div class=\"e-con-inner\">\n\t\t\t\t<div class=\"elementor-element elementor-element-776b5e3b elementor-widget elementor-widget-heading\" data-id=\"776b5e3b\" data-element_type=\"widget\" data-e-type=\"widget\" data-widget_type=\"heading.default\">\n\t\t\t\t<div class=\"elementor-widget-container\">\n\t\t\t\t\t<h1 class=\"elementor-heading-title elementor-size-default\">Habitat:<\/h1>\t\t\t\t<\/div>\n\t\t\t\t<\/div>\n\t\t\t\t<div class=\"elementor-element elementor-element-3914d1a3 elementor-widget elementor-widget-text-editor\" data-id=\"3914d1a3\" data-element_type=\"widget\" data-e-type=\"widget\" data-widget_type=\"text-editor.default\">\n\t\t\t\t<div class=\"elementor-widget-container\">\n\t\t\t\t\t\t\t\t\t<p>Tr\u0103ie\u0219te \u00een savane, de\u0219erturi \u0219i zone de step\u0103, unde vegeta\u021bia este rar\u0103. Se adapteaz\u0103 foarte bine la climatele calde \u0219i uscate, dar poate rezista \u0219i la temperaturi sc\u0103zute. Prefer\u0103 terenurile deschise, unde poate observa mai u\u0219or pr\u0103d\u0103torii.<\/p><ul><li>Are nevoie de acces la ap\u0103, dar poate supravie\u021bui perioade lungi doar cu apa din plantele pe care le consum\u0103.<\/li><\/ul>\t\t\t\t\t\t\t\t<\/div>\n\t\t\t\t<\/div>\n\t\t\t\t\t<\/div>\n\t\t\t\t<\/div>\n\t\t<div class=\"elementor-element elementor-element-3ba18283 e-grid e-con-boxed e-con e-parent\" data-id=\"3ba18283\" data-element_type=\"container\" data-e-type=\"container\">\n\t\t\t\t\t<div class=\"e-con-inner\">\n\t\t<div class=\"elementor-element elementor-element-40993272 e-con-full animated-slow e-flex elementor-invisible e-con e-child\" data-id=\"40993272\" data-element_type=\"container\" data-e-type=\"container\" data-settings=\"{&quot;animation&quot;:&quot;fadeInLeft&quot;}\">\n\t\t\t\t<div class=\"elementor-element elementor-element-18b90b9a elementor-widget elementor-widget-heading\" data-id=\"18b90b9a\" data-element_type=\"widget\" data-e-type=\"widget\" data-widget_type=\"heading.default\">\n\t\t\t\t<div class=\"elementor-widget-container\">\n\t\t\t\t\t<h1 class=\"elementor-heading-title elementor-size-default\">Hran\u0103:<\/h1>\t\t\t\t<\/div>\n\t\t\t\t<\/div>\n\t\t\t\t<div class=\"elementor-element elementor-element-7437474c elementor-widget elementor-widget-text-editor\" data-id=\"7437474c\" data-element_type=\"widget\" data-e-type=\"widget\" data-widget_type=\"text-editor.default\">\n\t\t\t\t<div class=\"elementor-widget-container\">\n\t\t\t\t\t\t\t\t\t<p>Este omnivor, consum\u00e2nd:<\/p><ul><li>Plante (frunze, semin\u021be, iarb\u0103, flori, fructe).<\/li><li>Insecte, reptile mici \u0219i mamifere mici atunci c\u00e2nd le g\u0103se\u0219te.<\/li><li>Pietricele \u0219i nisip, care \u00eel ajut\u0103 la digestie (ac\u021bioneaz\u0103 ca ni\u0219te din\u021bi \u00een pipot\u0103).<\/li><\/ul><p>\u00a0Poate m\u00e2nca chiar \u0219i plante toxice pentru alte animale, datorit\u0103 unui sistem digestiv foarte rezistent.<\/p>\t\t\t\t\t\t\t\t<\/div>\n\t\t\t\t<\/div>\n\t\t\t\t<\/div>\n\t\t<div class=\"elementor-element elementor-element-7382aafd e-con-full animated-slow e-flex elementor-invisible e-con e-child\" data-id=\"7382aafd\" data-element_type=\"container\" data-e-type=\"container\" data-settings=\"{&quot;animation&quot;:&quot;fadeInRight&quot;}\">\n\t\t\t\t<div class=\"elementor-element elementor-element-17b468df elementor-widget elementor-widget-heading\" data-id=\"17b468df\" data-element_type=\"widget\" data-e-type=\"widget\" data-widget_type=\"heading.default\">\n\t\t\t\t<div class=\"elementor-widget-container\">\n\t\t\t\t\t<h1 class=\"elementor-heading-title elementor-size-default\">Conservare:<\/h1>\t\t\t\t<\/div>\n\t\t\t\t<\/div>\n\t\t\t\t<div class=\"elementor-element elementor-element-22202363 elementor-widget elementor-widget-text-editor\" data-id=\"22202363\" data-element_type=\"widget\" data-e-type=\"widget\" data-widget_type=\"text-editor.default\">\n\t\t\t\t<div class=\"elementor-widget-container\">\n\t\t\t\t\t\t\t\t\t<ul><li>Clasificat ca specie de \u00eengrijorare minor\u0103 (Least Concern &#8211; LC), av\u00e2nd o popula\u021bie stabil\u0103.<\/li><li>\u00cen unele zone, num\u0103rul stru\u021bilor a sc\u0103zut din cauza v\u00e2n\u0103torii excesive \u0219i distrugerii habitatului.<\/li><li>Crescut intensiv \u00een ferme pentru carne, piele \u0219i pene, ceea ce ajut\u0103 la men\u021binerea popula\u021biei.<\/li><li>Exist\u0103 rezerva\u021bii \u0219i parcuri naturale \u00een Africa care protejeaz\u0103 popula\u021biile s\u0103lbatice.<\/li><\/ul>\t\t\t\t\t\t\t\t<\/div>\n\t\t\t\t<\/div>\n\t\t\t\t<\/div>\n\t\t\t\t\t<\/div>\n\t\t\t\t<\/div>\n\t\t\t\t<\/div>","protected":false},"excerpt":{"rendered":"<p>Stru\u021b African Denumire \u0219tiin\u021bific\u0103: Struthio camelusOrdin: StruthioniformesFamilie: StruthionidaeGen: StruthioSpecie: Struthio camelusDistribu\u021bia pe glob: Se g\u0103se\u0219te \u00een Africa, \u00een special \u00een savanele \u0219i zonele semi-aride din Africa de Nord, Est, Central\u0103 \u0219i de Sud. \u00cen trecut a tr\u0103it \u0219i \u00een Orientul Mijlociu, dar a disp\u0103rut din acea regiune. Este crescut \u00een captivitate pe toate continentele pentru &hellip; <a href=\"https:\/\/bucurestizoo.ro\/en\/strut-african\/\" class=\"more-link\">Continue reading <span class=\"screen-reader-text\">Stru\u021b African<\/span><\/a><\/p>","protected":false},"author":1,"featured_media":0,"parent":0,"menu_order":0,"comment_status":"closed","ping_status":"closed","template":"","meta":{"_monsterinsights_skip_tracking":false,"_monsterinsights_sitenote_active":false,"_monsterinsights_sitenote_note":"","_monsterinsights_sitenote_category":0,"footnotes":""},"class_list":["post-14521","page","type-page","status-publish","hentry"],"aioseo_notices":[],"_links":{"self":[{"href":"https:\/\/bucurestizoo.ro\/en\/wp-json\/wp\/v2\/pages\/14521","targetHints":{"allow":["GET"]}}],"collection":[{"href":"https:\/\/bucurestizoo.ro\/en\/wp-json\/wp\/v2\/pages"}],"about":[{"href":"https:\/\/bucurestizoo.ro\/en\/wp-json\/wp\/v2\/types\/page"}],"author":[{"embeddable":true,"href":"https:\/\/bucurestizoo.ro\/en\/wp-json\/wp\/v2\/users\/1"}],"replies":[{"embeddable":true,"href":"https:\/\/bucurestizoo.ro\/en\/wp-json\/wp\/v2\/comments?post=14521"}],"version-history":[{"count":4,"href":"https:\/\/bucurestizoo.ro\/en\/wp-json\/wp\/v2\/pages\/14521\/revisions"}],"predecessor-version":[{"id":14532,"href":"https:\/\/bucurestizoo.ro\/en\/wp-json\/wp\/v2\/pages\/14521\/revisions\/14532"}],"wp:attachment":[{"href":"https:\/\/bucurestizoo.ro\/en\/wp-json\/wp\/v2\/media?parent=14521"}],"curies":[{"name":"wp","href":"https:\/\/api.w.org\/{rel}","templated":true}]}}