{"id":14504,"date":"2025-03-31T19:22:46","date_gmt":"2025-03-31T17:22:46","guid":{"rendered":"https:\/\/n1.bucurestizoo.ro\/?page_id=14504"},"modified":"2025-03-31T19:27:25","modified_gmt":"2025-03-31T17:27:25","slug":"papagal-lori-curcubeu","status":"publish","type":"page","link":"https:\/\/bucurestizoo.ro\/en\/papagal-lori-curcubeu\/","title":{"rendered":"Papagal Lori Curcubeu"},"content":{"rendered":"<div data-elementor-type=\"wp-page\" data-elementor-id=\"14504\" class=\"elementor elementor-14504\" data-elementor-post-type=\"page\">\n\t\t\t\t<div class=\"elementor-element elementor-element-600dda23 e-flex e-con-boxed e-con e-parent\" data-id=\"600dda23\" data-element_type=\"container\" data-e-type=\"container\" data-settings=\"{&quot;background_background&quot;:&quot;classic&quot;}\">\n\t\t\t\t\t<div class=\"e-con-inner\">\n\t\t<div class=\"elementor-element elementor-element-5fe6518f e-con-full e-flex e-con e-child\" data-id=\"5fe6518f\" data-element_type=\"container\" data-e-type=\"container\">\n\t\t<div class=\"elementor-element elementor-element-4e98b2ed e-con-full animated-slow e-flex elementor-invisible e-con e-child\" data-id=\"4e98b2ed\" data-element_type=\"container\" data-e-type=\"container\" data-settings=\"{&quot;animation&quot;:&quot;fadeInLeft&quot;}\">\n\t\t\t\t<div class=\"elementor-element elementor-element-4a9b5ab5 elementor-widget elementor-widget-heading\" data-id=\"4a9b5ab5\" data-element_type=\"widget\" data-e-type=\"widget\" data-widget_type=\"heading.default\">\n\t\t\t\t<div class=\"elementor-widget-container\">\n\t\t\t\t\t<h1 class=\"elementor-heading-title elementor-size-default\">Papagal Lori Curcubeu <\/h1>\t\t\t\t<\/div>\n\t\t\t\t<\/div>\n\t\t\t\t<div class=\"elementor-element elementor-element-292c18fe elementor-widget elementor-widget-text-editor\" data-id=\"292c18fe\" data-element_type=\"widget\" data-e-type=\"widget\" data-widget_type=\"text-editor.default\">\n\t\t\t\t<div class=\"elementor-widget-container\">\n\t\t\t\t\t\t\t\t\t<p><strong data-start=\"0\" data-end=\"25\">Denumire \u0219tiin\u021bific\u0103:<\/strong> Trichoglossus haematodus<br data-start=\"50\" data-end=\"53\" data-is-only-node=\"\" \/><strong data-start=\"53\" data-end=\"63\">Ordin:<\/strong> Psittaciformes<br data-start=\"78\" data-end=\"81\" \/><strong data-start=\"81\" data-end=\"93\">Familie:<\/strong> Psittaculidae<br data-start=\"107\" data-end=\"110\" \/><strong data-start=\"110\" data-end=\"118\">Gen:<\/strong> Trichoglossus<br data-start=\"132\" data-end=\"135\" \/><strong data-start=\"135\" data-end=\"146\">Specie:<\/strong> T. haematodus<br data-start=\"160\" data-end=\"163\" \/><strong data-start=\"163\" data-end=\"187\">Distribu\u021bia pe glob:<\/strong> Originar din Australia, Indonezia, Papua Noua Guinee, Insulele Solomon \u0219i Timorul de Est. Tr\u0103ie\u0219te \u00een p\u0103duri tropicale, mangrove, savane \u00eemp\u0103durite \u0219i zone urbane cu vegeta\u021bie bogat\u0103. A fost introdus \u00een Noua Zeeland\u0103 \u0219i Hong Kong, unde a format popula\u021bii stabile<br data-start=\"450\" data-end=\"453\" \/><strong data-start=\"453\" data-end=\"468\">Dimensiuni:<\/strong> Lungime: 25\u201330 cm, Anvergura aripilor: 40\u201345 cm<br data-start=\"516\" data-end=\"519\" \/><strong data-start=\"519\" data-end=\"532\">Greutate:<\/strong> 110\u2013160 g<br data-start=\"542\" data-end=\"545\" \/><strong data-start=\"545\" data-end=\"571\">Perioada de incuba\u021bie:<\/strong> 23\u201326 zile, ambii p\u0103rin\u021bi contribuind la clocire<br data-start=\"620\" data-end=\"623\" \/><strong data-start=\"623\" data-end=\"640\">Num\u0103r de pui:<\/strong> De obicei 2 ou\u0103 per pont\u0103, uneori \u0219i 3<br data-start=\"679\" data-end=\"682\" \/><strong data-start=\"682\" data-end=\"704\">Speran\u021b\u0103 de via\u021b\u0103:<\/strong> 15\u201325 ani \u00een s\u0103lb\u0103ticie, p\u00e2n\u0103 la 30 de ani \u00een captivitate<\/p>\t\t\t\t\t\t\t\t<\/div>\n\t\t\t\t<\/div>\n\t\t\t\t<\/div>\n\t\t\t\t<div class=\"elementor-element elementor-element-3f503010 elementor-widget-tablet__width-inherit animated-slow elementor-invisible elementor-widget elementor-widget-image\" data-id=\"3f503010\" data-element_type=\"widget\" data-e-type=\"widget\" data-settings=\"{&quot;_animation&quot;:&quot;fadeInRight&quot;}\" data-widget_type=\"image.default\">\n\t\t\t\t<div class=\"elementor-widget-container\">\n\t\t\t\t\t\t\t\t\t\t\t\t\t\t\t<img fetchpriority=\"high\" decoding=\"async\" width=\"682\" height=\"1024\" src=\"https:\/\/bucurestizoo.ro\/wp-content\/uploads\/2025\/03\/Papagal-Lori-Curcubeu-dt_2-Large-682x1024.jpeg\" class=\"attachment-large size-large wp-image-14498\" alt=\"\" srcset=\"https:\/\/bucurestizoo.ro\/wp-content\/uploads\/2025\/03\/Papagal-Lori-Curcubeu-dt_2-Large-682x1024.jpeg 682w, https:\/\/bucurestizoo.ro\/wp-content\/uploads\/2025\/03\/Papagal-Lori-Curcubeu-dt_2-Large-200x300.jpeg 200w, https:\/\/bucurestizoo.ro\/wp-content\/uploads\/2025\/03\/Papagal-Lori-Curcubeu-dt_2-Large-768x1152.jpeg 768w, https:\/\/bucurestizoo.ro\/wp-content\/uploads\/2025\/03\/Papagal-Lori-Curcubeu-dt_2-Large-340x510.jpeg 340w, https:\/\/bucurestizoo.ro\/wp-content\/uploads\/2025\/03\/Papagal-Lori-Curcubeu-dt_2-Large.jpeg 853w\" sizes=\"(max-width: 682px) 100vw, 682px\" data-id=\"14498\" \/>\t\t\t\t\t\t\t\t\t\t\t\t\t\t\t<\/div>\n\t\t\t\t<\/div>\n\t\t\t\t<\/div>\n\t\t\t\t\t<\/div>\n\t\t\t\t<\/div>\n\t\t<div class=\"elementor-element elementor-element-5c46a8fb animated-slow e-flex e-con-boxed elementor-invisible e-con e-parent\" data-id=\"5c46a8fb\" data-element_type=\"container\" data-e-type=\"container\" data-settings=\"{&quot;animation&quot;:&quot;fadeInLeft&quot;}\">\n\t\t\t\t\t<div class=\"e-con-inner\">\n\t\t\t\t<div class=\"elementor-element elementor-element-586eb451 elementor-widget elementor-widget-heading\" data-id=\"586eb451\" data-element_type=\"widget\" data-e-type=\"widget\" data-widget_type=\"heading.default\">\n\t\t\t\t<div class=\"elementor-widget-container\">\n\t\t\t\t\t<h1 class=\"elementor-heading-title elementor-size-default\">General:<\/h1>\t\t\t\t<\/div>\n\t\t\t\t<\/div>\n\t\t\t\t<div class=\"elementor-element elementor-element-3eacc1f5 elementor-widget elementor-widget-text-editor\" data-id=\"3eacc1f5\" data-element_type=\"widget\" data-e-type=\"widget\" data-widget_type=\"text-editor.default\">\n\t\t\t\t<div class=\"elementor-widget-container\">\n\t\t\t\t\t\t\t\t\t<ul><li>Cunoscut \u0219i sub numele de Papagal Lori Curcubeu, este unul dintre cei mai colora\u021bi papagali din lume.<\/li><li>Are un penaj spectaculos: capul albastru intens, piept ro\u0219u, abdomen galben-verzui \u0219i aripi verzi.<\/li><li>Ciocul este portocaliu aprins, iar ochii au un inel ro\u0219u distinct.<\/li><li>Este foarte sociabil, energic \u0219i curios, av\u00e2nd nevoie de mult\u0103 interac\u021biune \u0219i stimulare mental\u0103.<\/li><li>Spre deosebire de majoritatea papagalilor, limba lor are o structur\u0103 specializat\u0103, asem\u0103n\u0103toare unei perii, adaptat\u0103 pentru consumul de nectar \u0219i polen.<\/li><li>Sunt zgomoto\u0219i \u0219i au un repertoriu variat de sunete, put\u00e2nd chiar imita unele cuvinte umane.<\/li><li>Formeaz\u0103 perechi monogame \u0219i \u00ee\u0219i ap\u0103r\u0103 teritoriul agresiv, alung\u00e2nd alte p\u0103s\u0103ri mai mari.<\/li><li>Sunt ni\u0219te mici acroba\u021bi! Se aga\u021b\u0103 cu capul \u00een jos \u0219i se leag\u0103n\u0103 pe ramuri, mai ales c\u00e2nd sunt ferici\u021bi.<\/li><li>Pot deveni foarte lipicio\u0219i! Se ata\u0219eaz\u0103 puternic de st\u0103p\u00e2n \u0219i cer aten\u021bie constant\u0103.<\/li><li>Le place s\u0103 fie g\u00e2dila\u021bi! Mul\u021bi lorike\u021bi se bucur\u0103 c\u00e2nd sunt m\u00e2ng\u00e2ia\u021bi pe g\u00e2t sau pe cap.<\/li><li>Zboar\u0103 \u00een grupuri mari \u0219i g\u0103l\u0103gioase, fiind u\u0219or de observat \u00een s\u0103lb\u0103ticie.<\/li><li>Ador\u0103 s\u0103 se joace cu ap\u0103! \u00cen captivitate, trebuie s\u0103 aib\u0103 acces la b\u0103i frecvente, altfel \u00eencep s\u0103 \u00ee\u0219i smulg\u0103 penele.<\/li><\/ul>\t\t\t\t\t\t\t\t<\/div>\n\t\t\t\t<\/div>\n\t\t\t\t\t<\/div>\n\t\t\t\t<\/div>\n\t\t<div class=\"elementor-element elementor-element-66a41691 e-flex e-con-boxed e-con e-parent\" data-id=\"66a41691\" data-element_type=\"container\" data-e-type=\"container\">\n\t\t\t\t\t<div class=\"e-con-inner\">\n\t\t\t\t<div class=\"elementor-element elementor-element-41f8d60e elementor-widget elementor-widget-gallery\" data-id=\"41f8d60e\" data-element_type=\"widget\" data-e-type=\"widget\" data-settings=\"{&quot;columns&quot;:2,&quot;lazyload&quot;:&quot;yes&quot;,&quot;gallery_layout&quot;:&quot;grid&quot;,&quot;columns_tablet&quot;:2,&quot;columns_mobile&quot;:1,&quot;gap&quot;:{&quot;unit&quot;:&quot;px&quot;,&quot;size&quot;:10,&quot;sizes&quot;:[]},&quot;gap_tablet&quot;:{&quot;unit&quot;:&quot;px&quot;,&quot;size&quot;:10,&quot;sizes&quot;:[]},&quot;gap_mobile&quot;:{&quot;unit&quot;:&quot;px&quot;,&quot;size&quot;:10,&quot;sizes&quot;:[]},&quot;link_to&quot;:&quot;file&quot;,&quot;aspect_ratio&quot;:&quot;3:2&quot;,&quot;overlay_background&quot;:&quot;yes&quot;,&quot;content_hover_animation&quot;:&quot;fade-in&quot;}\" data-widget_type=\"gallery.default\">\n\t\t\t\t<div class=\"elementor-widget-container\">\n\t\t\t\t\t\t\t<div class=\"elementor-gallery__container\">\n\t\t\t\t\t\t\t<a class=\"e-gallery-item elementor-gallery-item elementor-animated-content\" href=\"https:\/\/bucurestizoo.ro\/wp-content\/uploads\/2025\/03\/Papagal-Lori-Curcubeu-dt_1-Large.jpeg\" data-elementor-open-lightbox=\"yes\" data-elementor-lightbox-slideshow=\"41f8d60e\" data-elementor-lightbox-title=\"Papagal Lori Curcubeu dt_1 Large\" data-e-action-hash=\"#elementor-action%3Aaction%3Dlightbox%26settings%3DeyJpZCI6MTQ1MDAsInVybCI6Imh0dHBzOlwvXC9idWN1cmVzdGl6b28ucm9cL3dwLWNvbnRlbnRcL3VwbG9hZHNcLzIwMjVcLzAzXC9QYXBhZ2FsLUxvcmktQ3VyY3ViZXUtZHRfMS1MYXJnZS5qcGVnIiwic2xpZGVzaG93IjoiNDFmOGQ2MGUifQ%3D%3D\">\n\t\t\t\t\t<div class=\"e-gallery-image elementor-gallery-item__image\" data-thumbnail=\"https:\/\/bucurestizoo.ro\/wp-content\/uploads\/2025\/03\/Papagal-Lori-Curcubeu-dt_1-Large-1024x682.jpeg\" data-width=\"847\" data-height=\"564\" aria-label=\"\" role=\"img\" ><\/div>\n\t\t\t\t\t\t\t\t\t\t\t<div class=\"elementor-gallery-item__overlay\"><\/div>\n\t\t\t\t\t\t\t\t\t\t\t\t\t\t<\/a>\n\t\t\t\t\t\t\t<a class=\"e-gallery-item elementor-gallery-item elementor-animated-content\" href=\"https:\/\/bucurestizoo.ro\/wp-content\/uploads\/2025\/03\/Papagal-Lori-Curcubeu-dt_3-Large.jpeg\" data-elementor-open-lightbox=\"yes\" data-elementor-lightbox-slideshow=\"41f8d60e\" data-elementor-lightbox-title=\"Papagal Lori Curcubeu dt_3 Large\" data-e-action-hash=\"#elementor-action%3Aaction%3Dlightbox%26settings%3DeyJpZCI6MTQ0OTksInVybCI6Imh0dHBzOlwvXC9idWN1cmVzdGl6b28ucm9cL3dwLWNvbnRlbnRcL3VwbG9hZHNcLzIwMjVcLzAzXC9QYXBhZ2FsLUxvcmktQ3VyY3ViZXUtZHRfMy1MYXJnZS5qcGVnIiwic2xpZGVzaG93IjoiNDFmOGQ2MGUifQ%3D%3D\">\n\t\t\t\t\t<div class=\"e-gallery-image elementor-gallery-item__image\" data-thumbnail=\"https:\/\/bucurestizoo.ro\/wp-content\/uploads\/2025\/03\/Papagal-Lori-Curcubeu-dt_3-Large-1024x682.jpeg\" data-width=\"847\" data-height=\"564\" aria-label=\"\" role=\"img\" ><\/div>\n\t\t\t\t\t\t\t\t\t\t\t<div class=\"elementor-gallery-item__overlay\"><\/div>\n\t\t\t\t\t\t\t\t\t\t\t\t\t\t<\/a>\n\t\t\t\t\t<\/div>\n\t\t\t\t\t<\/div>\n\t\t\t\t<\/div>\n\t\t\t\t\t<\/div>\n\t\t\t\t<\/div>\n\t\t<div class=\"elementor-element elementor-element-4d3187db animated-slow e-flex e-con-boxed elementor-invisible e-con e-parent\" data-id=\"4d3187db\" data-element_type=\"container\" data-e-type=\"container\" data-settings=\"{&quot;animation&quot;:&quot;fadeInRight&quot;}\">\n\t\t\t\t\t<div class=\"e-con-inner\">\n\t\t\t\t<div class=\"elementor-element elementor-element-47bd72fc elementor-widget elementor-widget-heading\" data-id=\"47bd72fc\" data-element_type=\"widget\" data-e-type=\"widget\" data-widget_type=\"heading.default\">\n\t\t\t\t<div class=\"elementor-widget-container\">\n\t\t\t\t\t<h1 class=\"elementor-heading-title elementor-size-default\">Habitat:<\/h1>\t\t\t\t<\/div>\n\t\t\t\t<\/div>\n\t\t\t\t<div class=\"elementor-element elementor-element-6b5e07a4 elementor-widget elementor-widget-text-editor\" data-id=\"6b5e07a4\" data-element_type=\"widget\" data-e-type=\"widget\" data-widget_type=\"text-editor.default\">\n\t\t\t\t<div class=\"elementor-widget-container\">\n\t\t\t\t\t\t\t\t\t<ul><li>Prefer\u0103 p\u0103durile tropicale \u0219i subtropicale, p\u0103durile de eucalipt \u0219i mangrovele.<\/li><li>Se adapteaz\u0103 bine la parcuri \u0219i gr\u0103dini din ora\u0219e, fiind adesea v\u0103zu\u021bi \u00een grupuri mari.<\/li><li>Cuib\u0103resc \u00een scorburi de copaci, de obicei la \u00een\u0103l\u021bimi mari pentru a evita pr\u0103d\u0103torii.<\/li><li>Sunt migratori par\u021biali, deplas\u00e2ndu-se \u00een func\u021bie de disponibilitatea hranei.<\/li><\/ul>\t\t\t\t\t\t\t\t<\/div>\n\t\t\t\t<\/div>\n\t\t\t\t\t<\/div>\n\t\t\t\t<\/div>\n\t\t<div class=\"elementor-element elementor-element-52596f04 e-grid e-con-boxed e-con e-parent\" data-id=\"52596f04\" data-element_type=\"container\" data-e-type=\"container\">\n\t\t\t\t\t<div class=\"e-con-inner\">\n\t\t<div class=\"elementor-element elementor-element-72e2b448 e-con-full animated-slow e-flex elementor-invisible e-con e-child\" data-id=\"72e2b448\" data-element_type=\"container\" data-e-type=\"container\" data-settings=\"{&quot;animation&quot;:&quot;fadeInLeft&quot;}\">\n\t\t\t\t<div class=\"elementor-element elementor-element-12a3e0f0 elementor-widget elementor-widget-heading\" data-id=\"12a3e0f0\" data-element_type=\"widget\" data-e-type=\"widget\" data-widget_type=\"heading.default\">\n\t\t\t\t<div class=\"elementor-widget-container\">\n\t\t\t\t\t<h1 class=\"elementor-heading-title elementor-size-default\">Hran\u0103:<\/h1>\t\t\t\t<\/div>\n\t\t\t\t<\/div>\n\t\t\t\t<div class=\"elementor-element elementor-element-43168a3c elementor-widget elementor-widget-text-editor\" data-id=\"43168a3c\" data-element_type=\"widget\" data-e-type=\"widget\" data-widget_type=\"text-editor.default\">\n\t\t\t\t<div class=\"elementor-widget-container\">\n\t\t\t\t\t\t\t\t\t<ul><li>Sunt frugivori \u0219i nectarivori, av\u00e2nd o diet\u0103 bazat\u0103 pe:<\/li><li>Nectar \u0219i polen, pe care le extrag din flori cu limba lor specializat\u0103.<\/li><li>Fructe moi precum mango, papaya, guava \u0219i smochine.<\/li><li>Flori \u0219i muguri de eucalipt.<\/li><li>Uneori consum\u0103 \u0219i insecte mici \u0219i larve pentru proteine.<\/li><li>\u00cen captivitate, trebuie hr\u0103ni\u021bi cu nectar special pentru lori, fructe proaspete \u0219i legume.<\/li><li>Nu trebuie s\u0103 consume semin\u021be grase (ex. floarea-soarelui) deoarece nu sunt adaptate pentru ele.<\/li><\/ul>\t\t\t\t\t\t\t\t<\/div>\n\t\t\t\t<\/div>\n\t\t\t\t<\/div>\n\t\t<div class=\"elementor-element elementor-element-61e6a4e e-con-full animated-slow e-flex elementor-invisible e-con e-child\" data-id=\"61e6a4e\" data-element_type=\"container\" data-e-type=\"container\" data-settings=\"{&quot;animation&quot;:&quot;fadeInRight&quot;}\">\n\t\t\t\t<div class=\"elementor-element elementor-element-4cd041f9 elementor-widget elementor-widget-heading\" data-id=\"4cd041f9\" data-element_type=\"widget\" data-e-type=\"widget\" data-widget_type=\"heading.default\">\n\t\t\t\t<div class=\"elementor-widget-container\">\n\t\t\t\t\t<h1 class=\"elementor-heading-title elementor-size-default\">Conservare:<\/h1>\t\t\t\t<\/div>\n\t\t\t\t<\/div>\n\t\t\t\t<div class=\"elementor-element elementor-element-9fe323f elementor-widget elementor-widget-text-editor\" data-id=\"9fe323f\" data-element_type=\"widget\" data-e-type=\"widget\" data-widget_type=\"text-editor.default\">\n\t\t\t\t<div class=\"elementor-widget-container\">\n\t\t\t\t\t\t\t\t\t<ul><li>Specie de \u00eengrijorare minor\u0103 (LC &#8211; Least Concern), dar \u00een unele zone popula\u021bia scade din cauza:<\/li><li>Defri\u0219\u0103rilor \u0219i distrugerii habitatului.<\/li><li>Comer\u021bului ilegal cu p\u0103s\u0103ri exotice.<\/li><li>Competitorilor introdu\u0219i (ex. grauri \u0219i alte specii agresive care le ocup\u0103 locurile de cuib\u0103rit).<\/li><li>Unele insule din Pacific \u00eei consider\u0103 o specie invaziv\u0103, deoarece concureaz\u0103 cu p\u0103s\u0103rile locale pentru hran\u0103 \u0219i habitate.<\/li><\/ul>\t\t\t\t\t\t\t\t<\/div>\n\t\t\t\t<\/div>\n\t\t\t\t<\/div>\n\t\t\t\t\t<\/div>\n\t\t\t\t<\/div>\n\t\t\t\t<\/div>","protected":false},"excerpt":{"rendered":"<p>Papagal Lori Curcubeu Denumire \u0219tiin\u021bific\u0103: Trichoglossus haematodusOrdin: PsittaciformesFamilie: PsittaculidaeGen: TrichoglossusSpecie: T. haematodusDistribu\u021bia pe glob: Originar din Australia, Indonezia, Papua Noua Guinee, Insulele Solomon \u0219i Timorul de Est. Tr\u0103ie\u0219te \u00een p\u0103duri tropicale, mangrove, savane \u00eemp\u0103durite \u0219i zone urbane cu vegeta\u021bie bogat\u0103. A fost introdus \u00een Noua Zeeland\u0103 \u0219i Hong Kong, unde a format popula\u021bii stabileDimensiuni: Lungime: &hellip; <a href=\"https:\/\/bucurestizoo.ro\/en\/papagal-lori-curcubeu\/\" class=\"more-link\">Continue reading <span class=\"screen-reader-text\">Papagal Lori Curcubeu<\/span><\/a><\/p>","protected":false},"author":1,"featured_media":0,"parent":0,"menu_order":0,"comment_status":"closed","ping_status":"closed","template":"","meta":{"_monsterinsights_skip_tracking":false,"_monsterinsights_sitenote_active":false,"_monsterinsights_sitenote_note":"","_monsterinsights_sitenote_category":0,"footnotes":""},"class_list":["post-14504","page","type-page","status-publish","hentry"],"aioseo_notices":[],"_links":{"self":[{"href":"https:\/\/bucurestizoo.ro\/en\/wp-json\/wp\/v2\/pages\/14504","targetHints":{"allow":["GET"]}}],"collection":[{"href":"https:\/\/bucurestizoo.ro\/en\/wp-json\/wp\/v2\/pages"}],"about":[{"href":"https:\/\/bucurestizoo.ro\/en\/wp-json\/wp\/v2\/types\/page"}],"author":[{"embeddable":true,"href":"https:\/\/bucurestizoo.ro\/en\/wp-json\/wp\/v2\/users\/1"}],"replies":[{"embeddable":true,"href":"https:\/\/bucurestizoo.ro\/en\/wp-json\/wp\/v2\/comments?post=14504"}],"version-history":[{"count":4,"href":"https:\/\/bucurestizoo.ro\/en\/wp-json\/wp\/v2\/pages\/14504\/revisions"}],"predecessor-version":[{"id":14509,"href":"https:\/\/bucurestizoo.ro\/en\/wp-json\/wp\/v2\/pages\/14504\/revisions\/14509"}],"wp:attachment":[{"href":"https:\/\/bucurestizoo.ro\/en\/wp-json\/wp\/v2\/media?parent=14504"}],"curies":[{"name":"wp","href":"https:\/\/api.w.org\/{rel}","templated":true}]}}