{"id":14433,"date":"2025-03-31T06:54:47","date_gmt":"2025-03-31T04:54:47","guid":{"rendered":"https:\/\/n1.bucurestizoo.ro\/?page_id=14433"},"modified":"2025-03-31T07:00:09","modified_gmt":"2025-03-31T05:00:09","slug":"papagal-agapornis","status":"publish","type":"page","link":"https:\/\/bucurestizoo.ro\/en\/papagal-agapornis\/","title":{"rendered":"Papagal Agapornis"},"content":{"rendered":"<div data-elementor-type=\"wp-page\" data-elementor-id=\"14433\" class=\"elementor elementor-14433\" data-elementor-post-type=\"page\">\n\t\t\t\t<div class=\"elementor-element elementor-element-603c871e e-flex e-con-boxed e-con e-parent\" data-id=\"603c871e\" data-element_type=\"container\" data-e-type=\"container\" data-settings=\"{&quot;background_background&quot;:&quot;classic&quot;}\">\n\t\t\t\t\t<div class=\"e-con-inner\">\n\t\t<div class=\"elementor-element elementor-element-85e92c6 e-con-full e-flex e-con e-child\" data-id=\"85e92c6\" data-element_type=\"container\" data-e-type=\"container\">\n\t\t<div class=\"elementor-element elementor-element-6e981617 e-con-full animated-slow e-flex elementor-invisible e-con e-child\" data-id=\"6e981617\" data-element_type=\"container\" data-e-type=\"container\" data-settings=\"{&quot;animation&quot;:&quot;fadeInLeft&quot;}\">\n\t\t\t\t<div class=\"elementor-element elementor-element-5e8556f8 elementor-widget elementor-widget-heading\" data-id=\"5e8556f8\" data-element_type=\"widget\" data-e-type=\"widget\" data-widget_type=\"heading.default\">\n\t\t\t\t<div class=\"elementor-widget-container\">\n\t\t\t\t\t<h1 class=\"elementor-heading-title elementor-size-default\">Papagal Agapornis<\/h1>\t\t\t\t<\/div>\n\t\t\t\t<\/div>\n\t\t\t\t<div class=\"elementor-element elementor-element-1ec3c530 elementor-widget elementor-widget-text-editor\" data-id=\"1ec3c530\" data-element_type=\"widget\" data-e-type=\"widget\" data-widget_type=\"text-editor.default\">\n\t\t\t\t<div class=\"elementor-widget-container\">\n\t\t\t\t\t\t\t\t\t<p><strong data-start=\"0\" data-end=\"25\">Denumire \u0219tiin\u021bific\u0103:<\/strong> Agapornis roseicollis<br data-start=\"47\" data-end=\"50\" data-is-only-node=\"\" \/><strong data-start=\"50\" data-end=\"60\">Ordin:<\/strong> Psittaciformes<br data-start=\"75\" data-end=\"78\" \/><strong data-start=\"78\" data-end=\"90\">Familie:<\/strong> Psittaculidae<br data-start=\"104\" data-end=\"107\" \/><strong data-start=\"107\" data-end=\"115\">Gen:<\/strong> Agapornis<br data-start=\"125\" data-end=\"128\" \/><strong data-start=\"128\" data-end=\"139\">Specie:<\/strong> A. roseicollis<br data-start=\"154\" data-end=\"157\" \/><strong data-start=\"157\" data-end=\"181\">Distribu\u021bia pe glob:<\/strong> Originar din Africa de Sud-Vest, \u00een special Angola, Namibia, Botswana \u0219i Africa de Sud. Tr\u0103ie\u0219te \u00een zone semi-aride precum savanele \u0219i regiunile de\u0219ertice cu vegeta\u021bie. A fost introdus \u00een diverse zone ca pas\u0103re de colivie \u0219i exist\u0103 popula\u021bii s\u0103lbatice \u00een unele regiuni unde au sc\u0103pat sau au fost elibera\u021bi<br data-start=\"487\" data-end=\"490\" \/><strong data-start=\"490\" data-end=\"505\">Dimensiuni:<\/strong> Lungime: 15\u201317 cm, Anvergura aripilor: 9\u201310 cm, Lungimea cozii: 4\u20135 cm<br data-start=\"576\" data-end=\"579\" \/><strong data-start=\"579\" data-end=\"592\">Greutate:<\/strong> 40\u201360 g, \u00een func\u021bie de diet\u0103 \u0219i varietatea genetic\u0103<br data-start=\"644\" data-end=\"647\" \/><strong data-start=\"647\" data-end=\"682\">Perioada de incuba\u021bie\/gesta\u021bie:<\/strong> 22\u201324 zile, timp \u00een care femela st\u0103 aproape permanent pe ou\u0103<br data-start=\"743\" data-end=\"746\" \/><strong data-start=\"746\" data-end=\"763\">Num\u0103r de pui:<\/strong> De obicei 4\u20136 ou\u0103 per pont\u0103<br data-start=\"791\" data-end=\"794\" \/><strong data-start=\"794\" data-end=\"816\">Speran\u021b\u0103 de via\u021b\u0103:<\/strong> 10\u201315 ani \u00een captivitate, p\u00e2n\u0103 la 20 de ani \u00een condi\u021bii optime<\/p>\t\t\t\t\t\t\t\t<\/div>\n\t\t\t\t<\/div>\n\t\t\t\t<\/div>\n\t\t\t\t<div class=\"elementor-element elementor-element-289b71e0 elementor-widget-tablet__width-inherit animated-slow elementor-invisible elementor-widget elementor-widget-image\" data-id=\"289b71e0\" data-element_type=\"widget\" data-e-type=\"widget\" data-settings=\"{&quot;_animation&quot;:&quot;fadeInRight&quot;}\" data-widget_type=\"image.default\">\n\t\t\t\t<div class=\"elementor-widget-container\">\n\t\t\t\t\t\t\t\t\t\t\t\t\t\t\t<img fetchpriority=\"high\" decoding=\"async\" width=\"847\" height=\"565\" src=\"https:\/\/bucurestizoo.ro\/wp-content\/uploads\/2025\/03\/Papagal-Agapornis-dt_1-Large-1024x683.jpeg\" class=\"attachment-large size-large wp-image-14432\" alt=\"\" srcset=\"https:\/\/bucurestizoo.ro\/wp-content\/uploads\/2025\/03\/Papagal-Agapornis-dt_1-Large-1024x683.jpeg 1024w, https:\/\/bucurestizoo.ro\/wp-content\/uploads\/2025\/03\/Papagal-Agapornis-dt_1-Large-300x200.jpeg 300w, https:\/\/bucurestizoo.ro\/wp-content\/uploads\/2025\/03\/Papagal-Agapornis-dt_1-Large-768x512.jpeg 768w, https:\/\/bucurestizoo.ro\/wp-content\/uploads\/2025\/03\/Papagal-Agapornis-dt_1-Large-450x300.jpeg 450w, https:\/\/bucurestizoo.ro\/wp-content\/uploads\/2025\/03\/Papagal-Agapornis-dt_1-Large-650x434.jpeg 650w, https:\/\/bucurestizoo.ro\/wp-content\/uploads\/2025\/03\/Papagal-Agapornis-dt_1-Large.jpeg 1280w\" sizes=\"(max-width: 847px) 100vw, 847px\" data-id=\"14432\" \/>\t\t\t\t\t\t\t\t\t\t\t\t\t\t\t<\/div>\n\t\t\t\t<\/div>\n\t\t\t\t<\/div>\n\t\t\t\t\t<\/div>\n\t\t\t\t<\/div>\n\t\t<div class=\"elementor-element elementor-element-12f7d7f animated-slow e-flex e-con-boxed elementor-invisible e-con e-parent\" data-id=\"12f7d7f\" data-element_type=\"container\" data-e-type=\"container\" data-settings=\"{&quot;animation&quot;:&quot;fadeInLeft&quot;}\">\n\t\t\t\t\t<div class=\"e-con-inner\">\n\t\t\t\t<div class=\"elementor-element elementor-element-2aa74b3b elementor-widget elementor-widget-heading\" data-id=\"2aa74b3b\" data-element_type=\"widget\" data-e-type=\"widget\" data-widget_type=\"heading.default\">\n\t\t\t\t<div class=\"elementor-widget-container\">\n\t\t\t\t\t<h1 class=\"elementor-heading-title elementor-size-default\">General:<\/h1>\t\t\t\t<\/div>\n\t\t\t\t<\/div>\n\t\t\t\t<div class=\"elementor-element elementor-element-41d12cf9 elementor-widget elementor-widget-text-editor\" data-id=\"41d12cf9\" data-element_type=\"widget\" data-e-type=\"widget\" data-widget_type=\"text-editor.default\">\n\t\t\t\t<div class=\"elementor-widget-container\">\n\t\t\t\t\t\t\t\t\t<ul><li>Agapornisii, cunoscu\u021bi \u0219i ca \u201epapagalii iubirii\u201d, sunt celebri pentru leg\u0103turile puternice de cuplu. Odat\u0103 ce \u00ee\u0219i aleg un partener, r\u0103m\u00e2n \u00eempreun\u0103 toat\u0103 via\u021ba, petrec\u00e2nd timp \u00eembr\u0103\u021bi\u0219\u00e2ndu-se \u0219i ciugulindu-se reciproc.<\/li><li>Sunt p\u0103s\u0103ri extrem de sociale, iar \u00een lipsa unui partener, pot dezvolta ata\u0219amente puternice fa\u021b\u0103 de oameni sau chiar de alte p\u0103s\u0103ri.<\/li><li>Agapornis roseicollis este una dintre cele mai populare specii de agapornis \u00een captivitate datorit\u0103 culorilor vii \u0219i a temperamentului juc\u0103u\u0219.<\/li><li>Prezint\u0103 un penaj frumos, cu nuan\u021be de verde aprins, pieptul \u0219i obrajii \u00een roz-somon, iar aripile \u0219i coada \u00een nuan\u021be de albastru \u0219i verde \u00eenchis.<\/li><li>Sunt p\u0103s\u0103ri foarte active \u0219i curioase, av\u00e2nd nevoie de mult\u0103 stimulare mental\u0103 \u0219i juc\u0103rii pentru a nu dezvolta comportamente distructive.<\/li><li>Au o capacitate vocal\u0103 destul de ridicat\u0103, sco\u021b\u00e2nd sunete scurte, dar stridente, mai ales c\u00e2nd sunt entuziasma\u021bi sau vor aten\u021bie.<\/li><li>Se pot antrena pentru a \u00eenv\u0103\u021ba trucuri simple, cum ar fi s\u0103 vin\u0103 la apel sau s\u0103 apuce obiecte mici cu ciocul.<\/li><li>Sunt exper\u021bi \u00een evad\u0103ri! Dac\u0103 au o colivie cu o u\u0219i\u021b\u0103 slab securizat\u0103, vor g\u0103si o modalitate de a sc\u0103pa.<\/li><li>Sunt pasiona\u021bi de distrugerea h\u00e2rtiei \u2013 le place s\u0103 rup\u0103 buc\u0103\u021bi de ziar \u0219i s\u0103 le ascund\u0103 \u00een pene sau s\u0103 le foloseasc\u0103 pentru cuiburi.<\/li><li>\u00ce\u0219i recunosc numele \u0219i pot fi \u00eenv\u0103\u021ba\u021bi s\u0103 vin\u0103 c\u00e2nd sunt striga\u021bi.<\/li><li>\u00ce\u0219i manifest\u0103 afec\u021biunea prin ciugulirea bl\u00e2nd\u0103 a st\u0103p\u00e2nului sau a partenerului lor.<\/li><li>Le place s\u0103 fac\u0103 du\u0219, fie sub un pulverizator cu ap\u0103, fie juc\u00e2ndu-se \u00eentr-un castronel cu ap\u0103.<\/li><li>Sunt foarte gelo\u0219i \u2013 dac\u0103 au un partener uman preferat, pot deveni posesivi \u0219i \u201eataca\u201d pe oricine \u00eencearc\u0103 s\u0103 se apropie de acesta<\/li><\/ul>\t\t\t\t\t\t\t\t<\/div>\n\t\t\t\t<\/div>\n\t\t\t\t\t<\/div>\n\t\t\t\t<\/div>\n\t\t<div class=\"elementor-element elementor-element-4e299b33 e-flex e-con-boxed e-con e-parent\" data-id=\"4e299b33\" data-element_type=\"container\" data-e-type=\"container\">\n\t\t\t\t\t<div class=\"e-con-inner\">\n\t\t\t\t<div class=\"elementor-element elementor-element-4189dcfa elementor-widget elementor-widget-gallery\" data-id=\"4189dcfa\" data-element_type=\"widget\" data-e-type=\"widget\" data-settings=\"{&quot;columns&quot;:2,&quot;lazyload&quot;:&quot;yes&quot;,&quot;gallery_layout&quot;:&quot;grid&quot;,&quot;columns_tablet&quot;:2,&quot;columns_mobile&quot;:1,&quot;gap&quot;:{&quot;unit&quot;:&quot;px&quot;,&quot;size&quot;:10,&quot;sizes&quot;:[]},&quot;gap_tablet&quot;:{&quot;unit&quot;:&quot;px&quot;,&quot;size&quot;:10,&quot;sizes&quot;:[]},&quot;gap_mobile&quot;:{&quot;unit&quot;:&quot;px&quot;,&quot;size&quot;:10,&quot;sizes&quot;:[]},&quot;link_to&quot;:&quot;file&quot;,&quot;aspect_ratio&quot;:&quot;3:2&quot;,&quot;overlay_background&quot;:&quot;yes&quot;,&quot;content_hover_animation&quot;:&quot;fade-in&quot;}\" data-widget_type=\"gallery.default\">\n\t\t\t\t<div class=\"elementor-widget-container\">\n\t\t\t\t\t\t\t<div class=\"elementor-gallery__container\">\n\t\t\t\t\t\t\t<a class=\"e-gallery-item elementor-gallery-item elementor-animated-content\" href=\"https:\/\/bucurestizoo.ro\/wp-content\/uploads\/2025\/03\/Papagal-Agapornis-dt_3-Large.jpeg\" data-elementor-open-lightbox=\"yes\" data-elementor-lightbox-slideshow=\"4189dcfa\" data-elementor-lightbox-title=\"Papagal Agapornis dt_3 Large\" data-e-action-hash=\"#elementor-action%3Aaction%3Dlightbox%26settings%3DeyJpZCI6MTQ0MzEsInVybCI6Imh0dHBzOlwvXC9idWN1cmVzdGl6b28ucm9cL3dwLWNvbnRlbnRcL3VwbG9hZHNcLzIwMjVcLzAzXC9QYXBhZ2FsLUFnYXBvcm5pcy1kdF8zLUxhcmdlLmpwZWciLCJzbGlkZXNob3ciOiI0MTg5ZGNmYSJ9\">\n\t\t\t\t\t<div class=\"e-gallery-image elementor-gallery-item__image\" data-thumbnail=\"https:\/\/bucurestizoo.ro\/wp-content\/uploads\/2025\/03\/Papagal-Agapornis-dt_3-Large-1024x731.jpeg\" data-width=\"847\" data-height=\"605\" aria-label=\"\" role=\"img\" ><\/div>\n\t\t\t\t\t\t\t\t\t\t\t<div class=\"elementor-gallery-item__overlay\"><\/div>\n\t\t\t\t\t\t\t\t\t\t\t\t\t\t<\/a>\n\t\t\t\t\t\t\t<a class=\"e-gallery-item elementor-gallery-item elementor-animated-content\" href=\"https:\/\/bucurestizoo.ro\/wp-content\/uploads\/2025\/03\/Papagal-Agapornis-dt_2-Large.jpeg\" data-elementor-open-lightbox=\"yes\" data-elementor-lightbox-slideshow=\"4189dcfa\" data-elementor-lightbox-title=\"Papagal Agapornis dt_2 Large\" data-e-action-hash=\"#elementor-action%3Aaction%3Dlightbox%26settings%3DeyJpZCI6MTQ0MzAsInVybCI6Imh0dHBzOlwvXC9idWN1cmVzdGl6b28ucm9cL3dwLWNvbnRlbnRcL3VwbG9hZHNcLzIwMjVcLzAzXC9QYXBhZ2FsLUFnYXBvcm5pcy1kdF8yLUxhcmdlLmpwZWciLCJzbGlkZXNob3ciOiI0MTg5ZGNmYSJ9\">\n\t\t\t\t\t<div class=\"e-gallery-image elementor-gallery-item__image\" data-thumbnail=\"https:\/\/bucurestizoo.ro\/wp-content\/uploads\/2025\/03\/Papagal-Agapornis-dt_2-Large-1024x696.jpeg\" data-width=\"847\" data-height=\"576\" aria-label=\"\" role=\"img\" ><\/div>\n\t\t\t\t\t\t\t\t\t\t\t<div class=\"elementor-gallery-item__overlay\"><\/div>\n\t\t\t\t\t\t\t\t\t\t\t\t\t\t<\/a>\n\t\t\t\t\t<\/div>\n\t\t\t\t\t<\/div>\n\t\t\t\t<\/div>\n\t\t\t\t\t<\/div>\n\t\t\t\t<\/div>\n\t\t<div class=\"elementor-element elementor-element-454720d1 animated-slow e-flex e-con-boxed elementor-invisible e-con e-parent\" data-id=\"454720d1\" data-element_type=\"container\" data-e-type=\"container\" data-settings=\"{&quot;animation&quot;:&quot;fadeInRight&quot;}\">\n\t\t\t\t\t<div class=\"e-con-inner\">\n\t\t\t\t<div class=\"elementor-element elementor-element-2d2f7475 elementor-widget elementor-widget-heading\" data-id=\"2d2f7475\" data-element_type=\"widget\" data-e-type=\"widget\" data-widget_type=\"heading.default\">\n\t\t\t\t<div class=\"elementor-widget-container\">\n\t\t\t\t\t<h1 class=\"elementor-heading-title elementor-size-default\">Habitat:<\/h1>\t\t\t\t<\/div>\n\t\t\t\t<\/div>\n\t\t\t\t<div class=\"elementor-element elementor-element-70259760 elementor-widget elementor-widget-text-editor\" data-id=\"70259760\" data-element_type=\"widget\" data-e-type=\"widget\" data-widget_type=\"text-editor.default\">\n\t\t\t\t<div class=\"elementor-widget-container\">\n\t\t\t\t\t\t\t\t\t<ul><li>\u00cen s\u0103lb\u0103ticie, tr\u0103iesc \u00een zone uscate \u0219i semi-aride, cum ar fi savanele \u0219i marginile de\u0219ertului, \u00een apropierea surselor de ap\u0103.<\/li><li>Se g\u0103sesc frecvent \u00een grupuri mici sau perechi, form\u00e2nd stoluri mai mari \u00een timpul sezonului secetos.<\/li><li>\u00ce\u0219i construiesc cuiburile \u00een cr\u0103p\u0103turile st\u00e2ncilor, scorburile copacilor sau chiar \u00een cuiburile abandonate ale altor p\u0103s\u0103ri, cum ar fi \u021bestoasele p\u0103s\u0103rilor \u021bestoase (Coracias garrulus).<\/li><li>\u00cen captivitate, au nevoie de colivii spa\u021bioase, cu multe elemente de joac\u0103 \u0219i locuri unde s\u0103 se poat\u0103 c\u0103\u021b\u0103ra.<\/li><\/ul>\t\t\t\t\t\t\t\t<\/div>\n\t\t\t\t<\/div>\n\t\t\t\t\t<\/div>\n\t\t\t\t<\/div>\n\t\t<div class=\"elementor-element elementor-element-581e550d e-grid e-con-boxed e-con e-parent\" data-id=\"581e550d\" data-element_type=\"container\" data-e-type=\"container\">\n\t\t\t\t\t<div class=\"e-con-inner\">\n\t\t<div class=\"elementor-element elementor-element-45932acc e-con-full animated-slow e-flex elementor-invisible e-con e-child\" data-id=\"45932acc\" data-element_type=\"container\" data-e-type=\"container\" data-settings=\"{&quot;animation&quot;:&quot;fadeInLeft&quot;}\">\n\t\t\t\t<div class=\"elementor-element elementor-element-25682032 elementor-widget elementor-widget-heading\" data-id=\"25682032\" data-element_type=\"widget\" data-e-type=\"widget\" data-widget_type=\"heading.default\">\n\t\t\t\t<div class=\"elementor-widget-container\">\n\t\t\t\t\t<h1 class=\"elementor-heading-title elementor-size-default\">Hran\u0103:<\/h1>\t\t\t\t<\/div>\n\t\t\t\t<\/div>\n\t\t\t\t<div class=\"elementor-element elementor-element-2105002f elementor-widget elementor-widget-text-editor\" data-id=\"2105002f\" data-element_type=\"widget\" data-e-type=\"widget\" data-widget_type=\"text-editor.default\">\n\t\t\t\t<div class=\"elementor-widget-container\">\n\t\t\t\t\t\t\t\t\t<p>Sunt ierbivori, av\u00e2nd o diet\u0103 bazat\u0103 pe semin\u021be, fructe \u0219i legume.<\/p><p>\u00a0\u00cen s\u0103lb\u0103ticie, se hr\u0103nesc cu semin\u021be de ierburi, fructe de cactus, muguri \u0219i chiar flori.<\/p><p>\u00a0\u00cen captivitate, trebuie s\u0103 aib\u0103 o diet\u0103 echilibrat\u0103 care s\u0103 includ\u0103:<\/p><ul><li>M\u00e2ncare special\u0103 pentru papagali (amestec de semin\u021be \u0219i pelete)<\/li><li>Legume proaspete (spanac, morcovi, broccoli, ardei gras)<\/li><li>Fructe (mere, pere, papaya, fructe de p\u0103dure)<\/li><li>Surse de calciu (os de sepie, coaj\u0103 de ou m\u0103cinat\u0103)<\/li><\/ul><p>\u00a0Trebuie evitate ciocolata, avocado, cafeaua \u0219i ceapa, deoarece sunt toxice pentru ei.<\/p>\t\t\t\t\t\t\t\t<\/div>\n\t\t\t\t<\/div>\n\t\t\t\t<\/div>\n\t\t<div class=\"elementor-element elementor-element-7e2eec13 e-con-full animated-slow e-flex elementor-invisible e-con e-child\" data-id=\"7e2eec13\" data-element_type=\"container\" data-e-type=\"container\" data-settings=\"{&quot;animation&quot;:&quot;fadeInRight&quot;}\">\n\t\t\t\t<div class=\"elementor-element elementor-element-32f2ec7f elementor-widget elementor-widget-heading\" data-id=\"32f2ec7f\" data-element_type=\"widget\" data-e-type=\"widget\" data-widget_type=\"heading.default\">\n\t\t\t\t<div class=\"elementor-widget-container\">\n\t\t\t\t\t<h1 class=\"elementor-heading-title elementor-size-default\">Conservare:<\/h1>\t\t\t\t<\/div>\n\t\t\t\t<\/div>\n\t\t\t\t<div class=\"elementor-element elementor-element-7df93eaa elementor-widget elementor-widget-text-editor\" data-id=\"7df93eaa\" data-element_type=\"widget\" data-e-type=\"widget\" data-widget_type=\"text-editor.default\">\n\t\t\t\t<div class=\"elementor-widget-container\">\n\t\t\t\t\t\t\t\t\t<ul><li>Agapornis roseicollis nu este considerat o specie amenin\u021bat\u0103, av\u00e2nd o popula\u021bie stabil\u0103 \u00een s\u0103lb\u0103ticie.<\/li><li>\u00cen unele regiuni, popula\u021biile s\u0103lbatice au fost afectate de pierderea habitatului \u0219i de comer\u021bul ilegal cu p\u0103s\u0103ri exotice.<\/li><li>\u00cen captivitate, sunt crescu\u021bi pe scar\u0103 larg\u0103 \u0219i exist\u0103 numeroase variet\u0103\u021bi de culoare ob\u021binute prin selec\u021bie artificial\u0103 (albino, lutino, albastru, galben etc.).<\/li><li>Organiza\u021biile de protec\u021bie a animalelor promoveaz\u0103 cump\u0103rarea responsabil\u0103 \u0219i evitarea abandonului acestor p\u0103s\u0103ri \u00een natur\u0103.<\/li><\/ul>\t\t\t\t\t\t\t\t<\/div>\n\t\t\t\t<\/div>\n\t\t\t\t<\/div>\n\t\t\t\t\t<\/div>\n\t\t\t\t<\/div>\n\t\t\t\t<\/div>","protected":false},"excerpt":{"rendered":"<p>Papagal Agapornis Denumire \u0219tiin\u021bific\u0103: Agapornis roseicollisOrdin: PsittaciformesFamilie: PsittaculidaeGen: AgapornisSpecie: A. roseicollisDistribu\u021bia pe glob: Originar din Africa de Sud-Vest, \u00een special Angola, Namibia, Botswana \u0219i Africa de Sud. Tr\u0103ie\u0219te \u00een zone semi-aride precum savanele \u0219i regiunile de\u0219ertice cu vegeta\u021bie. A fost introdus \u00een diverse zone ca pas\u0103re de colivie \u0219i exist\u0103 popula\u021bii s\u0103lbatice \u00een unele regiuni &hellip; <a href=\"https:\/\/bucurestizoo.ro\/en\/papagal-agapornis\/\" class=\"more-link\">Continue reading <span class=\"screen-reader-text\">Papagal Agapornis<\/span><\/a><\/p>","protected":false},"author":1,"featured_media":0,"parent":0,"menu_order":0,"comment_status":"closed","ping_status":"closed","template":"","meta":{"_monsterinsights_skip_tracking":false,"_monsterinsights_sitenote_active":false,"_monsterinsights_sitenote_note":"","_monsterinsights_sitenote_category":0,"footnotes":""},"class_list":["post-14433","page","type-page","status-publish","hentry"],"aioseo_notices":[],"_links":{"self":[{"href":"https:\/\/bucurestizoo.ro\/en\/wp-json\/wp\/v2\/pages\/14433","targetHints":{"allow":["GET"]}}],"collection":[{"href":"https:\/\/bucurestizoo.ro\/en\/wp-json\/wp\/v2\/pages"}],"about":[{"href":"https:\/\/bucurestizoo.ro\/en\/wp-json\/wp\/v2\/types\/page"}],"author":[{"embeddable":true,"href":"https:\/\/bucurestizoo.ro\/en\/wp-json\/wp\/v2\/users\/1"}],"replies":[{"embeddable":true,"href":"https:\/\/bucurestizoo.ro\/en\/wp-json\/wp\/v2\/comments?post=14433"}],"version-history":[{"count":4,"href":"https:\/\/bucurestizoo.ro\/en\/wp-json\/wp\/v2\/pages\/14433\/revisions"}],"predecessor-version":[{"id":14438,"href":"https:\/\/bucurestizoo.ro\/en\/wp-json\/wp\/v2\/pages\/14433\/revisions\/14438"}],"wp:attachment":[{"href":"https:\/\/bucurestizoo.ro\/en\/wp-json\/wp\/v2\/media?parent=14433"}],"curies":[{"name":"wp","href":"https:\/\/api.w.org\/{rel}","templated":true}]}}