{"id":14423,"date":"2025-03-31T06:39:52","date_gmt":"2025-03-31T04:39:52","guid":{"rendered":"https:\/\/n1.bucurestizoo.ro\/?page_id=14423"},"modified":"2025-03-31T06:48:00","modified_gmt":"2025-03-31T04:48:00","slug":"melci-de-acvariu","status":"publish","type":"page","link":"https:\/\/bucurestizoo.ro\/en\/melci-de-acvariu\/","title":{"rendered":"Melci de Acvariu"},"content":{"rendered":"<div data-elementor-type=\"wp-page\" data-elementor-id=\"14423\" class=\"elementor elementor-14423\" data-elementor-post-type=\"page\">\n\t\t\t\t<div class=\"elementor-element elementor-element-31caff87 e-flex e-con-boxed e-con e-parent\" data-id=\"31caff87\" data-element_type=\"container\" data-e-type=\"container\" data-settings=\"{&quot;background_background&quot;:&quot;classic&quot;}\">\n\t\t\t\t\t<div class=\"e-con-inner\">\n\t\t<div class=\"elementor-element elementor-element-5b7add7 e-con-full e-flex e-con e-child\" data-id=\"5b7add7\" data-element_type=\"container\" data-e-type=\"container\">\n\t\t<div class=\"elementor-element elementor-element-28ce1446 e-con-full animated-slow e-flex elementor-invisible e-con e-child\" data-id=\"28ce1446\" data-element_type=\"container\" data-e-type=\"container\" data-settings=\"{&quot;animation&quot;:&quot;fadeInLeft&quot;}\">\n\t\t\t\t<div class=\"elementor-element elementor-element-519f4d98 elementor-widget elementor-widget-heading\" data-id=\"519f4d98\" data-element_type=\"widget\" data-e-type=\"widget\" data-widget_type=\"heading.default\">\n\t\t\t\t<div class=\"elementor-widget-container\">\n\t\t\t\t\t<h1 class=\"elementor-heading-title elementor-size-default\">Melci de Acvariu<\/h1>\t\t\t\t<\/div>\n\t\t\t\t<\/div>\n\t\t\t\t<div class=\"elementor-element elementor-element-55778e6f elementor-widget elementor-widget-text-editor\" data-id=\"55778e6f\" data-element_type=\"widget\" data-e-type=\"widget\" data-widget_type=\"text-editor.default\">\n\t\t\t\t<div class=\"elementor-widget-container\">\n\t\t\t\t\t\t\t\t\t<p><strong data-start=\"0\" data-end=\"25\">Denumire \u0219tiin\u021bific\u0103:<\/strong> Pomacea spp.<br data-start=\"38\" data-end=\"41\" data-is-only-node=\"\" \/><strong data-start=\"41\" data-end=\"51\">Ordin:<\/strong> Architaenioglossa<br data-start=\"69\" data-end=\"72\" \/><strong data-start=\"72\" data-end=\"84\">Familie:<\/strong> Ampullariidae<br data-start=\"98\" data-end=\"101\" \/><strong data-start=\"101\" data-end=\"109\">Gen:<\/strong> Pomacea<br data-start=\"117\" data-end=\"120\" \/><strong data-start=\"120\" data-end=\"131\">Specie:<\/strong> Exist\u0103 mai multe specii, cele mai populare fiind <em data-start=\"181\" data-end=\"203\">Pomacea canaliculata<\/em> (melcul m\u0103r auriu), <em data-start=\"224\" data-end=\"243\">Pomacea bridgesii<\/em> (melcul misterios) \u0219i <em data-start=\"266\" data-end=\"283\">Pomacea diffusa<\/em><br data-start=\"283\" data-end=\"286\" \/><strong data-start=\"286\" data-end=\"310\">Distribu\u021bia pe glob:<\/strong> Originari din America de Sud \u0219i Central\u0103 (r\u00e2uri, lacuri, mla\u0219tini); r\u0103sp\u00e2ndi\u021bi \u0219i \u00een Asia, Europa, America de Nord din cauza comer\u021bului cu acvarii; considera\u021bi invazivi \u00een unele regiuni<br data-start=\"496\" data-end=\"499\" \/><strong data-start=\"499\" data-end=\"514\">Dimensiuni:<\/strong> Diametrul cochiliei: 3\u201310 cm; Lungimea corpului: p\u00e2n\u0103 la 7\u20138 cm<br data-start=\"578\" data-end=\"581\" \/><strong data-start=\"581\" data-end=\"594\">Greutate:<\/strong> 10\u201350 g, \u00een func\u021bie de specie \u0219i diet\u0103<br data-start=\"633\" data-end=\"636\" \/><strong data-start=\"636\" data-end=\"671\">Perioada de incuba\u021bie\/gesta\u021bie:<\/strong> Ou\u0103 depuse aerian, incuba\u021bia dureaz\u0103 7\u201321 zile (\u00een func\u021bie de temperatur\u0103 \u0219i umiditate)<br data-start=\"759\" data-end=\"762\" \/><strong data-start=\"762\" data-end=\"779\">Num\u0103r de pui:<\/strong> 50\u2013500 ou\u0103 per pont\u0103<br data-start=\"800\" data-end=\"803\" \/><strong data-start=\"803\" data-end=\"825\">Speran\u021b\u0103 de via\u021b\u0103:<\/strong> 1\u20133 ani \u00een acvariu, mai mult \u00een condi\u021bii ideale<\/p>\t\t\t\t\t\t\t\t<\/div>\n\t\t\t\t<\/div>\n\t\t\t\t<\/div>\n\t\t\t\t<div class=\"elementor-element elementor-element-62ecc282 elementor-widget-tablet__width-inherit animated-slow elementor-invisible elementor-widget elementor-widget-image\" data-id=\"62ecc282\" data-element_type=\"widget\" data-e-type=\"widget\" data-settings=\"{&quot;_animation&quot;:&quot;fadeInRight&quot;}\" data-widget_type=\"image.default\">\n\t\t\t\t<div class=\"elementor-widget-container\">\n\t\t\t\t\t\t\t\t\t\t\t\t\t\t\t<img fetchpriority=\"high\" decoding=\"async\" width=\"847\" height=\"563\" src=\"https:\/\/bucurestizoo.ro\/wp-content\/uploads\/2025\/03\/melci-de-acvariu-dt_3-Large-1024x681.jpeg\" class=\"attachment-large size-large wp-image-14421\" alt=\"\" srcset=\"https:\/\/bucurestizoo.ro\/wp-content\/uploads\/2025\/03\/melci-de-acvariu-dt_3-Large-1024x681.jpeg 1024w, https:\/\/bucurestizoo.ro\/wp-content\/uploads\/2025\/03\/melci-de-acvariu-dt_3-Large-300x199.jpeg 300w, https:\/\/bucurestizoo.ro\/wp-content\/uploads\/2025\/03\/melci-de-acvariu-dt_3-Large-768x511.jpeg 768w, https:\/\/bucurestizoo.ro\/wp-content\/uploads\/2025\/03\/melci-de-acvariu-dt_3-Large-451x300.jpeg 451w, https:\/\/bucurestizoo.ro\/wp-content\/uploads\/2025\/03\/melci-de-acvariu-dt_3-Large-650x432.jpeg 650w, https:\/\/bucurestizoo.ro\/wp-content\/uploads\/2025\/03\/melci-de-acvariu-dt_3-Large.jpeg 1280w\" sizes=\"(max-width: 847px) 100vw, 847px\" data-id=\"14421\" \/>\t\t\t\t\t\t\t\t\t\t\t\t\t\t\t<\/div>\n\t\t\t\t<\/div>\n\t\t\t\t<\/div>\n\t\t\t\t\t<\/div>\n\t\t\t\t<\/div>\n\t\t<div class=\"elementor-element elementor-element-6888a201 animated-slow e-flex e-con-boxed elementor-invisible e-con e-parent\" data-id=\"6888a201\" data-element_type=\"container\" data-e-type=\"container\" data-settings=\"{&quot;animation&quot;:&quot;fadeInLeft&quot;}\">\n\t\t\t\t\t<div class=\"e-con-inner\">\n\t\t\t\t<div class=\"elementor-element elementor-element-44e2852a elementor-widget elementor-widget-heading\" data-id=\"44e2852a\" data-element_type=\"widget\" data-e-type=\"widget\" data-widget_type=\"heading.default\">\n\t\t\t\t<div class=\"elementor-widget-container\">\n\t\t\t\t\t<h1 class=\"elementor-heading-title elementor-size-default\">General:<\/h1>\t\t\t\t<\/div>\n\t\t\t\t<\/div>\n\t\t\t\t<div class=\"elementor-element elementor-element-3f33cfe4 elementor-widget elementor-widget-text-editor\" data-id=\"3f33cfe4\" data-element_type=\"widget\" data-e-type=\"widget\" data-widget_type=\"text-editor.default\">\n\t\t\t\t<div class=\"elementor-widget-container\">\n\t\t\t\t\t\t\t\t\t<ul><li>Melcii din genul Pomacea sunt populari \u00een acvarii datorit\u0103 aspectului lor interesant, dar \u0219i datorit\u0103 rolului lor de \u201ccur\u0103\u021b\u0103tori\u201d ai acvariilor, consum\u00e2nd alge \u0219i resturi organice.<\/li><li>Au un opercul (capac) dur, care le permite s\u0103 se \u00eenchid\u0103 \u00een cochilie \u0219i s\u0103 supravie\u021buiasc\u0103 \u00een perioade de secet\u0103 sau \u00een condi\u021bii dure.<\/li><li>Cochilia lor poate avea diferite culori: galben, maro, verde, alb, albastru sau chiar roz, \u00een func\u021bie de specie \u0219i de genetic\u0103.<\/li><li>Melcii sunt hermafrodi\u021bi \u00een unele specii, dar la Pomacea spp. exist\u0103 masculi \u0219i femele separate, necesit\u00e2nd \u00eemperechere pentru reproducere.<\/li><li>Pot respira at\u00e2t sub ap\u0103, c\u00e2t \u0219i la suprafa\u021b\u0103, av\u00e2nd un sifon specializat prin care extrag oxigen din aer.<\/li><li>Sunt foarte rezisten\u021bi \u0219i pot supravie\u021bui \u00een condi\u021bii dificile, inclusiv \u00een ape cu con\u021binut sc\u0103zut de oxigen.<\/li><li>Se pot regenera, ref\u0103c\u00e2nd p\u0103r\u021bi ale cochiliei deteriorate sau chiar o parte din picior, dac\u0103 este r\u0103nit.<\/li><li>Sunt foarte activi noaptea, prefer\u00e2nd s\u0103 caute hran\u0103 dup\u0103 l\u0103sarea \u00eentunericului.<\/li><li>Pot \u201calerga\u201d pe ap\u0103, folosindu-se de bule de aer pentru a pluti la suprafa\u021b\u0103 \u0219i a se deplasa rapid.<\/li><li>C\u00e2nd sunt speria\u021bi, se retrag complet \u00een cochilie \u0219i \u00eenchid operculul, p\u0103r\u00e2nd complet inactivi timp de ore sau zile.<\/li><li>Uneori pot fi foarte rapizi, contrar a\u0219tept\u0103rilor, deplas\u00e2ndu-se activ prin acvariu \u00een c\u0103utare de hran\u0103.<\/li><li>\u00ce\u0219i folosesc sifonul lung ca un snorkel, ie\u0219ind din ap\u0103 pentru a respira aer atmosferic.<\/li><li>Dac\u0103 sunt \u021binu\u021bi \u00een grup, pot colabora, form\u00e2nd mici \u201cechipe\u201d pentru a \u00eempinge buc\u0103\u021bi de hran\u0103 mai mari c\u0103tre locuri mai accesibile.<\/li><li>Pot \u00eenv\u0103\u021ba s\u0103 recunoasc\u0103 rutina de hr\u0103nire \u0219i s\u0103 se adune la suprafa\u021b\u0103 atunci c\u00e2nd proprietarul se apropie de acvariu.<\/li><\/ul>\t\t\t\t\t\t\t\t<\/div>\n\t\t\t\t<\/div>\n\t\t\t\t\t<\/div>\n\t\t\t\t<\/div>\n\t\t<div class=\"elementor-element elementor-element-7fd87a9e e-flex e-con-boxed e-con e-parent\" data-id=\"7fd87a9e\" data-element_type=\"container\" data-e-type=\"container\">\n\t\t\t\t\t<div class=\"e-con-inner\">\n\t\t\t\t<div class=\"elementor-element elementor-element-613fc6c9 elementor-widget elementor-widget-gallery\" data-id=\"613fc6c9\" data-element_type=\"widget\" data-e-type=\"widget\" data-settings=\"{&quot;columns&quot;:2,&quot;lazyload&quot;:&quot;yes&quot;,&quot;gallery_layout&quot;:&quot;grid&quot;,&quot;columns_tablet&quot;:2,&quot;columns_mobile&quot;:1,&quot;gap&quot;:{&quot;unit&quot;:&quot;px&quot;,&quot;size&quot;:10,&quot;sizes&quot;:[]},&quot;gap_tablet&quot;:{&quot;unit&quot;:&quot;px&quot;,&quot;size&quot;:10,&quot;sizes&quot;:[]},&quot;gap_mobile&quot;:{&quot;unit&quot;:&quot;px&quot;,&quot;size&quot;:10,&quot;sizes&quot;:[]},&quot;link_to&quot;:&quot;file&quot;,&quot;aspect_ratio&quot;:&quot;3:2&quot;,&quot;overlay_background&quot;:&quot;yes&quot;,&quot;content_hover_animation&quot;:&quot;fade-in&quot;}\" data-widget_type=\"gallery.default\">\n\t\t\t\t<div class=\"elementor-widget-container\">\n\t\t\t\t\t\t\t<div class=\"elementor-gallery__container\">\n\t\t\t\t\t\t\t<a class=\"e-gallery-item elementor-gallery-item elementor-animated-content\" href=\"https:\/\/bucurestizoo.ro\/wp-content\/uploads\/2025\/03\/melci-de-acvariu-dt_1-Large.jpeg\" data-elementor-open-lightbox=\"yes\" data-elementor-lightbox-slideshow=\"613fc6c9\" data-elementor-lightbox-title=\"melci de acvariu dt_1 Large\" data-e-action-hash=\"#elementor-action%3Aaction%3Dlightbox%26settings%3DeyJpZCI6MTQ0MjIsInVybCI6Imh0dHBzOlwvXC9idWN1cmVzdGl6b28ucm9cL3dwLWNvbnRlbnRcL3VwbG9hZHNcLzIwMjVcLzAzXC9tZWxjaS1kZS1hY3Zhcml1LWR0XzEtTGFyZ2UuanBlZyIsInNsaWRlc2hvdyI6IjYxM2ZjNmM5In0%3D\">\n\t\t\t\t\t<div class=\"e-gallery-image elementor-gallery-item__image\" data-thumbnail=\"https:\/\/bucurestizoo.ro\/wp-content\/uploads\/2025\/03\/melci-de-acvariu-dt_1-Large-1024x682.jpeg\" data-width=\"847\" data-height=\"564\" aria-label=\"\" role=\"img\" ><\/div>\n\t\t\t\t\t\t\t\t\t\t\t<div class=\"elementor-gallery-item__overlay\"><\/div>\n\t\t\t\t\t\t\t\t\t\t\t\t\t\t<\/a>\n\t\t\t\t\t\t\t<a class=\"e-gallery-item elementor-gallery-item elementor-animated-content\" href=\"https:\/\/bucurestizoo.ro\/wp-content\/uploads\/2025\/03\/melci-de-acvariu-dt_2-Large.jpeg\" data-elementor-open-lightbox=\"yes\" data-elementor-lightbox-slideshow=\"613fc6c9\" data-elementor-lightbox-title=\"melci de acvariu dt_2 Large\" data-e-action-hash=\"#elementor-action%3Aaction%3Dlightbox%26settings%3DeyJpZCI6MTQ0MjAsInVybCI6Imh0dHBzOlwvXC9idWN1cmVzdGl6b28ucm9cL3dwLWNvbnRlbnRcL3VwbG9hZHNcLzIwMjVcLzAzXC9tZWxjaS1kZS1hY3Zhcml1LWR0XzItTGFyZ2UuanBlZyIsInNsaWRlc2hvdyI6IjYxM2ZjNmM5In0%3D\">\n\t\t\t\t\t<div class=\"e-gallery-image elementor-gallery-item__image\" data-thumbnail=\"https:\/\/bucurestizoo.ro\/wp-content\/uploads\/2025\/03\/melci-de-acvariu-dt_2-Large-731x1024.jpeg\" data-width=\"731\" data-height=\"1024\" aria-label=\"\" role=\"img\" ><\/div>\n\t\t\t\t\t\t\t\t\t\t\t<div class=\"elementor-gallery-item__overlay\"><\/div>\n\t\t\t\t\t\t\t\t\t\t\t\t\t\t<\/a>\n\t\t\t\t\t<\/div>\n\t\t\t\t\t<\/div>\n\t\t\t\t<\/div>\n\t\t\t\t\t<\/div>\n\t\t\t\t<\/div>\n\t\t<div class=\"elementor-element elementor-element-5e121fa1 animated-slow e-flex e-con-boxed elementor-invisible e-con e-parent\" data-id=\"5e121fa1\" data-element_type=\"container\" data-e-type=\"container\" data-settings=\"{&quot;animation&quot;:&quot;fadeInRight&quot;}\">\n\t\t\t\t\t<div class=\"e-con-inner\">\n\t\t\t\t<div class=\"elementor-element elementor-element-3d567518 elementor-widget elementor-widget-heading\" data-id=\"3d567518\" data-element_type=\"widget\" data-e-type=\"widget\" data-widget_type=\"heading.default\">\n\t\t\t\t<div class=\"elementor-widget-container\">\n\t\t\t\t\t<h1 class=\"elementor-heading-title elementor-size-default\">Habitat:<\/h1>\t\t\t\t<\/div>\n\t\t\t\t<\/div>\n\t\t\t\t<div class=\"elementor-element elementor-element-1929fbb3 elementor-widget elementor-widget-text-editor\" data-id=\"1929fbb3\" data-element_type=\"widget\" data-e-type=\"widget\" data-widget_type=\"text-editor.default\">\n\t\t\t\t<div class=\"elementor-widget-container\">\n\t\t\t\t\t\t\t\t\t<ul><li>Tr\u0103iesc \u00een ape dulci, cum ar fi r\u00e2urile, lacurile, mla\u0219tinile \u0219i canalele de iriga\u021bie.<\/li><li>Prefer\u0103 ape calde (\u00eentre 18 \u0219i 28\u00b0C) \u0219i cu pH neutru spre alcalin.<\/li><li>\u00cen s\u0103lb\u0103ticie, sunt adapta\u021bi la varia\u021bii sezoniere \u0219i pot intra \u00een hibernare \u00een noroi \u00een timpul secetelor.<\/li><li>\u00cen acvarii, sunt men\u021binu\u021bi \u00een acvarii bine oxigenate, unde sunt folosi\u021bi pentru a men\u021bine echilibrul biologic prin consumul de alge \u0219i resturi organice.<\/li><\/ul>\t\t\t\t\t\t\t\t<\/div>\n\t\t\t\t<\/div>\n\t\t\t\t\t<\/div>\n\t\t\t\t<\/div>\n\t\t<div class=\"elementor-element elementor-element-14d5cf8f e-grid e-con-boxed e-con e-parent\" data-id=\"14d5cf8f\" data-element_type=\"container\" data-e-type=\"container\">\n\t\t\t\t\t<div class=\"e-con-inner\">\n\t\t<div class=\"elementor-element elementor-element-418c43f3 e-con-full animated-slow e-flex elementor-invisible e-con e-child\" data-id=\"418c43f3\" data-element_type=\"container\" data-e-type=\"container\" data-settings=\"{&quot;animation&quot;:&quot;fadeInLeft&quot;}\">\n\t\t\t\t<div class=\"elementor-element elementor-element-676b27bc elementor-widget elementor-widget-heading\" data-id=\"676b27bc\" data-element_type=\"widget\" data-e-type=\"widget\" data-widget_type=\"heading.default\">\n\t\t\t\t<div class=\"elementor-widget-container\">\n\t\t\t\t\t<h1 class=\"elementor-heading-title elementor-size-default\">Hran\u0103:<\/h1>\t\t\t\t<\/div>\n\t\t\t\t<\/div>\n\t\t\t\t<div class=\"elementor-element elementor-element-5536f841 elementor-widget elementor-widget-text-editor\" data-id=\"5536f841\" data-element_type=\"widget\" data-e-type=\"widget\" data-widget_type=\"text-editor.default\">\n\t\t\t\t<div class=\"elementor-widget-container\">\n\t\t\t\t\t\t\t\t\t<p>Sunt omnivori, consum\u00e2nd o varietate de alimente:<\/p><ul><li>Alge \u0219i plante acvatice<\/li><li>Resturi de pe\u0219te sau m\u00e2ncare de pe\u0219ti<\/li><li>Fructe \u0219i legume (castravete, dovlecel, spanac, morcovi)<\/li><li>Materie organic\u0103 \u00een descompunere<\/li><\/ul><p>\u00a0\u00cen natur\u0103, pot consuma ou\u0103 de amfibieni \u0219i insecte moarte, av\u00e2nd un rol important \u00een ecosistem. \u00cen acvariu, este important s\u0103 fie hr\u0103ni\u021bi suplimentar pentru a preveni distrugerea plantelor decorative.<\/p>\t\t\t\t\t\t\t\t<\/div>\n\t\t\t\t<\/div>\n\t\t\t\t<\/div>\n\t\t<div class=\"elementor-element elementor-element-c93b2fe e-con-full animated-slow e-flex elementor-invisible e-con e-child\" data-id=\"c93b2fe\" data-element_type=\"container\" data-e-type=\"container\" data-settings=\"{&quot;animation&quot;:&quot;fadeInRight&quot;}\">\n\t\t\t\t<div class=\"elementor-element elementor-element-3990a226 elementor-widget elementor-widget-heading\" data-id=\"3990a226\" data-element_type=\"widget\" data-e-type=\"widget\" data-widget_type=\"heading.default\">\n\t\t\t\t<div class=\"elementor-widget-container\">\n\t\t\t\t\t<h1 class=\"elementor-heading-title elementor-size-default\">Conservare:<\/h1>\t\t\t\t<\/div>\n\t\t\t\t<\/div>\n\t\t\t\t<div class=\"elementor-element elementor-element-676155e4 elementor-widget elementor-widget-text-editor\" data-id=\"676155e4\" data-element_type=\"widget\" data-e-type=\"widget\" data-widget_type=\"text-editor.default\">\n\t\t\t\t<div class=\"elementor-widget-container\">\n\t\t\t\t\t\t\t\t\t<ul><li>Unele specii, precum Pomacea canaliculata, sunt considerate d\u0103un\u0103tori agricoli, \u00een special \u00een Asia, unde au afectat culturile de orez.<\/li><li>\u00cen unele zone, sunt v\u00e2na\u021bi \u0219i consuma\u021bi de oameni, fiind considera\u021bi o delicates\u0103.<\/li><li>Importul \u0219i comercializarea lor sunt reglementate \u00een anumite \u021b\u0103ri, pentru a preveni r\u0103sp\u00e2ndirea necontrolat\u0103.<\/li><li>\u00cen acvarii, este important s\u0103 nu fie elibera\u021bi \u00een natur\u0103, deoarece pot deveni specii invazive \u0219i pot perturba ecosistemele locale.<\/li><\/ul>\t\t\t\t\t\t\t\t<\/div>\n\t\t\t\t<\/div>\n\t\t\t\t<\/div>\n\t\t\t\t\t<\/div>\n\t\t\t\t<\/div>\n\t\t\t\t<\/div>","protected":false},"excerpt":{"rendered":"<p>Melci de Acvariu Denumire \u0219tiin\u021bific\u0103: Pomacea spp.Ordin: ArchitaenioglossaFamilie: AmpullariidaeGen: PomaceaSpecie: Exist\u0103 mai multe specii, cele mai populare fiind Pomacea canaliculata (melcul m\u0103r auriu), Pomacea bridgesii (melcul misterios) \u0219i Pomacea diffusaDistribu\u021bia pe glob: Originari din America de Sud \u0219i Central\u0103 (r\u00e2uri, lacuri, mla\u0219tini); r\u0103sp\u00e2ndi\u021bi \u0219i \u00een Asia, Europa, America de Nord din cauza comer\u021bului cu acvarii; &hellip; <a href=\"https:\/\/bucurestizoo.ro\/en\/melci-de-acvariu\/\" class=\"more-link\">Continue reading <span class=\"screen-reader-text\">Melci de Acvariu<\/span><\/a><\/p>","protected":false},"author":1,"featured_media":0,"parent":0,"menu_order":0,"comment_status":"closed","ping_status":"closed","template":"","meta":{"_monsterinsights_skip_tracking":false,"_monsterinsights_sitenote_active":false,"_monsterinsights_sitenote_note":"","_monsterinsights_sitenote_category":0,"footnotes":""},"class_list":["post-14423","page","type-page","status-publish","hentry"],"aioseo_notices":[],"_links":{"self":[{"href":"https:\/\/bucurestizoo.ro\/en\/wp-json\/wp\/v2\/pages\/14423","targetHints":{"allow":["GET"]}}],"collection":[{"href":"https:\/\/bucurestizoo.ro\/en\/wp-json\/wp\/v2\/pages"}],"about":[{"href":"https:\/\/bucurestizoo.ro\/en\/wp-json\/wp\/v2\/types\/page"}],"author":[{"embeddable":true,"href":"https:\/\/bucurestizoo.ro\/en\/wp-json\/wp\/v2\/users\/1"}],"replies":[{"embeddable":true,"href":"https:\/\/bucurestizoo.ro\/en\/wp-json\/wp\/v2\/comments?post=14423"}],"version-history":[{"count":4,"href":"https:\/\/bucurestizoo.ro\/en\/wp-json\/wp\/v2\/pages\/14423\/revisions"}],"predecessor-version":[{"id":14429,"href":"https:\/\/bucurestizoo.ro\/en\/wp-json\/wp\/v2\/pages\/14423\/revisions\/14429"}],"wp:attachment":[{"href":"https:\/\/bucurestizoo.ro\/en\/wp-json\/wp\/v2\/media?parent=14423"}],"curies":[{"name":"wp","href":"https:\/\/api.w.org\/{rel}","templated":true}]}}