{"id":14409,"date":"2025-03-31T06:23:35","date_gmt":"2025-03-31T04:23:35","guid":{"rendered":"https:\/\/n1.bucurestizoo.ro\/?page_id=14409"},"modified":"2025-03-31T06:29:08","modified_gmt":"2025-03-31T04:29:08","slug":"gainusa-de-balta","status":"publish","type":"page","link":"https:\/\/bucurestizoo.ro\/en\/gainusa-de-balta\/","title":{"rendered":"G\u0103inu\u0219a de balt\u0103"},"content":{"rendered":"<div data-elementor-type=\"wp-page\" data-elementor-id=\"14409\" class=\"elementor elementor-14409\" data-elementor-post-type=\"page\">\n\t\t\t\t<div class=\"elementor-element elementor-element-7f270e0b e-flex e-con-boxed e-con e-parent\" data-id=\"7f270e0b\" data-element_type=\"container\" data-e-type=\"container\" data-settings=\"{&quot;background_background&quot;:&quot;classic&quot;}\">\n\t\t\t\t\t<div class=\"e-con-inner\">\n\t\t<div class=\"elementor-element elementor-element-7ca9ff4e e-con-full e-flex e-con e-child\" data-id=\"7ca9ff4e\" data-element_type=\"container\" data-e-type=\"container\">\n\t\t<div class=\"elementor-element elementor-element-4d3a63c1 e-con-full animated-slow e-flex elementor-invisible e-con e-child\" data-id=\"4d3a63c1\" data-element_type=\"container\" data-e-type=\"container\" data-settings=\"{&quot;animation&quot;:&quot;fadeInLeft&quot;}\">\n\t\t\t\t<div class=\"elementor-element elementor-element-1b48e59b elementor-widget elementor-widget-heading\" data-id=\"1b48e59b\" data-element_type=\"widget\" data-e-type=\"widget\" data-widget_type=\"heading.default\">\n\t\t\t\t<div class=\"elementor-widget-container\">\n\t\t\t\t\t<h1 class=\"elementor-heading-title elementor-size-default\">G\u0103inu\u0219a de Balt\u0103<\/h1>\t\t\t\t<\/div>\n\t\t\t\t<\/div>\n\t\t\t\t<div class=\"elementor-element elementor-element-36c5b9f2 elementor-widget elementor-widget-text-editor\" data-id=\"36c5b9f2\" data-element_type=\"widget\" data-e-type=\"widget\" data-widget_type=\"text-editor.default\">\n\t\t\t\t<div class=\"elementor-widget-container\">\n\t\t\t\t\t\t\t\t\t<ul><li>Denumire \u0219tiin\u021bific\u0103: Gallinula chloropus<\/li><li>Ordin: Gruiformes<\/li><li>Familie: Rallidae<\/li><li>Gen: Gallinula<\/li><li>Specie: G. chloropus<\/li><li>Distribu\u021bia pe glob: G\u0103inu\u0219a de balt\u0103 este o pas\u0103re cosmopolit\u0103, g\u0103sindu-se pe toate continentele, cu excep\u021bia Antarcticii. Popula\u021biile cele mai mari sunt \u00een Europa, Asia, Africa \u0219i America de Nord, dar exist\u0103 \u0219i \u00een America de Sud \u0219i Australia. Prefer\u0103 zonele cu ape dulci \u0219i vegeta\u021bie deas\u0103, dar poate fi v\u0103zut\u0103 \u0219i \u00een habitate semiurbane, cum ar fi lacurile din parcuri.<\/li><li>Dimensiuni: lungime: 30 &#8211; 38 cm, anvergura aripilor: 50 &#8211; 55 cm \u0219i \u00een\u0103l\u021bime: 15 &#8211; 20 cm<\/li><li>Greutate: 250 &#8211; 500 g, masculii fiind u\u0219or mai mari dec\u00e2t femelele.<\/li><li>Perioada de incuba\u021bie: 19 &#8211; 22 zile<\/li><li>Num\u0103r de pui: Depune 5 &#8211; 10 ou\u0103 per pont\u0103.<\/li><li>Speran\u021ba de via\u021b\u0103: 6 &#8211; 10 ani \u00een s\u0103lb\u0103ticie \u0219i p\u00e2n\u0103 la 15 ani \u00een captivitate<\/li><\/ul>\t\t\t\t\t\t\t\t<\/div>\n\t\t\t\t<\/div>\n\t\t\t\t<\/div>\n\t\t\t\t<div class=\"elementor-element elementor-element-1511eb5b elementor-widget-tablet__width-inherit animated-slow elementor-invisible elementor-widget elementor-widget-image\" data-id=\"1511eb5b\" data-element_type=\"widget\" data-e-type=\"widget\" data-settings=\"{&quot;_animation&quot;:&quot;fadeInRight&quot;}\" data-widget_type=\"image.default\">\n\t\t\t\t<div class=\"elementor-widget-container\">\n\t\t\t\t\t\t\t\t\t\t\t\t\t\t\t<img fetchpriority=\"high\" decoding=\"async\" width=\"847\" height=\"635\" src=\"https:\/\/bucurestizoo.ro\/wp-content\/uploads\/2025\/03\/Gainusa-de-balta-dt_1-Large-1-1024x768.jpeg\" class=\"attachment-large size-large wp-image-14416\" alt=\"\" srcset=\"https:\/\/bucurestizoo.ro\/wp-content\/uploads\/2025\/03\/Gainusa-de-balta-dt_1-Large-1-1024x768.jpeg 1024w, https:\/\/bucurestizoo.ro\/wp-content\/uploads\/2025\/03\/Gainusa-de-balta-dt_1-Large-1-300x225.jpeg 300w, https:\/\/bucurestizoo.ro\/wp-content\/uploads\/2025\/03\/Gainusa-de-balta-dt_1-Large-1-768x576.jpeg 768w, https:\/\/bucurestizoo.ro\/wp-content\/uploads\/2025\/03\/Gainusa-de-balta-dt_1-Large-1-400x300.jpeg 400w, https:\/\/bucurestizoo.ro\/wp-content\/uploads\/2025\/03\/Gainusa-de-balta-dt_1-Large-1-650x488.jpeg 650w, https:\/\/bucurestizoo.ro\/wp-content\/uploads\/2025\/03\/Gainusa-de-balta-dt_1-Large-1.jpeg 1280w\" sizes=\"(max-width: 847px) 100vw, 847px\" data-id=\"14416\" \/>\t\t\t\t\t\t\t\t\t\t\t\t\t\t\t<\/div>\n\t\t\t\t<\/div>\n\t\t\t\t<\/div>\n\t\t\t\t\t<\/div>\n\t\t\t\t<\/div>\n\t\t<div class=\"elementor-element elementor-element-3a0995b4 animated-slow e-flex e-con-boxed elementor-invisible e-con e-parent\" data-id=\"3a0995b4\" data-element_type=\"container\" data-e-type=\"container\" data-settings=\"{&quot;animation&quot;:&quot;fadeInLeft&quot;}\">\n\t\t\t\t\t<div class=\"e-con-inner\">\n\t\t\t\t<div class=\"elementor-element elementor-element-4cc92ae5 elementor-widget elementor-widget-heading\" data-id=\"4cc92ae5\" data-element_type=\"widget\" data-e-type=\"widget\" data-widget_type=\"heading.default\">\n\t\t\t\t<div class=\"elementor-widget-container\">\n\t\t\t\t\t<h1 class=\"elementor-heading-title elementor-size-default\">General:<\/h1>\t\t\t\t<\/div>\n\t\t\t\t<\/div>\n\t\t\t\t<div class=\"elementor-element elementor-element-6e0709e7 elementor-widget elementor-widget-text-editor\" data-id=\"6e0709e7\" data-element_type=\"widget\" data-e-type=\"widget\" data-widget_type=\"text-editor.default\">\n\t\t\t\t<div class=\"elementor-widget-container\">\n\t\t\t\t\t\t\t\t\t<ul><li>G\u0103inu\u0219a de balt\u0103 este o pas\u0103re semiacvatic\u0103 extrem de adaptabil\u0103, fiind una dintre cele mai r\u0103sp\u00e2ndite p\u0103s\u0103ri de ap\u0103 din lume.<\/li><li>Are un corp negru-cenu\u0219iu, cu picioare lungi de culoare galben-verzuie, \u0219i un cioc ro\u0219u intens cu v\u00e2rful galben.<\/li><li>Este excelent\u0103 \u00eenot\u0103toare, de\u0219i nu are picioare palmate ca ra\u021bele, ci degete lungi, care \u00eei permit s\u0103 se deplaseze cu u\u0219urin\u021b\u0103 prin vegeta\u021bia acvatic\u0103.<\/li><li>Este teritorial\u0103 \u0219i agresiv\u0103, mai ales \u00een sezonul de reproducere, c\u00e2nd \u00ee\u0219i ap\u0103r\u0103 cuibul \u00eempotriva intru\u0219ilor.<\/li><li>O caracteristic\u0103 unic\u0103 este obiceiul de a cl\u0103tina coada \u00een mod constant, mi\u0219care care o face u\u0219or de recunoscut.<\/li><li>Sunetul s\u0103u este un p\u00e2s\u00e2it scurt \u0219i puternic, asem\u0103n\u0103tor cu un r\u00e2s batjocoritor.<\/li><li>Este activ\u0103 \u00een principal diminea\u021ba \u0219i seara, evit\u00e2nd orele de c\u0103ldur\u0103 intens\u0103.<\/li><li>\u00cen timpul iernii, formeaz\u0103 grupuri mici, dar \u00een sezonul de reproducere devine foarte teritorial\u0103.<\/li><li>Poate alerga pe suprafa\u021ba apei datorit\u0103 b\u0103t\u0103ilor rapide ale aripilor \u0219i a for\u021bei picioarelor.<\/li><li>De\u0219i seam\u0103n\u0103 cu o ra\u021b\u0103, este mai apropiat\u0103 de cocori \u0219i st\u00e2rci.<\/li><li>Este una dintre pu\u021binele p\u0103s\u0103ri care pot alerga pe ap\u0103, datorit\u0103 picioarelor sale lungi \u0219i viguroase.<\/li><li>\u00cen unele \u021b\u0103ri, este cunoscut\u0103 sub numele de \u201cg\u0103ina de ap\u0103\u201d, datorit\u0103 modului \u00een care \u00ee\u0219i mi\u0219c\u0103 capul \u00een timp ce merge.<\/li><li>Puii de g\u0103inu\u0219\u0103 de balt\u0103 au pene pufoase \u0219i negre, iar capul lor pare mai mare dec\u00e2t corpul.<\/li><li>\u00ce\u0219i ascunde puii sub aripi, oferindu-le ad\u0103post \u0219i c\u0103ldur\u0103 \u00een primele zile de via\u021b\u0103.<\/li><li>Este o pas\u0103re foarte curioas\u0103, apropiindu-se uneori de oameni pentru a c\u0103uta m\u00e2ncare.<\/li><\/ul>\t\t\t\t\t\t\t\t<\/div>\n\t\t\t\t<\/div>\n\t\t\t\t\t<\/div>\n\t\t\t\t<\/div>\n\t\t<div class=\"elementor-element elementor-element-217582b4 e-flex e-con-boxed e-con e-parent\" data-id=\"217582b4\" data-element_type=\"container\" data-e-type=\"container\">\n\t\t\t\t\t<div class=\"e-con-inner\">\n\t\t\t\t<div class=\"elementor-element elementor-element-2f2066c5 elementor-widget elementor-widget-gallery\" data-id=\"2f2066c5\" data-element_type=\"widget\" data-e-type=\"widget\" data-settings=\"{&quot;columns&quot;:3,&quot;lazyload&quot;:&quot;yes&quot;,&quot;gallery_layout&quot;:&quot;grid&quot;,&quot;columns_tablet&quot;:2,&quot;columns_mobile&quot;:1,&quot;gap&quot;:{&quot;unit&quot;:&quot;px&quot;,&quot;size&quot;:10,&quot;sizes&quot;:[]},&quot;gap_tablet&quot;:{&quot;unit&quot;:&quot;px&quot;,&quot;size&quot;:10,&quot;sizes&quot;:[]},&quot;gap_mobile&quot;:{&quot;unit&quot;:&quot;px&quot;,&quot;size&quot;:10,&quot;sizes&quot;:[]},&quot;link_to&quot;:&quot;file&quot;,&quot;aspect_ratio&quot;:&quot;3:2&quot;,&quot;overlay_background&quot;:&quot;yes&quot;,&quot;content_hover_animation&quot;:&quot;fade-in&quot;}\" data-widget_type=\"gallery.default\">\n\t\t\t\t<div class=\"elementor-widget-container\">\n\t\t\t\t\t\t\t<div class=\"elementor-gallery__container\">\n\t\t\t\t\t\t\t<a class=\"e-gallery-item elementor-gallery-item elementor-animated-content\" href=\"https:\/\/bucurestizoo.ro\/wp-content\/uploads\/2025\/03\/Gainusa-de-balta-dt_2-Large-1.jpeg\" data-elementor-open-lightbox=\"yes\" data-elementor-lightbox-slideshow=\"2f2066c5\" data-elementor-lightbox-title=\"Ga\u0306inus\u0326a de balta\u0306 dt_2 Large\" data-e-action-hash=\"#elementor-action%3Aaction%3Dlightbox%26settings%3DeyJpZCI6MTQ0MTMsInVybCI6Imh0dHBzOlwvXC9idWN1cmVzdGl6b28ucm9cL3dwLWNvbnRlbnRcL3VwbG9hZHNcLzIwMjVcLzAzXC9HYWludXNhLWRlLWJhbHRhLWR0XzItTGFyZ2UtMS5qcGVnIiwic2xpZGVzaG93IjoiMmYyMDY2YzUifQ%3D%3D\">\n\t\t\t\t\t<div class=\"e-gallery-image elementor-gallery-item__image\" data-thumbnail=\"https:\/\/bucurestizoo.ro\/wp-content\/uploads\/2025\/03\/Gainusa-de-balta-dt_2-Large-1-1024x768.jpeg\" data-width=\"847\" data-height=\"635\" aria-label=\"\" role=\"img\" ><\/div>\n\t\t\t\t\t\t\t\t\t\t\t<div class=\"elementor-gallery-item__overlay\"><\/div>\n\t\t\t\t\t\t\t\t\t\t\t\t\t\t<\/a>\n\t\t\t\t\t\t\t<a class=\"e-gallery-item elementor-gallery-item elementor-animated-content\" href=\"https:\/\/bucurestizoo.ro\/wp-content\/uploads\/2025\/03\/Gainusa-de-balta-dt_4-Large-1.jpeg\" data-elementor-open-lightbox=\"yes\" data-elementor-lightbox-slideshow=\"2f2066c5\" data-elementor-lightbox-title=\"Ga\u0306inus\u0326a de balta\u0306 dt_4 Large\" data-e-action-hash=\"#elementor-action%3Aaction%3Dlightbox%26settings%3DeyJpZCI6MTQ0MTUsInVybCI6Imh0dHBzOlwvXC9idWN1cmVzdGl6b28ucm9cL3dwLWNvbnRlbnRcL3VwbG9hZHNcLzIwMjVcLzAzXC9HYWludXNhLWRlLWJhbHRhLWR0XzQtTGFyZ2UtMS5qcGVnIiwic2xpZGVzaG93IjoiMmYyMDY2YzUifQ%3D%3D\">\n\t\t\t\t\t<div class=\"e-gallery-image elementor-gallery-item__image\" data-thumbnail=\"https:\/\/bucurestizoo.ro\/wp-content\/uploads\/2025\/03\/Gainusa-de-balta-dt_4-Large-1-1024x819.jpeg\" data-width=\"847\" data-height=\"677\" aria-label=\"\" role=\"img\" ><\/div>\n\t\t\t\t\t\t\t\t\t\t\t<div class=\"elementor-gallery-item__overlay\"><\/div>\n\t\t\t\t\t\t\t\t\t\t\t\t\t\t<\/a>\n\t\t\t\t\t\t\t<a class=\"e-gallery-item elementor-gallery-item elementor-animated-content\" href=\"https:\/\/bucurestizoo.ro\/wp-content\/uploads\/2025\/03\/Gainusa-de-balta-dt_3-Large-1.jpeg\" data-elementor-open-lightbox=\"yes\" data-elementor-lightbox-slideshow=\"2f2066c5\" data-elementor-lightbox-title=\"Ga\u0306inus\u0326a de balta\u0306 dt_3 Large\" data-e-action-hash=\"#elementor-action%3Aaction%3Dlightbox%26settings%3DeyJpZCI6MTQ0MTQsInVybCI6Imh0dHBzOlwvXC9idWN1cmVzdGl6b28ucm9cL3dwLWNvbnRlbnRcL3VwbG9hZHNcLzIwMjVcLzAzXC9HYWludXNhLWRlLWJhbHRhLWR0XzMtTGFyZ2UtMS5qcGVnIiwic2xpZGVzaG93IjoiMmYyMDY2YzUifQ%3D%3D\">\n\t\t\t\t\t<div class=\"e-gallery-image elementor-gallery-item__image\" data-thumbnail=\"https:\/\/bucurestizoo.ro\/wp-content\/uploads\/2025\/03\/Gainusa-de-balta-dt_3-Large-1-1024x682.jpeg\" data-width=\"847\" data-height=\"564\" aria-label=\"\" role=\"img\" ><\/div>\n\t\t\t\t\t\t\t\t\t\t\t<div class=\"elementor-gallery-item__overlay\"><\/div>\n\t\t\t\t\t\t\t\t\t\t\t\t\t\t<\/a>\n\t\t\t\t\t<\/div>\n\t\t\t\t\t<\/div>\n\t\t\t\t<\/div>\n\t\t\t\t\t<\/div>\n\t\t\t\t<\/div>\n\t\t<div class=\"elementor-element elementor-element-2cd100b1 animated-slow e-flex e-con-boxed elementor-invisible e-con e-parent\" data-id=\"2cd100b1\" data-element_type=\"container\" data-e-type=\"container\" data-settings=\"{&quot;animation&quot;:&quot;fadeInRight&quot;}\">\n\t\t\t\t\t<div class=\"e-con-inner\">\n\t\t\t\t<div class=\"elementor-element elementor-element-2e1427ab elementor-widget elementor-widget-heading\" data-id=\"2e1427ab\" data-element_type=\"widget\" data-e-type=\"widget\" data-widget_type=\"heading.default\">\n\t\t\t\t<div class=\"elementor-widget-container\">\n\t\t\t\t\t<h1 class=\"elementor-heading-title elementor-size-default\">Habitat:<\/h1>\t\t\t\t<\/div>\n\t\t\t\t<\/div>\n\t\t\t\t<div class=\"elementor-element elementor-element-73929f27 elementor-widget elementor-widget-text-editor\" data-id=\"73929f27\" data-element_type=\"widget\" data-e-type=\"widget\" data-widget_type=\"text-editor.default\">\n\t\t\t\t<div class=\"elementor-widget-container\">\n\t\t\t\t\t\t\t\t\t<ul><li>Tr\u0103ie\u0219te \u00een lacuri, iazuri, mla\u0219tini, r\u00e2uri \u0219i canale de iriga\u021bie, prefer\u00e2nd zonele cu ap\u0103 st\u0103t\u0103toare sau cu curgere lent\u0103.<\/li><li>Necesit\u0103 vegeta\u021bie deas\u0103 pentru a-\u0219i ascunde cuiburile \u0219i a se proteja de pr\u0103d\u0103tori.<\/li><li>Se poate adapta la habitate artificiale, cum ar fi lacul din gr\u0103dinile publice sau bazinele de reten\u021bie a apei.<\/li><li>\u00cen unele regiuni, tr\u0103ie\u0219te chiar \u0219i \u00een zone semi-aride, folosind rezervele de ap\u0103 temporare.<\/li><\/ul>\t\t\t\t\t\t\t\t<\/div>\n\t\t\t\t<\/div>\n\t\t\t\t\t<\/div>\n\t\t\t\t<\/div>\n\t\t<div class=\"elementor-element elementor-element-64d60c6b e-grid e-con-boxed e-con e-parent\" data-id=\"64d60c6b\" data-element_type=\"container\" data-e-type=\"container\">\n\t\t\t\t\t<div class=\"e-con-inner\">\n\t\t<div class=\"elementor-element elementor-element-ffa2e23 e-con-full animated-slow e-flex elementor-invisible e-con e-child\" data-id=\"ffa2e23\" data-element_type=\"container\" data-e-type=\"container\" data-settings=\"{&quot;animation&quot;:&quot;fadeInLeft&quot;}\">\n\t\t\t\t<div class=\"elementor-element elementor-element-36a0c6ec elementor-widget elementor-widget-heading\" data-id=\"36a0c6ec\" data-element_type=\"widget\" data-e-type=\"widget\" data-widget_type=\"heading.default\">\n\t\t\t\t<div class=\"elementor-widget-container\">\n\t\t\t\t\t<h1 class=\"elementor-heading-title elementor-size-default\">Hran\u0103:<\/h1>\t\t\t\t<\/div>\n\t\t\t\t<\/div>\n\t\t\t\t<div class=\"elementor-element elementor-element-482dc6db elementor-widget elementor-widget-text-editor\" data-id=\"482dc6db\" data-element_type=\"widget\" data-e-type=\"widget\" data-widget_type=\"text-editor.default\">\n\t\t\t\t<div class=\"elementor-widget-container\">\n\t\t\t\t\t\t\t\t\t<p>Este omnivor\u0103, av\u00e2nd o diet\u0103 variat\u0103 ce include:<\/p><ul><li>Plante acvatice \u0219i semin\u021be<\/li><li>Insecte \u0219i nevertebrate (r\u00e2me, melci, larve de \u021b\u00e2n\u021bari)<\/li><li>Pe\u0219ti mici \u0219i amfibieni<\/li><li>Fructe \u0219i alge<\/li><\/ul><p>Folose\u0219te tehnici interesante pentru a se hr\u0103ni, cum ar fi ag\u0103\u021barea de stuf pentru a ajunge la hran\u0103 sau scufundarea par\u021bial\u0103 pentru a culege plante subacvatice.<\/p>\t\t\t\t\t\t\t\t<\/div>\n\t\t\t\t<\/div>\n\t\t\t\t<\/div>\n\t\t<div class=\"elementor-element elementor-element-c26ed28 e-con-full animated-slow e-flex elementor-invisible e-con e-child\" data-id=\"c26ed28\" data-element_type=\"container\" data-e-type=\"container\" data-settings=\"{&quot;animation&quot;:&quot;fadeInRight&quot;}\">\n\t\t\t\t<div class=\"elementor-element elementor-element-6dea421f elementor-widget elementor-widget-heading\" data-id=\"6dea421f\" data-element_type=\"widget\" data-e-type=\"widget\" data-widget_type=\"heading.default\">\n\t\t\t\t<div class=\"elementor-widget-container\">\n\t\t\t\t\t<h1 class=\"elementor-heading-title elementor-size-default\">Conservare:<\/h1>\t\t\t\t<\/div>\n\t\t\t\t<\/div>\n\t\t\t\t<div class=\"elementor-element elementor-element-850c9fb elementor-widget elementor-widget-text-editor\" data-id=\"850c9fb\" data-element_type=\"widget\" data-e-type=\"widget\" data-widget_type=\"text-editor.default\">\n\t\t\t\t<div class=\"elementor-widget-container\">\n\t\t\t\t\t\t\t\t\t<p>\u00a0Nu este considerat\u0103 specie periclitat\u0103, av\u00e2nd o popula\u021bie numeroas\u0103 \u0219i bine distribuit\u0103.<\/p><p>\u00a0Amenin\u021b\u0103rile principale sunt:<\/p><ul><li>Distrugerea habitatelor umede prin drenare \u0219i poluare.<\/li><li>Pescuitul excesiv, care reduce sursele de hran\u0103.<\/li><li>V\u00e2n\u0103toarea ilegal\u0103, \u00een unele regiuni unde este consumat\u0103 ca hran\u0103.<\/li><\/ul><p>\u00cen multe \u021b\u0103ri, este protejat\u0103 prin legisla\u021bie, iar popula\u021biile sunt monitorizate pentru a preveni sc\u0103deri drastice.<\/p>\t\t\t\t\t\t\t\t<\/div>\n\t\t\t\t<\/div>\n\t\t\t\t<\/div>\n\t\t\t\t\t<\/div>\n\t\t\t\t<\/div>\n\t\t\t\t<\/div>","protected":false},"excerpt":{"rendered":"<p>G\u0103inu\u0219a de Balt\u0103 Denumire \u0219tiin\u021bific\u0103: Gallinula chloropus Ordin: Gruiformes Familie: Rallidae Gen: Gallinula Specie: G. chloropus Distribu\u021bia pe glob: G\u0103inu\u0219a de balt\u0103 este o pas\u0103re cosmopolit\u0103, g\u0103sindu-se pe toate continentele, cu excep\u021bia Antarcticii. Popula\u021biile cele mai mari sunt \u00een Europa, Asia, Africa \u0219i America de Nord, dar exist\u0103 \u0219i \u00een America de Sud \u0219i Australia. &hellip; <a href=\"https:\/\/bucurestizoo.ro\/en\/gainusa-de-balta\/\" class=\"more-link\">Continue reading <span class=\"screen-reader-text\">G\u0103inu\u0219a de balt\u0103<\/span><\/a><\/p>","protected":false},"author":1,"featured_media":0,"parent":0,"menu_order":0,"comment_status":"closed","ping_status":"closed","template":"","meta":{"_monsterinsights_skip_tracking":false,"_monsterinsights_sitenote_active":false,"_monsterinsights_sitenote_note":"","_monsterinsights_sitenote_category":0,"footnotes":""},"class_list":["post-14409","page","type-page","status-publish","hentry"],"aioseo_notices":[],"_links":{"self":[{"href":"https:\/\/bucurestizoo.ro\/en\/wp-json\/wp\/v2\/pages\/14409","targetHints":{"allow":["GET"]}}],"collection":[{"href":"https:\/\/bucurestizoo.ro\/en\/wp-json\/wp\/v2\/pages"}],"about":[{"href":"https:\/\/bucurestizoo.ro\/en\/wp-json\/wp\/v2\/types\/page"}],"author":[{"embeddable":true,"href":"https:\/\/bucurestizoo.ro\/en\/wp-json\/wp\/v2\/users\/1"}],"replies":[{"embeddable":true,"href":"https:\/\/bucurestizoo.ro\/en\/wp-json\/wp\/v2\/comments?post=14409"}],"version-history":[{"count":4,"href":"https:\/\/bucurestizoo.ro\/en\/wp-json\/wp\/v2\/pages\/14409\/revisions"}],"predecessor-version":[{"id":14419,"href":"https:\/\/bucurestizoo.ro\/en\/wp-json\/wp\/v2\/pages\/14409\/revisions\/14419"}],"wp:attachment":[{"href":"https:\/\/bucurestizoo.ro\/en\/wp-json\/wp\/v2\/media?parent=14409"}],"curies":[{"name":"wp","href":"https:\/\/api.w.org\/{rel}","templated":true}]}}