{"id":14400,"date":"2025-03-31T06:12:44","date_gmt":"2025-03-31T04:12:44","guid":{"rendered":"https:\/\/n1.bucurestizoo.ro\/?page_id=14400"},"modified":"2025-03-31T06:16:35","modified_gmt":"2025-03-31T04:16:35","slug":"gasca-lebada","status":"publish","type":"page","link":"https:\/\/bucurestizoo.ro\/en\/gasca-lebada\/","title":{"rendered":"G\u00e2sca Leb\u0103d\u0103"},"content":{"rendered":"<div data-elementor-type=\"wp-page\" data-elementor-id=\"14400\" class=\"elementor elementor-14400\" data-elementor-post-type=\"page\">\n\t\t\t\t<div class=\"elementor-element elementor-element-36838f5a e-flex e-con-boxed e-con e-parent\" data-id=\"36838f5a\" data-element_type=\"container\" data-e-type=\"container\" data-settings=\"{&quot;background_background&quot;:&quot;classic&quot;}\">\n\t\t\t\t\t<div class=\"e-con-inner\">\n\t\t<div class=\"elementor-element elementor-element-793cc69c e-con-full e-flex e-con e-child\" data-id=\"793cc69c\" data-element_type=\"container\" data-e-type=\"container\">\n\t\t<div class=\"elementor-element elementor-element-f6f8ca7 e-con-full animated-slow e-flex elementor-invisible e-con e-child\" data-id=\"f6f8ca7\" data-element_type=\"container\" data-e-type=\"container\" data-settings=\"{&quot;animation&quot;:&quot;fadeInLeft&quot;}\">\n\t\t\t\t<div class=\"elementor-element elementor-element-408743e0 elementor-widget elementor-widget-heading\" data-id=\"408743e0\" data-element_type=\"widget\" data-e-type=\"widget\" data-widget_type=\"heading.default\">\n\t\t\t\t<div class=\"elementor-widget-container\">\n\t\t\t\t\t<h1 class=\"elementor-heading-title elementor-size-default\">G\u00e2sca Leb\u0103d\u0103<\/h1>\t\t\t\t<\/div>\n\t\t\t\t<\/div>\n\t\t\t\t<div class=\"elementor-element elementor-element-13576c80 elementor-widget elementor-widget-text-editor\" data-id=\"13576c80\" data-element_type=\"widget\" data-e-type=\"widget\" data-widget_type=\"text-editor.default\">\n\t\t\t\t<div class=\"elementor-widget-container\">\n\t\t\t\t\t\t\t\t\t<p><strong data-start=\"0\" data-end=\"25\">Denumire \u0219tiin\u021bific\u0103:<\/strong> Anser cygnoides<br data-start=\"41\" data-end=\"44\" data-is-only-node=\"\" \/><strong data-start=\"44\" data-end=\"54\">Ordin:<\/strong> Anseriformes<br data-start=\"67\" data-end=\"70\" \/><strong data-start=\"70\" data-end=\"82\">Familie:<\/strong> Anatidae<br data-start=\"91\" data-end=\"94\" \/><strong data-start=\"94\" data-end=\"102\">Gen:<\/strong> Anser<br data-start=\"108\" data-end=\"111\" \/><strong data-start=\"111\" data-end=\"122\">Specie:<\/strong> Anser cygnoides<br data-start=\"138\" data-end=\"141\" \/><strong data-start=\"141\" data-end=\"165\">Distribu\u021bia pe glob:<\/strong> Originar\u0103 din Asia de Est, cu popula\u021bii s\u0103lbatice \u00een Rusia, Mongolia, China \u0219i Coreea de Nord. Migreaz\u0103 spre sudul Chinei \u0219i sud-estul Asiei \u00een sezonul rece. A fost domesticit\u0103 \u0219i introdus\u0103 \u00een Europa \u0219i America de Nord, unde exist\u0103 popula\u021bii s\u0103lbatice hibride<br data-start=\"425\" data-end=\"428\" \/><strong data-start=\"428\" data-end=\"443\">Dimensiuni:<\/strong> Lungime: 81\u201394 cm; Anvergura aripilor: 160\u2013185 cm<br data-start=\"493\" data-end=\"496\" \/><strong data-start=\"496\" data-end=\"509\">Greutate:<\/strong> Mascul: 2,8\u20134 kg; Femela: 2,5\u20133,5 kg<br data-start=\"546\" data-end=\"549\" \/><strong data-start=\"549\" data-end=\"575\">Perioada de incuba\u021bie:<\/strong> 28\u201330 zile<br data-start=\"586\" data-end=\"589\" \/><strong data-start=\"589\" data-end=\"606\">Num\u0103r de pui:<\/strong> 5\u20138 ou\u0103 per pont\u0103<br data-start=\"624\" data-end=\"627\" \/><strong data-start=\"627\" data-end=\"649\">Speran\u021b\u0103 de via\u021b\u0103:<\/strong> \u00cen s\u0103lb\u0103ticie: 12\u201315 ani; \u00een captivitate: p\u00e2n\u0103 la 25 de ani<\/p>\t\t\t\t\t\t\t\t<\/div>\n\t\t\t\t<\/div>\n\t\t\t\t<\/div>\n\t\t\t\t<div class=\"elementor-element elementor-element-698b55e7 elementor-widget-tablet__width-inherit animated-slow elementor-invisible elementor-widget elementor-widget-image\" data-id=\"698b55e7\" data-element_type=\"widget\" data-e-type=\"widget\" data-settings=\"{&quot;_animation&quot;:&quot;fadeInRight&quot;}\" data-widget_type=\"image.default\">\n\t\t\t\t<div class=\"elementor-widget-container\">\n\t\t\t\t\t\t\t\t\t\t\t\t\t\t\t<img fetchpriority=\"high\" decoding=\"async\" width=\"847\" height=\"564\" src=\"https:\/\/bucurestizoo.ro\/wp-content\/uploads\/2025\/03\/Gasca-lebada-dt_1-Large-1024x682.jpeg\" class=\"attachment-large size-large wp-image-14396\" alt=\"\" srcset=\"https:\/\/bucurestizoo.ro\/wp-content\/uploads\/2025\/03\/Gasca-lebada-dt_1-Large-1024x682.jpeg 1024w, https:\/\/bucurestizoo.ro\/wp-content\/uploads\/2025\/03\/Gasca-lebada-dt_1-Large-300x200.jpeg 300w, https:\/\/bucurestizoo.ro\/wp-content\/uploads\/2025\/03\/Gasca-lebada-dt_1-Large-768x511.jpeg 768w, https:\/\/bucurestizoo.ro\/wp-content\/uploads\/2025\/03\/Gasca-lebada-dt_1-Large-451x300.jpeg 451w, https:\/\/bucurestizoo.ro\/wp-content\/uploads\/2025\/03\/Gasca-lebada-dt_1-Large-650x433.jpeg 650w, https:\/\/bucurestizoo.ro\/wp-content\/uploads\/2025\/03\/Gasca-lebada-dt_1-Large.jpeg 1280w\" sizes=\"(max-width: 847px) 100vw, 847px\" data-id=\"14396\" \/>\t\t\t\t\t\t\t\t\t\t\t\t\t\t\t<\/div>\n\t\t\t\t<\/div>\n\t\t\t\t<\/div>\n\t\t\t\t\t<\/div>\n\t\t\t\t<\/div>\n\t\t<div class=\"elementor-element elementor-element-7a0ff2fa animated-slow e-flex e-con-boxed elementor-invisible e-con e-parent\" data-id=\"7a0ff2fa\" data-element_type=\"container\" data-e-type=\"container\" data-settings=\"{&quot;animation&quot;:&quot;fadeInLeft&quot;}\">\n\t\t\t\t\t<div class=\"e-con-inner\">\n\t\t\t\t<div class=\"elementor-element elementor-element-386e6ce9 elementor-widget elementor-widget-heading\" data-id=\"386e6ce9\" data-element_type=\"widget\" data-e-type=\"widget\" data-widget_type=\"heading.default\">\n\t\t\t\t<div class=\"elementor-widget-container\">\n\t\t\t\t\t<h1 class=\"elementor-heading-title elementor-size-default\">General:<\/h1>\t\t\t\t<\/div>\n\t\t\t\t<\/div>\n\t\t\t\t<div class=\"elementor-element elementor-element-4e461431 elementor-widget elementor-widget-text-editor\" data-id=\"4e461431\" data-element_type=\"widget\" data-e-type=\"widget\" data-widget_type=\"text-editor.default\">\n\t\t\t\t<div class=\"elementor-widget-container\">\n\t\t\t\t\t\t\t\t\t<ul><li>G\u00e2sca leb\u0103d\u0103 este una dintre cele mai mari specii de g\u00e2\u0219te, av\u00e2nd un g\u00e2t lung \u0219i elegant, asem\u0103n\u0103tor cu cel al lebedelor, de unde \u0219i numele s\u0103u.<\/li><li>Se distinge prin capul mic, ciocul negru \u0219i puternic, \u0219i penajul gri-maroniu, cu o dung\u0103 alb\u0103 sub b\u0103rbie.<\/li><li>Este cea mai str\u00e2ns \u00eenrudit\u0103 cu g\u00e2\u0219tele domestice chineze\u0219ti, din care provin variet\u0103\u021bi precum g\u00e2sca chinez\u0103 cu cocoa\u0219\u0103.<\/li><li>Este o specie extrem de vocal\u0103, produc\u00e2nd sunete puternice, asem\u0103n\u0103toare cu o trompet\u0103.<\/li><li>Foarte inteligent\u0103 \u0219i sociabil\u0103, dezvolt\u0103 leg\u0103turi puternice cu partenerul \u0219i cu membrii stolului.<\/li><li>Prefer\u0103 s\u0103 tr\u0103iasc\u0103 \u00een perechi monogame, av\u00e2nd parteneri pe via\u021b\u0103.<\/li><li>De\u0219i este o g\u00e2sc\u0103 puternic\u0103, este vulnerabil\u0103 \u00een fa\u021ba pierderii habitatului \u0219i a v\u00e2n\u0103torii excesive.<\/li><li>\u00cen trecut, a fost un simbol important \u00een cultura asiatic\u0103, fiind reprezentat\u0103 \u00een picturi \u0219i art\u0103 ca un simbol al loialit\u0103\u021bii \u0219i dragostei.<\/li><li>Spre deosebire de alte g\u00e2\u0219te, poate zbura la \u00een\u0103l\u021bimi mari, fiind o migratoare puternic\u0103.<\/li><li>\u00cen unele regiuni, este numit\u0103 \u201cG\u00e2sca c\u00e2nt\u0103toare\u201d, datorit\u0103 sunetelor sale melodioase.<\/li><li>Este foarte inteligent\u0103 \u0219i sociabil\u0103, recunosc\u00e2ndu-\u0219i \u00eengrijitorii \u0219i interac\u021bion\u00e2nd cu ei.<\/li><li>G\u00e2tul s\u0103u lung \u00eei permite s\u0103 ajung\u0103 la hran\u0103 pe care alte g\u00e2\u0219te nu o pot atinge.<\/li><li>Unele popula\u021bii domestice au fost dresate pentru a p\u0103zi fermele, datorit\u0103 comportamentului lor alert \u0219i zgomotos.<\/li><\/ul>\t\t\t\t\t\t\t\t<\/div>\n\t\t\t\t<\/div>\n\t\t\t\t\t<\/div>\n\t\t\t\t<\/div>\n\t\t<div class=\"elementor-element elementor-element-60ec2275 e-flex e-con-boxed e-con e-parent\" data-id=\"60ec2275\" data-element_type=\"container\" data-e-type=\"container\">\n\t\t\t\t\t<div class=\"e-con-inner\">\n\t\t\t\t<div class=\"elementor-element elementor-element-25b61208 elementor-widget elementor-widget-gallery\" data-id=\"25b61208\" data-element_type=\"widget\" data-e-type=\"widget\" data-settings=\"{&quot;columns&quot;:2,&quot;lazyload&quot;:&quot;yes&quot;,&quot;gallery_layout&quot;:&quot;grid&quot;,&quot;columns_tablet&quot;:2,&quot;columns_mobile&quot;:1,&quot;gap&quot;:{&quot;unit&quot;:&quot;px&quot;,&quot;size&quot;:10,&quot;sizes&quot;:[]},&quot;gap_tablet&quot;:{&quot;unit&quot;:&quot;px&quot;,&quot;size&quot;:10,&quot;sizes&quot;:[]},&quot;gap_mobile&quot;:{&quot;unit&quot;:&quot;px&quot;,&quot;size&quot;:10,&quot;sizes&quot;:[]},&quot;link_to&quot;:&quot;file&quot;,&quot;aspect_ratio&quot;:&quot;3:2&quot;,&quot;overlay_background&quot;:&quot;yes&quot;,&quot;content_hover_animation&quot;:&quot;fade-in&quot;}\" data-widget_type=\"gallery.default\">\n\t\t\t\t<div class=\"elementor-widget-container\">\n\t\t\t\t\t\t\t<div class=\"elementor-gallery__container\">\n\t\t\t\t\t\t\t<a class=\"e-gallery-item elementor-gallery-item elementor-animated-content\" href=\"https:\/\/bucurestizoo.ro\/wp-content\/uploads\/2025\/03\/Gasca-lebada-dt_2-Large.jpeg\" data-elementor-open-lightbox=\"yes\" data-elementor-lightbox-slideshow=\"25b61208\" data-elementor-lightbox-title=\"Ga\u0302sca lebada dt_2 Large\" data-e-action-hash=\"#elementor-action%3Aaction%3Dlightbox%26settings%3DeyJpZCI6MTQzOTUsInVybCI6Imh0dHBzOlwvXC9idWN1cmVzdGl6b28ucm9cL3dwLWNvbnRlbnRcL3VwbG9hZHNcLzIwMjVcLzAzXC9HYXNjYS1sZWJhZGEtZHRfMi1MYXJnZS5qcGVnIiwic2xpZGVzaG93IjoiMjViNjEyMDgifQ%3D%3D\">\n\t\t\t\t\t<div class=\"e-gallery-image elementor-gallery-item__image\" data-thumbnail=\"https:\/\/bucurestizoo.ro\/wp-content\/uploads\/2025\/03\/Gasca-lebada-dt_2-Large-1024x682.jpeg\" data-width=\"847\" data-height=\"564\" aria-label=\"\" role=\"img\" ><\/div>\n\t\t\t\t\t\t\t\t\t\t\t<div class=\"elementor-gallery-item__overlay\"><\/div>\n\t\t\t\t\t\t\t\t\t\t\t\t\t\t<\/a>\n\t\t\t\t\t<\/div>\n\t\t\t\t\t<\/div>\n\t\t\t\t<\/div>\n\t\t\t\t\t<\/div>\n\t\t\t\t<\/div>\n\t\t<div class=\"elementor-element elementor-element-3c089be8 animated-slow e-flex e-con-boxed elementor-invisible e-con e-parent\" data-id=\"3c089be8\" data-element_type=\"container\" data-e-type=\"container\" data-settings=\"{&quot;animation&quot;:&quot;fadeInRight&quot;}\">\n\t\t\t\t\t<div class=\"e-con-inner\">\n\t\t\t\t<div class=\"elementor-element elementor-element-6b55b05a elementor-widget elementor-widget-heading\" data-id=\"6b55b05a\" data-element_type=\"widget\" data-e-type=\"widget\" data-widget_type=\"heading.default\">\n\t\t\t\t<div class=\"elementor-widget-container\">\n\t\t\t\t\t<h1 class=\"elementor-heading-title elementor-size-default\">Habitat:<\/h1>\t\t\t\t<\/div>\n\t\t\t\t<\/div>\n\t\t\t\t<div class=\"elementor-element elementor-element-22cd1001 elementor-widget elementor-widget-text-editor\" data-id=\"22cd1001\" data-element_type=\"widget\" data-e-type=\"widget\" data-widget_type=\"text-editor.default\">\n\t\t\t\t<div class=\"elementor-widget-container\">\n\t\t\t\t\t\t\t\t\t<ul><li>Tr\u0103ie\u0219te \u00een zonele umede din stepele \u0219i tundra Asiei, prefer\u00e2nd lacurile mari, r\u00e2urile \u0219i mla\u0219tinile.<\/li><li>\u00ce\u0219i construie\u0219te cuiburile pe malurile r\u00e2urilor \u0219i lacurilor, \u00een zone cu vegeta\u021bie deas\u0103.<\/li><li>Se adapteaz\u0103 rapid la habitatele artificiale, fiind des \u00eent\u00e2lnit\u0103 \u00een parcuri \u0219i lacuri din zonele urbane.<\/li><li>\u00cen perioada de migra\u021bie, se odihne\u0219te pe paji\u0219ti \u0219i terenuri agricole, unde se hr\u0103ne\u0219te intens.<\/li><\/ul>\t\t\t\t\t\t\t\t<\/div>\n\t\t\t\t<\/div>\n\t\t\t\t\t<\/div>\n\t\t\t\t<\/div>\n\t\t<div class=\"elementor-element elementor-element-26abbb0c e-grid e-con-boxed e-con e-parent\" data-id=\"26abbb0c\" data-element_type=\"container\" data-e-type=\"container\">\n\t\t\t\t\t<div class=\"e-con-inner\">\n\t\t<div class=\"elementor-element elementor-element-6248cb59 e-con-full animated-slow e-flex elementor-invisible e-con e-child\" data-id=\"6248cb59\" data-element_type=\"container\" data-e-type=\"container\" data-settings=\"{&quot;animation&quot;:&quot;fadeInLeft&quot;}\">\n\t\t\t\t<div class=\"elementor-element elementor-element-69e55612 elementor-widget elementor-widget-heading\" data-id=\"69e55612\" data-element_type=\"widget\" data-e-type=\"widget\" data-widget_type=\"heading.default\">\n\t\t\t\t<div class=\"elementor-widget-container\">\n\t\t\t\t\t<h1 class=\"elementor-heading-title elementor-size-default\">Hran\u0103:<\/h1>\t\t\t\t<\/div>\n\t\t\t\t<\/div>\n\t\t\t\t<div class=\"elementor-element elementor-element-3c59f083 elementor-widget elementor-widget-text-editor\" data-id=\"3c59f083\" data-element_type=\"widget\" data-e-type=\"widget\" data-widget_type=\"text-editor.default\">\n\t\t\t\t<div class=\"elementor-widget-container\">\n\t\t\t\t\t\t\t\t\t<p>Este herbivor\u0103, av\u00e2nd o diet\u0103 bazat\u0103 pe:<\/p><ul><li>Iarb\u0103 \u0219i plante acvatice.<\/li><li>Semin\u021be \u0219i cereale (gr\u00e2u, orz, orez).<\/li><li>Frunze \u0219i r\u0103d\u0103cini de plante.<\/li><\/ul><p>\u00a0\u00cen sezonul rece, poate consuma \u0219i insecte sau crustacee mici, dac\u0103 hrana vegetal\u0103 este insuficient\u0103. \u00een captivitate, prefer\u0103 gr\u0103un\u021be \u0219i legume proaspete.<\/p>\t\t\t\t\t\t\t\t<\/div>\n\t\t\t\t<\/div>\n\t\t\t\t<\/div>\n\t\t<div class=\"elementor-element elementor-element-6be37fc6 e-con-full animated-slow e-flex elementor-invisible e-con e-child\" data-id=\"6be37fc6\" data-element_type=\"container\" data-e-type=\"container\" data-settings=\"{&quot;animation&quot;:&quot;fadeInRight&quot;}\">\n\t\t\t\t<div class=\"elementor-element elementor-element-71d93ee2 elementor-widget elementor-widget-heading\" data-id=\"71d93ee2\" data-element_type=\"widget\" data-e-type=\"widget\" data-widget_type=\"heading.default\">\n\t\t\t\t<div class=\"elementor-widget-container\">\n\t\t\t\t\t<h1 class=\"elementor-heading-title elementor-size-default\">Conservare:<\/h1>\t\t\t\t<\/div>\n\t\t\t\t<\/div>\n\t\t\t\t<div class=\"elementor-element elementor-element-7a8dcc28 elementor-widget elementor-widget-text-editor\" data-id=\"7a8dcc28\" data-element_type=\"widget\" data-e-type=\"widget\" data-widget_type=\"text-editor.default\">\n\t\t\t\t<div class=\"elementor-widget-container\">\n\t\t\t\t\t\t\t\t\t<ul><li>Clasificat\u0103 de IUCN ca \u201cvulnerabil\u0103\u201d (VU), popula\u021biile s\u0103lbatice fiind \u00een declin.<\/li><li>Principalele amenin\u021b\u0103ri sunt:<\/li><li>Pierderea habitatului prin drenarea mla\u0219tinilor \u0219i construirea barajelor.<\/li><li>V\u00e2n\u0103toarea excesiv\u0103, fiind capturat\u0103 pentru carne \u0219i penaj.<\/li><li>Hibridizarea cu g\u00e2\u0219tele domestice, ceea ce reduce puritatea genetic\u0103 a speciei.<\/li><li>Este protejat\u0103 \u00een rezerva\u021biile naturale din Asia \u0219i prin programe de reproducere \u00een captivitate.<\/li><\/ul>\t\t\t\t\t\t\t\t<\/div>\n\t\t\t\t<\/div>\n\t\t\t\t<\/div>\n\t\t\t\t\t<\/div>\n\t\t\t\t<\/div>\n\t\t\t\t<\/div>","protected":false},"excerpt":{"rendered":"<p>G\u00e2sca Leb\u0103d\u0103 Denumire \u0219tiin\u021bific\u0103: Anser cygnoidesOrdin: AnseriformesFamilie: AnatidaeGen: AnserSpecie: Anser cygnoidesDistribu\u021bia pe glob: Originar\u0103 din Asia de Est, cu popula\u021bii s\u0103lbatice \u00een Rusia, Mongolia, China \u0219i Coreea de Nord. Migreaz\u0103 spre sudul Chinei \u0219i sud-estul Asiei \u00een sezonul rece. A fost domesticit\u0103 \u0219i introdus\u0103 \u00een Europa \u0219i America de Nord, unde exist\u0103 popula\u021bii s\u0103lbatice hibrideDimensiuni: &hellip; <a href=\"https:\/\/bucurestizoo.ro\/en\/gasca-lebada\/\" class=\"more-link\">Continue reading <span class=\"screen-reader-text\">G\u00e2sca Leb\u0103d\u0103<\/span><\/a><\/p>","protected":false},"author":1,"featured_media":0,"parent":0,"menu_order":0,"comment_status":"closed","ping_status":"closed","template":"","meta":{"_monsterinsights_skip_tracking":false,"_monsterinsights_sitenote_active":false,"_monsterinsights_sitenote_note":"","_monsterinsights_sitenote_category":0,"footnotes":""},"class_list":["post-14400","page","type-page","status-publish","hentry"],"aioseo_notices":[],"_links":{"self":[{"href":"https:\/\/bucurestizoo.ro\/en\/wp-json\/wp\/v2\/pages\/14400","targetHints":{"allow":["GET"]}}],"collection":[{"href":"https:\/\/bucurestizoo.ro\/en\/wp-json\/wp\/v2\/pages"}],"about":[{"href":"https:\/\/bucurestizoo.ro\/en\/wp-json\/wp\/v2\/types\/page"}],"author":[{"embeddable":true,"href":"https:\/\/bucurestizoo.ro\/en\/wp-json\/wp\/v2\/users\/1"}],"replies":[{"embeddable":true,"href":"https:\/\/bucurestizoo.ro\/en\/wp-json\/wp\/v2\/comments?post=14400"}],"version-history":[{"count":4,"href":"https:\/\/bucurestizoo.ro\/en\/wp-json\/wp\/v2\/pages\/14400\/revisions"}],"predecessor-version":[{"id":14404,"href":"https:\/\/bucurestizoo.ro\/en\/wp-json\/wp\/v2\/pages\/14400\/revisions\/14404"}],"wp:attachment":[{"href":"https:\/\/bucurestizoo.ro\/en\/wp-json\/wp\/v2\/media?parent=14400"}],"curies":[{"name":"wp","href":"https:\/\/api.w.org\/{rel}","templated":true}]}}