{"id":14388,"date":"2025-03-31T05:58:47","date_gmt":"2025-03-31T03:58:47","guid":{"rendered":"https:\/\/n1.bucurestizoo.ro\/?page_id=14388"},"modified":"2025-03-31T06:05:20","modified_gmt":"2025-03-31T04:05:20","slug":"gasca-de-india","status":"publish","type":"page","link":"https:\/\/bucurestizoo.ro\/en\/gasca-de-india\/","title":{"rendered":"G\u00e2sca de India"},"content":{"rendered":"<div data-elementor-type=\"wp-page\" data-elementor-id=\"14388\" class=\"elementor elementor-14388\" data-elementor-post-type=\"page\">\n\t\t\t\t<div class=\"elementor-element elementor-element-2a838bba e-flex e-con-boxed e-con e-parent\" data-id=\"2a838bba\" data-element_type=\"container\" data-e-type=\"container\" data-settings=\"{&quot;background_background&quot;:&quot;classic&quot;}\">\n\t\t\t\t\t<div class=\"e-con-inner\">\n\t\t<div class=\"elementor-element elementor-element-2069da2d e-con-full e-flex e-con e-child\" data-id=\"2069da2d\" data-element_type=\"container\" data-e-type=\"container\">\n\t\t<div class=\"elementor-element elementor-element-12aaba8c e-con-full animated-slow e-flex elementor-invisible e-con e-child\" data-id=\"12aaba8c\" data-element_type=\"container\" data-e-type=\"container\" data-settings=\"{&quot;animation&quot;:&quot;fadeInLeft&quot;}\">\n\t\t\t\t<div class=\"elementor-element elementor-element-3ea9dcbc elementor-widget elementor-widget-heading\" data-id=\"3ea9dcbc\" data-element_type=\"widget\" data-e-type=\"widget\" data-widget_type=\"heading.default\">\n\t\t\t\t<div class=\"elementor-widget-container\">\n\t\t\t\t\t<h1 class=\"elementor-heading-title elementor-size-default\">G\u00c2SCA DE INDIA <\/h1>\t\t\t\t<\/div>\n\t\t\t\t<\/div>\n\t\t\t\t<div class=\"elementor-element elementor-element-5530913 elementor-widget elementor-widget-text-editor\" data-id=\"5530913\" data-element_type=\"widget\" data-e-type=\"widget\" data-widget_type=\"text-editor.default\">\n\t\t\t\t<div class=\"elementor-widget-container\">\n\t\t\t\t\t\t\t\t\t<p><strong data-start=\"0\" data-end=\"25\">Denumire \u0219tiin\u021bific\u0103:<\/strong> Anser indicus<br data-start=\"39\" data-end=\"42\" data-is-only-node=\"\" \/><strong data-start=\"42\" data-end=\"52\">Ordin:<\/strong> Anseriformes<br data-start=\"65\" data-end=\"68\" \/><strong data-start=\"68\" data-end=\"80\">Familie:<\/strong> Anatidae<br data-start=\"89\" data-end=\"92\" \/><strong data-start=\"92\" data-end=\"100\">Gen:<\/strong> Anser<br data-start=\"106\" data-end=\"109\" \/><strong data-start=\"109\" data-end=\"120\">Specie:<\/strong> Anser indicus<br data-start=\"134\" data-end=\"137\" \/><strong data-start=\"137\" data-end=\"161\">Distribu\u021bia pe glob:<\/strong> Originar\u0103 din Asia Central\u0103 \u0219i de Sud, cuib\u0103rind \u00een regiunile din Tibet, Mongolia, Kazahstan \u0219i nordul Indiei. Ierneaz\u0103 \u00een sudul Asiei, \u00een special \u00een India \u0219i Pakistan. Popula\u021bii introduse au fost observate \u00een Europa (Marea Britanie, Olanda, Germania) \u0219i \u00een America de Nord. Este renumit\u0103 pentru migra\u021biile sale spectaculoase peste Mun\u021bii Himalaya<br data-start=\"509\" data-end=\"512\" \/><strong data-start=\"512\" data-end=\"527\">Dimensiuni:<\/strong> Lungime: 63\u201378 cm; Anvergura aripilor: 130\u2013160 cm<br data-start=\"577\" data-end=\"580\" \/><strong data-start=\"580\" data-end=\"593\">Greutate:<\/strong> Mascul: 2\u20133,2 kg; Femela: 1,8\u20132,8 kg<br data-start=\"630\" data-end=\"633\" \/><strong data-start=\"633\" data-end=\"659\">Perioada de incuba\u021bie:<\/strong> 27\u201330 zile<br data-start=\"670\" data-end=\"673\" \/><strong data-start=\"673\" data-end=\"690\">Num\u0103r de pui:<\/strong> 4\u20136 pui per pont\u0103<br data-start=\"708\" data-end=\"711\" \/><strong data-start=\"711\" data-end=\"733\">Speran\u021b\u0103 de via\u021b\u0103:<\/strong> \u00cen s\u0103lb\u0103ticie: 10\u201315 ani; \u00een captivitate: p\u00e2n\u0103 la 25 de ani<\/p>\t\t\t\t\t\t\t\t<\/div>\n\t\t\t\t<\/div>\n\t\t\t\t<\/div>\n\t\t\t\t<div class=\"elementor-element elementor-element-5db43cf1 elementor-widget-tablet__width-inherit animated-slow elementor-invisible elementor-widget elementor-widget-image\" data-id=\"5db43cf1\" data-element_type=\"widget\" data-e-type=\"widget\" data-settings=\"{&quot;_animation&quot;:&quot;fadeInRight&quot;}\" data-widget_type=\"image.default\">\n\t\t\t\t<div class=\"elementor-widget-container\">\n\t\t\t\t\t\t\t\t\t\t\t\t\t\t\t<img fetchpriority=\"high\" decoding=\"async\" width=\"847\" height=\"564\" src=\"https:\/\/bucurestizoo.ro\/wp-content\/uploads\/2025\/03\/gasca-de-india-dt_1-Large-1024x682.jpeg\" class=\"attachment-large size-large wp-image-14387\" alt=\"\" srcset=\"https:\/\/bucurestizoo.ro\/wp-content\/uploads\/2025\/03\/gasca-de-india-dt_1-Large-1024x682.jpeg 1024w, https:\/\/bucurestizoo.ro\/wp-content\/uploads\/2025\/03\/gasca-de-india-dt_1-Large-300x200.jpeg 300w, https:\/\/bucurestizoo.ro\/wp-content\/uploads\/2025\/03\/gasca-de-india-dt_1-Large-768x512.jpeg 768w, https:\/\/bucurestizoo.ro\/wp-content\/uploads\/2025\/03\/gasca-de-india-dt_1-Large-450x300.jpeg 450w, https:\/\/bucurestizoo.ro\/wp-content\/uploads\/2025\/03\/gasca-de-india-dt_1-Large-650x433.jpeg 650w, https:\/\/bucurestizoo.ro\/wp-content\/uploads\/2025\/03\/gasca-de-india-dt_1-Large.jpeg 1280w\" sizes=\"(max-width: 847px) 100vw, 847px\" data-id=\"14387\" \/>\t\t\t\t\t\t\t\t\t\t\t\t\t\t\t<\/div>\n\t\t\t\t<\/div>\n\t\t\t\t<\/div>\n\t\t\t\t\t<\/div>\n\t\t\t\t<\/div>\n\t\t<div class=\"elementor-element elementor-element-bf09053 animated-slow e-flex e-con-boxed elementor-invisible e-con e-parent\" data-id=\"bf09053\" data-element_type=\"container\" data-e-type=\"container\" data-settings=\"{&quot;animation&quot;:&quot;fadeInLeft&quot;}\">\n\t\t\t\t\t<div class=\"e-con-inner\">\n\t\t\t\t<div class=\"elementor-element elementor-element-1783a8eb elementor-widget elementor-widget-heading\" data-id=\"1783a8eb\" data-element_type=\"widget\" data-e-type=\"widget\" data-widget_type=\"heading.default\">\n\t\t\t\t<div class=\"elementor-widget-container\">\n\t\t\t\t\t<h1 class=\"elementor-heading-title elementor-size-default\">General:<\/h1>\t\t\t\t<\/div>\n\t\t\t\t<\/div>\n\t\t\t\t<div class=\"elementor-element elementor-element-3a0a1501 elementor-widget elementor-widget-text-editor\" data-id=\"3a0a1501\" data-element_type=\"widget\" data-e-type=\"widget\" data-widget_type=\"text-editor.default\">\n\t\t\t\t<div class=\"elementor-widget-container\">\n\t\t\t\t\t\t\t\t\t<ul><li>G\u00e2sca de India este cunoscut\u0103 pentru abilitatea sa incredibil\u0103 de a zbura peste Mun\u021bii Himalaya, ating\u00e2nd altitudini de peste 8.000 de metri!<\/li><li>Este una dintre p\u0103s\u0103rile care zboar\u0103 cel mai sus din lume, fiind observat\u0103 deasupra v\u00e2rfului Everest.<\/li><li>Are un aspect distinctiv, cu dou\u0103 dungi negre pe cap \u0219i un corp gri deschis.<\/li><li>Spre deosebire de alte g\u00e2\u0219te, are picioare mai lungi, ceea ce o ajut\u0103 s\u0103 mearg\u0103 mai u\u0219or pe teren accidentat.<\/li><li>Sunt p\u0103s\u0103ri extrem de sociabile, form\u00e2nd grupuri mari at\u00e2t \u00een timpul migra\u021biei, c\u00e2t \u0219i \u00een locurile de iernat.<\/li><li>Atunci c\u00e2nd sunt atacate de pr\u0103d\u0103tori, se ap\u0103r\u0103 emi\u021b\u00e2nd sunete puternice \u0219i agresive.<\/li><li>Pot forma perechi pe via\u021b\u0103, demonstr\u00e2nd un comportament foarte loial fa\u021b\u0103 de partener.<\/li><li>\u00cen captivitate, devin foarte prietenoase \u0219i pot \u00eenv\u0103\u021ba s\u0103 recunoasc\u0103 \u00eengrijitorii.<\/li><li>Este cea mai bun\u0103 \u201calpinist\u0103\u201d dintre toate p\u0103s\u0103rile, fiind capabil\u0103 s\u0103 zboare peste v\u00e2rful Everest f\u0103r\u0103 probleme!<\/li><li>De\u0219i are un aspect bl\u00e2nd, este foarte agresiv\u0103 dac\u0103 cineva \u00eei invadeaz\u0103 teritoriul.<\/li><li>C\u00e2nd aterizeaz\u0103 pe ap\u0103, produce un zgomot puternic asem\u0103n\u0103tor unui \u201cfluierat\u201d.<\/li><li>A fost studiat\u0103 de NASA, pentru a \u00een\u021belege cum reu\u0219e\u0219te s\u0103 zboare la altitudini extreme, unde oxigenul este foarte pu\u021bin.<\/li><li>\u00cen unele sate din India, este considerat\u0103 o pas\u0103re sacr\u0103 \u0219i nu este v\u00e2nat\u0103.<\/li><\/ul>\t\t\t\t\t\t\t\t<\/div>\n\t\t\t\t<\/div>\n\t\t\t\t\t<\/div>\n\t\t\t\t<\/div>\n\t\t<div class=\"elementor-element elementor-element-3e71c9 e-flex e-con-boxed e-con e-parent\" data-id=\"3e71c9\" data-element_type=\"container\" data-e-type=\"container\">\n\t\t\t\t\t<div class=\"e-con-inner\">\n\t\t\t\t<div class=\"elementor-element elementor-element-1fab7231 elementor-widget elementor-widget-gallery\" data-id=\"1fab7231\" data-element_type=\"widget\" data-e-type=\"widget\" data-settings=\"{&quot;columns&quot;:1,&quot;lazyload&quot;:&quot;yes&quot;,&quot;gallery_layout&quot;:&quot;grid&quot;,&quot;columns_tablet&quot;:2,&quot;columns_mobile&quot;:1,&quot;gap&quot;:{&quot;unit&quot;:&quot;px&quot;,&quot;size&quot;:10,&quot;sizes&quot;:[]},&quot;gap_tablet&quot;:{&quot;unit&quot;:&quot;px&quot;,&quot;size&quot;:10,&quot;sizes&quot;:[]},&quot;gap_mobile&quot;:{&quot;unit&quot;:&quot;px&quot;,&quot;size&quot;:10,&quot;sizes&quot;:[]},&quot;link_to&quot;:&quot;file&quot;,&quot;aspect_ratio&quot;:&quot;3:2&quot;,&quot;overlay_background&quot;:&quot;yes&quot;,&quot;content_hover_animation&quot;:&quot;fade-in&quot;}\" data-widget_type=\"gallery.default\">\n\t\t\t\t<div class=\"elementor-widget-container\">\n\t\t\t\t\t\t\t<div class=\"elementor-gallery__container\">\n\t\t\t\t\t\t\t<a class=\"e-gallery-item elementor-gallery-item elementor-animated-content\" href=\"https:\/\/bucurestizoo.ro\/wp-content\/uploads\/2025\/03\/gasca-de-india-dt_2-Large.jpeg\" data-elementor-open-lightbox=\"yes\" data-elementor-lightbox-slideshow=\"1fab7231\" data-elementor-lightbox-title=\"gasca de india dt_2 Large\" data-e-action-hash=\"#elementor-action%3Aaction%3Dlightbox%26settings%3DeyJpZCI6MTQzODYsInVybCI6Imh0dHBzOlwvXC9idWN1cmVzdGl6b28ucm9cL3dwLWNvbnRlbnRcL3VwbG9hZHNcLzIwMjVcLzAzXC9nYXNjYS1kZS1pbmRpYS1kdF8yLUxhcmdlLmpwZWciLCJzbGlkZXNob3ciOiIxZmFiNzIzMSJ9\">\n\t\t\t\t\t<div class=\"e-gallery-image elementor-gallery-item__image\" data-thumbnail=\"https:\/\/bucurestizoo.ro\/wp-content\/uploads\/2025\/03\/gasca-de-india-dt_2-Large-1024x595.jpeg\" data-width=\"847\" data-height=\"492\" aria-label=\"\" role=\"img\" ><\/div>\n\t\t\t\t\t\t\t\t\t\t\t<div class=\"elementor-gallery-item__overlay\"><\/div>\n\t\t\t\t\t\t\t\t\t\t\t\t\t\t<\/a>\n\t\t\t\t\t<\/div>\n\t\t\t\t\t<\/div>\n\t\t\t\t<\/div>\n\t\t\t\t\t<\/div>\n\t\t\t\t<\/div>\n\t\t<div class=\"elementor-element elementor-element-2eca4014 animated-slow e-flex e-con-boxed elementor-invisible e-con e-parent\" data-id=\"2eca4014\" data-element_type=\"container\" data-e-type=\"container\" data-settings=\"{&quot;animation&quot;:&quot;fadeInRight&quot;}\">\n\t\t\t\t\t<div class=\"e-con-inner\">\n\t\t\t\t<div class=\"elementor-element elementor-element-2a0b1e43 elementor-widget elementor-widget-heading\" data-id=\"2a0b1e43\" data-element_type=\"widget\" data-e-type=\"widget\" data-widget_type=\"heading.default\">\n\t\t\t\t<div class=\"elementor-widget-container\">\n\t\t\t\t\t<h1 class=\"elementor-heading-title elementor-size-default\">Habitat:<\/h1>\t\t\t\t<\/div>\n\t\t\t\t<\/div>\n\t\t\t\t<div class=\"elementor-element elementor-element-3ac2669e elementor-widget elementor-widget-text-editor\" data-id=\"3ac2669e\" data-element_type=\"widget\" data-e-type=\"widget\" data-widget_type=\"text-editor.default\">\n\t\t\t\t<div class=\"elementor-widget-container\">\n\t\t\t\t\t\t\t\t\t<ul><li>Cuib\u0103re\u0219te \u00een regiunile \u00eenalte din Tibet, Mongolia, Kazahstan \u0219i Himalaya, prefer\u00e2nd lacurile alpine \u0219i zonele umede din regiunile montane.<\/li><li>Ierneaz\u0103 \u00een sudul Asiei, \u00een special \u00een India \u0219i Pakistan, unde este \u00eent\u00e2lnit\u0103 pe malurile r\u00e2urilor \u0219i lacurilor.<\/li><li>\u00cen Europa \u0219i America de Nord, s-a adaptat la parcuri \u0219i lacuri urbane, unde este \u00eent\u00e2lnit\u0103 \u00een mod frecvent.<\/li><li>Spre deosebire de alte g\u00e2\u0219te, tolereaz\u0103 temperaturi extrem de sc\u0103zute datorit\u0103 penajului s\u0103u dens.<\/li><\/ul>\t\t\t\t\t\t\t\t<\/div>\n\t\t\t\t<\/div>\n\t\t\t\t\t<\/div>\n\t\t\t\t<\/div>\n\t\t<div class=\"elementor-element elementor-element-628dc8d3 e-grid e-con-boxed e-con e-parent\" data-id=\"628dc8d3\" data-element_type=\"container\" data-e-type=\"container\">\n\t\t\t\t\t<div class=\"e-con-inner\">\n\t\t<div class=\"elementor-element elementor-element-781462f1 e-con-full animated-slow e-flex elementor-invisible e-con e-child\" data-id=\"781462f1\" data-element_type=\"container\" data-e-type=\"container\" data-settings=\"{&quot;animation&quot;:&quot;fadeInLeft&quot;}\">\n\t\t\t\t<div class=\"elementor-element elementor-element-3682808b elementor-widget elementor-widget-heading\" data-id=\"3682808b\" data-element_type=\"widget\" data-e-type=\"widget\" data-widget_type=\"heading.default\">\n\t\t\t\t<div class=\"elementor-widget-container\">\n\t\t\t\t\t<h1 class=\"elementor-heading-title elementor-size-default\">Hran\u0103:<\/h1>\t\t\t\t<\/div>\n\t\t\t\t<\/div>\n\t\t\t\t<div class=\"elementor-element elementor-element-33df43d9 elementor-widget elementor-widget-text-editor\" data-id=\"33df43d9\" data-element_type=\"widget\" data-e-type=\"widget\" data-widget_type=\"text-editor.default\">\n\t\t\t\t<div class=\"elementor-widget-container\">\n\t\t\t\t\t\t\t\t\t<p>Este herbivor\u0103, hr\u0103nindu-se \u00een principal cu:<\/p><ul><li>Iarb\u0103 \u0219i plante acvatice<\/li><li>R\u0103d\u0103cini \u0219i semin\u021be<\/li><li>Frunze \u0219i alge<\/li><\/ul><p>\u00a0Ocazional, poate consuma insecte \u0219i nevertebrate acvatice pentru supliment de proteine.<\/p><p>\u00cen timpul migra\u021biei, face rezerve de gr\u0103sime, consum\u00e2nd cantit\u0103\u021bi mari de hran\u0103 pentru a rezista zborului lung.<\/p>\t\t\t\t\t\t\t\t<\/div>\n\t\t\t\t<\/div>\n\t\t\t\t<\/div>\n\t\t<div class=\"elementor-element elementor-element-886033 e-con-full animated-slow e-flex elementor-invisible e-con e-child\" data-id=\"886033\" data-element_type=\"container\" data-e-type=\"container\" data-settings=\"{&quot;animation&quot;:&quot;fadeInRight&quot;}\">\n\t\t\t\t<div class=\"elementor-element elementor-element-1eb588b6 elementor-widget elementor-widget-heading\" data-id=\"1eb588b6\" data-element_type=\"widget\" data-e-type=\"widget\" data-widget_type=\"heading.default\">\n\t\t\t\t<div class=\"elementor-widget-container\">\n\t\t\t\t\t<h1 class=\"elementor-heading-title elementor-size-default\">Conservare:<\/h1>\t\t\t\t<\/div>\n\t\t\t\t<\/div>\n\t\t\t\t<div class=\"elementor-element elementor-element-1f5c00b2 elementor-widget elementor-widget-text-editor\" data-id=\"1f5c00b2\" data-element_type=\"widget\" data-e-type=\"widget\" data-widget_type=\"text-editor.default\">\n\t\t\t\t<div class=\"elementor-widget-container\">\n\t\t\t\t\t\t\t\t\t<p>\u00a0Clasificat\u0103 de IUCN ca fiind \u201cPu\u021bin \u00eengrijor\u0103toare\u201d (LC), cu popula\u021bii stabile \u0219i \u00een cre\u0219tere.<\/p><p>\u00a0Principalele amenin\u021b\u0103ri includ:<\/p><ul><li>Distrugerea habitatului din cauza agriculturii \u0219i a urbaniz\u0103rii.<\/li><li>V\u00e2n\u0103toarea ilegal\u0103, mai ales \u00een regiunile de iernat.<\/li><li>Poluarea apei, care afecteaz\u0103 sursele de hran\u0103.<\/li><\/ul><p>\u00a0\u00cen unele \u021b\u0103ri europene, a devenit o specie invaziv\u0103, competi\u021bion\u00e2nd cu p\u0103s\u0103rile locale.<\/p><p>\u00a0Multe organiza\u021bii protejeaz\u0103 aceast\u0103 specie prin crearea de zone umede protejate \u0219i reglementarea v\u00e2n\u0103torii.<\/p>\t\t\t\t\t\t\t\t<\/div>\n\t\t\t\t<\/div>\n\t\t\t\t<\/div>\n\t\t\t\t\t<\/div>\n\t\t\t\t<\/div>\n\t\t\t\t<\/div>","protected":false},"excerpt":{"rendered":"<p>G\u00c2SCA DE INDIA Denumire \u0219tiin\u021bific\u0103: Anser indicusOrdin: AnseriformesFamilie: AnatidaeGen: AnserSpecie: Anser indicusDistribu\u021bia pe glob: Originar\u0103 din Asia Central\u0103 \u0219i de Sud, cuib\u0103rind \u00een regiunile din Tibet, Mongolia, Kazahstan \u0219i nordul Indiei. Ierneaz\u0103 \u00een sudul Asiei, \u00een special \u00een India \u0219i Pakistan. Popula\u021bii introduse au fost observate \u00een Europa (Marea Britanie, Olanda, Germania) \u0219i \u00een America &hellip; <a href=\"https:\/\/bucurestizoo.ro\/en\/gasca-de-india\/\" class=\"more-link\">Continue reading <span class=\"screen-reader-text\">G\u00e2sca de India<\/span><\/a><\/p>","protected":false},"author":1,"featured_media":0,"parent":0,"menu_order":0,"comment_status":"closed","ping_status":"closed","template":"","meta":{"_monsterinsights_skip_tracking":false,"_monsterinsights_sitenote_active":false,"_monsterinsights_sitenote_note":"","_monsterinsights_sitenote_category":0,"footnotes":""},"class_list":["post-14388","page","type-page","status-publish","hentry"],"aioseo_notices":[],"_links":{"self":[{"href":"https:\/\/bucurestizoo.ro\/en\/wp-json\/wp\/v2\/pages\/14388","targetHints":{"allow":["GET"]}}],"collection":[{"href":"https:\/\/bucurestizoo.ro\/en\/wp-json\/wp\/v2\/pages"}],"about":[{"href":"https:\/\/bucurestizoo.ro\/en\/wp-json\/wp\/v2\/types\/page"}],"author":[{"embeddable":true,"href":"https:\/\/bucurestizoo.ro\/en\/wp-json\/wp\/v2\/users\/1"}],"replies":[{"embeddable":true,"href":"https:\/\/bucurestizoo.ro\/en\/wp-json\/wp\/v2\/comments?post=14388"}],"version-history":[{"count":4,"href":"https:\/\/bucurestizoo.ro\/en\/wp-json\/wp\/v2\/pages\/14388\/revisions"}],"predecessor-version":[{"id":14394,"href":"https:\/\/bucurestizoo.ro\/en\/wp-json\/wp\/v2\/pages\/14388\/revisions\/14394"}],"wp:attachment":[{"href":"https:\/\/bucurestizoo.ro\/en\/wp-json\/wp\/v2\/media?parent=14388"}],"curies":[{"name":"wp","href":"https:\/\/api.w.org\/{rel}","templated":true}]}}