{"id":14380,"date":"2025-03-31T05:28:47","date_gmt":"2025-03-31T03:28:47","guid":{"rendered":"https:\/\/n1.bucurestizoo.ro\/?page_id=14380"},"modified":"2025-03-31T05:31:41","modified_gmt":"2025-03-31T03:31:41","slug":"fazan-diamant","status":"publish","type":"page","link":"https:\/\/bucurestizoo.ro\/en\/fazan-diamant\/","title":{"rendered":"Fazan Diamant"},"content":{"rendered":"<div data-elementor-type=\"wp-page\" data-elementor-id=\"14380\" class=\"elementor elementor-14380\" data-elementor-post-type=\"page\">\n\t\t\t\t<div class=\"elementor-element elementor-element-7d03ce2c e-flex e-con-boxed e-con e-parent\" data-id=\"7d03ce2c\" data-element_type=\"container\" data-e-type=\"container\" data-settings=\"{&quot;background_background&quot;:&quot;classic&quot;}\">\n\t\t\t\t\t<div class=\"e-con-inner\">\n\t\t<div class=\"elementor-element elementor-element-4e451171 e-con-full e-flex e-con e-child\" data-id=\"4e451171\" data-element_type=\"container\" data-e-type=\"container\">\n\t\t<div class=\"elementor-element elementor-element-6cb70d7 e-con-full animated-slow e-flex elementor-invisible e-con e-child\" data-id=\"6cb70d7\" data-element_type=\"container\" data-e-type=\"container\" data-settings=\"{&quot;animation&quot;:&quot;fadeInLeft&quot;}\">\n\t\t\t\t<div class=\"elementor-element elementor-element-6fce8951 elementor-widget elementor-widget-heading\" data-id=\"6fce8951\" data-element_type=\"widget\" data-e-type=\"widget\" data-widget_type=\"heading.default\">\n\t\t\t\t<div class=\"elementor-widget-container\">\n\t\t\t\t\t<h1 class=\"elementor-heading-title elementor-size-default\">Fazan Diamant<\/h1>\t\t\t\t<\/div>\n\t\t\t\t<\/div>\n\t\t\t\t<div class=\"elementor-element elementor-element-3742008c elementor-widget elementor-widget-text-editor\" data-id=\"3742008c\" data-element_type=\"widget\" data-e-type=\"widget\" data-widget_type=\"text-editor.default\">\n\t\t\t\t<div class=\"elementor-widget-container\">\n\t\t\t\t\t\t\t\t\t<p><strong data-start=\"0\" data-end=\"25\">Denumire \u0219tiin\u021bific\u0103:<\/strong> Chrysolophus amherstiae<br data-start=\"49\" data-end=\"52\" data-is-only-node=\"\" \/><strong data-start=\"52\" data-end=\"62\">Ordin:<\/strong> Galliformes<br data-start=\"74\" data-end=\"77\" \/><strong data-start=\"77\" data-end=\"89\">Familie:<\/strong> Phasianidae<br data-start=\"101\" data-end=\"104\" \/><strong data-start=\"104\" data-end=\"112\">Gen:<\/strong> Chrysolophus<br data-start=\"125\" data-end=\"128\" \/><strong data-start=\"128\" data-end=\"139\">Specie:<\/strong> Chrysolophus amherstiae<br data-start=\"163\" data-end=\"166\" \/><strong data-start=\"166\" data-end=\"190\">Distribu\u021bia pe glob:<\/strong> Originar din sud-vestul Chinei \u0219i nordul Myanmarului. A fost introdus \u00een Marea Britanie, Fran\u021ba \u0219i SUA, unde s-a adaptat bine. Se g\u0103se\u0219te \u0219i \u00een colec\u021bii private \u0219i gr\u0103dini zoologice din \u00eentreaga lume<br data-start=\"390\" data-end=\"393\" \/><strong data-start=\"393\" data-end=\"408\">Dimensiuni:<\/strong> Lungime total\u0103: 90\u2013120 cm (majoritatea lungimii este dat\u0103 de coad\u0103); Lungime coad\u0103: 60\u201380 cm<br data-start=\"501\" data-end=\"504\" \/><strong data-start=\"504\" data-end=\"517\">Greutate:<\/strong> Mascul: 900 g\u20131,3 kg; Femel\u0103: 700\u2013900 g<br data-start=\"557\" data-end=\"560\" \/><strong data-start=\"560\" data-end=\"586\">Perioada de incuba\u021bie:<\/strong> 22\u201323 zile<br data-start=\"597\" data-end=\"600\" \/><strong data-start=\"600\" data-end=\"617\">Num\u0103r de pui:<\/strong> 5\u201312 ou\u0103 per pont\u0103<br data-start=\"636\" data-end=\"639\" \/><strong data-start=\"639\" data-end=\"661\">Speran\u021b\u0103 de via\u021b\u0103:<\/strong> \u00cen s\u0103lb\u0103ticie: 5\u20137 ani; \u00een captivitate: 12\u201315 ani<\/p>\t\t\t\t\t\t\t\t<\/div>\n\t\t\t\t<\/div>\n\t\t\t\t<\/div>\n\t\t\t\t<div class=\"elementor-element elementor-element-1d3b88c2 elementor-widget-tablet__width-inherit animated-slow elementor-invisible elementor-widget elementor-widget-image\" data-id=\"1d3b88c2\" data-element_type=\"widget\" data-e-type=\"widget\" data-settings=\"{&quot;_animation&quot;:&quot;fadeInRight&quot;}\" data-widget_type=\"image.default\">\n\t\t\t\t<div class=\"elementor-widget-container\">\n\t\t\t\t\t\t\t\t\t\t\t\t\t\t\t<img fetchpriority=\"high\" decoding=\"async\" width=\"847\" height=\"564\" src=\"https:\/\/bucurestizoo.ro\/wp-content\/uploads\/2025\/03\/fazan-diamant-dt_1-Large-1024x682.jpeg\" class=\"attachment-large size-large wp-image-14376\" alt=\"\" srcset=\"https:\/\/bucurestizoo.ro\/wp-content\/uploads\/2025\/03\/fazan-diamant-dt_1-Large-1024x682.jpeg 1024w, https:\/\/bucurestizoo.ro\/wp-content\/uploads\/2025\/03\/fazan-diamant-dt_1-Large-300x200.jpeg 300w, https:\/\/bucurestizoo.ro\/wp-content\/uploads\/2025\/03\/fazan-diamant-dt_1-Large-768x512.jpeg 768w, https:\/\/bucurestizoo.ro\/wp-content\/uploads\/2025\/03\/fazan-diamant-dt_1-Large-450x300.jpeg 450w, https:\/\/bucurestizoo.ro\/wp-content\/uploads\/2025\/03\/fazan-diamant-dt_1-Large-650x433.jpeg 650w, https:\/\/bucurestizoo.ro\/wp-content\/uploads\/2025\/03\/fazan-diamant-dt_1-Large.jpeg 1280w\" sizes=\"(max-width: 847px) 100vw, 847px\" data-id=\"14376\" \/>\t\t\t\t\t\t\t\t\t\t\t\t\t\t\t<\/div>\n\t\t\t\t<\/div>\n\t\t\t\t<\/div>\n\t\t\t\t\t<\/div>\n\t\t\t\t<\/div>\n\t\t<div class=\"elementor-element elementor-element-d5a5b38 animated-slow e-flex e-con-boxed elementor-invisible e-con e-parent\" data-id=\"d5a5b38\" data-element_type=\"container\" data-e-type=\"container\" data-settings=\"{&quot;animation&quot;:&quot;fadeInLeft&quot;}\">\n\t\t\t\t\t<div class=\"e-con-inner\">\n\t\t\t\t<div class=\"elementor-element elementor-element-650f075c elementor-widget elementor-widget-heading\" data-id=\"650f075c\" data-element_type=\"widget\" data-e-type=\"widget\" data-widget_type=\"heading.default\">\n\t\t\t\t<div class=\"elementor-widget-container\">\n\t\t\t\t\t<h1 class=\"elementor-heading-title elementor-size-default\">General:<\/h1>\t\t\t\t<\/div>\n\t\t\t\t<\/div>\n\t\t\t\t<div class=\"elementor-element elementor-element-24f4df2b elementor-widget elementor-widget-text-editor\" data-id=\"24f4df2b\" data-element_type=\"widget\" data-e-type=\"widget\" data-widget_type=\"text-editor.default\">\n\t\t\t\t<div class=\"elementor-widget-container\">\n\t\t\t\t\t\t\t\t\t<ul><li>Fazanul Diamant este considerat unul dintre cei mai frumo\u0219i fazani din lume, datorit\u0103 penajului s\u0103u spectaculos.<\/li><li>Masculul are o combina\u021bie de verde metalizat, alb, ro\u0219u \u0219i auriu, iar capul s\u0103u este acoperit de un \u201ccoif\u201d alb-negru \u00een form\u0103 de solzi.<\/li><li>Femela, ca la majoritatea fazanilor, are un penaj maro pestri\u021b, care o ajut\u0103 s\u0103 se camufleze \u00een vegeta\u021bie.<\/li><li>Este o pas\u0103re timid\u0103 \u0219i retras\u0103, prefer\u00e2nd s\u0103 r\u0103m\u00e2n\u0103 ascuns\u0103 \u00een tufi\u0219uri \u0219i s\u0103 ias\u0103 doar diminea\u021ba devreme sau seara t\u00e2rziu.<\/li><li>Fazanii diamante pot zbura, dar sunt mai degrab\u0103 alerg\u0103tori rapizi, folosindu-\u0219i aripile doar \u00een caz de pericol.<\/li><li>La \u00eemperechere, masculul \u00ee\u0219i etaleaz\u0103 coada lung\u0103 \u0219i penajul str\u0103lucitor, execut\u00e2nd dansuri spectaculoase pentru a atrage femela.<\/li><li>A fost numit \u00een onoarea so\u021biei guvernatorului Bengalului, Lady Sarah Amherst, care l-a introdus \u00een Europa \u00een anii 1800.<\/li><li>Masculii \u00ee\u0219i ridic\u0103 \u0219i r\u0103sucesc coada \u00eentr-un mod spectaculos atunci c\u00e2nd curteaz\u0103 femelele.<\/li><li>Are un zbor scurt \u0219i puternic, dar prefer\u0103 s\u0103 alerge rapid pentru a sc\u0103pa de pr\u0103d\u0103tori.<\/li><li>C\u00e2nd este speriat, scoate sunete scurte \u0219i stridente, asem\u0103n\u0103toare cu un fluierat.<\/li><li>Fazanii Diamante din Marea Britanie au reu\u0219it s\u0103 supravie\u021buiasc\u0103 decenii \u00eentregi \u00een s\u0103lb\u0103ticie, de\u0219i au fost introdu\u0219i acum mai bine de 200 de ani.<\/li><li>\u00cen unele culturi asiatice, penele sale sunt considerate simboluri ale norocului \u0219i prosperit\u0103\u021bii.<\/li><\/ul>\t\t\t\t\t\t\t\t<\/div>\n\t\t\t\t<\/div>\n\t\t\t\t\t<\/div>\n\t\t\t\t<\/div>\n\t\t<div class=\"elementor-element elementor-element-72be3e48 e-flex e-con-boxed e-con e-parent\" data-id=\"72be3e48\" data-element_type=\"container\" data-e-type=\"container\">\n\t\t\t\t\t<div class=\"e-con-inner\">\n\t\t\t\t<div class=\"elementor-element elementor-element-675853c4 elementor-widget elementor-widget-gallery\" data-id=\"675853c4\" data-element_type=\"widget\" data-e-type=\"widget\" data-settings=\"{&quot;columns&quot;:2,&quot;lazyload&quot;:&quot;yes&quot;,&quot;gallery_layout&quot;:&quot;grid&quot;,&quot;columns_tablet&quot;:2,&quot;columns_mobile&quot;:1,&quot;gap&quot;:{&quot;unit&quot;:&quot;px&quot;,&quot;size&quot;:10,&quot;sizes&quot;:[]},&quot;gap_tablet&quot;:{&quot;unit&quot;:&quot;px&quot;,&quot;size&quot;:10,&quot;sizes&quot;:[]},&quot;gap_mobile&quot;:{&quot;unit&quot;:&quot;px&quot;,&quot;size&quot;:10,&quot;sizes&quot;:[]},&quot;link_to&quot;:&quot;file&quot;,&quot;aspect_ratio&quot;:&quot;3:2&quot;,&quot;overlay_background&quot;:&quot;yes&quot;,&quot;content_hover_animation&quot;:&quot;fade-in&quot;}\" data-widget_type=\"gallery.default\">\n\t\t\t\t<div class=\"elementor-widget-container\">\n\t\t\t\t\t\t\t<div class=\"elementor-gallery__container\">\n\t\t\t\t\t\t\t<a class=\"e-gallery-item elementor-gallery-item elementor-animated-content\" href=\"https:\/\/bucurestizoo.ro\/wp-content\/uploads\/2025\/03\/fazan-diamant-dt_2-Large.jpeg\" data-elementor-open-lightbox=\"yes\" data-elementor-lightbox-slideshow=\"675853c4\" data-elementor-lightbox-title=\"fazan diamant dt_2 Large\" data-e-action-hash=\"#elementor-action%3Aaction%3Dlightbox%26settings%3DeyJpZCI6MTQzNzUsInVybCI6Imh0dHBzOlwvXC9idWN1cmVzdGl6b28ucm9cL3dwLWNvbnRlbnRcL3VwbG9hZHNcLzIwMjVcLzAzXC9mYXphbi1kaWFtYW50LWR0XzItTGFyZ2UuanBlZyIsInNsaWRlc2hvdyI6IjY3NTg1M2M0In0%3D\">\n\t\t\t\t\t<div class=\"e-gallery-image elementor-gallery-item__image\" data-thumbnail=\"https:\/\/bucurestizoo.ro\/wp-content\/uploads\/2025\/03\/fazan-diamant-dt_2-Large-1024x725.jpeg\" data-width=\"847\" data-height=\"600\" aria-label=\"\" role=\"img\" ><\/div>\n\t\t\t\t\t\t\t\t\t\t\t<div class=\"elementor-gallery-item__overlay\"><\/div>\n\t\t\t\t\t\t\t\t\t\t\t\t\t\t<\/a>\n\t\t\t\t\t<\/div>\n\t\t\t\t\t<\/div>\n\t\t\t\t<\/div>\n\t\t\t\t\t<\/div>\n\t\t\t\t<\/div>\n\t\t<div class=\"elementor-element elementor-element-4f38199 animated-slow e-flex e-con-boxed elementor-invisible e-con e-parent\" data-id=\"4f38199\" data-element_type=\"container\" data-e-type=\"container\" data-settings=\"{&quot;animation&quot;:&quot;fadeInRight&quot;}\">\n\t\t\t\t\t<div class=\"e-con-inner\">\n\t\t\t\t<div class=\"elementor-element elementor-element-7cdff544 elementor-widget elementor-widget-heading\" data-id=\"7cdff544\" data-element_type=\"widget\" data-e-type=\"widget\" data-widget_type=\"heading.default\">\n\t\t\t\t<div class=\"elementor-widget-container\">\n\t\t\t\t\t<h1 class=\"elementor-heading-title elementor-size-default\">Habitat:<\/h1>\t\t\t\t<\/div>\n\t\t\t\t<\/div>\n\t\t\t\t<div class=\"elementor-element elementor-element-6544e41a elementor-widget elementor-widget-text-editor\" data-id=\"6544e41a\" data-element_type=\"widget\" data-e-type=\"widget\" data-widget_type=\"text-editor.default\">\n\t\t\t\t<div class=\"elementor-widget-container\">\n\t\t\t\t\t\t\t\t\t<ul><li>Locuie\u0219te \u00een p\u0103durile montane \u0219i dealurile \u00eemp\u0103durite din sud-vestul Chinei \u0219i Myanmarului.<\/li><li>Prefer\u0103 p\u0103durile de conifere \u0219i foioase, cu vegeta\u021bie deas\u0103 \u0219i zone deschise unde poate c\u0103uta hran\u0103.<\/li><li>Poate tr\u0103i \u0219i \u00een zone de c\u00e2mpie, dar se simte mai confortabil \u00een regiunile montane.<\/li><li>\u00cen regiunile unde a fost introdus, ocup\u0103 habitate similare cu cele ale fazanului comun.<\/li><\/ul>\t\t\t\t\t\t\t\t<\/div>\n\t\t\t\t<\/div>\n\t\t\t\t\t<\/div>\n\t\t\t\t<\/div>\n\t\t<div class=\"elementor-element elementor-element-d502bd7 e-grid e-con-boxed e-con e-parent\" data-id=\"d502bd7\" data-element_type=\"container\" data-e-type=\"container\">\n\t\t\t\t\t<div class=\"e-con-inner\">\n\t\t<div class=\"elementor-element elementor-element-48e2c13 e-con-full animated-slow e-flex elementor-invisible e-con e-child\" data-id=\"48e2c13\" data-element_type=\"container\" data-e-type=\"container\" data-settings=\"{&quot;animation&quot;:&quot;fadeInLeft&quot;}\">\n\t\t\t\t<div class=\"elementor-element elementor-element-12f098c6 elementor-widget elementor-widget-heading\" data-id=\"12f098c6\" data-element_type=\"widget\" data-e-type=\"widget\" data-widget_type=\"heading.default\">\n\t\t\t\t<div class=\"elementor-widget-container\">\n\t\t\t\t\t<h1 class=\"elementor-heading-title elementor-size-default\">Hran\u0103:<\/h1>\t\t\t\t<\/div>\n\t\t\t\t<\/div>\n\t\t\t\t<div class=\"elementor-element elementor-element-6315aa37 elementor-widget elementor-widget-text-editor\" data-id=\"6315aa37\" data-element_type=\"widget\" data-e-type=\"widget\" data-widget_type=\"text-editor.default\">\n\t\t\t\t<div class=\"elementor-widget-container\">\n\t\t\t\t\t\t\t\t\t<ul><li>Este o pas\u0103re omnivor\u0103, cu o diet\u0103 variat\u0103 care include:<\/li><li>Semin\u021be \u0219i cereale (gr\u00e2u, mei, ov\u0103z).<\/li><li>Fructe \u0219i frunze (boabe de p\u0103dure, ghinde, frunze verzi).<\/li><li>Insecte \u0219i larve (g\u00e2ndaci, furnici, greieri).<\/li><li>Mici nevertebrate (melci, viermi).<\/li><\/ul><p>\u00cen captivitate, dieta sa este completat\u0103 cu legume \u0219i granule speciale pentru p\u0103s\u0103ri exotice.<\/p>\t\t\t\t\t\t\t\t<\/div>\n\t\t\t\t<\/div>\n\t\t\t\t<\/div>\n\t\t<div class=\"elementor-element elementor-element-2ad3debe e-con-full animated-slow e-flex elementor-invisible e-con e-child\" data-id=\"2ad3debe\" data-element_type=\"container\" data-e-type=\"container\" data-settings=\"{&quot;animation&quot;:&quot;fadeInRight&quot;}\">\n\t\t\t\t<div class=\"elementor-element elementor-element-36f7a60d elementor-widget elementor-widget-heading\" data-id=\"36f7a60d\" data-element_type=\"widget\" data-e-type=\"widget\" data-widget_type=\"heading.default\">\n\t\t\t\t<div class=\"elementor-widget-container\">\n\t\t\t\t\t<h1 class=\"elementor-heading-title elementor-size-default\">Conservare:<\/h1>\t\t\t\t<\/div>\n\t\t\t\t<\/div>\n\t\t\t\t<div class=\"elementor-element elementor-element-47b24482 elementor-widget elementor-widget-text-editor\" data-id=\"47b24482\" data-element_type=\"widget\" data-e-type=\"widget\" data-widget_type=\"text-editor.default\">\n\t\t\t\t<div class=\"elementor-widget-container\">\n\t\t\t\t\t\t\t\t\t<ul><li>Clasificat de IUCN ca \u201cneamenin\u021bat\u201d (LC), dar popula\u021biile s\u0103lbatice sunt \u00een sc\u0103dere.<\/li><li>Principalele amenin\u021b\u0103ri includ:<\/li><li>Defri\u0219\u0103rile masive din habitatul s\u0103u natural.<\/li><li>Braconajul pentru penele sale frumoase, folosite \u00een diverse ceremonii \u0219i obiecte decorative.<\/li><li>Hibridizarea cu alte specii de fazani \u00een captivitate, ceea ce poate duce la pierderea caracteristicilor sale genetice pure.<\/li><li>Exist\u0103 programe de reproducere \u00een captivitate pentru a men\u021bine popula\u021bia stabil\u0103.<\/li><\/ul>\t\t\t\t\t\t\t\t<\/div>\n\t\t\t\t<\/div>\n\t\t\t\t<\/div>\n\t\t\t\t\t<\/div>\n\t\t\t\t<\/div>\n\t\t\t\t<\/div>","protected":false},"excerpt":{"rendered":"<p>Fazan Diamant Denumire \u0219tiin\u021bific\u0103: Chrysolophus amherstiaeOrdin: GalliformesFamilie: PhasianidaeGen: ChrysolophusSpecie: Chrysolophus amherstiaeDistribu\u021bia pe glob: Originar din sud-vestul Chinei \u0219i nordul Myanmarului. A fost introdus \u00een Marea Britanie, Fran\u021ba \u0219i SUA, unde s-a adaptat bine. Se g\u0103se\u0219te \u0219i \u00een colec\u021bii private \u0219i gr\u0103dini zoologice din \u00eentreaga lumeDimensiuni: Lungime total\u0103: 90\u2013120 cm (majoritatea lungimii este dat\u0103 de coad\u0103); &hellip; <a href=\"https:\/\/bucurestizoo.ro\/en\/fazan-diamant\/\" class=\"more-link\">Continue reading <span class=\"screen-reader-text\">Fazan Diamant<\/span><\/a><\/p>","protected":false},"author":1,"featured_media":0,"parent":0,"menu_order":0,"comment_status":"closed","ping_status":"closed","template":"","meta":{"_monsterinsights_skip_tracking":false,"_monsterinsights_sitenote_active":false,"_monsterinsights_sitenote_note":"","_monsterinsights_sitenote_category":0,"footnotes":""},"class_list":["post-14380","page","type-page","status-publish","hentry"],"aioseo_notices":[],"_links":{"self":[{"href":"https:\/\/bucurestizoo.ro\/en\/wp-json\/wp\/v2\/pages\/14380","targetHints":{"allow":["GET"]}}],"collection":[{"href":"https:\/\/bucurestizoo.ro\/en\/wp-json\/wp\/v2\/pages"}],"about":[{"href":"https:\/\/bucurestizoo.ro\/en\/wp-json\/wp\/v2\/types\/page"}],"author":[{"embeddable":true,"href":"https:\/\/bucurestizoo.ro\/en\/wp-json\/wp\/v2\/users\/1"}],"replies":[{"embeddable":true,"href":"https:\/\/bucurestizoo.ro\/en\/wp-json\/wp\/v2\/comments?post=14380"}],"version-history":[{"count":4,"href":"https:\/\/bucurestizoo.ro\/en\/wp-json\/wp\/v2\/pages\/14380\/revisions"}],"predecessor-version":[{"id":14385,"href":"https:\/\/bucurestizoo.ro\/en\/wp-json\/wp\/v2\/pages\/14380\/revisions\/14385"}],"wp:attachment":[{"href":"https:\/\/bucurestizoo.ro\/en\/wp-json\/wp\/v2\/media?parent=14380"}],"curies":[{"name":"wp","href":"https:\/\/api.w.org\/{rel}","templated":true}]}}