{"id":14369,"date":"2025-03-31T05:21:48","date_gmt":"2025-03-31T03:21:48","guid":{"rendered":"https:\/\/n1.bucurestizoo.ro\/?page_id=14369"},"modified":"2025-03-31T05:26:23","modified_gmt":"2025-03-31T03:26:23","slug":"fazan-regal","status":"publish","type":"page","link":"https:\/\/bucurestizoo.ro\/en\/fazan-regal\/","title":{"rendered":"Fazan Regal"},"content":{"rendered":"<div data-elementor-type=\"wp-page\" data-elementor-id=\"14369\" class=\"elementor elementor-14369\" data-elementor-post-type=\"page\">\n\t\t\t\t<div class=\"elementor-element elementor-element-3b831b69 e-flex e-con-boxed e-con e-parent\" data-id=\"3b831b69\" data-element_type=\"container\" data-e-type=\"container\" data-settings=\"{&quot;background_background&quot;:&quot;classic&quot;}\">\n\t\t\t\t\t<div class=\"e-con-inner\">\n\t\t<div class=\"elementor-element elementor-element-679f2b7 e-con-full e-flex e-con e-child\" data-id=\"679f2b7\" data-element_type=\"container\" data-e-type=\"container\">\n\t\t<div class=\"elementor-element elementor-element-1572021e e-con-full animated-slow e-flex elementor-invisible e-con e-child\" data-id=\"1572021e\" data-element_type=\"container\" data-e-type=\"container\" data-settings=\"{&quot;animation&quot;:&quot;fadeInLeft&quot;}\">\n\t\t\t\t<div class=\"elementor-element elementor-element-7ff09c0b elementor-widget elementor-widget-heading\" data-id=\"7ff09c0b\" data-element_type=\"widget\" data-e-type=\"widget\" data-widget_type=\"heading.default\">\n\t\t\t\t<div class=\"elementor-widget-container\">\n\t\t\t\t\t<h1 class=\"elementor-heading-title elementor-size-default\">Fazan Regal<\/h1>\t\t\t\t<\/div>\n\t\t\t\t<\/div>\n\t\t\t\t<div class=\"elementor-element elementor-element-29e73559 elementor-widget elementor-widget-text-editor\" data-id=\"29e73559\" data-element_type=\"widget\" data-e-type=\"widget\" data-widget_type=\"text-editor.default\">\n\t\t\t\t<div class=\"elementor-widget-container\">\n\t\t\t\t\t\t\t\t\t<p><strong data-start=\"0\" data-end=\"25\">Denumire \u0219tiin\u021bific\u0103:<\/strong> Syrmaticus reevesii<br data-start=\"45\" data-end=\"48\" data-is-only-node=\"\" \/><strong data-start=\"48\" data-end=\"58\">Ordin:<\/strong> Galliformes<br data-start=\"70\" data-end=\"73\" \/><strong data-start=\"73\" data-end=\"85\">Familie:<\/strong> Phasianidae<br data-start=\"97\" data-end=\"100\" \/><strong data-start=\"100\" data-end=\"108\">Gen:<\/strong> Syrmaticus<br data-start=\"119\" data-end=\"122\" \/><strong data-start=\"122\" data-end=\"133\">Specie:<\/strong> Syrmaticus reevesii<br data-start=\"153\" data-end=\"156\" \/><strong data-start=\"156\" data-end=\"180\">Distribu\u021bia pe glob:<\/strong> Originar din China Central\u0103 \u0219i de Est, a fost introdus \u00een Marea Britanie, Fran\u021ba, SUA \u0219i Noua Zeeland\u0103, iar \u00een prezent tr\u0103ie\u0219te \u00een s\u0103lb\u0103ticie \u0219i \u00een captivitate \u00een mai multe regiuni temperate din lume<br data-start=\"380\" data-end=\"383\" \/><strong data-start=\"383\" data-end=\"398\">Dimensiuni:<\/strong> Lungime total\u0103: 150\u2013210 cm (masculii av\u00e2nd cea mai lung\u0103 coad\u0103 dintre to\u021bi fazanii); Lungime coad\u0103: 100\u2013160 cm<br data-start=\"509\" data-end=\"512\" \/><strong data-start=\"512\" data-end=\"525\">Greutate:<\/strong> Mascul: 1,5\u20132 kg; Femel\u0103: 900 g\u20131,2 kg<br data-start=\"564\" data-end=\"567\" \/><strong data-start=\"567\" data-end=\"593\">Perioada de incuba\u021bie:<\/strong> 24\u201325 zile<br data-start=\"604\" data-end=\"607\" \/><strong data-start=\"607\" data-end=\"624\">Num\u0103r de pui:<\/strong> 5\u201312 ou\u0103 per pont\u0103<br data-start=\"643\" data-end=\"646\" \/><strong data-start=\"646\" data-end=\"668\">Speran\u021b\u0103 de via\u021b\u0103:<\/strong> \u00cen s\u0103lb\u0103ticie: 6\u20138 ani; \u00een captivitate: p\u00e2n\u0103 la 15 ani<\/p>\t\t\t\t\t\t\t\t<\/div>\n\t\t\t\t<\/div>\n\t\t\t\t<\/div>\n\t\t\t\t<div class=\"elementor-element elementor-element-769eec44 elementor-widget-tablet__width-inherit animated-slow elementor-invisible elementor-widget elementor-widget-image\" data-id=\"769eec44\" data-element_type=\"widget\" data-e-type=\"widget\" data-settings=\"{&quot;_animation&quot;:&quot;fadeInRight&quot;}\" data-widget_type=\"image.default\">\n\t\t\t\t<div class=\"elementor-widget-container\">\n\t\t\t\t\t\t\t\t\t\t\t\t\t\t\t<img fetchpriority=\"high\" decoding=\"async\" width=\"847\" height=\"556\" src=\"https:\/\/bucurestizoo.ro\/wp-content\/uploads\/2025\/03\/fazan-regal-dt_1-Large-1024x672.jpeg\" class=\"attachment-large size-large wp-image-14368\" alt=\"\" srcset=\"https:\/\/bucurestizoo.ro\/wp-content\/uploads\/2025\/03\/fazan-regal-dt_1-Large-1024x672.jpeg 1024w, https:\/\/bucurestizoo.ro\/wp-content\/uploads\/2025\/03\/fazan-regal-dt_1-Large-300x197.jpeg 300w, https:\/\/bucurestizoo.ro\/wp-content\/uploads\/2025\/03\/fazan-regal-dt_1-Large-768x504.jpeg 768w, https:\/\/bucurestizoo.ro\/wp-content\/uploads\/2025\/03\/fazan-regal-dt_1-Large-457x300.jpeg 457w, https:\/\/bucurestizoo.ro\/wp-content\/uploads\/2025\/03\/fazan-regal-dt_1-Large-650x427.jpeg 650w, https:\/\/bucurestizoo.ro\/wp-content\/uploads\/2025\/03\/fazan-regal-dt_1-Large.jpeg 1280w\" sizes=\"(max-width: 847px) 100vw, 847px\" data-id=\"14368\" \/>\t\t\t\t\t\t\t\t\t\t\t\t\t\t\t<\/div>\n\t\t\t\t<\/div>\n\t\t\t\t<\/div>\n\t\t\t\t\t<\/div>\n\t\t\t\t<\/div>\n\t\t<div class=\"elementor-element elementor-element-550fe23f animated-slow e-flex e-con-boxed elementor-invisible e-con e-parent\" data-id=\"550fe23f\" data-element_type=\"container\" data-e-type=\"container\" data-settings=\"{&quot;animation&quot;:&quot;fadeInLeft&quot;}\">\n\t\t\t\t\t<div class=\"e-con-inner\">\n\t\t\t\t<div class=\"elementor-element elementor-element-450f0a46 elementor-widget elementor-widget-heading\" data-id=\"450f0a46\" data-element_type=\"widget\" data-e-type=\"widget\" data-widget_type=\"heading.default\">\n\t\t\t\t<div class=\"elementor-widget-container\">\n\t\t\t\t\t<h1 class=\"elementor-heading-title elementor-size-default\">General:<\/h1>\t\t\t\t<\/div>\n\t\t\t\t<\/div>\n\t\t\t\t<div class=\"elementor-element elementor-element-30f1698e elementor-widget elementor-widget-text-editor\" data-id=\"30f1698e\" data-element_type=\"widget\" data-e-type=\"widget\" data-widget_type=\"text-editor.default\">\n\t\t\t\t<div class=\"elementor-widget-container\">\n\t\t\t\t\t\t\t\t\t<ul><li>Fazanul Regal este faimos pentru coada sa lung\u0103 \u0219i elegant\u0103, care poate dep\u0103\u0219i 1,5 metri, fiind astfel cel mai lung fazan din lume.<\/li><li>Masculii au un penaj spectaculos, cu un corp auriu \u0219i cap alb cu un model distinct de masc\u0103 neagr\u0103.<\/li><li>Spre deosebire de masculi, femelele sunt de culoare brun-deschis, oferindu-le un excelent camuflaj \u00een vegeta\u021bia deas\u0103.<\/li><li>Sunt p\u0103s\u0103ri solitare, masculii fiind teritoriali \u0219i agresivi \u00een sezonul de \u00eemperechere.<\/li><li>Sunetul lor este ascu\u021bit \u0219i p\u0103trunz\u0103tor, servind la comunicare \u00eentre indivizi.<\/li><li>De\u0219i pot zbura, prefer\u0103 s\u0103 se deplaseze alerg\u00e2nd \u0219i pot atinge viteze mari pe sol.<\/li><li>\u00cen cultura asiatic\u0103, este un simbol al noble\u021bei \u0219i prosperit\u0103\u021bii.<\/li><li>Este un fazan foarte rezistent, adapt\u00e2ndu-se la diferite climate.<\/li><li>Coada masculului poate cre\u0219te p\u00e2n\u0103 la 1,6 metri, fiind cea mai lung\u0103 coad\u0103 dintre to\u021bi fazanii.<\/li><li>Masculii devin foarte agresivi \u00een perioada de \u00eemperechere \u0219i pot alerga rapid pentru a-\u0219i ap\u0103ra teritoriul.<\/li><li>Spre deosebire de alte specii de fazani, nu sunt foarte vocali, dar scot sunete scurte \u0219i puternice pentru a semnala pericolul.<\/li><li>Dac\u0103 sunt deranja\u021bi, pot zbura brusc \u0219i puternic, emi\u021b\u00e2nd un zgomot puternic de b\u0103t\u0103i de aripi.<\/li><li>\u00cen cultura chinez\u0103, este considerat un simbol al longevit\u0103\u021bii \u0219i puterii.<\/li><\/ul>\t\t\t\t\t\t\t\t<\/div>\n\t\t\t\t<\/div>\n\t\t\t\t\t<\/div>\n\t\t\t\t<\/div>\n\t\t<div class=\"elementor-element elementor-element-35a85092 e-flex e-con-boxed e-con e-parent\" data-id=\"35a85092\" data-element_type=\"container\" data-e-type=\"container\">\n\t\t\t\t\t<div class=\"e-con-inner\">\n\t\t\t\t<div class=\"elementor-element elementor-element-7b16beb7 elementor-widget elementor-widget-gallery\" data-id=\"7b16beb7\" data-element_type=\"widget\" data-e-type=\"widget\" data-settings=\"{&quot;columns&quot;:2,&quot;lazyload&quot;:&quot;yes&quot;,&quot;gallery_layout&quot;:&quot;grid&quot;,&quot;columns_tablet&quot;:2,&quot;columns_mobile&quot;:1,&quot;gap&quot;:{&quot;unit&quot;:&quot;px&quot;,&quot;size&quot;:10,&quot;sizes&quot;:[]},&quot;gap_tablet&quot;:{&quot;unit&quot;:&quot;px&quot;,&quot;size&quot;:10,&quot;sizes&quot;:[]},&quot;gap_mobile&quot;:{&quot;unit&quot;:&quot;px&quot;,&quot;size&quot;:10,&quot;sizes&quot;:[]},&quot;link_to&quot;:&quot;file&quot;,&quot;aspect_ratio&quot;:&quot;3:2&quot;,&quot;overlay_background&quot;:&quot;yes&quot;,&quot;content_hover_animation&quot;:&quot;fade-in&quot;}\" data-widget_type=\"gallery.default\">\n\t\t\t\t<div class=\"elementor-widget-container\">\n\t\t\t\t\t\t\t<div class=\"elementor-gallery__container\">\n\t\t\t\t\t\t\t<a class=\"e-gallery-item elementor-gallery-item elementor-animated-content\" href=\"https:\/\/bucurestizoo.ro\/wp-content\/uploads\/2025\/03\/fazan-regal-dt_3-Large.jpeg\" data-elementor-open-lightbox=\"yes\" data-elementor-lightbox-slideshow=\"7b16beb7\" data-elementor-lightbox-title=\"fazan regal dt_3 Large\" data-e-action-hash=\"#elementor-action%3Aaction%3Dlightbox%26settings%3DeyJpZCI6MTQzNjcsInVybCI6Imh0dHBzOlwvXC9idWN1cmVzdGl6b28ucm9cL3dwLWNvbnRlbnRcL3VwbG9hZHNcLzIwMjVcLzAzXC9mYXphbi1yZWdhbC1kdF8zLUxhcmdlLmpwZWciLCJzbGlkZXNob3ciOiI3YjE2YmViNyJ9\">\n\t\t\t\t\t<div class=\"e-gallery-image elementor-gallery-item__image\" data-thumbnail=\"https:\/\/bucurestizoo.ro\/wp-content\/uploads\/2025\/03\/fazan-regal-dt_3-Large-1024x681.jpeg\" data-width=\"847\" data-height=\"563\" aria-label=\"\" role=\"img\" ><\/div>\n\t\t\t\t\t\t\t\t\t\t\t<div class=\"elementor-gallery-item__overlay\"><\/div>\n\t\t\t\t\t\t\t\t\t\t\t\t\t\t<\/a>\n\t\t\t\t\t\t\t<a class=\"e-gallery-item elementor-gallery-item elementor-animated-content\" href=\"https:\/\/bucurestizoo.ro\/wp-content\/uploads\/2025\/03\/fazan-regal-dt_2-Large.jpeg\" data-elementor-open-lightbox=\"yes\" data-elementor-lightbox-slideshow=\"7b16beb7\" data-elementor-lightbox-title=\"fazan regal dt_2 Large\" data-e-action-hash=\"#elementor-action%3Aaction%3Dlightbox%26settings%3DeyJpZCI6MTQzNjYsInVybCI6Imh0dHBzOlwvXC9idWN1cmVzdGl6b28ucm9cL3dwLWNvbnRlbnRcL3VwbG9hZHNcLzIwMjVcLzAzXC9mYXphbi1yZWdhbC1kdF8yLUxhcmdlLmpwZWciLCJzbGlkZXNob3ciOiI3YjE2YmViNyJ9\">\n\t\t\t\t\t<div class=\"e-gallery-image elementor-gallery-item__image\" data-thumbnail=\"https:\/\/bucurestizoo.ro\/wp-content\/uploads\/2025\/03\/fazan-regal-dt_2-Large-1024x683.jpeg\" data-width=\"847\" data-height=\"565\" aria-label=\"\" role=\"img\" ><\/div>\n\t\t\t\t\t\t\t\t\t\t\t<div class=\"elementor-gallery-item__overlay\"><\/div>\n\t\t\t\t\t\t\t\t\t\t\t\t\t\t<\/a>\n\t\t\t\t\t<\/div>\n\t\t\t\t\t<\/div>\n\t\t\t\t<\/div>\n\t\t\t\t\t<\/div>\n\t\t\t\t<\/div>\n\t\t<div class=\"elementor-element elementor-element-6e445fb0 animated-slow e-flex e-con-boxed elementor-invisible e-con e-parent\" data-id=\"6e445fb0\" data-element_type=\"container\" data-e-type=\"container\" data-settings=\"{&quot;animation&quot;:&quot;fadeInRight&quot;}\">\n\t\t\t\t\t<div class=\"e-con-inner\">\n\t\t\t\t<div class=\"elementor-element elementor-element-1ff1aeb8 elementor-widget elementor-widget-heading\" data-id=\"1ff1aeb8\" data-element_type=\"widget\" data-e-type=\"widget\" data-widget_type=\"heading.default\">\n\t\t\t\t<div class=\"elementor-widget-container\">\n\t\t\t\t\t<h1 class=\"elementor-heading-title elementor-size-default\">Habitat:<\/h1>\t\t\t\t<\/div>\n\t\t\t\t<\/div>\n\t\t\t\t<div class=\"elementor-element elementor-element-32ea7f73 elementor-widget elementor-widget-text-editor\" data-id=\"32ea7f73\" data-element_type=\"widget\" data-e-type=\"widget\" data-widget_type=\"text-editor.default\">\n\t\t\t\t<div class=\"elementor-widget-container\">\n\t\t\t\t\t\t\t\t\t<ul><li>Tr\u0103ie\u0219te \u00een p\u0103durile montane \u0219i dealurile \u00eemp\u0103durite din China.<\/li><li>Prefer\u0103 p\u0103durile mixte, cu arbu\u0219ti de\u0219i \u0219i poieni deschise unde poate c\u0103uta hran\u0103.<\/li><li>Poate fi \u00eent\u00e2lnit \u0219i \u00een zone de c\u00e2mpie \u0219i pe terenuri agricole, unde \u00ee\u0219i g\u0103se\u0219te hran\u0103 cu u\u0219urin\u021b\u0103.<\/li><li>Se adapteaz\u0103 la climate temperate \u0219i reci, rezist\u00e2nd bine iernilor aspre.<\/li><li>\u00cen regiunile unde a fost introdus, poate ocupa habitate similare cu cele ale fazanului comun.<\/li><\/ul>\t\t\t\t\t\t\t\t<\/div>\n\t\t\t\t<\/div>\n\t\t\t\t\t<\/div>\n\t\t\t\t<\/div>\n\t\t<div class=\"elementor-element elementor-element-2a1e6c36 e-grid e-con-boxed e-con e-parent\" data-id=\"2a1e6c36\" data-element_type=\"container\" data-e-type=\"container\">\n\t\t\t\t\t<div class=\"e-con-inner\">\n\t\t<div class=\"elementor-element elementor-element-2e003037 e-con-full animated-slow e-flex elementor-invisible e-con e-child\" data-id=\"2e003037\" data-element_type=\"container\" data-e-type=\"container\" data-settings=\"{&quot;animation&quot;:&quot;fadeInLeft&quot;}\">\n\t\t\t\t<div class=\"elementor-element elementor-element-50dc74d5 elementor-widget elementor-widget-heading\" data-id=\"50dc74d5\" data-element_type=\"widget\" data-e-type=\"widget\" data-widget_type=\"heading.default\">\n\t\t\t\t<div class=\"elementor-widget-container\">\n\t\t\t\t\t<h1 class=\"elementor-heading-title elementor-size-default\">Hran\u0103:<\/h1>\t\t\t\t<\/div>\n\t\t\t\t<\/div>\n\t\t\t\t<div class=\"elementor-element elementor-element-2653655e elementor-widget elementor-widget-text-editor\" data-id=\"2653655e\" data-element_type=\"widget\" data-e-type=\"widget\" data-widget_type=\"text-editor.default\">\n\t\t\t\t<div class=\"elementor-widget-container\">\n\t\t\t\t\t\t\t\t\t<ul><li>Fazanul regal este omnivor, consum\u00e2nd o gam\u0103 variat\u0103 de alimente:<\/li><li>Semin\u021be \u0219i cereale (gr\u00e2u, porumb, orz).<\/li><li>Fructe \u0219i frunze (meri\u0219oare, ghinde, frunze verzi).<\/li><li>Insecte \u0219i larve (greieri, omizi, furnici).<\/li><li>Mici nevertebrate (melci, viermi).<\/li><li>Hrana sa variaz\u0103 \u00een func\u021bie de sezon, fiind mai bogat\u0103 \u00een proteine \u00een timpul verii \u0219i mai bazat\u0103 pe semin\u021be \u0219i fructe toamna \u0219i iarna.<\/li><\/ul>\t\t\t\t\t\t\t\t<\/div>\n\t\t\t\t<\/div>\n\t\t\t\t<\/div>\n\t\t<div class=\"elementor-element elementor-element-2eca40c e-con-full animated-slow e-flex elementor-invisible e-con e-child\" data-id=\"2eca40c\" data-element_type=\"container\" data-e-type=\"container\" data-settings=\"{&quot;animation&quot;:&quot;fadeInRight&quot;}\">\n\t\t\t\t<div class=\"elementor-element elementor-element-30ffb8b7 elementor-widget elementor-widget-heading\" data-id=\"30ffb8b7\" data-element_type=\"widget\" data-e-type=\"widget\" data-widget_type=\"heading.default\">\n\t\t\t\t<div class=\"elementor-widget-container\">\n\t\t\t\t\t<h1 class=\"elementor-heading-title elementor-size-default\">Conservare:<\/h1>\t\t\t\t<\/div>\n\t\t\t\t<\/div>\n\t\t\t\t<div class=\"elementor-element elementor-element-2b8a20e7 elementor-widget elementor-widget-text-editor\" data-id=\"2b8a20e7\" data-element_type=\"widget\" data-e-type=\"widget\" data-widget_type=\"text-editor.default\">\n\t\t\t\t<div class=\"elementor-widget-container\">\n\t\t\t\t\t\t\t\t\t<p>Clasificat de IUCN ca \u201caproape amenin\u021bat\u201d (NT), popula\u021biile sale fiind \u00een sc\u0103dere.<\/p><p>Principalele amenin\u021b\u0103ri sunt:<\/p><ul><li>Defri\u0219area habitatului natural.<\/li><li>Braconajul pentru penele sale spectaculoase, folosite \u00een diverse culturi asiatice.<\/li><li>Introducerea fazanului comun, cu care concureaz\u0103 pentru hran\u0103 \u0219i teritoriu.<\/li><\/ul><p>\u00cen unele zone, sunt proteja\u021bi prin rezerva\u021bii naturale \u0219i programe de reproducere \u00een captivitate.<\/p>\t\t\t\t\t\t\t\t<\/div>\n\t\t\t\t<\/div>\n\t\t\t\t<\/div>\n\t\t\t\t\t<\/div>\n\t\t\t\t<\/div>\n\t\t\t\t<\/div>","protected":false},"excerpt":{"rendered":"<p>Fazan Regal Denumire \u0219tiin\u021bific\u0103: Syrmaticus reevesiiOrdin: GalliformesFamilie: PhasianidaeGen: SyrmaticusSpecie: Syrmaticus reevesiiDistribu\u021bia pe glob: Originar din China Central\u0103 \u0219i de Est, a fost introdus \u00een Marea Britanie, Fran\u021ba, SUA \u0219i Noua Zeeland\u0103, iar \u00een prezent tr\u0103ie\u0219te \u00een s\u0103lb\u0103ticie \u0219i \u00een captivitate \u00een mai multe regiuni temperate din lumeDimensiuni: Lungime total\u0103: 150\u2013210 cm (masculii av\u00e2nd cea mai &hellip; <a href=\"https:\/\/bucurestizoo.ro\/en\/fazan-regal\/\" class=\"more-link\">Continue reading <span class=\"screen-reader-text\">Fazan Regal<\/span><\/a><\/p>","protected":false},"author":1,"featured_media":0,"parent":0,"menu_order":0,"comment_status":"closed","ping_status":"closed","template":"","meta":{"_monsterinsights_skip_tracking":false,"_monsterinsights_sitenote_active":false,"_monsterinsights_sitenote_note":"","_monsterinsights_sitenote_category":0,"footnotes":""},"class_list":["post-14369","page","type-page","status-publish","hentry"],"aioseo_notices":[],"_links":{"self":[{"href":"https:\/\/bucurestizoo.ro\/en\/wp-json\/wp\/v2\/pages\/14369","targetHints":{"allow":["GET"]}}],"collection":[{"href":"https:\/\/bucurestizoo.ro\/en\/wp-json\/wp\/v2\/pages"}],"about":[{"href":"https:\/\/bucurestizoo.ro\/en\/wp-json\/wp\/v2\/types\/page"}],"author":[{"embeddable":true,"href":"https:\/\/bucurestizoo.ro\/en\/wp-json\/wp\/v2\/users\/1"}],"replies":[{"embeddable":true,"href":"https:\/\/bucurestizoo.ro\/en\/wp-json\/wp\/v2\/comments?post=14369"}],"version-history":[{"count":4,"href":"https:\/\/bucurestizoo.ro\/en\/wp-json\/wp\/v2\/pages\/14369\/revisions"}],"predecessor-version":[{"id":14374,"href":"https:\/\/bucurestizoo.ro\/en\/wp-json\/wp\/v2\/pages\/14369\/revisions\/14374"}],"wp:attachment":[{"href":"https:\/\/bucurestizoo.ro\/en\/wp-json\/wp\/v2\/media?parent=14369"}],"curies":[{"name":"wp","href":"https:\/\/api.w.org\/{rel}","templated":true}]}}