{"id":14351,"date":"2025-03-31T04:53:36","date_gmt":"2025-03-31T02:53:36","guid":{"rendered":"https:\/\/n1.bucurestizoo.ro\/?page_id=14351"},"modified":"2025-03-31T05:06:50","modified_gmt":"2025-03-31T03:06:50","slug":"fazan-argintiu","status":"publish","type":"page","link":"https:\/\/bucurestizoo.ro\/en\/fazan-argintiu\/","title":{"rendered":"Fazan Argintiu"},"content":{"rendered":"<div data-elementor-type=\"wp-page\" data-elementor-id=\"14351\" class=\"elementor elementor-14351\" data-elementor-post-type=\"page\">\n\t\t\t\t<div class=\"elementor-element elementor-element-471973fd e-flex e-con-boxed e-con e-parent\" data-id=\"471973fd\" data-element_type=\"container\" data-e-type=\"container\" data-settings=\"{&quot;background_background&quot;:&quot;classic&quot;}\">\n\t\t\t\t\t<div class=\"e-con-inner\">\n\t\t<div class=\"elementor-element elementor-element-189bd944 e-con-full e-flex e-con e-child\" data-id=\"189bd944\" data-element_type=\"container\" data-e-type=\"container\">\n\t\t<div class=\"elementor-element elementor-element-115de30e e-con-full animated-slow e-flex elementor-invisible e-con e-child\" data-id=\"115de30e\" data-element_type=\"container\" data-e-type=\"container\" data-settings=\"{&quot;animation&quot;:&quot;fadeInLeft&quot;}\">\n\t\t\t\t<div class=\"elementor-element elementor-element-248611a0 elementor-widget elementor-widget-heading\" data-id=\"248611a0\" data-element_type=\"widget\" data-e-type=\"widget\" data-widget_type=\"heading.default\">\n\t\t\t\t<div class=\"elementor-widget-container\">\n\t\t\t\t\t<h1 class=\"elementor-heading-title elementor-size-default\">FAZAN ARGINTIU <\/h1>\t\t\t\t<\/div>\n\t\t\t\t<\/div>\n\t\t\t\t<div class=\"elementor-element elementor-element-38a8fd31 elementor-widget elementor-widget-text-editor\" data-id=\"38a8fd31\" data-element_type=\"widget\" data-e-type=\"widget\" data-widget_type=\"text-editor.default\">\n\t\t\t\t<div class=\"elementor-widget-container\">\n\t\t\t\t\t\t\t\t\t<p><strong>Denumire \u0219tiin\u021bific\u0103:<\/strong> Lophura nycthemera<br \/><strong>Ordin:<\/strong> Galliformes<br \/><strong>Familie:<\/strong> Phasianidae<br \/><strong>Gen:<\/strong> Lophura<br \/><strong>Specie:<\/strong> Lophura nycthemera<br \/><strong>Distribu\u021bia pe glob:<\/strong> Originar din Asia de Sud-Est, fazanul argintiu se g\u0103se\u0219te \u00een China, Thailanda, Myanmar, Laos, Vietnam \u0219i Cambodgia. A fost introdus \u0219i \u00een alte regiuni, inclusiv \u00een gr\u0103dini zoologice \u0219i parcuri din \u00eentreaga lume<br \/><strong>Dimensiuni:<\/strong> Mascul: 120-130 cm lungime (inclusiv coada lung\u0103), Femela: 70-90 cm lungime; Coada masculului poate ajunge la 75 cm<br \/><strong>Greutate:<\/strong> Mascul: 1,1\u20132 kg, Femela: 0,8\u20131,2 kg<br \/><strong>Perioada de incuba\u021bie:<\/strong> 24-26 zile<br \/><strong>Num\u0103r de pui:<\/strong> 6-12 ou\u0103 pe pont\u0103<br \/><strong>Speran\u021b\u0103 de via\u021b\u0103:<\/strong> \u00cen s\u0103lb\u0103ticie: 5-7 ani; \u00een captivitate: p\u00e2n\u0103 la 15 ani<\/p>\t\t\t\t\t\t\t\t<\/div>\n\t\t\t\t<\/div>\n\t\t\t\t<\/div>\n\t\t\t\t<div class=\"elementor-element elementor-element-51bf7ff elementor-widget-tablet__width-inherit animated-slow elementor-invisible elementor-widget elementor-widget-image\" data-id=\"51bf7ff\" data-element_type=\"widget\" data-e-type=\"widget\" data-settings=\"{&quot;_animation&quot;:&quot;fadeInRight&quot;}\" data-widget_type=\"image.default\">\n\t\t\t\t<div class=\"elementor-widget-container\">\n\t\t\t\t\t\t\t\t\t\t\t\t\t\t\t<img fetchpriority=\"high\" decoding=\"async\" width=\"847\" height=\"570\" src=\"https:\/\/bucurestizoo.ro\/wp-content\/uploads\/2025\/03\/fazan-argintiu-dt_3-Large-1024x689.jpeg\" class=\"attachment-large size-large wp-image-14349\" alt=\"\" srcset=\"https:\/\/bucurestizoo.ro\/wp-content\/uploads\/2025\/03\/fazan-argintiu-dt_3-Large-1024x689.jpeg 1024w, https:\/\/bucurestizoo.ro\/wp-content\/uploads\/2025\/03\/fazan-argintiu-dt_3-Large-300x202.jpeg 300w, https:\/\/bucurestizoo.ro\/wp-content\/uploads\/2025\/03\/fazan-argintiu-dt_3-Large-768x517.jpeg 768w, https:\/\/bucurestizoo.ro\/wp-content\/uploads\/2025\/03\/fazan-argintiu-dt_3-Large-446x300.jpeg 446w, https:\/\/bucurestizoo.ro\/wp-content\/uploads\/2025\/03\/fazan-argintiu-dt_3-Large-650x437.jpeg 650w, https:\/\/bucurestizoo.ro\/wp-content\/uploads\/2025\/03\/fazan-argintiu-dt_3-Large.jpeg 1280w\" sizes=\"(max-width: 847px) 100vw, 847px\" data-id=\"14349\" \/>\t\t\t\t\t\t\t\t\t\t\t\t\t\t\t<\/div>\n\t\t\t\t<\/div>\n\t\t\t\t<\/div>\n\t\t\t\t\t<\/div>\n\t\t\t\t<\/div>\n\t\t<div class=\"elementor-element elementor-element-7d3a6e4f animated-slow e-flex e-con-boxed elementor-invisible e-con e-parent\" data-id=\"7d3a6e4f\" data-element_type=\"container\" data-e-type=\"container\" data-settings=\"{&quot;animation&quot;:&quot;fadeInLeft&quot;}\">\n\t\t\t\t\t<div class=\"e-con-inner\">\n\t\t\t\t<div class=\"elementor-element elementor-element-78dd60b7 elementor-widget elementor-widget-heading\" data-id=\"78dd60b7\" data-element_type=\"widget\" data-e-type=\"widget\" data-widget_type=\"heading.default\">\n\t\t\t\t<div class=\"elementor-widget-container\">\n\t\t\t\t\t<h1 class=\"elementor-heading-title elementor-size-default\">General:<\/h1>\t\t\t\t<\/div>\n\t\t\t\t<\/div>\n\t\t\t\t<div class=\"elementor-element elementor-element-7dc6c535 elementor-widget elementor-widget-text-editor\" data-id=\"7dc6c535\" data-element_type=\"widget\" data-e-type=\"widget\" data-widget_type=\"text-editor.default\">\n\t\t\t\t<div class=\"elementor-widget-container\">\n\t\t\t\t\t\t\t\t\t<ul><li>Fazanul argintiu este o pas\u0103re de o frumuse\u021be excep\u021bional\u0103, masculii av\u00e2nd un penaj alb-argintiu cu modele negre \u0219i o coad\u0103 lung\u0103 \u0219i elegant\u0103. Femelele sunt maron-cenu\u0219ii, ceea ce le ajut\u0103 s\u0103 se camufleze \u00een vegeta\u021bie.<\/li><li>Masculii au un caruncul ro\u0219u pe fa\u021b\u0103 \u0219i picioare ro\u0219ii, care devin \u0219i mai vii \u00een sezonul de \u00eemperechere.<\/li><li>Sunt p\u0103s\u0103ri teritoriale, iar masculii pot deveni agresivi dac\u0103 percep o amenin\u021bare.<\/li><li>Se deplaseaz\u0103 mai mult pe sol dec\u00e2t \u00een aer, de\u0219i pot zbura dac\u0103 este necesar.<\/li><li>Sunt monogami sau tr\u0103iesc \u00een grupuri mici, mai ales \u00een afara sezonului de reproducere.<\/li><li>Fazanii argintii sunt cunoscu\u021bi pentru vocalizele lor, masculii sco\u021b\u00e2nd sunete puternice pentru a-\u0219i marca teritoriul.<\/li><li>Pot fi dresa\u021bi \u0219i sunt uneori \u021binu\u021bi ca p\u0103s\u0103ri ornamentale \u00een gr\u0103dini \u0219i parcuri datorit\u0103 aspectului lor impresionant.<\/li><li>De\u0219i este o pas\u0103re frumoas\u0103 \u0219i elegant\u0103, alearg\u0103 mai repede dec\u00e2t zboar\u0103 \u0219i prefer\u0103 s\u0103 fug\u0103 dec\u00e2t s\u0103 \u00ee\u0219i ia zborul.<\/li><li>Masculii pot deveni extrem de protectivi fa\u021b\u0103 de femele \u0219i teritoriu, atac\u00e2nd alte p\u0103s\u0103ri sau chiar oameni dac\u0103 simt o amenin\u021bare.<\/li><li>\u00cen unele culturi asiatice, fazanul argintiu este simbol al norocului \u0219i puterii.<\/li><li>\u00cen captivitate, pot \u00eenv\u0103\u021ba s\u0103 r\u0103spund\u0103 la numele lor \u0219i chiar s\u0103 vin\u0103 c\u00e2nd sunt chema\u021bi.<\/li><li>Pot tr\u0103i \u00een grupuri mici, conduse de un mascul dominant, care \u00ee\u0219i alege \u0219i p\u0103ze\u0219te \u201eharemul\u201d de femele.<\/li><\/ul>\t\t\t\t\t\t\t\t<\/div>\n\t\t\t\t<\/div>\n\t\t\t\t\t<\/div>\n\t\t\t\t<\/div>\n\t\t<div class=\"elementor-element elementor-element-55bd8bd4 e-flex e-con-boxed e-con e-parent\" data-id=\"55bd8bd4\" data-element_type=\"container\" data-e-type=\"container\">\n\t\t\t\t\t<div class=\"e-con-inner\">\n\t\t\t\t<div class=\"elementor-element elementor-element-457b853e elementor-widget elementor-widget-gallery\" data-id=\"457b853e\" data-element_type=\"widget\" data-e-type=\"widget\" data-settings=\"{&quot;columns&quot;:2,&quot;lazyload&quot;:&quot;yes&quot;,&quot;gallery_layout&quot;:&quot;grid&quot;,&quot;columns_tablet&quot;:2,&quot;columns_mobile&quot;:1,&quot;gap&quot;:{&quot;unit&quot;:&quot;px&quot;,&quot;size&quot;:10,&quot;sizes&quot;:[]},&quot;gap_tablet&quot;:{&quot;unit&quot;:&quot;px&quot;,&quot;size&quot;:10,&quot;sizes&quot;:[]},&quot;gap_mobile&quot;:{&quot;unit&quot;:&quot;px&quot;,&quot;size&quot;:10,&quot;sizes&quot;:[]},&quot;link_to&quot;:&quot;file&quot;,&quot;aspect_ratio&quot;:&quot;3:2&quot;,&quot;overlay_background&quot;:&quot;yes&quot;,&quot;content_hover_animation&quot;:&quot;fade-in&quot;}\" data-widget_type=\"gallery.default\">\n\t\t\t\t<div class=\"elementor-widget-container\">\n\t\t\t\t\t\t\t<div class=\"elementor-gallery__container\">\n\t\t\t\t\t\t\t<a class=\"e-gallery-item elementor-gallery-item elementor-animated-content\" href=\"https:\/\/bucurestizoo.ro\/wp-content\/uploads\/2025\/03\/fazan-argintiu-dt_3-Large.jpeg\" data-elementor-open-lightbox=\"yes\" data-elementor-lightbox-slideshow=\"457b853e\" data-elementor-lightbox-title=\"fazan argintiu dt_3 Large\" data-e-action-hash=\"#elementor-action%3Aaction%3Dlightbox%26settings%3DeyJpZCI6MTQzNDksInVybCI6Imh0dHBzOlwvXC9idWN1cmVzdGl6b28ucm9cL3dwLWNvbnRlbnRcL3VwbG9hZHNcLzIwMjVcLzAzXC9mYXphbi1hcmdpbnRpdS1kdF8zLUxhcmdlLmpwZWciLCJzbGlkZXNob3ciOiI0NTdiODUzZSJ9\">\n\t\t\t\t\t<div class=\"e-gallery-image elementor-gallery-item__image\" data-thumbnail=\"https:\/\/bucurestizoo.ro\/wp-content\/uploads\/2025\/03\/fazan-argintiu-dt_3-Large-1024x689.jpeg\" data-width=\"847\" data-height=\"570\" aria-label=\"\" role=\"img\" ><\/div>\n\t\t\t\t\t\t\t\t\t\t\t<div class=\"elementor-gallery-item__overlay\"><\/div>\n\t\t\t\t\t\t\t\t\t\t\t\t\t\t<\/a>\n\t\t\t\t\t\t\t<a class=\"e-gallery-item elementor-gallery-item elementor-animated-content\" href=\"https:\/\/bucurestizoo.ro\/wp-content\/uploads\/2025\/03\/fazan-argintiu-dt_2-Large.jpeg\" data-elementor-open-lightbox=\"yes\" data-elementor-lightbox-slideshow=\"457b853e\" data-elementor-lightbox-title=\"fazan argintiu dt_2 Large\" data-e-action-hash=\"#elementor-action%3Aaction%3Dlightbox%26settings%3DeyJpZCI6MTQzNDgsInVybCI6Imh0dHBzOlwvXC9idWN1cmVzdGl6b28ucm9cL3dwLWNvbnRlbnRcL3VwbG9hZHNcLzIwMjVcLzAzXC9mYXphbi1hcmdpbnRpdS1kdF8yLUxhcmdlLmpwZWciLCJzbGlkZXNob3ciOiI0NTdiODUzZSJ9\">\n\t\t\t\t\t<div class=\"e-gallery-image elementor-gallery-item__image\" data-thumbnail=\"https:\/\/bucurestizoo.ro\/wp-content\/uploads\/2025\/03\/fazan-argintiu-dt_2-Large-1024x656.jpeg\" data-width=\"847\" data-height=\"543\" aria-label=\"\" role=\"img\" ><\/div>\n\t\t\t\t\t\t\t\t\t\t\t<div class=\"elementor-gallery-item__overlay\"><\/div>\n\t\t\t\t\t\t\t\t\t\t\t\t\t\t<\/a>\n\t\t\t\t\t<\/div>\n\t\t\t\t\t<\/div>\n\t\t\t\t<\/div>\n\t\t\t\t\t<\/div>\n\t\t\t\t<\/div>\n\t\t<div class=\"elementor-element elementor-element-24ba3912 animated-slow e-flex e-con-boxed elementor-invisible e-con e-parent\" data-id=\"24ba3912\" data-element_type=\"container\" data-e-type=\"container\" data-settings=\"{&quot;animation&quot;:&quot;fadeInRight&quot;}\">\n\t\t\t\t\t<div class=\"e-con-inner\">\n\t\t\t\t<div class=\"elementor-element elementor-element-24becb99 elementor-widget elementor-widget-heading\" data-id=\"24becb99\" data-element_type=\"widget\" data-e-type=\"widget\" data-widget_type=\"heading.default\">\n\t\t\t\t<div class=\"elementor-widget-container\">\n\t\t\t\t\t<h1 class=\"elementor-heading-title elementor-size-default\">Habitat:<\/h1>\t\t\t\t<\/div>\n\t\t\t\t<\/div>\n\t\t\t\t<div class=\"elementor-element elementor-element-457cb9d0 elementor-widget elementor-widget-text-editor\" data-id=\"457cb9d0\" data-element_type=\"widget\" data-e-type=\"widget\" data-widget_type=\"text-editor.default\">\n\t\t\t\t<div class=\"elementor-widget-container\">\n\t\t\t\t\t\t\t\t\t<ul><li>Prefer\u0103 p\u0103durile montane \u0219i tropicale, cu vegeta\u021bie deas\u0103, unde se pot ascunde de pr\u0103d\u0103tori.<\/li><li>Se g\u0103sesc la altitudini \u00eentre 300 \u0219i 1800 metri, dar pot cobor\u00ee \u0219i \u00een zone mai joase.<\/li><li>Le place s\u0103 tr\u0103iasc\u0103 \u00een zone cu r\u00e2uri, paji\u0219ti deschise \u0219i p\u0103duri mixte, unde pot g\u0103si hran\u0103 cu u\u0219urin\u021b\u0103.<\/li><li>Noaptea, de\u0219i sunt p\u0103s\u0103ri de sol, se ad\u0103postesc \u00een copaci pentru a evita pr\u0103d\u0103torii.<\/li><\/ul>\t\t\t\t\t\t\t\t<\/div>\n\t\t\t\t<\/div>\n\t\t\t\t\t<\/div>\n\t\t\t\t<\/div>\n\t\t<div class=\"elementor-element elementor-element-5a483ab3 e-grid e-con-boxed e-con e-parent\" data-id=\"5a483ab3\" data-element_type=\"container\" data-e-type=\"container\">\n\t\t\t\t\t<div class=\"e-con-inner\">\n\t\t<div class=\"elementor-element elementor-element-118ee1a0 e-con-full animated-slow e-flex elementor-invisible e-con e-child\" data-id=\"118ee1a0\" data-element_type=\"container\" data-e-type=\"container\" data-settings=\"{&quot;animation&quot;:&quot;fadeInLeft&quot;}\">\n\t\t\t\t<div class=\"elementor-element elementor-element-727eede7 elementor-widget elementor-widget-heading\" data-id=\"727eede7\" data-element_type=\"widget\" data-e-type=\"widget\" data-widget_type=\"heading.default\">\n\t\t\t\t<div class=\"elementor-widget-container\">\n\t\t\t\t\t<h1 class=\"elementor-heading-title elementor-size-default\">Hran\u0103:<\/h1>\t\t\t\t<\/div>\n\t\t\t\t<\/div>\n\t\t\t\t<div class=\"elementor-element elementor-element-320e32cb elementor-widget elementor-widget-text-editor\" data-id=\"320e32cb\" data-element_type=\"widget\" data-e-type=\"widget\" data-widget_type=\"text-editor.default\">\n\t\t\t\t<div class=\"elementor-widget-container\">\n\t\t\t\t\t\t\t\t\t<p>Sunt p\u0103s\u0103ri omnivore, consum\u00e2nd o varietate de alimente, inclusiv:<\/p><ul><li>Semin\u021be, fructe \u0219i frunze<\/li><li>R\u0103d\u0103cini \u0219i tuberculi<\/li><li>Insecte \u0219i larve (g\u00e2ndaci, omizi, furnici)<\/li><li>Mici nevertebrate (melci, viermi)<\/li><\/ul><p>Hrana lor variaz\u0103 \u00een func\u021bie de sezon, av\u00e2nd acces la mai multe fructe vara \u0219i mai multe semin\u021be \u0219i insecte iarna.<\/p>\t\t\t\t\t\t\t\t<\/div>\n\t\t\t\t<\/div>\n\t\t\t\t<\/div>\n\t\t<div class=\"elementor-element elementor-element-598f8252 e-con-full animated-slow e-flex elementor-invisible e-con e-child\" data-id=\"598f8252\" data-element_type=\"container\" data-e-type=\"container\" data-settings=\"{&quot;animation&quot;:&quot;fadeInRight&quot;}\">\n\t\t\t\t<div class=\"elementor-element elementor-element-d80b281 elementor-widget elementor-widget-heading\" data-id=\"d80b281\" data-element_type=\"widget\" data-e-type=\"widget\" data-widget_type=\"heading.default\">\n\t\t\t\t<div class=\"elementor-widget-container\">\n\t\t\t\t\t<h1 class=\"elementor-heading-title elementor-size-default\">Conservare:<\/h1>\t\t\t\t<\/div>\n\t\t\t\t<\/div>\n\t\t\t\t<div class=\"elementor-element elementor-element-4397ae59 elementor-widget elementor-widget-text-editor\" data-id=\"4397ae59\" data-element_type=\"widget\" data-e-type=\"widget\" data-widget_type=\"text-editor.default\">\n\t\t\t\t<div class=\"elementor-widget-container\">\n\t\t\t\t\t\t\t\t\t<p>Nu este considerat o specie periclitat\u0103 (LC \u2013 Least Concern), dar \u00een unele zone popula\u021biile sunt \u00een sc\u0103dere din cauza:<\/p><ul><li>Distrugerii habitatului prin defri\u0219\u0103ri \u0219i agricultur\u0103 intensiv\u0103.<\/li><li>V\u00e2n\u0103torii pentru carne \u0219i pene.<\/li><li>Comer\u021bului cu p\u0103s\u0103ri exotice, deoarece sunt foarte c\u0103uta\u021bi ca p\u0103s\u0103ri ornamentale.<\/li><\/ul><p>Unele rezerva\u021bii din Asia implementeaz\u0103 programe de reproducere \u0219i protec\u021bie pentru aceast\u0103 specie.<\/p>\t\t\t\t\t\t\t\t<\/div>\n\t\t\t\t<\/div>\n\t\t\t\t<\/div>\n\t\t\t\t\t<\/div>\n\t\t\t\t<\/div>\n\t\t\t\t<\/div>","protected":false},"excerpt":{"rendered":"<p>FAZAN ARGINTIU Denumire \u0219tiin\u021bific\u0103: Lophura nycthemeraOrdin: GalliformesFamilie: PhasianidaeGen: LophuraSpecie: Lophura nycthemeraDistribu\u021bia pe glob: Originar din Asia de Sud-Est, fazanul argintiu se g\u0103se\u0219te \u00een China, Thailanda, Myanmar, Laos, Vietnam \u0219i Cambodgia. A fost introdus \u0219i \u00een alte regiuni, inclusiv \u00een gr\u0103dini zoologice \u0219i parcuri din \u00eentreaga lumeDimensiuni: Mascul: 120-130 cm lungime (inclusiv coada lung\u0103), Femela: 70-90 &hellip; <a href=\"https:\/\/bucurestizoo.ro\/en\/fazan-argintiu\/\" class=\"more-link\">Continue reading <span class=\"screen-reader-text\">Fazan Argintiu<\/span><\/a><\/p>","protected":false},"author":1,"featured_media":0,"parent":0,"menu_order":0,"comment_status":"closed","ping_status":"closed","template":"","meta":{"_monsterinsights_skip_tracking":false,"_monsterinsights_sitenote_active":false,"_monsterinsights_sitenote_note":"","_monsterinsights_sitenote_category":0,"footnotes":""},"class_list":["post-14351","page","type-page","status-publish","hentry"],"aioseo_notices":[],"_links":{"self":[{"href":"https:\/\/bucurestizoo.ro\/en\/wp-json\/wp\/v2\/pages\/14351","targetHints":{"allow":["GET"]}}],"collection":[{"href":"https:\/\/bucurestizoo.ro\/en\/wp-json\/wp\/v2\/pages"}],"about":[{"href":"https:\/\/bucurestizoo.ro\/en\/wp-json\/wp\/v2\/types\/page"}],"author":[{"embeddable":true,"href":"https:\/\/bucurestizoo.ro\/en\/wp-json\/wp\/v2\/users\/1"}],"replies":[{"embeddable":true,"href":"https:\/\/bucurestizoo.ro\/en\/wp-json\/wp\/v2\/comments?post=14351"}],"version-history":[{"count":4,"href":"https:\/\/bucurestizoo.ro\/en\/wp-json\/wp\/v2\/pages\/14351\/revisions"}],"predecessor-version":[{"id":14356,"href":"https:\/\/bucurestizoo.ro\/en\/wp-json\/wp\/v2\/pages\/14351\/revisions\/14356"}],"wp:attachment":[{"href":"https:\/\/bucurestizoo.ro\/en\/wp-json\/wp\/v2\/media?parent=14351"}],"curies":[{"name":"wp","href":"https:\/\/api.w.org\/{rel}","templated":true}]}}