{"id":14335,"date":"2025-03-30T23:30:32","date_gmt":"2025-03-30T21:30:32","guid":{"rendered":"https:\/\/n1.bucurestizoo.ro\/?page_id=14335"},"modified":"2025-03-30T23:44:24","modified_gmt":"2025-03-30T21:44:24","slug":"fazan-tenebros","status":"publish","type":"page","link":"https:\/\/bucurestizoo.ro\/en\/fazan-tenebros\/","title":{"rendered":"Fazan Tenebros"},"content":{"rendered":"<div data-elementor-type=\"wp-page\" data-elementor-id=\"14335\" class=\"elementor elementor-14335\" data-elementor-post-type=\"page\">\n\t\t\t\t<div class=\"elementor-element elementor-element-1a3e5f1e e-flex e-con-boxed e-con e-parent\" data-id=\"1a3e5f1e\" data-element_type=\"container\" data-e-type=\"container\" data-settings=\"{&quot;background_background&quot;:&quot;classic&quot;}\">\n\t\t\t\t\t<div class=\"e-con-inner\">\n\t\t<div class=\"elementor-element elementor-element-2b163304 e-con-full e-flex e-con e-child\" data-id=\"2b163304\" data-element_type=\"container\" data-e-type=\"container\">\n\t\t<div class=\"elementor-element elementor-element-3b169b84 e-con-full animated-slow e-flex elementor-invisible e-con e-child\" data-id=\"3b169b84\" data-element_type=\"container\" data-e-type=\"container\" data-settings=\"{&quot;animation&quot;:&quot;fadeInLeft&quot;}\">\n\t\t\t\t<div class=\"elementor-element elementor-element-196978d0 elementor-widget elementor-widget-heading\" data-id=\"196978d0\" data-element_type=\"widget\" data-e-type=\"widget\" data-widget_type=\"heading.default\">\n\t\t\t\t<div class=\"elementor-widget-container\">\n\t\t\t\t\t<h1 class=\"elementor-heading-title elementor-size-default\">Fazan Tenebros<\/h1>\t\t\t\t<\/div>\n\t\t\t\t<\/div>\n\t\t\t\t<div class=\"elementor-element elementor-element-4877b69f elementor-widget elementor-widget-text-editor\" data-id=\"4877b69f\" data-element_type=\"widget\" data-e-type=\"widget\" data-widget_type=\"text-editor.default\">\n\t\t\t\t<div class=\"elementor-widget-container\">\n\t\t\t\t\t\t\t\t\t<p><strong data-start=\"0\" data-end=\"25\">Denumire \u0219tiin\u021bific\u0103:<\/strong> Phasianus colchicus tenebrosus<br data-start=\"56\" data-end=\"59\" data-is-only-node=\"\" \/><strong data-start=\"59\" data-end=\"69\">Ordin:<\/strong> Galliformes<br data-start=\"81\" data-end=\"84\" \/><strong data-start=\"84\" data-end=\"96\">Familie:<\/strong> Phasianidae<br data-start=\"108\" data-end=\"111\" \/><strong data-start=\"111\" data-end=\"119\">Gen:<\/strong> Phasianus<br data-start=\"129\" data-end=\"132\" \/><strong data-start=\"132\" data-end=\"143\">Specie:<\/strong> Phasianus colchicus<br data-start=\"163\" data-end=\"166\" \/><strong data-start=\"166\" data-end=\"190\">Distribu\u021bia pe glob:<\/strong><br data-start=\"190\" data-end=\"193\" \/>\u2022 Este o varietate genetic\u0103 a fazanului comun (Phasianus colchicus), ap\u0103rut\u0103 prin muta\u021bie natural\u0103<br data-start=\"291\" data-end=\"294\" \/>\u2022 Se g\u0103se\u0219te \u00een Europa \u0219i Asia, dar este \u00eent\u00e2lnit \u0219i \u00een SUA \u0219i Canada, unde fazanii au fost introdu\u0219i pentru v\u00e2n\u0103toare<br data-start=\"412\" data-end=\"415\" \/><strong data-start=\"415\" data-end=\"430\">Dimensiuni:<\/strong> Lungime total\u0103: 60-90 cm (masculii sunt mai mari), lungimea cozii: p\u00e2n\u0103 la 50 cm<br data-start=\"511\" data-end=\"514\" \/><strong data-start=\"514\" data-end=\"527\">Greutate:<\/strong> Mascul: 1,2-1,5 kg; Femel\u0103: 0,9-1,2 kg<br data-start=\"566\" data-end=\"569\" \/><strong data-start=\"569\" data-end=\"595\">Perioada de incuba\u021bie:<\/strong> 23-26 de zile<br data-start=\"609\" data-end=\"612\" \/><strong data-start=\"612\" data-end=\"629\">Num\u0103r de pui:<\/strong> 6-15 ou\u0103 pe pont\u0103<br data-start=\"647\" data-end=\"650\" \/><strong data-start=\"650\" data-end=\"672\">Speran\u021ba de via\u021b\u0103:<\/strong> \u00cen s\u0103lb\u0103ticie: 3-5 ani; \u00een captivitate: p\u00e2n\u0103 la 10 ani<\/p>\t\t\t\t\t\t\t\t<\/div>\n\t\t\t\t<\/div>\n\t\t\t\t<\/div>\n\t\t\t\t<div class=\"elementor-element elementor-element-4e6acf60 elementor-widget-tablet__width-inherit animated-slow elementor-invisible elementor-widget elementor-widget-image\" data-id=\"4e6acf60\" data-element_type=\"widget\" data-e-type=\"widget\" data-settings=\"{&quot;_animation&quot;:&quot;fadeInRight&quot;}\" data-widget_type=\"image.default\">\n\t\t\t\t<div class=\"elementor-widget-container\">\n\t\t\t\t\t\t\t\t\t\t\t\t\t\t\t<img fetchpriority=\"high\" decoding=\"async\" width=\"847\" height=\"564\" src=\"https:\/\/bucurestizoo.ro\/wp-content\/uploads\/2025\/03\/fazan-tenebros-dt_1-Large-1024x682.jpeg\" class=\"attachment-large size-large wp-image-14331\" alt=\"\" srcset=\"https:\/\/bucurestizoo.ro\/wp-content\/uploads\/2025\/03\/fazan-tenebros-dt_1-Large-1024x682.jpeg 1024w, https:\/\/bucurestizoo.ro\/wp-content\/uploads\/2025\/03\/fazan-tenebros-dt_1-Large-300x200.jpeg 300w, https:\/\/bucurestizoo.ro\/wp-content\/uploads\/2025\/03\/fazan-tenebros-dt_1-Large-768x512.jpeg 768w, https:\/\/bucurestizoo.ro\/wp-content\/uploads\/2025\/03\/fazan-tenebros-dt_1-Large-450x300.jpeg 450w, https:\/\/bucurestizoo.ro\/wp-content\/uploads\/2025\/03\/fazan-tenebros-dt_1-Large-650x433.jpeg 650w, https:\/\/bucurestizoo.ro\/wp-content\/uploads\/2025\/03\/fazan-tenebros-dt_1-Large.jpeg 1280w\" sizes=\"(max-width: 847px) 100vw, 847px\" data-id=\"14331\" \/>\t\t\t\t\t\t\t\t\t\t\t\t\t\t\t<\/div>\n\t\t\t\t<\/div>\n\t\t\t\t<\/div>\n\t\t\t\t\t<\/div>\n\t\t\t\t<\/div>\n\t\t<div class=\"elementor-element elementor-element-6be25fe1 animated-slow e-flex e-con-boxed elementor-invisible e-con e-parent\" data-id=\"6be25fe1\" data-element_type=\"container\" data-e-type=\"container\" data-settings=\"{&quot;animation&quot;:&quot;fadeInLeft&quot;}\">\n\t\t\t\t\t<div class=\"e-con-inner\">\n\t\t\t\t<div class=\"elementor-element elementor-element-610cc179 elementor-widget elementor-widget-heading\" data-id=\"610cc179\" data-element_type=\"widget\" data-e-type=\"widget\" data-widget_type=\"heading.default\">\n\t\t\t\t<div class=\"elementor-widget-container\">\n\t\t\t\t\t<h1 class=\"elementor-heading-title elementor-size-default\">General:<\/h1>\t\t\t\t<\/div>\n\t\t\t\t<\/div>\n\t\t\t\t<div class=\"elementor-element elementor-element-58d86e12 elementor-widget elementor-widget-text-editor\" data-id=\"58d86e12\" data-element_type=\"widget\" data-e-type=\"widget\" data-widget_type=\"text-editor.default\">\n\t\t\t\t<div class=\"elementor-widget-container\">\n\t\t\t\t\t\t\t\t\t<p>Fazanul tenebros este o varietate melanistic\u0103 a fazanului comun, ceea ce \u00eenseamn\u0103 c\u0103 are o cantitate mai mare de pigment melanin\u0103. Acest lucru \u00eei confer\u0103 o culoare neagr\u0103-str\u0103lucitoare cu reflexe verzui \u0219i albastre.<br \/>\u2022 Este un excelent alerg\u0103tor \u0219i prefer\u0103 s\u0103 fug\u0103 dec\u00e2t s\u0103 zboare, put\u00e2nd atinge viteze de p\u00e2n\u0103 la 30 km\/h pe sol.<br \/>\u2022 \u00cen zbor, poate ajunge la 80 km\/h, dar pe distan\u021be scurte.<br \/>\u2022 Masculii sunt teritoriali \u0219i \u00ee\u0219i ap\u0103r\u0103 zonele prin sunete puternice \u0219i lupte cu al\u021bi masculi \u00een perioada de \u00eemperechere.<br \/>\u2022 C\u00e2ntatul s\u0103u este un sunet puternic, ascu\u021bit, care poate fi auzit de la distan\u021b\u0103.<br \/>\u2022 Femelele au un penaj mai pu\u021bin spectaculos, de culoare maro-murdar, pentru a se camufla mai bine \u00een iarb\u0103 \u00een timpul cuib\u0103ritului.<br \/>\u2022 De\u0219i sunt p\u0103s\u0103ri de sol, fazanii pot dormi \u00een copaci pentru a se feri de pr\u0103d\u0103tori.<br \/>\u2022 Datorit\u0103 culorii sale \u00eentunecate, este numit uneori \u201cFazanul Negru\u201d.<br \/>\u2022 Masculii sunt extrem de teritoriali \u0219i agresivi \u00een sezonul de \u00eemperechere \u0219i pot avea haremuri de 3-7 femele.<br \/>\u2022 Fazanii pot dormi \u00een copaci, dar \u00ee\u0219i construiesc cuiburile doar la sol.<br \/>\u2022 Dac\u0103 sunt speria\u021bi, pot decola brusc cu un zgomot puternic de b\u0103t\u0103i de aripi, ceea ce poate surprinde \u0219i pr\u0103d\u0103torii, \u0219i oamenii.<br \/>\u2022 De\u0219i sunt p\u0103s\u0103ri mari, fazanii pot alerga rapid \u0219i prefer\u0103 s\u0103 fug\u0103 dec\u00e2t s\u0103 zboare.<\/p>\t\t\t\t\t\t\t\t<\/div>\n\t\t\t\t<\/div>\n\t\t\t\t\t<\/div>\n\t\t\t\t<\/div>\n\t\t<div class=\"elementor-element elementor-element-73fdb031 e-flex e-con-boxed e-con e-parent\" data-id=\"73fdb031\" data-element_type=\"container\" data-e-type=\"container\">\n\t\t\t\t\t<div class=\"e-con-inner\">\n\t\t\t\t<div class=\"elementor-element elementor-element-64cac4bb elementor-widget elementor-widget-gallery\" data-id=\"64cac4bb\" data-element_type=\"widget\" data-e-type=\"widget\" data-settings=\"{&quot;columns&quot;:2,&quot;lazyload&quot;:&quot;yes&quot;,&quot;gallery_layout&quot;:&quot;grid&quot;,&quot;columns_tablet&quot;:2,&quot;columns_mobile&quot;:1,&quot;gap&quot;:{&quot;unit&quot;:&quot;px&quot;,&quot;size&quot;:10,&quot;sizes&quot;:[]},&quot;gap_tablet&quot;:{&quot;unit&quot;:&quot;px&quot;,&quot;size&quot;:10,&quot;sizes&quot;:[]},&quot;gap_mobile&quot;:{&quot;unit&quot;:&quot;px&quot;,&quot;size&quot;:10,&quot;sizes&quot;:[]},&quot;link_to&quot;:&quot;file&quot;,&quot;aspect_ratio&quot;:&quot;3:2&quot;,&quot;overlay_background&quot;:&quot;yes&quot;,&quot;content_hover_animation&quot;:&quot;fade-in&quot;}\" data-widget_type=\"gallery.default\">\n\t\t\t\t<div class=\"elementor-widget-container\">\n\t\t\t\t\t\t\t<div class=\"elementor-gallery__container\">\n\t\t\t\t\t\t\t<a class=\"e-gallery-item elementor-gallery-item elementor-animated-content\" href=\"https:\/\/bucurestizoo.ro\/wp-content\/uploads\/2025\/03\/fazan-tenebros-dt_3-Large.jpeg\" data-elementor-open-lightbox=\"yes\" data-elementor-lightbox-slideshow=\"64cac4bb\" data-elementor-lightbox-title=\"fazan tenebros dt_3 Large\" data-e-action-hash=\"#elementor-action%3Aaction%3Dlightbox%26settings%3DeyJpZCI6MTQzMzAsInVybCI6Imh0dHBzOlwvXC9idWN1cmVzdGl6b28ucm9cL3dwLWNvbnRlbnRcL3VwbG9hZHNcLzIwMjVcLzAzXC9mYXphbi10ZW5lYnJvcy1kdF8zLUxhcmdlLmpwZWciLCJzbGlkZXNob3ciOiI2NGNhYzRiYiJ9\">\n\t\t\t\t\t<div class=\"e-gallery-image elementor-gallery-item__image\" data-thumbnail=\"https:\/\/bucurestizoo.ro\/wp-content\/uploads\/2025\/03\/fazan-tenebros-dt_3-Large-1024x828.jpeg\" data-width=\"847\" data-height=\"685\" aria-label=\"\" role=\"img\" ><\/div>\n\t\t\t\t\t\t\t\t\t\t\t<div class=\"elementor-gallery-item__overlay\"><\/div>\n\t\t\t\t\t\t\t\t\t\t\t\t\t\t<\/a>\n\t\t\t\t\t\t\t<a class=\"e-gallery-item elementor-gallery-item elementor-animated-content\" href=\"https:\/\/bucurestizoo.ro\/wp-content\/uploads\/2025\/03\/fazan-tenebros-dt_2-Large.jpeg\" data-elementor-open-lightbox=\"yes\" data-elementor-lightbox-slideshow=\"64cac4bb\" data-elementor-lightbox-title=\"fazan tenebros dt_2 Large\" data-e-action-hash=\"#elementor-action%3Aaction%3Dlightbox%26settings%3DeyJpZCI6MTQzMjksInVybCI6Imh0dHBzOlwvXC9idWN1cmVzdGl6b28ucm9cL3dwLWNvbnRlbnRcL3VwbG9hZHNcLzIwMjVcLzAzXC9mYXphbi10ZW5lYnJvcy1kdF8yLUxhcmdlLmpwZWciLCJzbGlkZXNob3ciOiI2NGNhYzRiYiJ9\">\n\t\t\t\t\t<div class=\"e-gallery-image elementor-gallery-item__image\" data-thumbnail=\"https:\/\/bucurestizoo.ro\/wp-content\/uploads\/2025\/03\/fazan-tenebros-dt_2-Large-1024x709.jpeg\" data-width=\"847\" data-height=\"586\" aria-label=\"\" role=\"img\" ><\/div>\n\t\t\t\t\t\t\t\t\t\t\t<div class=\"elementor-gallery-item__overlay\"><\/div>\n\t\t\t\t\t\t\t\t\t\t\t\t\t\t<\/a>\n\t\t\t\t\t<\/div>\n\t\t\t\t\t<\/div>\n\t\t\t\t<\/div>\n\t\t\t\t\t<\/div>\n\t\t\t\t<\/div>\n\t\t<div class=\"elementor-element elementor-element-67f39e27 animated-slow e-flex e-con-boxed elementor-invisible e-con e-parent\" data-id=\"67f39e27\" data-element_type=\"container\" data-e-type=\"container\" data-settings=\"{&quot;animation&quot;:&quot;fadeInRight&quot;}\">\n\t\t\t\t\t<div class=\"e-con-inner\">\n\t\t\t\t<div class=\"elementor-element elementor-element-2e7f756a elementor-widget elementor-widget-heading\" data-id=\"2e7f756a\" data-element_type=\"widget\" data-e-type=\"widget\" data-widget_type=\"heading.default\">\n\t\t\t\t<div class=\"elementor-widget-container\">\n\t\t\t\t\t<h1 class=\"elementor-heading-title elementor-size-default\">Habitat:<\/h1>\t\t\t\t<\/div>\n\t\t\t\t<\/div>\n\t\t\t\t<div class=\"elementor-element elementor-element-46422820 elementor-widget elementor-widget-text-editor\" data-id=\"46422820\" data-element_type=\"widget\" data-e-type=\"widget\" data-widget_type=\"text-editor.default\">\n\t\t\t\t<div class=\"elementor-widget-container\">\n\t\t\t\t\t\t\t\t\t<ul><li>Prefer\u0103 paji\u0219tile, c\u00e2mpiile, terenurile agricole \u0219i zonele cu tufi\u0219uri, unde \u00ee\u0219i poate ascunde cuibul.<\/li><li>Poate fi g\u0103sit \u0219i \u00een p\u0103durile mixte, pe marginea drumurilor \u0219i \u00een zonele cu teren agricol cultivat.<\/li><li>Este o pas\u0103re adaptabil\u0103, reu\u0219ind s\u0103 supravie\u021buiasc\u0103 \u00een habitate diverse, at\u00e2ta timp c\u00e2t exist\u0103 hran\u0103 \u0219i ad\u0103post.<\/li><\/ul>\t\t\t\t\t\t\t\t<\/div>\n\t\t\t\t<\/div>\n\t\t\t\t\t<\/div>\n\t\t\t\t<\/div>\n\t\t<div class=\"elementor-element elementor-element-1d2f06d5 e-grid e-con-boxed e-con e-parent\" data-id=\"1d2f06d5\" data-element_type=\"container\" data-e-type=\"container\">\n\t\t\t\t\t<div class=\"e-con-inner\">\n\t\t<div class=\"elementor-element elementor-element-fdd2342 e-con-full animated-slow e-flex elementor-invisible e-con e-child\" data-id=\"fdd2342\" data-element_type=\"container\" data-e-type=\"container\" data-settings=\"{&quot;animation&quot;:&quot;fadeInLeft&quot;}\">\n\t\t\t\t<div class=\"elementor-element elementor-element-284c3b31 elementor-widget elementor-widget-heading\" data-id=\"284c3b31\" data-element_type=\"widget\" data-e-type=\"widget\" data-widget_type=\"heading.default\">\n\t\t\t\t<div class=\"elementor-widget-container\">\n\t\t\t\t\t<h1 class=\"elementor-heading-title elementor-size-default\">Hran\u0103:<\/h1>\t\t\t\t<\/div>\n\t\t\t\t<\/div>\n\t\t\t\t<div class=\"elementor-element elementor-element-57734de8 elementor-widget elementor-widget-text-editor\" data-id=\"57734de8\" data-element_type=\"widget\" data-e-type=\"widget\" data-widget_type=\"text-editor.default\">\n\t\t\t\t<div class=\"elementor-widget-container\">\n\t\t\t\t\t\t\t\t\t<ul><li>Fazanul tenebros este omnivor, dieta sa fiind format\u0103 din:<\/li><\/ul><ul><li aria-level=\"1\">Semin\u021be \u0219i boabe: gr\u00e2u, porumb, orz<\/li><li aria-level=\"1\">Fructe \u0219i frunze: fructe de p\u0103dure, muguri<\/li><li aria-level=\"1\">Insecte \u0219i nevertebrate: greieri, omizi, furnici, melci<\/li><\/ul><ul><li>Vara, consum\u0103 mai multe insecte \u0219i vertebrate mici, iar iarna, mai multe semin\u021be \u0219i plante<b>.<\/b><\/li><\/ul>\t\t\t\t\t\t\t\t<\/div>\n\t\t\t\t<\/div>\n\t\t\t\t<\/div>\n\t\t<div class=\"elementor-element elementor-element-3043dc01 e-con-full animated-slow e-flex elementor-invisible e-con e-child\" data-id=\"3043dc01\" data-element_type=\"container\" data-e-type=\"container\" data-settings=\"{&quot;animation&quot;:&quot;fadeInRight&quot;}\">\n\t\t\t\t<div class=\"elementor-element elementor-element-5fe6c5ee elementor-widget elementor-widget-heading\" data-id=\"5fe6c5ee\" data-element_type=\"widget\" data-e-type=\"widget\" data-widget_type=\"heading.default\">\n\t\t\t\t<div class=\"elementor-widget-container\">\n\t\t\t\t\t<h1 class=\"elementor-heading-title elementor-size-default\">Conservare:<\/h1>\t\t\t\t<\/div>\n\t\t\t\t<\/div>\n\t\t\t\t<div class=\"elementor-element elementor-element-21d8b3c0 elementor-widget elementor-widget-text-editor\" data-id=\"21d8b3c0\" data-element_type=\"widget\" data-e-type=\"widget\" data-widget_type=\"text-editor.default\">\n\t\t\t\t<div class=\"elementor-widget-container\">\n\t\t\t\t\t\t\t\t\t<p>Nu este o specie separat\u0103, ci o varia\u021bie genetic\u0103 a fazanului comun, care este considerat nepericlitat (LC &#8211; Least Concern).<\/p><p>Principalele amenin\u021b\u0103ri sunt:<\/p><ul><li>V\u00e2n\u0103toarea excesiv\u0103, fiind crescut special pentru acest scop.<\/li><li>Distrugerea habitatului prin agricultur\u0103 intensiv\u0103 \u0219i urbanizare.<\/li><li>Pr\u0103d\u0103torii naturali precum vulpile, \u0219acalii, r\u00e2\u0219ii \u0219i p\u0103s\u0103rile r\u0103pitoare.<\/li><\/ul><p>Fazanul este crescut \u00een ferme pentru popularea terenurilor de v\u00e2n\u0103toare, iar multe exemplare sunt eliberate anual \u00een s\u0103lb\u0103ticie.<\/p>\t\t\t\t\t\t\t\t<\/div>\n\t\t\t\t<\/div>\n\t\t\t\t<\/div>\n\t\t\t\t\t<\/div>\n\t\t\t\t<\/div>\n\t\t\t\t<\/div>","protected":false},"excerpt":{"rendered":"<p>Fazan Tenebros Denumire \u0219tiin\u021bific\u0103: Phasianus colchicus tenebrosusOrdin: GalliformesFamilie: PhasianidaeGen: PhasianusSpecie: Phasianus colchicusDistribu\u021bia pe glob:\u2022 Este o varietate genetic\u0103 a fazanului comun (Phasianus colchicus), ap\u0103rut\u0103 prin muta\u021bie natural\u0103\u2022 Se g\u0103se\u0219te \u00een Europa \u0219i Asia, dar este \u00eent\u00e2lnit \u0219i \u00een SUA \u0219i Canada, unde fazanii au fost introdu\u0219i pentru v\u00e2n\u0103toareDimensiuni: Lungime total\u0103: 60-90 cm (masculii sunt mai &hellip; <a href=\"https:\/\/bucurestizoo.ro\/en\/fazan-tenebros\/\" class=\"more-link\">Continue reading <span class=\"screen-reader-text\">Fazan Tenebros<\/span><\/a><\/p>","protected":false},"author":1,"featured_media":0,"parent":0,"menu_order":0,"comment_status":"closed","ping_status":"closed","template":"","meta":{"_monsterinsights_skip_tracking":false,"_monsterinsights_sitenote_active":false,"_monsterinsights_sitenote_note":"","_monsterinsights_sitenote_category":0,"footnotes":""},"class_list":["post-14335","page","type-page","status-publish","hentry"],"aioseo_notices":[],"_links":{"self":[{"href":"https:\/\/bucurestizoo.ro\/en\/wp-json\/wp\/v2\/pages\/14335","targetHints":{"allow":["GET"]}}],"collection":[{"href":"https:\/\/bucurestizoo.ro\/en\/wp-json\/wp\/v2\/pages"}],"about":[{"href":"https:\/\/bucurestizoo.ro\/en\/wp-json\/wp\/v2\/types\/page"}],"author":[{"embeddable":true,"href":"https:\/\/bucurestizoo.ro\/en\/wp-json\/wp\/v2\/users\/1"}],"replies":[{"embeddable":true,"href":"https:\/\/bucurestizoo.ro\/en\/wp-json\/wp\/v2\/comments?post=14335"}],"version-history":[{"count":4,"href":"https:\/\/bucurestizoo.ro\/en\/wp-json\/wp\/v2\/pages\/14335\/revisions"}],"predecessor-version":[{"id":14346,"href":"https:\/\/bucurestizoo.ro\/en\/wp-json\/wp\/v2\/pages\/14335\/revisions\/14346"}],"wp:attachment":[{"href":"https:\/\/bucurestizoo.ro\/en\/wp-json\/wp\/v2\/media?parent=14335"}],"curies":[{"name":"wp","href":"https:\/\/api.w.org\/{rel}","templated":true}]}}