{"id":14320,"date":"2025-03-30T23:20:07","date_gmt":"2025-03-30T21:20:07","guid":{"rendered":"https:\/\/n1.bucurestizoo.ro\/?page_id=14320"},"modified":"2025-03-30T23:24:11","modified_gmt":"2025-03-30T21:24:11","slug":"dragon-barbos","status":"publish","type":"page","link":"https:\/\/bucurestizoo.ro\/en\/dragon-barbos\/","title":{"rendered":"Dragon B\u0103rbos"},"content":{"rendered":"<div data-elementor-type=\"wp-page\" data-elementor-id=\"14320\" class=\"elementor elementor-14320\" data-elementor-post-type=\"page\">\n\t\t\t\t<div class=\"elementor-element elementor-element-6a097867 e-flex e-con-boxed e-con e-parent\" data-id=\"6a097867\" data-element_type=\"container\" data-e-type=\"container\" data-settings=\"{&quot;background_background&quot;:&quot;classic&quot;}\">\n\t\t\t\t\t<div class=\"e-con-inner\">\n\t\t<div class=\"elementor-element elementor-element-11efa013 e-con-full e-flex e-con e-child\" data-id=\"11efa013\" data-element_type=\"container\" data-e-type=\"container\">\n\t\t<div class=\"elementor-element elementor-element-4befceb3 e-con-full animated-slow e-flex elementor-invisible e-con e-child\" data-id=\"4befceb3\" data-element_type=\"container\" data-e-type=\"container\" data-settings=\"{&quot;animation&quot;:&quot;fadeInLeft&quot;}\">\n\t\t\t\t<div class=\"elementor-element elementor-element-26b1fc39 elementor-widget elementor-widget-heading\" data-id=\"26b1fc39\" data-element_type=\"widget\" data-e-type=\"widget\" data-widget_type=\"heading.default\">\n\t\t\t\t<div class=\"elementor-widget-container\">\n\t\t\t\t\t<h1 class=\"elementor-heading-title elementor-size-default\">Dragon B\u0103rbos<\/h1>\t\t\t\t<\/div>\n\t\t\t\t<\/div>\n\t\t\t\t<div class=\"elementor-element elementor-element-6a1a6daf elementor-widget elementor-widget-text-editor\" data-id=\"6a1a6daf\" data-element_type=\"widget\" data-e-type=\"widget\" data-widget_type=\"text-editor.default\">\n\t\t\t\t<div class=\"elementor-widget-container\">\n\t\t\t\t\t\t\t\t\t<p><strong data-start=\"0\" data-end=\"25\">Denumire \u0219tiin\u021bific\u0103:<\/strong> Pogona vitticeps<br data-start=\"42\" data-end=\"45\" data-is-only-node=\"\" \/><strong data-start=\"45\" data-end=\"55\">Ordin:<\/strong> Squamata<br data-start=\"64\" data-end=\"67\" \/><strong data-start=\"67\" data-end=\"79\">Familie:<\/strong> Agamidae<br data-start=\"88\" data-end=\"91\" \/><strong data-start=\"91\" data-end=\"99\">Gen:<\/strong> Pogona<br data-start=\"106\" data-end=\"109\" \/><strong data-start=\"109\" data-end=\"120\">Specie:<\/strong> P. vitticeps<br data-start=\"133\" data-end=\"136\" \/><strong data-start=\"136\" data-end=\"160\">Distribu\u021bia pe glob:<\/strong> Nativ din Australia, \u00een special \u00een regiunile aride \u0219i semiaride ale statelor Queensland, New South Wales, Australia de Sud \u0219i Teritoriul de Nord<br data-start=\"305\" data-end=\"308\" \/><strong data-start=\"308\" data-end=\"323\">Dimensiuni:<\/strong> Lungime total\u0103: 40-60 cm, coada reprezint\u0103 mai mult de jum\u0103tate din corp<br data-start=\"396\" data-end=\"399\" \/><strong data-start=\"399\" data-end=\"412\">Greutate:<\/strong> \u00centre 300 \u0219i 600 g, masculii fiind \u00een general mai mari dec\u00e2t femelele<br data-start=\"482\" data-end=\"485\" \/><strong data-start=\"485\" data-end=\"511\">Perioada de incuba\u021bie:<\/strong> 50-80 de zile<br data-start=\"525\" data-end=\"528\" \/><strong data-start=\"528\" data-end=\"545\">Num\u0103r de pui:<\/strong> 10-25 ou\u0103 pe pont\u0103, iar femelele pot depune mai multe ponte pe an<br data-start=\"611\" data-end=\"614\" \/><strong data-start=\"614\" data-end=\"636\">Speran\u021ba de via\u021b\u0103:<\/strong> \u00cen s\u0103lb\u0103ticie: 5-8 ani; \u00een captivitate: 10-15 ani, cu \u00eengrijire adecvat\u0103 <\/p>\t\t\t\t\t\t\t\t<\/div>\n\t\t\t\t<\/div>\n\t\t\t\t<\/div>\n\t\t\t\t<div class=\"elementor-element elementor-element-e266a5f elementor-widget-tablet__width-inherit animated-slow elementor-invisible elementor-widget elementor-widget-image\" data-id=\"e266a5f\" data-element_type=\"widget\" data-e-type=\"widget\" data-settings=\"{&quot;_animation&quot;:&quot;fadeInRight&quot;}\" data-widget_type=\"image.default\">\n\t\t\t\t<div class=\"elementor-widget-container\">\n\t\t\t\t\t\t\t\t\t\t\t\t\t\t\t<img fetchpriority=\"high\" decoding=\"async\" width=\"847\" height=\"608\" src=\"https:\/\/bucurestizoo.ro\/wp-content\/uploads\/2025\/03\/dragon-barbos-dt_1-Large-1024x735.jpeg\" class=\"attachment-large size-large wp-image-14316\" alt=\"\" srcset=\"https:\/\/bucurestizoo.ro\/wp-content\/uploads\/2025\/03\/dragon-barbos-dt_1-Large-1024x735.jpeg 1024w, https:\/\/bucurestizoo.ro\/wp-content\/uploads\/2025\/03\/dragon-barbos-dt_1-Large-300x215.jpeg 300w, https:\/\/bucurestizoo.ro\/wp-content\/uploads\/2025\/03\/dragon-barbos-dt_1-Large-768x551.jpeg 768w, https:\/\/bucurestizoo.ro\/wp-content\/uploads\/2025\/03\/dragon-barbos-dt_1-Large-418x300.jpeg 418w, https:\/\/bucurestizoo.ro\/wp-content\/uploads\/2025\/03\/dragon-barbos-dt_1-Large-650x467.jpeg 650w, https:\/\/bucurestizoo.ro\/wp-content\/uploads\/2025\/03\/dragon-barbos-dt_1-Large.jpeg 1280w\" sizes=\"(max-width: 847px) 100vw, 847px\" data-id=\"14316\" \/>\t\t\t\t\t\t\t\t\t\t\t\t\t\t\t<\/div>\n\t\t\t\t<\/div>\n\t\t\t\t<\/div>\n\t\t\t\t\t<\/div>\n\t\t\t\t<\/div>\n\t\t<div class=\"elementor-element elementor-element-411b8db7 animated-slow e-flex e-con-boxed elementor-invisible e-con e-parent\" data-id=\"411b8db7\" data-element_type=\"container\" data-e-type=\"container\" data-settings=\"{&quot;animation&quot;:&quot;fadeInLeft&quot;}\">\n\t\t\t\t\t<div class=\"e-con-inner\">\n\t\t\t\t<div class=\"elementor-element elementor-element-58d7ba78 elementor-widget elementor-widget-heading\" data-id=\"58d7ba78\" data-element_type=\"widget\" data-e-type=\"widget\" data-widget_type=\"heading.default\">\n\t\t\t\t<div class=\"elementor-widget-container\">\n\t\t\t\t\t<h1 class=\"elementor-heading-title elementor-size-default\">General:<\/h1>\t\t\t\t<\/div>\n\t\t\t\t<\/div>\n\t\t\t\t<div class=\"elementor-element elementor-element-21ab48e2 elementor-widget elementor-widget-text-editor\" data-id=\"21ab48e2\" data-element_type=\"widget\" data-e-type=\"widget\" data-widget_type=\"text-editor.default\">\n\t\t\t\t<div class=\"elementor-widget-container\">\n\t\t\t\t\t\t\t\t\t<p>Dragonul b\u0103rbos este o reptil\u0103 terestr\u0103 \u0219i semi-arboricol\u0103, petrec\u00e2nd timp at\u00e2t pe sol, c\u00e2t \u0219i pe crengi \u0219i st\u00e2nci pentru a se \u00eenc\u0103lzi la soare.<br \/>Numele s\u0103u provine de la pliurile pielii din jurul g\u00e2tului, care se pot umfla \u0219i \u00eennegri \u00een momente de stres sau amenin\u021bare.<br \/>Are un comportament interesant de \u201cfluturare a m\u00e2inii\u201d, prin care \u00ee\u0219i mi\u0219c\u0103 o l\u0103bu\u021b\u0103 \u00eentr-un mod lent, ca un salut, pentru a ar\u0103ta supunere \u00een fa\u021ba unui dragon mai dominant.<br \/>Atunci c\u00e2nd este speriat sau vrea s\u0103 par\u0103 mai amenin\u021b\u0103tor, \u00ee\u0219i deschide larg gura, \u00ee\u0219i umfl\u0103 barba \u0219i o \u00eennegre\u0219te.<br \/>\u00cen zilele foarte calde, \u00ee\u0219i deschide gura larg pentru a se r\u0103cori, un comportament numit \u201cgaping\u201d.<br \/>Este un animal docil \u0219i curios, foarte popular ca animal de companie datorit\u0103 temperamentului s\u0103u calm.<br \/>Atunci c\u00e2nd este relaxat, poate sta \u201crelaxat\u201d cu gura deschis\u0103, un comportament care ajut\u0103 la termoreglare.<br \/>Dac\u0103 este scos la plimbare afar\u0103, uneori se ridic\u0103 pe dou\u0103 picioare \u0219i alearg\u0103 ca un mini-dinozaur!<br \/>C\u00e2nd se simte amenin\u021bat, \u00ee\u0219i balanseaz\u0103 corpul \u0219i \u00ee\u0219i umfl\u0103 barba pentru a p\u0103rea mai mare.<br \/>\u00ce\u0219i poate schimba culoarea pielii \u00een func\u021bie de temperatur\u0103 \u2013 devine mai \u00eentunecat diminea\u021ba pentru a absorbi c\u0103ldura mai rapid.<br \/>\u00cen s\u0103lb\u0103ticie, pot intra \u00eentr-un fel de hibernare numit\u0103 \u201cbruma\u021bie\u201d, \u00een timpul c\u0103reia devin foarte lene\u0219i \u0219i m\u0103n\u00e2nc\u0103 pu\u021bin sau deloc timp de c\u00e2teva luni.<\/p>\t\t\t\t\t\t\t\t<\/div>\n\t\t\t\t<\/div>\n\t\t\t\t\t<\/div>\n\t\t\t\t<\/div>\n\t\t<div class=\"elementor-element elementor-element-4603dd60 e-flex e-con-boxed e-con e-parent\" data-id=\"4603dd60\" data-element_type=\"container\" data-e-type=\"container\">\n\t\t\t\t\t<div class=\"e-con-inner\">\n\t\t\t\t<div class=\"elementor-element elementor-element-6e4fe933 elementor-widget elementor-widget-gallery\" data-id=\"6e4fe933\" data-element_type=\"widget\" data-e-type=\"widget\" data-settings=\"{&quot;columns&quot;:2,&quot;lazyload&quot;:&quot;yes&quot;,&quot;gallery_layout&quot;:&quot;grid&quot;,&quot;columns_tablet&quot;:2,&quot;columns_mobile&quot;:1,&quot;gap&quot;:{&quot;unit&quot;:&quot;px&quot;,&quot;size&quot;:10,&quot;sizes&quot;:[]},&quot;gap_tablet&quot;:{&quot;unit&quot;:&quot;px&quot;,&quot;size&quot;:10,&quot;sizes&quot;:[]},&quot;gap_mobile&quot;:{&quot;unit&quot;:&quot;px&quot;,&quot;size&quot;:10,&quot;sizes&quot;:[]},&quot;link_to&quot;:&quot;file&quot;,&quot;aspect_ratio&quot;:&quot;3:2&quot;,&quot;overlay_background&quot;:&quot;yes&quot;,&quot;content_hover_animation&quot;:&quot;fade-in&quot;}\" data-widget_type=\"gallery.default\">\n\t\t\t\t<div class=\"elementor-widget-container\">\n\t\t\t\t\t\t\t<div class=\"elementor-gallery__container\">\n\t\t\t\t\t\t\t<a class=\"e-gallery-item elementor-gallery-item elementor-animated-content\" href=\"https:\/\/bucurestizoo.ro\/wp-content\/uploads\/2025\/03\/dragon-barbos-dt_2-Large.jpeg\" data-elementor-open-lightbox=\"yes\" data-elementor-lightbox-slideshow=\"6e4fe933\" data-elementor-lightbox-title=\"dragon ba\u0306rbos dt_2 Large\" data-e-action-hash=\"#elementor-action%3Aaction%3Dlightbox%26settings%3DeyJpZCI6MTQzMTQsInVybCI6Imh0dHBzOlwvXC9idWN1cmVzdGl6b28ucm9cL3dwLWNvbnRlbnRcL3VwbG9hZHNcLzIwMjVcLzAzXC9kcmFnb24tYmFyYm9zLWR0XzItTGFyZ2UuanBlZyIsInNsaWRlc2hvdyI6IjZlNGZlOTMzIn0%3D\">\n\t\t\t\t\t<div class=\"e-gallery-image elementor-gallery-item__image\" data-thumbnail=\"https:\/\/bucurestizoo.ro\/wp-content\/uploads\/2025\/03\/dragon-barbos-dt_2-Large-1024x682.jpeg\" data-width=\"847\" data-height=\"564\" aria-label=\"\" role=\"img\" ><\/div>\n\t\t\t\t\t\t\t\t\t\t\t<div class=\"elementor-gallery-item__overlay\"><\/div>\n\t\t\t\t\t\t\t\t\t\t\t\t\t\t<\/a>\n\t\t\t\t\t\t\t<a class=\"e-gallery-item elementor-gallery-item elementor-animated-content\" href=\"https:\/\/bucurestizoo.ro\/wp-content\/uploads\/2025\/03\/dragon-barbos-dt_3-Large.jpeg\" data-elementor-open-lightbox=\"yes\" data-elementor-lightbox-slideshow=\"6e4fe933\" data-elementor-lightbox-title=\"dragon ba\u0306rbos dt_3 Large\" data-e-action-hash=\"#elementor-action%3Aaction%3Dlightbox%26settings%3DeyJpZCI6MTQzMTUsInVybCI6Imh0dHBzOlwvXC9idWN1cmVzdGl6b28ucm9cL3dwLWNvbnRlbnRcL3VwbG9hZHNcLzIwMjVcLzAzXC9kcmFnb24tYmFyYm9zLWR0XzMtTGFyZ2UuanBlZyIsInNsaWRlc2hvdyI6IjZlNGZlOTMzIn0%3D\">\n\t\t\t\t\t<div class=\"e-gallery-image elementor-gallery-item__image\" data-thumbnail=\"https:\/\/bucurestizoo.ro\/wp-content\/uploads\/2025\/03\/dragon-barbos-dt_3-Large-1024x682.jpeg\" data-width=\"847\" data-height=\"564\" aria-label=\"\" role=\"img\" ><\/div>\n\t\t\t\t\t\t\t\t\t\t\t<div class=\"elementor-gallery-item__overlay\"><\/div>\n\t\t\t\t\t\t\t\t\t\t\t\t\t\t<\/a>\n\t\t\t\t\t<\/div>\n\t\t\t\t\t<\/div>\n\t\t\t\t<\/div>\n\t\t\t\t\t<\/div>\n\t\t\t\t<\/div>\n\t\t<div class=\"elementor-element elementor-element-68f389f animated-slow e-flex e-con-boxed elementor-invisible e-con e-parent\" data-id=\"68f389f\" data-element_type=\"container\" data-e-type=\"container\" data-settings=\"{&quot;animation&quot;:&quot;fadeInRight&quot;}\">\n\t\t\t\t\t<div class=\"e-con-inner\">\n\t\t\t\t<div class=\"elementor-element elementor-element-2c4acf40 elementor-widget elementor-widget-heading\" data-id=\"2c4acf40\" data-element_type=\"widget\" data-e-type=\"widget\" data-widget_type=\"heading.default\">\n\t\t\t\t<div class=\"elementor-widget-container\">\n\t\t\t\t\t<h1 class=\"elementor-heading-title elementor-size-default\">Habitat:<\/h1>\t\t\t\t<\/div>\n\t\t\t\t<\/div>\n\t\t\t\t<div class=\"elementor-element elementor-element-519a7141 elementor-widget elementor-widget-text-editor\" data-id=\"519a7141\" data-element_type=\"widget\" data-e-type=\"widget\" data-widget_type=\"text-editor.default\">\n\t\t\t\t<div class=\"elementor-widget-container\">\n\t\t\t\t\t\t\t\t\t<p>Tr\u0103ie\u0219te \u00een regiuni aride, de\u0219erturi, savane \u0219i zone st\u00e2ncoase.<br \/>Prefer\u0103 habitatele unde exist\u0103 lemne c\u0103zute, pietre \u0219i tufi\u0219uri, unde se poate ascunde de pr\u0103d\u0103tori.<br \/>\u00ce\u0219i petrece mare parte din zi la soare, deoarece are s\u00e2nge rece \u0219i are nevoie de c\u0103ldura solar\u0103 pentru a-\u0219i regla temperatura corpului.<br \/>\u00cen timpul nop\u021bii, se refugiaz\u0103 \u00een scorburi, vizuini sau sub st\u00e2nci pentru a evita temperaturile sc\u0103zute.<\/p>\t\t\t\t\t\t\t\t<\/div>\n\t\t\t\t<\/div>\n\t\t\t\t\t<\/div>\n\t\t\t\t<\/div>\n\t\t<div class=\"elementor-element elementor-element-633bce58 e-grid e-con-boxed e-con e-parent\" data-id=\"633bce58\" data-element_type=\"container\" data-e-type=\"container\">\n\t\t\t\t\t<div class=\"e-con-inner\">\n\t\t<div class=\"elementor-element elementor-element-1f0c2160 e-con-full animated-slow e-flex elementor-invisible e-con e-child\" data-id=\"1f0c2160\" data-element_type=\"container\" data-e-type=\"container\" data-settings=\"{&quot;animation&quot;:&quot;fadeInLeft&quot;}\">\n\t\t\t\t<div class=\"elementor-element elementor-element-6106d3c7 elementor-widget elementor-widget-heading\" data-id=\"6106d3c7\" data-element_type=\"widget\" data-e-type=\"widget\" data-widget_type=\"heading.default\">\n\t\t\t\t<div class=\"elementor-widget-container\">\n\t\t\t\t\t<h1 class=\"elementor-heading-title elementor-size-default\">Hran\u0103:<\/h1>\t\t\t\t<\/div>\n\t\t\t\t<\/div>\n\t\t\t\t<div class=\"elementor-element elementor-element-1838a6de elementor-widget elementor-widget-text-editor\" data-id=\"1838a6de\" data-element_type=\"widget\" data-e-type=\"widget\" data-widget_type=\"text-editor.default\">\n\t\t\t\t<div class=\"elementor-widget-container\">\n\t\t\t\t\t\t\t\t\t<p>Este un omnivor oportunist, dieta sa fiind format\u0103 din:<br \/>\u2022 Insecte: greieri, viermi de f\u0103in\u0103, l\u0103custe, g\u00e2ndaci<br \/>\u2022 Verde\u021buri: frunze de p\u0103p\u0103die, salat\u0103 roman\u0103, lucern\u0103<br \/>\u2022 Fructe: c\u0103p\u0219uni, mango, pepene<br \/>\u2022 Flori comestibile: hibiscus, trandafir japonez<br \/>Pe m\u0103sur\u0103 ce \u00eemb\u0103tr\u00e2nesc, consum\u0103 mai multe plante \u0219i mai pu\u021bine insecte.<\/p>\t\t\t\t\t\t\t\t<\/div>\n\t\t\t\t<\/div>\n\t\t\t\t<\/div>\n\t\t<div class=\"elementor-element elementor-element-40ec1a0f e-con-full animated-slow e-flex elementor-invisible e-con e-child\" data-id=\"40ec1a0f\" data-element_type=\"container\" data-e-type=\"container\" data-settings=\"{&quot;animation&quot;:&quot;fadeInRight&quot;}\">\n\t\t\t\t<div class=\"elementor-element elementor-element-77199efb elementor-widget elementor-widget-heading\" data-id=\"77199efb\" data-element_type=\"widget\" data-e-type=\"widget\" data-widget_type=\"heading.default\">\n\t\t\t\t<div class=\"elementor-widget-container\">\n\t\t\t\t\t<h1 class=\"elementor-heading-title elementor-size-default\">Conservare:<\/h1>\t\t\t\t<\/div>\n\t\t\t\t<\/div>\n\t\t\t\t<div class=\"elementor-element elementor-element-5292f1c7 elementor-widget elementor-widget-text-editor\" data-id=\"5292f1c7\" data-element_type=\"widget\" data-e-type=\"widget\" data-widget_type=\"text-editor.default\">\n\t\t\t\t<div class=\"elementor-widget-container\">\n\t\t\t\t\t\t\t\t\t<p>Nu este o specie amenin\u021bat\u0103, \u00eens\u0103 popula\u021biile s\u0103lbatice sunt afectate de:<br \/>\u2022 Pierderea habitatului din cauza urbaniz\u0103rii<br \/>\u2022 Colectarea excesiv\u0103 pentru comer\u021bul de animale exotice<br \/>\u00cen Australia, este protejat de legi stricte, iar exportul s\u0103u este interzis.<br \/>\u00cen captivitate, necesit\u0103 un habitat bine amenajat, cu surse de lumin\u0103 UV \u0219i temperaturi controlate.<\/p>\t\t\t\t\t\t\t\t<\/div>\n\t\t\t\t<\/div>\n\t\t\t\t<\/div>\n\t\t\t\t\t<\/div>\n\t\t\t\t<\/div>\n\t\t\t\t<\/div>","protected":false},"excerpt":{"rendered":"<p>Dragon B\u0103rbos Denumire \u0219tiin\u021bific\u0103: Pogona vitticepsOrdin: SquamataFamilie: AgamidaeGen: PogonaSpecie: P. vitticepsDistribu\u021bia pe glob: Nativ din Australia, \u00een special \u00een regiunile aride \u0219i semiaride ale statelor Queensland, New South Wales, Australia de Sud \u0219i Teritoriul de NordDimensiuni: Lungime total\u0103: 40-60 cm, coada reprezint\u0103 mai mult de jum\u0103tate din corpGreutate: \u00centre 300 \u0219i 600 g, masculii fiind &hellip; <a href=\"https:\/\/bucurestizoo.ro\/en\/dragon-barbos\/\" class=\"more-link\">Continue reading <span class=\"screen-reader-text\">Dragon B\u0103rbos<\/span><\/a><\/p>","protected":false},"author":1,"featured_media":0,"parent":0,"menu_order":0,"comment_status":"closed","ping_status":"closed","template":"","meta":{"_monsterinsights_skip_tracking":false,"_monsterinsights_sitenote_active":false,"_monsterinsights_sitenote_note":"","_monsterinsights_sitenote_category":0,"footnotes":""},"class_list":["post-14320","page","type-page","status-publish","hentry"],"aioseo_notices":[],"_links":{"self":[{"href":"https:\/\/bucurestizoo.ro\/en\/wp-json\/wp\/v2\/pages\/14320","targetHints":{"allow":["GET"]}}],"collection":[{"href":"https:\/\/bucurestizoo.ro\/en\/wp-json\/wp\/v2\/pages"}],"about":[{"href":"https:\/\/bucurestizoo.ro\/en\/wp-json\/wp\/v2\/types\/page"}],"author":[{"embeddable":true,"href":"https:\/\/bucurestizoo.ro\/en\/wp-json\/wp\/v2\/users\/1"}],"replies":[{"embeddable":true,"href":"https:\/\/bucurestizoo.ro\/en\/wp-json\/wp\/v2\/comments?post=14320"}],"version-history":[{"count":4,"href":"https:\/\/bucurestizoo.ro\/en\/wp-json\/wp\/v2\/pages\/14320\/revisions"}],"predecessor-version":[{"id":14325,"href":"https:\/\/bucurestizoo.ro\/en\/wp-json\/wp\/v2\/pages\/14320\/revisions\/14325"}],"wp:attachment":[{"href":"https:\/\/bucurestizoo.ro\/en\/wp-json\/wp\/v2\/media?parent=14320"}],"curies":[{"name":"wp","href":"https:\/\/api.w.org\/{rel}","templated":true}]}}