{"id":14297,"date":"2025-03-30T23:03:35","date_gmt":"2025-03-30T21:03:35","guid":{"rendered":"https:\/\/n1.bucurestizoo.ro\/?page_id=14297"},"modified":"2025-03-30T23:08:15","modified_gmt":"2025-03-30T21:08:15","slug":"crab-de-uscat","status":"publish","type":"page","link":"https:\/\/bucurestizoo.ro\/en\/crab-de-uscat\/","title":{"rendered":"Crab de Uscat"},"content":{"rendered":"<div data-elementor-type=\"wp-page\" data-elementor-id=\"14297\" class=\"elementor elementor-14297\" data-elementor-post-type=\"page\">\n\t\t\t\t<div class=\"elementor-element elementor-element-5de5682b e-flex e-con-boxed e-con e-parent\" data-id=\"5de5682b\" data-element_type=\"container\" data-e-type=\"container\" data-settings=\"{&quot;background_background&quot;:&quot;classic&quot;}\">\n\t\t\t\t\t<div class=\"e-con-inner\">\n\t\t<div class=\"elementor-element elementor-element-6835835d e-con-full e-flex e-con e-child\" data-id=\"6835835d\" data-element_type=\"container\" data-e-type=\"container\">\n\t\t<div class=\"elementor-element elementor-element-5d2bd4da e-con-full animated-slow e-flex elementor-invisible e-con e-child\" data-id=\"5d2bd4da\" data-element_type=\"container\" data-e-type=\"container\" data-settings=\"{&quot;animation&quot;:&quot;fadeInLeft&quot;}\">\n\t\t\t\t<div class=\"elementor-element elementor-element-7df9b8ee elementor-widget elementor-widget-heading\" data-id=\"7df9b8ee\" data-element_type=\"widget\" data-e-type=\"widget\" data-widget_type=\"heading.default\">\n\t\t\t\t<div class=\"elementor-widget-container\">\n\t\t\t\t\t<h1 class=\"elementor-heading-title elementor-size-default\">Crab de Uscat<\/h1>\t\t\t\t<\/div>\n\t\t\t\t<\/div>\n\t\t\t\t<div class=\"elementor-element elementor-element-6e353a8a elementor-widget elementor-widget-text-editor\" data-id=\"6e353a8a\" data-element_type=\"widget\" data-e-type=\"widget\" data-widget_type=\"text-editor.default\">\n\t\t\t\t<div class=\"elementor-widget-container\">\n\t\t\t\t\t\t\t\t\t<p><strong data-start=\"0\" data-end=\"25\" data-is-only-node=\"\">Denumire \u0219tiin\u021bific\u0103:<\/strong> Gecarcinus ruricola<br data-start=\"45\" data-end=\"48\" \/><strong data-start=\"48\" data-end=\"58\">Ordin:<\/strong> Decapoda<br data-start=\"67\" data-end=\"70\" \/><strong data-start=\"70\" data-end=\"82\">Familie:<\/strong> Gecarcinidae<br data-start=\"95\" data-end=\"98\" \/><strong data-start=\"98\" data-end=\"106\">Gen:<\/strong> Gecarcinus<br data-start=\"117\" data-end=\"120\" \/><strong data-start=\"120\" data-end=\"131\">Specie:<\/strong> G. ruricola<br data-start=\"143\" data-end=\"146\" \/><strong data-start=\"146\" data-end=\"170\">Distribu\u021bia pe glob:<\/strong> Se g\u0103se\u0219te \u00een regiunile tropicale \u0219i subtropicale ale Americii Centrale, \u00een special \u00een Caraibe, pe coastele Americii de Sud \u0219i \u00een insulele Antile<br data-start=\"316\" data-end=\"319\" \/><strong data-start=\"319\" data-end=\"334\">Dimensiuni:<\/strong> Carapacea atinge o l\u0103\u021bime de 6-12 cm<br data-start=\"371\" data-end=\"374\" \/><strong data-start=\"374\" data-end=\"387\">Greutate:<\/strong> \u00cen jur de 300-500 g, dar unii indivizi mai b\u0103tr\u00e2ni pot dep\u0103\u0219i aceste valori<br data-start=\"463\" data-end=\"466\" \/><strong data-start=\"466\" data-end=\"494\">Perioada de reproducere:<\/strong> Se \u00eenmul\u021be\u0219te sezonal, femelele depun\u00e2nd ou\u0103 \u00een ap\u0103<br data-start=\"546\" data-end=\"549\" \/><strong data-start=\"549\" data-end=\"566\">Num\u0103r de pui:<\/strong> Femelele pot elibera p\u00e2n\u0103 la 300.000 de larve \u00een ocean<br data-start=\"621\" data-end=\"624\" \/><strong data-start=\"624\" data-end=\"646\">Speran\u021b\u0103 de via\u021b\u0103:<\/strong> Poate tr\u0103i \u00eentre 10 \u0219i 20 de ani<\/p>\t\t\t\t\t\t\t\t<\/div>\n\t\t\t\t<\/div>\n\t\t\t\t<\/div>\n\t\t\t\t<div class=\"elementor-element elementor-element-6371c33a elementor-widget-tablet__width-inherit animated-slow elementor-invisible elementor-widget elementor-widget-image\" data-id=\"6371c33a\" data-element_type=\"widget\" data-e-type=\"widget\" data-settings=\"{&quot;_animation&quot;:&quot;fadeInRight&quot;}\" data-widget_type=\"image.default\">\n\t\t\t\t<div class=\"elementor-widget-container\">\n\t\t\t\t\t\t\t\t\t\t\t\t\t\t\t<img fetchpriority=\"high\" decoding=\"async\" width=\"847\" height=\"565\" src=\"https:\/\/bucurestizoo.ro\/wp-content\/uploads\/2025\/03\/crabul-de-uscat-dt_1-1024x683.jpg\" class=\"attachment-large size-large wp-image-14296\" alt=\"\" srcset=\"https:\/\/bucurestizoo.ro\/wp-content\/uploads\/2025\/03\/crabul-de-uscat-dt_1-1024x683.jpg 1024w, https:\/\/bucurestizoo.ro\/wp-content\/uploads\/2025\/03\/crabul-de-uscat-dt_1-300x200.jpg 300w, https:\/\/bucurestizoo.ro\/wp-content\/uploads\/2025\/03\/crabul-de-uscat-dt_1-768x512.jpg 768w, https:\/\/bucurestizoo.ro\/wp-content\/uploads\/2025\/03\/crabul-de-uscat-dt_1-1536x1024.jpg 1536w, https:\/\/bucurestizoo.ro\/wp-content\/uploads\/2025\/03\/crabul-de-uscat-dt_1-2048x1365.jpg 2048w, https:\/\/bucurestizoo.ro\/wp-content\/uploads\/2025\/03\/crabul-de-uscat-dt_1-450x300.jpg 450w, https:\/\/bucurestizoo.ro\/wp-content\/uploads\/2025\/03\/crabul-de-uscat-dt_1-650x433.jpg 650w\" sizes=\"(max-width: 847px) 100vw, 847px\" data-id=\"14296\" \/>\t\t\t\t\t\t\t\t\t\t\t\t\t\t\t<\/div>\n\t\t\t\t<\/div>\n\t\t\t\t<\/div>\n\t\t\t\t\t<\/div>\n\t\t\t\t<\/div>\n\t\t<div class=\"elementor-element elementor-element-7d827c14 animated-slow e-flex e-con-boxed elementor-invisible e-con e-parent\" data-id=\"7d827c14\" data-element_type=\"container\" data-e-type=\"container\" data-settings=\"{&quot;animation&quot;:&quot;fadeInLeft&quot;}\">\n\t\t\t\t\t<div class=\"e-con-inner\">\n\t\t\t\t<div class=\"elementor-element elementor-element-5d25cdf3 elementor-widget elementor-widget-heading\" data-id=\"5d25cdf3\" data-element_type=\"widget\" data-e-type=\"widget\" data-widget_type=\"heading.default\">\n\t\t\t\t<div class=\"elementor-widget-container\">\n\t\t\t\t\t<h1 class=\"elementor-heading-title elementor-size-default\">General:<\/h1>\t\t\t\t<\/div>\n\t\t\t\t<\/div>\n\t\t\t\t<div class=\"elementor-element elementor-element-1adbc16c elementor-widget elementor-widget-text-editor\" data-id=\"1adbc16c\" data-element_type=\"widget\" data-e-type=\"widget\" data-widget_type=\"text-editor.default\">\n\t\t\t\t<div class=\"elementor-widget-container\">\n\t\t\t\t\t\t\t\t\t<p>Crabul de uscat Gecarcinus ruricola este una dintre pu\u021binele specii de crabi terestre, capabile s\u0103 tr\u0103iasc\u0103 departe de ap\u0103 pentru perioade \u00eendelungate. De\u0219i poate supravie\u021bui pe uscat, trebuie s\u0103-\u0219i men\u021bin\u0103 branhii umede, motiv pentru care prefer\u0103 locurile umede sau s\u0103p\u0103turile subterane. \u00cen timpul sezonului de \u00eemperechere, migreaz\u0103 \u00een num\u0103r mare spre coast\u0103 pentru a elibera ou\u0103le \u00een ap\u0103. De obicei, sunt activi noaptea, ie\u0219ind din ascunz\u0103tori pentru a c\u0103uta hran\u0103. Au o coloristic\u0103 variabil\u0103, de la maro \u00eenchis \u0219i ro\u0219u p\u00e2n\u0103 la nuan\u021be de galben \u0219i portocaliu. Unii localnici \u00eei folosesc \u00een gastronomie, dar carnea lor trebuie g\u0103tit\u0103 cu grij\u0103, deoarece pot acumula toxine din hrana consumat\u0103. Sunt mari amatori de banane! \u00cen unele insule, sunt v\u0103zu\u021bi c\u0103\u021b\u0103r\u00e2ndu-se pe trunchiuri pentru a ajunge la fructe. \u00cen timpul migra\u021biilor, pot forma adev\u0103rate armate, acoperind drumurile \u0219i intr\u00e2nd \u00een case. De\u0219i numele lor sugereaz\u0103 c\u0103 sunt exclusiv terestre, trebuie s\u0103-\u0219i ude periodic branhiile pentru a putea respira. Uneori sunt numi\u021bi \u201ccrabi ninja\u201d, deoarece se ascund rapid \u00een vizuini \u0219i sunt greu de prins!<\/p>\t\t\t\t\t\t\t\t<\/div>\n\t\t\t\t<\/div>\n\t\t\t\t\t<\/div>\n\t\t\t\t<\/div>\n\t\t<div class=\"elementor-element elementor-element-2732b82 e-flex e-con-boxed e-con e-parent\" data-id=\"2732b82\" data-element_type=\"container\" data-e-type=\"container\">\n\t\t\t\t\t<div class=\"e-con-inner\">\n\t\t\t\t<div class=\"elementor-element elementor-element-66d703e6 elementor-widget elementor-widget-gallery\" data-id=\"66d703e6\" data-element_type=\"widget\" data-e-type=\"widget\" data-settings=\"{&quot;columns&quot;:2,&quot;lazyload&quot;:&quot;yes&quot;,&quot;gallery_layout&quot;:&quot;grid&quot;,&quot;columns_tablet&quot;:2,&quot;columns_mobile&quot;:1,&quot;gap&quot;:{&quot;unit&quot;:&quot;px&quot;,&quot;size&quot;:10,&quot;sizes&quot;:[]},&quot;gap_tablet&quot;:{&quot;unit&quot;:&quot;px&quot;,&quot;size&quot;:10,&quot;sizes&quot;:[]},&quot;gap_mobile&quot;:{&quot;unit&quot;:&quot;px&quot;,&quot;size&quot;:10,&quot;sizes&quot;:[]},&quot;link_to&quot;:&quot;file&quot;,&quot;aspect_ratio&quot;:&quot;3:2&quot;,&quot;overlay_background&quot;:&quot;yes&quot;,&quot;content_hover_animation&quot;:&quot;fade-in&quot;}\" data-widget_type=\"gallery.default\">\n\t\t\t\t<div class=\"elementor-widget-container\">\n\t\t\t\t\t\t\t<div class=\"elementor-gallery__container\">\n\t\t\t\t\t\t\t<a class=\"e-gallery-item elementor-gallery-item elementor-animated-content\" href=\"https:\/\/bucurestizoo.ro\/wp-content\/uploads\/2025\/03\/crabul-de-uscat-dt_2.jpg\" data-elementor-open-lightbox=\"yes\" data-elementor-lightbox-slideshow=\"66d703e6\" data-elementor-lightbox-title=\"crabul de uscat dt_2\" data-e-action-hash=\"#elementor-action%3Aaction%3Dlightbox%26settings%3DeyJpZCI6MTQyOTUsInVybCI6Imh0dHBzOlwvXC9idWN1cmVzdGl6b28ucm9cL3dwLWNvbnRlbnRcL3VwbG9hZHNcLzIwMjVcLzAzXC9jcmFidWwtZGUtdXNjYXQtZHRfMi5qcGciLCJzbGlkZXNob3ciOiI2NmQ3MDNlNiJ9\">\n\t\t\t\t\t<div class=\"e-gallery-image elementor-gallery-item__image\" data-thumbnail=\"https:\/\/bucurestizoo.ro\/wp-content\/uploads\/2025\/03\/crabul-de-uscat-dt_2-1024x683.jpg\" data-width=\"847\" data-height=\"565\" aria-label=\"\" role=\"img\" ><\/div>\n\t\t\t\t\t\t\t\t\t\t\t<div class=\"elementor-gallery-item__overlay\"><\/div>\n\t\t\t\t\t\t\t\t\t\t\t\t\t\t<\/a>\n\t\t\t\t\t\t\t<a class=\"e-gallery-item elementor-gallery-item elementor-animated-content\" href=\"https:\/\/bucurestizoo.ro\/wp-content\/uploads\/2025\/03\/crabul-de-uscat-dt_3.jpg\" data-elementor-open-lightbox=\"yes\" data-elementor-lightbox-slideshow=\"66d703e6\" data-elementor-lightbox-title=\"crabul de uscat dt_3\" data-e-action-hash=\"#elementor-action%3Aaction%3Dlightbox%26settings%3DeyJpZCI6MTQyOTQsInVybCI6Imh0dHBzOlwvXC9idWN1cmVzdGl6b28ucm9cL3dwLWNvbnRlbnRcL3VwbG9hZHNcLzIwMjVcLzAzXC9jcmFidWwtZGUtdXNjYXQtZHRfMy5qcGciLCJzbGlkZXNob3ciOiI2NmQ3MDNlNiJ9\">\n\t\t\t\t\t<div class=\"e-gallery-image elementor-gallery-item__image\" data-thumbnail=\"https:\/\/bucurestizoo.ro\/wp-content\/uploads\/2025\/03\/crabul-de-uscat-dt_3-1024x576.jpg\" data-width=\"847\" data-height=\"476\" aria-label=\"\" role=\"img\" ><\/div>\n\t\t\t\t\t\t\t\t\t\t\t<div class=\"elementor-gallery-item__overlay\"><\/div>\n\t\t\t\t\t\t\t\t\t\t\t\t\t\t<\/a>\n\t\t\t\t\t<\/div>\n\t\t\t\t\t<\/div>\n\t\t\t\t<\/div>\n\t\t\t\t\t<\/div>\n\t\t\t\t<\/div>\n\t\t<div class=\"elementor-element elementor-element-6d7ec0ef animated-slow e-flex e-con-boxed elementor-invisible e-con e-parent\" data-id=\"6d7ec0ef\" data-element_type=\"container\" data-e-type=\"container\" data-settings=\"{&quot;animation&quot;:&quot;fadeInRight&quot;}\">\n\t\t\t\t\t<div class=\"e-con-inner\">\n\t\t\t\t<div class=\"elementor-element elementor-element-77ae6cb9 elementor-widget elementor-widget-heading\" data-id=\"77ae6cb9\" data-element_type=\"widget\" data-e-type=\"widget\" data-widget_type=\"heading.default\">\n\t\t\t\t<div class=\"elementor-widget-container\">\n\t\t\t\t\t<h1 class=\"elementor-heading-title elementor-size-default\">Habitat:<\/h1>\t\t\t\t<\/div>\n\t\t\t\t<\/div>\n\t\t\t\t<div class=\"elementor-element elementor-element-60cedc2c elementor-widget elementor-widget-text-editor\" data-id=\"60cedc2c\" data-element_type=\"widget\" data-e-type=\"widget\" data-widget_type=\"text-editor.default\">\n\t\t\t\t<div class=\"elementor-widget-container\">\n\t\t\t\t\t\t\t\t\t<p>Prefer\u0103 p\u0103durile tropicale \u0219i zonele de coast\u0103, unde pot g\u0103si ascunzi\u0219uri \u00een scorburi, printre r\u0103d\u0103cini sau \u00een p\u0103m\u00e2nt.<br \/>Se \u00eent\u00e2lnesc adesea \u00een apropierea mangrovelor \u0219i zonelor ml\u0103\u0219tinoase, unde umiditatea este ridicat\u0103.<br \/>Sap\u0103 vizuini ad\u00e2nci, \u00een care se ascund \u00een timpul zilei pentru a evita deshidratarea \u0219i pr\u0103d\u0103torii.<\/p>\t\t\t\t\t\t\t\t<\/div>\n\t\t\t\t<\/div>\n\t\t\t\t\t<\/div>\n\t\t\t\t<\/div>\n\t\t<div class=\"elementor-element elementor-element-5b80ac58 e-grid e-con-boxed e-con e-parent\" data-id=\"5b80ac58\" data-element_type=\"container\" data-e-type=\"container\">\n\t\t\t\t\t<div class=\"e-con-inner\">\n\t\t<div class=\"elementor-element elementor-element-487a38be e-con-full animated-slow e-flex elementor-invisible e-con e-child\" data-id=\"487a38be\" data-element_type=\"container\" data-e-type=\"container\" data-settings=\"{&quot;animation&quot;:&quot;fadeInLeft&quot;}\">\n\t\t\t\t<div class=\"elementor-element elementor-element-6d235da8 elementor-widget elementor-widget-heading\" data-id=\"6d235da8\" data-element_type=\"widget\" data-e-type=\"widget\" data-widget_type=\"heading.default\">\n\t\t\t\t<div class=\"elementor-widget-container\">\n\t\t\t\t\t<h1 class=\"elementor-heading-title elementor-size-default\">Hran\u0103:<\/h1>\t\t\t\t<\/div>\n\t\t\t\t<\/div>\n\t\t\t\t<div class=\"elementor-element elementor-element-17312d2b elementor-widget elementor-widget-text-editor\" data-id=\"17312d2b\" data-element_type=\"widget\" data-e-type=\"widget\" data-widget_type=\"text-editor.default\">\n\t\t\t\t<div class=\"elementor-widget-container\">\n\t\t\t\t\t\t\t\t\t<p>Sunt omnivori oportuni\u0219ti, consum\u00e2nd: fructe, frunze \u0219i semin\u021be c\u0103zute, carcase de animale \u0219i insecte moarte, alge \u0219i materie organic\u0103<br \/>Ajut\u0103 la descompunerea materiei vegetale, av\u00e2nd un rol important \u00een ecosistem.<br \/>De\u0219i sunt \u00een mare parte vegetarieni, pot deveni carnivori ocazionali dac\u0103 resursele de hran\u0103 sunt limitate.<\/p>\t\t\t\t\t\t\t\t<\/div>\n\t\t\t\t<\/div>\n\t\t\t\t<\/div>\n\t\t<div class=\"elementor-element elementor-element-13ac438b e-con-full animated-slow e-flex elementor-invisible e-con e-child\" data-id=\"13ac438b\" data-element_type=\"container\" data-e-type=\"container\" data-settings=\"{&quot;animation&quot;:&quot;fadeInRight&quot;}\">\n\t\t\t\t<div class=\"elementor-element elementor-element-3c214d42 elementor-widget elementor-widget-heading\" data-id=\"3c214d42\" data-element_type=\"widget\" data-e-type=\"widget\" data-widget_type=\"heading.default\">\n\t\t\t\t<div class=\"elementor-widget-container\">\n\t\t\t\t\t<h1 class=\"elementor-heading-title elementor-size-default\">Conservare:<\/h1>\t\t\t\t<\/div>\n\t\t\t\t<\/div>\n\t\t\t\t<div class=\"elementor-element elementor-element-2f38e427 elementor-widget elementor-widget-text-editor\" data-id=\"2f38e427\" data-element_type=\"widget\" data-e-type=\"widget\" data-widget_type=\"text-editor.default\">\n\t\t\t\t<div class=\"elementor-widget-container\">\n\t\t\t\t\t\t\t\t\t<p>Popula\u021biile lor sunt amenin\u021bate de: <br \/>Pierderea habitatului din cauza defri\u0219\u0103rilor \u0219i urbaniz\u0103rii <br \/>Colectarea excesiv\u0103 pentru consum<br \/>Poluarea oceanelor, care afecteaz\u0103 dezvoltarea larvelor <br \/>Unele zone au impus reglement\u0103ri privind recoltarea pentru a proteja popula\u021biile s\u0103lbatice.<\/p>\t\t\t\t\t\t\t\t<\/div>\n\t\t\t\t<\/div>\n\t\t\t\t<\/div>\n\t\t\t\t\t<\/div>\n\t\t\t\t<\/div>\n\t\t\t\t<\/div>","protected":false},"excerpt":{"rendered":"<p>Crab de Uscat Denumire \u0219tiin\u021bific\u0103: Gecarcinus ruricolaOrdin: DecapodaFamilie: GecarcinidaeGen: GecarcinusSpecie: G. ruricolaDistribu\u021bia pe glob: Se g\u0103se\u0219te \u00een regiunile tropicale \u0219i subtropicale ale Americii Centrale, \u00een special \u00een Caraibe, pe coastele Americii de Sud \u0219i \u00een insulele AntileDimensiuni: Carapacea atinge o l\u0103\u021bime de 6-12 cmGreutate: \u00cen jur de 300-500 g, dar unii indivizi mai b\u0103tr\u00e2ni pot &hellip; <a href=\"https:\/\/bucurestizoo.ro\/en\/crab-de-uscat\/\" class=\"more-link\">Continue reading <span class=\"screen-reader-text\">Crab de Uscat<\/span><\/a><\/p>","protected":false},"author":1,"featured_media":0,"parent":0,"menu_order":0,"comment_status":"closed","ping_status":"closed","template":"","meta":{"_monsterinsights_skip_tracking":false,"_monsterinsights_sitenote_active":false,"_monsterinsights_sitenote_note":"","_monsterinsights_sitenote_category":0,"footnotes":""},"class_list":["post-14297","page","type-page","status-publish","hentry"],"aioseo_notices":[],"_links":{"self":[{"href":"https:\/\/bucurestizoo.ro\/en\/wp-json\/wp\/v2\/pages\/14297","targetHints":{"allow":["GET"]}}],"collection":[{"href":"https:\/\/bucurestizoo.ro\/en\/wp-json\/wp\/v2\/pages"}],"about":[{"href":"https:\/\/bucurestizoo.ro\/en\/wp-json\/wp\/v2\/types\/page"}],"author":[{"embeddable":true,"href":"https:\/\/bucurestizoo.ro\/en\/wp-json\/wp\/v2\/users\/1"}],"replies":[{"embeddable":true,"href":"https:\/\/bucurestizoo.ro\/en\/wp-json\/wp\/v2\/comments?post=14297"}],"version-history":[{"count":5,"href":"https:\/\/bucurestizoo.ro\/en\/wp-json\/wp\/v2\/pages\/14297\/revisions"}],"predecessor-version":[{"id":14307,"href":"https:\/\/bucurestizoo.ro\/en\/wp-json\/wp\/v2\/pages\/14297\/revisions\/14307"}],"wp:attachment":[{"href":"https:\/\/bucurestizoo.ro\/en\/wp-json\/wp\/v2\/media?parent=14297"}],"curies":[{"name":"wp","href":"https:\/\/api.w.org\/{rel}","templated":true}]}}