{"id":14285,"date":"2025-03-30T22:52:19","date_gmt":"2025-03-30T20:52:19","guid":{"rendered":"https:\/\/n1.bucurestizoo.ro\/?page_id=14285"},"modified":"2025-03-30T22:57:31","modified_gmt":"2025-03-30T20:57:31","slug":"coral","status":"publish","type":"page","link":"https:\/\/bucurestizoo.ro\/en\/coral\/","title":{"rendered":"Coral"},"content":{"rendered":"<div data-elementor-type=\"wp-page\" data-elementor-id=\"14285\" class=\"elementor elementor-14285\" data-elementor-post-type=\"page\">\n\t\t\t\t<div class=\"elementor-element elementor-element-3ef450c7 e-flex e-con-boxed e-con e-parent\" data-id=\"3ef450c7\" data-element_type=\"container\" data-e-type=\"container\" data-settings=\"{&quot;background_background&quot;:&quot;classic&quot;}\">\n\t\t\t\t\t<div class=\"e-con-inner\">\n\t\t<div class=\"elementor-element elementor-element-799b404 e-con-full e-flex e-con e-child\" data-id=\"799b404\" data-element_type=\"container\" data-e-type=\"container\">\n\t\t<div class=\"elementor-element elementor-element-16d0ad70 e-con-full animated-slow e-flex elementor-invisible e-con e-child\" data-id=\"16d0ad70\" data-element_type=\"container\" data-e-type=\"container\" data-settings=\"{&quot;animation&quot;:&quot;fadeInLeft&quot;}\">\n\t\t\t\t<div class=\"elementor-element elementor-element-5d4ff11a elementor-widget elementor-widget-heading\" data-id=\"5d4ff11a\" data-element_type=\"widget\" data-e-type=\"widget\" data-widget_type=\"heading.default\">\n\t\t\t\t<div class=\"elementor-widget-container\">\n\t\t\t\t\t<h1 class=\"elementor-heading-title elementor-size-default\">Corali<\/h1>\t\t\t\t<\/div>\n\t\t\t\t<\/div>\n\t\t\t\t<div class=\"elementor-element elementor-element-228d170a elementor-widget elementor-widget-text-editor\" data-id=\"228d170a\" data-element_type=\"widget\" data-e-type=\"widget\" data-widget_type=\"text-editor.default\">\n\t\t\t\t<div class=\"elementor-widget-container\">\n\t\t\t\t\t\t\t\t\t<p><strong>Denumire \u0219tiin\u021bific\u0103:<\/strong> Anthozoa (subclasa Hexacorallia \u0219i Octocorallia)<br \/><strong>Ordin:<\/strong> Anthozoa<br \/><strong>Familie:<\/strong> Variaz\u0103 \u00een func\u021bie de specie (ex.: Acroporidae, Faviidae, Alcyoniidae)<br \/><strong>Gen:<\/strong> Diverse genuri (ex.: Acropora, Gorgonia, Pocillopora)<br \/><strong>Specie:<\/strong> Mii de specii diferite<br \/><strong>Distribu\u021bia pe glob:<\/strong> Oceanele tropicale \u0219i subtropicale, \u00een special \u00een Marea Barier\u0103 de Corali, Marea Ro\u0219ie, Caraibe \u0219i Oceanul Indian<br \/><strong>Dimensiuni:<\/strong> De la c\u00e2\u021biva milimetri (polipii individuali) p\u00e2n\u0103 la structuri masive de recif de sute de kilometri<br \/><strong>Greutate:<\/strong> Poate varia de la c\u00e2\u021biva grame pentru coralii moi p\u00e2n\u0103 la tone pentru recifele de corali duri<br \/><strong>Perioada de reproducere:<\/strong> Se \u00eenmul\u021besc at\u00e2t sexuat (prin eliberarea de game\u021bi \u00een ap\u0103), c\u00e2t \u0219i asexuat (prin divizare sau \u00eenmugurire)<br \/><strong>Num\u0103r de pui:<\/strong> Milioane de larve microscopice (planule) sunt eliberate \u00een ocean<br \/><strong>Speran\u021b\u0103 de via\u021b\u0103:<\/strong> Unele colonii pot tr\u0103i sute sau chiar mii de ani<\/p>\t\t\t\t\t\t\t\t<\/div>\n\t\t\t\t<\/div>\n\t\t\t\t<\/div>\n\t\t\t\t<div class=\"elementor-element elementor-element-487e5ec5 elementor-widget-tablet__width-inherit animated-slow elementor-invisible elementor-widget elementor-widget-image\" data-id=\"487e5ec5\" data-element_type=\"widget\" data-e-type=\"widget\" data-settings=\"{&quot;_animation&quot;:&quot;fadeInRight&quot;}\" data-widget_type=\"image.default\">\n\t\t\t\t<div class=\"elementor-widget-container\">\n\t\t\t\t\t\t\t\t\t\t\t\t\t\t\t<img fetchpriority=\"high\" decoding=\"async\" width=\"847\" height=\"635\" src=\"https:\/\/bucurestizoo.ro\/wp-content\/uploads\/2025\/03\/coral-dt_1-Large-1024x768.jpeg\" class=\"attachment-large size-large wp-image-14284\" alt=\"\" srcset=\"https:\/\/bucurestizoo.ro\/wp-content\/uploads\/2025\/03\/coral-dt_1-Large-1024x768.jpeg 1024w, https:\/\/bucurestizoo.ro\/wp-content\/uploads\/2025\/03\/coral-dt_1-Large-300x225.jpeg 300w, https:\/\/bucurestizoo.ro\/wp-content\/uploads\/2025\/03\/coral-dt_1-Large-768x576.jpeg 768w, https:\/\/bucurestizoo.ro\/wp-content\/uploads\/2025\/03\/coral-dt_1-Large-400x300.jpeg 400w, https:\/\/bucurestizoo.ro\/wp-content\/uploads\/2025\/03\/coral-dt_1-Large-650x488.jpeg 650w, https:\/\/bucurestizoo.ro\/wp-content\/uploads\/2025\/03\/coral-dt_1-Large.jpeg 1280w\" sizes=\"(max-width: 847px) 100vw, 847px\" data-id=\"14284\" \/>\t\t\t\t\t\t\t\t\t\t\t\t\t\t\t<\/div>\n\t\t\t\t<\/div>\n\t\t\t\t<\/div>\n\t\t\t\t\t<\/div>\n\t\t\t\t<\/div>\n\t\t<div class=\"elementor-element elementor-element-558c83af animated-slow e-flex e-con-boxed elementor-invisible e-con e-parent\" data-id=\"558c83af\" data-element_type=\"container\" data-e-type=\"container\" data-settings=\"{&quot;animation&quot;:&quot;fadeInLeft&quot;}\">\n\t\t\t\t\t<div class=\"e-con-inner\">\n\t\t\t\t<div class=\"elementor-element elementor-element-5b8c5b58 elementor-widget elementor-widget-heading\" data-id=\"5b8c5b58\" data-element_type=\"widget\" data-e-type=\"widget\" data-widget_type=\"heading.default\">\n\t\t\t\t<div class=\"elementor-widget-container\">\n\t\t\t\t\t<h1 class=\"elementor-heading-title elementor-size-default\">General:<\/h1>\t\t\t\t<\/div>\n\t\t\t\t<\/div>\n\t\t\t\t<div class=\"elementor-element elementor-element-3beef212 elementor-widget elementor-widget-text-editor\" data-id=\"3beef212\" data-element_type=\"widget\" data-e-type=\"widget\" data-widget_type=\"text-editor.default\">\n\t\t\t\t<div class=\"elementor-widget-container\">\n\t\t\t\t\t\t\t\t\t<p>Coralii sunt animale marine nevertebrate care formeaz\u0103 colonii masive, construind ecosisteme unice numite recife de corali. Ace\u0219tia sunt alc\u0103tui\u021bi din polipi mici, gelatino\u0219i, care secret\u0103 un schelet de carbonat de calciu. Tr\u0103iesc \u00een simbioz\u0103 cu algele microscopice numite zooxanthellae, care le ofer\u0103 culoare \u0219i le furnizeaz\u0103 hran\u0103 prin fotosintez\u0103. Unele specii de corali sunt moi \u0219i flexibili, \u00een timp ce altele sunt duri \u0219i pietro\u0219i. Se reproduc coordonat, eliber\u00e2nd simultan spermatozoizi \u0219i ovule \u00een ap\u0103, fenomen numit reproducere sincronizat\u0103. Recifele de corali sunt printre cele mai diverse ecosisteme de pe planet\u0103, ad\u0103postind peste 25% din speciile marine. Exist\u0103 specii de corali care cresc mai pu\u021bin de 1 cm pe an, ceea ce face ca recifele s\u0103 se formeze extrem de lent. De\u0219i arat\u0103 ca ni\u0219te plante sau roci, coralii sunt animale. Unele specii pot schimba culoarea \u00een func\u021bie de stresul ambiental. Un recif de corali s\u0103n\u0103tos poate fi mai zgomotos dec\u00e2t un ora\u0219, din cauza sunetelor emise de pe\u0219ti \u0219i nevertebrate. Cel mai mare sistem de recife de corali din lume, Marea Barier\u0103 de Corali, este vizibil chiar \u0219i din spa\u021biu!<\/p>\t\t\t\t\t\t\t\t<\/div>\n\t\t\t\t<\/div>\n\t\t\t\t\t<\/div>\n\t\t\t\t<\/div>\n\t\t<div class=\"elementor-element elementor-element-1234a17f e-flex e-con-boxed e-con e-parent\" data-id=\"1234a17f\" data-element_type=\"container\" data-e-type=\"container\">\n\t\t\t\t\t<div class=\"e-con-inner\">\n\t\t\t\t<div class=\"elementor-element elementor-element-454b29c5 elementor-widget elementor-widget-gallery\" data-id=\"454b29c5\" data-element_type=\"widget\" data-e-type=\"widget\" data-settings=\"{&quot;lazyload&quot;:&quot;yes&quot;,&quot;gallery_layout&quot;:&quot;grid&quot;,&quot;columns&quot;:4,&quot;columns_tablet&quot;:2,&quot;columns_mobile&quot;:1,&quot;gap&quot;:{&quot;unit&quot;:&quot;px&quot;,&quot;size&quot;:10,&quot;sizes&quot;:[]},&quot;gap_tablet&quot;:{&quot;unit&quot;:&quot;px&quot;,&quot;size&quot;:10,&quot;sizes&quot;:[]},&quot;gap_mobile&quot;:{&quot;unit&quot;:&quot;px&quot;,&quot;size&quot;:10,&quot;sizes&quot;:[]},&quot;link_to&quot;:&quot;file&quot;,&quot;aspect_ratio&quot;:&quot;3:2&quot;,&quot;overlay_background&quot;:&quot;yes&quot;,&quot;content_hover_animation&quot;:&quot;fade-in&quot;}\" data-widget_type=\"gallery.default\">\n\t\t\t\t<div class=\"elementor-widget-container\">\n\t\t\t\t\t\t\t<div class=\"elementor-gallery__container\">\n\t\t\t\t\t\t\t<a class=\"e-gallery-item elementor-gallery-item elementor-animated-content\" href=\"https:\/\/bucurestizoo.ro\/wp-content\/uploads\/2025\/03\/coral-dt_2-Large.jpeg\" data-elementor-open-lightbox=\"yes\" data-elementor-lightbox-slideshow=\"454b29c5\" data-elementor-lightbox-title=\"coral dt_2 Large\" data-e-action-hash=\"#elementor-action%3Aaction%3Dlightbox%26settings%3DeyJpZCI6MTQyODAsInVybCI6Imh0dHBzOlwvXC9idWN1cmVzdGl6b28ucm9cL3dwLWNvbnRlbnRcL3VwbG9hZHNcLzIwMjVcLzAzXC9jb3JhbC1kdF8yLUxhcmdlLmpwZWciLCJzbGlkZXNob3ciOiI0NTRiMjljNSJ9\">\n\t\t\t\t\t<div class=\"e-gallery-image elementor-gallery-item__image\" data-thumbnail=\"https:\/\/bucurestizoo.ro\/wp-content\/uploads\/2025\/03\/coral-dt_2-Large-1024x578.jpeg\" data-width=\"847\" data-height=\"478\" aria-label=\"\" role=\"img\" ><\/div>\n\t\t\t\t\t\t\t\t\t\t\t<div class=\"elementor-gallery-item__overlay\"><\/div>\n\t\t\t\t\t\t\t\t\t\t\t\t\t\t<\/a>\n\t\t\t\t\t\t\t<a class=\"e-gallery-item elementor-gallery-item elementor-animated-content\" href=\"https:\/\/bucurestizoo.ro\/wp-content\/uploads\/2025\/03\/coral-dt_5-Large.jpeg\" data-elementor-open-lightbox=\"yes\" data-elementor-lightbox-slideshow=\"454b29c5\" data-elementor-lightbox-title=\"coral dt_5 Large\" data-e-action-hash=\"#elementor-action%3Aaction%3Dlightbox%26settings%3DeyJpZCI6MTQyODMsInVybCI6Imh0dHBzOlwvXC9idWN1cmVzdGl6b28ucm9cL3dwLWNvbnRlbnRcL3VwbG9hZHNcLzIwMjVcLzAzXC9jb3JhbC1kdF81LUxhcmdlLmpwZWciLCJzbGlkZXNob3ciOiI0NTRiMjljNSJ9\">\n\t\t\t\t\t<div class=\"e-gallery-image elementor-gallery-item__image\" data-thumbnail=\"https:\/\/bucurestizoo.ro\/wp-content\/uploads\/2025\/03\/coral-dt_5-Large-1024x768.jpeg\" data-width=\"847\" data-height=\"635\" aria-label=\"\" role=\"img\" ><\/div>\n\t\t\t\t\t\t\t\t\t\t\t<div class=\"elementor-gallery-item__overlay\"><\/div>\n\t\t\t\t\t\t\t\t\t\t\t\t\t\t<\/a>\n\t\t\t\t\t\t\t<a class=\"e-gallery-item elementor-gallery-item elementor-animated-content\" href=\"https:\/\/bucurestizoo.ro\/wp-content\/uploads\/2025\/03\/coral-dt_3-Large.jpeg\" data-elementor-open-lightbox=\"yes\" data-elementor-lightbox-slideshow=\"454b29c5\" data-elementor-lightbox-title=\"coral dt_3 Large\" data-e-action-hash=\"#elementor-action%3Aaction%3Dlightbox%26settings%3DeyJpZCI6MTQyODEsInVybCI6Imh0dHBzOlwvXC9idWN1cmVzdGl6b28ucm9cL3dwLWNvbnRlbnRcL3VwbG9hZHNcLzIwMjVcLzAzXC9jb3JhbC1kdF8zLUxhcmdlLmpwZWciLCJzbGlkZXNob3ciOiI0NTRiMjljNSJ9\">\n\t\t\t\t\t<div class=\"e-gallery-image elementor-gallery-item__image\" data-thumbnail=\"https:\/\/bucurestizoo.ro\/wp-content\/uploads\/2025\/03\/coral-dt_3-Large-1024x938.jpeg\" data-width=\"847\" data-height=\"776\" aria-label=\"\" role=\"img\" ><\/div>\n\t\t\t\t\t\t\t\t\t\t\t<div class=\"elementor-gallery-item__overlay\"><\/div>\n\t\t\t\t\t\t\t\t\t\t\t\t\t\t<\/a>\n\t\t\t\t\t\t\t<a class=\"e-gallery-item elementor-gallery-item elementor-animated-content\" href=\"https:\/\/bucurestizoo.ro\/wp-content\/uploads\/2025\/03\/coral-dt_4-Large.jpeg\" data-elementor-open-lightbox=\"yes\" data-elementor-lightbox-slideshow=\"454b29c5\" data-elementor-lightbox-title=\"coral dt_4 Large\" data-e-action-hash=\"#elementor-action%3Aaction%3Dlightbox%26settings%3DeyJpZCI6MTQyODIsInVybCI6Imh0dHBzOlwvXC9idWN1cmVzdGl6b28ucm9cL3dwLWNvbnRlbnRcL3VwbG9hZHNcLzIwMjVcLzAzXC9jb3JhbC1kdF80LUxhcmdlLmpwZWciLCJzbGlkZXNob3ciOiI0NTRiMjljNSJ9\">\n\t\t\t\t\t<div class=\"e-gallery-image elementor-gallery-item__image\" data-thumbnail=\"https:\/\/bucurestizoo.ro\/wp-content\/uploads\/2025\/03\/coral-dt_4-Large-1024x682.jpeg\" data-width=\"847\" data-height=\"564\" aria-label=\"\" role=\"img\" ><\/div>\n\t\t\t\t\t\t\t\t\t\t\t<div class=\"elementor-gallery-item__overlay\"><\/div>\n\t\t\t\t\t\t\t\t\t\t\t\t\t\t<\/a>\n\t\t\t\t\t<\/div>\n\t\t\t\t\t<\/div>\n\t\t\t\t<\/div>\n\t\t\t\t\t<\/div>\n\t\t\t\t<\/div>\n\t\t<div class=\"elementor-element elementor-element-a1ca97a animated-slow e-flex e-con-boxed elementor-invisible e-con e-parent\" data-id=\"a1ca97a\" data-element_type=\"container\" data-e-type=\"container\" data-settings=\"{&quot;animation&quot;:&quot;fadeInRight&quot;}\">\n\t\t\t\t\t<div class=\"e-con-inner\">\n\t\t\t\t<div class=\"elementor-element elementor-element-6eb5166f elementor-widget elementor-widget-heading\" data-id=\"6eb5166f\" data-element_type=\"widget\" data-e-type=\"widget\" data-widget_type=\"heading.default\">\n\t\t\t\t<div class=\"elementor-widget-container\">\n\t\t\t\t\t<h1 class=\"elementor-heading-title elementor-size-default\">Habitat:<\/h1>\t\t\t\t<\/div>\n\t\t\t\t<\/div>\n\t\t\t\t<div class=\"elementor-element elementor-element-2139643c elementor-widget elementor-widget-text-editor\" data-id=\"2139643c\" data-element_type=\"widget\" data-e-type=\"widget\" data-widget_type=\"text-editor.default\">\n\t\t\t\t<div class=\"elementor-widget-container\">\n\t\t\t\t\t\t\t\t\t<p>Coralii se g\u0103sesc \u00een m\u0103rile tropicale, la ad\u00e2ncimi de p\u00e2n\u0103 la 100 m, unde lumina p\u0103trunde suficient pentru fotosintez\u0103. Recifele de corali sunt \u00eent\u00e2lnite \u00een special \u00een zonele de coast\u0103, lagune, atoli \u0219i insule tropicale. Exist\u0103 \u0219i corali de ap\u0103 rece, care tr\u0103iesc \u00een ape ad\u00e2nci \u0219i nu depind de lumin\u0103.<\/p>\t\t\t\t\t\t\t\t<\/div>\n\t\t\t\t<\/div>\n\t\t\t\t\t<\/div>\n\t\t\t\t<\/div>\n\t\t<div class=\"elementor-element elementor-element-19662928 e-grid e-con-boxed e-con e-parent\" data-id=\"19662928\" data-element_type=\"container\" data-e-type=\"container\">\n\t\t\t\t\t<div class=\"e-con-inner\">\n\t\t<div class=\"elementor-element elementor-element-17277e14 e-con-full animated-slow e-flex elementor-invisible e-con e-child\" data-id=\"17277e14\" data-element_type=\"container\" data-e-type=\"container\" data-settings=\"{&quot;animation&quot;:&quot;fadeInLeft&quot;}\">\n\t\t\t\t<div class=\"elementor-element elementor-element-bc8bc45 elementor-widget elementor-widget-heading\" data-id=\"bc8bc45\" data-element_type=\"widget\" data-e-type=\"widget\" data-widget_type=\"heading.default\">\n\t\t\t\t<div class=\"elementor-widget-container\">\n\t\t\t\t\t<h1 class=\"elementor-heading-title elementor-size-default\">Hran\u0103:<\/h1>\t\t\t\t<\/div>\n\t\t\t\t<\/div>\n\t\t\t\t<div class=\"elementor-element elementor-element-549bba54 elementor-widget elementor-widget-text-editor\" data-id=\"549bba54\" data-element_type=\"widget\" data-e-type=\"widget\" data-widget_type=\"text-editor.default\">\n\t\t\t\t<div class=\"elementor-widget-container\">\n\t\t\t\t\t\t\t\t\t<p>Coralii se hr\u0103nesc prin dou\u0103 metode principale:<br \/>1. Simbioz\u0103 cu algele zooxanthellae, care le furnizeaz\u0103 zaharuri prin fotosintez\u0103.<br \/>2. Filtrare activ\u0103, captur\u00e2nd plancton \u0219i alte particule organice din ap\u0103 cu tentaculele lor.<br \/>Noaptea, coralii \u00ee\u0219i extind tentaculele pentru a prinde hrana, unele specii av\u00e2nd tentacule urticante pentru a paraliza prada.<\/p>\t\t\t\t\t\t\t\t<\/div>\n\t\t\t\t<\/div>\n\t\t\t\t<\/div>\n\t\t<div class=\"elementor-element elementor-element-1ee5463c e-con-full animated-slow e-flex elementor-invisible e-con e-child\" data-id=\"1ee5463c\" data-element_type=\"container\" data-e-type=\"container\" data-settings=\"{&quot;animation&quot;:&quot;fadeInRight&quot;}\">\n\t\t\t\t<div class=\"elementor-element elementor-element-1c1dfae8 elementor-widget elementor-widget-heading\" data-id=\"1c1dfae8\" data-element_type=\"widget\" data-e-type=\"widget\" data-widget_type=\"heading.default\">\n\t\t\t\t<div class=\"elementor-widget-container\">\n\t\t\t\t\t<h1 class=\"elementor-heading-title elementor-size-default\">Conservare:<\/h1>\t\t\t\t<\/div>\n\t\t\t\t<\/div>\n\t\t\t\t<div class=\"elementor-element elementor-element-5afaeddd elementor-widget elementor-widget-text-editor\" data-id=\"5afaeddd\" data-element_type=\"widget\" data-e-type=\"widget\" data-widget_type=\"text-editor.default\">\n\t\t\t\t<div class=\"elementor-widget-container\">\n\t\t\t\t\t\t\t\t\t<p>Recifele de corali sunt \u00een pericol grav din cauza:<br \/>\u00cenc\u0103lzirii globale \u2192 Temperaturi ridicate ale apei determin\u0103 albirea coralilor (expulzarea algelor simbiotice).<br \/>Polu\u0103rii \u2192 Substan\u021bele chimice, plasticul \u0219i devers\u0103rile afecteaz\u0103 s\u0103n\u0103tatea coralilor.<br \/>Pescuitului excesiv \u2192 \u00cendep\u0103rtarea speciilor-cheie duce la dezechilibre ecologice.<br \/>Turismului agresiv \u2192 Lovirea coralilor \u0219i utilizarea cremelor solare d\u0103un\u0103toare pot distruge recifele.<br \/>Exist\u0103 ini\u021biative de restaurare a recifelor, prin transplantarea fragmentelor de corali s\u0103n\u0103to\u0219i \u00een zone degradate.<\/p>\t\t\t\t\t\t\t\t<\/div>\n\t\t\t\t<\/div>\n\t\t\t\t<\/div>\n\t\t\t\t\t<\/div>\n\t\t\t\t<\/div>\n\t\t\t\t<\/div>","protected":false},"excerpt":{"rendered":"<p>Corali Denumire \u0219tiin\u021bific\u0103: Anthozoa (subclasa Hexacorallia \u0219i Octocorallia)Ordin: AnthozoaFamilie: Variaz\u0103 \u00een func\u021bie de specie (ex.: Acroporidae, Faviidae, Alcyoniidae)Gen: Diverse genuri (ex.: Acropora, Gorgonia, Pocillopora)Specie: Mii de specii diferiteDistribu\u021bia pe glob: Oceanele tropicale \u0219i subtropicale, \u00een special \u00een Marea Barier\u0103 de Corali, Marea Ro\u0219ie, Caraibe \u0219i Oceanul IndianDimensiuni: De la c\u00e2\u021biva milimetri (polipii individuali) p\u00e2n\u0103 la &hellip; <a href=\"https:\/\/bucurestizoo.ro\/en\/coral\/\" class=\"more-link\">Continue reading <span class=\"screen-reader-text\">Coral<\/span><\/a><\/p>","protected":false},"author":1,"featured_media":0,"parent":0,"menu_order":0,"comment_status":"closed","ping_status":"closed","template":"","meta":{"_monsterinsights_skip_tracking":false,"_monsterinsights_sitenote_active":false,"_monsterinsights_sitenote_note":"","_monsterinsights_sitenote_category":0,"footnotes":""},"class_list":["post-14285","page","type-page","status-publish","hentry"],"aioseo_notices":[],"_links":{"self":[{"href":"https:\/\/bucurestizoo.ro\/en\/wp-json\/wp\/v2\/pages\/14285","targetHints":{"allow":["GET"]}}],"collection":[{"href":"https:\/\/bucurestizoo.ro\/en\/wp-json\/wp\/v2\/pages"}],"about":[{"href":"https:\/\/bucurestizoo.ro\/en\/wp-json\/wp\/v2\/types\/page"}],"author":[{"embeddable":true,"href":"https:\/\/bucurestizoo.ro\/en\/wp-json\/wp\/v2\/users\/1"}],"replies":[{"embeddable":true,"href":"https:\/\/bucurestizoo.ro\/en\/wp-json\/wp\/v2\/comments?post=14285"}],"version-history":[{"count":4,"href":"https:\/\/bucurestizoo.ro\/en\/wp-json\/wp\/v2\/pages\/14285\/revisions"}],"predecessor-version":[{"id":14290,"href":"https:\/\/bucurestizoo.ro\/en\/wp-json\/wp\/v2\/pages\/14285\/revisions\/14290"}],"wp:attachment":[{"href":"https:\/\/bucurestizoo.ro\/en\/wp-json\/wp\/v2\/media?parent=14285"}],"curies":[{"name":"wp","href":"https:\/\/api.w.org\/{rel}","templated":true}]}}