{"id":14249,"date":"2025-03-29T18:14:58","date_gmt":"2025-03-29T16:14:58","guid":{"rendered":"https:\/\/n1.bucurestizoo.ro\/?page_id=14249"},"modified":"2025-03-29T18:24:17","modified_gmt":"2025-03-29T16:24:17","slug":"califar-rosu","status":"publish","type":"page","link":"https:\/\/bucurestizoo.ro\/en\/califar-rosu\/","title":{"rendered":"C\u0103lifar Ro\u0219u"},"content":{"rendered":"<div data-elementor-type=\"wp-page\" data-elementor-id=\"14249\" class=\"elementor elementor-14249\" data-elementor-post-type=\"page\">\n\t\t\t\t<div class=\"elementor-element elementor-element-70dac5f7 e-flex e-con-boxed e-con e-parent\" data-id=\"70dac5f7\" data-element_type=\"container\" data-e-type=\"container\" data-settings=\"{&quot;background_background&quot;:&quot;classic&quot;}\">\n\t\t\t\t\t<div class=\"e-con-inner\">\n\t\t<div class=\"elementor-element elementor-element-61270290 e-con-full e-flex e-con e-child\" data-id=\"61270290\" data-element_type=\"container\" data-e-type=\"container\">\n\t\t<div class=\"elementor-element elementor-element-9893c34 e-con-full animated-slow e-flex elementor-invisible e-con e-child\" data-id=\"9893c34\" data-element_type=\"container\" data-e-type=\"container\" data-settings=\"{&quot;animation&quot;:&quot;fadeInLeft&quot;}\">\n\t\t\t\t<div class=\"elementor-element elementor-element-149e1f1 elementor-widget elementor-widget-heading\" data-id=\"149e1f1\" data-element_type=\"widget\" data-e-type=\"widget\" data-widget_type=\"heading.default\">\n\t\t\t\t<div class=\"elementor-widget-container\">\n\t\t\t\t\t<h1 class=\"elementor-heading-title elementor-size-default\">C\u0103lifar Ro\u0219u <\/h1>\t\t\t\t<\/div>\n\t\t\t\t<\/div>\n\t\t\t\t<div class=\"elementor-element elementor-element-6b7f27cb elementor-widget elementor-widget-text-editor\" data-id=\"6b7f27cb\" data-element_type=\"widget\" data-e-type=\"widget\" data-widget_type=\"text-editor.default\">\n\t\t\t\t<div class=\"elementor-widget-container\">\n\t\t\t\t\t\t\t\t\t<p><strong>Denumire \u0219tiin\u021bific\u0103:<\/strong> Tadorna ferruginea<br \/><strong>Ordin:<\/strong> Anseriformes<br \/><strong>Familie:<\/strong> Anatidae<br \/><strong>Gen:<\/strong> Tadorna<br \/><strong>Specie:<\/strong> Tadorna ferruginea<br \/><strong>Distribu\u021bie geografic\u0103:<\/strong> Europa de Est, Asia Central\u0103, Africa de Nord<br \/><strong>Dimensiuni \u0219i greutate:<\/strong> Lungime: 60-70 cm, Greutate: 1,2-1,5 kg<br \/><strong>Perioada de incuba\u021bie:<\/strong> 28-30 zile<br \/><strong>Num\u0103r pui:<\/strong> 6-12 pui<br \/><strong>Speran\u021b\u0103 de via\u021b\u0103:<\/strong> 8-15 ani<\/p>\t\t\t\t\t\t\t\t<\/div>\n\t\t\t\t<\/div>\n\t\t\t\t<\/div>\n\t\t\t\t<div class=\"elementor-element elementor-element-7eff6a6a elementor-widget-tablet__width-inherit animated-slow elementor-invisible elementor-widget elementor-widget-image\" data-id=\"7eff6a6a\" data-element_type=\"widget\" data-e-type=\"widget\" data-settings=\"{&quot;_animation&quot;:&quot;fadeInRight&quot;}\" data-widget_type=\"image.default\">\n\t\t\t\t<div class=\"elementor-widget-container\">\n\t\t\t\t\t\t\t\t\t\t\t\t\t\t\t<img fetchpriority=\"high\" decoding=\"async\" width=\"847\" height=\"562\" src=\"https:\/\/bucurestizoo.ro\/wp-content\/uploads\/2025\/03\/califar-rosu-dt_1-Large-1024x680.jpeg\" class=\"attachment-large size-large wp-image-14245\" alt=\"\" srcset=\"https:\/\/bucurestizoo.ro\/wp-content\/uploads\/2025\/03\/califar-rosu-dt_1-Large-1024x680.jpeg 1024w, https:\/\/bucurestizoo.ro\/wp-content\/uploads\/2025\/03\/califar-rosu-dt_1-Large-300x199.jpeg 300w, https:\/\/bucurestizoo.ro\/wp-content\/uploads\/2025\/03\/califar-rosu-dt_1-Large-768x510.jpeg 768w, https:\/\/bucurestizoo.ro\/wp-content\/uploads\/2025\/03\/califar-rosu-dt_1-Large-452x300.jpeg 452w, https:\/\/bucurestizoo.ro\/wp-content\/uploads\/2025\/03\/califar-rosu-dt_1-Large-650x432.jpeg 650w, https:\/\/bucurestizoo.ro\/wp-content\/uploads\/2025\/03\/califar-rosu-dt_1-Large.jpeg 1280w\" sizes=\"(max-width: 847px) 100vw, 847px\" data-id=\"14245\" \/>\t\t\t\t\t\t\t\t\t\t\t\t\t\t\t<\/div>\n\t\t\t\t<\/div>\n\t\t\t\t<\/div>\n\t\t\t\t\t<\/div>\n\t\t\t\t<\/div>\n\t\t<div class=\"elementor-element elementor-element-3cdd7dca animated-slow e-flex e-con-boxed elementor-invisible e-con e-parent\" data-id=\"3cdd7dca\" data-element_type=\"container\" data-e-type=\"container\" data-settings=\"{&quot;animation&quot;:&quot;fadeInLeft&quot;}\">\n\t\t\t\t\t<div class=\"e-con-inner\">\n\t\t\t\t<div class=\"elementor-element elementor-element-112a9bb elementor-widget elementor-widget-heading\" data-id=\"112a9bb\" data-element_type=\"widget\" data-e-type=\"widget\" data-widget_type=\"heading.default\">\n\t\t\t\t<div class=\"elementor-widget-container\">\n\t\t\t\t\t<h1 class=\"elementor-heading-title elementor-size-default\">General:<\/h1>\t\t\t\t<\/div>\n\t\t\t\t<\/div>\n\t\t\t\t<div class=\"elementor-element elementor-element-4c07b2fc elementor-widget elementor-widget-text-editor\" data-id=\"4c07b2fc\" data-element_type=\"widget\" data-e-type=\"widget\" data-widget_type=\"text-editor.default\">\n\t\t\t\t<div class=\"elementor-widget-container\">\n\t\t\t\t\t\t\t\t\t<p>Are un penaj portocaliu str\u0103lucitor \u0219i un sunet caracteristic puternic. Numele de gen este numele celtic al c\u0103lifarului alb (Tadorna tadorna). <br \/>Numele de specie provine din cuv\u00e2ntul latin ferruginus-de culoare ro\u0219ie ca rugina, cu referire la penajul p\u0103s\u0103rii. <br \/>Masculul are spre deosebire de femel\u0103 o dung\u0103 neagr\u0103 pe g\u00e2t. <br \/>Este monogam, form\u00e2nd perechi pe via\u021b\u0103.<br \/>Sose\u0219te din teritoriile de iernare \u00een lua martie. Cuib\u0103re\u0219te \u00een galerii (vizuini) s\u0103pate \u00een sol, cr\u0103p\u0103turi ale st\u00e2ncilor \u0219i scorburi. Cuibul este c\u0103ptu\u0219it cu vegeta\u021bie, puf \u0219i pene. Femela depune \u00een perioada aprilie-mai 8-11 ou\u0103 ce au o dimensiune medie de 66,4&#215;46,8 mm. \u00cen aceast\u0103 perioad\u0103 masculul vegheaz\u0103 asupra cuibului. Puii devin zbur\u0103tori la 55 de zile.<br \/>Uneori ocup\u0103 vizuinile altor animale, cum ar fi vulpile.<\/p>\t\t\t\t\t\t\t\t<\/div>\n\t\t\t\t<\/div>\n\t\t\t\t\t<\/div>\n\t\t\t\t<\/div>\n\t\t<div class=\"elementor-element elementor-element-424059b7 e-flex e-con-boxed e-con e-parent\" data-id=\"424059b7\" data-element_type=\"container\" data-e-type=\"container\">\n\t\t\t\t\t<div class=\"e-con-inner\">\n\t\t\t\t<div class=\"elementor-element elementor-element-45f83f37 elementor-widget elementor-widget-gallery\" data-id=\"45f83f37\" data-element_type=\"widget\" data-e-type=\"widget\" data-settings=\"{&quot;columns&quot;:2,&quot;lazyload&quot;:&quot;yes&quot;,&quot;gallery_layout&quot;:&quot;grid&quot;,&quot;columns_tablet&quot;:2,&quot;columns_mobile&quot;:1,&quot;gap&quot;:{&quot;unit&quot;:&quot;px&quot;,&quot;size&quot;:10,&quot;sizes&quot;:[]},&quot;gap_tablet&quot;:{&quot;unit&quot;:&quot;px&quot;,&quot;size&quot;:10,&quot;sizes&quot;:[]},&quot;gap_mobile&quot;:{&quot;unit&quot;:&quot;px&quot;,&quot;size&quot;:10,&quot;sizes&quot;:[]},&quot;link_to&quot;:&quot;file&quot;,&quot;aspect_ratio&quot;:&quot;3:2&quot;,&quot;overlay_background&quot;:&quot;yes&quot;,&quot;content_hover_animation&quot;:&quot;fade-in&quot;}\" data-widget_type=\"gallery.default\">\n\t\t\t\t<div class=\"elementor-widget-container\">\n\t\t\t\t\t\t\t<div class=\"elementor-gallery__container\">\n\t\t\t\t\t\t\t<a class=\"e-gallery-item elementor-gallery-item elementor-animated-content\" href=\"https:\/\/bucurestizoo.ro\/wp-content\/uploads\/2025\/03\/califar-rosu-dt_3-Large.jpeg\" data-elementor-open-lightbox=\"yes\" data-elementor-lightbox-slideshow=\"45f83f37\" data-elementor-lightbox-title=\"califar rosu dt_3 Large\" data-e-action-hash=\"#elementor-action%3Aaction%3Dlightbox%26settings%3DeyJpZCI6MTQyNDQsInVybCI6Imh0dHBzOlwvXC9idWN1cmVzdGl6b28ucm9cL3dwLWNvbnRlbnRcL3VwbG9hZHNcLzIwMjVcLzAzXC9jYWxpZmFyLXJvc3UtZHRfMy1MYXJnZS5qcGVnIiwic2xpZGVzaG93IjoiNDVmODNmMzcifQ%3D%3D\">\n\t\t\t\t\t<div class=\"e-gallery-image elementor-gallery-item__image\" data-thumbnail=\"https:\/\/bucurestizoo.ro\/wp-content\/uploads\/2025\/03\/califar-rosu-dt_3-Large-1024x755.jpeg\" data-width=\"847\" data-height=\"624\" aria-label=\"\" role=\"img\" ><\/div>\n\t\t\t\t\t\t\t\t\t\t\t<div class=\"elementor-gallery-item__overlay\"><\/div>\n\t\t\t\t\t\t\t\t\t\t\t\t\t\t<\/a>\n\t\t\t\t\t\t\t<a class=\"e-gallery-item elementor-gallery-item elementor-animated-content\" href=\"https:\/\/bucurestizoo.ro\/wp-content\/uploads\/2025\/03\/califar-rosu-dt_2-Large.jpeg\" data-elementor-open-lightbox=\"yes\" data-elementor-lightbox-slideshow=\"45f83f37\" data-elementor-lightbox-title=\"califar rosu dt_2 Large\" data-e-action-hash=\"#elementor-action%3Aaction%3Dlightbox%26settings%3DeyJpZCI6MTQyNDMsInVybCI6Imh0dHBzOlwvXC9idWN1cmVzdGl6b28ucm9cL3dwLWNvbnRlbnRcL3VwbG9hZHNcLzIwMjVcLzAzXC9jYWxpZmFyLXJvc3UtZHRfMi1MYXJnZS5qcGVnIiwic2xpZGVzaG93IjoiNDVmODNmMzcifQ%3D%3D\">\n\t\t\t\t\t<div class=\"e-gallery-image elementor-gallery-item__image\" data-thumbnail=\"https:\/\/bucurestizoo.ro\/wp-content\/uploads\/2025\/03\/califar-rosu-dt_2-Large-1024x682.jpeg\" data-width=\"847\" data-height=\"564\" aria-label=\"\" role=\"img\" ><\/div>\n\t\t\t\t\t\t\t\t\t\t\t<div class=\"elementor-gallery-item__overlay\"><\/div>\n\t\t\t\t\t\t\t\t\t\t\t\t\t\t<\/a>\n\t\t\t\t\t<\/div>\n\t\t\t\t\t<\/div>\n\t\t\t\t<\/div>\n\t\t\t\t\t<\/div>\n\t\t\t\t<\/div>\n\t\t<div class=\"elementor-element elementor-element-450a7901 animated-slow e-flex e-con-boxed elementor-invisible e-con e-parent\" data-id=\"450a7901\" data-element_type=\"container\" data-e-type=\"container\" data-settings=\"{&quot;animation&quot;:&quot;fadeInRight&quot;}\">\n\t\t\t\t\t<div class=\"e-con-inner\">\n\t\t\t\t<div class=\"elementor-element elementor-element-394b9de0 elementor-widget elementor-widget-heading\" data-id=\"394b9de0\" data-element_type=\"widget\" data-e-type=\"widget\" data-widget_type=\"heading.default\">\n\t\t\t\t<div class=\"elementor-widget-container\">\n\t\t\t\t\t<h1 class=\"elementor-heading-title elementor-size-default\">Habitat:<\/h1>\t\t\t\t<\/div>\n\t\t\t\t<\/div>\n\t\t\t\t<div class=\"elementor-element elementor-element-10d6b5a6 elementor-widget elementor-widget-text-editor\" data-id=\"10d6b5a6\" data-element_type=\"widget\" data-e-type=\"widget\" data-widget_type=\"text-editor.default\">\n\t\t\t\t<div class=\"elementor-widget-container\">\n\t\t\t\t\t\t\t\t\t<p>Prefer\u0103 lacurile s\u0103rate, r\u00e2urile \u0219i zonele de step\u0103.<\/p>\t\t\t\t\t\t\t\t<\/div>\n\t\t\t\t<\/div>\n\t\t\t\t\t<\/div>\n\t\t\t\t<\/div>\n\t\t<div class=\"elementor-element elementor-element-51b23017 e-grid e-con-boxed e-con e-parent\" data-id=\"51b23017\" data-element_type=\"container\" data-e-type=\"container\">\n\t\t\t\t\t<div class=\"e-con-inner\">\n\t\t<div class=\"elementor-element elementor-element-a4bc35f e-con-full animated-slow e-flex elementor-invisible e-con e-child\" data-id=\"a4bc35f\" data-element_type=\"container\" data-e-type=\"container\" data-settings=\"{&quot;animation&quot;:&quot;fadeInLeft&quot;}\">\n\t\t\t\t<div class=\"elementor-element elementor-element-602a41a4 elementor-widget elementor-widget-heading\" data-id=\"602a41a4\" data-element_type=\"widget\" data-e-type=\"widget\" data-widget_type=\"heading.default\">\n\t\t\t\t<div class=\"elementor-widget-container\">\n\t\t\t\t\t<h1 class=\"elementor-heading-title elementor-size-default\">Hran\u0103:<\/h1>\t\t\t\t<\/div>\n\t\t\t\t<\/div>\n\t\t\t\t<div class=\"elementor-element elementor-element-7508cac6 elementor-widget elementor-widget-text-editor\" data-id=\"7508cac6\" data-element_type=\"widget\" data-e-type=\"widget\" data-widget_type=\"text-editor.default\">\n\t\t\t\t<div class=\"elementor-widget-container\">\n\t\t\t\t\t\t\t\t\t<p>Se hr\u0103ne\u0219te cu plante specifice regiunii de step\u0103, semin\u021be, dar \u0219i cu insecte, crustacee, molu\u0219te, pe\u0219ti, broa\u0219te \u0219i viermi.<\/p><p><br \/><br \/><\/p>\t\t\t\t\t\t\t\t<\/div>\n\t\t\t\t<\/div>\n\t\t\t\t<\/div>\n\t\t<div class=\"elementor-element elementor-element-2d6af871 e-con-full animated-slow e-flex elementor-invisible e-con e-child\" data-id=\"2d6af871\" data-element_type=\"container\" data-e-type=\"container\" data-settings=\"{&quot;animation&quot;:&quot;fadeInRight&quot;}\">\n\t\t\t\t<div class=\"elementor-element elementor-element-72a977b0 elementor-widget elementor-widget-heading\" data-id=\"72a977b0\" data-element_type=\"widget\" data-e-type=\"widget\" data-widget_type=\"heading.default\">\n\t\t\t\t<div class=\"elementor-widget-container\">\n\t\t\t\t\t<h1 class=\"elementor-heading-title elementor-size-default\">Conservare:<\/h1>\t\t\t\t<\/div>\n\t\t\t\t<\/div>\n\t\t\t\t<div class=\"elementor-element elementor-element-4a94feb elementor-widget elementor-widget-text-editor\" data-id=\"4a94feb\" data-element_type=\"widget\" data-e-type=\"widget\" data-widget_type=\"text-editor.default\">\n\t\t\t\t<div class=\"elementor-widget-container\">\n\t\t\t\t\t\t\t\t\t<p>Specia este vulnerabil\u0103 din cauza pierderii habitatului. Degradarea zonelor umede \u0219i introducerea pe\u0219tilor exotici, v\u00e2n\u0103toarea \u0219i dezvoltarea urban\u0103 sunt principalele pericole ce afecteaz\u0103 specia. M\u0103surile de conservare trebuie \u00eendreptate c\u0103tre men\u021binerea sau refacerea teritoriilor de cuib\u0103rit \u0219i oprirea v\u00e2n\u0103torii.<\/p>\t\t\t\t\t\t\t\t<\/div>\n\t\t\t\t<\/div>\n\t\t\t\t<\/div>\n\t\t\t\t\t<\/div>\n\t\t\t\t<\/div>\n\t\t\t\t<\/div>","protected":false},"excerpt":{"rendered":"<p>C\u0103lifar Ro\u0219u Denumire \u0219tiin\u021bific\u0103: Tadorna ferrugineaOrdin: AnseriformesFamilie: AnatidaeGen: TadornaSpecie: Tadorna ferrugineaDistribu\u021bie geografic\u0103: Europa de Est, Asia Central\u0103, Africa de NordDimensiuni \u0219i greutate: Lungime: 60-70 cm, Greutate: 1,2-1,5 kgPerioada de incuba\u021bie: 28-30 zileNum\u0103r pui: 6-12 puiSperan\u021b\u0103 de via\u021b\u0103: 8-15 ani General: Are un penaj portocaliu str\u0103lucitor \u0219i un sunet caracteristic puternic. Numele de gen este numele &hellip; <a href=\"https:\/\/bucurestizoo.ro\/en\/califar-rosu\/\" class=\"more-link\">Continue reading <span class=\"screen-reader-text\">C\u0103lifar Ro\u0219u<\/span><\/a><\/p>","protected":false},"author":1,"featured_media":0,"parent":0,"menu_order":0,"comment_status":"closed","ping_status":"closed","template":"","meta":{"_monsterinsights_skip_tracking":false,"_monsterinsights_sitenote_active":false,"_monsterinsights_sitenote_note":"","_monsterinsights_sitenote_category":0,"footnotes":""},"class_list":["post-14249","page","type-page","status-publish","hentry"],"aioseo_notices":[],"_links":{"self":[{"href":"https:\/\/bucurestizoo.ro\/en\/wp-json\/wp\/v2\/pages\/14249","targetHints":{"allow":["GET"]}}],"collection":[{"href":"https:\/\/bucurestizoo.ro\/en\/wp-json\/wp\/v2\/pages"}],"about":[{"href":"https:\/\/bucurestizoo.ro\/en\/wp-json\/wp\/v2\/types\/page"}],"author":[{"embeddable":true,"href":"https:\/\/bucurestizoo.ro\/en\/wp-json\/wp\/v2\/users\/1"}],"replies":[{"embeddable":true,"href":"https:\/\/bucurestizoo.ro\/en\/wp-json\/wp\/v2\/comments?post=14249"}],"version-history":[{"count":4,"href":"https:\/\/bucurestizoo.ro\/en\/wp-json\/wp\/v2\/pages\/14249\/revisions"}],"predecessor-version":[{"id":14254,"href":"https:\/\/bucurestizoo.ro\/en\/wp-json\/wp\/v2\/pages\/14249\/revisions\/14254"}],"wp:attachment":[{"href":"https:\/\/bucurestizoo.ro\/en\/wp-json\/wp\/v2\/media?parent=14249"}],"curies":[{"name":"wp","href":"https:\/\/api.w.org\/{rel}","templated":true}]}}