{"id":14237,"date":"2025-03-29T18:02:22","date_gmt":"2025-03-29T16:02:22","guid":{"rendered":"https:\/\/n1.bucurestizoo.ro\/?page_id=14237"},"modified":"2025-04-26T20:06:37","modified_gmt":"2025-04-26T18:06:37","slug":"capibara","status":"publish","type":"page","link":"https:\/\/bucurestizoo.ro\/en\/capibara\/","title":{"rendered":"Capibara"},"content":{"rendered":"<div data-elementor-type=\"wp-page\" data-elementor-id=\"14237\" class=\"elementor elementor-14237\" data-elementor-post-type=\"page\">\n\t\t\t\t<div class=\"elementor-element elementor-element-331c4ef1 e-flex e-con-boxed e-con e-parent\" data-id=\"331c4ef1\" data-element_type=\"container\" data-e-type=\"container\" data-settings=\"{&quot;background_background&quot;:&quot;classic&quot;}\">\n\t\t\t\t\t<div class=\"e-con-inner\">\n\t\t<div class=\"elementor-element elementor-element-7af3bb50 e-con-full e-flex e-con e-child\" data-id=\"7af3bb50\" data-element_type=\"container\" data-e-type=\"container\">\n\t\t<div class=\"elementor-element elementor-element-6b0f7816 e-con-full animated-slow e-flex elementor-invisible e-con e-child\" data-id=\"6b0f7816\" data-element_type=\"container\" data-e-type=\"container\" data-settings=\"{&quot;animation&quot;:&quot;fadeInLeft&quot;}\">\n\t\t\t\t<div class=\"elementor-element elementor-element-18fe1c01 elementor-widget elementor-widget-heading\" data-id=\"18fe1c01\" data-element_type=\"widget\" data-e-type=\"widget\" data-widget_type=\"heading.default\">\n\t\t\t\t<div class=\"elementor-widget-container\">\n\t\t\t\t\t<h1 class=\"elementor-heading-title elementor-size-default\">Capibara<\/h1>\t\t\t\t<\/div>\n\t\t\t\t<\/div>\n\t\t\t\t<div class=\"elementor-element elementor-element-10bd365c elementor-widget elementor-widget-text-editor\" data-id=\"10bd365c\" data-element_type=\"widget\" data-e-type=\"widget\" data-widget_type=\"text-editor.default\">\n\t\t\t\t<div class=\"elementor-widget-container\">\n\t\t\t\t\t\t\t\t\t<p><strong>Denumire \u0219tiin\u021bific\u0103:<\/strong> Hydrochoerus hydrochaeris<br \/><strong>Ordin:<\/strong> Rodentia<br \/><strong>Familie:<\/strong> Caviidae<br \/><strong>Gen:<\/strong> Hydrochoerus<br \/><strong>Specie:<\/strong> Hydrochoerus hydrochaeris<br \/><strong>Distribu\u021bie geografic\u0103:<\/strong> America de Sud, \u00een special Amazonia, Venezuela, Argentina \u0219i Brazilia<br \/><strong>Dimensiuni \u0219i greutate:<\/strong> Lungime: 1-1,3 m, Greutate: 35-70 kg<br \/><strong>Perioada de gesta\u021bie:<\/strong> Aproximativ 150 de zile<br \/><strong>Num\u0103r pui:<\/strong> 4-5 pui per f\u0103tare<br \/><strong>Speran\u021b\u0103 de via\u021b\u0103:<\/strong> 8-10 ani \u00een s\u0103lb\u0103ticie, p\u00e2n\u0103 la 12 ani \u00een captivitate<\/p>\t\t\t\t\t\t\t\t<\/div>\n\t\t\t\t<\/div>\n\t\t\t\t<\/div>\n\t\t\t\t<div class=\"elementor-element elementor-element-7bf532e0 elementor-widget-tablet__width-inherit animated-slow elementor-widget-mobile__width-inherit elementor-invisible elementor-widget elementor-widget-image\" data-id=\"7bf532e0\" data-element_type=\"widget\" data-e-type=\"widget\" data-settings=\"{&quot;_animation&quot;:&quot;fadeInRight&quot;}\" data-widget_type=\"image.default\">\n\t\t\t\t<div class=\"elementor-widget-container\">\n\t\t\t\t\t\t\t\t\t\t\t\t\t\t\t<img fetchpriority=\"high\" decoding=\"async\" width=\"847\" height=\"564\" src=\"https:\/\/bucurestizoo.ro\/wp-content\/uploads\/2025\/03\/capybara-dt_2-Large-1024x682.jpeg\" class=\"attachment-large size-large wp-image-14210\" alt=\"\" srcset=\"https:\/\/bucurestizoo.ro\/wp-content\/uploads\/2025\/03\/capybara-dt_2-Large-1024x682.jpeg 1024w, https:\/\/bucurestizoo.ro\/wp-content\/uploads\/2025\/03\/capybara-dt_2-Large-300x200.jpeg 300w, https:\/\/bucurestizoo.ro\/wp-content\/uploads\/2025\/03\/capybara-dt_2-Large-768x512.jpeg 768w, https:\/\/bucurestizoo.ro\/wp-content\/uploads\/2025\/03\/capybara-dt_2-Large-450x300.jpeg 450w, https:\/\/bucurestizoo.ro\/wp-content\/uploads\/2025\/03\/capybara-dt_2-Large-650x433.jpeg 650w, https:\/\/bucurestizoo.ro\/wp-content\/uploads\/2025\/03\/capybara-dt_2-Large.jpeg 1280w\" sizes=\"(max-width: 847px) 100vw, 847px\" data-id=\"14210\" \/>\t\t\t\t\t\t\t\t\t\t\t\t\t\t\t<\/div>\n\t\t\t\t<\/div>\n\t\t\t\t<\/div>\n\t\t\t\t\t<\/div>\n\t\t\t\t<\/div>\n\t\t<div class=\"elementor-element elementor-element-ef289eb animated-slow e-flex e-con-boxed elementor-invisible e-con e-parent\" data-id=\"ef289eb\" data-element_type=\"container\" data-e-type=\"container\" data-settings=\"{&quot;animation&quot;:&quot;fadeInLeft&quot;}\">\n\t\t\t\t\t<div class=\"e-con-inner\">\n\t\t\t\t<div class=\"elementor-element elementor-element-3e47abbe elementor-widget elementor-widget-heading\" data-id=\"3e47abbe\" data-element_type=\"widget\" data-e-type=\"widget\" data-widget_type=\"heading.default\">\n\t\t\t\t<div class=\"elementor-widget-container\">\n\t\t\t\t\t<h1 class=\"elementor-heading-title elementor-size-default\">General:<\/h1>\t\t\t\t<\/div>\n\t\t\t\t<\/div>\n\t\t\t\t<div class=\"elementor-element elementor-element-11395990 elementor-widget elementor-widget-text-editor\" data-id=\"11395990\" data-element_type=\"widget\" data-e-type=\"widget\" data-widget_type=\"text-editor.default\">\n\t\t\t\t<div class=\"elementor-widget-container\">\n\t\t\t\t\t\t\t\t\t<p>Cel mai mare roz\u0103tor din lume, seam\u0103n\u0103 cu un cobai gigant. Are degete palmate, ceea ce \u00eel face un excelent \u00eenot\u0103tor. \u00ce\u0219i petrece mult timp \u00een ap\u0103, folosindu-se de aceasta pentru a sc\u0103pa de pr\u0103d\u0103tori. Este un animal social, tr\u0103ind \u00een grupuri de 10-20 indivizi. Prefer\u0103 zonele umede, cum ar fi r\u00e2urile, mla\u0219tinile \u0219i lacurile tropicale. \u00ce\u0219i sap\u0103 vizuini pe malurile r\u00e2urilor, pentru a se ascunde de pr\u0103d\u0103tori. Este foarte prietenoas\u0103 \u0219i poate tr\u0103i al\u0103turi de alte animale, inclusiv p\u0103s\u0103ri \u0219i pisici. Se poate scufunda complet, r\u0103m\u00e2n\u00e2nd sub ap\u0103 p\u00e2n\u0103 la 5 minute.<\/p>\t\t\t\t\t\t\t\t<\/div>\n\t\t\t\t<\/div>\n\t\t\t\t\t<\/div>\n\t\t\t\t<\/div>\n\t\t<div class=\"elementor-element elementor-element-ed53848 e-flex e-con-boxed e-con e-parent\" data-id=\"ed53848\" data-element_type=\"container\" data-e-type=\"container\">\n\t\t\t\t\t<div class=\"e-con-inner\">\n\t\t\t\t<div class=\"elementor-element elementor-element-2be761a5 elementor-widget elementor-widget-gallery\" data-id=\"2be761a5\" data-element_type=\"widget\" data-e-type=\"widget\" data-settings=\"{&quot;columns&quot;:2,&quot;lazyload&quot;:&quot;yes&quot;,&quot;gallery_layout&quot;:&quot;grid&quot;,&quot;columns_tablet&quot;:2,&quot;columns_mobile&quot;:1,&quot;gap&quot;:{&quot;unit&quot;:&quot;px&quot;,&quot;size&quot;:10,&quot;sizes&quot;:[]},&quot;gap_tablet&quot;:{&quot;unit&quot;:&quot;px&quot;,&quot;size&quot;:10,&quot;sizes&quot;:[]},&quot;gap_mobile&quot;:{&quot;unit&quot;:&quot;px&quot;,&quot;size&quot;:10,&quot;sizes&quot;:[]},&quot;link_to&quot;:&quot;file&quot;,&quot;aspect_ratio&quot;:&quot;3:2&quot;,&quot;overlay_background&quot;:&quot;yes&quot;,&quot;content_hover_animation&quot;:&quot;fade-in&quot;}\" data-widget_type=\"gallery.default\">\n\t\t\t\t<div class=\"elementor-widget-container\">\n\t\t\t\t\t\t\t<div class=\"elementor-gallery__container\">\n\t\t\t\t\t\t\t<a class=\"e-gallery-item elementor-gallery-item elementor-animated-content\" href=\"https:\/\/bucurestizoo.ro\/wp-content\/uploads\/2025\/03\/capybara-dt_3-Large.jpeg\" data-elementor-open-lightbox=\"yes\" data-elementor-lightbox-slideshow=\"2be761a5\" data-elementor-lightbox-title=\"capybara dt_3 Large\" data-e-action-hash=\"#elementor-action%3Aaction%3Dlightbox%26settings%3DeyJpZCI6MTQyMTEsInVybCI6Imh0dHBzOlwvXC9idWN1cmVzdGl6b28ucm9cL3dwLWNvbnRlbnRcL3VwbG9hZHNcLzIwMjVcLzAzXC9jYXB5YmFyYS1kdF8zLUxhcmdlLmpwZWciLCJzbGlkZXNob3ciOiIyYmU3NjFhNSJ9\">\n\t\t\t\t\t<div class=\"e-gallery-image elementor-gallery-item__image\" data-thumbnail=\"https:\/\/bucurestizoo.ro\/wp-content\/uploads\/2025\/03\/capybara-dt_3-Large-1024x683.jpeg\" data-width=\"847\" data-height=\"565\" aria-label=\"\" role=\"img\" ><\/div>\n\t\t\t\t\t\t\t\t\t\t\t<div class=\"elementor-gallery-item__overlay\"><\/div>\n\t\t\t\t\t\t\t\t\t\t\t\t\t\t<\/a>\n\t\t\t\t\t\t\t<a class=\"e-gallery-item elementor-gallery-item elementor-animated-content\" href=\"https:\/\/bucurestizoo.ro\/wp-content\/uploads\/2025\/03\/capybara-dt_1-Large.jpeg\" data-elementor-open-lightbox=\"yes\" data-elementor-lightbox-slideshow=\"2be761a5\" data-elementor-lightbox-title=\"capybara dt_1 Large\" data-e-action-hash=\"#elementor-action%3Aaction%3Dlightbox%26settings%3DeyJpZCI6MTQyMDksInVybCI6Imh0dHBzOlwvXC9idWN1cmVzdGl6b28ucm9cL3dwLWNvbnRlbnRcL3VwbG9hZHNcLzIwMjVcLzAzXC9jYXB5YmFyYS1kdF8xLUxhcmdlLmpwZWciLCJzbGlkZXNob3ciOiIyYmU3NjFhNSJ9\">\n\t\t\t\t\t<div class=\"e-gallery-image elementor-gallery-item__image\" data-thumbnail=\"https:\/\/bucurestizoo.ro\/wp-content\/uploads\/2025\/03\/capybara-dt_1-Large-1024x682.jpeg\" data-width=\"847\" data-height=\"564\" aria-label=\"\" role=\"img\" ><\/div>\n\t\t\t\t\t\t\t\t\t\t\t<div class=\"elementor-gallery-item__overlay\"><\/div>\n\t\t\t\t\t\t\t\t\t\t\t\t\t\t<\/a>\n\t\t\t\t\t<\/div>\n\t\t\t\t\t<\/div>\n\t\t\t\t<\/div>\n\t\t\t\t\t<\/div>\n\t\t\t\t<\/div>\n\t\t<div class=\"elementor-element elementor-element-2142120c e-grid e-con-boxed e-con e-parent\" data-id=\"2142120c\" data-element_type=\"container\" data-e-type=\"container\">\n\t\t\t\t\t<div class=\"e-con-inner\">\n\t\t<div class=\"elementor-element elementor-element-3bea0f10 e-con-full animated-slow e-flex elementor-invisible e-con e-child\" data-id=\"3bea0f10\" data-element_type=\"container\" data-e-type=\"container\" data-settings=\"{&quot;animation&quot;:&quot;fadeInLeft&quot;}\">\n\t\t\t\t<div class=\"elementor-element elementor-element-71813983 elementor-widget elementor-widget-heading\" data-id=\"71813983\" data-element_type=\"widget\" data-e-type=\"widget\" data-widget_type=\"heading.default\">\n\t\t\t\t<div class=\"elementor-widget-container\">\n\t\t\t\t\t<h1 class=\"elementor-heading-title elementor-size-default\">Hran\u0103:<\/h1>\t\t\t\t<\/div>\n\t\t\t\t<\/div>\n\t\t\t\t<div class=\"elementor-element elementor-element-653e532b elementor-widget elementor-widget-text-editor\" data-id=\"653e532b\" data-element_type=\"widget\" data-e-type=\"widget\" data-widget_type=\"text-editor.default\">\n\t\t\t\t<div class=\"elementor-widget-container\">\n\t\t\t\t\t\t\t\t\t<p>Erbivor strict, consum\u0103 ierburi, plante acvatice \u0219i scoar\u021b\u0103 de copac.<\/p><p>Practic\u0103 coprofagia, consum\u00e2nd propriile excremente pentru a extrage nutrien\u021bi suplimentari.<\/p>\t\t\t\t\t\t\t\t<\/div>\n\t\t\t\t<\/div>\n\t\t\t\t<\/div>\n\t\t<div class=\"elementor-element elementor-element-18af0212 e-con-full animated-slow e-flex elementor-invisible e-con e-child\" data-id=\"18af0212\" data-element_type=\"container\" data-e-type=\"container\" data-settings=\"{&quot;animation&quot;:&quot;fadeInRight&quot;}\">\n\t\t\t\t<div class=\"elementor-element elementor-element-66d8c81d elementor-widget elementor-widget-heading\" data-id=\"66d8c81d\" data-element_type=\"widget\" data-e-type=\"widget\" data-widget_type=\"heading.default\">\n\t\t\t\t<div class=\"elementor-widget-container\">\n\t\t\t\t\t<h1 class=\"elementor-heading-title elementor-size-default\">Conservare:<\/h1>\t\t\t\t<\/div>\n\t\t\t\t<\/div>\n\t\t\t\t<div class=\"elementor-element elementor-element-3ac78b58 elementor-widget elementor-widget-text-editor\" data-id=\"3ac78b58\" data-element_type=\"widget\" data-e-type=\"widget\" data-widget_type=\"text-editor.default\">\n\t\t\t\t<div class=\"elementor-widget-container\">\n\t\t\t\t\t\t\t\t\t<p>Nu este considerat\u0103 amenin\u021bat\u0103, dar este v\u00e2nat\u0103 pentru carne \u0219i piele.<\/p><p>Unele \u021b\u0103ri o cresc \u00een ferme pentru consum uman.<\/p>\t\t\t\t\t\t\t\t<\/div>\n\t\t\t\t<\/div>\n\t\t\t\t<\/div>\n\t\t\t\t\t<\/div>\n\t\t\t\t<\/div>\n\t\t\t\t<\/div>","protected":false},"excerpt":{"rendered":"<p>Capibara Denumire \u0219tiin\u021bific\u0103: Hydrochoerus hydrochaerisOrdin: RodentiaFamilie: CaviidaeGen: HydrochoerusSpecie: Hydrochoerus hydrochaerisDistribu\u021bie geografic\u0103: America de Sud, \u00een special Amazonia, Venezuela, Argentina \u0219i BraziliaDimensiuni \u0219i greutate: Lungime: 1-1,3 m, Greutate: 35-70 kgPerioada de gesta\u021bie: Aproximativ 150 de zileNum\u0103r pui: 4-5 pui per f\u0103tareSperan\u021b\u0103 de via\u021b\u0103: 8-10 ani \u00een s\u0103lb\u0103ticie, p\u00e2n\u0103 la 12 ani \u00een captivitate General: Cel mai &hellip; <a href=\"https:\/\/bucurestizoo.ro\/en\/capibara\/\" class=\"more-link\">Continue reading <span class=\"screen-reader-text\">Capibara<\/span><\/a><\/p>","protected":false},"author":1,"featured_media":0,"parent":0,"menu_order":0,"comment_status":"closed","ping_status":"closed","template":"","meta":{"_monsterinsights_skip_tracking":false,"_monsterinsights_sitenote_active":false,"_monsterinsights_sitenote_note":"","_monsterinsights_sitenote_category":0,"footnotes":""},"class_list":["post-14237","page","type-page","status-publish","hentry"],"aioseo_notices":[],"_links":{"self":[{"href":"https:\/\/bucurestizoo.ro\/en\/wp-json\/wp\/v2\/pages\/14237","targetHints":{"allow":["GET"]}}],"collection":[{"href":"https:\/\/bucurestizoo.ro\/en\/wp-json\/wp\/v2\/pages"}],"about":[{"href":"https:\/\/bucurestizoo.ro\/en\/wp-json\/wp\/v2\/types\/page"}],"author":[{"embeddable":true,"href":"https:\/\/bucurestizoo.ro\/en\/wp-json\/wp\/v2\/users\/1"}],"replies":[{"embeddable":true,"href":"https:\/\/bucurestizoo.ro\/en\/wp-json\/wp\/v2\/comments?post=14237"}],"version-history":[{"count":7,"href":"https:\/\/bucurestizoo.ro\/en\/wp-json\/wp\/v2\/pages\/14237\/revisions"}],"predecessor-version":[{"id":15692,"href":"https:\/\/bucurestizoo.ro\/en\/wp-json\/wp\/v2\/pages\/14237\/revisions\/15692"}],"wp:attachment":[{"href":"https:\/\/bucurestizoo.ro\/en\/wp-json\/wp\/v2\/media?parent=14237"}],"curies":[{"name":"wp","href":"https:\/\/api.w.org\/{rel}","templated":true}]}}