{"id":14198,"date":"2025-03-29T17:43:20","date_gmt":"2025-03-29T15:43:20","guid":{"rendered":"https:\/\/n1.bucurestizoo.ro\/?page_id=14198"},"modified":"2025-03-29T17:49:17","modified_gmt":"2025-03-29T15:49:17","slug":"cangur-bennett","status":"publish","type":"page","link":"https:\/\/bucurestizoo.ro\/en\/cangur-bennett\/","title":{"rendered":"Cangur Bennett"},"content":{"rendered":"<div data-elementor-type=\"wp-page\" data-elementor-id=\"14198\" class=\"elementor elementor-14198\" data-elementor-post-type=\"page\">\n\t\t\t\t<div class=\"elementor-element elementor-element-273a5565 e-flex e-con-boxed e-con e-parent\" data-id=\"273a5565\" data-element_type=\"container\" data-e-type=\"container\" data-settings=\"{&quot;background_background&quot;:&quot;classic&quot;}\">\n\t\t\t\t\t<div class=\"e-con-inner\">\n\t\t<div class=\"elementor-element elementor-element-35ef15a e-con-full e-flex e-con e-child\" data-id=\"35ef15a\" data-element_type=\"container\" data-e-type=\"container\">\n\t\t<div class=\"elementor-element elementor-element-7b2b7e2 e-con-full animated-slow e-flex elementor-invisible e-con e-child\" data-id=\"7b2b7e2\" data-element_type=\"container\" data-e-type=\"container\" data-settings=\"{&quot;animation&quot;:&quot;fadeInLeft&quot;}\">\n\t\t\t\t<div class=\"elementor-element elementor-element-99a7411 elementor-widget elementor-widget-heading\" data-id=\"99a7411\" data-element_type=\"widget\" data-e-type=\"widget\" data-widget_type=\"heading.default\">\n\t\t\t\t<div class=\"elementor-widget-container\">\n\t\t\t\t\t<h1 class=\"elementor-heading-title elementor-size-default\">Cangurul Bennett<\/h1>\t\t\t\t<\/div>\n\t\t\t\t<\/div>\n\t\t\t\t<div class=\"elementor-element elementor-element-791d3d31 elementor-widget elementor-widget-text-editor\" data-id=\"791d3d31\" data-element_type=\"widget\" data-e-type=\"widget\" data-widget_type=\"text-editor.default\">\n\t\t\t\t<div class=\"elementor-widget-container\">\n\t\t\t\t\t\t\t\t\t<p><strong>Denumire \u0219tiin\u021bific\u0103:<\/strong> Notamacropus rufogriseus<br \/><strong>Ordin:<\/strong> Diprotodontia<br \/><strong>Familie:<\/strong> Macropodidae<br \/><strong>Gen:<\/strong> Notamacropus<br \/><strong>Specie:<\/strong> Notamacropus rufogriseus<br \/><strong>Distribu\u021bie geografic\u0103:<\/strong> Australia \u0219i Tasmania, introdus \u00een Marea Britanie \u0219i Noua Zeeland\u0103<br \/><strong>Dimensiuni \u0219i greutate:<\/strong> \u00cen\u0103l\u021bime: 70-90 cm, Greutate: 13-19 kg<br \/><strong>Perioada de gesta\u021bie:<\/strong> Aproximativ 30 de zile, dar puii r\u0103m\u00e2n \u00een marsupiu p\u00e2n\u0103 la 9 luni<br \/><strong>Num\u0103r pui:<\/strong> De obicei un singur pui<br \/><strong>Speran\u021b\u0103 de via\u021b\u0103:<\/strong> 12-15 ani \u00een s\u0103lb\u0103ticie, p\u00e2n\u0103 la 20 de ani \u00een captivitate<\/p>\t\t\t\t\t\t\t\t<\/div>\n\t\t\t\t<\/div>\n\t\t\t\t<\/div>\n\t\t\t\t<div class=\"elementor-element elementor-element-142d2831 elementor-widget-tablet__width-inherit animated-slow elementor-invisible elementor-widget elementor-widget-image\" data-id=\"142d2831\" data-element_type=\"widget\" data-e-type=\"widget\" data-settings=\"{&quot;_animation&quot;:&quot;fadeInRight&quot;}\" data-widget_type=\"image.default\">\n\t\t\t\t<div class=\"elementor-widget-container\">\n\t\t\t\t\t\t\t\t\t\t\t\t\t\t\t<img fetchpriority=\"high\" decoding=\"async\" width=\"847\" height=\"564\" src=\"https:\/\/bucurestizoo.ro\/wp-content\/uploads\/2025\/03\/Cangurul-Bennett-dt_1-Large-1024x682.jpeg\" class=\"attachment-large size-large wp-image-14194\" alt=\"\" srcset=\"https:\/\/bucurestizoo.ro\/wp-content\/uploads\/2025\/03\/Cangurul-Bennett-dt_1-Large-1024x682.jpeg 1024w, https:\/\/bucurestizoo.ro\/wp-content\/uploads\/2025\/03\/Cangurul-Bennett-dt_1-Large-300x200.jpeg 300w, https:\/\/bucurestizoo.ro\/wp-content\/uploads\/2025\/03\/Cangurul-Bennett-dt_1-Large-768x512.jpeg 768w, https:\/\/bucurestizoo.ro\/wp-content\/uploads\/2025\/03\/Cangurul-Bennett-dt_1-Large-450x300.jpeg 450w, https:\/\/bucurestizoo.ro\/wp-content\/uploads\/2025\/03\/Cangurul-Bennett-dt_1-Large-650x433.jpeg 650w, https:\/\/bucurestizoo.ro\/wp-content\/uploads\/2025\/03\/Cangurul-Bennett-dt_1-Large.jpeg 1280w\" sizes=\"(max-width: 847px) 100vw, 847px\" data-id=\"14194\" \/>\t\t\t\t\t\t\t\t\t\t\t\t\t\t\t<\/div>\n\t\t\t\t<\/div>\n\t\t\t\t<\/div>\n\t\t\t\t\t<\/div>\n\t\t\t\t<\/div>\n\t\t<div class=\"elementor-element elementor-element-bc48c83 animated-slow e-flex e-con-boxed elementor-invisible e-con e-parent\" data-id=\"bc48c83\" data-element_type=\"container\" data-e-type=\"container\" data-settings=\"{&quot;animation&quot;:&quot;fadeInLeft&quot;}\">\n\t\t\t\t\t<div class=\"e-con-inner\">\n\t\t\t\t<div class=\"elementor-element elementor-element-7c730f3 elementor-widget elementor-widget-heading\" data-id=\"7c730f3\" data-element_type=\"widget\" data-e-type=\"widget\" data-widget_type=\"heading.default\">\n\t\t\t\t<div class=\"elementor-widget-container\">\n\t\t\t\t\t<h1 class=\"elementor-heading-title elementor-size-default\">General:<\/h1>\t\t\t\t<\/div>\n\t\t\t\t<\/div>\n\t\t\t\t<div class=\"elementor-element elementor-element-7fee4b5 elementor-widget elementor-widget-text-editor\" data-id=\"7fee4b5\" data-element_type=\"widget\" data-e-type=\"widget\" data-widget_type=\"text-editor.default\">\n\t\t\t\t<div class=\"elementor-widget-container\">\n\t\t\t\t\t\t\t\t\t<p>Este un cangur de dimensiuni medii, adaptat la climate mai reci dec\u00e2t alte specii.<\/p><p>Se deplaseaz\u0103 prin salturi puternice \u0219i \u00ee\u0219i folose\u0219te coada lung\u0103 pentru echilibru.<\/p><p>Este un animal nocturn, activ mai ales diminea\u021ba \u0219i seara.<\/p><p>Are o rela\u021bie social\u0103 complex\u0103, form\u00e2nd grupuri mici.<\/p><p>Puii r\u0103m\u00e2n \u00een marsupiu timp de 9 luni, dar continu\u0103 s\u0103 fie al\u0103pta\u021bi chiar \u0219i dup\u0103 ce \u00eencep s\u0103 exploreze mediul \u00eenconjur\u0103tor.<\/p><p>Dac\u0103 este urm\u0103rit de un pr\u0103d\u0103tor, poate s\u0103ri p\u00e2n\u0103 la 3 metri \u00een aer.<\/p><p>C\u00e2nd este relaxat, \u00ee\u0219i sprijin\u0103 greutatea pe coad\u0103, ca pe un al treilea picior.<\/p>\t\t\t\t\t\t\t\t<\/div>\n\t\t\t\t<\/div>\n\t\t\t\t\t<\/div>\n\t\t\t\t<\/div>\n\t\t<div class=\"elementor-element elementor-element-6432c3e6 e-flex e-con-boxed e-con e-parent\" data-id=\"6432c3e6\" data-element_type=\"container\" data-e-type=\"container\">\n\t\t\t\t\t<div class=\"e-con-inner\">\n\t\t\t\t<div class=\"elementor-element elementor-element-2c67aee9 elementor-widget elementor-widget-gallery\" data-id=\"2c67aee9\" data-element_type=\"widget\" data-e-type=\"widget\" data-settings=\"{&quot;columns&quot;:2,&quot;lazyload&quot;:&quot;yes&quot;,&quot;gallery_layout&quot;:&quot;grid&quot;,&quot;columns_tablet&quot;:2,&quot;columns_mobile&quot;:1,&quot;gap&quot;:{&quot;unit&quot;:&quot;px&quot;,&quot;size&quot;:10,&quot;sizes&quot;:[]},&quot;gap_tablet&quot;:{&quot;unit&quot;:&quot;px&quot;,&quot;size&quot;:10,&quot;sizes&quot;:[]},&quot;gap_mobile&quot;:{&quot;unit&quot;:&quot;px&quot;,&quot;size&quot;:10,&quot;sizes&quot;:[]},&quot;link_to&quot;:&quot;file&quot;,&quot;aspect_ratio&quot;:&quot;3:2&quot;,&quot;overlay_background&quot;:&quot;yes&quot;,&quot;content_hover_animation&quot;:&quot;fade-in&quot;}\" data-widget_type=\"gallery.default\">\n\t\t\t\t<div class=\"elementor-widget-container\">\n\t\t\t\t\t\t\t<div class=\"elementor-gallery__container\">\n\t\t\t\t\t\t\t<a class=\"e-gallery-item elementor-gallery-item elementor-animated-content\" href=\"https:\/\/bucurestizoo.ro\/wp-content\/uploads\/2025\/03\/Cangurul-Bennett-dt_3-Large.jpeg\" data-elementor-open-lightbox=\"yes\" data-elementor-lightbox-slideshow=\"2c67aee9\" data-elementor-lightbox-title=\"Cangurul Bennett dt_3 Large\" data-e-action-hash=\"#elementor-action%3Aaction%3Dlightbox%26settings%3DeyJpZCI6MTQxOTMsInVybCI6Imh0dHBzOlwvXC9idWN1cmVzdGl6b28ucm9cL3dwLWNvbnRlbnRcL3VwbG9hZHNcLzIwMjVcLzAzXC9DYW5ndXJ1bC1CZW5uZXR0LWR0XzMtTGFyZ2UuanBlZyIsInNsaWRlc2hvdyI6IjJjNjdhZWU5In0%3D\">\n\t\t\t\t\t<div class=\"e-gallery-image elementor-gallery-item__image\" data-thumbnail=\"https:\/\/bucurestizoo.ro\/wp-content\/uploads\/2025\/03\/Cangurul-Bennett-dt_3-Large-1024x628.jpeg\" data-width=\"847\" data-height=\"519\" aria-label=\"\" role=\"img\" ><\/div>\n\t\t\t\t\t\t\t\t\t\t\t<div class=\"elementor-gallery-item__overlay\"><\/div>\n\t\t\t\t\t\t\t\t\t\t\t\t\t\t<\/a>\n\t\t\t\t\t\t\t<a class=\"e-gallery-item elementor-gallery-item elementor-animated-content\" href=\"https:\/\/bucurestizoo.ro\/wp-content\/uploads\/2025\/03\/Cangurul-Bennett-dt_2-Large.jpeg\" data-elementor-open-lightbox=\"yes\" data-elementor-lightbox-slideshow=\"2c67aee9\" data-elementor-lightbox-title=\"Cangurul Bennett dt_2 Large\" data-e-action-hash=\"#elementor-action%3Aaction%3Dlightbox%26settings%3DeyJpZCI6MTQxOTIsInVybCI6Imh0dHBzOlwvXC9idWN1cmVzdGl6b28ucm9cL3dwLWNvbnRlbnRcL3VwbG9hZHNcLzIwMjVcLzAzXC9DYW5ndXJ1bC1CZW5uZXR0LWR0XzItTGFyZ2UuanBlZyIsInNsaWRlc2hvdyI6IjJjNjdhZWU5In0%3D\">\n\t\t\t\t\t<div class=\"e-gallery-image elementor-gallery-item__image\" data-thumbnail=\"https:\/\/bucurestizoo.ro\/wp-content\/uploads\/2025\/03\/Cangurul-Bennett-dt_2-Large-1024x683.jpeg\" data-width=\"847\" data-height=\"565\" aria-label=\"\" role=\"img\" ><\/div>\n\t\t\t\t\t\t\t\t\t\t\t<div class=\"elementor-gallery-item__overlay\"><\/div>\n\t\t\t\t\t\t\t\t\t\t\t\t\t\t<\/a>\n\t\t\t\t\t<\/div>\n\t\t\t\t\t<\/div>\n\t\t\t\t<\/div>\n\t\t\t\t\t<\/div>\n\t\t\t\t<\/div>\n\t\t<div class=\"elementor-element elementor-element-5835799d animated-slow e-flex e-con-boxed elementor-invisible e-con e-parent\" data-id=\"5835799d\" data-element_type=\"container\" data-e-type=\"container\" data-settings=\"{&quot;animation&quot;:&quot;fadeInRight&quot;}\">\n\t\t\t\t\t<div class=\"e-con-inner\">\n\t\t\t\t<div class=\"elementor-element elementor-element-3d89d703 elementor-widget elementor-widget-heading\" data-id=\"3d89d703\" data-element_type=\"widget\" data-e-type=\"widget\" data-widget_type=\"heading.default\">\n\t\t\t\t<div class=\"elementor-widget-container\">\n\t\t\t\t\t<h1 class=\"elementor-heading-title elementor-size-default\">Habitat:<\/h1>\t\t\t\t<\/div>\n\t\t\t\t<\/div>\n\t\t\t\t<div class=\"elementor-element elementor-element-2211b168 elementor-widget elementor-widget-text-editor\" data-id=\"2211b168\" data-element_type=\"widget\" data-e-type=\"widget\" data-widget_type=\"text-editor.default\">\n\t\t\t\t<div class=\"elementor-widget-container\">\n\t\t\t\t\t\t\t\t\t<p>Prefer\u0103 p\u0103durile de eucalipt, zonele de savan\u0103 \u0219i paji\u0219tile deschise.<\/p><p>Se poate adapta \u0219i la zonele urbane, fiind observat \u00een gr\u0103dini \u0219i parcuri.<\/p><p><br \/><br \/><\/p>\t\t\t\t\t\t\t\t<\/div>\n\t\t\t\t<\/div>\n\t\t\t\t\t<\/div>\n\t\t\t\t<\/div>\n\t\t<div class=\"elementor-element elementor-element-3d2303f3 e-grid e-con-boxed e-con e-parent\" data-id=\"3d2303f3\" data-element_type=\"container\" data-e-type=\"container\">\n\t\t\t\t\t<div class=\"e-con-inner\">\n\t\t<div class=\"elementor-element elementor-element-74d1abda e-con-full animated-slow e-flex elementor-invisible e-con e-child\" data-id=\"74d1abda\" data-element_type=\"container\" data-e-type=\"container\" data-settings=\"{&quot;animation&quot;:&quot;fadeInLeft&quot;}\">\n\t\t\t\t<div class=\"elementor-element elementor-element-2fc483d5 elementor-widget elementor-widget-heading\" data-id=\"2fc483d5\" data-element_type=\"widget\" data-e-type=\"widget\" data-widget_type=\"heading.default\">\n\t\t\t\t<div class=\"elementor-widget-container\">\n\t\t\t\t\t<h1 class=\"elementor-heading-title elementor-size-default\">Hran\u0103:<\/h1>\t\t\t\t<\/div>\n\t\t\t\t<\/div>\n\t\t\t\t<div class=\"elementor-element elementor-element-23004283 elementor-widget elementor-widget-text-editor\" data-id=\"23004283\" data-element_type=\"widget\" data-e-type=\"widget\" data-widget_type=\"text-editor.default\">\n\t\t\t\t<div class=\"elementor-widget-container\">\n\t\t\t\t\t\t\t\t\t<p>Este erbivor, consum\u00e2nd frunze, iarb\u0103, scoar\u021b\u0103 de copac \u0219i uneori fructe.<\/p><p>Poate supravie\u021bui f\u0103r\u0103 ap\u0103 mult timp, extr\u0103g\u00e2nd umiditatea necesar\u0103 din hran\u0103.<\/p>\t\t\t\t\t\t\t\t<\/div>\n\t\t\t\t<\/div>\n\t\t\t\t<\/div>\n\t\t<div class=\"elementor-element elementor-element-61afb58d e-con-full animated-slow e-flex elementor-invisible e-con e-child\" data-id=\"61afb58d\" data-element_type=\"container\" data-e-type=\"container\" data-settings=\"{&quot;animation&quot;:&quot;fadeInRight&quot;}\">\n\t\t\t\t<div class=\"elementor-element elementor-element-33d579d5 elementor-widget elementor-widget-heading\" data-id=\"33d579d5\" data-element_type=\"widget\" data-e-type=\"widget\" data-widget_type=\"heading.default\">\n\t\t\t\t<div class=\"elementor-widget-container\">\n\t\t\t\t\t<h1 class=\"elementor-heading-title elementor-size-default\">Conservare:<\/h1>\t\t\t\t<\/div>\n\t\t\t\t<\/div>\n\t\t\t\t<div class=\"elementor-element elementor-element-36f4bde3 elementor-widget elementor-widget-text-editor\" data-id=\"36f4bde3\" data-element_type=\"widget\" data-e-type=\"widget\" data-widget_type=\"text-editor.default\">\n\t\t\t\t<div class=\"elementor-widget-container\">\n\t\t\t\t\t\t\t\t\t<p>Nu este considerat amenin\u021bat, dar este afectat de defri\u0219\u0103ri \u0219i v\u00e2n\u0103toare.<\/p><p>Unele popula\u021bii sunt protejate \u00een rezerva\u021bii naturale.<\/p>\t\t\t\t\t\t\t\t<\/div>\n\t\t\t\t<\/div>\n\t\t\t\t<\/div>\n\t\t\t\t\t<\/div>\n\t\t\t\t<\/div>\n\t\t\t\t<\/div>","protected":false},"excerpt":{"rendered":"<p>Cangurul Bennett Denumire \u0219tiin\u021bific\u0103: Notamacropus rufogriseusOrdin: DiprotodontiaFamilie: MacropodidaeGen: NotamacropusSpecie: Notamacropus rufogriseusDistribu\u021bie geografic\u0103: Australia \u0219i Tasmania, introdus \u00een Marea Britanie \u0219i Noua Zeeland\u0103Dimensiuni \u0219i greutate: \u00cen\u0103l\u021bime: 70-90 cm, Greutate: 13-19 kgPerioada de gesta\u021bie: Aproximativ 30 de zile, dar puii r\u0103m\u00e2n \u00een marsupiu p\u00e2n\u0103 la 9 luniNum\u0103r pui: De obicei un singur puiSperan\u021b\u0103 de via\u021b\u0103: 12-15 ani &hellip; <a href=\"https:\/\/bucurestizoo.ro\/en\/cangur-bennett\/\" class=\"more-link\">Continue reading <span class=\"screen-reader-text\">Cangur Bennett<\/span><\/a><\/p>","protected":false},"author":1,"featured_media":0,"parent":0,"menu_order":0,"comment_status":"closed","ping_status":"closed","template":"","meta":{"_monsterinsights_skip_tracking":false,"_monsterinsights_sitenote_active":false,"_monsterinsights_sitenote_note":"","_monsterinsights_sitenote_category":0,"footnotes":""},"class_list":["post-14198","page","type-page","status-publish","hentry"],"aioseo_notices":[],"_links":{"self":[{"href":"https:\/\/bucurestizoo.ro\/en\/wp-json\/wp\/v2\/pages\/14198","targetHints":{"allow":["GET"]}}],"collection":[{"href":"https:\/\/bucurestizoo.ro\/en\/wp-json\/wp\/v2\/pages"}],"about":[{"href":"https:\/\/bucurestizoo.ro\/en\/wp-json\/wp\/v2\/types\/page"}],"author":[{"embeddable":true,"href":"https:\/\/bucurestizoo.ro\/en\/wp-json\/wp\/v2\/users\/1"}],"replies":[{"embeddable":true,"href":"https:\/\/bucurestizoo.ro\/en\/wp-json\/wp\/v2\/comments?post=14198"}],"version-history":[{"count":4,"href":"https:\/\/bucurestizoo.ro\/en\/wp-json\/wp\/v2\/pages\/14198\/revisions"}],"predecessor-version":[{"id":14203,"href":"https:\/\/bucurestizoo.ro\/en\/wp-json\/wp\/v2\/pages\/14198\/revisions\/14203"}],"wp:attachment":[{"href":"https:\/\/bucurestizoo.ro\/en\/wp-json\/wp\/v2\/media?parent=14198"}],"curies":[{"name":"wp","href":"https:\/\/api.w.org\/{rel}","templated":true}]}}