{"id":14181,"date":"2025-03-29T17:28:52","date_gmt":"2025-03-29T15:28:52","guid":{"rendered":"https:\/\/n1.bucurestizoo.ro\/?page_id=14181"},"modified":"2025-03-29T17:36:13","modified_gmt":"2025-03-29T15:36:13","slug":"broasca-fantoma-otravitoare","status":"publish","type":"page","link":"https:\/\/bucurestizoo.ro\/en\/broasca-fantoma-otravitoare\/","title":{"rendered":"Broasca fantom\u0103 otr\u0103vitoare"},"content":{"rendered":"<div data-elementor-type=\"wp-page\" data-elementor-id=\"14181\" class=\"elementor elementor-14181\" data-elementor-post-type=\"page\">\n\t\t\t\t<div class=\"elementor-element elementor-element-46ef3bdf e-flex e-con-boxed e-con e-parent\" data-id=\"46ef3bdf\" data-element_type=\"container\" data-e-type=\"container\" data-settings=\"{&quot;background_background&quot;:&quot;classic&quot;}\">\n\t\t\t\t\t<div class=\"e-con-inner\">\n\t\t<div class=\"elementor-element elementor-element-5f87223e e-con-full e-flex e-con e-child\" data-id=\"5f87223e\" data-element_type=\"container\" data-e-type=\"container\">\n\t\t<div class=\"elementor-element elementor-element-2f9b535a e-con-full animated-slow e-flex elementor-invisible e-con e-child\" data-id=\"2f9b535a\" data-element_type=\"container\" data-e-type=\"container\" data-settings=\"{&quot;animation&quot;:&quot;fadeInLeft&quot;}\">\n\t\t\t\t<div class=\"elementor-element elementor-element-49bd9b96 elementor-widget elementor-widget-heading\" data-id=\"49bd9b96\" data-element_type=\"widget\" data-e-type=\"widget\" data-widget_type=\"heading.default\">\n\t\t\t\t<div class=\"elementor-widget-container\">\n\t\t\t\t\t<h1 class=\"elementor-heading-title elementor-size-default\">Broasca fantom\u0103 otr\u0103vitoar<\/h1>\t\t\t\t<\/div>\n\t\t\t\t<\/div>\n\t\t\t\t<div class=\"elementor-element elementor-element-48652f62 elementor-widget elementor-widget-text-editor\" data-id=\"48652f62\" data-element_type=\"widget\" data-e-type=\"widget\" data-widget_type=\"text-editor.default\">\n\t\t\t\t<div class=\"elementor-widget-container\">\n\t\t\t\t\t\t\t\t\t<p><strong>Denumire \u0219tiin\u021bific\u0103:<\/strong> Epipedobates tricolor<br \/><strong>Ordin:<\/strong> Anura<br \/><strong>Familie:<\/strong> Dendrobatidae<br \/><strong>Gen:<\/strong> Epipedobates<br \/><strong>Specie:<\/strong> Epipedobates tricolor<br \/><strong>Distribu\u021bie geografic\u0103:<\/strong> Broasca fantom\u0103 otr\u0103vitoare tr\u0103ie\u0219te \u00een zonele din centrul Ecuadorului, \u00een p\u0103durile aflate \u00een apropierea cursurilor de ap\u0103, \u00eentre 1000\u20131769 m deasupra nivelului m\u0103rii<br \/><strong>Dimensiuni \u0219i greutate:<\/strong> Dimensiuni foarte mici, variaz\u0103 \u00eentre 1\u20134 cm; Greutate: 2\u20134 g<\/p>\t\t\t\t\t\t\t\t<\/div>\n\t\t\t\t<\/div>\n\t\t\t\t<\/div>\n\t\t\t\t<div class=\"elementor-element elementor-element-7cde1689 elementor-widget-tablet__width-inherit animated-slow elementor-invisible elementor-widget elementor-widget-image\" data-id=\"7cde1689\" data-element_type=\"widget\" data-e-type=\"widget\" data-settings=\"{&quot;_animation&quot;:&quot;fadeInRight&quot;}\" data-widget_type=\"image.default\">\n\t\t\t\t<div class=\"elementor-widget-container\">\n\t\t\t\t\t\t\t\t\t\t\t\t\t\t\t<img fetchpriority=\"high\" decoding=\"async\" width=\"847\" height=\"564\" src=\"https:\/\/bucurestizoo.ro\/wp-content\/uploads\/2025\/03\/broasca-fantoma-otravitoare-dt-Large-e1743262388743-1024x682.jpeg\" class=\"attachment-large size-large wp-image-14185\" alt=\"\" srcset=\"https:\/\/bucurestizoo.ro\/wp-content\/uploads\/2025\/03\/broasca-fantoma-otravitoare-dt-Large-e1743262388743-1024x682.jpeg 1024w, https:\/\/bucurestizoo.ro\/wp-content\/uploads\/2025\/03\/broasca-fantoma-otravitoare-dt-Large-e1743262388743-300x200.jpeg 300w, https:\/\/bucurestizoo.ro\/wp-content\/uploads\/2025\/03\/broasca-fantoma-otravitoare-dt-Large-e1743262388743-768x512.jpeg 768w, https:\/\/bucurestizoo.ro\/wp-content\/uploads\/2025\/03\/broasca-fantoma-otravitoare-dt-Large-e1743262388743-450x300.jpeg 450w, https:\/\/bucurestizoo.ro\/wp-content\/uploads\/2025\/03\/broasca-fantoma-otravitoare-dt-Large-e1743262388743-650x433.jpeg 650w, https:\/\/bucurestizoo.ro\/wp-content\/uploads\/2025\/03\/broasca-fantoma-otravitoare-dt-Large-e1743262388743.jpeg 1280w\" sizes=\"(max-width: 847px) 100vw, 847px\" data-id=\"14185\" \/>\t\t\t\t\t\t\t\t\t\t\t\t\t\t\t<\/div>\n\t\t\t\t<\/div>\n\t\t\t\t<\/div>\n\t\t\t\t\t<\/div>\n\t\t\t\t<\/div>\n\t\t<div class=\"elementor-element elementor-element-c9a75ff animated-slow e-flex e-con-boxed elementor-invisible e-con e-parent\" data-id=\"c9a75ff\" data-element_type=\"container\" data-e-type=\"container\" data-settings=\"{&quot;animation&quot;:&quot;fadeInLeft&quot;}\">\n\t\t\t\t\t<div class=\"e-con-inner\">\n\t\t\t\t<div class=\"elementor-element elementor-element-4c2c5f23 elementor-widget elementor-widget-heading\" data-id=\"4c2c5f23\" data-element_type=\"widget\" data-e-type=\"widget\" data-widget_type=\"heading.default\">\n\t\t\t\t<div class=\"elementor-widget-container\">\n\t\t\t\t\t<h1 class=\"elementor-heading-title elementor-size-default\">General:<\/h1>\t\t\t\t<\/div>\n\t\t\t\t<\/div>\n\t\t\t\t<div class=\"elementor-element elementor-element-4da946c9 elementor-widget elementor-widget-text-editor\" data-id=\"4da946c9\" data-element_type=\"widget\" data-e-type=\"widget\" data-widget_type=\"text-editor.default\">\n\t\t\t\t<div class=\"elementor-widget-container\">\n\t\t\t\t\t\t\t\t\t<p>Este ro\u0219u cu dungi albe, un semnal de avertizare pentru pr\u0103d\u0103tori.<\/p><p>Secret\u0103 toxine folosite \u00een dezvoltarea analgezicelor.<\/p><p>Aceste broaste au o piele extrem de toxic\u0103, care este rezultatul dieta lor. Otrava este f\u0103cut\u0103 dintr-o combina\u021bie de substan\u021be chimice de la fiecare insect\u0103, care apoi se colecteaz\u0103 \u00een glande din pielea broa\u0219telor.<\/p><p>Aceast\u0103 otrav\u0103 este at\u00e2t de toxic\u0103 \u00eenc\u00e2t numai 2 micrograme sunt necesare pentru a fi fatale pentru oameni.<\/p><p>Pentru a reproduce masculii se lupt\u0103 reciproc pentru a c\u00e2\u0219tiga aten\u021bia femelelor. Femelele vor depune \u00eentre un ou \u0219i treizeci de ou\u0103 sub frunze, fiind \u00eengrijite de ambele sexe. Atunci c\u00e2nd ou\u0103le se deschid, unul dintre p\u0103rin\u021bi poart\u0103 puii pe spate p\u00e2n\u0103 la o surs\u0103 de ap\u0103.<\/p><p>Aceste specii sunt \u00eencadrate ca fiind amenin\u021bate cu dispari\u021bia. Cauzele determinate pentru statusul lor \u00een s\u0103lb\u0103ticie constau \u00een poluarea agrochimic\u0103 a c\u0103ilor navigabile \u0219i pierderea habitatelor din cauza activit\u0103\u021bilor agricole. De asemenea broa\u0219tele fantom\u0103\u00a0 se colecteaz\u0103 \u00een Ecuador pentru uz medicinal.<\/p>\t\t\t\t\t\t\t\t<\/div>\n\t\t\t\t<\/div>\n\t\t\t\t\t<\/div>\n\t\t\t\t<\/div>\n\t\t<div class=\"elementor-element elementor-element-a737070 animated-slow e-flex e-con-boxed elementor-invisible e-con e-parent\" data-id=\"a737070\" data-element_type=\"container\" data-e-type=\"container\" data-settings=\"{&quot;animation&quot;:&quot;fadeInRight&quot;}\">\n\t\t\t\t\t<div class=\"e-con-inner\">\n\t\t\t\t<div class=\"elementor-element elementor-element-69138755 elementor-widget elementor-widget-heading\" data-id=\"69138755\" data-element_type=\"widget\" data-e-type=\"widget\" data-widget_type=\"heading.default\">\n\t\t\t\t<div class=\"elementor-widget-container\">\n\t\t\t\t\t<h1 class=\"elementor-heading-title elementor-size-default\">Habitat:<\/h1>\t\t\t\t<\/div>\n\t\t\t\t<\/div>\n\t\t\t\t<div class=\"elementor-element elementor-element-29a821b5 elementor-widget elementor-widget-text-editor\" data-id=\"29a821b5\" data-element_type=\"widget\" data-e-type=\"widget\" data-widget_type=\"text-editor.default\">\n\t\t\t\t<div class=\"elementor-widget-container\">\n\t\t\t\t\t\t\t\t\t<p>Tr\u0103ie\u0219te \u00een p\u0103duri tropicale umede.<\/p>\t\t\t\t\t\t\t\t<\/div>\n\t\t\t\t<\/div>\n\t\t\t\t\t<\/div>\n\t\t\t\t<\/div>\n\t\t<div class=\"elementor-element elementor-element-86c36a0 e-grid e-con-boxed e-con e-parent\" data-id=\"86c36a0\" data-element_type=\"container\" data-e-type=\"container\">\n\t\t\t\t\t<div class=\"e-con-inner\">\n\t\t<div class=\"elementor-element elementor-element-6dd9566b e-con-full animated-slow e-flex elementor-invisible e-con e-child\" data-id=\"6dd9566b\" data-element_type=\"container\" data-e-type=\"container\" data-settings=\"{&quot;animation&quot;:&quot;fadeInLeft&quot;}\">\n\t\t\t\t<div class=\"elementor-element elementor-element-2f98eaf5 elementor-widget elementor-widget-heading\" data-id=\"2f98eaf5\" data-element_type=\"widget\" data-e-type=\"widget\" data-widget_type=\"heading.default\">\n\t\t\t\t<div class=\"elementor-widget-container\">\n\t\t\t\t\t<h1 class=\"elementor-heading-title elementor-size-default\">Hran\u0103:<\/h1>\t\t\t\t<\/div>\n\t\t\t\t<\/div>\n\t\t\t\t<div class=\"elementor-element elementor-element-6b3fed55 elementor-widget elementor-widget-text-editor\" data-id=\"6b3fed55\" data-element_type=\"widget\" data-e-type=\"widget\" data-widget_type=\"text-editor.default\">\n\t\t\t\t<div class=\"elementor-widget-container\">\n\t\t\t\t\t\t\t\t\t<p>Hrana broa\u0219telor fantom\u0103 este format\u0103 din furnici, g\u00e2ndaci, mu\u0219te, acarieni, p\u0103ianjeni, termite \u0219i omizi. M\u0103n\u00e2nc\u0103 artropode mici.<\/p><p><br \/><br \/><\/p>\t\t\t\t\t\t\t\t<\/div>\n\t\t\t\t<\/div>\n\t\t\t\t<\/div>\n\t\t<div class=\"elementor-element elementor-element-155a1841 e-con-full animated-slow e-flex elementor-invisible e-con e-child\" data-id=\"155a1841\" data-element_type=\"container\" data-e-type=\"container\" data-settings=\"{&quot;animation&quot;:&quot;fadeInRight&quot;}\">\n\t\t\t\t<div class=\"elementor-element elementor-element-664a91a1 elementor-widget elementor-widget-heading\" data-id=\"664a91a1\" data-element_type=\"widget\" data-e-type=\"widget\" data-widget_type=\"heading.default\">\n\t\t\t\t<div class=\"elementor-widget-container\">\n\t\t\t\t\t<h1 class=\"elementor-heading-title elementor-size-default\">Conservare:<\/h1>\t\t\t\t<\/div>\n\t\t\t\t<\/div>\n\t\t\t\t<div class=\"elementor-element elementor-element-64a60b90 elementor-widget elementor-widget-text-editor\" data-id=\"64a60b90\" data-element_type=\"widget\" data-e-type=\"widget\" data-widget_type=\"text-editor.default\">\n\t\t\t\t<div class=\"elementor-widget-container\">\n\t\t\t\t\t\t\t\t\t<p>Specie vulnerabil\u0103.<\/p>\t\t\t\t\t\t\t\t<\/div>\n\t\t\t\t<\/div>\n\t\t\t\t<\/div>\n\t\t\t\t\t<\/div>\n\t\t\t\t<\/div>\n\t\t\t\t<\/div>","protected":false},"excerpt":{"rendered":"<p>Broasca fantom\u0103 otr\u0103vitoar Denumire \u0219tiin\u021bific\u0103: Epipedobates tricolorOrdin: AnuraFamilie: DendrobatidaeGen: EpipedobatesSpecie: Epipedobates tricolorDistribu\u021bie geografic\u0103: Broasca fantom\u0103 otr\u0103vitoare tr\u0103ie\u0219te \u00een zonele din centrul Ecuadorului, \u00een p\u0103durile aflate \u00een apropierea cursurilor de ap\u0103, \u00eentre 1000\u20131769 m deasupra nivelului m\u0103riiDimensiuni \u0219i greutate: Dimensiuni foarte mici, variaz\u0103 \u00eentre 1\u20134 cm; Greutate: 2\u20134 g General: Este ro\u0219u cu dungi albe, un &hellip; <a href=\"https:\/\/bucurestizoo.ro\/en\/broasca-fantoma-otravitoare\/\" class=\"more-link\">Continue reading <span class=\"screen-reader-text\">Broasca fantom\u0103 otr\u0103vitoare<\/span><\/a><\/p>","protected":false},"author":1,"featured_media":0,"parent":0,"menu_order":0,"comment_status":"closed","ping_status":"closed","template":"","meta":{"_monsterinsights_skip_tracking":false,"_monsterinsights_sitenote_active":false,"_monsterinsights_sitenote_note":"","_monsterinsights_sitenote_category":0,"footnotes":""},"class_list":["post-14181","page","type-page","status-publish","hentry"],"aioseo_notices":[],"_links":{"self":[{"href":"https:\/\/bucurestizoo.ro\/en\/wp-json\/wp\/v2\/pages\/14181","targetHints":{"allow":["GET"]}}],"collection":[{"href":"https:\/\/bucurestizoo.ro\/en\/wp-json\/wp\/v2\/pages"}],"about":[{"href":"https:\/\/bucurestizoo.ro\/en\/wp-json\/wp\/v2\/types\/page"}],"author":[{"embeddable":true,"href":"https:\/\/bucurestizoo.ro\/en\/wp-json\/wp\/v2\/users\/1"}],"replies":[{"embeddable":true,"href":"https:\/\/bucurestizoo.ro\/en\/wp-json\/wp\/v2\/comments?post=14181"}],"version-history":[{"count":4,"href":"https:\/\/bucurestizoo.ro\/en\/wp-json\/wp\/v2\/pages\/14181\/revisions"}],"predecessor-version":[{"id":14188,"href":"https:\/\/bucurestizoo.ro\/en\/wp-json\/wp\/v2\/pages\/14181\/revisions\/14188"}],"wp:attachment":[{"href":"https:\/\/bucurestizoo.ro\/en\/wp-json\/wp\/v2\/media?parent=14181"}],"curies":[{"name":"wp","href":"https:\/\/api.w.org\/{rel}","templated":true}]}}