{"id":14175,"date":"2025-03-29T17:21:03","date_gmt":"2025-03-29T15:21:03","guid":{"rendered":"https:\/\/n1.bucurestizoo.ro\/?page_id=14175"},"modified":"2025-03-29T17:24:39","modified_gmt":"2025-03-29T15:24:39","slug":"broasca-dungata-galbena","status":"publish","type":"page","link":"https:\/\/bucurestizoo.ro\/en\/broasca-dungata-galbena\/","title":{"rendered":"Broasca Dungat\u0103 Galben\u0103"},"content":{"rendered":"<div data-elementor-type=\"wp-page\" data-elementor-id=\"14175\" class=\"elementor elementor-14175\" data-elementor-post-type=\"page\">\n\t\t\t\t<div class=\"elementor-element elementor-element-820ee1c e-flex e-con-boxed e-con e-parent\" data-id=\"820ee1c\" data-element_type=\"container\" data-e-type=\"container\" data-settings=\"{&quot;background_background&quot;:&quot;classic&quot;}\">\n\t\t\t\t\t<div class=\"e-con-inner\">\n\t\t<div class=\"elementor-element elementor-element-6ac35ef0 e-con-full e-flex e-con e-child\" data-id=\"6ac35ef0\" data-element_type=\"container\" data-e-type=\"container\">\n\t\t<div class=\"elementor-element elementor-element-61900aed e-con-full animated-slow e-flex elementor-invisible e-con e-child\" data-id=\"61900aed\" data-element_type=\"container\" data-e-type=\"container\" data-settings=\"{&quot;animation&quot;:&quot;fadeInLeft&quot;}\">\n\t\t\t\t<div class=\"elementor-element elementor-element-652e1b90 elementor-widget elementor-widget-heading\" data-id=\"652e1b90\" data-element_type=\"widget\" data-e-type=\"widget\" data-widget_type=\"heading.default\">\n\t\t\t\t<div class=\"elementor-widget-container\">\n\t\t\t\t\t<h1 class=\"elementor-heading-title elementor-size-default\">Broasca Dungat\u0103 Galben\u0103\n<\/h1>\t\t\t\t<\/div>\n\t\t\t\t<\/div>\n\t\t\t\t<div class=\"elementor-element elementor-element-42ddf68a elementor-widget elementor-widget-text-editor\" data-id=\"42ddf68a\" data-element_type=\"widget\" data-e-type=\"widget\" data-widget_type=\"text-editor.default\">\n\t\t\t\t<div class=\"elementor-widget-container\">\n\t\t\t\t\t\t\t\t\t<p><strong>Denumire \u0219tiin\u021bific\u0103:<\/strong> Dendrobates leucomelas<br \/><strong>Ordin:<\/strong> Anura<br \/><strong>Familie:<\/strong> Dendrobatidae<br \/><strong>Gen:<\/strong> Dendrobates<br \/><strong>Specie:<\/strong> Dendrobates leucomelas<br \/><strong>Distribu\u021bie geografic\u0103:<\/strong> America de Sud: Venezuela, Guyana, Brazilia<br \/><strong>Dimensiuni \u0219i greutate:<\/strong> Lungime: 3-5 cm, Greutate: 3-5 g<br \/><strong>Perioada de reproducere:<\/strong> Icrele sunt depuse \u00een apa stagnant\u0103, iar mormolocii se transform\u0103 \u00een broa\u0219te \u00een 6-8 s\u0103pt\u0103m\u00e2ni<br \/><strong>Speran\u021ba de via\u021b\u0103:<\/strong> 5-10 ani \u00een s\u0103lb\u0103ticie, p\u00e2n\u0103 la 20 de ani \u00een captivitate<\/p>\t\t\t\t\t\t\t\t<\/div>\n\t\t\t\t<\/div>\n\t\t\t\t<\/div>\n\t\t\t\t<div class=\"elementor-element elementor-element-199906f3 elementor-widget-tablet__width-inherit animated-slow elementor-invisible elementor-widget elementor-widget-image\" data-id=\"199906f3\" data-element_type=\"widget\" data-e-type=\"widget\" data-settings=\"{&quot;_animation&quot;:&quot;fadeInRight&quot;}\" data-widget_type=\"image.default\">\n\t\t\t\t<div class=\"elementor-widget-container\">\n\t\t\t\t\t\t\t\t\t\t\t\t\t\t\t<img fetchpriority=\"high\" decoding=\"async\" width=\"847\" height=\"564\" src=\"https:\/\/bucurestizoo.ro\/wp-content\/uploads\/2025\/03\/broasca-dungata-galben-dt_2-Large-1024x682.jpeg\" class=\"attachment-large size-large wp-image-14169\" alt=\"\" srcset=\"https:\/\/bucurestizoo.ro\/wp-content\/uploads\/2025\/03\/broasca-dungata-galben-dt_2-Large-1024x682.jpeg 1024w, https:\/\/bucurestizoo.ro\/wp-content\/uploads\/2025\/03\/broasca-dungata-galben-dt_2-Large-300x200.jpeg 300w, https:\/\/bucurestizoo.ro\/wp-content\/uploads\/2025\/03\/broasca-dungata-galben-dt_2-Large-768x512.jpeg 768w, https:\/\/bucurestizoo.ro\/wp-content\/uploads\/2025\/03\/broasca-dungata-galben-dt_2-Large-450x300.jpeg 450w, https:\/\/bucurestizoo.ro\/wp-content\/uploads\/2025\/03\/broasca-dungata-galben-dt_2-Large-650x433.jpeg 650w, https:\/\/bucurestizoo.ro\/wp-content\/uploads\/2025\/03\/broasca-dungata-galben-dt_2-Large.jpeg 1280w\" sizes=\"(max-width: 847px) 100vw, 847px\" data-id=\"14169\" \/>\t\t\t\t\t\t\t\t\t\t\t\t\t\t\t<\/div>\n\t\t\t\t<\/div>\n\t\t\t\t<\/div>\n\t\t\t\t\t<\/div>\n\t\t\t\t<\/div>\n\t\t<div class=\"elementor-element elementor-element-555db84c animated-slow e-flex e-con-boxed elementor-invisible e-con e-parent\" data-id=\"555db84c\" data-element_type=\"container\" data-e-type=\"container\" data-settings=\"{&quot;animation&quot;:&quot;fadeInLeft&quot;}\">\n\t\t\t\t\t<div class=\"e-con-inner\">\n\t\t\t\t<div class=\"elementor-element elementor-element-473834a2 elementor-widget elementor-widget-heading\" data-id=\"473834a2\" data-element_type=\"widget\" data-e-type=\"widget\" data-widget_type=\"heading.default\">\n\t\t\t\t<div class=\"elementor-widget-container\">\n\t\t\t\t\t<h1 class=\"elementor-heading-title elementor-size-default\">General:<\/h1>\t\t\t\t<\/div>\n\t\t\t\t<\/div>\n\t\t\t\t<div class=\"elementor-element elementor-element-6f68fe82 elementor-widget elementor-widget-text-editor\" data-id=\"6f68fe82\" data-element_type=\"widget\" data-e-type=\"widget\" data-widget_type=\"text-editor.default\">\n\t\t\t\t<div class=\"elementor-widget-container\">\n\t\t\t\t\t\t\t\t\t<p>Broasca otr\u0103vitoare de aur este considerat\u0103 a fi cel mai otr\u0103vitor animal din lume, produc\u00e2nd suficient\u0103 toxin\u0103 nervoas\u0103 pentru a ucide 10 oameni. Toxinele provin de la furnici sau alte insecte pe care le m\u0103n\u00e2nc\u0103 \u00een s\u0103lb\u0103ticie.<\/p><p>Broasca dungat\u0103 galben\u0103 se g\u0103se\u0219te \u00een regiunea neo-tropical\u0103 care include Venezuela, nordul Braziliei, Guyana \u0219i sud-estul Columbiei. Ele prefer\u0103 habitatele umede \u0219i pot fi g\u0103site pe solul p\u0103durii, pe pietre umede, trunchiuri de copaci \u0219i r\u0103d\u0103cini de copaci tropicali.<\/p><p>Broa\u0219tele dungate galbene sunt diurne (active \u00een timpul zilei \u0219i se odihnesc noaptea). Masculii\u00a0 sunt foarte teritoriali \u0219i pot fi agresivi \u00een ap\u0103rarea unui teritoriu. C\u00e2nd nu sunt \u00een perioada de reproducere, ele sunt solitare. \u00cen s\u0103lb\u0103ticie hrana este compus\u0103 din furnici, termite, mici g\u00e2ndaci, greieri, p\u0103ianjeni, dar \u0219i alte insecte.<\/p><p>Num\u0103rul lor \u00een s\u0103lb\u0103ticie scade urmare a exploat\u0103rii \u0219i distrugerii habitatului lor pentru cherestea. De asemenea ele sunt colectate pentru comer\u021bul cu animale de companie.<\/p><p>\u00cen captivitate, broasca dungat\u0103 galben\u0103 \u201ds\u0103geat\u0103 otr\u0103vitoare\u201d \u00ee\u0219i pierde toxinele din piele. \u00a0Toxinele din piele sunt foarte intense \u0219i sunt capabile s\u0103 ucid\u0103. De asemenea broa\u0219tele dungate sunt utilizate \u00een cercetarea medical\u0103 deoarece toxinele pielii sunt o surs\u0103 posibil\u0103 de medicament pentru om.<\/p><p>Culoarea sa galben\u0103 \u0219i neagr\u0103 avertizeaz\u0103 pr\u0103d\u0103torii c\u0103 este extrem de toxic\u0103.<\/p><p>Secret\u0103 alcaloizi puternici care pot paraliza un atacator.<\/p>\t\t\t\t\t\t\t\t<\/div>\n\t\t\t\t<\/div>\n\t\t\t\t\t<\/div>\n\t\t\t\t<\/div>\n\t\t<div class=\"elementor-element elementor-element-2204563d e-flex e-con-boxed e-con e-parent\" data-id=\"2204563d\" data-element_type=\"container\" data-e-type=\"container\">\n\t\t\t\t\t<div class=\"e-con-inner\">\n\t\t\t\t<div class=\"elementor-element elementor-element-1f7b7d32 elementor-widget elementor-widget-gallery\" data-id=\"1f7b7d32\" data-element_type=\"widget\" data-e-type=\"widget\" data-settings=\"{&quot;columns&quot;:2,&quot;lazyload&quot;:&quot;yes&quot;,&quot;gallery_layout&quot;:&quot;grid&quot;,&quot;columns_tablet&quot;:2,&quot;columns_mobile&quot;:1,&quot;gap&quot;:{&quot;unit&quot;:&quot;px&quot;,&quot;size&quot;:10,&quot;sizes&quot;:[]},&quot;gap_tablet&quot;:{&quot;unit&quot;:&quot;px&quot;,&quot;size&quot;:10,&quot;sizes&quot;:[]},&quot;gap_mobile&quot;:{&quot;unit&quot;:&quot;px&quot;,&quot;size&quot;:10,&quot;sizes&quot;:[]},&quot;link_to&quot;:&quot;file&quot;,&quot;aspect_ratio&quot;:&quot;3:2&quot;,&quot;overlay_background&quot;:&quot;yes&quot;,&quot;content_hover_animation&quot;:&quot;fade-in&quot;}\" data-widget_type=\"gallery.default\">\n\t\t\t\t<div class=\"elementor-widget-container\">\n\t\t\t\t\t\t\t<div class=\"elementor-gallery__container\">\n\t\t\t\t\t\t\t<a class=\"e-gallery-item elementor-gallery-item elementor-animated-content\" href=\"https:\/\/bucurestizoo.ro\/wp-content\/uploads\/2025\/03\/broasca-dungata-galben-dt_1-Large.jpeg\" data-elementor-open-lightbox=\"yes\" data-elementor-lightbox-slideshow=\"1f7b7d32\" data-elementor-lightbox-title=\"broasca dungata galben dt_1 Large\" data-e-action-hash=\"#elementor-action%3Aaction%3Dlightbox%26settings%3DeyJpZCI6MTQxNzEsInVybCI6Imh0dHBzOlwvXC9idWN1cmVzdGl6b28ucm9cL3dwLWNvbnRlbnRcL3VwbG9hZHNcLzIwMjVcLzAzXC9icm9hc2NhLWR1bmdhdGEtZ2FsYmVuLWR0XzEtTGFyZ2UuanBlZyIsInNsaWRlc2hvdyI6IjFmN2I3ZDMyIn0%3D\">\n\t\t\t\t\t<div class=\"e-gallery-image elementor-gallery-item__image\" data-thumbnail=\"https:\/\/bucurestizoo.ro\/wp-content\/uploads\/2025\/03\/broasca-dungata-galben-dt_1-Large-1024x682.jpeg\" data-width=\"847\" data-height=\"564\" aria-label=\"\" role=\"img\" ><\/div>\n\t\t\t\t\t\t\t\t\t\t\t<div class=\"elementor-gallery-item__overlay\"><\/div>\n\t\t\t\t\t\t\t\t\t\t\t\t\t\t<\/a>\n\t\t\t\t\t\t\t<a class=\"e-gallery-item elementor-gallery-item elementor-animated-content\" href=\"https:\/\/bucurestizoo.ro\/wp-content\/uploads\/2025\/03\/broasca-dungata-galben-dt_3-Large.jpeg\" data-elementor-open-lightbox=\"yes\" data-elementor-lightbox-slideshow=\"1f7b7d32\" data-elementor-lightbox-title=\"broasca dungata galben dt_3 Large\" data-e-action-hash=\"#elementor-action%3Aaction%3Dlightbox%26settings%3DeyJpZCI6MTQxNzAsInVybCI6Imh0dHBzOlwvXC9idWN1cmVzdGl6b28ucm9cL3dwLWNvbnRlbnRcL3VwbG9hZHNcLzIwMjVcLzAzXC9icm9hc2NhLWR1bmdhdGEtZ2FsYmVuLWR0XzMtTGFyZ2UuanBlZyIsInNsaWRlc2hvdyI6IjFmN2I3ZDMyIn0%3D\">\n\t\t\t\t\t<div class=\"e-gallery-image elementor-gallery-item__image\" data-thumbnail=\"https:\/\/bucurestizoo.ro\/wp-content\/uploads\/2025\/03\/broasca-dungata-galben-dt_3-Large-1024x682.jpeg\" data-width=\"847\" data-height=\"564\" aria-label=\"\" role=\"img\" ><\/div>\n\t\t\t\t\t\t\t\t\t\t\t<div class=\"elementor-gallery-item__overlay\"><\/div>\n\t\t\t\t\t\t\t\t\t\t\t\t\t\t<\/a>\n\t\t\t\t\t<\/div>\n\t\t\t\t\t<\/div>\n\t\t\t\t<\/div>\n\t\t\t\t\t<\/div>\n\t\t\t\t<\/div>\n\t\t<div class=\"elementor-element elementor-element-433ace80 animated-slow e-flex e-con-boxed elementor-invisible e-con e-parent\" data-id=\"433ace80\" data-element_type=\"container\" data-e-type=\"container\" data-settings=\"{&quot;animation&quot;:&quot;fadeInRight&quot;}\">\n\t\t\t\t\t<div class=\"e-con-inner\">\n\t\t\t\t<div class=\"elementor-element elementor-element-1b195aab elementor-widget elementor-widget-heading\" data-id=\"1b195aab\" data-element_type=\"widget\" data-e-type=\"widget\" data-widget_type=\"heading.default\">\n\t\t\t\t<div class=\"elementor-widget-container\">\n\t\t\t\t\t<h1 class=\"elementor-heading-title elementor-size-default\">Habitat:<\/h1>\t\t\t\t<\/div>\n\t\t\t\t<\/div>\n\t\t\t\t<div class=\"elementor-element elementor-element-6376a6a6 elementor-widget elementor-widget-text-editor\" data-id=\"6376a6a6\" data-element_type=\"widget\" data-e-type=\"widget\" data-widget_type=\"text-editor.default\">\n\t\t\t\t<div class=\"elementor-widget-container\">\n\t\t\t\t\t\t\t\t\t<p>Tr\u0103ie\u0219te \u00een p\u0103durile tropicale umede.<\/p>\t\t\t\t\t\t\t\t<\/div>\n\t\t\t\t<\/div>\n\t\t\t\t\t<\/div>\n\t\t\t\t<\/div>\n\t\t<div class=\"elementor-element elementor-element-37b90330 e-grid e-con-boxed e-con e-parent\" data-id=\"37b90330\" data-element_type=\"container\" data-e-type=\"container\">\n\t\t\t\t\t<div class=\"e-con-inner\">\n\t\t<div class=\"elementor-element elementor-element-3a4a55c0 e-con-full animated-slow e-flex elementor-invisible e-con e-child\" data-id=\"3a4a55c0\" data-element_type=\"container\" data-e-type=\"container\" data-settings=\"{&quot;animation&quot;:&quot;fadeInLeft&quot;}\">\n\t\t\t\t<div class=\"elementor-element elementor-element-1726ce8e elementor-widget elementor-widget-heading\" data-id=\"1726ce8e\" data-element_type=\"widget\" data-e-type=\"widget\" data-widget_type=\"heading.default\">\n\t\t\t\t<div class=\"elementor-widget-container\">\n\t\t\t\t\t<h1 class=\"elementor-heading-title elementor-size-default\">Hran\u0103:<\/h1>\t\t\t\t<\/div>\n\t\t\t\t<\/div>\n\t\t\t\t<div class=\"elementor-element elementor-element-6cf9aa16 elementor-widget elementor-widget-text-editor\" data-id=\"6cf9aa16\" data-element_type=\"widget\" data-e-type=\"widget\" data-widget_type=\"text-editor.default\">\n\t\t\t\t<div class=\"elementor-widget-container\">\n\t\t\t\t\t\t\t\t\t<p>M\u0103n\u00e2nc\u0103 furnici, termite, g\u00e2ndaci \u0219i alte insecte mici.<\/p>\t\t\t\t\t\t\t\t<\/div>\n\t\t\t\t<\/div>\n\t\t\t\t<\/div>\n\t\t<div class=\"elementor-element elementor-element-785bb9b2 e-con-full animated-slow e-flex elementor-invisible e-con e-child\" data-id=\"785bb9b2\" data-element_type=\"container\" data-e-type=\"container\" data-settings=\"{&quot;animation&quot;:&quot;fadeInRight&quot;}\">\n\t\t\t\t<div class=\"elementor-element elementor-element-2f2c94b9 elementor-widget elementor-widget-heading\" data-id=\"2f2c94b9\" data-element_type=\"widget\" data-e-type=\"widget\" data-widget_type=\"heading.default\">\n\t\t\t\t<div class=\"elementor-widget-container\">\n\t\t\t\t\t<h1 class=\"elementor-heading-title elementor-size-default\">Conservare:<\/h1>\t\t\t\t<\/div>\n\t\t\t\t<\/div>\n\t\t\t\t<div class=\"elementor-element elementor-element-ce6b0de elementor-widget elementor-widget-text-editor\" data-id=\"ce6b0de\" data-element_type=\"widget\" data-e-type=\"widget\" data-widget_type=\"text-editor.default\">\n\t\t\t\t<div class=\"elementor-widget-container\">\n\t\t\t\t\t\t\t\t\t<p>Vulnerabil\u0103 din cauza pierderii habitatului.<\/p>\t\t\t\t\t\t\t\t<\/div>\n\t\t\t\t<\/div>\n\t\t\t\t<\/div>\n\t\t\t\t\t<\/div>\n\t\t\t\t<\/div>\n\t\t\t\t<\/div>","protected":false},"excerpt":{"rendered":"<p>Broasca Dungat\u0103 Galben\u0103 Denumire \u0219tiin\u021bific\u0103: Dendrobates leucomelasOrdin: AnuraFamilie: DendrobatidaeGen: DendrobatesSpecie: Dendrobates leucomelasDistribu\u021bie geografic\u0103: America de Sud: Venezuela, Guyana, BraziliaDimensiuni \u0219i greutate: Lungime: 3-5 cm, Greutate: 3-5 gPerioada de reproducere: Icrele sunt depuse \u00een apa stagnant\u0103, iar mormolocii se transform\u0103 \u00een broa\u0219te \u00een 6-8 s\u0103pt\u0103m\u00e2niSperan\u021ba de via\u021b\u0103: 5-10 ani \u00een s\u0103lb\u0103ticie, p\u00e2n\u0103 la 20 de ani &hellip; <a href=\"https:\/\/bucurestizoo.ro\/en\/broasca-dungata-galbena\/\" class=\"more-link\">Continue reading <span class=\"screen-reader-text\">Broasca Dungat\u0103 Galben\u0103<\/span><\/a><\/p>","protected":false},"author":1,"featured_media":0,"parent":0,"menu_order":0,"comment_status":"closed","ping_status":"closed","template":"","meta":{"_monsterinsights_skip_tracking":false,"_monsterinsights_sitenote_active":false,"_monsterinsights_sitenote_note":"","_monsterinsights_sitenote_category":0,"footnotes":""},"class_list":["post-14175","page","type-page","status-publish","hentry"],"aioseo_notices":[],"_links":{"self":[{"href":"https:\/\/bucurestizoo.ro\/en\/wp-json\/wp\/v2\/pages\/14175","targetHints":{"allow":["GET"]}}],"collection":[{"href":"https:\/\/bucurestizoo.ro\/en\/wp-json\/wp\/v2\/pages"}],"about":[{"href":"https:\/\/bucurestizoo.ro\/en\/wp-json\/wp\/v2\/types\/page"}],"author":[{"embeddable":true,"href":"https:\/\/bucurestizoo.ro\/en\/wp-json\/wp\/v2\/users\/1"}],"replies":[{"embeddable":true,"href":"https:\/\/bucurestizoo.ro\/en\/wp-json\/wp\/v2\/comments?post=14175"}],"version-history":[{"count":4,"href":"https:\/\/bucurestizoo.ro\/en\/wp-json\/wp\/v2\/pages\/14175\/revisions"}],"predecessor-version":[{"id":14180,"href":"https:\/\/bucurestizoo.ro\/en\/wp-json\/wp\/v2\/pages\/14175\/revisions\/14180"}],"wp:attachment":[{"href":"https:\/\/bucurestizoo.ro\/en\/wp-json\/wp\/v2\/media?parent=14175"}],"curies":[{"name":"wp","href":"https:\/\/api.w.org\/{rel}","templated":true}]}}