{"id":14145,"date":"2025-03-29T16:49:11","date_gmt":"2025-03-29T14:49:11","guid":{"rendered":"https:\/\/n1.bucurestizoo.ro\/?page_id=14145"},"modified":"2025-03-29T16:52:47","modified_gmt":"2025-03-29T14:52:47","slug":"anemone","status":"publish","type":"page","link":"https:\/\/bucurestizoo.ro\/en\/anemone\/","title":{"rendered":"Anemone"},"content":{"rendered":"<div data-elementor-type=\"wp-page\" data-elementor-id=\"14145\" class=\"elementor elementor-14145\" data-elementor-post-type=\"page\">\n\t\t\t\t<div class=\"elementor-element elementor-element-1bd7879 e-flex e-con-boxed e-con e-parent\" data-id=\"1bd7879\" data-element_type=\"container\" data-e-type=\"container\" data-settings=\"{&quot;background_background&quot;:&quot;classic&quot;}\">\n\t\t\t\t\t<div class=\"e-con-inner\">\n\t\t<div class=\"elementor-element elementor-element-463cd10e e-con-full e-flex e-con e-child\" data-id=\"463cd10e\" data-element_type=\"container\" data-e-type=\"container\">\n\t\t<div class=\"elementor-element elementor-element-14cdaa0f e-con-full animated-slow e-flex elementor-invisible e-con e-child\" data-id=\"14cdaa0f\" data-element_type=\"container\" data-e-type=\"container\" data-settings=\"{&quot;animation&quot;:&quot;fadeInLeft&quot;}\">\n\t\t\t\t<div class=\"elementor-element elementor-element-358ba250 elementor-widget elementor-widget-heading\" data-id=\"358ba250\" data-element_type=\"widget\" data-e-type=\"widget\" data-widget_type=\"heading.default\">\n\t\t\t\t<div class=\"elementor-widget-container\">\n\t\t\t\t\t<h1 class=\"elementor-heading-title elementor-size-default\">Anemon\u0103 de mare<\/h1>\t\t\t\t<\/div>\n\t\t\t\t<\/div>\n\t\t\t\t<div class=\"elementor-element elementor-element-20b5ec8e elementor-widget elementor-widget-text-editor\" data-id=\"20b5ec8e\" data-element_type=\"widget\" data-e-type=\"widget\" data-widget_type=\"text-editor.default\">\n\t\t\t\t<div class=\"elementor-widget-container\">\n\t\t\t\t\t\t\t\t\t<p><strong>Denumire \u0219tiin\u021bific\u0103:<\/strong> Anemonia viridis<br \/><strong>Ordin:<\/strong> Actiniaria<br \/><strong>Familie:<\/strong> Actiniidae<br \/><strong>Gen:<\/strong> Anemonia<br \/><strong>Specie:<\/strong> Anemonia viridis<br \/><strong>Distribu\u021bie geografic\u0103:<\/strong> M\u0103rile Mediteran\u0103 \u0219i Nord-Estul Atlanticului, inclusiv coastele Europei \u0219i Africii de Nord<br \/><strong>Dimensiuni \u0219i greutate:<\/strong> Diametru: 10-20 cm, Tentacule: 150-200, lungi de p\u00e2n\u0103 la 20 cm<br \/><strong>Perioada de reproducere:<\/strong> Se reproduce at\u00e2t sexuat, prin eliberarea ovulelor \u0219i spermatozoizilor \u00een ap\u0103, c\u00e2t \u0219i asexuat, prin fisiune<br \/><strong>Speran\u021b\u0103 de via\u021b\u0103:<\/strong> Poate tr\u0103i zeci de ani \u00een s\u0103lb\u0103ticie<\/p>\t\t\t\t\t\t\t\t<\/div>\n\t\t\t\t<\/div>\n\t\t\t\t<\/div>\n\t\t\t\t<div class=\"elementor-element elementor-element-1e359522 elementor-widget-tablet__width-inherit animated-slow elementor-invisible elementor-widget elementor-widget-image\" data-id=\"1e359522\" data-element_type=\"widget\" data-e-type=\"widget\" data-settings=\"{&quot;_animation&quot;:&quot;fadeInRight&quot;}\" data-widget_type=\"image.default\">\n\t\t\t\t<div class=\"elementor-widget-container\">\n\t\t\t\t\t\t\t\t\t\t\t\t\t\t\t<img fetchpriority=\"high\" decoding=\"async\" width=\"847\" height=\"564\" src=\"https:\/\/bucurestizoo.ro\/wp-content\/uploads\/2025\/03\/Anemona-de-mare-dt_1-Large-1024x682.jpeg\" class=\"attachment-large size-large wp-image-14142\" alt=\"\" srcset=\"https:\/\/bucurestizoo.ro\/wp-content\/uploads\/2025\/03\/Anemona-de-mare-dt_1-Large-1024x682.jpeg 1024w, https:\/\/bucurestizoo.ro\/wp-content\/uploads\/2025\/03\/Anemona-de-mare-dt_1-Large-300x200.jpeg 300w, https:\/\/bucurestizoo.ro\/wp-content\/uploads\/2025\/03\/Anemona-de-mare-dt_1-Large-768x512.jpeg 768w, https:\/\/bucurestizoo.ro\/wp-content\/uploads\/2025\/03\/Anemona-de-mare-dt_1-Large-450x300.jpeg 450w, https:\/\/bucurestizoo.ro\/wp-content\/uploads\/2025\/03\/Anemona-de-mare-dt_1-Large-650x433.jpeg 650w, https:\/\/bucurestizoo.ro\/wp-content\/uploads\/2025\/03\/Anemona-de-mare-dt_1-Large.jpeg 1280w\" sizes=\"(max-width: 847px) 100vw, 847px\" data-id=\"14142\" \/>\t\t\t\t\t\t\t\t\t\t\t\t\t\t\t<\/div>\n\t\t\t\t<\/div>\n\t\t\t\t<\/div>\n\t\t\t\t\t<\/div>\n\t\t\t\t<\/div>\n\t\t<div class=\"elementor-element elementor-element-5ed3dd78 animated-slow e-flex e-con-boxed elementor-invisible e-con e-parent\" data-id=\"5ed3dd78\" data-element_type=\"container\" data-e-type=\"container\" data-settings=\"{&quot;animation&quot;:&quot;fadeInLeft&quot;}\">\n\t\t\t\t\t<div class=\"e-con-inner\">\n\t\t\t\t<div class=\"elementor-element elementor-element-5ad4a6ac elementor-widget elementor-widget-heading\" data-id=\"5ad4a6ac\" data-element_type=\"widget\" data-e-type=\"widget\" data-widget_type=\"heading.default\">\n\t\t\t\t<div class=\"elementor-widget-container\">\n\t\t\t\t\t<h1 class=\"elementor-heading-title elementor-size-default\">General:<\/h1>\t\t\t\t<\/div>\n\t\t\t\t<\/div>\n\t\t\t\t<div class=\"elementor-element elementor-element-2cdfd4ba elementor-widget elementor-widget-text-editor\" data-id=\"2cdfd4ba\" data-element_type=\"widget\" data-e-type=\"widget\" data-widget_type=\"text-editor.default\">\n\t\t\t\t<div class=\"elementor-widget-container\">\n\t\t\t\t\t\t\t\t\t<p>Are un colorit variabil, de la verde aprins la maro sau roz, datorit\u0103 algelor simbiotice (zooxanthellae) din \u021besuturile sale.\u00a0\u00a0<\/p><p>Folose\u0219te tentaculele echipate cu nematociste (celule urticante) pentru a paraliza prada.\u00a0\u00a0<\/p><p>Se hr\u0103ne\u0219te prinz\u00e2nd mici pe\u0219ti, crustacee \u0219i plancton.<\/p><p>Are o rela\u021bie simbiotic\u0103 cu unele specii de pe\u0219ti, cum ar fi pe\u0219tii clovn, care sunt imuni la \u00een\u021bep\u0103turile sale.<\/p><p>De\u0219i pare o plant\u0103, este un animal carnivor.<\/p><p>Se poate retrage \u0219i \u00eenchide complet c\u00e2nd se simte amenin\u021bat\u0103.<\/p><p>Dac\u0103 este separat\u0103 \u00een dou\u0103, fiecare jum\u0103tate poate regenera un nou individ.<\/p>\t\t\t\t\t\t\t\t<\/div>\n\t\t\t\t<\/div>\n\t\t\t\t\t<\/div>\n\t\t\t\t<\/div>\n\t\t<div class=\"elementor-element elementor-element-58f5427c e-flex e-con-boxed e-con e-parent\" data-id=\"58f5427c\" data-element_type=\"container\" data-e-type=\"container\">\n\t\t\t\t\t<div class=\"e-con-inner\">\n\t\t\t\t<div class=\"elementor-element elementor-element-d21fc5c elementor-widget elementor-widget-gallery\" data-id=\"d21fc5c\" data-element_type=\"widget\" data-e-type=\"widget\" data-settings=\"{&quot;columns&quot;:2,&quot;lazyload&quot;:&quot;yes&quot;,&quot;gallery_layout&quot;:&quot;grid&quot;,&quot;columns_tablet&quot;:2,&quot;columns_mobile&quot;:1,&quot;gap&quot;:{&quot;unit&quot;:&quot;px&quot;,&quot;size&quot;:10,&quot;sizes&quot;:[]},&quot;gap_tablet&quot;:{&quot;unit&quot;:&quot;px&quot;,&quot;size&quot;:10,&quot;sizes&quot;:[]},&quot;gap_mobile&quot;:{&quot;unit&quot;:&quot;px&quot;,&quot;size&quot;:10,&quot;sizes&quot;:[]},&quot;link_to&quot;:&quot;file&quot;,&quot;aspect_ratio&quot;:&quot;3:2&quot;,&quot;overlay_background&quot;:&quot;yes&quot;,&quot;content_hover_animation&quot;:&quot;fade-in&quot;}\" data-widget_type=\"gallery.default\">\n\t\t\t\t<div class=\"elementor-widget-container\">\n\t\t\t\t\t\t\t<div class=\"elementor-gallery__container\">\n\t\t\t\t\t\t\t<a class=\"e-gallery-item elementor-gallery-item elementor-animated-content\" href=\"https:\/\/bucurestizoo.ro\/wp-content\/uploads\/2025\/03\/Anemona-de-mare-dt_2-Large.jpeg\" data-elementor-open-lightbox=\"yes\" data-elementor-lightbox-slideshow=\"d21fc5c\" data-elementor-lightbox-title=\"Anemona\u0306 de mare dt_2 Large\" data-e-action-hash=\"#elementor-action%3Aaction%3Dlightbox%26settings%3DeyJpZCI6MTQxNDMsInVybCI6Imh0dHBzOlwvXC9idWN1cmVzdGl6b28ucm9cL3dwLWNvbnRlbnRcL3VwbG9hZHNcLzIwMjVcLzAzXC9BbmVtb25hLWRlLW1hcmUtZHRfMi1MYXJnZS5qcGVnIiwic2xpZGVzaG93IjoiZDIxZmM1YyJ9\">\n\t\t\t\t\t<div class=\"e-gallery-image elementor-gallery-item__image\" data-thumbnail=\"https:\/\/bucurestizoo.ro\/wp-content\/uploads\/2025\/03\/Anemona-de-mare-dt_2-Large-1024x768.jpeg\" data-width=\"847\" data-height=\"635\" aria-label=\"\" role=\"img\" ><\/div>\n\t\t\t\t\t\t\t\t\t\t\t<div class=\"elementor-gallery-item__overlay\"><\/div>\n\t\t\t\t\t\t\t\t\t\t\t\t\t\t<\/a>\n\t\t\t\t\t\t\t<a class=\"e-gallery-item elementor-gallery-item elementor-animated-content\" href=\"https:\/\/bucurestizoo.ro\/wp-content\/uploads\/2025\/03\/Anemona-de-mare-dt_3-Large.jpeg\" data-elementor-open-lightbox=\"yes\" data-elementor-lightbox-slideshow=\"d21fc5c\" data-elementor-lightbox-title=\"Anemona\u0306 de mare dt_3 Large\" data-e-action-hash=\"#elementor-action%3Aaction%3Dlightbox%26settings%3DeyJpZCI6MTQxNDQsInVybCI6Imh0dHBzOlwvXC9idWN1cmVzdGl6b28ucm9cL3dwLWNvbnRlbnRcL3VwbG9hZHNcLzIwMjVcLzAzXC9BbmVtb25hLWRlLW1hcmUtZHRfMy1MYXJnZS5qcGVnIiwic2xpZGVzaG93IjoiZDIxZmM1YyJ9\">\n\t\t\t\t\t<div class=\"e-gallery-image elementor-gallery-item__image\" data-thumbnail=\"https:\/\/bucurestizoo.ro\/wp-content\/uploads\/2025\/03\/Anemona-de-mare-dt_3-Large-1024x768.jpeg\" data-width=\"847\" data-height=\"635\" aria-label=\"\" role=\"img\" ><\/div>\n\t\t\t\t\t\t\t\t\t\t\t<div class=\"elementor-gallery-item__overlay\"><\/div>\n\t\t\t\t\t\t\t\t\t\t\t\t\t\t<\/a>\n\t\t\t\t\t<\/div>\n\t\t\t\t\t<\/div>\n\t\t\t\t<\/div>\n\t\t\t\t\t<\/div>\n\t\t\t\t<\/div>\n\t\t<div class=\"elementor-element elementor-element-5443fb77 animated-slow e-flex e-con-boxed elementor-invisible e-con e-parent\" data-id=\"5443fb77\" data-element_type=\"container\" data-e-type=\"container\" data-settings=\"{&quot;animation&quot;:&quot;fadeInRight&quot;}\">\n\t\t\t\t\t<div class=\"e-con-inner\">\n\t\t\t\t<div class=\"elementor-element elementor-element-14529646 elementor-widget elementor-widget-heading\" data-id=\"14529646\" data-element_type=\"widget\" data-e-type=\"widget\" data-widget_type=\"heading.default\">\n\t\t\t\t<div class=\"elementor-widget-container\">\n\t\t\t\t\t<h1 class=\"elementor-heading-title elementor-size-default\">Habitat:<\/h1>\t\t\t\t<\/div>\n\t\t\t\t<\/div>\n\t\t\t\t<div class=\"elementor-element elementor-element-474396a1 elementor-widget elementor-widget-text-editor\" data-id=\"474396a1\" data-element_type=\"widget\" data-e-type=\"widget\" data-widget_type=\"text-editor.default\">\n\t\t\t\t<div class=\"elementor-widget-container\">\n\t\t\t\t\t\t\t\t\t<p>Se fixeaz\u0103 de st\u00e2nci \u0219i substraturi solide \u00een ape pu\u021bin ad\u00e2nci, cu curen\u021bi modera\u021bi.<\/p><p>Prefer\u0103 ape calde, bine oxigenate \u0219i cu mult\u0103 lumin\u0103.<\/p>\t\t\t\t\t\t\t\t<\/div>\n\t\t\t\t<\/div>\n\t\t\t\t\t<\/div>\n\t\t\t\t<\/div>\n\t\t<div class=\"elementor-element elementor-element-48902fb3 e-grid e-con-boxed e-con e-parent\" data-id=\"48902fb3\" data-element_type=\"container\" data-e-type=\"container\">\n\t\t\t\t\t<div class=\"e-con-inner\">\n\t\t<div class=\"elementor-element elementor-element-1217e358 e-con-full animated-slow e-flex elementor-invisible e-con e-child\" data-id=\"1217e358\" data-element_type=\"container\" data-e-type=\"container\" data-settings=\"{&quot;animation&quot;:&quot;fadeInLeft&quot;}\">\n\t\t\t\t<div class=\"elementor-element elementor-element-570c38dd elementor-widget elementor-widget-heading\" data-id=\"570c38dd\" data-element_type=\"widget\" data-e-type=\"widget\" data-widget_type=\"heading.default\">\n\t\t\t\t<div class=\"elementor-widget-container\">\n\t\t\t\t\t<h1 class=\"elementor-heading-title elementor-size-default\">Hran\u0103:<\/h1>\t\t\t\t<\/div>\n\t\t\t\t<\/div>\n\t\t\t\t<div class=\"elementor-element elementor-element-4909eb87 elementor-widget elementor-widget-text-editor\" data-id=\"4909eb87\" data-element_type=\"widget\" data-e-type=\"widget\" data-widget_type=\"text-editor.default\">\n\t\t\t\t<div class=\"elementor-widget-container\">\n\t\t\t\t\t\t\t\t\t<p>\u00a0Zooplancton, crustacee mici, pe\u0219ti.<\/p><p>\u00a0\u00ce\u0219i capteaz\u0103 prada cu tentaculele, o paralizeaz\u0103 \u0219i o introduce \u00een gura central\u0103.<\/p>\t\t\t\t\t\t\t\t<\/div>\n\t\t\t\t<\/div>\n\t\t\t\t<\/div>\n\t\t<div class=\"elementor-element elementor-element-12b8e2cb e-con-full animated-slow e-flex elementor-invisible e-con e-child\" data-id=\"12b8e2cb\" data-element_type=\"container\" data-e-type=\"container\" data-settings=\"{&quot;animation&quot;:&quot;fadeInRight&quot;}\">\n\t\t\t\t<div class=\"elementor-element elementor-element-267ace37 elementor-widget elementor-widget-heading\" data-id=\"267ace37\" data-element_type=\"widget\" data-e-type=\"widget\" data-widget_type=\"heading.default\">\n\t\t\t\t<div class=\"elementor-widget-container\">\n\t\t\t\t\t<h1 class=\"elementor-heading-title elementor-size-default\">Conservare:<\/h1>\t\t\t\t<\/div>\n\t\t\t\t<\/div>\n\t\t\t\t<div class=\"elementor-element elementor-element-58a90518 elementor-widget elementor-widget-text-editor\" data-id=\"58a90518\" data-element_type=\"widget\" data-e-type=\"widget\" data-widget_type=\"text-editor.default\">\n\t\t\t\t<div class=\"elementor-widget-container\">\n\t\t\t\t\t\t\t\t\t<p>Specie neamenin\u021bat\u0103, dar este afectat\u0103 de schimb\u0103rile climatice \u0219i poluare.<\/p>\t\t\t\t\t\t\t\t<\/div>\n\t\t\t\t<\/div>\n\t\t\t\t<\/div>\n\t\t\t\t\t<\/div>\n\t\t\t\t<\/div>\n\t\t\t\t<\/div>","protected":false},"excerpt":{"rendered":"<p>Anemon\u0103 de mare Denumire \u0219tiin\u021bific\u0103: Anemonia viridisOrdin: ActiniariaFamilie: ActiniidaeGen: AnemoniaSpecie: Anemonia viridisDistribu\u021bie geografic\u0103: M\u0103rile Mediteran\u0103 \u0219i Nord-Estul Atlanticului, inclusiv coastele Europei \u0219i Africii de NordDimensiuni \u0219i greutate: Diametru: 10-20 cm, Tentacule: 150-200, lungi de p\u00e2n\u0103 la 20 cmPerioada de reproducere: Se reproduce at\u00e2t sexuat, prin eliberarea ovulelor \u0219i spermatozoizilor \u00een ap\u0103, c\u00e2t \u0219i asexuat, prin &hellip; <a href=\"https:\/\/bucurestizoo.ro\/en\/anemone\/\" class=\"more-link\">Continue reading <span class=\"screen-reader-text\">Anemone<\/span><\/a><\/p>","protected":false},"author":1,"featured_media":0,"parent":0,"menu_order":0,"comment_status":"closed","ping_status":"closed","template":"","meta":{"_monsterinsights_skip_tracking":false,"_monsterinsights_sitenote_active":false,"_monsterinsights_sitenote_note":"","_monsterinsights_sitenote_category":0,"footnotes":""},"class_list":["post-14145","page","type-page","status-publish","hentry"],"aioseo_notices":[],"_links":{"self":[{"href":"https:\/\/bucurestizoo.ro\/en\/wp-json\/wp\/v2\/pages\/14145","targetHints":{"allow":["GET"]}}],"collection":[{"href":"https:\/\/bucurestizoo.ro\/en\/wp-json\/wp\/v2\/pages"}],"about":[{"href":"https:\/\/bucurestizoo.ro\/en\/wp-json\/wp\/v2\/types\/page"}],"author":[{"embeddable":true,"href":"https:\/\/bucurestizoo.ro\/en\/wp-json\/wp\/v2\/users\/1"}],"replies":[{"embeddable":true,"href":"https:\/\/bucurestizoo.ro\/en\/wp-json\/wp\/v2\/comments?post=14145"}],"version-history":[{"count":4,"href":"https:\/\/bucurestizoo.ro\/en\/wp-json\/wp\/v2\/pages\/14145\/revisions"}],"predecessor-version":[{"id":14150,"href":"https:\/\/bucurestizoo.ro\/en\/wp-json\/wp\/v2\/pages\/14145\/revisions\/14150"}],"wp:attachment":[{"href":"https:\/\/bucurestizoo.ro\/en\/wp-json\/wp\/v2\/media?parent=14145"}],"curies":[{"name":"wp","href":"https:\/\/api.w.org\/{rel}","templated":true}]}}