{"id":14075,"date":"2025-03-25T13:52:07","date_gmt":"2025-03-25T11:52:07","guid":{"rendered":"https:\/\/n1.bucurestizoo.ro\/?page_id=14075"},"modified":"2025-04-07T08:36:11","modified_gmt":"2025-04-07T06:36:11","slug":"misiune","status":"publish","type":"page","link":"https:\/\/bucurestizoo.ro\/en\/misiune\/","title":{"rendered":"Mission and Vision"},"content":{"rendered":"<div data-elementor-type=\"wp-page\" data-elementor-id=\"14075\" class=\"elementor elementor-14075\" data-elementor-post-type=\"page\">\n\t\t\t\t<div class=\"elementor-element elementor-element-6c86dc4 e-flex e-con-boxed e-con e-parent\" data-id=\"6c86dc4\" data-element_type=\"container\" data-e-type=\"container\">\n\t\t\t\t\t<div class=\"e-con-inner\">\n\t\t\t\t<div class=\"elementor-element elementor-element-91c0b47 elementor-widget elementor-widget-text-editor\" data-id=\"91c0b47\" data-element_type=\"widget\" data-e-type=\"widget\" data-widget_type=\"text-editor.default\">\n\t\t\t\t<div class=\"elementor-widget-container\">\n\t\t\t\t\t\t\t\t\t<p><strong>Our Mission<\/strong><\/p><p>Bucharest Zoo is committed to providing an immersive sensory and recreational experience that upholds excellence in wildlife education and conservation efforts. Our goal is to inspire both present and future generations to understand, appreciate, and protect the delicate interdependence between all living beings and the environment.<\/p><p>\u00a0<\/p><p><strong>Our Vision <\/strong><\/p><p>Our long-term vision reflects both our collective belief and our forward-looking aspirations \u2014 a world in which humanity values, protects, and preserves the rich diversity of life on Earth. <em>Viziunea noastr\u0103 este aceea a unei lumi \u00een care omenirea pre\u021buie\u0219te, protejeaz\u0103 \u0219i conserv\u0103 diversitatea de specii de pe Terra.<\/em><\/p>\t\t\t\t\t\t\t\t<\/div>\n\t\t\t\t<\/div>\n\t\t\t\t\t<\/div>\n\t\t\t\t<\/div>\n\t\t<div class=\"elementor-element elementor-element-25768a9 e-flex e-con-boxed e-con e-parent\" data-id=\"25768a9\" data-element_type=\"container\" data-e-type=\"container\">\n\t\t\t\t\t<div class=\"e-con-inner\">\n\t\t\t\t\t<\/div>\n\t\t\t\t<\/div>\n\t\t<div class=\"elementor-element elementor-element-ed64a98 e-flex e-con-boxed e-con e-parent\" data-id=\"ed64a98\" data-element_type=\"container\" data-e-type=\"container\">\n\t\t\t\t\t<div class=\"e-con-inner\">\n\t\t\t\t\t<\/div>\n\t\t\t\t<\/div>\n\t\t\t\t<\/div>","protected":false},"excerpt":{"rendered":"<p>Misiunea Zoo Bucure\u0219ti se angajeaz\u0103 s\u0103 asigure o experien\u021b\u0103 senzorial\u0103 \u0219i recrea\u021bional\u0103 extins\u0103, care s\u0103 perpetueze excelen\u021ba \u00een educa\u021bia legat\u0103 de via\u021ba \u00een s\u0103lb\u0103ticie \u0219i ac\u021biuni de conservare a acesteia, astfel \u00eenc\u00e2t genera\u021biile prezente \u0219i viitoare s\u0103 fie inspirate s\u0103 \u00een\u021beleag\u0103, s\u0103 aprecieze \u0219i s\u0103 protejeze interdependen\u021ba fragil\u0103 a tuturor vie\u021buitoarelor cu mediul. \u00a0 Viziunea &hellip; <a href=\"https:\/\/bucurestizoo.ro\/en\/misiune\/\" class=\"more-link\">Continue reading <span class=\"screen-reader-text\">Mission and Vision<\/span><\/a><\/p>","protected":false},"author":1,"featured_media":0,"parent":0,"menu_order":0,"comment_status":"closed","ping_status":"closed","template":"","meta":{"_monsterinsights_skip_tracking":false,"_monsterinsights_sitenote_active":false,"_monsterinsights_sitenote_note":"","_monsterinsights_sitenote_category":0,"footnotes":""},"class_list":["post-14075","page","type-page","status-publish","hentry"],"aioseo_notices":[],"_links":{"self":[{"href":"https:\/\/bucurestizoo.ro\/en\/wp-json\/wp\/v2\/pages\/14075","targetHints":{"allow":["GET"]}}],"collection":[{"href":"https:\/\/bucurestizoo.ro\/en\/wp-json\/wp\/v2\/pages"}],"about":[{"href":"https:\/\/bucurestizoo.ro\/en\/wp-json\/wp\/v2\/types\/page"}],"author":[{"embeddable":true,"href":"https:\/\/bucurestizoo.ro\/en\/wp-json\/wp\/v2\/users\/1"}],"replies":[{"embeddable":true,"href":"https:\/\/bucurestizoo.ro\/en\/wp-json\/wp\/v2\/comments?post=14075"}],"version-history":[{"count":25,"href":"https:\/\/bucurestizoo.ro\/en\/wp-json\/wp\/v2\/pages\/14075\/revisions"}],"predecessor-version":[{"id":15191,"href":"https:\/\/bucurestizoo.ro\/en\/wp-json\/wp\/v2\/pages\/14075\/revisions\/15191"}],"wp:attachment":[{"href":"https:\/\/bucurestizoo.ro\/en\/wp-json\/wp\/v2\/media?parent=14075"}],"curies":[{"name":"wp","href":"https:\/\/api.w.org\/{rel}","templated":true}]}}