{"id":13997,"date":"2025-03-16T21:11:50","date_gmt":"2025-03-16T19:11:50","guid":{"rendered":"https:\/\/n1.bucurestizoo.ro\/?page_id=13997"},"modified":"2025-03-16T21:28:29","modified_gmt":"2025-03-16T19:28:29","slug":"strut-nandu","status":"publish","type":"page","link":"https:\/\/bucurestizoo.ro\/en\/strut-nandu\/","title":{"rendered":"Stru\u021b Nandu"},"content":{"rendered":"<div data-elementor-type=\"wp-page\" data-elementor-id=\"13997\" class=\"elementor elementor-13997\" data-elementor-post-type=\"page\">\n\t\t\t\t<div class=\"elementor-element elementor-element-34636dc0 e-flex e-con-boxed e-con e-parent\" data-id=\"34636dc0\" data-element_type=\"container\" data-e-type=\"container\" data-settings=\"{&quot;background_background&quot;:&quot;classic&quot;}\">\n\t\t\t\t\t<div class=\"e-con-inner\">\n\t\t<div class=\"elementor-element elementor-element-659408e2 e-con-full e-flex e-con e-child\" data-id=\"659408e2\" data-element_type=\"container\" data-e-type=\"container\">\n\t\t<div class=\"elementor-element elementor-element-7c907ab8 e-con-full animated-slow e-flex elementor-invisible e-con e-child\" data-id=\"7c907ab8\" data-element_type=\"container\" data-e-type=\"container\" data-settings=\"{&quot;animation&quot;:&quot;fadeInLeft&quot;}\">\n\t\t\t\t<div class=\"elementor-element elementor-element-3ee07501 elementor-widget elementor-widget-heading\" data-id=\"3ee07501\" data-element_type=\"widget\" data-e-type=\"widget\" data-widget_type=\"heading.default\">\n\t\t\t\t<div class=\"elementor-widget-container\">\n\t\t\t\t\t<h1 class=\"elementor-heading-title elementor-size-default\">Stru\u021b Nandu<\/h1>\t\t\t\t<\/div>\n\t\t\t\t<\/div>\n\t\t\t\t<div class=\"elementor-element elementor-element-32c4af5b elementor-widget elementor-widget-text-editor\" data-id=\"32c4af5b\" data-element_type=\"widget\" data-e-type=\"widget\" data-widget_type=\"text-editor.default\">\n\t\t\t\t<div class=\"elementor-widget-container\">\n\t\t\t\t\t\t\t\t\t<p><strong>Denumire \u0219tiin\u021bific\u0103:<\/strong> Rhea americana<br \/><strong>Ordin:<\/strong> Rheiformes<br \/><strong>Familie:<\/strong> Rheidae<br \/><strong>Gen:<\/strong> Rhea<br \/><strong>Specie:<\/strong> Rhea americana<br \/><strong>Distribu\u021bie:<\/strong> America de Sud \u2013 Argentina, Brazilia, Bolivia, Paraguay \u0219i Uruguay<br \/><strong>Dimensiuni:<\/strong> 1,5\u20131,8 m \u00een\u0103l\u021bime<br \/><strong>Greutate:<\/strong> 20\u201340 kg<br \/><strong>Perioada de incuba\u021bie:<\/strong> 40\u201345 zile<br \/><strong>Num\u0103r de pui:<\/strong> 10\u201315 pui<br \/><strong>Speran\u021b\u0103 de via\u021b\u0103:<\/strong> 15-20 ani<\/p>\t\t\t\t\t\t\t\t<\/div>\n\t\t\t\t<\/div>\n\t\t\t\t<\/div>\n\t\t\t\t<div class=\"elementor-element elementor-element-59974316 elementor-widget-tablet__width-inherit animated-slow elementor-invisible elementor-widget elementor-widget-image\" data-id=\"59974316\" data-element_type=\"widget\" data-e-type=\"widget\" data-settings=\"{&quot;_animation&quot;:&quot;fadeInRight&quot;}\" data-widget_type=\"image.default\">\n\t\t\t\t<div class=\"elementor-widget-container\">\n\t\t\t\t\t\t\t\t\t\t\t\t\t\t\t<img fetchpriority=\"high\" decoding=\"async\" width=\"847\" height=\"566\" src=\"https:\/\/bucurestizoo.ro\/wp-content\/uploads\/2025\/03\/strut-nandu-dt_2-1024x684.jpg\" class=\"attachment-large size-large wp-image-14000\" alt=\"\" srcset=\"https:\/\/bucurestizoo.ro\/wp-content\/uploads\/2025\/03\/strut-nandu-dt_2-1024x684.jpg 1024w, https:\/\/bucurestizoo.ro\/wp-content\/uploads\/2025\/03\/strut-nandu-dt_2-300x200.jpg 300w, https:\/\/bucurestizoo.ro\/wp-content\/uploads\/2025\/03\/strut-nandu-dt_2-768x513.jpg 768w, https:\/\/bucurestizoo.ro\/wp-content\/uploads\/2025\/03\/strut-nandu-dt_2-1536x1026.jpg 1536w, https:\/\/bucurestizoo.ro\/wp-content\/uploads\/2025\/03\/strut-nandu-dt_2-2048x1368.jpg 2048w, https:\/\/bucurestizoo.ro\/wp-content\/uploads\/2025\/03\/strut-nandu-dt_2-449x300.jpg 449w, https:\/\/bucurestizoo.ro\/wp-content\/uploads\/2025\/03\/strut-nandu-dt_2-650x434.jpg 650w\" sizes=\"(max-width: 847px) 100vw, 847px\" data-id=\"14000\" \/>\t\t\t\t\t\t\t\t\t\t\t\t\t\t\t<\/div>\n\t\t\t\t<\/div>\n\t\t\t\t<\/div>\n\t\t\t\t\t<\/div>\n\t\t\t\t<\/div>\n\t\t<div class=\"elementor-element elementor-element-5e6161d2 animated-slow e-flex e-con-boxed elementor-invisible e-con e-parent\" data-id=\"5e6161d2\" data-element_type=\"container\" data-e-type=\"container\" data-settings=\"{&quot;animation&quot;:&quot;fadeInLeft&quot;}\">\n\t\t\t\t\t<div class=\"e-con-inner\">\n\t\t\t\t<div class=\"elementor-element elementor-element-665ec43e elementor-widget elementor-widget-heading\" data-id=\"665ec43e\" data-element_type=\"widget\" data-e-type=\"widget\" data-widget_type=\"heading.default\">\n\t\t\t\t<div class=\"elementor-widget-container\">\n\t\t\t\t\t<h1 class=\"elementor-heading-title elementor-size-default\">General:<\/h1>\t\t\t\t<\/div>\n\t\t\t\t<\/div>\n\t\t\t\t<div class=\"elementor-element elementor-element-1b233008 elementor-widget elementor-widget-text-editor\" data-id=\"1b233008\" data-element_type=\"widget\" data-e-type=\"widget\" data-widget_type=\"text-editor.default\">\n\t\t\t\t<div class=\"elementor-widget-container\">\n\t\t\t\t\t\t\t\t\t<p>Nandu\u00a0(<i>Rhea<\/i>) este un gen de\u00a0p\u0103s\u0103ri\u00a0alerg\u0103toare (nezbur\u0103toare), din familia\u00a0Rheidae, ordinul\u00a0Struthioniformes, asem\u0103n\u0103toare cu\u00a0stru\u021bul\u00a0african \u0219i australian. Sunt \u00eenalte de circa 150 cm, au picioare lungi cu trei degete \u0219i aripi relativ mici. Tr\u0103iesc \u00een\u00a0America de Sud. Masculii poligami clocesc ou\u0103le mai multor femele \u0219i \u00eengrijesc puii. Exist\u0103 dou\u0103 specii. Pasarile nandu (Rhea americana) sunt stru\u021bii din regiunile de est \u0219i sud-est ale Americii de Sud. Numele de Nandu este dat de indieni \u0219i se datoreaz\u0103 sunetului pe care \u00eel scoate masculul \u00een perioada de \u00eemperechere. Stru\u021bul Nandu este o pas\u0103re incapabil\u0103 s\u0103 zboare, av\u00e2nd pene gri-cenu\u0219ii \u0219i o constitu\u021bie robust\u0103. Are picioare puternice \u0219i este un alerg\u0103tor rapid, folosind viteza pentru a sc\u0103pa de pr\u0103d\u0103tori.<\/p><p>Au dimensiuni mai mici dec\u00e2t stru\u021bii africani \u0219i prezint\u0103 trei degete la picioare. Masculul \u0219i femela au penajul aproape la fel colorat. Singurele diferen\u021be constau \u00een faptul c\u0103 femela este mai mic\u0103 \u0219i are culorile pu\u021bin mai deschise. Aripile sunt prev\u0103zute cu pene lungi \u0219i moi care at\u00e2rn\u0103, au un rol de atrac\u021bie \u00een perioada de \u00eemperechere, dar \u0219i rol de u\u0219urare a alerg\u0103rii prin faptul c\u0103 sunt dep\u0103rtate de corp.<\/p>\t\t\t\t\t\t\t\t<\/div>\n\t\t\t\t<\/div>\n\t\t\t\t\t<\/div>\n\t\t\t\t<\/div>\n\t\t<div class=\"elementor-element elementor-element-73751705 e-flex e-con-boxed e-con e-parent\" data-id=\"73751705\" data-element_type=\"container\" data-e-type=\"container\">\n\t\t\t\t\t<div class=\"e-con-inner\">\n\t\t\t\t<div class=\"elementor-element elementor-element-3061079a elementor-widget elementor-widget-gallery\" data-id=\"3061079a\" data-element_type=\"widget\" data-e-type=\"widget\" data-settings=\"{&quot;columns&quot;:2,&quot;lazyload&quot;:&quot;yes&quot;,&quot;gallery_layout&quot;:&quot;grid&quot;,&quot;columns_tablet&quot;:2,&quot;columns_mobile&quot;:1,&quot;gap&quot;:{&quot;unit&quot;:&quot;px&quot;,&quot;size&quot;:10,&quot;sizes&quot;:[]},&quot;gap_tablet&quot;:{&quot;unit&quot;:&quot;px&quot;,&quot;size&quot;:10,&quot;sizes&quot;:[]},&quot;gap_mobile&quot;:{&quot;unit&quot;:&quot;px&quot;,&quot;size&quot;:10,&quot;sizes&quot;:[]},&quot;link_to&quot;:&quot;file&quot;,&quot;aspect_ratio&quot;:&quot;3:2&quot;,&quot;overlay_background&quot;:&quot;yes&quot;,&quot;content_hover_animation&quot;:&quot;fade-in&quot;}\" data-widget_type=\"gallery.default\">\n\t\t\t\t<div class=\"elementor-widget-container\">\n\t\t\t\t\t\t\t<div class=\"elementor-gallery__container\">\n\t\t\t\t\t\t\t<a class=\"e-gallery-item elementor-gallery-item elementor-animated-content\" href=\"https:\/\/bucurestizoo.ro\/wp-content\/uploads\/2025\/03\/Screenshot-2025-03-16-at-21.26.35.png\" data-elementor-open-lightbox=\"yes\" data-elementor-lightbox-slideshow=\"3061079a\" data-elementor-lightbox-title=\"Strut Nandu\" data-e-action-hash=\"#elementor-action%3Aaction%3Dlightbox%26settings%3DeyJpZCI6MTQwMDIsInVybCI6Imh0dHBzOlwvXC9idWN1cmVzdGl6b28ucm9cL3dwLWNvbnRlbnRcL3VwbG9hZHNcLzIwMjVcLzAzXC9TY3JlZW5zaG90LTIwMjUtMDMtMTYtYXQtMjEuMjYuMzUucG5nIiwic2xpZGVzaG93IjoiMzA2MTA3OWEifQ%3D%3D\">\n\t\t\t\t\t<div class=\"e-gallery-image elementor-gallery-item__image\" data-thumbnail=\"https:\/\/bucurestizoo.ro\/wp-content\/uploads\/2025\/03\/Screenshot-2025-03-16-at-21.26.35-1024x660.png\" data-width=\"847\" data-height=\"546\" aria-label=\"\" role=\"img\" ><\/div>\n\t\t\t\t\t\t\t\t\t\t\t<div class=\"elementor-gallery-item__overlay\"><\/div>\n\t\t\t\t\t\t\t\t\t\t\t\t\t\t<\/a>\n\t\t\t\t\t<\/div>\n\t\t\t\t\t<\/div>\n\t\t\t\t<\/div>\n\t\t\t\t\t<\/div>\n\t\t\t\t<\/div>\n\t\t<div class=\"elementor-element elementor-element-338100de animated-slow e-flex e-con-boxed elementor-invisible e-con e-parent\" data-id=\"338100de\" data-element_type=\"container\" data-e-type=\"container\" data-settings=\"{&quot;animation&quot;:&quot;fadeInRight&quot;}\">\n\t\t\t\t\t<div class=\"e-con-inner\">\n\t\t\t\t<div class=\"elementor-element elementor-element-531927a4 elementor-widget elementor-widget-heading\" data-id=\"531927a4\" data-element_type=\"widget\" data-e-type=\"widget\" data-widget_type=\"heading.default\">\n\t\t\t\t<div class=\"elementor-widget-container\">\n\t\t\t\t\t<h1 class=\"elementor-heading-title elementor-size-default\">Habitat:<\/h1>\t\t\t\t<\/div>\n\t\t\t\t<\/div>\n\t\t\t\t<div class=\"elementor-element elementor-element-9331666 elementor-widget elementor-widget-text-editor\" data-id=\"9331666\" data-element_type=\"widget\" data-e-type=\"widget\" data-widget_type=\"text-editor.default\">\n\t\t\t\t<div class=\"elementor-widget-container\">\n\t\t\t\t\t\t\t\t\t<p>Paji\u0219ti, savane \u0219i p\u0103duri deschise.<\/p>\t\t\t\t\t\t\t\t<\/div>\n\t\t\t\t<\/div>\n\t\t\t\t\t<\/div>\n\t\t\t\t<\/div>\n\t\t<div class=\"elementor-element elementor-element-4c5eb962 e-grid e-con-boxed e-con e-parent\" data-id=\"4c5eb962\" data-element_type=\"container\" data-e-type=\"container\">\n\t\t\t\t\t<div class=\"e-con-inner\">\n\t\t<div class=\"elementor-element elementor-element-e72d9ae e-con-full animated-slow e-flex elementor-invisible e-con e-child\" data-id=\"e72d9ae\" data-element_type=\"container\" data-e-type=\"container\" data-settings=\"{&quot;animation&quot;:&quot;fadeInLeft&quot;}\">\n\t\t\t\t<div class=\"elementor-element elementor-element-752a695c elementor-widget elementor-widget-heading\" data-id=\"752a695c\" data-element_type=\"widget\" data-e-type=\"widget\" data-widget_type=\"heading.default\">\n\t\t\t\t<div class=\"elementor-widget-container\">\n\t\t\t\t\t<h1 class=\"elementor-heading-title elementor-size-default\">Hran\u0103:<\/h1>\t\t\t\t<\/div>\n\t\t\t\t<\/div>\n\t\t\t\t<div class=\"elementor-element elementor-element-571ec9da elementor-widget elementor-widget-text-editor\" data-id=\"571ec9da\" data-element_type=\"widget\" data-e-type=\"widget\" data-widget_type=\"text-editor.default\">\n\t\t\t\t<div class=\"elementor-widget-container\">\n\t\t\t\t\t\t\t\t\t<p>Omnivor \u2013 ierburi, frunze, fructe, semin\u021be \u0219i insecte. Hrana lor const\u0103 din frunze verzi, pe care le pasc de pe sol, dar \u0219i din semin\u021be, insecte \u0219i alte animale mici. Fermierii pre\u021buiesc stru\u021bii Nandu deoarece ace\u0219tia cur\u0103\u021b\u0103 \u00eemprejurimile de \u0219erpi, l\u0103custe, scorpioni \u0219i p\u0103ianjeni.<\/p>\t\t\t\t\t\t\t\t<\/div>\n\t\t\t\t<\/div>\n\t\t\t\t<\/div>\n\t\t<div class=\"elementor-element elementor-element-c52c254 e-con-full animated-slow e-flex elementor-invisible e-con e-child\" data-id=\"c52c254\" data-element_type=\"container\" data-e-type=\"container\" data-settings=\"{&quot;animation&quot;:&quot;fadeInRight&quot;}\">\n\t\t\t\t<div class=\"elementor-element elementor-element-79fbe29a elementor-widget elementor-widget-heading\" data-id=\"79fbe29a\" data-element_type=\"widget\" data-e-type=\"widget\" data-widget_type=\"heading.default\">\n\t\t\t\t<div class=\"elementor-widget-container\">\n\t\t\t\t\t<h1 class=\"elementor-heading-title elementor-size-default\">Conservare:<\/h1>\t\t\t\t<\/div>\n\t\t\t\t<\/div>\n\t\t\t\t<div class=\"elementor-element elementor-element-6ee841c8 elementor-widget elementor-widget-text-editor\" data-id=\"6ee841c8\" data-element_type=\"widget\" data-e-type=\"widget\" data-widget_type=\"text-editor.default\">\n\t\t\t\t<div class=\"elementor-widget-container\">\n\t\t\t\t\t\t\t\t\t<p>Specia este vulnerabil\u0103 din cauza pierderii habitatului.<\/p><p><br \/><br \/><\/p>\t\t\t\t\t\t\t\t<\/div>\n\t\t\t\t<\/div>\n\t\t\t\t<\/div>\n\t\t\t\t\t<\/div>\n\t\t\t\t<\/div>\n\t\t\t\t<\/div>","protected":false},"excerpt":{"rendered":"<p>Stru\u021b Nandu Denumire \u0219tiin\u021bific\u0103: Rhea americanaOrdin: RheiformesFamilie: RheidaeGen: RheaSpecie: Rhea americanaDistribu\u021bie: America de Sud \u2013 Argentina, Brazilia, Bolivia, Paraguay \u0219i UruguayDimensiuni: 1,5\u20131,8 m \u00een\u0103l\u021bimeGreutate: 20\u201340 kgPerioada de incuba\u021bie: 40\u201345 zileNum\u0103r de pui: 10\u201315 puiSperan\u021b\u0103 de via\u021b\u0103: 15-20 ani General: Nandu\u00a0(Rhea) este un gen de\u00a0p\u0103s\u0103ri\u00a0alerg\u0103toare (nezbur\u0103toare), din familia\u00a0Rheidae, ordinul\u00a0Struthioniformes, asem\u0103n\u0103toare cu\u00a0stru\u021bul\u00a0african \u0219i australian. Sunt \u00eenalte de &hellip; <a href=\"https:\/\/bucurestizoo.ro\/en\/strut-nandu\/\" class=\"more-link\">Continue reading <span class=\"screen-reader-text\">Stru\u021b Nandu<\/span><\/a><\/p>","protected":false},"author":1,"featured_media":0,"parent":0,"menu_order":0,"comment_status":"closed","ping_status":"closed","template":"","meta":{"_monsterinsights_skip_tracking":false,"_monsterinsights_sitenote_active":false,"_monsterinsights_sitenote_note":"","_monsterinsights_sitenote_category":0,"footnotes":""},"class_list":["post-13997","page","type-page","status-publish","hentry"],"aioseo_notices":[],"_links":{"self":[{"href":"https:\/\/bucurestizoo.ro\/en\/wp-json\/wp\/v2\/pages\/13997","targetHints":{"allow":["GET"]}}],"collection":[{"href":"https:\/\/bucurestizoo.ro\/en\/wp-json\/wp\/v2\/pages"}],"about":[{"href":"https:\/\/bucurestizoo.ro\/en\/wp-json\/wp\/v2\/types\/page"}],"author":[{"embeddable":true,"href":"https:\/\/bucurestizoo.ro\/en\/wp-json\/wp\/v2\/users\/1"}],"replies":[{"embeddable":true,"href":"https:\/\/bucurestizoo.ro\/en\/wp-json\/wp\/v2\/comments?post=13997"}],"version-history":[{"count":5,"href":"https:\/\/bucurestizoo.ro\/en\/wp-json\/wp\/v2\/pages\/13997\/revisions"}],"predecessor-version":[{"id":14016,"href":"https:\/\/bucurestizoo.ro\/en\/wp-json\/wp\/v2\/pages\/13997\/revisions\/14016"}],"wp:attachment":[{"href":"https:\/\/bucurestizoo.ro\/en\/wp-json\/wp\/v2\/media?parent=13997"}],"curies":[{"name":"wp","href":"https:\/\/api.w.org\/{rel}","templated":true}]}}