{"id":13987,"date":"2025-03-16T21:04:05","date_gmt":"2025-03-16T19:04:05","guid":{"rendered":"https:\/\/n1.bucurestizoo.ro\/?page_id=13987"},"modified":"2025-03-16T21:09:14","modified_gmt":"2025-03-16T19:09:14","slug":"papagal-patagonian","status":"publish","type":"page","link":"https:\/\/bucurestizoo.ro\/en\/papagal-patagonian\/","title":{"rendered":"Papagal Patagonian"},"content":{"rendered":"<div data-elementor-type=\"wp-page\" data-elementor-id=\"13987\" class=\"elementor elementor-13987\" data-elementor-post-type=\"page\">\n\t\t\t\t<div class=\"elementor-element elementor-element-155158c e-flex e-con-boxed e-con e-parent\" data-id=\"155158c\" data-element_type=\"container\" data-e-type=\"container\" data-settings=\"{&quot;background_background&quot;:&quot;classic&quot;}\">\n\t\t\t\t\t<div class=\"e-con-inner\">\n\t\t<div class=\"elementor-element elementor-element-1d46b4b e-con-full e-flex e-con e-child\" data-id=\"1d46b4b\" data-element_type=\"container\" data-e-type=\"container\">\n\t\t<div class=\"elementor-element elementor-element-e3187a3 e-con-full animated-slow e-flex elementor-invisible e-con e-child\" data-id=\"e3187a3\" data-element_type=\"container\" data-e-type=\"container\" data-settings=\"{&quot;animation&quot;:&quot;fadeInLeft&quot;}\">\n\t\t\t\t<div class=\"elementor-element elementor-element-4de05174 elementor-widget elementor-widget-heading\" data-id=\"4de05174\" data-element_type=\"widget\" data-e-type=\"widget\" data-widget_type=\"heading.default\">\n\t\t\t\t<div class=\"elementor-widget-container\">\n\t\t\t\t\t<h1 class=\"elementor-heading-title elementor-size-default\">Papagal Patagonian<\/h1>\t\t\t\t<\/div>\n\t\t\t\t<\/div>\n\t\t\t\t<div class=\"elementor-element elementor-element-52113d0a elementor-widget elementor-widget-text-editor\" data-id=\"52113d0a\" data-element_type=\"widget\" data-e-type=\"widget\" data-widget_type=\"text-editor.default\">\n\t\t\t\t<div class=\"elementor-widget-container\">\n\t\t\t\t\t\t\t\t\t<p><strong>Denumire \u0219tiin\u021bific\u0103:<\/strong> Cyanoliseus patagonus<br \/><strong>Ordin:<\/strong> Psittaciformes<br \/><strong>Familie:<\/strong> Psittacidae<br \/><strong>Gen:<\/strong> Cyanoliseus<br \/><strong>Specie:<\/strong> Cyanoliseus patagonus<br \/><strong>Distribu\u021bie:<\/strong> America de Sud \u2013 Argentina, Chile, Uruguay<br \/><strong>Dimensiuni:<\/strong> 45 cm lungime<br \/><strong>Greutate:<\/strong> 250-300 g<br \/><strong>Perioada de incuba\u021bie:<\/strong> 23-28 zile<br \/><strong>Speran\u021b\u0103 de via\u021b\u0103:<\/strong> 20-30 de ani<\/p>\t\t\t\t\t\t\t\t<\/div>\n\t\t\t\t<\/div>\n\t\t\t\t<\/div>\n\t\t\t\t<div class=\"elementor-element elementor-element-631d8081 elementor-widget-tablet__width-inherit animated-slow elementor-invisible elementor-widget elementor-widget-image\" data-id=\"631d8081\" data-element_type=\"widget\" data-e-type=\"widget\" data-settings=\"{&quot;_animation&quot;:&quot;fadeInRight&quot;}\" data-widget_type=\"image.default\">\n\t\t\t\t<div class=\"elementor-widget-container\">\n\t\t\t\t\t\t\t\t\t\t\t\t\t\t\t<img fetchpriority=\"high\" decoding=\"async\" width=\"847\" height=\"476\" src=\"https:\/\/bucurestizoo.ro\/wp-content\/uploads\/2025\/03\/papagal-patagonian-dt_4-Large-1024x576.jpeg\" class=\"attachment-large size-large wp-image-13992\" alt=\"\" srcset=\"https:\/\/bucurestizoo.ro\/wp-content\/uploads\/2025\/03\/papagal-patagonian-dt_4-Large-1024x576.jpeg 1024w, https:\/\/bucurestizoo.ro\/wp-content\/uploads\/2025\/03\/papagal-patagonian-dt_4-Large-300x169.jpeg 300w, https:\/\/bucurestizoo.ro\/wp-content\/uploads\/2025\/03\/papagal-patagonian-dt_4-Large-768x432.jpeg 768w, https:\/\/bucurestizoo.ro\/wp-content\/uploads\/2025\/03\/papagal-patagonian-dt_4-Large-520x293.jpeg 520w, https:\/\/bucurestizoo.ro\/wp-content\/uploads\/2025\/03\/papagal-patagonian-dt_4-Large-650x366.jpeg 650w, https:\/\/bucurestizoo.ro\/wp-content\/uploads\/2025\/03\/papagal-patagonian-dt_4-Large.jpeg 1280w\" sizes=\"(max-width: 847px) 100vw, 847px\" data-id=\"13992\" \/>\t\t\t\t\t\t\t\t\t\t\t\t\t\t\t<\/div>\n\t\t\t\t<\/div>\n\t\t\t\t<\/div>\n\t\t\t\t\t<\/div>\n\t\t\t\t<\/div>\n\t\t<div class=\"elementor-element elementor-element-34974f3e animated-slow e-flex e-con-boxed elementor-invisible e-con e-parent\" data-id=\"34974f3e\" data-element_type=\"container\" data-e-type=\"container\" data-settings=\"{&quot;animation&quot;:&quot;fadeInLeft&quot;}\">\n\t\t\t\t\t<div class=\"e-con-inner\">\n\t\t\t\t<div class=\"elementor-element elementor-element-627f6d96 elementor-widget elementor-widget-heading\" data-id=\"627f6d96\" data-element_type=\"widget\" data-e-type=\"widget\" data-widget_type=\"heading.default\">\n\t\t\t\t<div class=\"elementor-widget-container\">\n\t\t\t\t\t<h1 class=\"elementor-heading-title elementor-size-default\">General:<\/h1>\t\t\t\t<\/div>\n\t\t\t\t<\/div>\n\t\t\t\t<div class=\"elementor-element elementor-element-414d385c elementor-widget elementor-widget-text-editor\" data-id=\"414d385c\" data-element_type=\"widget\" data-e-type=\"widget\" data-widget_type=\"text-editor.default\">\n\t\t\t\t<div class=\"elementor-widget-container\">\n\t\t\t\t\t\t\t\t\t<p>Este singura specie de papagal care tr\u0103ie\u0219te \u00een regiunile reci \u0219i uscate ale Americii de Sud. Are penaj verde-m\u0103sliniu, cu burta galben\u0103 \u0219i o pat\u0103 portocalie pe abdomen.<\/p><p>Este foarte sociabil\u00a0 \u0219i active \u0219i tr\u0103ie\u0219te \u00een colonii mari, comunic\u00e2nd prin sunete puternice.<\/p><p>Zboar\u0103 \u00een stoluri organizate \u0219i poate parcurge 100 km pe zi \u00een c\u0103utarea hranei.\u00a0<\/p>\t\t\t\t\t\t\t\t<\/div>\n\t\t\t\t<\/div>\n\t\t\t\t\t<\/div>\n\t\t\t\t<\/div>\n\t\t<div class=\"elementor-element elementor-element-51dfe0b0 e-flex e-con-boxed e-con e-parent\" data-id=\"51dfe0b0\" data-element_type=\"container\" data-e-type=\"container\">\n\t\t\t\t\t<div class=\"e-con-inner\">\n\t\t\t\t<div class=\"elementor-element elementor-element-3153b40d elementor-widget elementor-widget-gallery\" data-id=\"3153b40d\" data-element_type=\"widget\" data-e-type=\"widget\" data-settings=\"{&quot;columns&quot;:3,&quot;lazyload&quot;:&quot;yes&quot;,&quot;gallery_layout&quot;:&quot;grid&quot;,&quot;columns_tablet&quot;:2,&quot;columns_mobile&quot;:1,&quot;gap&quot;:{&quot;unit&quot;:&quot;px&quot;,&quot;size&quot;:10,&quot;sizes&quot;:[]},&quot;gap_tablet&quot;:{&quot;unit&quot;:&quot;px&quot;,&quot;size&quot;:10,&quot;sizes&quot;:[]},&quot;gap_mobile&quot;:{&quot;unit&quot;:&quot;px&quot;,&quot;size&quot;:10,&quot;sizes&quot;:[]},&quot;link_to&quot;:&quot;file&quot;,&quot;aspect_ratio&quot;:&quot;3:2&quot;,&quot;overlay_background&quot;:&quot;yes&quot;,&quot;content_hover_animation&quot;:&quot;fade-in&quot;}\" data-widget_type=\"gallery.default\">\n\t\t\t\t<div class=\"elementor-widget-container\">\n\t\t\t\t\t\t\t<div class=\"elementor-gallery__container\">\n\t\t\t\t\t\t\t<a class=\"e-gallery-item elementor-gallery-item elementor-animated-content\" href=\"https:\/\/bucurestizoo.ro\/wp-content\/uploads\/2025\/03\/papagal-patagonian-dt_1-Large.jpeg\" data-elementor-open-lightbox=\"yes\" data-elementor-lightbox-slideshow=\"3153b40d\" data-elementor-lightbox-title=\"papagal patagonian dt_1 Large\" data-e-action-hash=\"#elementor-action%3Aaction%3Dlightbox%26settings%3DeyJpZCI6MTM5OTMsInVybCI6Imh0dHBzOlwvXC9idWN1cmVzdGl6b28ucm9cL3dwLWNvbnRlbnRcL3VwbG9hZHNcLzIwMjVcLzAzXC9wYXBhZ2FsLXBhdGFnb25pYW4tZHRfMS1MYXJnZS5qcGVnIiwic2xpZGVzaG93IjoiMzE1M2I0MGQifQ%3D%3D\">\n\t\t\t\t\t<div class=\"e-gallery-image elementor-gallery-item__image\" data-thumbnail=\"https:\/\/bucurestizoo.ro\/wp-content\/uploads\/2025\/03\/papagal-patagonian-dt_1-Large-1024x682.jpeg\" data-width=\"847\" data-height=\"564\" aria-label=\"\" role=\"img\" ><\/div>\n\t\t\t\t\t\t\t\t\t\t\t<div class=\"elementor-gallery-item__overlay\"><\/div>\n\t\t\t\t\t\t\t\t\t\t\t\t\t\t<\/a>\n\t\t\t\t\t\t\t<a class=\"e-gallery-item elementor-gallery-item elementor-animated-content\" href=\"https:\/\/bucurestizoo.ro\/wp-content\/uploads\/2025\/03\/papagal-patagonian-dt_3-Large.jpeg\" data-elementor-open-lightbox=\"yes\" data-elementor-lightbox-slideshow=\"3153b40d\" data-elementor-lightbox-title=\"papagal patagonian dt_3 Large\" data-e-action-hash=\"#elementor-action%3Aaction%3Dlightbox%26settings%3DeyJpZCI6MTM5OTEsInVybCI6Imh0dHBzOlwvXC9idWN1cmVzdGl6b28ucm9cL3dwLWNvbnRlbnRcL3VwbG9hZHNcLzIwMjVcLzAzXC9wYXBhZ2FsLXBhdGFnb25pYW4tZHRfMy1MYXJnZS5qcGVnIiwic2xpZGVzaG93IjoiMzE1M2I0MGQifQ%3D%3D\">\n\t\t\t\t\t<div class=\"e-gallery-image elementor-gallery-item__image\" data-thumbnail=\"https:\/\/bucurestizoo.ro\/wp-content\/uploads\/2025\/03\/papagal-patagonian-dt_3-Large-1024x682.jpeg\" data-width=\"847\" data-height=\"564\" aria-label=\"\" role=\"img\" ><\/div>\n\t\t\t\t\t\t\t\t\t\t\t<div class=\"elementor-gallery-item__overlay\"><\/div>\n\t\t\t\t\t\t\t\t\t\t\t\t\t\t<\/a>\n\t\t\t\t\t\t\t<a class=\"e-gallery-item elementor-gallery-item elementor-animated-content\" href=\"https:\/\/bucurestizoo.ro\/wp-content\/uploads\/2025\/03\/papagal-patagonian-dt_2-Large.jpeg\" data-elementor-open-lightbox=\"yes\" data-elementor-lightbox-slideshow=\"3153b40d\" data-elementor-lightbox-title=\"papagal patagonian dt_2 Large\" data-e-action-hash=\"#elementor-action%3Aaction%3Dlightbox%26settings%3DeyJpZCI6MTM5OTAsInVybCI6Imh0dHBzOlwvXC9idWN1cmVzdGl6b28ucm9cL3dwLWNvbnRlbnRcL3VwbG9hZHNcLzIwMjVcLzAzXC9wYXBhZ2FsLXBhdGFnb25pYW4tZHRfMi1MYXJnZS5qcGVnIiwic2xpZGVzaG93IjoiMzE1M2I0MGQifQ%3D%3D\">\n\t\t\t\t\t<div class=\"e-gallery-image elementor-gallery-item__image\" data-thumbnail=\"https:\/\/bucurestizoo.ro\/wp-content\/uploads\/2025\/03\/papagal-patagonian-dt_2-Large-1024x576.jpeg\" data-width=\"847\" data-height=\"476\" aria-label=\"\" role=\"img\" ><\/div>\n\t\t\t\t\t\t\t\t\t\t\t<div class=\"elementor-gallery-item__overlay\"><\/div>\n\t\t\t\t\t\t\t\t\t\t\t\t\t\t<\/a>\n\t\t\t\t\t<\/div>\n\t\t\t\t\t<\/div>\n\t\t\t\t<\/div>\n\t\t\t\t\t<\/div>\n\t\t\t\t<\/div>\n\t\t<div class=\"elementor-element elementor-element-34352b26 animated-slow e-flex e-con-boxed elementor-invisible e-con e-parent\" data-id=\"34352b26\" data-element_type=\"container\" data-e-type=\"container\" data-settings=\"{&quot;animation&quot;:&quot;fadeInRight&quot;}\">\n\t\t\t\t\t<div class=\"e-con-inner\">\n\t\t\t\t<div class=\"elementor-element elementor-element-76818021 elementor-widget elementor-widget-heading\" data-id=\"76818021\" data-element_type=\"widget\" data-e-type=\"widget\" data-widget_type=\"heading.default\">\n\t\t\t\t<div class=\"elementor-widget-container\">\n\t\t\t\t\t<h1 class=\"elementor-heading-title elementor-size-default\">Habitat:<\/h1>\t\t\t\t<\/div>\n\t\t\t\t<\/div>\n\t\t\t\t<div class=\"elementor-element elementor-element-3bca4b6 elementor-widget elementor-widget-text-editor\" data-id=\"3bca4b6\" data-element_type=\"widget\" data-e-type=\"widget\" data-widget_type=\"text-editor.default\">\n\t\t\t\t<div class=\"elementor-widget-container\">\n\t\t\t\t\t\t\t\t\t<p>Stepe, savane, p\u0103\u0219uni aride \u0219i regiuni montane.<\/p><p>Prefer\u0103 paji\u0219tile uscate, stepele \u0219i regiunile montane, unde \u00ee\u0219i sap\u0103 vizuini \u00een malurile r\u00e2urilor.<\/p><p>\u00cen unele regiuni, atac\u0103 culturile agricole.<\/p>\t\t\t\t\t\t\t\t<\/div>\n\t\t\t\t<\/div>\n\t\t\t\t\t<\/div>\n\t\t\t\t<\/div>\n\t\t<div class=\"elementor-element elementor-element-44fa6903 e-grid e-con-boxed e-con e-parent\" data-id=\"44fa6903\" data-element_type=\"container\" data-e-type=\"container\">\n\t\t\t\t\t<div class=\"e-con-inner\">\n\t\t<div class=\"elementor-element elementor-element-251839d7 e-con-full animated-slow e-flex elementor-invisible e-con e-child\" data-id=\"251839d7\" data-element_type=\"container\" data-e-type=\"container\" data-settings=\"{&quot;animation&quot;:&quot;fadeInLeft&quot;}\">\n\t\t\t\t<div class=\"elementor-element elementor-element-145e6cde elementor-widget elementor-widget-heading\" data-id=\"145e6cde\" data-element_type=\"widget\" data-e-type=\"widget\" data-widget_type=\"heading.default\">\n\t\t\t\t<div class=\"elementor-widget-container\">\n\t\t\t\t\t<h1 class=\"elementor-heading-title elementor-size-default\">Hran\u0103:<\/h1>\t\t\t\t<\/div>\n\t\t\t\t<\/div>\n\t\t\t\t<div class=\"elementor-element elementor-element-35499bfb elementor-widget elementor-widget-text-editor\" data-id=\"35499bfb\" data-element_type=\"widget\" data-e-type=\"widget\" data-widget_type=\"text-editor.default\">\n\t\t\t\t<div class=\"elementor-widget-container\">\n\t\t\t\t\t\t\t\t\t<p>Se hr\u0103ne\u0219te cu:<\/p><ul><li>Semin\u021be<\/li><li>Fructe de cactu\u0219i<\/li><li>R\u0103d\u0103cini \u0219i tuberculi<\/li><\/ul><p>\u00cen unele regiuni atac\u0103 culturile agricole.<\/p>\t\t\t\t\t\t\t\t<\/div>\n\t\t\t\t<\/div>\n\t\t\t\t<\/div>\n\t\t<div class=\"elementor-element elementor-element-2dec1415 e-con-full animated-slow e-flex elementor-invisible e-con e-child\" data-id=\"2dec1415\" data-element_type=\"container\" data-e-type=\"container\" data-settings=\"{&quot;animation&quot;:&quot;fadeInRight&quot;}\">\n\t\t\t\t<div class=\"elementor-element elementor-element-70ff8b7d elementor-widget elementor-widget-heading\" data-id=\"70ff8b7d\" data-element_type=\"widget\" data-e-type=\"widget\" data-widget_type=\"heading.default\">\n\t\t\t\t<div class=\"elementor-widget-container\">\n\t\t\t\t\t<h1 class=\"elementor-heading-title elementor-size-default\">Conservare:<\/h1>\t\t\t\t<\/div>\n\t\t\t\t<\/div>\n\t\t\t\t<div class=\"elementor-element elementor-element-2a696a86 elementor-widget elementor-widget-text-editor\" data-id=\"2a696a86\" data-element_type=\"widget\" data-e-type=\"widget\" data-widget_type=\"text-editor.default\">\n\t\t\t\t<div class=\"elementor-widget-container\">\n\t\t\t\t\t\t\t\t\t<p>Este considerat vulnerabil, deoarece habitatul s\u0103u este distrus de agricultur\u0103.<\/p><p>Lucruri interesante<\/p><ul><li>Este singurul papagal care \u00ee\u0219i sap\u0103 vizuini \u00een sol.<\/li><li>Poate zbura peste 100 km pe zi \u00een c\u0103utarea hranei.<\/li><\/ul>\t\t\t\t\t\t\t\t<\/div>\n\t\t\t\t<\/div>\n\t\t\t\t<\/div>\n\t\t\t\t\t<\/div>\n\t\t\t\t<\/div>\n\t\t\t\t<\/div>","protected":false},"excerpt":{"rendered":"<p>Papagal Patagonian Denumire \u0219tiin\u021bific\u0103: Cyanoliseus patagonusOrdin: PsittaciformesFamilie: PsittacidaeGen: CyanoliseusSpecie: Cyanoliseus patagonusDistribu\u021bie: America de Sud \u2013 Argentina, Chile, UruguayDimensiuni: 45 cm lungimeGreutate: 250-300 gPerioada de incuba\u021bie: 23-28 zileSperan\u021b\u0103 de via\u021b\u0103: 20-30 de ani General: Este singura specie de papagal care tr\u0103ie\u0219te \u00een regiunile reci \u0219i uscate ale Americii de Sud. Are penaj verde-m\u0103sliniu, cu burta galben\u0103 &hellip; <a href=\"https:\/\/bucurestizoo.ro\/en\/papagal-patagonian\/\" class=\"more-link\">Continue reading <span class=\"screen-reader-text\">Papagal Patagonian<\/span><\/a><\/p>","protected":false},"author":1,"featured_media":0,"parent":0,"menu_order":0,"comment_status":"closed","ping_status":"closed","template":"","meta":{"_monsterinsights_skip_tracking":false,"_monsterinsights_sitenote_active":false,"_monsterinsights_sitenote_note":"","_monsterinsights_sitenote_category":0,"footnotes":""},"class_list":["post-13987","page","type-page","status-publish","hentry"],"aioseo_notices":[],"_links":{"self":[{"href":"https:\/\/bucurestizoo.ro\/en\/wp-json\/wp\/v2\/pages\/13987","targetHints":{"allow":["GET"]}}],"collection":[{"href":"https:\/\/bucurestizoo.ro\/en\/wp-json\/wp\/v2\/pages"}],"about":[{"href":"https:\/\/bucurestizoo.ro\/en\/wp-json\/wp\/v2\/types\/page"}],"author":[{"embeddable":true,"href":"https:\/\/bucurestizoo.ro\/en\/wp-json\/wp\/v2\/users\/1"}],"replies":[{"embeddable":true,"href":"https:\/\/bucurestizoo.ro\/en\/wp-json\/wp\/v2\/comments?post=13987"}],"version-history":[{"count":4,"href":"https:\/\/bucurestizoo.ro\/en\/wp-json\/wp\/v2\/pages\/13987\/revisions"}],"predecessor-version":[{"id":13996,"href":"https:\/\/bucurestizoo.ro\/en\/wp-json\/wp\/v2\/pages\/13987\/revisions\/13996"}],"wp:attachment":[{"href":"https:\/\/bucurestizoo.ro\/en\/wp-json\/wp\/v2\/media?parent=13987"}],"curies":[{"name":"wp","href":"https:\/\/api.w.org\/{rel}","templated":true}]}}