{"id":13978,"date":"2025-03-16T20:57:48","date_gmt":"2025-03-16T18:57:48","guid":{"rendered":"https:\/\/n1.bucurestizoo.ro\/?page_id=13978"},"modified":"2025-03-16T21:03:05","modified_gmt":"2025-03-16T19:03:05","slug":"papagal-micul-alexander","status":"publish","type":"page","link":"https:\/\/bucurestizoo.ro\/en\/papagal-micul-alexander\/","title":{"rendered":"Papagal Micul Alexander"},"content":{"rendered":"<div data-elementor-type=\"wp-page\" data-elementor-id=\"13978\" class=\"elementor elementor-13978\" data-elementor-post-type=\"page\">\n\t\t\t\t<div class=\"elementor-element elementor-element-563debe1 e-flex e-con-boxed e-con e-parent\" data-id=\"563debe1\" data-element_type=\"container\" data-e-type=\"container\" data-settings=\"{&quot;background_background&quot;:&quot;classic&quot;}\">\n\t\t\t\t\t<div class=\"e-con-inner\">\n\t\t<div class=\"elementor-element elementor-element-207b5f71 e-con-full e-flex e-con e-child\" data-id=\"207b5f71\" data-element_type=\"container\" data-e-type=\"container\">\n\t\t<div class=\"elementor-element elementor-element-67793e1b e-con-full animated-slow e-flex elementor-invisible e-con e-child\" data-id=\"67793e1b\" data-element_type=\"container\" data-e-type=\"container\" data-settings=\"{&quot;animation&quot;:&quot;fadeInLeft&quot;}\">\n\t\t\t\t<div class=\"elementor-element elementor-element-33f872aa elementor-widget elementor-widget-heading\" data-id=\"33f872aa\" data-element_type=\"widget\" data-e-type=\"widget\" data-widget_type=\"heading.default\">\n\t\t\t\t<div class=\"elementor-widget-container\">\n\t\t\t\t\t<h1 class=\"elementor-heading-title elementor-size-default\">Papagalul Micul Alexander<\/h1>\t\t\t\t<\/div>\n\t\t\t\t<\/div>\n\t\t\t\t<div class=\"elementor-element elementor-element-648328ea elementor-widget elementor-widget-text-editor\" data-id=\"648328ea\" data-element_type=\"widget\" data-e-type=\"widget\" data-widget_type=\"text-editor.default\">\n\t\t\t\t<div class=\"elementor-widget-container\">\n\t\t\t\t\t\t\t\t\t<p><strong>Denumire \u0219tiin\u021bific\u0103:<\/strong> Psittacula krameri<br \/><strong>Ordin:<\/strong> Psittaciformes<br \/><strong>Familie:<\/strong> Psittaculidae<br \/><strong>Gen:<\/strong> Psittacula<br \/><strong>Specie:<\/strong> Psittacula krameri<br \/><strong>Distribu\u021bie:<\/strong> Africa \u0219i Asia \u2013 Senegal, Egipt, India, Pakistan, Sri Lanka; introdus \u00een Europa \u0219i SUA<br \/><strong>Dimensiuni:<\/strong> 38-42 cm lungime (dintre care 20 cm coada), anvergura aripilor 45-50 cm<br \/><strong>Greutate:<\/strong> 110-140 g<br \/><strong>Perioada de incuba\u021bie:<\/strong> 22-24 zile<br \/><strong>Num\u0103r de pui:<\/strong> 3-4 ou\u0103<br \/><strong>Speran\u021b\u0103 de via\u021b\u0103:<\/strong> 20-30 de ani<\/p>\t\t\t\t\t\t\t\t<\/div>\n\t\t\t\t<\/div>\n\t\t\t\t<\/div>\n\t\t\t\t<div class=\"elementor-element elementor-element-467f492c elementor-widget-tablet__width-inherit animated-slow elementor-invisible elementor-widget elementor-widget-image\" data-id=\"467f492c\" data-element_type=\"widget\" data-e-type=\"widget\" data-settings=\"{&quot;_animation&quot;:&quot;fadeInRight&quot;}\" data-widget_type=\"image.default\">\n\t\t\t\t<div class=\"elementor-widget-container\">\n\t\t\t\t\t\t\t\t\t\t\t\t\t\t\t<img fetchpriority=\"high\" decoding=\"async\" width=\"847\" height=\"564\" src=\"https:\/\/bucurestizoo.ro\/wp-content\/uploads\/2025\/03\/Papagalul-Micul-Alexander-dt_3-Large-1024x682.jpeg\" class=\"attachment-large size-large wp-image-13982\" alt=\"\" srcset=\"https:\/\/bucurestizoo.ro\/wp-content\/uploads\/2025\/03\/Papagalul-Micul-Alexander-dt_3-Large-1024x682.jpeg 1024w, https:\/\/bucurestizoo.ro\/wp-content\/uploads\/2025\/03\/Papagalul-Micul-Alexander-dt_3-Large-300x200.jpeg 300w, https:\/\/bucurestizoo.ro\/wp-content\/uploads\/2025\/03\/Papagalul-Micul-Alexander-dt_3-Large-768x512.jpeg 768w, https:\/\/bucurestizoo.ro\/wp-content\/uploads\/2025\/03\/Papagalul-Micul-Alexander-dt_3-Large-450x300.jpeg 450w, https:\/\/bucurestizoo.ro\/wp-content\/uploads\/2025\/03\/Papagalul-Micul-Alexander-dt_3-Large-650x433.jpeg 650w, https:\/\/bucurestizoo.ro\/wp-content\/uploads\/2025\/03\/Papagalul-Micul-Alexander-dt_3-Large.jpeg 1280w\" sizes=\"(max-width: 847px) 100vw, 847px\" data-id=\"13982\" \/>\t\t\t\t\t\t\t\t\t\t\t\t\t\t\t<\/div>\n\t\t\t\t<\/div>\n\t\t\t\t<\/div>\n\t\t\t\t\t<\/div>\n\t\t\t\t<\/div>\n\t\t<div class=\"elementor-element elementor-element-541835f8 animated-slow e-flex e-con-boxed elementor-invisible e-con e-parent\" data-id=\"541835f8\" data-element_type=\"container\" data-e-type=\"container\" data-settings=\"{&quot;animation&quot;:&quot;fadeInLeft&quot;}\">\n\t\t\t\t\t<div class=\"e-con-inner\">\n\t\t\t\t<div class=\"elementor-element elementor-element-68d509dd elementor-widget elementor-widget-heading\" data-id=\"68d509dd\" data-element_type=\"widget\" data-e-type=\"widget\" data-widget_type=\"heading.default\">\n\t\t\t\t<div class=\"elementor-widget-container\">\n\t\t\t\t\t<h1 class=\"elementor-heading-title elementor-size-default\">General:<\/h1>\t\t\t\t<\/div>\n\t\t\t\t<\/div>\n\t\t\t\t<div class=\"elementor-element elementor-element-a35c40c elementor-widget elementor-widget-text-editor\" data-id=\"a35c40c\" data-element_type=\"widget\" data-e-type=\"widget\" data-widget_type=\"text-editor.default\">\n\t\t\t\t<div class=\"elementor-widget-container\">\n\t\t\t\t\t\t\t\t\t<p>Este unul dintre cei mai comuni papagali de companie, fiind inteligent, activ \u0219i prietenos. Ca \u0219i Marele Alexander, masculii au un inel negru \u0219i roz \u00een jurul g\u00e2tului, absent la femele. Este foarte adaptabil \u0219i poate tr\u0103i \u00een diverse medii, inclusiv \u00een ora\u0219e. A fost introdus \u00een multe \u021b\u0103ri europene, unde a format popula\u021bii s\u0103lbatice stabile.<\/p><p>Poate \u00eenv\u0103\u021ba s\u0103 vorbeasc\u0103 \u0219i s\u0103 imite sunete umane.<\/p><p>Este foarte rapid \u0219i agil, evit\u00e2nd cu u\u0219urin\u021b\u0103 pr\u0103d\u0103torii.\u00a0<\/p>\t\t\t\t\t\t\t\t<\/div>\n\t\t\t\t<\/div>\n\t\t\t\t\t<\/div>\n\t\t\t\t<\/div>\n\t\t<div class=\"elementor-element elementor-element-1223ddef e-flex e-con-boxed e-con e-parent\" data-id=\"1223ddef\" data-element_type=\"container\" data-e-type=\"container\">\n\t\t\t\t\t<div class=\"e-con-inner\">\n\t\t\t\t<div class=\"elementor-element elementor-element-41b8c6e9 elementor-widget elementor-widget-gallery\" data-id=\"41b8c6e9\" data-element_type=\"widget\" data-e-type=\"widget\" data-settings=\"{&quot;columns&quot;:2,&quot;aspect_ratio&quot;:&quot;1:1&quot;,&quot;lazyload&quot;:&quot;yes&quot;,&quot;gallery_layout&quot;:&quot;grid&quot;,&quot;columns_tablet&quot;:2,&quot;columns_mobile&quot;:1,&quot;gap&quot;:{&quot;unit&quot;:&quot;px&quot;,&quot;size&quot;:10,&quot;sizes&quot;:[]},&quot;gap_tablet&quot;:{&quot;unit&quot;:&quot;px&quot;,&quot;size&quot;:10,&quot;sizes&quot;:[]},&quot;gap_mobile&quot;:{&quot;unit&quot;:&quot;px&quot;,&quot;size&quot;:10,&quot;sizes&quot;:[]},&quot;link_to&quot;:&quot;file&quot;,&quot;overlay_background&quot;:&quot;yes&quot;,&quot;content_hover_animation&quot;:&quot;fade-in&quot;}\" data-widget_type=\"gallery.default\">\n\t\t\t\t<div class=\"elementor-widget-container\">\n\t\t\t\t\t\t\t<div class=\"elementor-gallery__container\">\n\t\t\t\t\t\t\t<a class=\"e-gallery-item elementor-gallery-item elementor-animated-content\" href=\"https:\/\/bucurestizoo.ro\/wp-content\/uploads\/2025\/03\/Papagalul-Micul-Alexander-dt_1-Large.jpeg\" data-elementor-open-lightbox=\"yes\" data-elementor-lightbox-slideshow=\"41b8c6e9\" data-elementor-lightbox-title=\"Papagalul Micul Alexander dt_1 Large\" data-e-action-hash=\"#elementor-action%3Aaction%3Dlightbox%26settings%3DeyJpZCI6MTM5ODMsInVybCI6Imh0dHBzOlwvXC9idWN1cmVzdGl6b28ucm9cL3dwLWNvbnRlbnRcL3VwbG9hZHNcLzIwMjVcLzAzXC9QYXBhZ2FsdWwtTWljdWwtQWxleGFuZGVyLWR0XzEtTGFyZ2UuanBlZyIsInNsaWRlc2hvdyI6IjQxYjhjNmU5In0%3D\">\n\t\t\t\t\t<div class=\"e-gallery-image elementor-gallery-item__image\" data-thumbnail=\"https:\/\/bucurestizoo.ro\/wp-content\/uploads\/2025\/03\/Papagalul-Micul-Alexander-dt_1-Large-682x1024.jpeg\" data-width=\"682\" data-height=\"1024\" aria-label=\"\" role=\"img\" ><\/div>\n\t\t\t\t\t\t\t\t\t\t\t<div class=\"elementor-gallery-item__overlay\"><\/div>\n\t\t\t\t\t\t\t\t\t\t\t\t\t\t<\/a>\n\t\t\t\t\t\t\t<a class=\"e-gallery-item elementor-gallery-item elementor-animated-content\" href=\"https:\/\/bucurestizoo.ro\/wp-content\/uploads\/2025\/03\/Papagalul-Micul-Alexander-dt_2-Large.jpeg\" data-elementor-open-lightbox=\"yes\" data-elementor-lightbox-slideshow=\"41b8c6e9\" data-elementor-lightbox-title=\"Papagalul Micul Alexander dt_2 Large\" data-e-action-hash=\"#elementor-action%3Aaction%3Dlightbox%26settings%3DeyJpZCI6MTM5ODEsInVybCI6Imh0dHBzOlwvXC9idWN1cmVzdGl6b28ucm9cL3dwLWNvbnRlbnRcL3VwbG9hZHNcLzIwMjVcLzAzXC9QYXBhZ2FsdWwtTWljdWwtQWxleGFuZGVyLWR0XzItTGFyZ2UuanBlZyIsInNsaWRlc2hvdyI6IjQxYjhjNmU5In0%3D\">\n\t\t\t\t\t<div class=\"e-gallery-image elementor-gallery-item__image\" data-thumbnail=\"https:\/\/bucurestizoo.ro\/wp-content\/uploads\/2025\/03\/Papagalul-Micul-Alexander-dt_2-Large-1024x682.jpeg\" data-width=\"847\" data-height=\"564\" aria-label=\"\" role=\"img\" ><\/div>\n\t\t\t\t\t\t\t\t\t\t\t<div class=\"elementor-gallery-item__overlay\"><\/div>\n\t\t\t\t\t\t\t\t\t\t\t\t\t\t<\/a>\n\t\t\t\t\t<\/div>\n\t\t\t\t\t<\/div>\n\t\t\t\t<\/div>\n\t\t\t\t\t<\/div>\n\t\t\t\t<\/div>\n\t\t<div class=\"elementor-element elementor-element-4a124a0c animated-slow e-flex e-con-boxed elementor-invisible e-con e-parent\" data-id=\"4a124a0c\" data-element_type=\"container\" data-e-type=\"container\" data-settings=\"{&quot;animation&quot;:&quot;fadeInRight&quot;}\">\n\t\t\t\t\t<div class=\"e-con-inner\">\n\t\t\t\t<div class=\"elementor-element elementor-element-64752641 elementor-widget elementor-widget-heading\" data-id=\"64752641\" data-element_type=\"widget\" data-e-type=\"widget\" data-widget_type=\"heading.default\">\n\t\t\t\t<div class=\"elementor-widget-container\">\n\t\t\t\t\t<h1 class=\"elementor-heading-title elementor-size-default\">Habitat:<\/h1>\t\t\t\t<\/div>\n\t\t\t\t<\/div>\n\t\t\t\t<div class=\"elementor-element elementor-element-649fa9f3 elementor-widget elementor-widget-text-editor\" data-id=\"649fa9f3\" data-element_type=\"widget\" data-e-type=\"widget\" data-widget_type=\"text-editor.default\">\n\t\t\t\t<div class=\"elementor-widget-container\">\n\t\t\t\t\t\t\t\t\t<p>Se g\u0103se\u0219te \u00een p\u0103duri, savane, gr\u0103dini, planta\u021bii \u0219i zone urbane.\u00a0 Papagalul Micul Alexander se \u00eent\u00e2lne\u0219te \u00een sudul Mauritaniei spre sudul Guineei, estul p\u00e2n\u0103 la sudul Sudanului \u0219i nordul Ugandei. Speciile sunt introduse pe scar\u0103 larg\u0103 \u00een \u00eentreaga lume, de\u0219i identificarea subspeciei a acestor popula\u021bii este pu\u021bin cunoscut\u0103. De asemenea, papagalul Micul Alexander se reg\u0103se\u0219te \u0219i \u00een Europa \u0219i Orientul Mijlociu, \u0219i la nivel local \u00een Africa de Nord \u0219i de Sud, Mauritius, Seychelles, local \u00een Asia de Sud-Est, Japonia, Australia, Noua Zeeland\u0103, Insulele Hawaii, local \u00een America de Nord (California, Florida), local \u00een Antilele Mari \u0219i Mici \u0219i \u00een Venezuela.<\/p><p>\u00a0\u00cen Londra, popula\u021bii de papagali Micul Alexander tr\u0103iesc \u00een Hyde Park \u0219i alte parcuri mari.<\/p>\t\t\t\t\t\t\t\t<\/div>\n\t\t\t\t<\/div>\n\t\t\t\t\t<\/div>\n\t\t\t\t<\/div>\n\t\t<div class=\"elementor-element elementor-element-634c7a69 e-grid e-con-boxed e-con e-parent\" data-id=\"634c7a69\" data-element_type=\"container\" data-e-type=\"container\">\n\t\t\t\t\t<div class=\"e-con-inner\">\n\t\t<div class=\"elementor-element elementor-element-6fe897c6 e-con-full animated-slow e-flex elementor-invisible e-con e-child\" data-id=\"6fe897c6\" data-element_type=\"container\" data-e-type=\"container\" data-settings=\"{&quot;animation&quot;:&quot;fadeInLeft&quot;}\">\n\t\t\t\t<div class=\"elementor-element elementor-element-7bc94769 elementor-widget elementor-widget-heading\" data-id=\"7bc94769\" data-element_type=\"widget\" data-e-type=\"widget\" data-widget_type=\"heading.default\">\n\t\t\t\t<div class=\"elementor-widget-container\">\n\t\t\t\t\t<h1 class=\"elementor-heading-title elementor-size-default\">Hran\u0103:<\/h1>\t\t\t\t<\/div>\n\t\t\t\t<\/div>\n\t\t\t\t<div class=\"elementor-element elementor-element-152cf7ea elementor-widget elementor-widget-text-editor\" data-id=\"152cf7ea\" data-element_type=\"widget\" data-e-type=\"widget\" data-widget_type=\"text-editor.default\">\n\t\t\t\t<div class=\"elementor-widget-container\">\n\t\t\t\t\t\t\t\t\t<p>Dieta include:<\/p><ul><li>Fructe \u0219i legume<\/li><li>Semin\u021be \u0219i nuci<\/li><li>Flori \u0219i nectar<\/li><\/ul>\t\t\t\t\t\t\t\t<\/div>\n\t\t\t\t<\/div>\n\t\t\t\t<\/div>\n\t\t<div class=\"elementor-element elementor-element-576e7c04 e-con-full animated-slow e-flex elementor-invisible e-con e-child\" data-id=\"576e7c04\" data-element_type=\"container\" data-e-type=\"container\" data-settings=\"{&quot;animation&quot;:&quot;fadeInRight&quot;}\">\n\t\t\t\t<div class=\"elementor-element elementor-element-75a5045c elementor-widget elementor-widget-heading\" data-id=\"75a5045c\" data-element_type=\"widget\" data-e-type=\"widget\" data-widget_type=\"heading.default\">\n\t\t\t\t<div class=\"elementor-widget-container\">\n\t\t\t\t\t<h1 class=\"elementor-heading-title elementor-size-default\">Conservare:<\/h1>\t\t\t\t<\/div>\n\t\t\t\t<\/div>\n\t\t\t\t<div class=\"elementor-element elementor-element-2beefa57 elementor-widget elementor-widget-text-editor\" data-id=\"2beefa57\" data-element_type=\"widget\" data-e-type=\"widget\" data-widget_type=\"text-editor.default\">\n\t\t\t\t<div class=\"elementor-widget-container\">\n\t\t\t\t\t\t\t\t\t<p>Nu este amenin\u021bat, dar \u00een unele regiuni este considerat specie invaziv\u0103.<\/p>\t\t\t\t\t\t\t\t<\/div>\n\t\t\t\t<\/div>\n\t\t\t\t<\/div>\n\t\t\t\t\t<\/div>\n\t\t\t\t<\/div>\n\t\t\t\t<\/div>","protected":false},"excerpt":{"rendered":"<p>Papagalul Micul Alexander Denumire \u0219tiin\u021bific\u0103: Psittacula krameriOrdin: PsittaciformesFamilie: PsittaculidaeGen: PsittaculaSpecie: Psittacula krameriDistribu\u021bie: Africa \u0219i Asia \u2013 Senegal, Egipt, India, Pakistan, Sri Lanka; introdus \u00een Europa \u0219i SUADimensiuni: 38-42 cm lungime (dintre care 20 cm coada), anvergura aripilor 45-50 cmGreutate: 110-140 gPerioada de incuba\u021bie: 22-24 zileNum\u0103r de pui: 3-4 ou\u0103Speran\u021b\u0103 de via\u021b\u0103: 20-30 de ani General: &hellip; <a href=\"https:\/\/bucurestizoo.ro\/en\/papagal-micul-alexander\/\" class=\"more-link\">Continue reading <span class=\"screen-reader-text\">Papagal Micul Alexander<\/span><\/a><\/p>","protected":false},"author":1,"featured_media":0,"parent":0,"menu_order":0,"comment_status":"closed","ping_status":"closed","template":"","meta":{"_monsterinsights_skip_tracking":false,"_monsterinsights_sitenote_active":false,"_monsterinsights_sitenote_note":"","_monsterinsights_sitenote_category":0,"footnotes":""},"class_list":["post-13978","page","type-page","status-publish","hentry"],"aioseo_notices":[],"_links":{"self":[{"href":"https:\/\/bucurestizoo.ro\/en\/wp-json\/wp\/v2\/pages\/13978","targetHints":{"allow":["GET"]}}],"collection":[{"href":"https:\/\/bucurestizoo.ro\/en\/wp-json\/wp\/v2\/pages"}],"about":[{"href":"https:\/\/bucurestizoo.ro\/en\/wp-json\/wp\/v2\/types\/page"}],"author":[{"embeddable":true,"href":"https:\/\/bucurestizoo.ro\/en\/wp-json\/wp\/v2\/users\/1"}],"replies":[{"embeddable":true,"href":"https:\/\/bucurestizoo.ro\/en\/wp-json\/wp\/v2\/comments?post=13978"}],"version-history":[{"count":4,"href":"https:\/\/bucurestizoo.ro\/en\/wp-json\/wp\/v2\/pages\/13978\/revisions"}],"predecessor-version":[{"id":13986,"href":"https:\/\/bucurestizoo.ro\/en\/wp-json\/wp\/v2\/pages\/13978\/revisions\/13986"}],"wp:attachment":[{"href":"https:\/\/bucurestizoo.ro\/en\/wp-json\/wp\/v2\/media?parent=13978"}],"curies":[{"name":"wp","href":"https:\/\/api.w.org\/{rel}","templated":true}]}}