{"id":13969,"date":"2025-03-16T20:49:43","date_gmt":"2025-03-16T18:49:43","guid":{"rendered":"https:\/\/n1.bucurestizoo.ro\/?page_id=13969"},"modified":"2025-03-16T20:54:53","modified_gmt":"2025-03-16T18:54:53","slug":"papagal-marele-alexander","status":"publish","type":"page","link":"https:\/\/bucurestizoo.ro\/en\/papagal-marele-alexander\/","title":{"rendered":"Papagal Marele Alexander"},"content":{"rendered":"<div data-elementor-type=\"wp-page\" data-elementor-id=\"13969\" class=\"elementor elementor-13969\" data-elementor-post-type=\"page\">\n\t\t\t\t<div class=\"elementor-element elementor-element-35ea4496 e-flex e-con-boxed e-con e-parent\" data-id=\"35ea4496\" data-element_type=\"container\" data-e-type=\"container\" data-settings=\"{&quot;background_background&quot;:&quot;classic&quot;}\">\n\t\t\t\t\t<div class=\"e-con-inner\">\n\t\t<div class=\"elementor-element elementor-element-19f3ed70 e-con-full e-flex e-con e-child\" data-id=\"19f3ed70\" data-element_type=\"container\" data-e-type=\"container\">\n\t\t<div class=\"elementor-element elementor-element-10a78714 e-con-full animated-slow e-flex elementor-invisible e-con e-child\" data-id=\"10a78714\" data-element_type=\"container\" data-e-type=\"container\" data-settings=\"{&quot;animation&quot;:&quot;fadeInLeft&quot;}\">\n\t\t\t\t<div class=\"elementor-element elementor-element-40ebb0cc elementor-widget elementor-widget-heading\" data-id=\"40ebb0cc\" data-element_type=\"widget\" data-e-type=\"widget\" data-widget_type=\"heading.default\">\n\t\t\t\t<div class=\"elementor-widget-container\">\n\t\t\t\t\t<h1 class=\"elementor-heading-title elementor-size-default\">Papagalul Marele Alexander<\/h1>\t\t\t\t<\/div>\n\t\t\t\t<\/div>\n\t\t\t\t<div class=\"elementor-element elementor-element-8a05cd elementor-widget elementor-widget-text-editor\" data-id=\"8a05cd\" data-element_type=\"widget\" data-e-type=\"widget\" data-widget_type=\"text-editor.default\">\n\t\t\t\t<div class=\"elementor-widget-container\">\n\t\t\t\t\t\t\t\t\t<p><strong>Denumire \u0219tiin\u021bific\u0103:<\/strong> Psittacula eupatria<br \/><strong>Ordin:<\/strong> Psittaciformes<br \/><strong>Familie:<\/strong> Psittaculidae<br \/><strong>Gen:<\/strong> Psittacula<br \/><strong>Specie:<\/strong> Psittacula eupatria<br \/><strong>Distribu\u021bie:<\/strong> Asia de Sud \u0219i de Sud-Est \u2013 India, Sri Lanka, Myanmar, Thailanda, Cambodgia, Vietnam<br \/><strong>Dimensiuni:<\/strong> 55-60 cm lungime (dintre care 20 cm coada), anvergura aripilor 50-60 cm<br \/><strong>Greutate:<\/strong> 200-300 g<br \/><strong>Perioada de incuba\u021bie:<\/strong> 24-28 zile<br \/><strong>Num\u0103r de pui:<\/strong> 2-4 ou\u0103<br \/><strong>Speran\u021b\u0103 de via\u021b\u0103:<\/strong> 25-30 de ani (p\u00e2n\u0103 la 50 de ani \u00een captivitate)<\/p>\t\t\t\t\t\t\t\t<\/div>\n\t\t\t\t<\/div>\n\t\t\t\t<\/div>\n\t\t\t\t<div class=\"elementor-element elementor-element-349cf056 elementor-widget-tablet__width-inherit animated-slow elementor-invisible elementor-widget elementor-widget-image\" data-id=\"349cf056\" data-element_type=\"widget\" data-e-type=\"widget\" data-settings=\"{&quot;_animation&quot;:&quot;fadeInRight&quot;}\" data-widget_type=\"image.default\">\n\t\t\t\t<div class=\"elementor-widget-container\">\n\t\t\t\t\t\t\t\t\t\t\t\t\t\t\t<img fetchpriority=\"high\" decoding=\"async\" width=\"847\" height=\"567\" src=\"https:\/\/bucurestizoo.ro\/wp-content\/uploads\/2025\/03\/Papagalul-Marele-Alexander-dt_1-Large-1024x686.jpeg\" class=\"attachment-large size-large wp-image-13974\" alt=\"\" srcset=\"https:\/\/bucurestizoo.ro\/wp-content\/uploads\/2025\/03\/Papagalul-Marele-Alexander-dt_1-Large-1024x686.jpeg 1024w, https:\/\/bucurestizoo.ro\/wp-content\/uploads\/2025\/03\/Papagalul-Marele-Alexander-dt_1-Large-300x201.jpeg 300w, https:\/\/bucurestizoo.ro\/wp-content\/uploads\/2025\/03\/Papagalul-Marele-Alexander-dt_1-Large-768x514.jpeg 768w, https:\/\/bucurestizoo.ro\/wp-content\/uploads\/2025\/03\/Papagalul-Marele-Alexander-dt_1-Large-448x300.jpeg 448w, https:\/\/bucurestizoo.ro\/wp-content\/uploads\/2025\/03\/Papagalul-Marele-Alexander-dt_1-Large-650x435.jpeg 650w, https:\/\/bucurestizoo.ro\/wp-content\/uploads\/2025\/03\/Papagalul-Marele-Alexander-dt_1-Large.jpeg 1280w\" sizes=\"(max-width: 847px) 100vw, 847px\" data-id=\"13974\" \/>\t\t\t\t\t\t\t\t\t\t\t\t\t\t\t<\/div>\n\t\t\t\t<\/div>\n\t\t\t\t<\/div>\n\t\t\t\t\t<\/div>\n\t\t\t\t<\/div>\n\t\t<div class=\"elementor-element elementor-element-13f9ef82 animated-slow e-flex e-con-boxed elementor-invisible e-con e-parent\" data-id=\"13f9ef82\" data-element_type=\"container\" data-e-type=\"container\" data-settings=\"{&quot;animation&quot;:&quot;fadeInLeft&quot;}\">\n\t\t\t\t\t<div class=\"e-con-inner\">\n\t\t\t\t<div class=\"elementor-element elementor-element-47c4d615 elementor-widget elementor-widget-heading\" data-id=\"47c4d615\" data-element_type=\"widget\" data-e-type=\"widget\" data-widget_type=\"heading.default\">\n\t\t\t\t<div class=\"elementor-widget-container\">\n\t\t\t\t\t<h1 class=\"elementor-heading-title elementor-size-default\">General:<\/h1>\t\t\t\t<\/div>\n\t\t\t\t<\/div>\n\t\t\t\t<div class=\"elementor-element elementor-element-342d9b69 elementor-widget elementor-widget-text-editor\" data-id=\"342d9b69\" data-element_type=\"widget\" data-e-type=\"widget\" data-widget_type=\"text-editor.default\">\n\t\t\t\t<div class=\"elementor-widget-container\">\n\t\t\t\t\t\t\t\t\t<p>Papagalul Marele Alexander este unul dintre cei mai mari papagali asiatici \u0219i este numit astfel dup\u0103 Alexandru cel Mare, care se spune c\u0103 i-a adus \u00een Europa \u00een timpul campaniilor sale. Este foarte inteligent, sociabil \u0219i vocal, capabil s\u0103 imite cuvinte \u0219i sunete cu claritate. Poate \u00eenv\u0103\u021ba peste 100 de cuvinte, iar unele exemplare pot forma fraze scurte.\u00a0 Se recunoa\u0219te u\u0219or prin penajul s\u0103u verde intens, cu accente alb\u0103strui pe aripi \u0219i un inel roz \u0219i negru \u00een jurul g\u00e2tului la masculi. Femelele nu au acest inel distinctiv. \u00cen s\u0103lb\u0103ticie, tr\u0103iesc \u00een stoluri mari, comunic\u00e2nd prin strig\u0103te puternice. Sunt foarte activi \u0219i au nevoie de mult spa\u021biu pentru a zbura.<\/p><p>Poate desface cu u\u0219urin\u021b\u0103 cu\u0219ti \u0219i lac\u0103te, fiind un mic \u201eho\u021b\u201d inteligent.\u00a0 Este foarte loial fa\u021b\u0103 de st\u0103p\u00e2nul s\u0103u \u0219i poate deveni gelos dac\u0103 acesta interac\u021bioneaz\u0103 cu alte animale.\u00a0 Strig\u0103tul s\u0103u este foarte puternic.\u00a0 \u00cen s\u0103lb\u0103ticie, se adun\u0103 \u00een stoluri de peste 100 de p\u0103s\u0103ri, oferind un spectacol vizual \u0219i auditiv impresionant.<\/p>\t\t\t\t\t\t\t\t<\/div>\n\t\t\t\t<\/div>\n\t\t\t\t\t<\/div>\n\t\t\t\t<\/div>\n\t\t<div class=\"elementor-element elementor-element-504b4858 e-flex e-con-boxed e-con e-parent\" data-id=\"504b4858\" data-element_type=\"container\" data-e-type=\"container\">\n\t\t\t\t\t<div class=\"e-con-inner\">\n\t\t\t\t<div class=\"elementor-element elementor-element-450652d0 elementor-widget elementor-widget-gallery\" data-id=\"450652d0\" data-element_type=\"widget\" data-e-type=\"widget\" data-settings=\"{&quot;columns&quot;:2,&quot;aspect_ratio&quot;:&quot;9:16&quot;,&quot;lazyload&quot;:&quot;yes&quot;,&quot;gallery_layout&quot;:&quot;grid&quot;,&quot;columns_tablet&quot;:2,&quot;columns_mobile&quot;:1,&quot;gap&quot;:{&quot;unit&quot;:&quot;px&quot;,&quot;size&quot;:10,&quot;sizes&quot;:[]},&quot;gap_tablet&quot;:{&quot;unit&quot;:&quot;px&quot;,&quot;size&quot;:10,&quot;sizes&quot;:[]},&quot;gap_mobile&quot;:{&quot;unit&quot;:&quot;px&quot;,&quot;size&quot;:10,&quot;sizes&quot;:[]},&quot;link_to&quot;:&quot;file&quot;,&quot;overlay_background&quot;:&quot;yes&quot;,&quot;content_hover_animation&quot;:&quot;fade-in&quot;}\" data-widget_type=\"gallery.default\">\n\t\t\t\t<div class=\"elementor-widget-container\">\n\t\t\t\t\t\t\t<div class=\"elementor-gallery__container\">\n\t\t\t\t\t\t\t<a class=\"e-gallery-item elementor-gallery-item elementor-animated-content\" href=\"https:\/\/bucurestizoo.ro\/wp-content\/uploads\/2025\/03\/Papagalul-Marele-Alexander-dt_3-Large.jpeg\" data-elementor-open-lightbox=\"yes\" data-elementor-lightbox-slideshow=\"450652d0\" data-elementor-lightbox-title=\"Papagalul Marele Alexander dt_3 Large\" data-e-action-hash=\"#elementor-action%3Aaction%3Dlightbox%26settings%3DeyJpZCI6MTM5NzMsInVybCI6Imh0dHBzOlwvXC9idWN1cmVzdGl6b28ucm9cL3dwLWNvbnRlbnRcL3VwbG9hZHNcLzIwMjVcLzAzXC9QYXBhZ2FsdWwtTWFyZWxlLUFsZXhhbmRlci1kdF8zLUxhcmdlLmpwZWciLCJzbGlkZXNob3ciOiI0NTA2NTJkMCJ9\">\n\t\t\t\t\t<div class=\"e-gallery-image elementor-gallery-item__image\" data-thumbnail=\"https:\/\/bucurestizoo.ro\/wp-content\/uploads\/2025\/03\/Papagalul-Marele-Alexander-dt_3-Large-682x1024.jpeg\" data-width=\"682\" data-height=\"1024\" aria-label=\"\" role=\"img\" ><\/div>\n\t\t\t\t\t\t\t\t\t\t\t<div class=\"elementor-gallery-item__overlay\"><\/div>\n\t\t\t\t\t\t\t\t\t\t\t\t\t\t<\/a>\n\t\t\t\t\t\t\t<a class=\"e-gallery-item elementor-gallery-item elementor-animated-content\" href=\"https:\/\/bucurestizoo.ro\/wp-content\/uploads\/2025\/03\/Papagalul-Marele-Alexander-dt_2-Large.jpeg\" data-elementor-open-lightbox=\"yes\" data-elementor-lightbox-slideshow=\"450652d0\" data-elementor-lightbox-title=\"Papagalul Marele Alexander dt_2 Large\" data-e-action-hash=\"#elementor-action%3Aaction%3Dlightbox%26settings%3DeyJpZCI6MTM5NzIsInVybCI6Imh0dHBzOlwvXC9idWN1cmVzdGl6b28ucm9cL3dwLWNvbnRlbnRcL3VwbG9hZHNcLzIwMjVcLzAzXC9QYXBhZ2FsdWwtTWFyZWxlLUFsZXhhbmRlci1kdF8yLUxhcmdlLmpwZWciLCJzbGlkZXNob3ciOiI0NTA2NTJkMCJ9\">\n\t\t\t\t\t<div class=\"e-gallery-image elementor-gallery-item__image\" data-thumbnail=\"https:\/\/bucurestizoo.ro\/wp-content\/uploads\/2025\/03\/Papagalul-Marele-Alexander-dt_2-Large-1024x696.jpeg\" data-width=\"847\" data-height=\"576\" aria-label=\"\" role=\"img\" ><\/div>\n\t\t\t\t\t\t\t\t\t\t\t<div class=\"elementor-gallery-item__overlay\"><\/div>\n\t\t\t\t\t\t\t\t\t\t\t\t\t\t<\/a>\n\t\t\t\t\t<\/div>\n\t\t\t\t\t<\/div>\n\t\t\t\t<\/div>\n\t\t\t\t\t<\/div>\n\t\t\t\t<\/div>\n\t\t<div class=\"elementor-element elementor-element-13ea5d08 animated-slow e-flex e-con-boxed elementor-invisible e-con e-parent\" data-id=\"13ea5d08\" data-element_type=\"container\" data-e-type=\"container\" data-settings=\"{&quot;animation&quot;:&quot;fadeInRight&quot;}\">\n\t\t\t\t\t<div class=\"e-con-inner\">\n\t\t\t\t<div class=\"elementor-element elementor-element-524d5c70 elementor-widget elementor-widget-heading\" data-id=\"524d5c70\" data-element_type=\"widget\" data-e-type=\"widget\" data-widget_type=\"heading.default\">\n\t\t\t\t<div class=\"elementor-widget-container\">\n\t\t\t\t\t<h1 class=\"elementor-heading-title elementor-size-default\">Habitat:<\/h1>\t\t\t\t<\/div>\n\t\t\t\t<\/div>\n\t\t\t\t<div class=\"elementor-element elementor-element-36b17a16 elementor-widget elementor-widget-text-editor\" data-id=\"36b17a16\" data-element_type=\"widget\" data-e-type=\"widget\" data-widget_type=\"text-editor.default\">\n\t\t\t\t<div class=\"elementor-widget-container\">\n\t\t\t\t\t\t\t\t\t<p>Se g\u0103se\u0219te \u00een p\u0103duri tropicale, zone \u00eemp\u0103durite, planta\u021bii \u0219i chiar \u00een ora\u0219e, unde s-a adaptat bine la prezen\u021ba uman\u0103. Prefer\u0103 p\u0103durile cu copaci \u00eenal\u021bi, unde \u00ee\u0219i face cuiburile \u00een scorburi. Uneori, \u00ee\u0219i sap\u0103 singuri scorburi \u00een copaci mai moi. \u00cen zonele urbane din India, sunt des \u00eent\u00e2lni\u021bi \u00een gr\u0103dini \u0219i parcuri, unde g\u0103sesc hran\u0103 u\u0219or.<\/p>\t\t\t\t\t\t\t\t<\/div>\n\t\t\t\t<\/div>\n\t\t\t\t\t<\/div>\n\t\t\t\t<\/div>\n\t\t<div class=\"elementor-element elementor-element-68a3e218 e-grid e-con-boxed e-con e-parent\" data-id=\"68a3e218\" data-element_type=\"container\" data-e-type=\"container\">\n\t\t\t\t\t<div class=\"e-con-inner\">\n\t\t<div class=\"elementor-element elementor-element-41a81fbb e-con-full animated-slow e-flex elementor-invisible e-con e-child\" data-id=\"41a81fbb\" data-element_type=\"container\" data-e-type=\"container\" data-settings=\"{&quot;animation&quot;:&quot;fadeInLeft&quot;}\">\n\t\t\t\t<div class=\"elementor-element elementor-element-28c34ae1 elementor-widget elementor-widget-heading\" data-id=\"28c34ae1\" data-element_type=\"widget\" data-e-type=\"widget\" data-widget_type=\"heading.default\">\n\t\t\t\t<div class=\"elementor-widget-container\">\n\t\t\t\t\t<h1 class=\"elementor-heading-title elementor-size-default\">Hran\u0103:<\/h1>\t\t\t\t<\/div>\n\t\t\t\t<\/div>\n\t\t\t\t<div class=\"elementor-element elementor-element-408c2ba3 elementor-widget elementor-widget-text-editor\" data-id=\"408c2ba3\" data-element_type=\"widget\" data-e-type=\"widget\" data-widget_type=\"text-editor.default\">\n\t\t\t\t<div class=\"elementor-widget-container\">\n\t\t\t\t\t\t\t\t\t<p>Este frugivor, dar consum\u0103 \u0219i semin\u021be \u0219i flori. Dieta sa include:<\/p><ul><li>Fructe tropicale (mango, papaya, guava)<\/li><li>Semin\u021be \u0219i nuci<\/li><li>Flori \u0219i nectar<\/li><li>Muguri \u0219i frunze fragede<\/li><\/ul><p>\u00cen unele zone, atac\u0103 planta\u021biile de fructe \u0219i legume, devenind o problem\u0103 pentru fermieri.<\/p>\t\t\t\t\t\t\t\t<\/div>\n\t\t\t\t<\/div>\n\t\t\t\t<\/div>\n\t\t<div class=\"elementor-element elementor-element-5bdb12de e-con-full animated-slow e-flex elementor-invisible e-con e-child\" data-id=\"5bdb12de\" data-element_type=\"container\" data-e-type=\"container\" data-settings=\"{&quot;animation&quot;:&quot;fadeInRight&quot;}\">\n\t\t\t\t<div class=\"elementor-element elementor-element-505fe4ab elementor-widget elementor-widget-heading\" data-id=\"505fe4ab\" data-element_type=\"widget\" data-e-type=\"widget\" data-widget_type=\"heading.default\">\n\t\t\t\t<div class=\"elementor-widget-container\">\n\t\t\t\t\t<h1 class=\"elementor-heading-title elementor-size-default\">Conservare:<\/h1>\t\t\t\t<\/div>\n\t\t\t\t<\/div>\n\t\t\t\t<div class=\"elementor-element elementor-element-49c1a5e0 elementor-widget elementor-widget-text-editor\" data-id=\"49c1a5e0\" data-element_type=\"widget\" data-e-type=\"widget\" data-widget_type=\"text-editor.default\">\n\t\t\t\t<div class=\"elementor-widget-container\">\n\t\t\t\t\t\t\t\t\t<p>Specia este clasificat\u0103 ca \u201ePu\u021bin \u00eengrijor\u0103toare\u201d (Least Concern &#8211; LC), dar popula\u021bia sa este afectat\u0103 de:<\/p><ul><li>Defri\u0219\u0103ri \u0219i pierderea habitatului<\/li><li>Capturarea ilegal\u0103 pentru comer\u021bul cu p\u0103s\u0103ri de colivie<\/li><li>V\u00e2narea pentru carne \u0219i pene \u00een unele regiuni<\/li><\/ul><p>\u00cen India \u0219i Sri Lanka, este protejat prin lege, iar comer\u021bul interna\u021bional este reglementat de CITES.<\/p>\t\t\t\t\t\t\t\t<\/div>\n\t\t\t\t<\/div>\n\t\t\t\t<\/div>\n\t\t\t\t\t<\/div>\n\t\t\t\t<\/div>\n\t\t\t\t<\/div>","protected":false},"excerpt":{"rendered":"<p>Papagalul Marele Alexander Denumire \u0219tiin\u021bific\u0103: Psittacula eupatriaOrdin: PsittaciformesFamilie: PsittaculidaeGen: PsittaculaSpecie: Psittacula eupatriaDistribu\u021bie: Asia de Sud \u0219i de Sud-Est \u2013 India, Sri Lanka, Myanmar, Thailanda, Cambodgia, VietnamDimensiuni: 55-60 cm lungime (dintre care 20 cm coada), anvergura aripilor 50-60 cmGreutate: 200-300 gPerioada de incuba\u021bie: 24-28 zileNum\u0103r de pui: 2-4 ou\u0103Speran\u021b\u0103 de via\u021b\u0103: 25-30 de ani (p\u00e2n\u0103 la &hellip; <a href=\"https:\/\/bucurestizoo.ro\/en\/papagal-marele-alexander\/\" class=\"more-link\">Continue reading <span class=\"screen-reader-text\">Papagal Marele Alexander<\/span><\/a><\/p>","protected":false},"author":1,"featured_media":0,"parent":0,"menu_order":0,"comment_status":"closed","ping_status":"closed","template":"","meta":{"_monsterinsights_skip_tracking":false,"_monsterinsights_sitenote_active":false,"_monsterinsights_sitenote_note":"","_monsterinsights_sitenote_category":0,"footnotes":""},"class_list":["post-13969","page","type-page","status-publish","hentry"],"aioseo_notices":[],"_links":{"self":[{"href":"https:\/\/bucurestizoo.ro\/en\/wp-json\/wp\/v2\/pages\/13969","targetHints":{"allow":["GET"]}}],"collection":[{"href":"https:\/\/bucurestizoo.ro\/en\/wp-json\/wp\/v2\/pages"}],"about":[{"href":"https:\/\/bucurestizoo.ro\/en\/wp-json\/wp\/v2\/types\/page"}],"author":[{"embeddable":true,"href":"https:\/\/bucurestizoo.ro\/en\/wp-json\/wp\/v2\/users\/1"}],"replies":[{"embeddable":true,"href":"https:\/\/bucurestizoo.ro\/en\/wp-json\/wp\/v2\/comments?post=13969"}],"version-history":[{"count":4,"href":"https:\/\/bucurestizoo.ro\/en\/wp-json\/wp\/v2\/pages\/13969\/revisions"}],"predecessor-version":[{"id":13977,"href":"https:\/\/bucurestizoo.ro\/en\/wp-json\/wp\/v2\/pages\/13969\/revisions\/13977"}],"wp:attachment":[{"href":"https:\/\/bucurestizoo.ro\/en\/wp-json\/wp\/v2\/media?parent=13969"}],"curies":[{"name":"wp","href":"https:\/\/api.w.org\/{rel}","templated":true}]}}