{"id":13957,"date":"2025-03-16T20:38:53","date_gmt":"2025-03-16T18:38:53","guid":{"rendered":"https:\/\/n1.bucurestizoo.ro\/?page_id=13957"},"modified":"2025-03-16T20:48:39","modified_gmt":"2025-03-16T18:48:39","slug":"papagal-jako","status":"publish","type":"page","link":"https:\/\/bucurestizoo.ro\/en\/papagal-jako\/","title":{"rendered":"Papagal Jako"},"content":{"rendered":"<div data-elementor-type=\"wp-page\" data-elementor-id=\"13957\" class=\"elementor elementor-13957\" data-elementor-post-type=\"page\">\n\t\t\t\t<div class=\"elementor-element elementor-element-107468d4 e-flex e-con-boxed e-con e-parent\" data-id=\"107468d4\" data-element_type=\"container\" data-e-type=\"container\" data-settings=\"{&quot;background_background&quot;:&quot;classic&quot;}\">\n\t\t\t\t\t<div class=\"e-con-inner\">\n\t\t<div class=\"elementor-element elementor-element-1d00dcfd e-con-full e-flex e-con e-child\" data-id=\"1d00dcfd\" data-element_type=\"container\" data-e-type=\"container\">\n\t\t<div class=\"elementor-element elementor-element-58b05537 e-con-full animated-slow e-flex elementor-invisible e-con e-child\" data-id=\"58b05537\" data-element_type=\"container\" data-e-type=\"container\" data-settings=\"{&quot;animation&quot;:&quot;fadeInLeft&quot;}\">\n\t\t\t\t<div class=\"elementor-element elementor-element-22f1cee elementor-widget elementor-widget-heading\" data-id=\"22f1cee\" data-element_type=\"widget\" data-e-type=\"widget\" data-widget_type=\"heading.default\">\n\t\t\t\t<div class=\"elementor-widget-container\">\n\t\t\t\t\t<h1 class=\"elementor-heading-title elementor-size-default\">Papagal Jako<\/h1>\t\t\t\t<\/div>\n\t\t\t\t<\/div>\n\t\t\t\t<div class=\"elementor-element elementor-element-7d7128b6 elementor-widget elementor-widget-text-editor\" data-id=\"7d7128b6\" data-element_type=\"widget\" data-e-type=\"widget\" data-widget_type=\"text-editor.default\">\n\t\t\t\t<div class=\"elementor-widget-container\">\n\t\t\t\t\t\t\t\t\t<p><strong>Denumire \u0219tiin\u021bific\u0103:<\/strong> Psittacus erithacus<br \/><strong>Ordin:<\/strong> Psittaciformes<br \/><strong>Familie:<\/strong> Psittacidae<br \/><strong>Gen:<\/strong> Psittacus<br \/><strong>Specie:<\/strong> Psittacus erithacus<br \/><strong>Distribu\u021bie:<\/strong> Africa Central\u0103 \u0219i de Vest \u2013 Angola, Camerun, Congo, Ghana, Gabon, Coasta de Filde\u0219<br \/><strong>Dimensiuni:<\/strong> 33-40 cm lungime, anvergura aripilor 45-52 cm<br \/><strong>Greutate:<\/strong> 400-600 g<br \/><strong>Perioada de incuba\u021bie:<\/strong> 28-30 zile<br \/><strong>Num\u0103r de pui:<\/strong> 2-4 ou\u0103<br \/><strong>Speran\u021b\u0103 de via\u021b\u0103:<\/strong> 40-60 ani (p\u00e2n\u0103 la 80 de ani \u00een captivitate)<\/p>\t\t\t\t\t\t\t\t<\/div>\n\t\t\t\t<\/div>\n\t\t\t\t<\/div>\n\t\t\t\t<div class=\"elementor-element elementor-element-7d2aeb0b elementor-widget-tablet__width-inherit animated-slow elementor-invisible elementor-widget elementor-widget-image\" data-id=\"7d2aeb0b\" data-element_type=\"widget\" data-e-type=\"widget\" data-settings=\"{&quot;_animation&quot;:&quot;fadeInRight&quot;}\" data-widget_type=\"image.default\">\n\t\t\t\t<div class=\"elementor-widget-container\">\n\t\t\t\t\t\t\t\t\t\t\t\t\t\t\t<img fetchpriority=\"high\" decoding=\"async\" width=\"847\" height=\"564\" src=\"https:\/\/bucurestizoo.ro\/wp-content\/uploads\/2025\/03\/papagal-jako-dt_2-Large-1024x682.jpeg\" class=\"attachment-large size-large wp-image-13961\" alt=\"\" srcset=\"https:\/\/bucurestizoo.ro\/wp-content\/uploads\/2025\/03\/papagal-jako-dt_2-Large-1024x682.jpeg 1024w, https:\/\/bucurestizoo.ro\/wp-content\/uploads\/2025\/03\/papagal-jako-dt_2-Large-300x200.jpeg 300w, https:\/\/bucurestizoo.ro\/wp-content\/uploads\/2025\/03\/papagal-jako-dt_2-Large-768x512.jpeg 768w, https:\/\/bucurestizoo.ro\/wp-content\/uploads\/2025\/03\/papagal-jako-dt_2-Large-450x300.jpeg 450w, https:\/\/bucurestizoo.ro\/wp-content\/uploads\/2025\/03\/papagal-jako-dt_2-Large-650x433.jpeg 650w, https:\/\/bucurestizoo.ro\/wp-content\/uploads\/2025\/03\/papagal-jako-dt_2-Large.jpeg 1280w\" sizes=\"(max-width: 847px) 100vw, 847px\" data-id=\"13961\" \/>\t\t\t\t\t\t\t\t\t\t\t\t\t\t\t<\/div>\n\t\t\t\t<\/div>\n\t\t\t\t<\/div>\n\t\t\t\t\t<\/div>\n\t\t\t\t<\/div>\n\t\t<div class=\"elementor-element elementor-element-1710d755 animated-slow e-flex e-con-boxed elementor-invisible e-con e-parent\" data-id=\"1710d755\" data-element_type=\"container\" data-e-type=\"container\" data-settings=\"{&quot;animation&quot;:&quot;fadeInLeft&quot;}\">\n\t\t\t\t\t<div class=\"e-con-inner\">\n\t\t\t\t<div class=\"elementor-element elementor-element-5bbccfe7 elementor-widget elementor-widget-heading\" data-id=\"5bbccfe7\" data-element_type=\"widget\" data-e-type=\"widget\" data-widget_type=\"heading.default\">\n\t\t\t\t<div class=\"elementor-widget-container\">\n\t\t\t\t\t<h1 class=\"elementor-heading-title elementor-size-default\">General:<\/h1>\t\t\t\t<\/div>\n\t\t\t\t<\/div>\n\t\t\t\t<div class=\"elementor-element elementor-element-9c1d5d1 elementor-widget elementor-widget-text-editor\" data-id=\"9c1d5d1\" data-element_type=\"widget\" data-e-type=\"widget\" data-widget_type=\"text-editor.default\">\n\t\t\t\t<div class=\"elementor-widget-container\">\n\t\t\t\t\t\t\t\t\t<p>Papagalul Jako este cea mai inteligent\u0103 specie de papagal, av\u00e2nd capacit\u0103\u021bi cognitive comparabile cu ale unui copil de 5 ani. Este capabil s\u0103 \u00eenve\u021be sute de cuvinte, s\u0103 fac\u0103 asocieri logice \u0219i chiar s\u0103 rezolve probleme complexe.<\/p><p>\u00a0 Penajul s\u0103u este gri, cu o coad\u0103 ro\u0219ie vibrant\u0103, iar ochii \u00ee\u0219i schimb\u0103 culoarea pe m\u0103sur\u0103 ce \u00eemb\u0103tr\u00e2ne\u0219te \u2013 de la gri deschis la galben intens.<\/p><p>\u00a0 Sunt p\u0103s\u0103ri extrem de sensibile, dezvolt\u00e2nd ata\u0219amente puternice fa\u021b\u0103 de st\u0103p\u00e2ni. \u00cen captivitate, pot suferi stres \u0219i depresie dac\u0103 sunt neglija\u021bi.<\/p><p>Comunicarea lor este excep\u021bional\u0103 \u2013 pot imita vocea uman\u0103, \u00een\u021belege comenzi \u0219i chiar exprima emo\u021bii. Cel mai faimos exemplu este papagalul Alex, care putea num\u0103ra \u0219i diferen\u021bia obiecte dup\u0103 form\u0103 \u0219i culoare.<\/p>\t\t\t\t\t\t\t\t<\/div>\n\t\t\t\t<\/div>\n\t\t\t\t\t<\/div>\n\t\t\t\t<\/div>\n\t\t<div class=\"elementor-element elementor-element-3725ab4e e-flex e-con-boxed e-con e-parent\" data-id=\"3725ab4e\" data-element_type=\"container\" data-e-type=\"container\">\n\t\t\t\t\t<div class=\"e-con-inner\">\n\t\t\t\t<div class=\"elementor-element elementor-element-78692f6e elementor-widget elementor-widget-gallery\" data-id=\"78692f6e\" data-element_type=\"widget\" data-e-type=\"widget\" data-settings=\"{&quot;columns&quot;:2,&quot;aspect_ratio&quot;:&quot;9:16&quot;,&quot;lazyload&quot;:&quot;yes&quot;,&quot;gallery_layout&quot;:&quot;grid&quot;,&quot;columns_tablet&quot;:2,&quot;columns_mobile&quot;:1,&quot;gap&quot;:{&quot;unit&quot;:&quot;px&quot;,&quot;size&quot;:10,&quot;sizes&quot;:[]},&quot;gap_tablet&quot;:{&quot;unit&quot;:&quot;px&quot;,&quot;size&quot;:10,&quot;sizes&quot;:[]},&quot;gap_mobile&quot;:{&quot;unit&quot;:&quot;px&quot;,&quot;size&quot;:10,&quot;sizes&quot;:[]},&quot;link_to&quot;:&quot;file&quot;,&quot;overlay_background&quot;:&quot;yes&quot;,&quot;content_hover_animation&quot;:&quot;fade-in&quot;}\" data-widget_type=\"gallery.default\">\n\t\t\t\t<div class=\"elementor-widget-container\">\n\t\t\t\t\t\t\t<div class=\"elementor-gallery__container\">\n\t\t\t\t\t\t\t<a class=\"e-gallery-item elementor-gallery-item elementor-animated-content\" href=\"https:\/\/bucurestizoo.ro\/wp-content\/uploads\/2025\/03\/papagal-jako-dt_1-Large.jpeg\" data-elementor-open-lightbox=\"yes\" data-elementor-lightbox-slideshow=\"78692f6e\" data-elementor-lightbox-title=\"papagal jako dt_1 Large\" data-e-action-hash=\"#elementor-action%3Aaction%3Dlightbox%26settings%3DeyJpZCI6MTM5NjMsInVybCI6Imh0dHBzOlwvXC9idWN1cmVzdGl6b28ucm9cL3dwLWNvbnRlbnRcL3VwbG9hZHNcLzIwMjVcLzAzXC9wYXBhZ2FsLWpha28tZHRfMS1MYXJnZS5qcGVnIiwic2xpZGVzaG93IjoiNzg2OTJmNmUifQ%3D%3D\">\n\t\t\t\t\t<div class=\"e-gallery-image elementor-gallery-item__image\" data-thumbnail=\"https:\/\/bucurestizoo.ro\/wp-content\/uploads\/2025\/03\/papagal-jako-dt_1-Large-682x1024.jpeg\" data-width=\"682\" data-height=\"1024\" aria-label=\"\" role=\"img\" ><\/div>\n\t\t\t\t\t\t\t\t\t\t\t<div class=\"elementor-gallery-item__overlay\"><\/div>\n\t\t\t\t\t\t\t\t\t\t\t\t\t\t<\/a>\n\t\t\t\t\t\t\t<a class=\"e-gallery-item elementor-gallery-item elementor-animated-content\" href=\"https:\/\/bucurestizoo.ro\/wp-content\/uploads\/2025\/03\/papagal-jako-dt_3-Large.jpeg\" data-elementor-open-lightbox=\"yes\" data-elementor-lightbox-slideshow=\"78692f6e\" data-elementor-lightbox-title=\"papagal jako dt_3 Large\" data-e-action-hash=\"#elementor-action%3Aaction%3Dlightbox%26settings%3DeyJpZCI6MTM5NjIsInVybCI6Imh0dHBzOlwvXC9idWN1cmVzdGl6b28ucm9cL3dwLWNvbnRlbnRcL3VwbG9hZHNcLzIwMjVcLzAzXC9wYXBhZ2FsLWpha28tZHRfMy1MYXJnZS5qcGVnIiwic2xpZGVzaG93IjoiNzg2OTJmNmUifQ%3D%3D\">\n\t\t\t\t\t<div class=\"e-gallery-image elementor-gallery-item__image\" data-thumbnail=\"https:\/\/bucurestizoo.ro\/wp-content\/uploads\/2025\/03\/papagal-jako-dt_3-Large-682x1024.jpeg\" data-width=\"682\" data-height=\"1024\" aria-label=\"\" role=\"img\" ><\/div>\n\t\t\t\t\t\t\t\t\t\t\t<div class=\"elementor-gallery-item__overlay\"><\/div>\n\t\t\t\t\t\t\t\t\t\t\t\t\t\t<\/a>\n\t\t\t\t\t<\/div>\n\t\t\t\t\t<\/div>\n\t\t\t\t<\/div>\n\t\t\t\t\t<\/div>\n\t\t\t\t<\/div>\n\t\t<div class=\"elementor-element elementor-element-55d430bc animated-slow e-flex e-con-boxed elementor-invisible e-con e-parent\" data-id=\"55d430bc\" data-element_type=\"container\" data-e-type=\"container\" data-settings=\"{&quot;animation&quot;:&quot;fadeInRight&quot;}\">\n\t\t\t\t\t<div class=\"e-con-inner\">\n\t\t\t\t<div class=\"elementor-element elementor-element-21d61d32 elementor-widget elementor-widget-heading\" data-id=\"21d61d32\" data-element_type=\"widget\" data-e-type=\"widget\" data-widget_type=\"heading.default\">\n\t\t\t\t<div class=\"elementor-widget-container\">\n\t\t\t\t\t<h1 class=\"elementor-heading-title elementor-size-default\">Habitat:<\/h1>\t\t\t\t<\/div>\n\t\t\t\t<\/div>\n\t\t\t\t<div class=\"elementor-element elementor-element-4e0cdfa1 elementor-widget elementor-widget-text-editor\" data-id=\"4e0cdfa1\" data-element_type=\"widget\" data-e-type=\"widget\" data-widget_type=\"text-editor.default\">\n\t\t\t\t<div class=\"elementor-widget-container\">\n\t\t\t\t\t\t\t\t\t<p>Papagalii Jako tr\u0103iesc \u00een p\u0103durile tropicale, savanele \u00eemp\u0103durite \u0219i zonele umede de-a lungul r\u00e2urilor.<\/p><p>Se adun\u0103 \u00een stoluri mari \u0219i sunt foarte sociali, comunic\u00e2nd constant prin \u021bipete, fluier\u0103turi \u0219i imita\u021bii ale sunetelor din jur.<\/p><p>Prefer\u0103 copacii \u00eenal\u021bi pentru cuib\u0103rit, unde femelele \u00ee\u0219i depun ou\u0103le \u00een scorburi.<\/p>\t\t\t\t\t\t\t\t<\/div>\n\t\t\t\t<\/div>\n\t\t\t\t\t<\/div>\n\t\t\t\t<\/div>\n\t\t<div class=\"elementor-element elementor-element-4ed97dce e-grid e-con-boxed e-con e-parent\" data-id=\"4ed97dce\" data-element_type=\"container\" data-e-type=\"container\">\n\t\t\t\t\t<div class=\"e-con-inner\">\n\t\t<div class=\"elementor-element elementor-element-3b71865a e-con-full animated-slow e-flex elementor-invisible e-con e-child\" data-id=\"3b71865a\" data-element_type=\"container\" data-e-type=\"container\" data-settings=\"{&quot;animation&quot;:&quot;fadeInLeft&quot;}\">\n\t\t\t\t<div class=\"elementor-element elementor-element-7befccf elementor-widget elementor-widget-heading\" data-id=\"7befccf\" data-element_type=\"widget\" data-e-type=\"widget\" data-widget_type=\"heading.default\">\n\t\t\t\t<div class=\"elementor-widget-container\">\n\t\t\t\t\t<h1 class=\"elementor-heading-title elementor-size-default\">Hran\u0103:<\/h1>\t\t\t\t<\/div>\n\t\t\t\t<\/div>\n\t\t\t\t<div class=\"elementor-element elementor-element-66b2156a elementor-widget elementor-widget-text-editor\" data-id=\"66b2156a\" data-element_type=\"widget\" data-e-type=\"widget\" data-widget_type=\"text-editor.default\">\n\t\t\t\t<div class=\"elementor-widget-container\">\n\t\t\t\t\t\t\t\t\t<p>Sunt frugivori \u0219i granivori, consum\u00e2nd:<\/p><ul><li>Fructe tropicale (banane, guava, mango)<\/li><li>Nuci \u0219i semin\u021be (palmier, migdale)<\/li><li>Muguri \u0219i flori<\/li><li>Insecte \u0219i larve (pentru proteine)<\/li><\/ul><p>\u00cen captivitate, au nevoie de o diet\u0103 foarte variat\u0103, deoarece deficien\u021bele nutritive le pot afecta s\u0103n\u0103tatea.<\/p>\t\t\t\t\t\t\t\t<\/div>\n\t\t\t\t<\/div>\n\t\t\t\t<\/div>\n\t\t<div class=\"elementor-element elementor-element-117b01ff e-con-full animated-slow e-flex elementor-invisible e-con e-child\" data-id=\"117b01ff\" data-element_type=\"container\" data-e-type=\"container\" data-settings=\"{&quot;animation&quot;:&quot;fadeInRight&quot;}\">\n\t\t\t\t<div class=\"elementor-element elementor-element-6465e854 elementor-widget elementor-widget-heading\" data-id=\"6465e854\" data-element_type=\"widget\" data-e-type=\"widget\" data-widget_type=\"heading.default\">\n\t\t\t\t<div class=\"elementor-widget-container\">\n\t\t\t\t\t<h1 class=\"elementor-heading-title elementor-size-default\">Conservare:<\/h1>\t\t\t\t<\/div>\n\t\t\t\t<\/div>\n\t\t\t\t<div class=\"elementor-element elementor-element-710bbf95 elementor-widget elementor-widget-text-editor\" data-id=\"710bbf95\" data-element_type=\"widget\" data-e-type=\"widget\" data-widget_type=\"text-editor.default\">\n\t\t\t\t<div class=\"elementor-widget-container\">\n\t\t\t\t\t\t\t\t\t<p>Specia este clasificat\u0103 ca \u201eVulnerabil\u0103\u201d (Vulnerable &#8211; VU), cu o popula\u021bie \u00een declin din cauza:<\/p><ul><li>Captur\u0103rii masive pentru comer\u021bul ilegal \u2013 peste 1 milion de papagali Jako au fost captura\u021bi \u00een ultimele decenii.<\/li><li>Distrugerii habitatului prin defri\u0219\u0103ri.<\/li><li>Braconajului, deoarece sunt v\u00e2na\u021bi pentru carnea \u0219i penele lor.<\/li><\/ul><p>Comer\u021bul interna\u021bional este interzis prin CITES, iar multe \u021b\u0103ri africane implementeaz\u0103 programe de protec\u021bie \u0219i reabilitare.<\/p><p>Lucruri interesante<\/p><ul><li>Sunt capabili s\u0103 \u00een\u021beleag\u0103 concepte abstracte precum numere, culori \u0219i forme.<\/li><li>Pot dezvolta anxietate de separare, av\u00e2nd nevoie de mult\u0103 aten\u021bie \u0219i stimulare mental\u0103.<\/li><li>Pot recunoa\u0219te emo\u021biile umane \u0219i r\u0103spund la tonul vocii.<\/li><li>\u00cen s\u0103lb\u0103ticie, tr\u0103iesc \u00een comunit\u0103\u021bi complexe, av\u00e2nd rela\u021bii sociale str\u00e2nse.<\/li><\/ul>\t\t\t\t\t\t\t\t<\/div>\n\t\t\t\t<\/div>\n\t\t\t\t<\/div>\n\t\t\t\t\t<\/div>\n\t\t\t\t<\/div>\n\t\t\t\t<\/div>","protected":false},"excerpt":{"rendered":"<p>Papagal Jako Denumire \u0219tiin\u021bific\u0103: Psittacus erithacusOrdin: PsittaciformesFamilie: PsittacidaeGen: PsittacusSpecie: Psittacus erithacusDistribu\u021bie: Africa Central\u0103 \u0219i de Vest \u2013 Angola, Camerun, Congo, Ghana, Gabon, Coasta de Filde\u0219Dimensiuni: 33-40 cm lungime, anvergura aripilor 45-52 cmGreutate: 400-600 gPerioada de incuba\u021bie: 28-30 zileNum\u0103r de pui: 2-4 ou\u0103Speran\u021b\u0103 de via\u021b\u0103: 40-60 ani (p\u00e2n\u0103 la 80 de ani \u00een captivitate) General: Papagalul &hellip; <a href=\"https:\/\/bucurestizoo.ro\/en\/papagal-jako\/\" class=\"more-link\">Continue reading <span class=\"screen-reader-text\">Papagal Jako<\/span><\/a><\/p>","protected":false},"author":1,"featured_media":0,"parent":0,"menu_order":0,"comment_status":"closed","ping_status":"closed","template":"","meta":{"_monsterinsights_skip_tracking":false,"_monsterinsights_sitenote_active":false,"_monsterinsights_sitenote_note":"","_monsterinsights_sitenote_category":0,"footnotes":""},"class_list":["post-13957","page","type-page","status-publish","hentry"],"aioseo_notices":[],"_links":{"self":[{"href":"https:\/\/bucurestizoo.ro\/en\/wp-json\/wp\/v2\/pages\/13957","targetHints":{"allow":["GET"]}}],"collection":[{"href":"https:\/\/bucurestizoo.ro\/en\/wp-json\/wp\/v2\/pages"}],"about":[{"href":"https:\/\/bucurestizoo.ro\/en\/wp-json\/wp\/v2\/types\/page"}],"author":[{"embeddable":true,"href":"https:\/\/bucurestizoo.ro\/en\/wp-json\/wp\/v2\/users\/1"}],"replies":[{"embeddable":true,"href":"https:\/\/bucurestizoo.ro\/en\/wp-json\/wp\/v2\/comments?post=13957"}],"version-history":[{"count":6,"href":"https:\/\/bucurestizoo.ro\/en\/wp-json\/wp\/v2\/pages\/13957\/revisions"}],"predecessor-version":[{"id":13968,"href":"https:\/\/bucurestizoo.ro\/en\/wp-json\/wp\/v2\/pages\/13957\/revisions\/13968"}],"wp:attachment":[{"href":"https:\/\/bucurestizoo.ro\/en\/wp-json\/wp\/v2\/media?parent=13957"}],"curies":[{"name":"wp","href":"https:\/\/api.w.org\/{rel}","templated":true}]}}