{"id":13939,"date":"2025-03-15T15:54:16","date_gmt":"2025-03-15T13:54:16","guid":{"rendered":"https:\/\/n1.bucurestizoo.ro\/?page_id=13939"},"modified":"2025-03-15T16:03:07","modified_gmt":"2025-03-15T14:03:07","slug":"papagal-eclectus","status":"publish","type":"page","link":"https:\/\/bucurestizoo.ro\/en\/papagal-eclectus\/","title":{"rendered":"Papagal Eclectus"},"content":{"rendered":"<div data-elementor-type=\"wp-page\" data-elementor-id=\"13939\" class=\"elementor elementor-13939\" data-elementor-post-type=\"page\">\n\t\t\t\t<div class=\"elementor-element elementor-element-3a1f3e02 e-flex e-con-boxed e-con e-parent\" data-id=\"3a1f3e02\" data-element_type=\"container\" data-e-type=\"container\" data-settings=\"{&quot;background_background&quot;:&quot;classic&quot;}\">\n\t\t\t\t\t<div class=\"e-con-inner\">\n\t\t<div class=\"elementor-element elementor-element-72283ee4 e-con-full e-flex e-con e-child\" data-id=\"72283ee4\" data-element_type=\"container\" data-e-type=\"container\">\n\t\t<div class=\"elementor-element elementor-element-732b94fa e-con-full animated-slow e-flex elementor-invisible e-con e-child\" data-id=\"732b94fa\" data-element_type=\"container\" data-e-type=\"container\" data-settings=\"{&quot;animation&quot;:&quot;fadeInLeft&quot;}\">\n\t\t\t\t<div class=\"elementor-element elementor-element-7905f5e7 elementor-widget elementor-widget-heading\" data-id=\"7905f5e7\" data-element_type=\"widget\" data-e-type=\"widget\" data-widget_type=\"heading.default\">\n\t\t\t\t<div class=\"elementor-widget-container\">\n\t\t\t\t\t<h1 class=\"elementor-heading-title elementor-size-default\">Papagal Eclectus<\/h1>\t\t\t\t<\/div>\n\t\t\t\t<\/div>\n\t\t\t\t<div class=\"elementor-element elementor-element-1f09bc76 elementor-widget elementor-widget-text-editor\" data-id=\"1f09bc76\" data-element_type=\"widget\" data-e-type=\"widget\" data-widget_type=\"text-editor.default\">\n\t\t\t\t<div class=\"elementor-widget-container\">\n\t\t\t\t\t\t\t\t\t<p><strong>Denumire \u0219tiin\u021bific\u0103:<\/strong> Eclectus roratus<br \/><strong>Ordin:<\/strong> Psittaciformes<br \/><strong>Familie:<\/strong> Psittaculidae<br \/><strong>Gen:<\/strong> Eclectus<br \/><strong>Specie:<\/strong> Eclectus roratus<br \/><strong>Distribu\u021bie:<\/strong> Insulele Solomon, Noua Guinee, Indonezia, nord-estul Australiei<br \/><strong>Dimensiuni:<\/strong> 35-40 cm lungime, anvergura aripilor 60-70 cm<br \/><strong>Greutate:<\/strong> 375-550 g<br \/><strong>Perioada de incuba\u021bie:<\/strong> 26-28 zile<br \/><strong>Num\u0103r de pui:<\/strong> 2 ou\u0103<br \/><strong>Speran\u021b\u0103 de via\u021b\u0103:<\/strong> 30-50 de ani (p\u00e2n\u0103 la 75 de ani \u00een captivitate)<\/p>\t\t\t\t\t\t\t\t<\/div>\n\t\t\t\t<\/div>\n\t\t\t\t<\/div>\n\t\t\t\t<div class=\"elementor-element elementor-element-1a51abba elementor-widget-tablet__width-inherit animated-slow elementor-invisible elementor-widget elementor-widget-image\" data-id=\"1a51abba\" data-element_type=\"widget\" data-e-type=\"widget\" data-settings=\"{&quot;_animation&quot;:&quot;fadeInRight&quot;}\" data-widget_type=\"image.default\">\n\t\t\t\t<div class=\"elementor-widget-container\">\n\t\t\t\t\t\t\t\t\t\t\t\t\t\t\t<img fetchpriority=\"high\" decoding=\"async\" width=\"847\" height=\"635\" src=\"https:\/\/bucurestizoo.ro\/wp-content\/uploads\/2025\/03\/Papagal-Eclectus-dt_2-Large-1024x768.jpeg\" class=\"attachment-large size-large wp-image-13947\" alt=\"\" srcset=\"https:\/\/bucurestizoo.ro\/wp-content\/uploads\/2025\/03\/Papagal-Eclectus-dt_2-Large-1024x768.jpeg 1024w, https:\/\/bucurestizoo.ro\/wp-content\/uploads\/2025\/03\/Papagal-Eclectus-dt_2-Large-300x225.jpeg 300w, https:\/\/bucurestizoo.ro\/wp-content\/uploads\/2025\/03\/Papagal-Eclectus-dt_2-Large-768x576.jpeg 768w, https:\/\/bucurestizoo.ro\/wp-content\/uploads\/2025\/03\/Papagal-Eclectus-dt_2-Large-400x300.jpeg 400w, https:\/\/bucurestizoo.ro\/wp-content\/uploads\/2025\/03\/Papagal-Eclectus-dt_2-Large-650x488.jpeg 650w, https:\/\/bucurestizoo.ro\/wp-content\/uploads\/2025\/03\/Papagal-Eclectus-dt_2-Large.jpeg 1280w\" sizes=\"(max-width: 847px) 100vw, 847px\" data-id=\"13947\" \/>\t\t\t\t\t\t\t\t\t\t\t\t\t\t\t<\/div>\n\t\t\t\t<\/div>\n\t\t\t\t<\/div>\n\t\t\t\t\t<\/div>\n\t\t\t\t<\/div>\n\t\t<div class=\"elementor-element elementor-element-37e9e473 animated-slow e-flex e-con-boxed elementor-invisible e-con e-parent\" data-id=\"37e9e473\" data-element_type=\"container\" data-e-type=\"container\" data-settings=\"{&quot;animation&quot;:&quot;fadeInLeft&quot;}\">\n\t\t\t\t\t<div class=\"e-con-inner\">\n\t\t\t\t<div class=\"elementor-element elementor-element-7d0f2e7c elementor-widget elementor-widget-heading\" data-id=\"7d0f2e7c\" data-element_type=\"widget\" data-e-type=\"widget\" data-widget_type=\"heading.default\">\n\t\t\t\t<div class=\"elementor-widget-container\">\n\t\t\t\t\t<h1 class=\"elementor-heading-title elementor-size-default\">General:<\/h1>\t\t\t\t<\/div>\n\t\t\t\t<\/div>\n\t\t\t\t<div class=\"elementor-element elementor-element-313c85a5 elementor-widget elementor-widget-text-editor\" data-id=\"313c85a5\" data-element_type=\"widget\" data-e-type=\"widget\" data-widget_type=\"text-editor.default\">\n\t\t\t\t<div class=\"elementor-widget-container\">\n\t\t\t\t\t\t\t\t\t<p>Papagalul Eclectus este cunoscut pentru dimorfismul sexual extrem de pronun\u021bat \u2013 masculii sunt verzi, iar femelele sunt ro\u0219ii \u0219i albastre. Mult timp s-a crezut c\u0103 sunt dou\u0103 specii diferite din cauza acestor diferen\u021be de culoare.<\/p><p>\u00a0 Este un papagal foarte inteligent, sociabil \u0219i sensibil, av\u00e2nd o capacitate mare de a \u00eenv\u0103\u021ba cuvinte \u0219i fraze. Vocea sa este clar\u0103, iar uneori sunetele produse pot sem\u0103na izbitor cu cele ale oamenilor.<\/p><p>\u00a0 \u00cen s\u0103lb\u0103ticie, tr\u0103iesc \u00een perechi sau \u00een grupuri mici \u0219i sunt foarte teritoriali, \u00een special femelele, care \u00ee\u0219i ap\u0103r\u0103 agresiv locurile de cuib\u0103rit.<\/p><p>\u00a0 Aceste p\u0103s\u0103ri au un sistem social unic \u2013 femelele r\u0103m\u00e2n \u00eentr-un teritoriu fix \u0219i sunt curtate de mai mul\u021bi masculi, care le aduc hran\u0103. Aceast\u0103 strategie le asigur\u0103 supravie\u021buirea, av\u00e2nd \u00een vedere c\u0103 reproducerea lor este dificil\u0103 \u00een natur\u0103.<\/p>\t\t\t\t\t\t\t\t<\/div>\n\t\t\t\t<\/div>\n\t\t\t\t\t<\/div>\n\t\t\t\t<\/div>\n\t\t<div class=\"elementor-element elementor-element-79441e02 e-flex e-con-boxed e-con e-parent\" data-id=\"79441e02\" data-element_type=\"container\" data-e-type=\"container\">\n\t\t\t\t\t<div class=\"e-con-inner\">\n\t\t\t\t<div class=\"elementor-element elementor-element-58f58c5f elementor-widget elementor-widget-gallery\" data-id=\"58f58c5f\" data-element_type=\"widget\" data-e-type=\"widget\" data-settings=\"{&quot;columns&quot;:2,&quot;lazyload&quot;:&quot;yes&quot;,&quot;gallery_layout&quot;:&quot;grid&quot;,&quot;columns_tablet&quot;:2,&quot;columns_mobile&quot;:1,&quot;gap&quot;:{&quot;unit&quot;:&quot;px&quot;,&quot;size&quot;:10,&quot;sizes&quot;:[]},&quot;gap_tablet&quot;:{&quot;unit&quot;:&quot;px&quot;,&quot;size&quot;:10,&quot;sizes&quot;:[]},&quot;gap_mobile&quot;:{&quot;unit&quot;:&quot;px&quot;,&quot;size&quot;:10,&quot;sizes&quot;:[]},&quot;link_to&quot;:&quot;file&quot;,&quot;aspect_ratio&quot;:&quot;3:2&quot;,&quot;overlay_background&quot;:&quot;yes&quot;,&quot;content_hover_animation&quot;:&quot;fade-in&quot;}\" data-widget_type=\"gallery.default\">\n\t\t\t\t<div class=\"elementor-widget-container\">\n\t\t\t\t\t\t\t<div class=\"elementor-gallery__container\">\n\t\t\t\t\t\t\t<a class=\"e-gallery-item elementor-gallery-item elementor-animated-content\" href=\"https:\/\/bucurestizoo.ro\/wp-content\/uploads\/2025\/03\/Papagal-Eclectus-dt_1-Large.jpeg\" data-elementor-open-lightbox=\"yes\" data-elementor-lightbox-slideshow=\"58f58c5f\" data-elementor-lightbox-title=\"Papagal Eclectus dt_1 Large\" data-e-action-hash=\"#elementor-action%3Aaction%3Dlightbox%26settings%3DeyJpZCI6MTM5NDksInVybCI6Imh0dHBzOlwvXC9idWN1cmVzdGl6b28ucm9cL3dwLWNvbnRlbnRcL3VwbG9hZHNcLzIwMjVcLzAzXC9QYXBhZ2FsLUVjbGVjdHVzLWR0XzEtTGFyZ2UuanBlZyIsInNsaWRlc2hvdyI6IjU4ZjU4YzVmIn0%3D\">\n\t\t\t\t\t<div class=\"e-gallery-image elementor-gallery-item__image\" data-thumbnail=\"https:\/\/bucurestizoo.ro\/wp-content\/uploads\/2025\/03\/Papagal-Eclectus-dt_1-Large-1024x768.jpeg\" data-width=\"847\" data-height=\"635\" aria-label=\"\" role=\"img\" ><\/div>\n\t\t\t\t\t\t\t\t\t\t\t<div class=\"elementor-gallery-item__overlay\"><\/div>\n\t\t\t\t\t\t\t\t\t\t\t\t\t\t<\/a>\n\t\t\t\t\t\t\t<a class=\"e-gallery-item elementor-gallery-item elementor-animated-content\" href=\"https:\/\/bucurestizoo.ro\/wp-content\/uploads\/2025\/03\/Papagal-Eclectus-dt_3-Large-e1742047306822.jpeg\" data-elementor-open-lightbox=\"yes\" data-elementor-lightbox-slideshow=\"58f58c5f\" data-elementor-lightbox-title=\"Papagal Eclectus dt_3 Large\" data-e-action-hash=\"#elementor-action%3Aaction%3Dlightbox%26settings%3DeyJpZCI6MTM5NDgsInVybCI6Imh0dHBzOlwvXC9idWN1cmVzdGl6b28ucm9cL3dwLWNvbnRlbnRcL3VwbG9hZHNcLzIwMjVcLzAzXC9QYXBhZ2FsLUVjbGVjdHVzLWR0XzMtTGFyZ2UtZTE3NDIwNDczMDY4MjIuanBlZyIsInNsaWRlc2hvdyI6IjU4ZjU4YzVmIn0%3D\">\n\t\t\t\t\t<div class=\"e-gallery-image elementor-gallery-item__image\" data-thumbnail=\"https:\/\/bucurestizoo.ro\/wp-content\/uploads\/2025\/03\/Papagal-Eclectus-dt_3-Large-e1742047306822-1024x643.jpeg\" data-width=\"847\" data-height=\"532\" aria-label=\"\" role=\"img\" ><\/div>\n\t\t\t\t\t\t\t\t\t\t\t<div class=\"elementor-gallery-item__overlay\"><\/div>\n\t\t\t\t\t\t\t\t\t\t\t\t\t\t<\/a>\n\t\t\t\t\t<\/div>\n\t\t\t\t\t<\/div>\n\t\t\t\t<\/div>\n\t\t\t\t\t<\/div>\n\t\t\t\t<\/div>\n\t\t<div class=\"elementor-element elementor-element-6d0e3b48 animated-slow e-flex e-con-boxed elementor-invisible e-con e-parent\" data-id=\"6d0e3b48\" data-element_type=\"container\" data-e-type=\"container\" data-settings=\"{&quot;animation&quot;:&quot;fadeInRight&quot;}\">\n\t\t\t\t\t<div class=\"e-con-inner\">\n\t\t\t\t<div class=\"elementor-element elementor-element-143c0ef0 elementor-widget elementor-widget-heading\" data-id=\"143c0ef0\" data-element_type=\"widget\" data-e-type=\"widget\" data-widget_type=\"heading.default\">\n\t\t\t\t<div class=\"elementor-widget-container\">\n\t\t\t\t\t<h1 class=\"elementor-heading-title elementor-size-default\">Habitat:<\/h1>\t\t\t\t<\/div>\n\t\t\t\t<\/div>\n\t\t\t\t<div class=\"elementor-element elementor-element-1ee7d496 elementor-widget elementor-widget-text-editor\" data-id=\"1ee7d496\" data-element_type=\"widget\" data-e-type=\"widget\" data-widget_type=\"text-editor.default\">\n\t\t\t\t<div class=\"elementor-widget-container\">\n\t\t\t\t\t\t\t\t\t<p>Papagalii Eclectus prefer\u0103 p\u0103durile tropicale dense, marginile p\u0103durilor \u0219i mangrovele. Sunt \u00eent\u00e2lni\u021bi \u0219i \u00een livezi sau planta\u021bii, unde caut\u0103 hran\u0103.<\/p><p>Se adapteaz\u0103 bine la medii diverse, dar au nevoie de copaci mari pentru cuib\u0103rit, deoarece \u00ee\u0219i depun ou\u0103le \u00een scorburi aflate la mare \u00een\u0103l\u021bime.<\/p><p>\u00cen Noua Guinee, sunt v\u0103zu\u021bi adesea \u00een p\u0103durile montane, unde temperaturile sunt mai bl\u00e2nde, iar hrana este abundent\u0103.<\/p>\t\t\t\t\t\t\t\t<\/div>\n\t\t\t\t<\/div>\n\t\t\t\t\t<\/div>\n\t\t\t\t<\/div>\n\t\t<div class=\"elementor-element elementor-element-7be81b7b e-grid e-con-boxed e-con e-parent\" data-id=\"7be81b7b\" data-element_type=\"container\" data-e-type=\"container\">\n\t\t\t\t\t<div class=\"e-con-inner\">\n\t\t<div class=\"elementor-element elementor-element-29acd63f e-con-full animated-slow e-flex elementor-invisible e-con e-child\" data-id=\"29acd63f\" data-element_type=\"container\" data-e-type=\"container\" data-settings=\"{&quot;animation&quot;:&quot;fadeInLeft&quot;}\">\n\t\t\t\t<div class=\"elementor-element elementor-element-e342efb elementor-widget elementor-widget-heading\" data-id=\"e342efb\" data-element_type=\"widget\" data-e-type=\"widget\" data-widget_type=\"heading.default\">\n\t\t\t\t<div class=\"elementor-widget-container\">\n\t\t\t\t\t<h1 class=\"elementor-heading-title elementor-size-default\">Hran\u0103:<\/h1>\t\t\t\t<\/div>\n\t\t\t\t<\/div>\n\t\t\t\t<div class=\"elementor-element elementor-element-6aa1e4ef elementor-widget elementor-widget-text-editor\" data-id=\"6aa1e4ef\" data-element_type=\"widget\" data-e-type=\"widget\" data-widget_type=\"text-editor.default\">\n\t\t\t\t<div class=\"elementor-widget-container\">\n\t\t\t\t\t\t\t\t\t<p>Sunt frugivori \u0219i consum\u0103 o gam\u0103 variat\u0103 de alimente:<\/p><ul><li>Fructe tropicale (mango, papaya, guava, smochine)<\/li><li>Flori \u0219i nectar<\/li><li>Semin\u021be \u0219i nuci<\/li><li>Muguri \u0219i frunze fragede<\/li><\/ul><p>\u00a0 Datorit\u0103 dietei bogate \u00een fructe, joac\u0103 un rol important \u00een dispersia semin\u021belor \u0219i contribuie la regenerarea p\u0103durilor tropicale.<\/p><p>\u00a0 \u00cen captivitate, necesit\u0103 o diet\u0103 special\u0103, cu multe fructe \u0219i legume, deoarece sistemul lor digestiv este diferit fa\u021b\u0103 de al altor papagali. O diet\u0103 gre\u0219it\u0103 poate duce la probleme hepatice \u0219i obezitate.<\/p>\t\t\t\t\t\t\t\t<\/div>\n\t\t\t\t<\/div>\n\t\t\t\t<\/div>\n\t\t<div class=\"elementor-element elementor-element-582d1a20 e-con-full animated-slow e-flex elementor-invisible e-con e-child\" data-id=\"582d1a20\" data-element_type=\"container\" data-e-type=\"container\" data-settings=\"{&quot;animation&quot;:&quot;fadeInRight&quot;}\">\n\t\t\t\t<div class=\"elementor-element elementor-element-62f4dc78 elementor-widget elementor-widget-heading\" data-id=\"62f4dc78\" data-element_type=\"widget\" data-e-type=\"widget\" data-widget_type=\"heading.default\">\n\t\t\t\t<div class=\"elementor-widget-container\">\n\t\t\t\t\t<h1 class=\"elementor-heading-title elementor-size-default\">Conservare:<\/h1>\t\t\t\t<\/div>\n\t\t\t\t<\/div>\n\t\t\t\t<div class=\"elementor-element elementor-element-54ec4d31 elementor-widget elementor-widget-text-editor\" data-id=\"54ec4d31\" data-element_type=\"widget\" data-e-type=\"widget\" data-widget_type=\"text-editor.default\">\n\t\t\t\t<div class=\"elementor-widget-container\">\n\t\t\t\t\t\t\t\t\t<p>Papagalul Eclectus este \u201ePu\u021bin \u00eengrijor\u0103tor\u201d (Least Concern &#8211; LC), dar popula\u021bia sa este \u00een sc\u0103dere din cauza:<\/p><ul><li>Pierderii habitatului prin defri\u0219\u0103ri<\/li><li>Comer\u021bului ilegal cu p\u0103s\u0103ri exotice<\/li><li>Uciderii de c\u0103tre fermieri, care \u00eel consider\u0103 un d\u0103un\u0103tor pentru culturi<\/li><\/ul><p>\u00cen unele regiuni, sunt proteja\u021bi prin legisla\u021bie strict\u0103, iar comer\u021bul interna\u021bional este reglementat de CITES.<\/p><p><br \/><br \/><\/p>\t\t\t\t\t\t\t\t<\/div>\n\t\t\t\t<\/div>\n\t\t\t\t<\/div>\n\t\t\t\t\t<\/div>\n\t\t\t\t<\/div>\n\t\t\t\t<\/div>","protected":false},"excerpt":{"rendered":"<p>Papagal Eclectus Denumire \u0219tiin\u021bific\u0103: Eclectus roratusOrdin: PsittaciformesFamilie: PsittaculidaeGen: EclectusSpecie: Eclectus roratusDistribu\u021bie: Insulele Solomon, Noua Guinee, Indonezia, nord-estul AustralieiDimensiuni: 35-40 cm lungime, anvergura aripilor 60-70 cmGreutate: 375-550 gPerioada de incuba\u021bie: 26-28 zileNum\u0103r de pui: 2 ou\u0103Speran\u021b\u0103 de via\u021b\u0103: 30-50 de ani (p\u00e2n\u0103 la 75 de ani \u00een captivitate) General: Papagalul Eclectus este cunoscut pentru dimorfismul sexual &hellip; <a href=\"https:\/\/bucurestizoo.ro\/en\/papagal-eclectus\/\" class=\"more-link\">Continue reading <span class=\"screen-reader-text\">Papagal Eclectus<\/span><\/a><\/p>","protected":false},"author":1,"featured_media":0,"parent":0,"menu_order":0,"comment_status":"closed","ping_status":"closed","template":"","meta":{"_monsterinsights_skip_tracking":false,"_monsterinsights_sitenote_active":false,"_monsterinsights_sitenote_note":"","_monsterinsights_sitenote_category":0,"footnotes":""},"class_list":["post-13939","page","type-page","status-publish","hentry"],"aioseo_notices":[],"_links":{"self":[{"href":"https:\/\/bucurestizoo.ro\/en\/wp-json\/wp\/v2\/pages\/13939","targetHints":{"allow":["GET"]}}],"collection":[{"href":"https:\/\/bucurestizoo.ro\/en\/wp-json\/wp\/v2\/pages"}],"about":[{"href":"https:\/\/bucurestizoo.ro\/en\/wp-json\/wp\/v2\/types\/page"}],"author":[{"embeddable":true,"href":"https:\/\/bucurestizoo.ro\/en\/wp-json\/wp\/v2\/users\/1"}],"replies":[{"embeddable":true,"href":"https:\/\/bucurestizoo.ro\/en\/wp-json\/wp\/v2\/comments?post=13939"}],"version-history":[{"count":5,"href":"https:\/\/bucurestizoo.ro\/en\/wp-json\/wp\/v2\/pages\/13939\/revisions"}],"predecessor-version":[{"id":13953,"href":"https:\/\/bucurestizoo.ro\/en\/wp-json\/wp\/v2\/pages\/13939\/revisions\/13953"}],"wp:attachment":[{"href":"https:\/\/bucurestizoo.ro\/en\/wp-json\/wp\/v2\/media?parent=13939"}],"curies":[{"name":"wp","href":"https:\/\/api.w.org\/{rel}","templated":true}]}}