{"id":13933,"date":"2025-03-15T15:46:11","date_gmt":"2025-03-15T13:46:11","guid":{"rendered":"https:\/\/n1.bucurestizoo.ro\/?page_id=13933"},"modified":"2025-03-15T15:50:02","modified_gmt":"2025-03-15T13:50:02","slug":"papagal-amazonian","status":"publish","type":"page","link":"https:\/\/bucurestizoo.ro\/en\/papagal-amazonian\/","title":{"rendered":"Papagal Amazonian"},"content":{"rendered":"<div data-elementor-type=\"wp-page\" data-elementor-id=\"13933\" class=\"elementor elementor-13933\" data-elementor-post-type=\"page\">\n\t\t\t\t<div class=\"elementor-element elementor-element-494cdebc e-flex e-con-boxed e-con e-parent\" data-id=\"494cdebc\" data-element_type=\"container\" data-e-type=\"container\" data-settings=\"{&quot;background_background&quot;:&quot;classic&quot;}\">\n\t\t\t\t\t<div class=\"e-con-inner\">\n\t\t<div class=\"elementor-element elementor-element-787b08bb e-con-full e-flex e-con e-child\" data-id=\"787b08bb\" data-element_type=\"container\" data-e-type=\"container\">\n\t\t<div class=\"elementor-element elementor-element-2d2fa5f9 e-con-full animated-slow e-flex elementor-invisible e-con e-child\" data-id=\"2d2fa5f9\" data-element_type=\"container\" data-e-type=\"container\" data-settings=\"{&quot;animation&quot;:&quot;fadeInLeft&quot;}\">\n\t\t\t\t<div class=\"elementor-element elementor-element-df2d6d3 elementor-widget elementor-widget-heading\" data-id=\"df2d6d3\" data-element_type=\"widget\" data-e-type=\"widget\" data-widget_type=\"heading.default\">\n\t\t\t\t<div class=\"elementor-widget-container\">\n\t\t\t\t\t<h1 class=\"elementor-heading-title elementor-size-default\">Papagalul Amazonian<\/h1>\t\t\t\t<\/div>\n\t\t\t\t<\/div>\n\t\t\t\t<div class=\"elementor-element elementor-element-1d3d0d6d elementor-widget elementor-widget-text-editor\" data-id=\"1d3d0d6d\" data-element_type=\"widget\" data-e-type=\"widget\" data-widget_type=\"text-editor.default\">\n\t\t\t\t<div class=\"elementor-widget-container\">\n\t\t\t\t\t\t\t\t\t<p><strong>Denumire \u0219tiin\u021bific\u0103:<\/strong> Amazona amazonica<br \/><strong>Ordin:<\/strong> Psittaciformes<br \/><strong>Familie:<\/strong> Psittacidae<br \/><strong>Gen:<\/strong> Amazona<br \/><strong>Specie:<\/strong> Amazona amazonica<br \/><strong>Distribu\u021bie:<\/strong> America de Sud \u2013 Brazilia, Venezuela, Columbia, Ecuador, Bolivia, Guyana, Trinidad \u0219i Tobago<br \/><strong>Dimensiuni:<\/strong> 30-35 cm lungime, anvergura aripilor 50-60 cm<br \/><strong>Greutate:<\/strong> 300-400 g<br \/><strong>Perioada de incuba\u021bie:<\/strong> 24-28 zile<br \/><strong>Num\u0103r de pui:<\/strong> 2-4 ou\u0103<br \/><strong>Speran\u021b\u0103 de via\u021b\u0103:<\/strong> 40-50 ani (\u00een captivitate poate ajunge la 60 de ani)<\/p>\t\t\t\t\t\t\t\t<\/div>\n\t\t\t\t<\/div>\n\t\t\t\t<\/div>\n\t\t\t\t<div class=\"elementor-element elementor-element-37772724 elementor-widget-tablet__width-inherit animated-slow elementor-invisible elementor-widget elementor-widget-image\" data-id=\"37772724\" data-element_type=\"widget\" data-e-type=\"widget\" data-settings=\"{&quot;_animation&quot;:&quot;fadeInRight&quot;}\" data-widget_type=\"image.default\">\n\t\t\t\t<div class=\"elementor-widget-container\">\n\t\t\t\t\t\t\t\t\t\t\t\t\t\t\t<img fetchpriority=\"high\" decoding=\"async\" width=\"847\" height=\"564\" src=\"https:\/\/bucurestizoo.ro\/wp-content\/uploads\/2025\/03\/papagal-amazonian-dt_1-Large-1024x682.jpeg\" class=\"attachment-large size-large wp-image-13932\" alt=\"\" srcset=\"https:\/\/bucurestizoo.ro\/wp-content\/uploads\/2025\/03\/papagal-amazonian-dt_1-Large-1024x682.jpeg 1024w, https:\/\/bucurestizoo.ro\/wp-content\/uploads\/2025\/03\/papagal-amazonian-dt_1-Large-300x200.jpeg 300w, https:\/\/bucurestizoo.ro\/wp-content\/uploads\/2025\/03\/papagal-amazonian-dt_1-Large-768x512.jpeg 768w, https:\/\/bucurestizoo.ro\/wp-content\/uploads\/2025\/03\/papagal-amazonian-dt_1-Large-450x300.jpeg 450w, https:\/\/bucurestizoo.ro\/wp-content\/uploads\/2025\/03\/papagal-amazonian-dt_1-Large-650x433.jpeg 650w, https:\/\/bucurestizoo.ro\/wp-content\/uploads\/2025\/03\/papagal-amazonian-dt_1-Large.jpeg 1280w\" sizes=\"(max-width: 847px) 100vw, 847px\" data-id=\"13932\" \/>\t\t\t\t\t\t\t\t\t\t\t\t\t\t\t<\/div>\n\t\t\t\t<\/div>\n\t\t\t\t<\/div>\n\t\t\t\t\t<\/div>\n\t\t\t\t<\/div>\n\t\t<div class=\"elementor-element elementor-element-50f46c0f animated-slow e-flex e-con-boxed elementor-invisible e-con e-parent\" data-id=\"50f46c0f\" data-element_type=\"container\" data-e-type=\"container\" data-settings=\"{&quot;animation&quot;:&quot;fadeInLeft&quot;}\">\n\t\t\t\t\t<div class=\"e-con-inner\">\n\t\t\t\t<div class=\"elementor-element elementor-element-16dc9068 elementor-widget elementor-widget-heading\" data-id=\"16dc9068\" data-element_type=\"widget\" data-e-type=\"widget\" data-widget_type=\"heading.default\">\n\t\t\t\t<div class=\"elementor-widget-container\">\n\t\t\t\t\t<h1 class=\"elementor-heading-title elementor-size-default\">General:<\/h1>\t\t\t\t<\/div>\n\t\t\t\t<\/div>\n\t\t\t\t<div class=\"elementor-element elementor-element-3eb3879 elementor-widget elementor-widget-text-editor\" data-id=\"3eb3879\" data-element_type=\"widget\" data-e-type=\"widget\" data-widget_type=\"text-editor.default\">\n\t\t\t\t<div class=\"elementor-widget-container\">\n\t\t\t\t\t\t\t\t\t<p>Papagalul Amazonian este unul dintre cei mai inteligen\u021bi \u0219i carismatici membri ai familiei Psittacidae. Este recunoscut pentru abilitatea sa de a imita sunete \u0219i cuvinte, dar \u0219i pentru personalitatea sa juc\u0103u\u0219\u0103 \u0219i sociabil\u0103.\u00a0 Penajul este predominant verde, cu pete galbene \u0219i albastre pe cap, iar unele subspecii au \u0219i ro\u0219u pe aripi. Este un zbur\u0103tor puternic, dar \u00ee\u0219i petrece cea mai mare parte a timpului c\u0103\u021b\u0103r\u00e2ndu-se \u00een copaci. Este o pas\u0103re monogam\u0103, form\u00e2nd perechi pe via\u021b\u0103. \u00cen sezonul de \u00eemperechere, masculii devin foarte vocali \u0219i \u00ee\u0219i impresioneaz\u0103 partenerele prin danse \u0219i sunete complexe.\u00a0 Papagalii amazonieni sunt extrem de vocali, comunic\u00e2nd printr-o gam\u0103 variat\u0103 de sunete, inclusiv \u021bipete, fluier\u0103turi \u0219i cuvinte \u00eenv\u0103\u021bate de la oameni.<\/p><p>Papagalii amazonieni pot \u00eenv\u0103\u021ba p\u00e2n\u0103 la 100 de cuvinte \u0219i sunt capabili s\u0103 formeze propozi\u021bii simple.<\/p><p>\u00a0 Unii indivizi dezvolt\u0103 accente regionale, imit\u00e2nd sunetele specifice comunit\u0103\u021bilor \u00een care tr\u0103iesc.<\/p><p>\u00a0 \u00ce\u0219i folosesc ciocul ca pe un al treilea picior, ajut\u00e2ndu-se de el pentru a se c\u0103\u021b\u0103ra \u0219i a manipula obiecte.<\/p><p>\u00a0 Pot tr\u0103i peste 50 de ani, ceea ce \u00eei face angajamente pe termen lung pentru proprietarii de papagali.<\/p><p>Astfel, papagalul Amazonian este una dintre cele mai fascinante \u0219i inteligente p\u0103s\u0103ri din lume, dar \u0219i una dintre cele mai amenin\u021bate de distrugerea habitatului \u0219i comer\u021bul ilegal.<\/p>\t\t\t\t\t\t\t\t<\/div>\n\t\t\t\t<\/div>\n\t\t\t\t\t<\/div>\n\t\t\t\t<\/div>\n\t\t<div class=\"elementor-element elementor-element-15d2194c e-flex e-con-boxed e-con e-parent\" data-id=\"15d2194c\" data-element_type=\"container\" data-e-type=\"container\">\n\t\t\t\t\t<div class=\"e-con-inner\">\n\t\t\t\t<div class=\"elementor-element elementor-element-4844d925 elementor-widget elementor-widget-gallery\" data-id=\"4844d925\" data-element_type=\"widget\" data-e-type=\"widget\" data-settings=\"{&quot;columns&quot;:2,&quot;lazyload&quot;:&quot;yes&quot;,&quot;gallery_layout&quot;:&quot;grid&quot;,&quot;columns_tablet&quot;:2,&quot;columns_mobile&quot;:1,&quot;gap&quot;:{&quot;unit&quot;:&quot;px&quot;,&quot;size&quot;:10,&quot;sizes&quot;:[]},&quot;gap_tablet&quot;:{&quot;unit&quot;:&quot;px&quot;,&quot;size&quot;:10,&quot;sizes&quot;:[]},&quot;gap_mobile&quot;:{&quot;unit&quot;:&quot;px&quot;,&quot;size&quot;:10,&quot;sizes&quot;:[]},&quot;link_to&quot;:&quot;file&quot;,&quot;aspect_ratio&quot;:&quot;3:2&quot;,&quot;overlay_background&quot;:&quot;yes&quot;,&quot;content_hover_animation&quot;:&quot;fade-in&quot;}\" data-widget_type=\"gallery.default\">\n\t\t\t\t<div class=\"elementor-widget-container\">\n\t\t\t\t\t\t\t<div class=\"elementor-gallery__container\">\n\t\t\t\t\t\t\t<a class=\"e-gallery-item elementor-gallery-item elementor-animated-content\" href=\"https:\/\/bucurestizoo.ro\/wp-content\/uploads\/2025\/03\/papagal-amazonian-dt_3-Large.jpeg\" data-elementor-open-lightbox=\"yes\" data-elementor-lightbox-slideshow=\"4844d925\" data-elementor-lightbox-title=\"papagal amazonian dt_3 Large\" data-e-action-hash=\"#elementor-action%3Aaction%3Dlightbox%26settings%3DeyJpZCI6MTM5MzEsInVybCI6Imh0dHBzOlwvXC9idWN1cmVzdGl6b28ucm9cL3dwLWNvbnRlbnRcL3VwbG9hZHNcLzIwMjVcLzAzXC9wYXBhZ2FsLWFtYXpvbmlhbi1kdF8zLUxhcmdlLmpwZWciLCJzbGlkZXNob3ciOiI0ODQ0ZDkyNSJ9\">\n\t\t\t\t\t<div class=\"e-gallery-image elementor-gallery-item__image\" data-thumbnail=\"https:\/\/bucurestizoo.ro\/wp-content\/uploads\/2025\/03\/papagal-amazonian-dt_3-Large-1016x1024.jpeg\" data-width=\"847\" data-height=\"854\" aria-label=\"\" role=\"img\" ><\/div>\n\t\t\t\t\t\t\t\t\t\t\t<div class=\"elementor-gallery-item__overlay\"><\/div>\n\t\t\t\t\t\t\t\t\t\t\t\t\t\t<\/a>\n\t\t\t\t\t\t\t<a class=\"e-gallery-item elementor-gallery-item elementor-animated-content\" href=\"https:\/\/bucurestizoo.ro\/wp-content\/uploads\/2025\/03\/papagal-amazonian-dt_2-Large.jpeg\" data-elementor-open-lightbox=\"yes\" data-elementor-lightbox-slideshow=\"4844d925\" data-elementor-lightbox-title=\"papagal amazonian dt_2 Large\" data-e-action-hash=\"#elementor-action%3Aaction%3Dlightbox%26settings%3DeyJpZCI6MTM5MzAsInVybCI6Imh0dHBzOlwvXC9idWN1cmVzdGl6b28ucm9cL3dwLWNvbnRlbnRcL3VwbG9hZHNcLzIwMjVcLzAzXC9wYXBhZ2FsLWFtYXpvbmlhbi1kdF8yLUxhcmdlLmpwZWciLCJzbGlkZXNob3ciOiI0ODQ0ZDkyNSJ9\">\n\t\t\t\t\t<div class=\"e-gallery-image elementor-gallery-item__image\" data-thumbnail=\"https:\/\/bucurestizoo.ro\/wp-content\/uploads\/2025\/03\/papagal-amazonian-dt_2-Large-1024x682.jpeg\" data-width=\"847\" data-height=\"564\" aria-label=\"\" role=\"img\" ><\/div>\n\t\t\t\t\t\t\t\t\t\t\t<div class=\"elementor-gallery-item__overlay\"><\/div>\n\t\t\t\t\t\t\t\t\t\t\t\t\t\t<\/a>\n\t\t\t\t\t<\/div>\n\t\t\t\t\t<\/div>\n\t\t\t\t<\/div>\n\t\t\t\t\t<\/div>\n\t\t\t\t<\/div>\n\t\t<div class=\"elementor-element elementor-element-4234a663 animated-slow e-flex e-con-boxed elementor-invisible e-con e-parent\" data-id=\"4234a663\" data-element_type=\"container\" data-e-type=\"container\" data-settings=\"{&quot;animation&quot;:&quot;fadeInRight&quot;}\">\n\t\t\t\t\t<div class=\"e-con-inner\">\n\t\t\t\t<div class=\"elementor-element elementor-element-4e4da4ff elementor-widget elementor-widget-heading\" data-id=\"4e4da4ff\" data-element_type=\"widget\" data-e-type=\"widget\" data-widget_type=\"heading.default\">\n\t\t\t\t<div class=\"elementor-widget-container\">\n\t\t\t\t\t<h1 class=\"elementor-heading-title elementor-size-default\">Habitat:<\/h1>\t\t\t\t<\/div>\n\t\t\t\t<\/div>\n\t\t\t\t<div class=\"elementor-element elementor-element-150d1a95 elementor-widget elementor-widget-text-editor\" data-id=\"150d1a95\" data-element_type=\"widget\" data-e-type=\"widget\" data-widget_type=\"text-editor.default\">\n\t\t\t\t<div class=\"elementor-widget-container\">\n\t\t\t\t\t\t\t\t\t<p>Prefer\u0103 p\u0103durile tropicale, p\u0103durile de mangrove, savanele \u00eemp\u0103durite \u0219i regiunile de-a lungul r\u00e2urilor. Se \u00eent\u00e2lne\u0219te \u00een p\u0103durile umede din Amazon, dar \u0219i \u00een zone mai deschise, cum ar fi p\u0103\u0219unile cu arbori izola\u021bi.<\/p><p>\u00a0 Datorit\u0103 defri\u0219\u0103rilor \u0219i a schimb\u0103rilor de habitat, s-a adaptat s\u0103 tr\u0103iasc\u0103 \u0219i \u00een apropierea zonelor urbane, fiind v\u0103zut \u00een gr\u0103dini botanice \u0219i planta\u021bii.<\/p><p>\u00a0 Papagalii amazonieni sunt p\u0103s\u0103ri gregare, tr\u0103ind \u00een grupuri mari \u00een afara sezonului de reproducere. Noaptea, se adun\u0103 \u00een coloniile de dormit, unde sute de indivizi stau \u00eempreun\u0103 \u00een copaci mari.<\/p>\t\t\t\t\t\t\t\t<\/div>\n\t\t\t\t<\/div>\n\t\t\t\t\t<\/div>\n\t\t\t\t<\/div>\n\t\t<div class=\"elementor-element elementor-element-19657860 e-grid e-con-boxed e-con e-parent\" data-id=\"19657860\" data-element_type=\"container\" data-e-type=\"container\">\n\t\t\t\t\t<div class=\"e-con-inner\">\n\t\t<div class=\"elementor-element elementor-element-2c96fc0 e-con-full animated-slow e-flex elementor-invisible e-con e-child\" data-id=\"2c96fc0\" data-element_type=\"container\" data-e-type=\"container\" data-settings=\"{&quot;animation&quot;:&quot;fadeInLeft&quot;}\">\n\t\t\t\t<div class=\"elementor-element elementor-element-26a4477e elementor-widget elementor-widget-heading\" data-id=\"26a4477e\" data-element_type=\"widget\" data-e-type=\"widget\" data-widget_type=\"heading.default\">\n\t\t\t\t<div class=\"elementor-widget-container\">\n\t\t\t\t\t<h1 class=\"elementor-heading-title elementor-size-default\">Hran\u0103:<\/h1>\t\t\t\t<\/div>\n\t\t\t\t<\/div>\n\t\t\t\t<div class=\"elementor-element elementor-element-3d7db777 elementor-widget elementor-widget-text-editor\" data-id=\"3d7db777\" data-element_type=\"widget\" data-e-type=\"widget\" data-widget_type=\"text-editor.default\">\n\t\t\t\t<div class=\"elementor-widget-container\">\n\t\t\t\t\t\t\t\t\t<p>Sunt frugivori \u0219i granivori, av\u00e2nd o diet\u0103 diversificat\u0103:<\/p><ul><li>Fructe tropicale (mango, guava, papaya)<\/li><li>Nuci \u0219i semin\u021be (migdale, nuci de palmier)<\/li><li>Flori \u0219i nectar<\/li><li>Insecte \u0219i larve (consumate ocazional pentru proteine)<\/li><\/ul><p>Papagalii amazonieni joac\u0103 un rol important \u00een ecosistem, ajut\u00e2nd la dispersia semin\u021belor \u0219i la regenerarea p\u0103durilor tropicale.\u00a0 \u00cen captivitate, au nevoie de o diet\u0103 echilibrat\u0103, altfel pot dezvolta obezitate \u0219i probleme de s\u0103n\u0103tate.<\/p>\t\t\t\t\t\t\t\t<\/div>\n\t\t\t\t<\/div>\n\t\t\t\t<\/div>\n\t\t<div class=\"elementor-element elementor-element-145a09f2 e-con-full animated-slow e-flex elementor-invisible e-con e-child\" data-id=\"145a09f2\" data-element_type=\"container\" data-e-type=\"container\" data-settings=\"{&quot;animation&quot;:&quot;fadeInRight&quot;}\">\n\t\t\t\t<div class=\"elementor-element elementor-element-79dcbe62 elementor-widget elementor-widget-heading\" data-id=\"79dcbe62\" data-element_type=\"widget\" data-e-type=\"widget\" data-widget_type=\"heading.default\">\n\t\t\t\t<div class=\"elementor-widget-container\">\n\t\t\t\t\t<h1 class=\"elementor-heading-title elementor-size-default\">Conservare:<\/h1>\t\t\t\t<\/div>\n\t\t\t\t<\/div>\n\t\t\t\t<div class=\"elementor-element elementor-element-7fc3d8d4 elementor-widget elementor-widget-text-editor\" data-id=\"7fc3d8d4\" data-element_type=\"widget\" data-e-type=\"widget\" data-widget_type=\"text-editor.default\">\n\t\t\t\t<div class=\"elementor-widget-container\">\n\t\t\t\t\t\t\t\t\t<p>Papagalul Amazonian este clasificat ca \u201eAproape Amenin\u021bat\u201d (Near Threatened &#8211; NT), din cauza:<\/p><ul><li>Defri\u0219\u0103rilor masive din America de Sud, care reduc habitatele naturale.<\/li><li>Captur\u0103rii ilegale pentru comer\u021bul cu p\u0103s\u0103ri exotice. Este unul dintre cei mai trafica\u021bi papagali din lume.<\/li><li>Conflictului cu fermierii, deoarece atac\u0103 livezile \u0219i planta\u021biile de nuci \u0219i fructe.<\/li><\/ul><p>\u00cen unele \u021b\u0103ri, sunt implementate programe de reproducere \u0219i eliberare \u00een s\u0103lb\u0103ticie, iar comer\u021bul interna\u021bional este strict reglementat prin CITES (Conven\u021bia privind comer\u021bul interna\u021bional cu specii pe cale de dispari\u021bie).<\/p><p>\u00a0 Pentru conservarea speciei, este esen\u021bial\u0103 protejarea p\u0103durilor tropicale \u0219i combaterea braconajului.<\/p>\t\t\t\t\t\t\t\t<\/div>\n\t\t\t\t<\/div>\n\t\t\t\t<\/div>\n\t\t\t\t\t<\/div>\n\t\t\t\t<\/div>\n\t\t\t\t<\/div>","protected":false},"excerpt":{"rendered":"<p>Papagalul Amazonian Denumire \u0219tiin\u021bific\u0103: Amazona amazonicaOrdin: PsittaciformesFamilie: PsittacidaeGen: AmazonaSpecie: Amazona amazonicaDistribu\u021bie: America de Sud \u2013 Brazilia, Venezuela, Columbia, Ecuador, Bolivia, Guyana, Trinidad \u0219i TobagoDimensiuni: 30-35 cm lungime, anvergura aripilor 50-60 cmGreutate: 300-400 gPerioada de incuba\u021bie: 24-28 zileNum\u0103r de pui: 2-4 ou\u0103Speran\u021b\u0103 de via\u021b\u0103: 40-50 ani (\u00een captivitate poate ajunge la 60 de ani) General: Papagalul &hellip; <a href=\"https:\/\/bucurestizoo.ro\/en\/papagal-amazonian\/\" class=\"more-link\">Continue reading <span class=\"screen-reader-text\">Papagal Amazonian<\/span><\/a><\/p>","protected":false},"author":1,"featured_media":0,"parent":0,"menu_order":0,"comment_status":"closed","ping_status":"closed","template":"","meta":{"_monsterinsights_skip_tracking":false,"_monsterinsights_sitenote_active":false,"_monsterinsights_sitenote_note":"","_monsterinsights_sitenote_category":0,"footnotes":""},"class_list":["post-13933","page","type-page","status-publish","hentry"],"aioseo_notices":[],"_links":{"self":[{"href":"https:\/\/bucurestizoo.ro\/en\/wp-json\/wp\/v2\/pages\/13933","targetHints":{"allow":["GET"]}}],"collection":[{"href":"https:\/\/bucurestizoo.ro\/en\/wp-json\/wp\/v2\/pages"}],"about":[{"href":"https:\/\/bucurestizoo.ro\/en\/wp-json\/wp\/v2\/types\/page"}],"author":[{"embeddable":true,"href":"https:\/\/bucurestizoo.ro\/en\/wp-json\/wp\/v2\/users\/1"}],"replies":[{"embeddable":true,"href":"https:\/\/bucurestizoo.ro\/en\/wp-json\/wp\/v2\/comments?post=13933"}],"version-history":[{"count":4,"href":"https:\/\/bucurestizoo.ro\/en\/wp-json\/wp\/v2\/pages\/13933\/revisions"}],"predecessor-version":[{"id":13938,"href":"https:\/\/bucurestizoo.ro\/en\/wp-json\/wp\/v2\/pages\/13933\/revisions\/13938"}],"wp:attachment":[{"href":"https:\/\/bucurestizoo.ro\/en\/wp-json\/wp\/v2\/media?parent=13933"}],"curies":[{"name":"wp","href":"https:\/\/api.w.org\/{rel}","templated":true}]}}