{"id":13912,"date":"2025-03-15T15:26:09","date_gmt":"2025-03-15T13:26:09","guid":{"rendered":"https:\/\/n1.bucurestizoo.ro\/?page_id=13912"},"modified":"2025-03-15T15:29:56","modified_gmt":"2025-03-15T13:29:56","slug":"ibisul-rosu","status":"publish","type":"page","link":"https:\/\/bucurestizoo.ro\/en\/ibisul-rosu\/","title":{"rendered":"Ibisul Ro\u0219u"},"content":{"rendered":"<div data-elementor-type=\"wp-page\" data-elementor-id=\"13912\" class=\"elementor elementor-13912\" data-elementor-post-type=\"page\">\n\t\t\t\t<div class=\"elementor-element elementor-element-50803820 e-flex e-con-boxed e-con e-parent\" data-id=\"50803820\" data-element_type=\"container\" data-e-type=\"container\" data-settings=\"{&quot;background_background&quot;:&quot;classic&quot;}\">\n\t\t\t\t\t<div class=\"e-con-inner\">\n\t\t<div class=\"elementor-element elementor-element-6a5969a3 e-con-full e-flex e-con e-child\" data-id=\"6a5969a3\" data-element_type=\"container\" data-e-type=\"container\">\n\t\t<div class=\"elementor-element elementor-element-b114577 e-con-full animated-slow e-flex elementor-invisible e-con e-child\" data-id=\"b114577\" data-element_type=\"container\" data-e-type=\"container\" data-settings=\"{&quot;animation&quot;:&quot;fadeInLeft&quot;}\">\n\t\t\t\t<div class=\"elementor-element elementor-element-495891d2 elementor-widget elementor-widget-heading\" data-id=\"495891d2\" data-element_type=\"widget\" data-e-type=\"widget\" data-widget_type=\"heading.default\">\n\t\t\t\t<div class=\"elementor-widget-container\">\n\t\t\t\t\t<h1 class=\"elementor-heading-title elementor-size-default\">Ibisul Ro\u0219u<\/h1>\t\t\t\t<\/div>\n\t\t\t\t<\/div>\n\t\t\t\t<div class=\"elementor-element elementor-element-33bf5d42 elementor-widget elementor-widget-text-editor\" data-id=\"33bf5d42\" data-element_type=\"widget\" data-e-type=\"widget\" data-widget_type=\"text-editor.default\">\n\t\t\t\t<div class=\"elementor-widget-container\">\n\t\t\t\t\t\t\t\t\t<p><strong>Denumire \u0219tiin\u021bific\u0103:<\/strong> Eudocimus ruber<br \/><strong>Ordin:<\/strong> Pelecaniformes<br \/><strong>Familie:<\/strong> Threskiornithidae<br \/><strong>Gen:<\/strong> Eudocimus<br \/><strong>Specie:<\/strong> Eudocimus ruber<br \/><strong>Distribu\u021bie:<\/strong> America de Sud \u2013 Venezuela, Brazilia, Columbia<br \/><strong>Dimensiuni:<\/strong> 56-63 cm lungime, anvergura aripilor 90-105 cm<br \/><strong>Greutate:<\/strong> 1-1,3 kg<br \/><strong>Perioada de incuba\u021bie:<\/strong> 21-23 zile<br \/><strong>Num\u0103r de pui:<\/strong> 3-5 ou\u0103<br \/><strong>Speran\u021b\u0103 de via\u021b\u0103:<\/strong> 15-20 ani<\/p>\t\t\t\t\t\t\t\t<\/div>\n\t\t\t\t<\/div>\n\t\t\t\t<\/div>\n\t\t\t\t<div class=\"elementor-element elementor-element-3fe63cec elementor-widget-tablet__width-inherit animated-slow elementor-invisible elementor-widget elementor-widget-image\" data-id=\"3fe63cec\" data-element_type=\"widget\" data-e-type=\"widget\" data-settings=\"{&quot;_animation&quot;:&quot;fadeInRight&quot;}\" data-widget_type=\"image.default\">\n\t\t\t\t<div class=\"elementor-widget-container\">\n\t\t\t\t\t\t\t\t\t\t\t\t\t\t\t<img fetchpriority=\"high\" decoding=\"async\" width=\"847\" height=\"564\" src=\"https:\/\/bucurestizoo.ro\/wp-content\/uploads\/2025\/03\/ibisul-rosu-dt_1-Large-1024x682.jpeg\" class=\"attachment-large size-large wp-image-13919\" alt=\"\" srcset=\"https:\/\/bucurestizoo.ro\/wp-content\/uploads\/2025\/03\/ibisul-rosu-dt_1-Large-1024x682.jpeg 1024w, https:\/\/bucurestizoo.ro\/wp-content\/uploads\/2025\/03\/ibisul-rosu-dt_1-Large-300x200.jpeg 300w, https:\/\/bucurestizoo.ro\/wp-content\/uploads\/2025\/03\/ibisul-rosu-dt_1-Large-768x512.jpeg 768w, https:\/\/bucurestizoo.ro\/wp-content\/uploads\/2025\/03\/ibisul-rosu-dt_1-Large-450x300.jpeg 450w, https:\/\/bucurestizoo.ro\/wp-content\/uploads\/2025\/03\/ibisul-rosu-dt_1-Large-650x433.jpeg 650w, https:\/\/bucurestizoo.ro\/wp-content\/uploads\/2025\/03\/ibisul-rosu-dt_1-Large.jpeg 1280w\" sizes=\"(max-width: 847px) 100vw, 847px\" data-id=\"13919\" \/>\t\t\t\t\t\t\t\t\t\t\t\t\t\t\t<\/div>\n\t\t\t\t<\/div>\n\t\t\t\t<\/div>\n\t\t\t\t\t<\/div>\n\t\t\t\t<\/div>\n\t\t<div class=\"elementor-element elementor-element-2d96b5d2 animated-slow e-flex e-con-boxed elementor-invisible e-con e-parent\" data-id=\"2d96b5d2\" data-element_type=\"container\" data-e-type=\"container\" data-settings=\"{&quot;animation&quot;:&quot;fadeInLeft&quot;}\">\n\t\t\t\t\t<div class=\"e-con-inner\">\n\t\t\t\t<div class=\"elementor-element elementor-element-2687bcbb elementor-widget elementor-widget-heading\" data-id=\"2687bcbb\" data-element_type=\"widget\" data-e-type=\"widget\" data-widget_type=\"heading.default\">\n\t\t\t\t<div class=\"elementor-widget-container\">\n\t\t\t\t\t<h1 class=\"elementor-heading-title elementor-size-default\">General:<\/h1>\t\t\t\t<\/div>\n\t\t\t\t<\/div>\n\t\t\t\t<div class=\"elementor-element elementor-element-3f26395b elementor-widget elementor-widget-text-editor\" data-id=\"3f26395b\" data-element_type=\"widget\" data-e-type=\"widget\" data-widget_type=\"text-editor.default\">\n\t\t\t\t<div class=\"elementor-widget-container\">\n\t\t\t\t\t\t\t\t\t<p>Ibisul ro\u0219u (Eudocimus ruber)\u00a0este una dintre cele mai spectaculoase p\u0103s\u0103ri din regiunile ml\u0103\u0219tinoase ale Americii de Sud \u0219i Centrale, renumit\u0103 pentru penajul s\u0103u ro\u0219u intens, care \u00eel face u\u0219or de recunoscut.\u00a0 Aceast\u0103 culoare provine din dieta bogat\u0103 \u00een crustacee care con\u021bin carotenoizi. Se adun\u0103 \u00een grupuri mari \u0219i este un zbur\u0103tor excelent, capabil s\u0103 migreze pe distan\u021be mari. Ibisul ro\u0219u joac\u0103 un rol important \u00een ecosistemele locale, fiind un pr\u0103d\u0103tor al speciilor mici din mediul acvatic.<\/p>\t\t\t\t\t\t\t\t<\/div>\n\t\t\t\t<\/div>\n\t\t\t\t\t<\/div>\n\t\t\t\t<\/div>\n\t\t<div class=\"elementor-element elementor-element-5d042aa e-flex e-con-boxed e-con e-parent\" data-id=\"5d042aa\" data-element_type=\"container\" data-e-type=\"container\">\n\t\t\t\t\t<div class=\"e-con-inner\">\n\t\t\t\t<div class=\"elementor-element elementor-element-7f9089a9 elementor-widget elementor-widget-gallery\" data-id=\"7f9089a9\" data-element_type=\"widget\" data-e-type=\"widget\" data-settings=\"{&quot;columns&quot;:2,&quot;lazyload&quot;:&quot;yes&quot;,&quot;gallery_layout&quot;:&quot;grid&quot;,&quot;columns_tablet&quot;:2,&quot;columns_mobile&quot;:1,&quot;gap&quot;:{&quot;unit&quot;:&quot;px&quot;,&quot;size&quot;:10,&quot;sizes&quot;:[]},&quot;gap_tablet&quot;:{&quot;unit&quot;:&quot;px&quot;,&quot;size&quot;:10,&quot;sizes&quot;:[]},&quot;gap_mobile&quot;:{&quot;unit&quot;:&quot;px&quot;,&quot;size&quot;:10,&quot;sizes&quot;:[]},&quot;link_to&quot;:&quot;file&quot;,&quot;aspect_ratio&quot;:&quot;3:2&quot;,&quot;overlay_background&quot;:&quot;yes&quot;,&quot;content_hover_animation&quot;:&quot;fade-in&quot;}\" data-widget_type=\"gallery.default\">\n\t\t\t\t<div class=\"elementor-widget-container\">\n\t\t\t\t\t\t\t<div class=\"elementor-gallery__container\">\n\t\t\t\t\t\t\t<a class=\"e-gallery-item elementor-gallery-item elementor-animated-content\" href=\"https:\/\/bucurestizoo.ro\/wp-content\/uploads\/2025\/03\/ibisul-rosu-dt_3-Large.jpeg\" data-elementor-open-lightbox=\"yes\" data-elementor-lightbox-slideshow=\"7f9089a9\" data-elementor-lightbox-title=\"ibisul rosu dt_3 Large\" data-e-action-hash=\"#elementor-action%3Aaction%3Dlightbox%26settings%3DeyJpZCI6MTM5MTgsInVybCI6Imh0dHBzOlwvXC9idWN1cmVzdGl6b28ucm9cL3dwLWNvbnRlbnRcL3VwbG9hZHNcLzIwMjVcLzAzXC9pYmlzdWwtcm9zdS1kdF8zLUxhcmdlLmpwZWciLCJzbGlkZXNob3ciOiI3ZjkwODlhOSJ9\">\n\t\t\t\t\t<div class=\"e-gallery-image elementor-gallery-item__image\" data-thumbnail=\"https:\/\/bucurestizoo.ro\/wp-content\/uploads\/2025\/03\/ibisul-rosu-dt_3-Large-1024x682.jpeg\" data-width=\"847\" data-height=\"564\" aria-label=\"\" role=\"img\" ><\/div>\n\t\t\t\t\t\t\t\t\t\t\t<div class=\"elementor-gallery-item__overlay\"><\/div>\n\t\t\t\t\t\t\t\t\t\t\t\t\t\t<\/a>\n\t\t\t\t\t\t\t<a class=\"e-gallery-item elementor-gallery-item elementor-animated-content\" href=\"https:\/\/bucurestizoo.ro\/wp-content\/uploads\/2025\/03\/ibisul-rosu-dt_2-Large.jpeg\" data-elementor-open-lightbox=\"yes\" data-elementor-lightbox-slideshow=\"7f9089a9\" data-elementor-lightbox-title=\"ibisul rosu dt_2 Large\" data-e-action-hash=\"#elementor-action%3Aaction%3Dlightbox%26settings%3DeyJpZCI6MTM5MTcsInVybCI6Imh0dHBzOlwvXC9idWN1cmVzdGl6b28ucm9cL3dwLWNvbnRlbnRcL3VwbG9hZHNcLzIwMjVcLzAzXC9pYmlzdWwtcm9zdS1kdF8yLUxhcmdlLmpwZWciLCJzbGlkZXNob3ciOiI3ZjkwODlhOSJ9\">\n\t\t\t\t\t<div class=\"e-gallery-image elementor-gallery-item__image\" data-thumbnail=\"https:\/\/bucurestizoo.ro\/wp-content\/uploads\/2025\/03\/ibisul-rosu-dt_2-Large-1024x683.jpeg\" data-width=\"847\" data-height=\"565\" aria-label=\"\" role=\"img\" ><\/div>\n\t\t\t\t\t\t\t\t\t\t\t<div class=\"elementor-gallery-item__overlay\"><\/div>\n\t\t\t\t\t\t\t\t\t\t\t\t\t\t<\/a>\n\t\t\t\t\t<\/div>\n\t\t\t\t\t<\/div>\n\t\t\t\t<\/div>\n\t\t\t\t\t<\/div>\n\t\t\t\t<\/div>\n\t\t<div class=\"elementor-element elementor-element-667010bb animated-slow e-flex e-con-boxed elementor-invisible e-con e-parent\" data-id=\"667010bb\" data-element_type=\"container\" data-e-type=\"container\" data-settings=\"{&quot;animation&quot;:&quot;fadeInRight&quot;}\">\n\t\t\t\t\t<div class=\"e-con-inner\">\n\t\t\t\t<div class=\"elementor-element elementor-element-473224d8 elementor-widget elementor-widget-heading\" data-id=\"473224d8\" data-element_type=\"widget\" data-e-type=\"widget\" data-widget_type=\"heading.default\">\n\t\t\t\t<div class=\"elementor-widget-container\">\n\t\t\t\t\t<h1 class=\"elementor-heading-title elementor-size-default\">Habitat:<\/h1>\t\t\t\t<\/div>\n\t\t\t\t<\/div>\n\t\t\t\t<div class=\"elementor-element elementor-element-3bcce415 elementor-widget elementor-widget-text-editor\" data-id=\"3bcce415\" data-element_type=\"widget\" data-e-type=\"widget\" data-widget_type=\"text-editor.default\">\n\t\t\t\t<div class=\"elementor-widget-container\">\n\t\t\t\t\t\t\t\t\t<p>Prefer\u0103 mangrovele, estuarele, mla\u0219tinile \u0219i lagunele tropicale. Aceast\u0103 pas\u0103re fascinant\u0103\u00a0tr\u0103ie\u0219te \u00een colonii mari. Nu este o pasare migratoare.<\/p>\t\t\t\t\t\t\t\t<\/div>\n\t\t\t\t<\/div>\n\t\t\t\t\t<\/div>\n\t\t\t\t<\/div>\n\t\t<div class=\"elementor-element elementor-element-358dc0f2 e-grid e-con-boxed e-con e-parent\" data-id=\"358dc0f2\" data-element_type=\"container\" data-e-type=\"container\">\n\t\t\t\t\t<div class=\"e-con-inner\">\n\t\t<div class=\"elementor-element elementor-element-690e6490 e-con-full animated-slow e-flex elementor-invisible e-con e-child\" data-id=\"690e6490\" data-element_type=\"container\" data-e-type=\"container\" data-settings=\"{&quot;animation&quot;:&quot;fadeInLeft&quot;}\">\n\t\t\t\t<div class=\"elementor-element elementor-element-543ddf96 elementor-widget elementor-widget-heading\" data-id=\"543ddf96\" data-element_type=\"widget\" data-e-type=\"widget\" data-widget_type=\"heading.default\">\n\t\t\t\t<div class=\"elementor-widget-container\">\n\t\t\t\t\t<h1 class=\"elementor-heading-title elementor-size-default\">Hran\u0103:<\/h1>\t\t\t\t<\/div>\n\t\t\t\t<\/div>\n\t\t\t\t<div class=\"elementor-element elementor-element-4fed9bba elementor-widget elementor-widget-text-editor\" data-id=\"4fed9bba\" data-element_type=\"widget\" data-e-type=\"widget\" data-widget_type=\"text-editor.default\">\n\t\t\t\t<div class=\"elementor-widget-container\">\n\t\t\t\t\t\t\t\t\t<p>Se hr\u0103ne\u0219te \u00een principal cu crustacee \u0219i insecte acvatice care sunt o sursa de carotenoizi, folosindu-se de ciocul s\u0103u lung \u0219i curbat pentru a g\u0103si hrana \u00een m\u00e2l.\u00a0 Consuma si pe\u0219ti mici \u0219i molu\u0219te. Precum celelalte specii, ibisul rosu isi gaseste hrana folosindu-se de simtul tactil si mai putin de cel vizual. El sondeaza noroiul moale cu ciocul sau lung si incovoiat, mergand incet prin apa mlastinoasa.<\/p>\t\t\t\t\t\t\t\t<\/div>\n\t\t\t\t<\/div>\n\t\t\t\t<\/div>\n\t\t<div class=\"elementor-element elementor-element-3a8a2b28 e-con-full animated-slow e-flex elementor-invisible e-con e-child\" data-id=\"3a8a2b28\" data-element_type=\"container\" data-e-type=\"container\" data-settings=\"{&quot;animation&quot;:&quot;fadeInRight&quot;}\">\n\t\t\t\t<div class=\"elementor-element elementor-element-6efd976f elementor-widget elementor-widget-heading\" data-id=\"6efd976f\" data-element_type=\"widget\" data-e-type=\"widget\" data-widget_type=\"heading.default\">\n\t\t\t\t<div class=\"elementor-widget-container\">\n\t\t\t\t\t<h1 class=\"elementor-heading-title elementor-size-default\">Conservare:<\/h1>\t\t\t\t<\/div>\n\t\t\t\t<\/div>\n\t\t\t\t<div class=\"elementor-element elementor-element-538d4d79 elementor-widget elementor-widget-text-editor\" data-id=\"538d4d79\" data-element_type=\"widget\" data-e-type=\"widget\" data-widget_type=\"text-editor.default\">\n\t\t\t\t<div class=\"elementor-widget-container\">\n\t\t\t\t\t\t\t\t\t<p>Afectat de desp\u0103durirea mangrovelor \u0219i braconaj, dar popula\u021biile sunt stabile.<\/p>\t\t\t\t\t\t\t\t<\/div>\n\t\t\t\t<\/div>\n\t\t\t\t<\/div>\n\t\t\t\t\t<\/div>\n\t\t\t\t<\/div>\n\t\t\t\t<\/div>","protected":false},"excerpt":{"rendered":"<p>Ibisul Ro\u0219u Denumire \u0219tiin\u021bific\u0103: Eudocimus ruberOrdin: PelecaniformesFamilie: ThreskiornithidaeGen: EudocimusSpecie: Eudocimus ruberDistribu\u021bie: America de Sud \u2013 Venezuela, Brazilia, ColumbiaDimensiuni: 56-63 cm lungime, anvergura aripilor 90-105 cmGreutate: 1-1,3 kgPerioada de incuba\u021bie: 21-23 zileNum\u0103r de pui: 3-5 ou\u0103Speran\u021b\u0103 de via\u021b\u0103: 15-20 ani General: Ibisul ro\u0219u (Eudocimus ruber)\u00a0este una dintre cele mai spectaculoase p\u0103s\u0103ri din regiunile ml\u0103\u0219tinoase ale Americii &hellip; <a href=\"https:\/\/bucurestizoo.ro\/en\/ibisul-rosu\/\" class=\"more-link\">Continue reading <span class=\"screen-reader-text\">Ibisul Ro\u0219u<\/span><\/a><\/p>","protected":false},"author":1,"featured_media":0,"parent":0,"menu_order":0,"comment_status":"closed","ping_status":"closed","template":"","meta":{"_monsterinsights_skip_tracking":false,"_monsterinsights_sitenote_active":false,"_monsterinsights_sitenote_note":"","_monsterinsights_sitenote_category":0,"footnotes":""},"class_list":["post-13912","page","type-page","status-publish","hentry"],"aioseo_notices":[],"_links":{"self":[{"href":"https:\/\/bucurestizoo.ro\/en\/wp-json\/wp\/v2\/pages\/13912","targetHints":{"allow":["GET"]}}],"collection":[{"href":"https:\/\/bucurestizoo.ro\/en\/wp-json\/wp\/v2\/pages"}],"about":[{"href":"https:\/\/bucurestizoo.ro\/en\/wp-json\/wp\/v2\/types\/page"}],"author":[{"embeddable":true,"href":"https:\/\/bucurestizoo.ro\/en\/wp-json\/wp\/v2\/users\/1"}],"replies":[{"embeddable":true,"href":"https:\/\/bucurestizoo.ro\/en\/wp-json\/wp\/v2\/comments?post=13912"}],"version-history":[{"count":7,"href":"https:\/\/bucurestizoo.ro\/en\/wp-json\/wp\/v2\/pages\/13912\/revisions"}],"predecessor-version":[{"id":13922,"href":"https:\/\/bucurestizoo.ro\/en\/wp-json\/wp\/v2\/pages\/13912\/revisions\/13922"}],"wp:attachment":[{"href":"https:\/\/bucurestizoo.ro\/en\/wp-json\/wp\/v2\/media?parent=13912"}],"curies":[{"name":"wp","href":"https:\/\/api.w.org\/{rel}","templated":true}]}}