{"id":13907,"date":"2025-03-15T15:18:52","date_gmt":"2025-03-15T13:18:52","guid":{"rendered":"https:\/\/n1.bucurestizoo.ro\/?page_id=13907"},"modified":"2025-03-15T15:21:53","modified_gmt":"2025-03-15T13:21:53","slug":"gasca-ross","status":"publish","type":"page","link":"https:\/\/bucurestizoo.ro\/en\/gasca-ross\/","title":{"rendered":"G\u00e2sca Ross"},"content":{"rendered":"<div data-elementor-type=\"wp-page\" data-elementor-id=\"13907\" class=\"elementor elementor-13907\" data-elementor-post-type=\"page\">\n\t\t\t\t<div class=\"elementor-element elementor-element-b2bd7de e-flex e-con-boxed e-con e-parent\" data-id=\"b2bd7de\" data-element_type=\"container\" data-e-type=\"container\" data-settings=\"{&quot;background_background&quot;:&quot;classic&quot;}\">\n\t\t\t\t\t<div class=\"e-con-inner\">\n\t\t<div class=\"elementor-element elementor-element-1603bd32 e-con-full e-flex e-con e-child\" data-id=\"1603bd32\" data-element_type=\"container\" data-e-type=\"container\">\n\t\t<div class=\"elementor-element elementor-element-711fa016 e-con-full animated-slow e-flex elementor-invisible e-con e-child\" data-id=\"711fa016\" data-element_type=\"container\" data-e-type=\"container\" data-settings=\"{&quot;animation&quot;:&quot;fadeInLeft&quot;}\">\n\t\t\t\t<div class=\"elementor-element elementor-element-3c73db52 elementor-widget elementor-widget-heading\" data-id=\"3c73db52\" data-element_type=\"widget\" data-e-type=\"widget\" data-widget_type=\"heading.default\">\n\t\t\t\t<div class=\"elementor-widget-container\">\n\t\t\t\t\t<h1 class=\"elementor-heading-title elementor-size-default\">G\u00e2sca Ross<\/h1>\t\t\t\t<\/div>\n\t\t\t\t<\/div>\n\t\t\t\t<div class=\"elementor-element elementor-element-1ffce58 elementor-widget elementor-widget-text-editor\" data-id=\"1ffce58\" data-element_type=\"widget\" data-e-type=\"widget\" data-widget_type=\"text-editor.default\">\n\t\t\t\t<div class=\"elementor-widget-container\">\n\t\t\t\t\t\t\t\t\t<p><strong>Denumire \u0219tiin\u021bific\u0103:<\/strong> Anser rossii<br \/><strong>Ordin:<\/strong> Anseriformes<br \/><strong>Familie:<\/strong> Anatidae<br \/><strong>Gen:<\/strong> Anser<br \/><strong>Specie:<\/strong> Anser rossii<br \/><strong>Distribu\u021bie:<\/strong> America de Nord \u2013 Canada, SUA (\u00een migra\u021bie)<br \/><strong>Dimensiuni:<\/strong> 55-66 cm lungime, anvergura aripilor 110-120 cm<br \/><strong>Greutate:<\/strong> 1-1,5 kg<br \/><strong>Perioada de incuba\u021bie:<\/strong> 22-25 zile<br \/><strong>Num\u0103r de pui:<\/strong> 3-5 ou\u0103<br \/><strong>Speran\u021b\u0103 de via\u021b\u0103:<\/strong> 10-15 ani<\/p>\t\t\t\t\t\t\t\t<\/div>\n\t\t\t\t<\/div>\n\t\t\t\t<\/div>\n\t\t\t\t<div class=\"elementor-element elementor-element-2eff9085 elementor-widget-tablet__width-inherit animated-slow elementor-invisible elementor-widget elementor-widget-image\" data-id=\"2eff9085\" data-element_type=\"widget\" data-e-type=\"widget\" data-settings=\"{&quot;_animation&quot;:&quot;fadeInRight&quot;}\" data-widget_type=\"image.default\">\n\t\t\t\t<div class=\"elementor-widget-container\">\n\t\t\t\t\t\t\t\t\t\t\t\t\t\t\t<img fetchpriority=\"high\" decoding=\"async\" width=\"847\" height=\"564\" src=\"https:\/\/bucurestizoo.ro\/wp-content\/uploads\/2025\/03\/Gasca-Ross-dt_2-Large-1024x682.jpeg\" class=\"attachment-large size-large wp-image-13904\" alt=\"\" srcset=\"https:\/\/bucurestizoo.ro\/wp-content\/uploads\/2025\/03\/Gasca-Ross-dt_2-Large-1024x682.jpeg 1024w, https:\/\/bucurestizoo.ro\/wp-content\/uploads\/2025\/03\/Gasca-Ross-dt_2-Large-300x200.jpeg 300w, https:\/\/bucurestizoo.ro\/wp-content\/uploads\/2025\/03\/Gasca-Ross-dt_2-Large-768x512.jpeg 768w, https:\/\/bucurestizoo.ro\/wp-content\/uploads\/2025\/03\/Gasca-Ross-dt_2-Large-450x300.jpeg 450w, https:\/\/bucurestizoo.ro\/wp-content\/uploads\/2025\/03\/Gasca-Ross-dt_2-Large-650x433.jpeg 650w, https:\/\/bucurestizoo.ro\/wp-content\/uploads\/2025\/03\/Gasca-Ross-dt_2-Large.jpeg 1280w\" sizes=\"(max-width: 847px) 100vw, 847px\" data-id=\"13904\" \/>\t\t\t\t\t\t\t\t\t\t\t\t\t\t\t<\/div>\n\t\t\t\t<\/div>\n\t\t\t\t<\/div>\n\t\t\t\t\t<\/div>\n\t\t\t\t<\/div>\n\t\t<div class=\"elementor-element elementor-element-643cb4c8 animated-slow e-flex e-con-boxed elementor-invisible e-con e-parent\" data-id=\"643cb4c8\" data-element_type=\"container\" data-e-type=\"container\" data-settings=\"{&quot;animation&quot;:&quot;fadeInLeft&quot;}\">\n\t\t\t\t\t<div class=\"e-con-inner\">\n\t\t\t\t<div class=\"elementor-element elementor-element-448628ba elementor-widget elementor-widget-heading\" data-id=\"448628ba\" data-element_type=\"widget\" data-e-type=\"widget\" data-widget_type=\"heading.default\">\n\t\t\t\t<div class=\"elementor-widget-container\">\n\t\t\t\t\t<h1 class=\"elementor-heading-title elementor-size-default\">General:<\/h1>\t\t\t\t<\/div>\n\t\t\t\t<\/div>\n\t\t\t\t<div class=\"elementor-element elementor-element-6eb3e692 elementor-widget elementor-widget-text-editor\" data-id=\"6eb3e692\" data-element_type=\"widget\" data-e-type=\"widget\" data-widget_type=\"text-editor.default\">\n\t\t\t\t<div class=\"elementor-widget-container\">\n\t\t\t\t\t\t\t\t\t<p>G\u00e2sca Ross este una dintre cele mai mici specii de g\u00e2\u0219te s\u0103lbatice din America de Nord. Este adesea confundat\u0103 cu g\u00e2sca z\u0103pezilor, dar se deosebe\u0219te prin dimensiunea mai mic\u0103 \u0219i ciocul mai scurt.<\/p><p>Este o pas\u0103re foarte migratoare, petrec\u00e2nd vara \u00een regiunile arctice din Canada \u0219i iarna \u00een Statele Unite \u0219i Mexic.<\/p><p>\u00cen sezonul de \u00eemperechere, g\u00e2\u0219tele Ross formeaz\u0103 colonii mari, iar perechile sunt monogame.<\/p>\t\t\t\t\t\t\t\t<\/div>\n\t\t\t\t<\/div>\n\t\t\t\t\t<\/div>\n\t\t\t\t<\/div>\n\t\t<div class=\"elementor-element elementor-element-17709705 e-flex e-con-boxed e-con e-parent\" data-id=\"17709705\" data-element_type=\"container\" data-e-type=\"container\">\n\t\t\t\t\t<div class=\"e-con-inner\">\n\t\t\t\t<div class=\"elementor-element elementor-element-6fea823b elementor-widget elementor-widget-gallery\" data-id=\"6fea823b\" data-element_type=\"widget\" data-e-type=\"widget\" data-settings=\"{&quot;columns&quot;:2,&quot;lazyload&quot;:&quot;yes&quot;,&quot;gallery_layout&quot;:&quot;grid&quot;,&quot;columns_tablet&quot;:2,&quot;columns_mobile&quot;:1,&quot;gap&quot;:{&quot;unit&quot;:&quot;px&quot;,&quot;size&quot;:10,&quot;sizes&quot;:[]},&quot;gap_tablet&quot;:{&quot;unit&quot;:&quot;px&quot;,&quot;size&quot;:10,&quot;sizes&quot;:[]},&quot;gap_mobile&quot;:{&quot;unit&quot;:&quot;px&quot;,&quot;size&quot;:10,&quot;sizes&quot;:[]},&quot;link_to&quot;:&quot;file&quot;,&quot;aspect_ratio&quot;:&quot;3:2&quot;,&quot;overlay_background&quot;:&quot;yes&quot;,&quot;content_hover_animation&quot;:&quot;fade-in&quot;}\" data-widget_type=\"gallery.default\">\n\t\t\t\t<div class=\"elementor-widget-container\">\n\t\t\t\t\t\t\t<div class=\"elementor-gallery__container\">\n\t\t\t\t\t\t\t<a class=\"e-gallery-item elementor-gallery-item elementor-animated-content\" href=\"https:\/\/bucurestizoo.ro\/wp-content\/uploads\/2025\/03\/Gasca-Ross-dt_1-Large.jpeg\" data-elementor-open-lightbox=\"yes\" data-elementor-lightbox-slideshow=\"6fea823b\" data-elementor-lightbox-title=\"Ga\u0302sca Ross dt_1 Large\" data-e-action-hash=\"#elementor-action%3Aaction%3Dlightbox%26settings%3DeyJpZCI6MTM5MDYsInVybCI6Imh0dHBzOlwvXC9idWN1cmVzdGl6b28ucm9cL3dwLWNvbnRlbnRcL3VwbG9hZHNcLzIwMjVcLzAzXC9HYXNjYS1Sb3NzLWR0XzEtTGFyZ2UuanBlZyIsInNsaWRlc2hvdyI6IjZmZWE4MjNiIn0%3D\">\n\t\t\t\t\t<div class=\"e-gallery-image elementor-gallery-item__image\" data-thumbnail=\"https:\/\/bucurestizoo.ro\/wp-content\/uploads\/2025\/03\/Gasca-Ross-dt_1-Large-1024x682.jpeg\" data-width=\"847\" data-height=\"564\" aria-label=\"\" role=\"img\" ><\/div>\n\t\t\t\t\t\t\t\t\t\t\t<div class=\"elementor-gallery-item__overlay\"><\/div>\n\t\t\t\t\t\t\t\t\t\t\t\t\t\t<\/a>\n\t\t\t\t\t\t\t<a class=\"e-gallery-item elementor-gallery-item elementor-animated-content\" href=\"https:\/\/bucurestizoo.ro\/wp-content\/uploads\/2025\/03\/Gasca-Ross-dt_3-Large.jpeg\" data-elementor-open-lightbox=\"yes\" data-elementor-lightbox-slideshow=\"6fea823b\" data-elementor-lightbox-title=\"Ga\u0302sca Ross dt_3 Large\" data-e-action-hash=\"#elementor-action%3Aaction%3Dlightbox%26settings%3DeyJpZCI6MTM5MDUsInVybCI6Imh0dHBzOlwvXC9idWN1cmVzdGl6b28ucm9cL3dwLWNvbnRlbnRcL3VwbG9hZHNcLzIwMjVcLzAzXC9HYXNjYS1Sb3NzLWR0XzMtTGFyZ2UuanBlZyIsInNsaWRlc2hvdyI6IjZmZWE4MjNiIn0%3D\">\n\t\t\t\t\t<div class=\"e-gallery-image elementor-gallery-item__image\" data-thumbnail=\"https:\/\/bucurestizoo.ro\/wp-content\/uploads\/2025\/03\/Gasca-Ross-dt_3-Large-1024x682.jpeg\" data-width=\"847\" data-height=\"564\" aria-label=\"\" role=\"img\" ><\/div>\n\t\t\t\t\t\t\t\t\t\t\t<div class=\"elementor-gallery-item__overlay\"><\/div>\n\t\t\t\t\t\t\t\t\t\t\t\t\t\t<\/a>\n\t\t\t\t\t<\/div>\n\t\t\t\t\t<\/div>\n\t\t\t\t<\/div>\n\t\t\t\t\t<\/div>\n\t\t\t\t<\/div>\n\t\t<div class=\"elementor-element elementor-element-4f1c4b3c animated-slow e-flex e-con-boxed elementor-invisible e-con e-parent\" data-id=\"4f1c4b3c\" data-element_type=\"container\" data-e-type=\"container\" data-settings=\"{&quot;animation&quot;:&quot;fadeInRight&quot;}\">\n\t\t\t\t\t<div class=\"e-con-inner\">\n\t\t\t\t<div class=\"elementor-element elementor-element-5fddd7c9 elementor-widget elementor-widget-heading\" data-id=\"5fddd7c9\" data-element_type=\"widget\" data-e-type=\"widget\" data-widget_type=\"heading.default\">\n\t\t\t\t<div class=\"elementor-widget-container\">\n\t\t\t\t\t<h1 class=\"elementor-heading-title elementor-size-default\">Habitat:<\/h1>\t\t\t\t<\/div>\n\t\t\t\t<\/div>\n\t\t\t\t<div class=\"elementor-element elementor-element-39eef89d elementor-widget elementor-widget-text-editor\" data-id=\"39eef89d\" data-element_type=\"widget\" data-e-type=\"widget\" data-widget_type=\"text-editor.default\">\n\t\t\t\t<div class=\"elementor-widget-container\">\n\t\t\t\t\t\t\t\t\t<ul><li>Cuib\u0103re\u0219te \u00een tundra arctic\u0103 a Canadei, unde \u00ee\u0219i construie\u0219te cuiburile pe sol, \u00een apropierea mla\u0219tinilor.<\/li><li>Iarna migreaz\u0103 spre zone umede, r\u00e2uri \u0219i c\u00e2mpii agricole din sudul SUA \u0219i Mexic.<\/li><\/ul>\t\t\t\t\t\t\t\t<\/div>\n\t\t\t\t<\/div>\n\t\t\t\t\t<\/div>\n\t\t\t\t<\/div>\n\t\t<div class=\"elementor-element elementor-element-152a0325 e-grid e-con-boxed e-con e-parent\" data-id=\"152a0325\" data-element_type=\"container\" data-e-type=\"container\">\n\t\t\t\t\t<div class=\"e-con-inner\">\n\t\t<div class=\"elementor-element elementor-element-9e59e0 e-con-full animated-slow e-flex elementor-invisible e-con e-child\" data-id=\"9e59e0\" data-element_type=\"container\" data-e-type=\"container\" data-settings=\"{&quot;animation&quot;:&quot;fadeInLeft&quot;}\">\n\t\t\t\t<div class=\"elementor-element elementor-element-4bc20769 elementor-widget elementor-widget-heading\" data-id=\"4bc20769\" data-element_type=\"widget\" data-e-type=\"widget\" data-widget_type=\"heading.default\">\n\t\t\t\t<div class=\"elementor-widget-container\">\n\t\t\t\t\t<h1 class=\"elementor-heading-title elementor-size-default\">Hran\u0103:<\/h1>\t\t\t\t<\/div>\n\t\t\t\t<\/div>\n\t\t\t\t<div class=\"elementor-element elementor-element-70a9722e elementor-widget elementor-widget-text-editor\" data-id=\"70a9722e\" data-element_type=\"widget\" data-e-type=\"widget\" data-widget_type=\"text-editor.default\">\n\t\t\t\t<div class=\"elementor-widget-container\">\n\t\t\t\t\t\t\t\t\t<p>G\u00e2sca Ross este erbivor\u0103 \u0219i consum\u0103:<\/p><ul><li>Ierburi \u0219i r\u0103d\u0103cini \u2013 \u00een tundr\u0103.<\/li><li>Semin\u021be \u0219i boabe \u2013 \u00een timpul migra\u021biei, pe terenurile agricole.<\/li><li>Plante acvatice \u2013 ocazional.<\/li><\/ul>\t\t\t\t\t\t\t\t<\/div>\n\t\t\t\t<\/div>\n\t\t\t\t<\/div>\n\t\t<div class=\"elementor-element elementor-element-bdd9508 e-con-full animated-slow e-flex elementor-invisible e-con e-child\" data-id=\"bdd9508\" data-element_type=\"container\" data-e-type=\"container\" data-settings=\"{&quot;animation&quot;:&quot;fadeInRight&quot;}\">\n\t\t\t\t<div class=\"elementor-element elementor-element-3650b355 elementor-widget elementor-widget-heading\" data-id=\"3650b355\" data-element_type=\"widget\" data-e-type=\"widget\" data-widget_type=\"heading.default\">\n\t\t\t\t<div class=\"elementor-widget-container\">\n\t\t\t\t\t<h1 class=\"elementor-heading-title elementor-size-default\">Conservare:<\/h1>\t\t\t\t<\/div>\n\t\t\t\t<\/div>\n\t\t\t\t<div class=\"elementor-element elementor-element-8c17881 elementor-widget elementor-widget-text-editor\" data-id=\"8c17881\" data-element_type=\"widget\" data-e-type=\"widget\" data-widget_type=\"text-editor.default\">\n\t\t\t\t<div class=\"elementor-widget-container\">\n\t\t\t\t\t\t\t\t\t<p>Clasificat\u0103 ca \u201eNepericlitat\u0103\u201d (LC), dar afectat\u0103 de:<\/p><ul><li>Schimb\u0103rile climatice \u2013 care reduc habitatele din tundra arctic\u0103.<\/li><li>V\u00e2n\u0103toarea \u2013 \u00een unele state americane este permis\u0103 v\u00e2n\u0103toarea controlat\u0103.<\/li><\/ul>\t\t\t\t\t\t\t\t<\/div>\n\t\t\t\t<\/div>\n\t\t\t\t<\/div>\n\t\t\t\t\t<\/div>\n\t\t\t\t<\/div>\n\t\t\t\t<\/div>","protected":false},"excerpt":{"rendered":"<p>G\u00e2sca Ross Denumire \u0219tiin\u021bific\u0103: Anser rossiiOrdin: AnseriformesFamilie: AnatidaeGen: AnserSpecie: Anser rossiiDistribu\u021bie: America de Nord \u2013 Canada, SUA (\u00een migra\u021bie)Dimensiuni: 55-66 cm lungime, anvergura aripilor 110-120 cmGreutate: 1-1,5 kgPerioada de incuba\u021bie: 22-25 zileNum\u0103r de pui: 3-5 ou\u0103Speran\u021b\u0103 de via\u021b\u0103: 10-15 ani General: G\u00e2sca Ross este una dintre cele mai mici specii de g\u00e2\u0219te s\u0103lbatice din America &hellip; <a href=\"https:\/\/bucurestizoo.ro\/en\/gasca-ross\/\" class=\"more-link\">Continue reading <span class=\"screen-reader-text\">G\u00e2sca Ross<\/span><\/a><\/p>","protected":false},"author":1,"featured_media":0,"parent":0,"menu_order":0,"comment_status":"closed","ping_status":"closed","template":"","meta":{"_monsterinsights_skip_tracking":false,"_monsterinsights_sitenote_active":false,"_monsterinsights_sitenote_note":"","_monsterinsights_sitenote_category":0,"footnotes":""},"class_list":["post-13907","page","type-page","status-publish","hentry"],"aioseo_notices":[],"_links":{"self":[{"href":"https:\/\/bucurestizoo.ro\/en\/wp-json\/wp\/v2\/pages\/13907","targetHints":{"allow":["GET"]}}],"collection":[{"href":"https:\/\/bucurestizoo.ro\/en\/wp-json\/wp\/v2\/pages"}],"about":[{"href":"https:\/\/bucurestizoo.ro\/en\/wp-json\/wp\/v2\/types\/page"}],"author":[{"embeddable":true,"href":"https:\/\/bucurestizoo.ro\/en\/wp-json\/wp\/v2\/users\/1"}],"replies":[{"embeddable":true,"href":"https:\/\/bucurestizoo.ro\/en\/wp-json\/wp\/v2\/comments?post=13907"}],"version-history":[{"count":4,"href":"https:\/\/bucurestizoo.ro\/en\/wp-json\/wp\/v2\/pages\/13907\/revisions"}],"predecessor-version":[{"id":13911,"href":"https:\/\/bucurestizoo.ro\/en\/wp-json\/wp\/v2\/pages\/13907\/revisions\/13911"}],"wp:attachment":[{"href":"https:\/\/bucurestizoo.ro\/en\/wp-json\/wp\/v2\/media?parent=13907"}],"curies":[{"name":"wp","href":"https:\/\/api.w.org\/{rel}","templated":true}]}}