{"id":13895,"date":"2025-03-15T15:10:52","date_gmt":"2025-03-15T13:10:52","guid":{"rendered":"https:\/\/n1.bucurestizoo.ro\/?page_id=13895"},"modified":"2025-03-15T15:14:25","modified_gmt":"2025-03-15T13:14:25","slug":"gasca-magelan","status":"publish","type":"page","link":"https:\/\/bucurestizoo.ro\/en\/gasca-magelan\/","title":{"rendered":"G\u00e2sca Magelan"},"content":{"rendered":"<div data-elementor-type=\"wp-page\" data-elementor-id=\"13895\" class=\"elementor elementor-13895\" data-elementor-post-type=\"page\">\n\t\t\t\t<div class=\"elementor-element elementor-element-56ffac43 e-flex e-con-boxed e-con e-parent\" data-id=\"56ffac43\" data-element_type=\"container\" data-e-type=\"container\" data-settings=\"{&quot;background_background&quot;:&quot;classic&quot;}\">\n\t\t\t\t\t<div class=\"e-con-inner\">\n\t\t<div class=\"elementor-element elementor-element-106f861f e-con-full e-flex e-con e-child\" data-id=\"106f861f\" data-element_type=\"container\" data-e-type=\"container\">\n\t\t<div class=\"elementor-element elementor-element-24ccad68 e-con-full animated-slow e-flex elementor-invisible e-con e-child\" data-id=\"24ccad68\" data-element_type=\"container\" data-e-type=\"container\" data-settings=\"{&quot;animation&quot;:&quot;fadeInLeft&quot;}\">\n\t\t\t\t<div class=\"elementor-element elementor-element-6569f298 elementor-widget elementor-widget-heading\" data-id=\"6569f298\" data-element_type=\"widget\" data-e-type=\"widget\" data-widget_type=\"heading.default\">\n\t\t\t\t<div class=\"elementor-widget-container\">\n\t\t\t\t\t<h1 class=\"elementor-heading-title elementor-size-default\">G\u00e2sca Magelan<\/h1>\t\t\t\t<\/div>\n\t\t\t\t<\/div>\n\t\t\t\t<div class=\"elementor-element elementor-element-41e254fc elementor-widget elementor-widget-text-editor\" data-id=\"41e254fc\" data-element_type=\"widget\" data-e-type=\"widget\" data-widget_type=\"text-editor.default\">\n\t\t\t\t<div class=\"elementor-widget-container\">\n\t\t\t\t\t\t\t\t\t<p><strong>Denumire \u0219tiin\u021bific\u0103:<\/strong> Chloephaga picta<br \/><strong>Ordin:<\/strong> Anseriformes<br \/><strong>Familie:<\/strong> Anatidae<br \/><strong>Gen:<\/strong> Chloephaga<br \/><strong>Specie:<\/strong> Chloephaga picta<br \/><strong>Distribu\u021bie:<\/strong> America de Sud \u2013 sudul Argentinei \u0219i Chile, inclusiv Insulele Falkland<br \/><strong>Dimensiuni:<\/strong> 60-72 cm lungime, anvergura aripilor 120-135 cm<br \/><strong>Greutate:<\/strong> 2,5-3,5 kg<br \/><strong>Perioada de incuba\u021bie:<\/strong> 28-30 zile<br \/><strong>Num\u0103r de pui:<\/strong> 4-6 ou\u0103<br \/><strong>Speran\u021b\u0103 de via\u021b\u0103:<\/strong> 15-20 ani \u00een s\u0103lb\u0103ticie<\/p>\t\t\t\t\t\t\t\t<\/div>\n\t\t\t\t<\/div>\n\t\t\t\t<\/div>\n\t\t\t\t<div class=\"elementor-element elementor-element-7bec91a7 elementor-widget-tablet__width-inherit animated-slow elementor-invisible elementor-widget elementor-widget-image\" data-id=\"7bec91a7\" data-element_type=\"widget\" data-e-type=\"widget\" data-settings=\"{&quot;_animation&quot;:&quot;fadeInRight&quot;}\" data-widget_type=\"image.default\">\n\t\t\t\t<div class=\"elementor-widget-container\">\n\t\t\t\t\t\t\t\t\t\t\t\t\t\t\t<img fetchpriority=\"high\" decoding=\"async\" width=\"847\" height=\"566\" src=\"https:\/\/bucurestizoo.ro\/wp-content\/uploads\/2025\/03\/gasca-magelan-dt_1-Large-1024x684.jpeg\" class=\"attachment-large size-large wp-image-13900\" alt=\"\" srcset=\"https:\/\/bucurestizoo.ro\/wp-content\/uploads\/2025\/03\/gasca-magelan-dt_1-Large-1024x684.jpeg 1024w, https:\/\/bucurestizoo.ro\/wp-content\/uploads\/2025\/03\/gasca-magelan-dt_1-Large-300x200.jpeg 300w, https:\/\/bucurestizoo.ro\/wp-content\/uploads\/2025\/03\/gasca-magelan-dt_1-Large-768x513.jpeg 768w, https:\/\/bucurestizoo.ro\/wp-content\/uploads\/2025\/03\/gasca-magelan-dt_1-Large-449x300.jpeg 449w, https:\/\/bucurestizoo.ro\/wp-content\/uploads\/2025\/03\/gasca-magelan-dt_1-Large-650x434.jpeg 650w, https:\/\/bucurestizoo.ro\/wp-content\/uploads\/2025\/03\/gasca-magelan-dt_1-Large.jpeg 1280w\" sizes=\"(max-width: 847px) 100vw, 847px\" data-id=\"13900\" \/>\t\t\t\t\t\t\t\t\t\t\t\t\t\t\t<\/div>\n\t\t\t\t<\/div>\n\t\t\t\t<\/div>\n\t\t\t\t\t<\/div>\n\t\t\t\t<\/div>\n\t\t<div class=\"elementor-element elementor-element-6505010f animated-slow e-flex e-con-boxed elementor-invisible e-con e-parent\" data-id=\"6505010f\" data-element_type=\"container\" data-e-type=\"container\" data-settings=\"{&quot;animation&quot;:&quot;fadeInLeft&quot;}\">\n\t\t\t\t\t<div class=\"e-con-inner\">\n\t\t\t\t<div class=\"elementor-element elementor-element-5ab8ff1 elementor-widget elementor-widget-heading\" data-id=\"5ab8ff1\" data-element_type=\"widget\" data-e-type=\"widget\" data-widget_type=\"heading.default\">\n\t\t\t\t<div class=\"elementor-widget-container\">\n\t\t\t\t\t<h1 class=\"elementor-heading-title elementor-size-default\">General:<\/h1>\t\t\t\t<\/div>\n\t\t\t\t<\/div>\n\t\t\t\t<div class=\"elementor-element elementor-element-3d7eab2b elementor-widget elementor-widget-text-editor\" data-id=\"3d7eab2b\" data-element_type=\"widget\" data-e-type=\"widget\" data-widget_type=\"text-editor.default\">\n\t\t\t\t<div class=\"elementor-widget-container\">\n\t\t\t\t\t\t\t\t\t<p>G\u00e2sca Magelan este o specie remarcabil\u0103, cunoscut\u0103 pentru dimorfismul sexual pronun\u021bat:<\/p><ul><li>Masculii au penaj alb str\u0103lucitor, cu aripi negre \u0219i v\u00e2rfuri albe.<\/li><li>Femelele sunt maronii, cu dungi negre pe spate \u0219i abdomen.<\/li><\/ul><p>Este o pas\u0103re foarte social\u0103, tr\u0103ind \u00een perechi sau \u00een grupuri mici. \u00cen timpul migra\u021biei, se adun\u0103 \u00een stoluri mari. Este teritorial\u0103 \u00een sezonul de \u00eemperechere \u0219i poate alunga alte p\u0103s\u0103ri din apropierea cuibului.\u00a0<\/p><p>O caracteristic\u0103 interesant\u0103 este zborul s\u0103u rapid \u0219i puternic, ceea ce o face diferit\u0103 de alte g\u00e2\u0219te din genul Chloephaga.<\/p>\t\t\t\t\t\t\t\t<\/div>\n\t\t\t\t<\/div>\n\t\t\t\t\t<\/div>\n\t\t\t\t<\/div>\n\t\t<div class=\"elementor-element elementor-element-79fc90ac e-flex e-con-boxed e-con e-parent\" data-id=\"79fc90ac\" data-element_type=\"container\" data-e-type=\"container\">\n\t\t\t\t\t<div class=\"e-con-inner\">\n\t\t\t\t<div class=\"elementor-element elementor-element-12c97c60 elementor-widget elementor-widget-gallery\" data-id=\"12c97c60\" data-element_type=\"widget\" data-e-type=\"widget\" data-settings=\"{&quot;columns&quot;:2,&quot;lazyload&quot;:&quot;yes&quot;,&quot;gallery_layout&quot;:&quot;grid&quot;,&quot;columns_tablet&quot;:2,&quot;columns_mobile&quot;:1,&quot;gap&quot;:{&quot;unit&quot;:&quot;px&quot;,&quot;size&quot;:10,&quot;sizes&quot;:[]},&quot;gap_tablet&quot;:{&quot;unit&quot;:&quot;px&quot;,&quot;size&quot;:10,&quot;sizes&quot;:[]},&quot;gap_mobile&quot;:{&quot;unit&quot;:&quot;px&quot;,&quot;size&quot;:10,&quot;sizes&quot;:[]},&quot;link_to&quot;:&quot;file&quot;,&quot;aspect_ratio&quot;:&quot;3:2&quot;,&quot;overlay_background&quot;:&quot;yes&quot;,&quot;content_hover_animation&quot;:&quot;fade-in&quot;}\" data-widget_type=\"gallery.default\">\n\t\t\t\t<div class=\"elementor-widget-container\">\n\t\t\t\t\t\t\t<div class=\"elementor-gallery__container\">\n\t\t\t\t\t\t\t<a class=\"e-gallery-item elementor-gallery-item elementor-animated-content\" href=\"https:\/\/bucurestizoo.ro\/wp-content\/uploads\/2025\/03\/gasca-magelan-dt_3-Large.jpeg\" data-elementor-open-lightbox=\"yes\" data-elementor-lightbox-slideshow=\"12c97c60\" data-elementor-lightbox-title=\"gasca magelan dt_3 Large\" data-e-action-hash=\"#elementor-action%3Aaction%3Dlightbox%26settings%3DeyJpZCI6MTM4OTksInVybCI6Imh0dHBzOlwvXC9idWN1cmVzdGl6b28ucm9cL3dwLWNvbnRlbnRcL3VwbG9hZHNcLzIwMjVcLzAzXC9nYXNjYS1tYWdlbGFuLWR0XzMtTGFyZ2UuanBlZyIsInNsaWRlc2hvdyI6IjEyYzk3YzYwIn0%3D\">\n\t\t\t\t\t<div class=\"e-gallery-image elementor-gallery-item__image\" data-thumbnail=\"https:\/\/bucurestizoo.ro\/wp-content\/uploads\/2025\/03\/gasca-magelan-dt_3-Large-1024x686.jpeg\" data-width=\"847\" data-height=\"567\" aria-label=\"\" role=\"img\" ><\/div>\n\t\t\t\t\t\t\t\t\t\t\t<div class=\"elementor-gallery-item__overlay\"><\/div>\n\t\t\t\t\t\t\t\t\t\t\t\t\t\t<\/a>\n\t\t\t\t\t\t\t<a class=\"e-gallery-item elementor-gallery-item elementor-animated-content\" href=\"https:\/\/bucurestizoo.ro\/wp-content\/uploads\/2025\/03\/gasca-magelan-dt_2-Large.jpeg\" data-elementor-open-lightbox=\"yes\" data-elementor-lightbox-slideshow=\"12c97c60\" data-elementor-lightbox-title=\"gasca magelan dt_2 Large\" data-e-action-hash=\"#elementor-action%3Aaction%3Dlightbox%26settings%3DeyJpZCI6MTM4OTgsInVybCI6Imh0dHBzOlwvXC9idWN1cmVzdGl6b28ucm9cL3dwLWNvbnRlbnRcL3VwbG9hZHNcLzIwMjVcLzAzXC9nYXNjYS1tYWdlbGFuLWR0XzItTGFyZ2UuanBlZyIsInNsaWRlc2hvdyI6IjEyYzk3YzYwIn0%3D\">\n\t\t\t\t\t<div class=\"e-gallery-image elementor-gallery-item__image\" data-thumbnail=\"https:\/\/bucurestizoo.ro\/wp-content\/uploads\/2025\/03\/gasca-magelan-dt_2-Large-1024x566.jpeg\" data-width=\"847\" data-height=\"468\" aria-label=\"\" role=\"img\" ><\/div>\n\t\t\t\t\t\t\t\t\t\t\t<div class=\"elementor-gallery-item__overlay\"><\/div>\n\t\t\t\t\t\t\t\t\t\t\t\t\t\t<\/a>\n\t\t\t\t\t<\/div>\n\t\t\t\t\t<\/div>\n\t\t\t\t<\/div>\n\t\t\t\t\t<\/div>\n\t\t\t\t<\/div>\n\t\t<div class=\"elementor-element elementor-element-2f43ac8f animated-slow e-flex e-con-boxed elementor-invisible e-con e-parent\" data-id=\"2f43ac8f\" data-element_type=\"container\" data-e-type=\"container\" data-settings=\"{&quot;animation&quot;:&quot;fadeInRight&quot;}\">\n\t\t\t\t\t<div class=\"e-con-inner\">\n\t\t\t\t<div class=\"elementor-element elementor-element-18a3477 elementor-widget elementor-widget-heading\" data-id=\"18a3477\" data-element_type=\"widget\" data-e-type=\"widget\" data-widget_type=\"heading.default\">\n\t\t\t\t<div class=\"elementor-widget-container\">\n\t\t\t\t\t<h1 class=\"elementor-heading-title elementor-size-default\">Habitat:<\/h1>\t\t\t\t<\/div>\n\t\t\t\t<\/div>\n\t\t\t\t<div class=\"elementor-element elementor-element-37a0f4d1 elementor-widget elementor-widget-text-editor\" data-id=\"37a0f4d1\" data-element_type=\"widget\" data-e-type=\"widget\" data-widget_type=\"text-editor.default\">\n\t\t\t\t<div class=\"elementor-widget-container\">\n\t\t\t\t\t\t\t\t\t<p>Aceast\u0103 specie este adaptat\u0103 la climate reci \u0219i v\u00e2ntoase, tr\u0103ind pe paji\u0219tile din Patagonia \u0219i Insulele Falkland. Prefer\u0103 zonele umede de coast\u0103, p\u0103\u0219unile \u0219i regiunile ml\u0103\u0219tinoase, unde g\u0103se\u0219te hran\u0103 din abunden\u021b\u0103.\u00a0<\/p><p>Sezonul de reproducere are loc \u00een zonele sudice, dar iarna migreaz\u0103 spre nord, \u00een regiunile mai temperate ale Argentinei.<\/p>\t\t\t\t\t\t\t\t<\/div>\n\t\t\t\t<\/div>\n\t\t\t\t\t<\/div>\n\t\t\t\t<\/div>\n\t\t<div class=\"elementor-element elementor-element-1d5e7101 e-grid e-con-boxed e-con e-parent\" data-id=\"1d5e7101\" data-element_type=\"container\" data-e-type=\"container\">\n\t\t\t\t\t<div class=\"e-con-inner\">\n\t\t<div class=\"elementor-element elementor-element-1955c4d4 e-con-full animated-slow e-flex elementor-invisible e-con e-child\" data-id=\"1955c4d4\" data-element_type=\"container\" data-e-type=\"container\" data-settings=\"{&quot;animation&quot;:&quot;fadeInLeft&quot;}\">\n\t\t\t\t<div class=\"elementor-element elementor-element-4f233ea3 elementor-widget elementor-widget-heading\" data-id=\"4f233ea3\" data-element_type=\"widget\" data-e-type=\"widget\" data-widget_type=\"heading.default\">\n\t\t\t\t<div class=\"elementor-widget-container\">\n\t\t\t\t\t<h1 class=\"elementor-heading-title elementor-size-default\">Hran\u0103:<\/h1>\t\t\t\t<\/div>\n\t\t\t\t<\/div>\n\t\t\t\t<div class=\"elementor-element elementor-element-64d5d426 elementor-widget elementor-widget-text-editor\" data-id=\"64d5d426\" data-element_type=\"widget\" data-e-type=\"widget\" data-widget_type=\"text-editor.default\">\n\t\t\t\t<div class=\"elementor-widget-container\">\n\t\t\t\t\t\t\t\t\t<p>Este strict erbivor\u0103, consum\u00e2nd \u00een principal:<\/p><ul><li>Ierburi \u0219i plante acvatice \u2013 principala surs\u0103 de hran\u0103.<\/li><li>Muguri \u0219i semin\u021be \u2013 \u00een special iarna, c\u00e2nd resursele vegetale sunt limitate.<\/li><li>Frunze de arbu\u0219ti mici \u2013 consumate ocazional.<\/li><\/ul><p>Se hr\u0103ne\u0219te \u00een principal la sol, dar uneori intr\u0103 \u00een ap\u0103 pentru a consuma plante acvatice.<\/p>\t\t\t\t\t\t\t\t<\/div>\n\t\t\t\t<\/div>\n\t\t\t\t<\/div>\n\t\t<div class=\"elementor-element elementor-element-48f43c16 e-con-full animated-slow e-flex elementor-invisible e-con e-child\" data-id=\"48f43c16\" data-element_type=\"container\" data-e-type=\"container\" data-settings=\"{&quot;animation&quot;:&quot;fadeInRight&quot;}\">\n\t\t\t\t<div class=\"elementor-element elementor-element-598d9bf elementor-widget elementor-widget-heading\" data-id=\"598d9bf\" data-element_type=\"widget\" data-e-type=\"widget\" data-widget_type=\"heading.default\">\n\t\t\t\t<div class=\"elementor-widget-container\">\n\t\t\t\t\t<h1 class=\"elementor-heading-title elementor-size-default\">Conservare:<\/h1>\t\t\t\t<\/div>\n\t\t\t\t<\/div>\n\t\t\t\t<div class=\"elementor-element elementor-element-64382b63 elementor-widget elementor-widget-text-editor\" data-id=\"64382b63\" data-element_type=\"widget\" data-e-type=\"widget\" data-widget_type=\"text-editor.default\">\n\t\t\t\t<div class=\"elementor-widget-container\">\n\t\t\t\t\t\t\t\t\t<p>De\u0219i este clasificat\u0103 ca \u201eNepericlitat\u0103\u201d (Least Concern \u2013 LC), popula\u021bia sa este \u00een sc\u0103dere din cauza:<\/p><ul><li>P\u0103\u0219unatului intensiv \u2013 vitele \u0219i oile concureaz\u0103 cu g\u00e2\u0219tele pentru hran\u0103.<\/li><li>V\u00e2n\u0103torii \u2013 \u00een unele regiuni este considerat\u0103 o specie v\u00e2nat\u0103 pentru carne.<\/li><li>Distrugerii habitatului \u2013 drenarea zonelor ml\u0103\u0219tinoase afecteaz\u0103 locurile de reproducere.<\/li><\/ul><p>\u00cen Insulele Falkland, este o specie protejat\u0103, iar m\u0103suri suplimentare sunt necesare pentru conservarea popula\u021biilor continentale.<\/p>\t\t\t\t\t\t\t\t<\/div>\n\t\t\t\t<\/div>\n\t\t\t\t<\/div>\n\t\t\t\t\t<\/div>\n\t\t\t\t<\/div>\n\t\t\t\t<\/div>","protected":false},"excerpt":{"rendered":"<p>G\u00e2sca Magelan Denumire \u0219tiin\u021bific\u0103: Chloephaga pictaOrdin: AnseriformesFamilie: AnatidaeGen: ChloephagaSpecie: Chloephaga pictaDistribu\u021bie: America de Sud \u2013 sudul Argentinei \u0219i Chile, inclusiv Insulele FalklandDimensiuni: 60-72 cm lungime, anvergura aripilor 120-135 cmGreutate: 2,5-3,5 kgPerioada de incuba\u021bie: 28-30 zileNum\u0103r de pui: 4-6 ou\u0103Speran\u021b\u0103 de via\u021b\u0103: 15-20 ani \u00een s\u0103lb\u0103ticie General: G\u00e2sca Magelan este o specie remarcabil\u0103, cunoscut\u0103 pentru dimorfismul &hellip; <a href=\"https:\/\/bucurestizoo.ro\/en\/gasca-magelan\/\" class=\"more-link\">Continue reading <span class=\"screen-reader-text\">G\u00e2sca Magelan<\/span><\/a><\/p>","protected":false},"author":1,"featured_media":0,"parent":0,"menu_order":0,"comment_status":"closed","ping_status":"closed","template":"","meta":{"_monsterinsights_skip_tracking":false,"_monsterinsights_sitenote_active":false,"_monsterinsights_sitenote_note":"","_monsterinsights_sitenote_category":0,"footnotes":""},"class_list":["post-13895","page","type-page","status-publish","hentry"],"aioseo_notices":[],"_links":{"self":[{"href":"https:\/\/bucurestizoo.ro\/en\/wp-json\/wp\/v2\/pages\/13895","targetHints":{"allow":["GET"]}}],"collection":[{"href":"https:\/\/bucurestizoo.ro\/en\/wp-json\/wp\/v2\/pages"}],"about":[{"href":"https:\/\/bucurestizoo.ro\/en\/wp-json\/wp\/v2\/types\/page"}],"author":[{"embeddable":true,"href":"https:\/\/bucurestizoo.ro\/en\/wp-json\/wp\/v2\/users\/1"}],"replies":[{"embeddable":true,"href":"https:\/\/bucurestizoo.ro\/en\/wp-json\/wp\/v2\/comments?post=13895"}],"version-history":[{"count":4,"href":"https:\/\/bucurestizoo.ro\/en\/wp-json\/wp\/v2\/pages\/13895\/revisions"}],"predecessor-version":[{"id":13903,"href":"https:\/\/bucurestizoo.ro\/en\/wp-json\/wp\/v2\/pages\/13895\/revisions\/13903"}],"wp:attachment":[{"href":"https:\/\/bucurestizoo.ro\/en\/wp-json\/wp\/v2\/media?parent=13895"}],"curies":[{"name":"wp","href":"https:\/\/api.w.org\/{rel}","templated":true}]}}