{"id":13883,"date":"2025-03-15T14:57:37","date_gmt":"2025-03-15T12:57:37","guid":{"rendered":"https:\/\/n1.bucurestizoo.ro\/?page_id=13883"},"modified":"2025-03-15T15:05:45","modified_gmt":"2025-03-15T13:05:45","slug":"lebada-neagra","status":"publish","type":"page","link":"https:\/\/bucurestizoo.ro\/en\/lebada-neagra\/","title":{"rendered":"Leb\u0103da Neagr\u0103"},"content":{"rendered":"<div data-elementor-type=\"wp-page\" data-elementor-id=\"13883\" class=\"elementor elementor-13883\" data-elementor-post-type=\"page\">\n\t\t\t\t<div class=\"elementor-element elementor-element-7354e4d0 e-flex e-con-boxed e-con e-parent\" data-id=\"7354e4d0\" data-element_type=\"container\" data-e-type=\"container\" data-settings=\"{&quot;background_background&quot;:&quot;classic&quot;}\">\n\t\t\t\t\t<div class=\"e-con-inner\">\n\t\t<div class=\"elementor-element elementor-element-41211a24 e-con-full e-flex e-con e-child\" data-id=\"41211a24\" data-element_type=\"container\" data-e-type=\"container\">\n\t\t<div class=\"elementor-element elementor-element-6b6ed1d4 e-con-full animated-slow e-flex elementor-invisible e-con e-child\" data-id=\"6b6ed1d4\" data-element_type=\"container\" data-e-type=\"container\" data-settings=\"{&quot;animation&quot;:&quot;fadeInLeft&quot;}\">\n\t\t\t\t<div class=\"elementor-element elementor-element-38df186e elementor-widget elementor-widget-heading\" data-id=\"38df186e\" data-element_type=\"widget\" data-e-type=\"widget\" data-widget_type=\"heading.default\">\n\t\t\t\t<div class=\"elementor-widget-container\">\n\t\t\t\t\t<h1 class=\"elementor-heading-title elementor-size-default\">Leb\u0103da Neagr\u0103<\/h1>\t\t\t\t<\/div>\n\t\t\t\t<\/div>\n\t\t\t\t<div class=\"elementor-element elementor-element-60964715 elementor-widget elementor-widget-text-editor\" data-id=\"60964715\" data-element_type=\"widget\" data-e-type=\"widget\" data-widget_type=\"text-editor.default\">\n\t\t\t\t<div class=\"elementor-widget-container\">\n\t\t\t\t\t\t\t\t\t<p><strong>Denumire \u0219tiin\u021bific\u0103:<\/strong> Cygnus atratus<br \/><strong>Ordin:<\/strong> Anseriformes<br \/><strong>Familie:<\/strong> Anatidae<br \/><strong>Gen:<\/strong> Cygnus<br \/><strong>Specie:<\/strong> Cygnus atratus<br \/><strong>Dimensiuni \u0219i greutate<\/strong><br \/><strong>Lungime:<\/strong> 110-142 cm<br \/><strong>Anvergura aripilor:<\/strong> 160-200 cm<br \/><strong>Greutate:<\/strong> 4-9 kg (masculii sunt mai mari)<br \/><strong>Incuba\u021bie \u0219i reproducere<\/strong><br \/><strong>Incuba\u021bie:<\/strong> 35-40 de zile<br \/><strong>Num\u0103r de ou\u0103:<\/strong> 4-8 ou\u0103<br \/><strong>Maturitate sexual\u0103:<\/strong> 3-4 ani<br \/><strong>Speran\u021ba de via\u021b\u0103<\/strong><br \/><strong>S\u0103lb\u0103ticie:<\/strong> 10-15 ani<br \/><strong>Captivitate:<\/strong> P\u00e2n\u0103 la 40 de ani<\/p>\t\t\t\t\t\t\t\t<\/div>\n\t\t\t\t<\/div>\n\t\t\t\t<\/div>\n\t\t\t\t<div class=\"elementor-element elementor-element-44c8f17d elementor-widget-tablet__width-inherit animated-slow elementor-invisible elementor-widget elementor-widget-image\" data-id=\"44c8f17d\" data-element_type=\"widget\" data-e-type=\"widget\" data-settings=\"{&quot;_animation&quot;:&quot;fadeInRight&quot;}\" data-widget_type=\"image.default\">\n\t\t\t\t<div class=\"elementor-widget-container\">\n\t\t\t\t\t\t\t\t\t\t\t\t\t\t\t<img fetchpriority=\"high\" decoding=\"async\" width=\"847\" height=\"563\" src=\"https:\/\/bucurestizoo.ro\/wp-content\/uploads\/2025\/03\/lebada-neagra-dt_1-Large-e1742043780582-1024x681.jpeg\" class=\"attachment-large size-large wp-image-13888\" alt=\"\" srcset=\"https:\/\/bucurestizoo.ro\/wp-content\/uploads\/2025\/03\/lebada-neagra-dt_1-Large-e1742043780582-1024x681.jpeg 1024w, https:\/\/bucurestizoo.ro\/wp-content\/uploads\/2025\/03\/lebada-neagra-dt_1-Large-e1742043780582-300x199.jpeg 300w, https:\/\/bucurestizoo.ro\/wp-content\/uploads\/2025\/03\/lebada-neagra-dt_1-Large-e1742043780582-768x511.jpeg 768w, https:\/\/bucurestizoo.ro\/wp-content\/uploads\/2025\/03\/lebada-neagra-dt_1-Large-e1742043780582-451x300.jpeg 451w, https:\/\/bucurestizoo.ro\/wp-content\/uploads\/2025\/03\/lebada-neagra-dt_1-Large-e1742043780582-650x432.jpeg 650w, https:\/\/bucurestizoo.ro\/wp-content\/uploads\/2025\/03\/lebada-neagra-dt_1-Large-e1742043780582.jpeg 1280w\" sizes=\"(max-width: 847px) 100vw, 847px\" data-id=\"13888\" \/>\t\t\t\t\t\t\t\t\t\t\t\t\t\t\t<\/div>\n\t\t\t\t<\/div>\n\t\t\t\t<\/div>\n\t\t\t\t\t<\/div>\n\t\t\t\t<\/div>\n\t\t<div class=\"elementor-element elementor-element-732cd56f animated-slow e-flex e-con-boxed elementor-invisible e-con e-parent\" data-id=\"732cd56f\" data-element_type=\"container\" data-e-type=\"container\" data-settings=\"{&quot;animation&quot;:&quot;fadeInLeft&quot;}\">\n\t\t\t\t\t<div class=\"e-con-inner\">\n\t\t\t\t<div class=\"elementor-element elementor-element-1fe24fa6 elementor-widget elementor-widget-heading\" data-id=\"1fe24fa6\" data-element_type=\"widget\" data-e-type=\"widget\" data-widget_type=\"heading.default\">\n\t\t\t\t<div class=\"elementor-widget-container\">\n\t\t\t\t\t<h1 class=\"elementor-heading-title elementor-size-default\">General:<\/h1>\t\t\t\t<\/div>\n\t\t\t\t<\/div>\n\t\t\t\t<div class=\"elementor-element elementor-element-5eabe187 elementor-widget elementor-widget-text-editor\" data-id=\"5eabe187\" data-element_type=\"widget\" data-e-type=\"widget\" data-widget_type=\"text-editor.default\">\n\t\t\t\t<div class=\"elementor-widget-container\">\n\t\t\t\t\t\t\t\t\t<ul><li>Are un penaj complet negru, cu remige primare albe, vizibile \u00een zbor.<\/li><li>Ciocul este ro\u0219u aprins, cu o band\u0103 alb\u0103 la v\u00e2rf.<\/li><li>Este excelent \u00eenot\u0103tor \u0219i poate zbura pe distan\u021be mari.<\/li><li>Formeaz\u0103 perechi monogame pe via\u021b\u0103, iar ambii p\u0103rin\u021bi \u00eengrijesc puii.<\/li><li>A fost considerat\u0103 un mit p\u00e2n\u0103 \u00een 1697, c\u00e2nd a fost descoperit\u0103 de europeni.<\/li><li>Poate zbura chiar \u0219i peste 1000 km f\u0103r\u0103 oprire.<\/li><li>Atac\u0103 agresiv dac\u0103 \u00ee\u0219i simte cuibul amenin\u021bat.<\/li><\/ul><p>Distribu\u021bie geografic\u0103:<\/p><ul><li>Australia \u0219i Tasmania \u2013 endemice, dar introduse \u00een Noua Zeeland\u0103 \u0219i Europa.<\/li><li>Prefer\u0103 lacuri, r\u00e2uri \u0219i zone umede costiere.<\/li><\/ul>\t\t\t\t\t\t\t\t<\/div>\n\t\t\t\t<\/div>\n\t\t\t\t\t<\/div>\n\t\t\t\t<\/div>\n\t\t<div class=\"elementor-element elementor-element-5f341e4a e-flex e-con-boxed e-con e-parent\" data-id=\"5f341e4a\" data-element_type=\"container\" data-e-type=\"container\">\n\t\t\t\t\t<div class=\"e-con-inner\">\n\t\t\t\t<div class=\"elementor-element elementor-element-1ba5a041 elementor-widget elementor-widget-gallery\" data-id=\"1ba5a041\" data-element_type=\"widget\" data-e-type=\"widget\" data-settings=\"{&quot;columns&quot;:2,&quot;lazyload&quot;:&quot;yes&quot;,&quot;gallery_layout&quot;:&quot;grid&quot;,&quot;columns_tablet&quot;:2,&quot;columns_mobile&quot;:1,&quot;gap&quot;:{&quot;unit&quot;:&quot;px&quot;,&quot;size&quot;:10,&quot;sizes&quot;:[]},&quot;gap_tablet&quot;:{&quot;unit&quot;:&quot;px&quot;,&quot;size&quot;:10,&quot;sizes&quot;:[]},&quot;gap_mobile&quot;:{&quot;unit&quot;:&quot;px&quot;,&quot;size&quot;:10,&quot;sizes&quot;:[]},&quot;link_to&quot;:&quot;file&quot;,&quot;aspect_ratio&quot;:&quot;3:2&quot;,&quot;overlay_background&quot;:&quot;yes&quot;,&quot;content_hover_animation&quot;:&quot;fade-in&quot;}\" data-widget_type=\"gallery.default\">\n\t\t\t\t<div class=\"elementor-widget-container\">\n\t\t\t\t\t\t\t<div class=\"elementor-gallery__container\">\n\t\t\t\t\t\t\t<a class=\"e-gallery-item elementor-gallery-item elementor-animated-content\" href=\"https:\/\/bucurestizoo.ro\/wp-content\/uploads\/2025\/03\/lebada-neagra-dt_3-Large.jpeg\" data-elementor-open-lightbox=\"yes\" data-elementor-lightbox-slideshow=\"1ba5a041\" data-elementor-lightbox-title=\"lebada neagra dt_3 Large\" data-e-action-hash=\"#elementor-action%3Aaction%3Dlightbox%26settings%3DeyJpZCI6MTM4ODcsInVybCI6Imh0dHBzOlwvXC9idWN1cmVzdGl6b28ucm9cL3dwLWNvbnRlbnRcL3VwbG9hZHNcLzIwMjVcLzAzXC9sZWJhZGEtbmVhZ3JhLWR0XzMtTGFyZ2UuanBlZyIsInNsaWRlc2hvdyI6IjFiYTVhMDQxIn0%3D\">\n\t\t\t\t\t<div class=\"e-gallery-image elementor-gallery-item__image\" data-thumbnail=\"https:\/\/bucurestizoo.ro\/wp-content\/uploads\/2025\/03\/lebada-neagra-dt_3-Large-1024x682.jpeg\" data-width=\"847\" data-height=\"564\" aria-label=\"\" role=\"img\" ><\/div>\n\t\t\t\t\t\t\t\t\t\t\t<div class=\"elementor-gallery-item__overlay\"><\/div>\n\t\t\t\t\t\t\t\t\t\t\t\t\t\t<\/a>\n\t\t\t\t\t\t\t<a class=\"e-gallery-item elementor-gallery-item elementor-animated-content\" href=\"https:\/\/bucurestizoo.ro\/wp-content\/uploads\/2025\/03\/lebada-neagra-dt_2-Large.jpeg\" data-elementor-open-lightbox=\"yes\" data-elementor-lightbox-slideshow=\"1ba5a041\" data-elementor-lightbox-title=\"lebada neagra dt_2 Large\" data-e-action-hash=\"#elementor-action%3Aaction%3Dlightbox%26settings%3DeyJpZCI6MTM4ODYsInVybCI6Imh0dHBzOlwvXC9idWN1cmVzdGl6b28ucm9cL3dwLWNvbnRlbnRcL3VwbG9hZHNcLzIwMjVcLzAzXC9sZWJhZGEtbmVhZ3JhLWR0XzItTGFyZ2UuanBlZyIsInNsaWRlc2hvdyI6IjFiYTVhMDQxIn0%3D\">\n\t\t\t\t\t<div class=\"e-gallery-image elementor-gallery-item__image\" data-thumbnail=\"https:\/\/bucurestizoo.ro\/wp-content\/uploads\/2025\/03\/lebada-neagra-dt_2-Large-1024x698.jpeg\" data-width=\"847\" data-height=\"577\" aria-label=\"\" role=\"img\" ><\/div>\n\t\t\t\t\t\t\t\t\t\t\t<div class=\"elementor-gallery-item__overlay\"><\/div>\n\t\t\t\t\t\t\t\t\t\t\t\t\t\t<\/a>\n\t\t\t\t\t<\/div>\n\t\t\t\t\t<\/div>\n\t\t\t\t<\/div>\n\t\t\t\t\t<\/div>\n\t\t\t\t<\/div>\n\t\t<div class=\"elementor-element elementor-element-271a1352 animated-slow e-flex e-con-boxed elementor-invisible e-con e-parent\" data-id=\"271a1352\" data-element_type=\"container\" data-e-type=\"container\" data-settings=\"{&quot;animation&quot;:&quot;fadeInRight&quot;}\">\n\t\t\t\t\t<div class=\"e-con-inner\">\n\t\t\t\t<div class=\"elementor-element elementor-element-2e8b33b elementor-widget elementor-widget-heading\" data-id=\"2e8b33b\" data-element_type=\"widget\" data-e-type=\"widget\" data-widget_type=\"heading.default\">\n\t\t\t\t<div class=\"elementor-widget-container\">\n\t\t\t\t\t<h1 class=\"elementor-heading-title elementor-size-default\">Habitat:<\/h1>\t\t\t\t<\/div>\n\t\t\t\t<\/div>\n\t\t\t\t<div class=\"elementor-element elementor-element-5a486beb elementor-widget elementor-widget-text-editor\" data-id=\"5a486beb\" data-element_type=\"widget\" data-e-type=\"widget\" data-widget_type=\"text-editor.default\">\n\t\t\t\t<div class=\"elementor-widget-container\">\n\t\t\t\t\t\t\t\t\t<ul><li>Tr\u0103ie\u0219te \u00een lacuri dulci, lagune, estuare \u0219i zone ml\u0103\u0219tinoase.<\/li><li>Prefer\u0103 ape lini\u0219tite, cu vegeta\u021bie abundent\u0103.<\/li><\/ul>\t\t\t\t\t\t\t\t<\/div>\n\t\t\t\t<\/div>\n\t\t\t\t\t<\/div>\n\t\t\t\t<\/div>\n\t\t<div class=\"elementor-element elementor-element-65091c0c e-grid e-con-boxed e-con e-parent\" data-id=\"65091c0c\" data-element_type=\"container\" data-e-type=\"container\">\n\t\t\t\t\t<div class=\"e-con-inner\">\n\t\t<div class=\"elementor-element elementor-element-3412f340 e-con-full animated-slow e-flex elementor-invisible e-con e-child\" data-id=\"3412f340\" data-element_type=\"container\" data-e-type=\"container\" data-settings=\"{&quot;animation&quot;:&quot;fadeInLeft&quot;}\">\n\t\t\t\t<div class=\"elementor-element elementor-element-1f5e686b elementor-widget elementor-widget-heading\" data-id=\"1f5e686b\" data-element_type=\"widget\" data-e-type=\"widget\" data-widget_type=\"heading.default\">\n\t\t\t\t<div class=\"elementor-widget-container\">\n\t\t\t\t\t<h1 class=\"elementor-heading-title elementor-size-default\">Hran\u0103:<\/h1>\t\t\t\t<\/div>\n\t\t\t\t<\/div>\n\t\t\t\t<div class=\"elementor-element elementor-element-178ec303 elementor-widget elementor-widget-text-editor\" data-id=\"178ec303\" data-element_type=\"widget\" data-e-type=\"widget\" data-widget_type=\"text-editor.default\">\n\t\t\t\t<div class=\"elementor-widget-container\">\n\t\t\t\t\t\t\t\t\t<ul><li>Vegetarian\u0103: consum\u0103 alge, ierburi acvatice, r\u0103d\u0103cini \u0219i semin\u021be.<\/li><li>\u00ce\u0219i ob\u021bine hrana prin scufundare, av\u00e2nd un g\u00e2t extrem de lung.<\/li><\/ul>\t\t\t\t\t\t\t\t<\/div>\n\t\t\t\t<\/div>\n\t\t\t\t<\/div>\n\t\t<div class=\"elementor-element elementor-element-6868ea3c e-con-full animated-slow e-flex elementor-invisible e-con e-child\" data-id=\"6868ea3c\" data-element_type=\"container\" data-e-type=\"container\" data-settings=\"{&quot;animation&quot;:&quot;fadeInRight&quot;}\">\n\t\t\t\t<div class=\"elementor-element elementor-element-5863a1fc elementor-widget elementor-widget-heading\" data-id=\"5863a1fc\" data-element_type=\"widget\" data-e-type=\"widget\" data-widget_type=\"heading.default\">\n\t\t\t\t<div class=\"elementor-widget-container\">\n\t\t\t\t\t<h1 class=\"elementor-heading-title elementor-size-default\">Conservare:<\/h1>\t\t\t\t<\/div>\n\t\t\t\t<\/div>\n\t\t\t\t<div class=\"elementor-element elementor-element-4de584f8 elementor-widget elementor-widget-text-editor\" data-id=\"4de584f8\" data-element_type=\"widget\" data-e-type=\"widget\" data-widget_type=\"text-editor.default\">\n\t\t\t\t<div class=\"elementor-widget-container\">\n\t\t\t\t\t\t\t\t\t<ul><li>Specie neamenin\u021bat\u0103 (IUCN) \u2013 popula\u021bie stabil\u0103.<\/li><li>Principalele amenin\u021b\u0103ri sunt pierderea habitatului \u0219i poluarea apelor.<\/li><\/ul>\t\t\t\t\t\t\t\t<\/div>\n\t\t\t\t<\/div>\n\t\t\t\t<\/div>\n\t\t\t\t\t<\/div>\n\t\t\t\t<\/div>\n\t\t\t\t<\/div>","protected":false},"excerpt":{"rendered":"<p>Leb\u0103da Neagr\u0103 Denumire \u0219tiin\u021bific\u0103: Cygnus atratusOrdin: AnseriformesFamilie: AnatidaeGen: CygnusSpecie: Cygnus atratusDimensiuni \u0219i greutateLungime: 110-142 cmAnvergura aripilor: 160-200 cmGreutate: 4-9 kg (masculii sunt mai mari)Incuba\u021bie \u0219i reproducereIncuba\u021bie: 35-40 de zileNum\u0103r de ou\u0103: 4-8 ou\u0103Maturitate sexual\u0103: 3-4 aniSperan\u021ba de via\u021b\u0103S\u0103lb\u0103ticie: 10-15 aniCaptivitate: P\u00e2n\u0103 la 40 de ani General: Are un penaj complet negru, cu remige primare albe, &hellip; <a href=\"https:\/\/bucurestizoo.ro\/en\/lebada-neagra\/\" class=\"more-link\">Continue reading <span class=\"screen-reader-text\">Leb\u0103da Neagr\u0103<\/span><\/a><\/p>","protected":false},"author":1,"featured_media":0,"parent":0,"menu_order":0,"comment_status":"closed","ping_status":"closed","template":"","meta":{"_monsterinsights_skip_tracking":false,"_monsterinsights_sitenote_active":false,"_monsterinsights_sitenote_note":"","_monsterinsights_sitenote_category":0,"footnotes":""},"class_list":["post-13883","page","type-page","status-publish","hentry"],"aioseo_notices":[],"_links":{"self":[{"href":"https:\/\/bucurestizoo.ro\/en\/wp-json\/wp\/v2\/pages\/13883","targetHints":{"allow":["GET"]}}],"collection":[{"href":"https:\/\/bucurestizoo.ro\/en\/wp-json\/wp\/v2\/pages"}],"about":[{"href":"https:\/\/bucurestizoo.ro\/en\/wp-json\/wp\/v2\/types\/page"}],"author":[{"embeddable":true,"href":"https:\/\/bucurestizoo.ro\/en\/wp-json\/wp\/v2\/users\/1"}],"replies":[{"embeddable":true,"href":"https:\/\/bucurestizoo.ro\/en\/wp-json\/wp\/v2\/comments?post=13883"}],"version-history":[{"count":4,"href":"https:\/\/bucurestizoo.ro\/en\/wp-json\/wp\/v2\/pages\/13883\/revisions"}],"predecessor-version":[{"id":13891,"href":"https:\/\/bucurestizoo.ro\/en\/wp-json\/wp\/v2\/pages\/13883\/revisions\/13891"}],"wp:attachment":[{"href":"https:\/\/bucurestizoo.ro\/en\/wp-json\/wp\/v2\/media?parent=13883"}],"curies":[{"name":"wp","href":"https:\/\/api.w.org\/{rel}","templated":true}]}}