{"id":13874,"date":"2025-03-15T14:53:08","date_gmt":"2025-03-15T12:53:08","guid":{"rendered":"https:\/\/n1.bucurestizoo.ro\/?page_id=13874"},"modified":"2025-03-15T14:56:17","modified_gmt":"2025-03-15T12:56:17","slug":"lebada-alba","status":"publish","type":"page","link":"https:\/\/bucurestizoo.ro\/en\/lebada-alba\/","title":{"rendered":"Leb\u0103da Alb\u0103"},"content":{"rendered":"<div data-elementor-type=\"wp-page\" data-elementor-id=\"13874\" class=\"elementor elementor-13874\" data-elementor-post-type=\"page\">\n\t\t\t\t<div class=\"elementor-element elementor-element-c5412ae e-flex e-con-boxed e-con e-parent\" data-id=\"c5412ae\" data-element_type=\"container\" data-e-type=\"container\" data-settings=\"{&quot;background_background&quot;:&quot;classic&quot;}\">\n\t\t\t\t\t<div class=\"e-con-inner\">\n\t\t<div class=\"elementor-element elementor-element-5754a7be e-con-full e-flex e-con e-child\" data-id=\"5754a7be\" data-element_type=\"container\" data-e-type=\"container\">\n\t\t<div class=\"elementor-element elementor-element-4d318907 e-con-full animated-slow e-flex elementor-invisible e-con e-child\" data-id=\"4d318907\" data-element_type=\"container\" data-e-type=\"container\" data-settings=\"{&quot;animation&quot;:&quot;fadeInLeft&quot;}\">\n\t\t\t\t<div class=\"elementor-element elementor-element-65ecf4fe elementor-widget elementor-widget-heading\" data-id=\"65ecf4fe\" data-element_type=\"widget\" data-e-type=\"widget\" data-widget_type=\"heading.default\">\n\t\t\t\t<div class=\"elementor-widget-container\">\n\t\t\t\t\t<h1 class=\"elementor-heading-title elementor-size-default\">Leb\u0103da Alb\u0103 <\/h1>\t\t\t\t<\/div>\n\t\t\t\t<\/div>\n\t\t\t\t<div class=\"elementor-element elementor-element-2bfdc30a elementor-widget elementor-widget-text-editor\" data-id=\"2bfdc30a\" data-element_type=\"widget\" data-e-type=\"widget\" data-widget_type=\"text-editor.default\">\n\t\t\t\t<div class=\"elementor-widget-container\">\n\t\t\t\t\t\t\t\t\t<p><strong>Denumire \u0219tiin\u021bific\u0103:<\/strong> Cygnus olor<br \/><strong>Ordin:<\/strong> Anseriformes<br \/><strong>Familie:<\/strong> Anatidae<br \/><strong>Gen:<\/strong> Cygnus<br \/><strong>Specie:<\/strong> Cygnus olor<br \/><strong>Distribu\u021bie:<\/strong> Europa, Asia, America de Nord (popula\u021bii introduse)<br \/><strong>Dimensiuni:<\/strong> 125-170 cm lungime, anvergura aripilor 200-240 cm<br \/><strong>Greutate:<\/strong> 8-15 kg<br \/><strong>Perioada de incuba\u021bie:<\/strong> 35-41 zile<br \/><strong>Num\u0103r de pui:<\/strong> 4-7 ou\u0103<br \/><strong>Speran\u021b\u0103 de via\u021b\u0103:<\/strong> 20-30 ani<\/p>\t\t\t\t\t\t\t\t<\/div>\n\t\t\t\t<\/div>\n\t\t\t\t<\/div>\n\t\t\t\t<div class=\"elementor-element elementor-element-35d5c609 elementor-widget-tablet__width-inherit animated-slow elementor-invisible elementor-widget elementor-widget-image\" data-id=\"35d5c609\" data-element_type=\"widget\" data-e-type=\"widget\" data-settings=\"{&quot;_animation&quot;:&quot;fadeInRight&quot;}\" data-widget_type=\"image.default\">\n\t\t\t\t<div class=\"elementor-widget-container\">\n\t\t\t\t\t\t\t\t\t\t\t\t\t\t\t<img fetchpriority=\"high\" decoding=\"async\" width=\"847\" height=\"551\" src=\"https:\/\/bucurestizoo.ro\/wp-content\/uploads\/2025\/03\/lebada-alba-dt_1-Large-e1742043291915-1024x666.jpeg\" class=\"attachment-large size-large wp-image-13877\" alt=\"\" srcset=\"https:\/\/bucurestizoo.ro\/wp-content\/uploads\/2025\/03\/lebada-alba-dt_1-Large-e1742043291915-1024x666.jpeg 1024w, https:\/\/bucurestizoo.ro\/wp-content\/uploads\/2025\/03\/lebada-alba-dt_1-Large-e1742043291915-300x195.jpeg 300w, https:\/\/bucurestizoo.ro\/wp-content\/uploads\/2025\/03\/lebada-alba-dt_1-Large-e1742043291915-768x500.jpeg 768w, https:\/\/bucurestizoo.ro\/wp-content\/uploads\/2025\/03\/lebada-alba-dt_1-Large-e1742043291915-461x300.jpeg 461w, https:\/\/bucurestizoo.ro\/wp-content\/uploads\/2025\/03\/lebada-alba-dt_1-Large-e1742043291915-650x423.jpeg 650w, https:\/\/bucurestizoo.ro\/wp-content\/uploads\/2025\/03\/lebada-alba-dt_1-Large-e1742043291915.jpeg 1280w\" sizes=\"(max-width: 847px) 100vw, 847px\" data-id=\"13877\" \/>\t\t\t\t\t\t\t\t\t\t\t\t\t\t\t<\/div>\n\t\t\t\t<\/div>\n\t\t\t\t<\/div>\n\t\t\t\t\t<\/div>\n\t\t\t\t<\/div>\n\t\t<div class=\"elementor-element elementor-element-743ea7d1 animated-slow e-flex e-con-boxed elementor-invisible e-con e-parent\" data-id=\"743ea7d1\" data-element_type=\"container\" data-e-type=\"container\" data-settings=\"{&quot;animation&quot;:&quot;fadeInLeft&quot;}\">\n\t\t\t\t\t<div class=\"e-con-inner\">\n\t\t\t\t<div class=\"elementor-element elementor-element-4feb2b6f elementor-widget elementor-widget-heading\" data-id=\"4feb2b6f\" data-element_type=\"widget\" data-e-type=\"widget\" data-widget_type=\"heading.default\">\n\t\t\t\t<div class=\"elementor-widget-container\">\n\t\t\t\t\t<h1 class=\"elementor-heading-title elementor-size-default\">General:<\/h1>\t\t\t\t<\/div>\n\t\t\t\t<\/div>\n\t\t\t\t<div class=\"elementor-element elementor-element-4114b2b5 elementor-widget elementor-widget-text-editor\" data-id=\"4114b2b5\" data-element_type=\"widget\" data-e-type=\"widget\" data-widget_type=\"text-editor.default\">\n\t\t\t\t<div class=\"elementor-widget-container\">\n\t\t\t\t\t\t\t\t\t<p>Este cunoscut\u0103 \u0219i sub numele de leb\u0103da mut\u0103, este una dintre cele mai elegante \u0219i impun\u0103toare p\u0103s\u0103ri acvatice, fiind recunoscut\u0103 pentru gra\u021bia \u0219i frumuse\u021bea sa. Aceasta face parte din familia Anatidae \u0219i este una dintre cele mai mari p\u0103s\u0103ri zbur\u0103toare din lume. Leb\u0103da alb\u0103 este o pas\u0103re acvatic\u0103 masiv\u0103, cu un corp robust \u0219i alungit, acoperit cu un penaj complet alb. Unul dintre cele mai distinctive tr\u0103s\u0103turi ale lebedei mute este ciocul portocaliu intens, care prezint\u0103 o proeminen\u021b\u0103 neagr\u0103 caracteristic\u0103 la baz\u0103, numit\u0103 tubercul.\u00a0 Capul este mic \u0219i rotunjit, iar g\u00e2tul este extrem de lung \u0219i elegant, av\u00e2nd o curbur\u0103 specific\u0103 \u00een form\u0103 de \u201eS\u201d atunci c\u00e2nd pas\u0103rea \u00eenoat\u0103. Spre deosebire de alte specii de lebede, Cygnus olor men\u021bine o pozi\u021bie u\u0219or ridicat\u0103 a aripilor, form\u00e2nd un aspect distinctiv \u0219i regal. Picioarele sunt scurte, puternice \u0219i de culoare gri-negricioas\u0103, iar degetele sunt palmate, ceea ce le permite s\u0103 \u00eenoate eficient.<\/p><p>Este cunoscut\u0103 pentru fidelitatea fa\u021b\u0103 de partener, form\u00e2nd perechi pe via\u021b\u0103.<\/p>\t\t\t\t\t\t\t\t<\/div>\n\t\t\t\t<\/div>\n\t\t\t\t\t<\/div>\n\t\t\t\t<\/div>\n\t\t<div class=\"elementor-element elementor-element-3fb7168b e-flex e-con-boxed e-con e-parent\" data-id=\"3fb7168b\" data-element_type=\"container\" data-e-type=\"container\">\n\t\t\t\t\t<div class=\"e-con-inner\">\n\t\t\t\t<div class=\"elementor-element elementor-element-24905ad9 elementor-widget elementor-widget-gallery\" data-id=\"24905ad9\" data-element_type=\"widget\" data-e-type=\"widget\" data-settings=\"{&quot;columns&quot;:2,&quot;lazyload&quot;:&quot;yes&quot;,&quot;gallery_layout&quot;:&quot;grid&quot;,&quot;columns_tablet&quot;:2,&quot;columns_mobile&quot;:1,&quot;gap&quot;:{&quot;unit&quot;:&quot;px&quot;,&quot;size&quot;:10,&quot;sizes&quot;:[]},&quot;gap_tablet&quot;:{&quot;unit&quot;:&quot;px&quot;,&quot;size&quot;:10,&quot;sizes&quot;:[]},&quot;gap_mobile&quot;:{&quot;unit&quot;:&quot;px&quot;,&quot;size&quot;:10,&quot;sizes&quot;:[]},&quot;link_to&quot;:&quot;file&quot;,&quot;aspect_ratio&quot;:&quot;3:2&quot;,&quot;overlay_background&quot;:&quot;yes&quot;,&quot;content_hover_animation&quot;:&quot;fade-in&quot;}\" data-widget_type=\"gallery.default\">\n\t\t\t\t<div class=\"elementor-widget-container\">\n\t\t\t\t\t\t\t<div class=\"elementor-gallery__container\">\n\t\t\t\t\t\t\t<a class=\"e-gallery-item elementor-gallery-item elementor-animated-content\" href=\"https:\/\/bucurestizoo.ro\/wp-content\/uploads\/2025\/03\/lebada-alba-dt_2-Large.jpeg\" data-elementor-open-lightbox=\"yes\" data-elementor-lightbox-slideshow=\"24905ad9\" data-elementor-lightbox-title=\"lebada alba dt_2 Large\" data-e-action-hash=\"#elementor-action%3Aaction%3Dlightbox%26settings%3DeyJpZCI6MTM4NzUsInVybCI6Imh0dHBzOlwvXC9idWN1cmVzdGl6b28ucm9cL3dwLWNvbnRlbnRcL3VwbG9hZHNcLzIwMjVcLzAzXC9sZWJhZGEtYWxiYS1kdF8yLUxhcmdlLmpwZWciLCJzbGlkZXNob3ciOiIyNDkwNWFkOSJ9\">\n\t\t\t\t\t<div class=\"e-gallery-image elementor-gallery-item__image\" data-thumbnail=\"https:\/\/bucurestizoo.ro\/wp-content\/uploads\/2025\/03\/lebada-alba-dt_2-Large-1024x682.jpeg\" data-width=\"847\" data-height=\"564\" aria-label=\"\" role=\"img\" ><\/div>\n\t\t\t\t\t\t\t\t\t\t\t<div class=\"elementor-gallery-item__overlay\"><\/div>\n\t\t\t\t\t\t\t\t\t\t\t\t\t\t<\/a>\n\t\t\t\t\t\t\t<a class=\"e-gallery-item elementor-gallery-item elementor-animated-content\" href=\"https:\/\/bucurestizoo.ro\/wp-content\/uploads\/2025\/03\/lebada-alba-dt_3-Large.jpeg\" data-elementor-open-lightbox=\"yes\" data-elementor-lightbox-slideshow=\"24905ad9\" data-elementor-lightbox-title=\"lebada alba dt_3 Large\" data-e-action-hash=\"#elementor-action%3Aaction%3Dlightbox%26settings%3DeyJpZCI6MTM4NzYsInVybCI6Imh0dHBzOlwvXC9idWN1cmVzdGl6b28ucm9cL3dwLWNvbnRlbnRcL3VwbG9hZHNcLzIwMjVcLzAzXC9sZWJhZGEtYWxiYS1kdF8zLUxhcmdlLmpwZWciLCJzbGlkZXNob3ciOiIyNDkwNWFkOSJ9\">\n\t\t\t\t\t<div class=\"e-gallery-image elementor-gallery-item__image\" data-thumbnail=\"https:\/\/bucurestizoo.ro\/wp-content\/uploads\/2025\/03\/lebada-alba-dt_3-Large-1024x673.jpeg\" data-width=\"847\" data-height=\"557\" aria-label=\"\" role=\"img\" ><\/div>\n\t\t\t\t\t\t\t\t\t\t\t<div class=\"elementor-gallery-item__overlay\"><\/div>\n\t\t\t\t\t\t\t\t\t\t\t\t\t\t<\/a>\n\t\t\t\t\t<\/div>\n\t\t\t\t\t<\/div>\n\t\t\t\t<\/div>\n\t\t\t\t\t<\/div>\n\t\t\t\t<\/div>\n\t\t<div class=\"elementor-element elementor-element-d663a9b animated-slow e-flex e-con-boxed elementor-invisible e-con e-parent\" data-id=\"d663a9b\" data-element_type=\"container\" data-e-type=\"container\" data-settings=\"{&quot;animation&quot;:&quot;fadeInRight&quot;}\">\n\t\t\t\t\t<div class=\"e-con-inner\">\n\t\t\t\t<div class=\"elementor-element elementor-element-5c80eaa8 elementor-widget elementor-widget-heading\" data-id=\"5c80eaa8\" data-element_type=\"widget\" data-e-type=\"widget\" data-widget_type=\"heading.default\">\n\t\t\t\t<div class=\"elementor-widget-container\">\n\t\t\t\t\t<h1 class=\"elementor-heading-title elementor-size-default\">Habitat:<\/h1>\t\t\t\t<\/div>\n\t\t\t\t<\/div>\n\t\t\t\t<div class=\"elementor-element elementor-element-459e3408 elementor-widget elementor-widget-text-editor\" data-id=\"459e3408\" data-element_type=\"widget\" data-e-type=\"widget\" data-widget_type=\"text-editor.default\">\n\t\t\t\t<div class=\"elementor-widget-container\">\n\t\t\t\t\t\t\t\t\t<p>Tr\u0103ie\u0219te \u00een lacuri, r\u00e2uri \u0219i estuare. \u00cen\u00a0Rom\u00e2nia\u00a0este prezent\u0103 \u00een sezonul cald \u00een\u00a0Delta Dun\u0103rii,\u00a0complexul lagunar Razim-Sinoie\u00a0\u0219i unele b\u0103l\u021bi mari din \u021binuturile joase; iarna migreaz\u0103 spre sudul\u00a0M\u0103rii Caspice,\u00a0Delta Nilului\u00a0\u0219i estul\u00a0M\u0103rii Negre\u00a0ori \u00een preajma b\u0103l\u021bilor ne\u00eenghe\u021bate din interiorul Rom\u00e2niei, unde ierneaz\u0103 \u0219i unele popula\u021bii nordice. \u00cen\u00a0Republica Moldova\u00a0cuib\u0103re\u0219te \u00eentr-un num\u0103r mic \u00een b\u0103l\u021bile din sudul republicii \u0219i \u00een unele lacuri din zona central\u0103.<\/p><p>Leb\u0103da alb\u0103 este o specie larg r\u0103sp\u00e2ndit\u0103, put\u00e2nd fi \u00eent\u00e2lnit\u0103 \u00een Europa, Asia Central\u0103 \u0219i unele regiuni din Africa de Nord. De asemenea, a fost introdus\u0103 \u00een America de Nord, Australia \u0219i Noua Zeeland\u0103, unde s-a adaptat bine.\u00a0 Prefer\u0103 lacurile, r\u00e2urile lini\u0219tite, deltele \u0219i zonele ml\u0103\u0219tinoase, unde poate g\u0103si vegeta\u021bie acvatic\u0103 din abunden\u021b\u0103. De asemenea, poate fi observat\u0103 \u0219i \u00een parcurile urbane, unde este adesea hr\u0103nit\u0103 de oameni. \u00a0 \u00cen timpul iernii, lebedele din regiunile nordice migreaz\u0103 spre zone mai calde, \u00een special \u00een sudul Europei \u0219i Asia de Sud-Vest, \u00eens\u0103 popula\u021biile din zonele temperate sunt \u00een mare parte sedentare.<\/p>\t\t\t\t\t\t\t\t<\/div>\n\t\t\t\t<\/div>\n\t\t\t\t\t<\/div>\n\t\t\t\t<\/div>\n\t\t<div class=\"elementor-element elementor-element-e08a48 e-grid e-con-boxed e-con e-parent\" data-id=\"e08a48\" data-element_type=\"container\" data-e-type=\"container\">\n\t\t\t\t\t<div class=\"e-con-inner\">\n\t\t<div class=\"elementor-element elementor-element-4bb7213e e-con-full animated-slow e-flex elementor-invisible e-con e-child\" data-id=\"4bb7213e\" data-element_type=\"container\" data-e-type=\"container\" data-settings=\"{&quot;animation&quot;:&quot;fadeInLeft&quot;}\">\n\t\t\t\t<div class=\"elementor-element elementor-element-3cdcac5 elementor-widget elementor-widget-heading\" data-id=\"3cdcac5\" data-element_type=\"widget\" data-e-type=\"widget\" data-widget_type=\"heading.default\">\n\t\t\t\t<div class=\"elementor-widget-container\">\n\t\t\t\t\t<h1 class=\"elementor-heading-title elementor-size-default\">Hran\u0103:<\/h1>\t\t\t\t<\/div>\n\t\t\t\t<\/div>\n\t\t\t\t<div class=\"elementor-element elementor-element-51e4edd elementor-widget elementor-widget-text-editor\" data-id=\"51e4edd\" data-element_type=\"widget\" data-e-type=\"widget\" data-widget_type=\"text-editor.default\">\n\t\t\t\t<div class=\"elementor-widget-container\">\n\t\t\t\t\t\t\t\t\t<p>Hrana acestei specii const\u0103 din plante acvatice, insecte \u0219i crustacee mici. Hr\u0103nirea are loc prin scufundarea g\u00e2tului lung \u00een ap\u0103, uneori chiar \u00eentorc\u00e2ndu-se aproape complet cu capul \u00een jos pentru a ajunge la vegeta\u021bia aflat\u0103 pe fundul apei. De asemenea, poate ciuguli iarba de pe malurile lacurilor sau poate accepta hran\u0103 de la oameni, de\u0219i p\u00e2inea \u0219i alte alimente procesate nu sunt benefice pentru s\u0103n\u0103tatea lor.<\/p>\t\t\t\t\t\t\t\t<\/div>\n\t\t\t\t<\/div>\n\t\t\t\t<\/div>\n\t\t<div class=\"elementor-element elementor-element-22e0b70b e-con-full animated-slow e-flex elementor-invisible e-con e-child\" data-id=\"22e0b70b\" data-element_type=\"container\" data-e-type=\"container\" data-settings=\"{&quot;animation&quot;:&quot;fadeInRight&quot;}\">\n\t\t\t\t<div class=\"elementor-element elementor-element-191d01c6 elementor-widget elementor-widget-heading\" data-id=\"191d01c6\" data-element_type=\"widget\" data-e-type=\"widget\" data-widget_type=\"heading.default\">\n\t\t\t\t<div class=\"elementor-widget-container\">\n\t\t\t\t\t<h1 class=\"elementor-heading-title elementor-size-default\">Conservare:<\/h1>\t\t\t\t<\/div>\n\t\t\t\t<\/div>\n\t\t\t\t<div class=\"elementor-element elementor-element-97f75d4 elementor-widget elementor-widget-text-editor\" data-id=\"97f75d4\" data-element_type=\"widget\" data-e-type=\"widget\" data-widget_type=\"text-editor.default\">\n\t\t\t\t<div class=\"elementor-widget-container\">\n\t\t\t\t\t\t\t\t\t<p>Nepericlitat\u0103, dar afectat\u0103 de pierderea habitatului \u0219i coliziunile cu firele electrice.<\/p>\t\t\t\t\t\t\t\t<\/div>\n\t\t\t\t<\/div>\n\t\t\t\t<\/div>\n\t\t\t\t\t<\/div>\n\t\t\t\t<\/div>\n\t\t\t\t<\/div>","protected":false},"excerpt":{"rendered":"<p>Leb\u0103da Alb\u0103 Denumire \u0219tiin\u021bific\u0103: Cygnus olorOrdin: AnseriformesFamilie: AnatidaeGen: CygnusSpecie: Cygnus olorDistribu\u021bie: Europa, Asia, America de Nord (popula\u021bii introduse)Dimensiuni: 125-170 cm lungime, anvergura aripilor 200-240 cmGreutate: 8-15 kgPerioada de incuba\u021bie: 35-41 zileNum\u0103r de pui: 4-7 ou\u0103Speran\u021b\u0103 de via\u021b\u0103: 20-30 ani General: Este cunoscut\u0103 \u0219i sub numele de leb\u0103da mut\u0103, este una dintre cele mai elegante \u0219i &hellip; <a href=\"https:\/\/bucurestizoo.ro\/en\/lebada-alba\/\" class=\"more-link\">Continue reading <span class=\"screen-reader-text\">Leb\u0103da Alb\u0103<\/span><\/a><\/p>","protected":false},"author":1,"featured_media":0,"parent":0,"menu_order":0,"comment_status":"closed","ping_status":"closed","template":"","meta":{"_monsterinsights_skip_tracking":false,"_monsterinsights_sitenote_active":false,"_monsterinsights_sitenote_note":"","_monsterinsights_sitenote_category":0,"footnotes":""},"class_list":["post-13874","page","type-page","status-publish","hentry"],"aioseo_notices":[],"_links":{"self":[{"href":"https:\/\/bucurestizoo.ro\/en\/wp-json\/wp\/v2\/pages\/13874","targetHints":{"allow":["GET"]}}],"collection":[{"href":"https:\/\/bucurestizoo.ro\/en\/wp-json\/wp\/v2\/pages"}],"about":[{"href":"https:\/\/bucurestizoo.ro\/en\/wp-json\/wp\/v2\/types\/page"}],"author":[{"embeddable":true,"href":"https:\/\/bucurestizoo.ro\/en\/wp-json\/wp\/v2\/users\/1"}],"replies":[{"embeddable":true,"href":"https:\/\/bucurestizoo.ro\/en\/wp-json\/wp\/v2\/comments?post=13874"}],"version-history":[{"count":4,"href":"https:\/\/bucurestizoo.ro\/en\/wp-json\/wp\/v2\/pages\/13874\/revisions"}],"predecessor-version":[{"id":13882,"href":"https:\/\/bucurestizoo.ro\/en\/wp-json\/wp\/v2\/pages\/13874\/revisions\/13882"}],"wp:attachment":[{"href":"https:\/\/bucurestizoo.ro\/en\/wp-json\/wp\/v2\/media?parent=13874"}],"curies":[{"name":"wp","href":"https:\/\/api.w.org\/{rel}","templated":true}]}}