{"id":13869,"date":"2025-03-15T14:38:41","date_gmt":"2025-03-15T12:38:41","guid":{"rendered":"https:\/\/n1.bucurestizoo.ro\/?page_id=13869"},"modified":"2025-03-15T14:41:22","modified_gmt":"2025-03-15T12:41:22","slug":"gasca-domestica","status":"publish","type":"page","link":"https:\/\/bucurestizoo.ro\/en\/gasca-domestica\/","title":{"rendered":"G\u00e2sca Domestic\u0103"},"content":{"rendered":"<div data-elementor-type=\"wp-page\" data-elementor-id=\"13869\" class=\"elementor elementor-13869\" data-elementor-post-type=\"page\">\n\t\t\t\t<div class=\"elementor-element elementor-element-2a7ef68d e-flex e-con-boxed e-con e-parent\" data-id=\"2a7ef68d\" data-element_type=\"container\" data-e-type=\"container\" data-settings=\"{&quot;background_background&quot;:&quot;classic&quot;}\">\n\t\t\t\t\t<div class=\"e-con-inner\">\n\t\t<div class=\"elementor-element elementor-element-116af751 e-con-full e-flex e-con e-child\" data-id=\"116af751\" data-element_type=\"container\" data-e-type=\"container\">\n\t\t<div class=\"elementor-element elementor-element-58d0e80d e-con-full animated-slow e-flex elementor-invisible e-con e-child\" data-id=\"58d0e80d\" data-element_type=\"container\" data-e-type=\"container\" data-settings=\"{&quot;animation&quot;:&quot;fadeInLeft&quot;}\">\n\t\t\t\t<div class=\"elementor-element elementor-element-2f840dc elementor-widget elementor-widget-heading\" data-id=\"2f840dc\" data-element_type=\"widget\" data-e-type=\"widget\" data-widget_type=\"heading.default\">\n\t\t\t\t<div class=\"elementor-widget-container\">\n\t\t\t\t\t<h1 class=\"elementor-heading-title elementor-size-default\">G\u00e2sca Domestic\u0103<\/h1>\t\t\t\t<\/div>\n\t\t\t\t<\/div>\n\t\t\t\t<div class=\"elementor-element elementor-element-1a0de1e8 elementor-widget elementor-widget-text-editor\" data-id=\"1a0de1e8\" data-element_type=\"widget\" data-e-type=\"widget\" data-widget_type=\"text-editor.default\">\n\t\t\t\t<div class=\"elementor-widget-container\">\n\t\t\t\t\t\t\t\t\t<p><strong>Denumire \u0219tiin\u021bific\u0103:<\/strong> Anser anser domesticus<br \/><strong>Ordin:<\/strong> Anseriformes<br \/><strong>Familie:<\/strong> Anatidae<br \/><strong>Gen:<\/strong> Anser<br \/><strong>Specie:<\/strong> Anser anser domesticus<br \/><strong>Distribu\u021bie:<\/strong> Crescut\u0103 pe tot globul<br \/><strong>Dimensiuni:<\/strong> 75-100 cm lungime<br \/><strong>Greutate:<\/strong> 3-10 kg (\u00een func\u021bie de ras\u0103)<br \/><strong>Perioada de incuba\u021bie:<\/strong> 28-30 zile<br \/><strong>Num\u0103r de pui:<\/strong> 4-10 ou\u0103<br \/><strong>Speran\u021b\u0103 de via\u021b\u0103:<\/strong> 10-20 ani<\/p>\t\t\t\t\t\t\t\t<\/div>\n\t\t\t\t<\/div>\n\t\t\t\t<\/div>\n\t\t\t\t<div class=\"elementor-element elementor-element-4d5e270 elementor-widget-tablet__width-inherit animated-slow elementor-invisible elementor-widget elementor-widget-image\" data-id=\"4d5e270\" data-element_type=\"widget\" data-e-type=\"widget\" data-settings=\"{&quot;_animation&quot;:&quot;fadeInRight&quot;}\" data-widget_type=\"image.default\">\n\t\t\t\t<div class=\"elementor-widget-container\">\n\t\t\t\t\t\t\t\t\t\t\t\t\t\t\t<img fetchpriority=\"high\" decoding=\"async\" width=\"847\" height=\"538\" src=\"https:\/\/bucurestizoo.ro\/wp-content\/uploads\/2025\/03\/gasca-domestica-dt_1-Large-1024x650.jpeg\" class=\"attachment-large size-large wp-image-13867\" alt=\"\" srcset=\"https:\/\/bucurestizoo.ro\/wp-content\/uploads\/2025\/03\/gasca-domestica-dt_1-Large-1024x650.jpeg 1024w, https:\/\/bucurestizoo.ro\/wp-content\/uploads\/2025\/03\/gasca-domestica-dt_1-Large-300x190.jpeg 300w, https:\/\/bucurestizoo.ro\/wp-content\/uploads\/2025\/03\/gasca-domestica-dt_1-Large-768x487.jpeg 768w, https:\/\/bucurestizoo.ro\/wp-content\/uploads\/2025\/03\/gasca-domestica-dt_1-Large-473x300.jpeg 473w, https:\/\/bucurestizoo.ro\/wp-content\/uploads\/2025\/03\/gasca-domestica-dt_1-Large-650x412.jpeg 650w, https:\/\/bucurestizoo.ro\/wp-content\/uploads\/2025\/03\/gasca-domestica-dt_1-Large.jpeg 1280w\" sizes=\"(max-width: 847px) 100vw, 847px\" data-id=\"13867\" \/>\t\t\t\t\t\t\t\t\t\t\t\t\t\t\t<\/div>\n\t\t\t\t<\/div>\n\t\t\t\t<\/div>\n\t\t\t\t\t<\/div>\n\t\t\t\t<\/div>\n\t\t<div class=\"elementor-element elementor-element-22c7a0fe animated-slow e-flex e-con-boxed elementor-invisible e-con e-parent\" data-id=\"22c7a0fe\" data-element_type=\"container\" data-e-type=\"container\" data-settings=\"{&quot;animation&quot;:&quot;fadeInLeft&quot;}\">\n\t\t\t\t\t<div class=\"e-con-inner\">\n\t\t\t\t<div class=\"elementor-element elementor-element-1c92400e elementor-widget elementor-widget-heading\" data-id=\"1c92400e\" data-element_type=\"widget\" data-e-type=\"widget\" data-widget_type=\"heading.default\">\n\t\t\t\t<div class=\"elementor-widget-container\">\n\t\t\t\t\t<h1 class=\"elementor-heading-title elementor-size-default\">General:<\/h1>\t\t\t\t<\/div>\n\t\t\t\t<\/div>\n\t\t\t\t<div class=\"elementor-element elementor-element-d15b8c8 elementor-widget elementor-widget-text-editor\" data-id=\"d15b8c8\" data-element_type=\"widget\" data-e-type=\"widget\" data-widget_type=\"text-editor.default\">\n\t\t\t\t<div class=\"elementor-widget-container\">\n\t\t\t\t\t\t\t\t\t<p>G\u00e2sca domestic\u0103 este derivat\u0103 din g\u00e2sca cenu\u0219ie (Anser anser) \u0219i a fost domesticit\u0103 de peste 3.000 de ani.<\/p><p>Este cunoscut\u0103 pentru inteligen\u021ba \u0219i loialitatea fa\u021b\u0103 de st\u0103p\u00e2ni. Unele rase sunt crescute pentru carne, altele pentru ou\u0103 sau penaj. O g\u00e2sc\u0103 domestic\u0103 este o g\u00e2sc\u0103 pe care oamenii au domesticit-o \u0219i au p\u0103strat-o pentru carne, ou\u0103 sau pene de puf sau ca animale de companie. G\u00e2\u0219tele domestice au fost ob\u021binute prin reproducere selectiv\u0103 din g\u00e2sc\u0103 s\u0103lbatic\u0103 \u0219i g\u00e2sc\u0103 de leb\u0103d\u0103.\u00a0<\/p>\t\t\t\t\t\t\t\t<\/div>\n\t\t\t\t<\/div>\n\t\t\t\t\t<\/div>\n\t\t\t\t<\/div>\n\t\t<div class=\"elementor-element elementor-element-fc3fbda e-flex e-con-boxed e-con e-parent\" data-id=\"fc3fbda\" data-element_type=\"container\" data-e-type=\"container\">\n\t\t\t\t\t<div class=\"e-con-inner\">\n\t\t\t\t<div class=\"elementor-element elementor-element-608cbc4f elementor-widget elementor-widget-gallery\" data-id=\"608cbc4f\" data-element_type=\"widget\" data-e-type=\"widget\" data-settings=\"{&quot;columns&quot;:2,&quot;lazyload&quot;:&quot;yes&quot;,&quot;gallery_layout&quot;:&quot;grid&quot;,&quot;columns_tablet&quot;:2,&quot;columns_mobile&quot;:1,&quot;gap&quot;:{&quot;unit&quot;:&quot;px&quot;,&quot;size&quot;:10,&quot;sizes&quot;:[]},&quot;gap_tablet&quot;:{&quot;unit&quot;:&quot;px&quot;,&quot;size&quot;:10,&quot;sizes&quot;:[]},&quot;gap_mobile&quot;:{&quot;unit&quot;:&quot;px&quot;,&quot;size&quot;:10,&quot;sizes&quot;:[]},&quot;link_to&quot;:&quot;file&quot;,&quot;aspect_ratio&quot;:&quot;3:2&quot;,&quot;overlay_background&quot;:&quot;yes&quot;,&quot;content_hover_animation&quot;:&quot;fade-in&quot;}\" data-widget_type=\"gallery.default\">\n\t\t\t\t<div class=\"elementor-widget-container\">\n\t\t\t\t\t\t\t<div class=\"elementor-gallery__container\">\n\t\t\t\t\t\t\t<a class=\"e-gallery-item elementor-gallery-item elementor-animated-content\" href=\"https:\/\/bucurestizoo.ro\/wp-content\/uploads\/2025\/03\/gasca-domestica-dt_3-Large.jpeg\" data-elementor-open-lightbox=\"yes\" data-elementor-lightbox-slideshow=\"608cbc4f\" data-elementor-lightbox-title=\"gasca domestica dt_3 Large\" data-e-action-hash=\"#elementor-action%3Aaction%3Dlightbox%26settings%3DeyJpZCI6MTM4NjYsInVybCI6Imh0dHBzOlwvXC9idWN1cmVzdGl6b28ucm9cL3dwLWNvbnRlbnRcL3VwbG9hZHNcLzIwMjVcLzAzXC9nYXNjYS1kb21lc3RpY2EtZHRfMy1MYXJnZS5qcGVnIiwic2xpZGVzaG93IjoiNjA4Y2JjNGYifQ%3D%3D\">\n\t\t\t\t\t<div class=\"e-gallery-image elementor-gallery-item__image\" data-thumbnail=\"https:\/\/bucurestizoo.ro\/wp-content\/uploads\/2025\/03\/gasca-domestica-dt_3-Large-1024x623.jpeg\" data-width=\"847\" data-height=\"515\" aria-label=\"\" role=\"img\" ><\/div>\n\t\t\t\t\t\t\t\t\t\t\t<div class=\"elementor-gallery-item__overlay\"><\/div>\n\t\t\t\t\t\t\t\t\t\t\t\t\t\t<\/a>\n\t\t\t\t\t\t\t<a class=\"e-gallery-item elementor-gallery-item elementor-animated-content\" href=\"https:\/\/bucurestizoo.ro\/wp-content\/uploads\/2025\/03\/gasca-domestica-dt_2-Large.jpeg\" data-elementor-open-lightbox=\"yes\" data-elementor-lightbox-slideshow=\"608cbc4f\" data-elementor-lightbox-title=\"gasca domestica dt_2 Large\" data-e-action-hash=\"#elementor-action%3Aaction%3Dlightbox%26settings%3DeyJpZCI6MTM4NjUsInVybCI6Imh0dHBzOlwvXC9idWN1cmVzdGl6b28ucm9cL3dwLWNvbnRlbnRcL3VwbG9hZHNcLzIwMjVcLzAzXC9nYXNjYS1kb21lc3RpY2EtZHRfMi1MYXJnZS5qcGVnIiwic2xpZGVzaG93IjoiNjA4Y2JjNGYifQ%3D%3D\">\n\t\t\t\t\t<div class=\"e-gallery-image elementor-gallery-item__image\" data-thumbnail=\"https:\/\/bucurestizoo.ro\/wp-content\/uploads\/2025\/03\/gasca-domestica-dt_2-Large-1024x634.jpeg\" data-width=\"847\" data-height=\"524\" aria-label=\"\" role=\"img\" ><\/div>\n\t\t\t\t\t\t\t\t\t\t\t<div class=\"elementor-gallery-item__overlay\"><\/div>\n\t\t\t\t\t\t\t\t\t\t\t\t\t\t<\/a>\n\t\t\t\t\t<\/div>\n\t\t\t\t\t<\/div>\n\t\t\t\t<\/div>\n\t\t\t\t\t<\/div>\n\t\t\t\t<\/div>\n\t\t<div class=\"elementor-element elementor-element-41c3cc51 animated-slow e-flex e-con-boxed elementor-invisible e-con e-parent\" data-id=\"41c3cc51\" data-element_type=\"container\" data-e-type=\"container\" data-settings=\"{&quot;animation&quot;:&quot;fadeInRight&quot;}\">\n\t\t\t\t\t<div class=\"e-con-inner\">\n\t\t\t\t<div class=\"elementor-element elementor-element-1c9a5fb6 elementor-widget elementor-widget-heading\" data-id=\"1c9a5fb6\" data-element_type=\"widget\" data-e-type=\"widget\" data-widget_type=\"heading.default\">\n\t\t\t\t<div class=\"elementor-widget-container\">\n\t\t\t\t\t<h1 class=\"elementor-heading-title elementor-size-default\">Habitat:<\/h1>\t\t\t\t<\/div>\n\t\t\t\t<\/div>\n\t\t\t\t<div class=\"elementor-element elementor-element-164462ec elementor-widget elementor-widget-text-editor\" data-id=\"164462ec\" data-element_type=\"widget\" data-e-type=\"widget\" data-widget_type=\"text-editor.default\">\n\t\t\t\t<div class=\"elementor-widget-container\">\n\t\t\t\t\t\t\t\t\t<p>G\u00e2sca domestic\u0103 poate tr\u0103i \u00een ferme, gr\u0103dini zoologice sau zone semi-s\u0103lbatice.<\/p>\t\t\t\t\t\t\t\t<\/div>\n\t\t\t\t<\/div>\n\t\t\t\t\t<\/div>\n\t\t\t\t<\/div>\n\t\t<div class=\"elementor-element elementor-element-66786a98 e-grid e-con-boxed e-con e-parent\" data-id=\"66786a98\" data-element_type=\"container\" data-e-type=\"container\">\n\t\t\t\t\t<div class=\"e-con-inner\">\n\t\t<div class=\"elementor-element elementor-element-14062e46 e-con-full animated-slow e-flex elementor-invisible e-con e-child\" data-id=\"14062e46\" data-element_type=\"container\" data-e-type=\"container\" data-settings=\"{&quot;animation&quot;:&quot;fadeInLeft&quot;}\">\n\t\t\t\t<div class=\"elementor-element elementor-element-c85bb41 elementor-widget elementor-widget-heading\" data-id=\"c85bb41\" data-element_type=\"widget\" data-e-type=\"widget\" data-widget_type=\"heading.default\">\n\t\t\t\t<div class=\"elementor-widget-container\">\n\t\t\t\t\t<h1 class=\"elementor-heading-title elementor-size-default\">Hran\u0103:<\/h1>\t\t\t\t<\/div>\n\t\t\t\t<\/div>\n\t\t\t\t<div class=\"elementor-element elementor-element-2cb294b9 elementor-widget elementor-widget-text-editor\" data-id=\"2cb294b9\" data-element_type=\"widget\" data-e-type=\"widget\" data-widget_type=\"text-editor.default\">\n\t\t\t\t<div class=\"elementor-widget-container\">\n\t\t\t\t\t\t\t\t\t<p>Este erbivor\u0103 \u0219i consum\u0103 iarb\u0103, semin\u021be \u0219i boabe.<\/p>\t\t\t\t\t\t\t\t<\/div>\n\t\t\t\t<\/div>\n\t\t\t\t<\/div>\n\t\t<div class=\"elementor-element elementor-element-49370107 e-con-full animated-slow e-flex elementor-invisible e-con e-child\" data-id=\"49370107\" data-element_type=\"container\" data-e-type=\"container\" data-settings=\"{&quot;animation&quot;:&quot;fadeInRight&quot;}\">\n\t\t\t\t<div class=\"elementor-element elementor-element-7cf4dfb7 elementor-widget elementor-widget-heading\" data-id=\"7cf4dfb7\" data-element_type=\"widget\" data-e-type=\"widget\" data-widget_type=\"heading.default\">\n\t\t\t\t<div class=\"elementor-widget-container\">\n\t\t\t\t\t<h1 class=\"elementor-heading-title elementor-size-default\">Conservare:<\/h1>\t\t\t\t<\/div>\n\t\t\t\t<\/div>\n\t\t\t\t<div class=\"elementor-element elementor-element-587fe76e elementor-widget elementor-widget-text-editor\" data-id=\"587fe76e\" data-element_type=\"widget\" data-e-type=\"widget\" data-widget_type=\"text-editor.default\">\n\t\t\t\t<div class=\"elementor-widget-container\">\n\t\t\t\t\t\t\t\t\t<p>Nepericlitat\u0103, dar unele rase tradi\u021bionale sunt pe cale de dispari\u021bie.<\/p>\t\t\t\t\t\t\t\t<\/div>\n\t\t\t\t<\/div>\n\t\t\t\t<\/div>\n\t\t\t\t\t<\/div>\n\t\t\t\t<\/div>\n\t\t\t\t<\/div>","protected":false},"excerpt":{"rendered":"<p>G\u00e2sca Domestic\u0103 Denumire \u0219tiin\u021bific\u0103: Anser anser domesticusOrdin: AnseriformesFamilie: AnatidaeGen: AnserSpecie: Anser anser domesticusDistribu\u021bie: Crescut\u0103 pe tot globulDimensiuni: 75-100 cm lungimeGreutate: 3-10 kg (\u00een func\u021bie de ras\u0103)Perioada de incuba\u021bie: 28-30 zileNum\u0103r de pui: 4-10 ou\u0103Speran\u021b\u0103 de via\u021b\u0103: 10-20 ani General: G\u00e2sca domestic\u0103 este derivat\u0103 din g\u00e2sca cenu\u0219ie (Anser anser) \u0219i a fost domesticit\u0103 de peste 3.000 &hellip; <a href=\"https:\/\/bucurestizoo.ro\/en\/gasca-domestica\/\" class=\"more-link\">Continue reading <span class=\"screen-reader-text\">G\u00e2sca Domestic\u0103<\/span><\/a><\/p>","protected":false},"author":1,"featured_media":0,"parent":0,"menu_order":0,"comment_status":"closed","ping_status":"closed","template":"","meta":{"_monsterinsights_skip_tracking":false,"_monsterinsights_sitenote_active":false,"_monsterinsights_sitenote_note":"","_monsterinsights_sitenote_category":0,"footnotes":""},"class_list":["post-13869","page","type-page","status-publish","hentry"],"aioseo_notices":[],"_links":{"self":[{"href":"https:\/\/bucurestizoo.ro\/en\/wp-json\/wp\/v2\/pages\/13869","targetHints":{"allow":["GET"]}}],"collection":[{"href":"https:\/\/bucurestizoo.ro\/en\/wp-json\/wp\/v2\/pages"}],"about":[{"href":"https:\/\/bucurestizoo.ro\/en\/wp-json\/wp\/v2\/types\/page"}],"author":[{"embeddable":true,"href":"https:\/\/bucurestizoo.ro\/en\/wp-json\/wp\/v2\/users\/1"}],"replies":[{"embeddable":true,"href":"https:\/\/bucurestizoo.ro\/en\/wp-json\/wp\/v2\/comments?post=13869"}],"version-history":[{"count":4,"href":"https:\/\/bucurestizoo.ro\/en\/wp-json\/wp\/v2\/pages\/13869\/revisions"}],"predecessor-version":[{"id":13873,"href":"https:\/\/bucurestizoo.ro\/en\/wp-json\/wp\/v2\/pages\/13869\/revisions\/13873"}],"wp:attachment":[{"href":"https:\/\/bucurestizoo.ro\/en\/wp-json\/wp\/v2\/media?parent=13869"}],"curies":[{"name":"wp","href":"https:\/\/api.w.org\/{rel}","templated":true}]}}