{"id":13845,"date":"2025-03-15T14:17:26","date_gmt":"2025-03-15T12:17:26","guid":{"rendered":"https:\/\/n1.bucurestizoo.ro\/?page_id=13845"},"modified":"2025-03-15T14:20:02","modified_gmt":"2025-03-15T12:20:02","slug":"gasca-de-anzi","status":"publish","type":"page","link":"https:\/\/bucurestizoo.ro\/en\/gasca-de-anzi\/","title":{"rendered":"G\u00e2sca de Anzi"},"content":{"rendered":"<div data-elementor-type=\"wp-page\" data-elementor-id=\"13845\" class=\"elementor elementor-13845\" data-elementor-post-type=\"page\">\n\t\t\t\t<div class=\"elementor-element elementor-element-206d9df3 e-flex e-con-boxed e-con e-parent\" data-id=\"206d9df3\" data-element_type=\"container\" data-e-type=\"container\" data-settings=\"{&quot;background_background&quot;:&quot;classic&quot;}\">\n\t\t\t\t\t<div class=\"e-con-inner\">\n\t\t<div class=\"elementor-element elementor-element-3d26d69b e-con-full e-flex e-con e-child\" data-id=\"3d26d69b\" data-element_type=\"container\" data-e-type=\"container\">\n\t\t<div class=\"elementor-element elementor-element-1eca645e e-con-full animated-slow e-flex elementor-invisible e-con e-child\" data-id=\"1eca645e\" data-element_type=\"container\" data-e-type=\"container\" data-settings=\"{&quot;animation&quot;:&quot;fadeInLeft&quot;}\">\n\t\t\t\t<div class=\"elementor-element elementor-element-6149e276 elementor-widget elementor-widget-heading\" data-id=\"6149e276\" data-element_type=\"widget\" data-e-type=\"widget\" data-widget_type=\"heading.default\">\n\t\t\t\t<div class=\"elementor-widget-container\">\n\t\t\t\t\t<h1 class=\"elementor-heading-title elementor-size-default\">G\u00e2sca de Anzi<\/h1>\t\t\t\t<\/div>\n\t\t\t\t<\/div>\n\t\t\t\t<div class=\"elementor-element elementor-element-68ca118c elementor-widget elementor-widget-text-editor\" data-id=\"68ca118c\" data-element_type=\"widget\" data-e-type=\"widget\" data-widget_type=\"text-editor.default\">\n\t\t\t\t<div class=\"elementor-widget-container\">\n\t\t\t\t\t\t\t\t\t<p><strong>Denumire \u0219tiin\u021bific\u0103:<\/strong> Chloephaga melanoptera<br \/><strong>Ordin:<\/strong> Anseriformes<br \/><strong>Familie:<\/strong> Anatidae<br \/><strong>Gen:<\/strong> Chloephaga<br \/><strong>Specie:<\/strong> Chloephaga melanoptera<br \/><strong>Distribu\u021bie:<\/strong> America de Sud \u2013 Mun\u021bii Anzi, din sudul Columbiei p\u00e2n\u0103 \u00een nordul Argentinei \u0219i Chile<br \/><strong>Dimensiuni:<\/strong> 70-80 cm lungime, anvergura aripilor 140-160 cm<br \/><strong>Greutate:<\/strong> 3,5-4,5 kg<br \/><strong>Perioada de incuba\u021bie:<\/strong> 30-32 zile<br \/><strong>Num\u0103r de pui:<\/strong> 4-6 ou\u0103<br \/><strong>Speran\u021b\u0103 de via\u021b\u0103:<\/strong> 12-20 ani \u00een s\u0103lb\u0103ticie<\/p>\t\t\t\t\t\t\t\t<\/div>\n\t\t\t\t<\/div>\n\t\t\t\t<\/div>\n\t\t\t\t<div class=\"elementor-element elementor-element-3e522361 elementor-widget-tablet__width-inherit animated-slow elementor-invisible elementor-widget elementor-widget-image\" data-id=\"3e522361\" data-element_type=\"widget\" data-e-type=\"widget\" data-settings=\"{&quot;_animation&quot;:&quot;fadeInRight&quot;}\" data-widget_type=\"image.default\">\n\t\t\t\t<div class=\"elementor-widget-container\">\n\t\t\t\t\t\t\t\t\t\t\t\t\t\t\t<img fetchpriority=\"high\" decoding=\"async\" width=\"847\" height=\"564\" src=\"https:\/\/bucurestizoo.ro\/wp-content\/uploads\/2025\/03\/Gasca-de-Anzi-dt_2-Large-1024x682.jpeg\" class=\"attachment-large size-large wp-image-13847\" alt=\"\" srcset=\"https:\/\/bucurestizoo.ro\/wp-content\/uploads\/2025\/03\/Gasca-de-Anzi-dt_2-Large-1024x682.jpeg 1024w, https:\/\/bucurestizoo.ro\/wp-content\/uploads\/2025\/03\/Gasca-de-Anzi-dt_2-Large-300x200.jpeg 300w, https:\/\/bucurestizoo.ro\/wp-content\/uploads\/2025\/03\/Gasca-de-Anzi-dt_2-Large-768x512.jpeg 768w, https:\/\/bucurestizoo.ro\/wp-content\/uploads\/2025\/03\/Gasca-de-Anzi-dt_2-Large-450x300.jpeg 450w, https:\/\/bucurestizoo.ro\/wp-content\/uploads\/2025\/03\/Gasca-de-Anzi-dt_2-Large-650x433.jpeg 650w, https:\/\/bucurestizoo.ro\/wp-content\/uploads\/2025\/03\/Gasca-de-Anzi-dt_2-Large.jpeg 1280w\" sizes=\"(max-width: 847px) 100vw, 847px\" data-id=\"13847\" \/>\t\t\t\t\t\t\t\t\t\t\t\t\t\t\t<\/div>\n\t\t\t\t<\/div>\n\t\t\t\t<\/div>\n\t\t\t\t\t<\/div>\n\t\t\t\t<\/div>\n\t\t<div class=\"elementor-element elementor-element-10c980b3 animated-slow e-flex e-con-boxed elementor-invisible e-con e-parent\" data-id=\"10c980b3\" data-element_type=\"container\" data-e-type=\"container\" data-settings=\"{&quot;animation&quot;:&quot;fadeInLeft&quot;}\">\n\t\t\t\t\t<div class=\"e-con-inner\">\n\t\t\t\t<div class=\"elementor-element elementor-element-316652b6 elementor-widget elementor-widget-heading\" data-id=\"316652b6\" data-element_type=\"widget\" data-e-type=\"widget\" data-widget_type=\"heading.default\">\n\t\t\t\t<div class=\"elementor-widget-container\">\n\t\t\t\t\t<h1 class=\"elementor-heading-title elementor-size-default\">General:<\/h1>\t\t\t\t<\/div>\n\t\t\t\t<\/div>\n\t\t\t\t<div class=\"elementor-element elementor-element-3c3ed11a elementor-widget elementor-widget-text-editor\" data-id=\"3c3ed11a\" data-element_type=\"widget\" data-e-type=\"widget\" data-widget_type=\"text-editor.default\">\n\t\t\t\t<div class=\"elementor-widget-container\">\n\t\t\t\t\t\t\t\t\t<p>G\u00e2sca de Anzi este o specie impresionant\u0103, cunoscut\u0103 pentru rezisten\u021ba sa la altitudini mari. Este adaptat\u0103 la via\u021ba \u00een regiunile montane, unde temperaturile sunt sc\u0103zute \u0219i oxigenul este rar. Are un corp alb imaculat, cu aripi negre contrastante \u0219i picioare roz. Masculii \u0219i femelele arat\u0103 similar, dar masculii sunt de obicei mai mari. Este o specie lini\u0219tit\u0103, dar devine agresiv\u0103 \u00een sezonul de \u00eemperechere, c\u00e2nd \u00ee\u0219i ap\u0103r\u0103 teritoriul de alte p\u0103s\u0103ri.<\/p>\t\t\t\t\t\t\t\t<\/div>\n\t\t\t\t<\/div>\n\t\t\t\t\t<\/div>\n\t\t\t\t<\/div>\n\t\t<div class=\"elementor-element elementor-element-4f6ee737 e-flex e-con-boxed e-con e-parent\" data-id=\"4f6ee737\" data-element_type=\"container\" data-e-type=\"container\">\n\t\t\t\t\t<div class=\"e-con-inner\">\n\t\t\t\t<div class=\"elementor-element elementor-element-e9c3cbd elementor-widget elementor-widget-gallery\" data-id=\"e9c3cbd\" data-element_type=\"widget\" data-e-type=\"widget\" data-settings=\"{&quot;columns&quot;:2,&quot;lazyload&quot;:&quot;yes&quot;,&quot;gallery_layout&quot;:&quot;grid&quot;,&quot;columns_tablet&quot;:2,&quot;columns_mobile&quot;:1,&quot;gap&quot;:{&quot;unit&quot;:&quot;px&quot;,&quot;size&quot;:10,&quot;sizes&quot;:[]},&quot;gap_tablet&quot;:{&quot;unit&quot;:&quot;px&quot;,&quot;size&quot;:10,&quot;sizes&quot;:[]},&quot;gap_mobile&quot;:{&quot;unit&quot;:&quot;px&quot;,&quot;size&quot;:10,&quot;sizes&quot;:[]},&quot;link_to&quot;:&quot;file&quot;,&quot;aspect_ratio&quot;:&quot;3:2&quot;,&quot;overlay_background&quot;:&quot;yes&quot;,&quot;content_hover_animation&quot;:&quot;fade-in&quot;}\" data-widget_type=\"gallery.default\">\n\t\t\t\t<div class=\"elementor-widget-container\">\n\t\t\t\t\t\t\t<div class=\"elementor-gallery__container\">\n\t\t\t\t\t\t\t<a class=\"e-gallery-item elementor-gallery-item elementor-animated-content\" href=\"https:\/\/bucurestizoo.ro\/wp-content\/uploads\/2025\/03\/Gasca-de-Anzi-dt_1-Large.jpeg\" data-elementor-open-lightbox=\"yes\" data-elementor-lightbox-slideshow=\"e9c3cbd\" data-elementor-lightbox-title=\"Ga\u0302sca de Anzi dt_1 Large\" data-e-action-hash=\"#elementor-action%3Aaction%3Dlightbox%26settings%3DeyJpZCI6MTM4NDksInVybCI6Imh0dHBzOlwvXC9idWN1cmVzdGl6b28ucm9cL3dwLWNvbnRlbnRcL3VwbG9hZHNcLzIwMjVcLzAzXC9HYXNjYS1kZS1BbnppLWR0XzEtTGFyZ2UuanBlZyIsInNsaWRlc2hvdyI6ImU5YzNjYmQifQ%3D%3D\">\n\t\t\t\t\t<div class=\"e-gallery-image elementor-gallery-item__image\" data-thumbnail=\"https:\/\/bucurestizoo.ro\/wp-content\/uploads\/2025\/03\/Gasca-de-Anzi-dt_1-Large-1024x682.jpeg\" data-width=\"847\" data-height=\"564\" aria-label=\"\" role=\"img\" ><\/div>\n\t\t\t\t\t\t\t\t\t\t\t<div class=\"elementor-gallery-item__overlay\"><\/div>\n\t\t\t\t\t\t\t\t\t\t\t\t\t\t<\/a>\n\t\t\t\t\t\t\t<a class=\"e-gallery-item elementor-gallery-item elementor-animated-content\" href=\"https:\/\/bucurestizoo.ro\/wp-content\/uploads\/2025\/03\/Gasca-de-Anzi-dt_3-Large.jpeg\" data-elementor-open-lightbox=\"yes\" data-elementor-lightbox-slideshow=\"e9c3cbd\" data-elementor-lightbox-title=\"Ga\u0302sca de Anzi dt_3 Large\" data-e-action-hash=\"#elementor-action%3Aaction%3Dlightbox%26settings%3DeyJpZCI6MTM4NDgsInVybCI6Imh0dHBzOlwvXC9idWN1cmVzdGl6b28ucm9cL3dwLWNvbnRlbnRcL3VwbG9hZHNcLzIwMjVcLzAzXC9HYXNjYS1kZS1BbnppLWR0XzMtTGFyZ2UuanBlZyIsInNsaWRlc2hvdyI6ImU5YzNjYmQifQ%3D%3D\">\n\t\t\t\t\t<div class=\"e-gallery-image elementor-gallery-item__image\" data-thumbnail=\"https:\/\/bucurestizoo.ro\/wp-content\/uploads\/2025\/03\/Gasca-de-Anzi-dt_3-Large-1024x682.jpeg\" data-width=\"847\" data-height=\"564\" aria-label=\"\" role=\"img\" ><\/div>\n\t\t\t\t\t\t\t\t\t\t\t<div class=\"elementor-gallery-item__overlay\"><\/div>\n\t\t\t\t\t\t\t\t\t\t\t\t\t\t<\/a>\n\t\t\t\t\t<\/div>\n\t\t\t\t\t<\/div>\n\t\t\t\t<\/div>\n\t\t\t\t\t<\/div>\n\t\t\t\t<\/div>\n\t\t<div class=\"elementor-element elementor-element-223efd08 animated-slow e-flex e-con-boxed elementor-invisible e-con e-parent\" data-id=\"223efd08\" data-element_type=\"container\" data-e-type=\"container\" data-settings=\"{&quot;animation&quot;:&quot;fadeInRight&quot;}\">\n\t\t\t\t\t<div class=\"e-con-inner\">\n\t\t\t\t<div class=\"elementor-element elementor-element-7393e3cc elementor-widget elementor-widget-heading\" data-id=\"7393e3cc\" data-element_type=\"widget\" data-e-type=\"widget\" data-widget_type=\"heading.default\">\n\t\t\t\t<div class=\"elementor-widget-container\">\n\t\t\t\t\t<h1 class=\"elementor-heading-title elementor-size-default\">Habitat:<\/h1>\t\t\t\t<\/div>\n\t\t\t\t<\/div>\n\t\t\t\t<div class=\"elementor-element elementor-element-6dc1fd9e elementor-widget elementor-widget-text-editor\" data-id=\"6dc1fd9e\" data-element_type=\"widget\" data-e-type=\"widget\" data-widget_type=\"text-editor.default\">\n\t\t\t\t<div class=\"elementor-widget-container\">\n\t\t\t\t\t\t\t\t\t<p>Se g\u0103se\u0219te la altitudini de 3.000-5.000 de metri \u00een Mun\u021bii Anzi, pe paji\u0219ti alpine \u0219i l\u00e2ng\u0103 lacurile glaciare.<\/p><p>\u00cen timpul iernii, coboar\u0103 la altitudini mai joase, unde g\u0103se\u0219te hran\u0103 mai u\u0219or accesibil\u0103.<\/p>\t\t\t\t\t\t\t\t<\/div>\n\t\t\t\t<\/div>\n\t\t\t\t\t<\/div>\n\t\t\t\t<\/div>\n\t\t<div class=\"elementor-element elementor-element-bbffd6f e-grid e-con-boxed e-con e-parent\" data-id=\"bbffd6f\" data-element_type=\"container\" data-e-type=\"container\">\n\t\t\t\t\t<div class=\"e-con-inner\">\n\t\t<div class=\"elementor-element elementor-element-16221621 e-con-full animated-slow e-flex elementor-invisible e-con e-child\" data-id=\"16221621\" data-element_type=\"container\" data-e-type=\"container\" data-settings=\"{&quot;animation&quot;:&quot;fadeInLeft&quot;}\">\n\t\t\t\t<div class=\"elementor-element elementor-element-41309a92 elementor-widget elementor-widget-heading\" data-id=\"41309a92\" data-element_type=\"widget\" data-e-type=\"widget\" data-widget_type=\"heading.default\">\n\t\t\t\t<div class=\"elementor-widget-container\">\n\t\t\t\t\t<h1 class=\"elementor-heading-title elementor-size-default\">Hran\u0103:<\/h1>\t\t\t\t<\/div>\n\t\t\t\t<\/div>\n\t\t\t\t<div class=\"elementor-element elementor-element-4babf43a elementor-widget elementor-widget-text-editor\" data-id=\"4babf43a\" data-element_type=\"widget\" data-e-type=\"widget\" data-widget_type=\"text-editor.default\">\n\t\t\t\t<div class=\"elementor-widget-container\">\n\t\t\t\t\t\t\t\t\t<p>Este strict erbivor\u0103 \u0219i consum\u0103:<\/p><ul><li>Ierburi montane \u2013 sursa principal\u0103 de hran\u0103.<\/li><li>Plante acvatice \u2013 atunci c\u00e2nd tr\u0103ie\u0219te l\u00e2ng\u0103 lacuri.<\/li><li>Muguri \u0219i semin\u021be \u2013 mai ales \u00een sezonul rece.<\/li><\/ul>\t\t\t\t\t\t\t\t<\/div>\n\t\t\t\t<\/div>\n\t\t\t\t<\/div>\n\t\t<div class=\"elementor-element elementor-element-75572547 e-con-full animated-slow e-flex elementor-invisible e-con e-child\" data-id=\"75572547\" data-element_type=\"container\" data-e-type=\"container\" data-settings=\"{&quot;animation&quot;:&quot;fadeInRight&quot;}\">\n\t\t\t\t<div class=\"elementor-element elementor-element-3e6a34b6 elementor-widget elementor-widget-heading\" data-id=\"3e6a34b6\" data-element_type=\"widget\" data-e-type=\"widget\" data-widget_type=\"heading.default\">\n\t\t\t\t<div class=\"elementor-widget-container\">\n\t\t\t\t\t<h1 class=\"elementor-heading-title elementor-size-default\">Conservare:<\/h1>\t\t\t\t<\/div>\n\t\t\t\t<\/div>\n\t\t\t\t<div class=\"elementor-element elementor-element-4f3ac11e elementor-widget elementor-widget-text-editor\" data-id=\"4f3ac11e\" data-element_type=\"widget\" data-e-type=\"widget\" data-widget_type=\"text-editor.default\">\n\t\t\t\t<div class=\"elementor-widget-container\">\n\t\t\t\t\t\t\t\t\t<p>Clasificat\u0103 ca nepericlitat\u0103 (LC \u2013 Least Concern), dar popula\u021biile sale sunt \u00een sc\u0103dere din cauza:<\/p><ul><li>P\u0103\u0219unatului excesiv de c\u0103tre vite \u0219i oi, care reduc resursele de hran\u0103.<\/li><li>Polu\u0103rii lacurilor alpine din cauza activit\u0103\u021bilor miniere.<\/li><li>V\u00e2n\u0103torii \u00een unele regiuni din cauza c\u0103rnii sale.<\/li><\/ul><p>Este protejat\u0103 \u00een unele parcuri na\u021bionale din Anzi, dar mai sunt necesare m\u0103suri suplimentare pentru a-i asigura supravie\u021buirea pe termen lung.<\/p>\t\t\t\t\t\t\t\t<\/div>\n\t\t\t\t<\/div>\n\t\t\t\t<\/div>\n\t\t\t\t\t<\/div>\n\t\t\t\t<\/div>\n\t\t\t\t<\/div>","protected":false},"excerpt":{"rendered":"<p>G\u00e2sca de Anzi Denumire \u0219tiin\u021bific\u0103: Chloephaga melanopteraOrdin: AnseriformesFamilie: AnatidaeGen: ChloephagaSpecie: Chloephaga melanopteraDistribu\u021bie: America de Sud \u2013 Mun\u021bii Anzi, din sudul Columbiei p\u00e2n\u0103 \u00een nordul Argentinei \u0219i ChileDimensiuni: 70-80 cm lungime, anvergura aripilor 140-160 cmGreutate: 3,5-4,5 kgPerioada de incuba\u021bie: 30-32 zileNum\u0103r de pui: 4-6 ou\u0103Speran\u021b\u0103 de via\u021b\u0103: 12-20 ani \u00een s\u0103lb\u0103ticie General: G\u00e2sca de Anzi este &hellip; <a href=\"https:\/\/bucurestizoo.ro\/en\/gasca-de-anzi\/\" class=\"more-link\">Continue reading <span class=\"screen-reader-text\">G\u00e2sca de Anzi<\/span><\/a><\/p>","protected":false},"author":1,"featured_media":0,"parent":0,"menu_order":0,"comment_status":"closed","ping_status":"closed","template":"","meta":{"_monsterinsights_skip_tracking":false,"_monsterinsights_sitenote_active":false,"_monsterinsights_sitenote_note":"","_monsterinsights_sitenote_category":0,"footnotes":""},"class_list":["post-13845","page","type-page","status-publish","hentry"],"aioseo_notices":[],"_links":{"self":[{"href":"https:\/\/bucurestizoo.ro\/en\/wp-json\/wp\/v2\/pages\/13845","targetHints":{"allow":["GET"]}}],"collection":[{"href":"https:\/\/bucurestizoo.ro\/en\/wp-json\/wp\/v2\/pages"}],"about":[{"href":"https:\/\/bucurestizoo.ro\/en\/wp-json\/wp\/v2\/types\/page"}],"author":[{"embeddable":true,"href":"https:\/\/bucurestizoo.ro\/en\/wp-json\/wp\/v2\/users\/1"}],"replies":[{"embeddable":true,"href":"https:\/\/bucurestizoo.ro\/en\/wp-json\/wp\/v2\/comments?post=13845"}],"version-history":[{"count":4,"href":"https:\/\/bucurestizoo.ro\/en\/wp-json\/wp\/v2\/pages\/13845\/revisions"}],"predecessor-version":[{"id":13852,"href":"https:\/\/bucurestizoo.ro\/en\/wp-json\/wp\/v2\/pages\/13845\/revisions\/13852"}],"wp:attachment":[{"href":"https:\/\/bucurestizoo.ro\/en\/wp-json\/wp\/v2\/media?parent=13845"}],"curies":[{"name":"wp","href":"https:\/\/api.w.org\/{rel}","templated":true}]}}