{"id":13837,"date":"2025-03-15T14:02:05","date_gmt":"2025-03-15T12:02:05","guid":{"rendered":"https:\/\/n1.bucurestizoo.ro\/?page_id=13837"},"modified":"2025-03-15T14:05:21","modified_gmt":"2025-03-15T12:05:21","slug":"gasca-cu-cap-rosiatic","status":"publish","type":"page","link":"https:\/\/bucurestizoo.ro\/en\/gasca-cu-cap-rosiatic\/","title":{"rendered":"G\u00e2sca cu Cap Ro\u0219iatic"},"content":{"rendered":"<div data-elementor-type=\"wp-page\" data-elementor-id=\"13837\" class=\"elementor elementor-13837\" data-elementor-post-type=\"page\">\n\t\t\t\t<div class=\"elementor-element elementor-element-9b29918 e-flex e-con-boxed e-con e-parent\" data-id=\"9b29918\" data-element_type=\"container\" data-e-type=\"container\" data-settings=\"{&quot;background_background&quot;:&quot;classic&quot;}\">\n\t\t\t\t\t<div class=\"e-con-inner\">\n\t\t<div class=\"elementor-element elementor-element-1dd275d2 e-con-full e-flex e-con e-child\" data-id=\"1dd275d2\" data-element_type=\"container\" data-e-type=\"container\">\n\t\t<div class=\"elementor-element elementor-element-25b18fcb e-con-full animated-slow e-flex elementor-invisible e-con e-child\" data-id=\"25b18fcb\" data-element_type=\"container\" data-e-type=\"container\" data-settings=\"{&quot;animation&quot;:&quot;fadeInLeft&quot;}\">\n\t\t\t\t<div class=\"elementor-element elementor-element-6e131ef9 elementor-widget elementor-widget-heading\" data-id=\"6e131ef9\" data-element_type=\"widget\" data-e-type=\"widget\" data-widget_type=\"heading.default\">\n\t\t\t\t<div class=\"elementor-widget-container\">\n\t\t\t\t\t<h1 class=\"elementor-heading-title elementor-size-default\">G\u00e2sca cu Cap Ro\u0219iatic<\/h1>\t\t\t\t<\/div>\n\t\t\t\t<\/div>\n\t\t\t\t<div class=\"elementor-element elementor-element-7a0dded1 elementor-widget elementor-widget-text-editor\" data-id=\"7a0dded1\" data-element_type=\"widget\" data-e-type=\"widget\" data-widget_type=\"text-editor.default\">\n\t\t\t\t<div class=\"elementor-widget-container\">\n\t\t\t\t\t\t\t\t\t<p><strong>Denumire \u0219tiin\u021bific\u0103:<\/strong> Chloephaga rubidiceps<br \/><strong>Ordin:<\/strong> Anseriformes<br \/><strong>Familie:<\/strong> Anatidae<br \/><strong>Gen:<\/strong> Chloephaga<br \/><strong>Specie:<\/strong> Chloephaga rubidiceps<br \/><strong>Distribu\u021bie:<\/strong> Sudul Americii de Sud \u2013 Argentina, Chile, Insulele Falkland<br \/><strong>Dimensiuni:<\/strong> 55-65 cm lungime, anvergura aripilor 95-110 cm<br \/><strong>Greutate:<\/strong> 1,5-2,5 kg<br \/><strong>Perioada de incuba\u021bie:<\/strong> 28-30 zile<br \/><strong>Num\u0103r de pui:<\/strong> 4-6 ou\u0103<br \/><strong>Speran\u021b\u0103 de via\u021b\u0103:<\/strong> 10-15 ani \u00een s\u0103lb\u0103ticie<\/p>\t\t\t\t\t\t\t\t<\/div>\n\t\t\t\t<\/div>\n\t\t\t\t<\/div>\n\t\t\t\t<div class=\"elementor-element elementor-element-1aacf4e6 elementor-widget-tablet__width-inherit animated-slow elementor-invisible elementor-widget elementor-widget-image\" data-id=\"1aacf4e6\" data-element_type=\"widget\" data-e-type=\"widget\" data-settings=\"{&quot;_animation&quot;:&quot;fadeInRight&quot;}\" data-widget_type=\"image.default\">\n\t\t\t\t<div class=\"elementor-widget-container\">\n\t\t\t\t\t\t\t\t\t\t\t\t\t\t\t<img fetchpriority=\"high\" decoding=\"async\" width=\"847\" height=\"564\" src=\"https:\/\/bucurestizoo.ro\/wp-content\/uploads\/2025\/03\/Gasca-cu-cap-rosiatic-dt_1-Large-1024x682.jpeg\" class=\"attachment-large size-large wp-image-13840\" alt=\"\" srcset=\"https:\/\/bucurestizoo.ro\/wp-content\/uploads\/2025\/03\/Gasca-cu-cap-rosiatic-dt_1-Large-1024x682.jpeg 1024w, https:\/\/bucurestizoo.ro\/wp-content\/uploads\/2025\/03\/Gasca-cu-cap-rosiatic-dt_1-Large-300x200.jpeg 300w, https:\/\/bucurestizoo.ro\/wp-content\/uploads\/2025\/03\/Gasca-cu-cap-rosiatic-dt_1-Large-768x512.jpeg 768w, https:\/\/bucurestizoo.ro\/wp-content\/uploads\/2025\/03\/Gasca-cu-cap-rosiatic-dt_1-Large-450x300.jpeg 450w, https:\/\/bucurestizoo.ro\/wp-content\/uploads\/2025\/03\/Gasca-cu-cap-rosiatic-dt_1-Large-650x433.jpeg 650w, https:\/\/bucurestizoo.ro\/wp-content\/uploads\/2025\/03\/Gasca-cu-cap-rosiatic-dt_1-Large.jpeg 1280w\" sizes=\"(max-width: 847px) 100vw, 847px\" data-id=\"13840\" \/>\t\t\t\t\t\t\t\t\t\t\t\t\t\t\t<\/div>\n\t\t\t\t<\/div>\n\t\t\t\t<\/div>\n\t\t\t\t\t<\/div>\n\t\t\t\t<\/div>\n\t\t<div class=\"elementor-element elementor-element-3c1635ec animated-slow e-flex e-con-boxed elementor-invisible e-con e-parent\" data-id=\"3c1635ec\" data-element_type=\"container\" data-e-type=\"container\" data-settings=\"{&quot;animation&quot;:&quot;fadeInLeft&quot;}\">\n\t\t\t\t\t<div class=\"e-con-inner\">\n\t\t\t\t<div class=\"elementor-element elementor-element-260573b7 elementor-widget elementor-widget-heading\" data-id=\"260573b7\" data-element_type=\"widget\" data-e-type=\"widget\" data-widget_type=\"heading.default\">\n\t\t\t\t<div class=\"elementor-widget-container\">\n\t\t\t\t\t<h1 class=\"elementor-heading-title elementor-size-default\">General:<\/h1>\t\t\t\t<\/div>\n\t\t\t\t<\/div>\n\t\t\t\t<div class=\"elementor-element elementor-element-1f17f4a1 elementor-widget elementor-widget-text-editor\" data-id=\"1f17f4a1\" data-element_type=\"widget\" data-e-type=\"widget\" data-widget_type=\"text-editor.default\">\n\t\t\t\t<div class=\"elementor-widget-container\">\n\t\t\t\t\t\t\t\t\t<p>Aceast\u0103 g\u00e2sc\u0103 este una dintre cele mai colorate specii din genul Chloephaga, av\u00e2nd un cap ro\u0219cat distinctiv, un g\u00e2t brun-ro\u0219cat \u0219i un corp cu pene gri-albicioase. Femelele au culori mai palide, iar masculii sunt mai \u00eenchi\u0219i la culoare. Este o pas\u0103re destul de t\u0103cut\u0103, spre deosebire de alte g\u00e2\u0219te, dar emite uneori fluier\u0103turi scurte pentru a comunica cu puii s\u0103i. Este o specie migratoare, petrec\u00e2nd vara \u00een zonele sudice din Patagonia \u0219i iern\u00e2nd \u00een paji\u0219tile din nordul Argentinei.<\/p>\t\t\t\t\t\t\t\t<\/div>\n\t\t\t\t<\/div>\n\t\t\t\t\t<\/div>\n\t\t\t\t<\/div>\n\t\t<div class=\"elementor-element elementor-element-3fcec90e e-flex e-con-boxed e-con e-parent\" data-id=\"3fcec90e\" data-element_type=\"container\" data-e-type=\"container\">\n\t\t\t\t\t<div class=\"e-con-inner\">\n\t\t\t\t<div class=\"elementor-element elementor-element-63b93485 elementor-widget elementor-widget-gallery\" data-id=\"63b93485\" data-element_type=\"widget\" data-e-type=\"widget\" data-settings=\"{&quot;columns&quot;:2,&quot;lazyload&quot;:&quot;yes&quot;,&quot;gallery_layout&quot;:&quot;grid&quot;,&quot;columns_tablet&quot;:2,&quot;columns_mobile&quot;:1,&quot;gap&quot;:{&quot;unit&quot;:&quot;px&quot;,&quot;size&quot;:10,&quot;sizes&quot;:[]},&quot;gap_tablet&quot;:{&quot;unit&quot;:&quot;px&quot;,&quot;size&quot;:10,&quot;sizes&quot;:[]},&quot;gap_mobile&quot;:{&quot;unit&quot;:&quot;px&quot;,&quot;size&quot;:10,&quot;sizes&quot;:[]},&quot;link_to&quot;:&quot;file&quot;,&quot;aspect_ratio&quot;:&quot;3:2&quot;,&quot;overlay_background&quot;:&quot;yes&quot;,&quot;content_hover_animation&quot;:&quot;fade-in&quot;}\" data-widget_type=\"gallery.default\">\n\t\t\t\t<div class=\"elementor-widget-container\">\n\t\t\t\t\t\t\t<div class=\"elementor-gallery__container\">\n\t\t\t\t\t\t\t<a class=\"e-gallery-item elementor-gallery-item elementor-animated-content\" href=\"https:\/\/bucurestizoo.ro\/wp-content\/uploads\/2025\/03\/Gasca-cu-cap-rosiatic-dt_2-Large.jpeg\" data-elementor-open-lightbox=\"yes\" data-elementor-lightbox-slideshow=\"63b93485\" data-elementor-lightbox-title=\"Ga\u0302sca cu cap ros\u0326iatic dt_2 Large\" data-e-action-hash=\"#elementor-action%3Aaction%3Dlightbox%26settings%3DeyJpZCI6MTM4MzgsInVybCI6Imh0dHBzOlwvXC9idWN1cmVzdGl6b28ucm9cL3dwLWNvbnRlbnRcL3VwbG9hZHNcLzIwMjVcLzAzXC9HYXNjYS1jdS1jYXAtcm9zaWF0aWMtZHRfMi1MYXJnZS5qcGVnIiwic2xpZGVzaG93IjoiNjNiOTM0ODUifQ%3D%3D\">\n\t\t\t\t\t<div class=\"e-gallery-image elementor-gallery-item__image\" data-thumbnail=\"https:\/\/bucurestizoo.ro\/wp-content\/uploads\/2025\/03\/Gasca-cu-cap-rosiatic-dt_2-Large-1024x682.jpeg\" data-width=\"847\" data-height=\"564\" aria-label=\"\" role=\"img\" ><\/div>\n\t\t\t\t\t\t\t\t\t\t\t<div class=\"elementor-gallery-item__overlay\"><\/div>\n\t\t\t\t\t\t\t\t\t\t\t\t\t\t<\/a>\n\t\t\t\t\t\t\t<a class=\"e-gallery-item elementor-gallery-item elementor-animated-content\" href=\"https:\/\/bucurestizoo.ro\/wp-content\/uploads\/2025\/03\/Gasca-cu-cap-rosiatic-dt_3-Large.jpeg\" data-elementor-open-lightbox=\"yes\" data-elementor-lightbox-slideshow=\"63b93485\" data-elementor-lightbox-title=\"Ga\u0302sca cu cap ros\u0326iatic dt_3 Large\" data-e-action-hash=\"#elementor-action%3Aaction%3Dlightbox%26settings%3DeyJpZCI6MTM4MzksInVybCI6Imh0dHBzOlwvXC9idWN1cmVzdGl6b28ucm9cL3dwLWNvbnRlbnRcL3VwbG9hZHNcLzIwMjVcLzAzXC9HYXNjYS1jdS1jYXAtcm9zaWF0aWMtZHRfMy1MYXJnZS5qcGVnIiwic2xpZGVzaG93IjoiNjNiOTM0ODUifQ%3D%3D\">\n\t\t\t\t\t<div class=\"e-gallery-image elementor-gallery-item__image\" data-thumbnail=\"https:\/\/bucurestizoo.ro\/wp-content\/uploads\/2025\/03\/Gasca-cu-cap-rosiatic-dt_3-Large-1024x682.jpeg\" data-width=\"847\" data-height=\"564\" aria-label=\"\" role=\"img\" ><\/div>\n\t\t\t\t\t\t\t\t\t\t\t<div class=\"elementor-gallery-item__overlay\"><\/div>\n\t\t\t\t\t\t\t\t\t\t\t\t\t\t<\/a>\n\t\t\t\t\t<\/div>\n\t\t\t\t\t<\/div>\n\t\t\t\t<\/div>\n\t\t\t\t\t<\/div>\n\t\t\t\t<\/div>\n\t\t<div class=\"elementor-element elementor-element-2e50fd95 animated-slow e-flex e-con-boxed elementor-invisible e-con e-parent\" data-id=\"2e50fd95\" data-element_type=\"container\" data-e-type=\"container\" data-settings=\"{&quot;animation&quot;:&quot;fadeInRight&quot;}\">\n\t\t\t\t\t<div class=\"e-con-inner\">\n\t\t\t\t<div class=\"elementor-element elementor-element-73ba50bf elementor-widget elementor-widget-heading\" data-id=\"73ba50bf\" data-element_type=\"widget\" data-e-type=\"widget\" data-widget_type=\"heading.default\">\n\t\t\t\t<div class=\"elementor-widget-container\">\n\t\t\t\t\t<h1 class=\"elementor-heading-title elementor-size-default\">Habitat:<\/h1>\t\t\t\t<\/div>\n\t\t\t\t<\/div>\n\t\t\t\t<div class=\"elementor-element elementor-element-cf23861 elementor-widget elementor-widget-text-editor\" data-id=\"cf23861\" data-element_type=\"widget\" data-e-type=\"widget\" data-widget_type=\"text-editor.default\">\n\t\t\t\t<div class=\"elementor-widget-container\">\n\t\t\t\t\t\t\t\t\t<p>Prefer\u0103 paji\u0219tile de coast\u0103, zonele ml\u0103\u0219tinoase \u0219i tundra patagonian\u0103, unde g\u0103se\u0219te vegeta\u021bie bogat\u0103 pentru hr\u0103nire. Pe Insulele Falkland, unde popula\u021bia este mai numeroas\u0103, tr\u0103ie\u0219te \u00een zonele joase cu vegeta\u021bie deas\u0103 \u0219i cu acces la ap\u0103 dulce.<\/p>\t\t\t\t\t\t\t\t<\/div>\n\t\t\t\t<\/div>\n\t\t\t\t\t<\/div>\n\t\t\t\t<\/div>\n\t\t<div class=\"elementor-element elementor-element-7d5190f5 e-grid e-con-boxed e-con e-parent\" data-id=\"7d5190f5\" data-element_type=\"container\" data-e-type=\"container\">\n\t\t\t\t\t<div class=\"e-con-inner\">\n\t\t<div class=\"elementor-element elementor-element-21a30adb e-con-full animated-slow e-flex elementor-invisible e-con e-child\" data-id=\"21a30adb\" data-element_type=\"container\" data-e-type=\"container\" data-settings=\"{&quot;animation&quot;:&quot;fadeInLeft&quot;}\">\n\t\t\t\t<div class=\"elementor-element elementor-element-78882df5 elementor-widget elementor-widget-heading\" data-id=\"78882df5\" data-element_type=\"widget\" data-e-type=\"widget\" data-widget_type=\"heading.default\">\n\t\t\t\t<div class=\"elementor-widget-container\">\n\t\t\t\t\t<h1 class=\"elementor-heading-title elementor-size-default\">Hran\u0103:<\/h1>\t\t\t\t<\/div>\n\t\t\t\t<\/div>\n\t\t\t\t<div class=\"elementor-element elementor-element-3ee1374f elementor-widget elementor-widget-text-editor\" data-id=\"3ee1374f\" data-element_type=\"widget\" data-e-type=\"widget\" data-widget_type=\"text-editor.default\">\n\t\t\t\t<div class=\"elementor-widget-container\">\n\t\t\t\t\t\t\t\t\t<p>Dieta este exclusiv erbivor\u0103 \u0219i include:<\/p><ul><li>Ierburi de coast\u0103 \u2013 principala surs\u0103 de hran\u0103 \u00een timpul verii.<\/li><li>Mu\u0219chi \u0219i licheni \u2013 \u00een special \u00een zonele montane.<\/li><li>Frunze \u0219i r\u0103d\u0103cini \u2013 consumate \u00een timpul sezonului rece.<\/li><\/ul>\t\t\t\t\t\t\t\t<\/div>\n\t\t\t\t<\/div>\n\t\t\t\t<\/div>\n\t\t<div class=\"elementor-element elementor-element-58701557 e-con-full animated-slow e-flex elementor-invisible e-con e-child\" data-id=\"58701557\" data-element_type=\"container\" data-e-type=\"container\" data-settings=\"{&quot;animation&quot;:&quot;fadeInRight&quot;}\">\n\t\t\t\t<div class=\"elementor-element elementor-element-14b94199 elementor-widget elementor-widget-heading\" data-id=\"14b94199\" data-element_type=\"widget\" data-e-type=\"widget\" data-widget_type=\"heading.default\">\n\t\t\t\t<div class=\"elementor-widget-container\">\n\t\t\t\t\t<h1 class=\"elementor-heading-title elementor-size-default\">Conservare:<\/h1>\t\t\t\t<\/div>\n\t\t\t\t<\/div>\n\t\t\t\t<div class=\"elementor-element elementor-element-7a62a438 elementor-widget elementor-widget-text-editor\" data-id=\"7a62a438\" data-element_type=\"widget\" data-e-type=\"widget\" data-widget_type=\"text-editor.default\">\n\t\t\t\t<div class=\"elementor-widget-container\">\n\t\t\t\t\t\t\t\t\t<p>Clasificat\u0103 ca aproape amenin\u021bat\u0103 (NT \u2013 Near Threatened), aceast\u0103 g\u00e2sc\u0103 se confrunt\u0103 cu mai multe probleme, printre care:<\/p><ul><li>Degradarea habitatului din cauza activit\u0103\u021bilor agricole \u0219i a cre\u0219terii oilor.<\/li><li>V\u00e2n\u0103toarea ilegal\u0103 \u2013 mai ales \u00een zonele de iernare.<\/li><li>Specii invazive \u2013 cum ar fi vulpile \u0219i pisicile s\u0103lbatice, care atac\u0103 puii.\u00a0<\/li><\/ul><p>Programele de conservare includ protejarea zonelor de reproducere \u0219i restric\u021bionarea v\u00e2n\u0103torii \u00een regiuni critice.<\/p>\t\t\t\t\t\t\t\t<\/div>\n\t\t\t\t<\/div>\n\t\t\t\t<\/div>\n\t\t\t\t\t<\/div>\n\t\t\t\t<\/div>\n\t\t\t\t<\/div>","protected":false},"excerpt":{"rendered":"<p>G\u00e2sca cu Cap Ro\u0219iatic Denumire \u0219tiin\u021bific\u0103: Chloephaga rubidicepsOrdin: AnseriformesFamilie: AnatidaeGen: ChloephagaSpecie: Chloephaga rubidicepsDistribu\u021bie: Sudul Americii de Sud \u2013 Argentina, Chile, Insulele FalklandDimensiuni: 55-65 cm lungime, anvergura aripilor 95-110 cmGreutate: 1,5-2,5 kgPerioada de incuba\u021bie: 28-30 zileNum\u0103r de pui: 4-6 ou\u0103Speran\u021b\u0103 de via\u021b\u0103: 10-15 ani \u00een s\u0103lb\u0103ticie General: Aceast\u0103 g\u00e2sc\u0103 este una dintre cele mai colorate specii &hellip; <a href=\"https:\/\/bucurestizoo.ro\/en\/gasca-cu-cap-rosiatic\/\" class=\"more-link\">Continue reading <span class=\"screen-reader-text\">G\u00e2sca cu Cap Ro\u0219iatic<\/span><\/a><\/p>","protected":false},"author":1,"featured_media":0,"parent":0,"menu_order":0,"comment_status":"closed","ping_status":"closed","template":"","meta":{"_monsterinsights_skip_tracking":false,"_monsterinsights_sitenote_active":false,"_monsterinsights_sitenote_note":"","_monsterinsights_sitenote_category":0,"footnotes":""},"class_list":["post-13837","page","type-page","status-publish","hentry"],"aioseo_notices":[],"_links":{"self":[{"href":"https:\/\/bucurestizoo.ro\/en\/wp-json\/wp\/v2\/pages\/13837","targetHints":{"allow":["GET"]}}],"collection":[{"href":"https:\/\/bucurestizoo.ro\/en\/wp-json\/wp\/v2\/pages"}],"about":[{"href":"https:\/\/bucurestizoo.ro\/en\/wp-json\/wp\/v2\/types\/page"}],"author":[{"embeddable":true,"href":"https:\/\/bucurestizoo.ro\/en\/wp-json\/wp\/v2\/users\/1"}],"replies":[{"embeddable":true,"href":"https:\/\/bucurestizoo.ro\/en\/wp-json\/wp\/v2\/comments?post=13837"}],"version-history":[{"count":4,"href":"https:\/\/bucurestizoo.ro\/en\/wp-json\/wp\/v2\/pages\/13837\/revisions"}],"predecessor-version":[{"id":13844,"href":"https:\/\/bucurestizoo.ro\/en\/wp-json\/wp\/v2\/pages\/13837\/revisions\/13844"}],"wp:attachment":[{"href":"https:\/\/bucurestizoo.ro\/en\/wp-json\/wp\/v2\/media?parent=13837"}],"curies":[{"name":"wp","href":"https:\/\/api.w.org\/{rel}","templated":true}]}}